{"id":280047,"date":"2021-10-21T10:18:54","date_gmt":"2021-10-21T08:18:54","guid":{"rendered":"https:\/\/miomiorun.com\/prodotto\/ironman-heel-cushions-gel\/"},"modified":"2026-03-28T11:41:46","modified_gmt":"2026-03-28T10:41:46","slug":"ironman-heel-cushions-gel","status":"publish","type":"product","link":"https:\/\/www.miomiorun.com\/fr\/produit\/ironman-heel-cushions-gel\/","title":{"rendered":"Heel Cushions Gel"},"content":{"rendered":"<div class=\"vc-row container\"><div class=\"vc-column\"><div class=\"vc-column-text\">Les coussinets pour talons IronMan Heel Cushions Gel sont con\u00e7us pour offrir un confort sup\u00e9rieur et un excellent soutien tout au long de la journ\u00e9e. Ces coussinets sont id\u00e9aux pour les personnes souffrant de douleurs aux talons, de fasciite plantaire ou qui souhaitent simplement b\u00e9n\u00e9ficier d&#8217;un amorti suppl\u00e9mentaire lors de leurs activit\u00e9s quotidiennes. Fabriqu\u00e9s \u00e0 partir d&#8217;un gel de haute qualit\u00e9, ils offrent un amorti souple mais r\u00e9sistant, r\u00e9duisant l&#8217;impact sur le talon et soulageant la pression. Parfaits pour un usage quotidien, ils s&#8217;ins\u00e8rent facilement dans tout type de chaussures, des chaussures de sport aux chaussures \u00e9l\u00e9gantes.<\/p>\n<p><strong>Caract\u00e9ristiques techniques :<\/strong><\/p>\n<ul>\n<li><strong>Mat\u00e9riau :<\/strong> Gel de haute qualit\u00e9 pour un amorti durable et confortable.\n<li><strong>Dimensions :<\/strong> Universelles, elles s&#8217;adaptent \u00e0 la plupart des chaussures.<\/li>\n<li><strong>\u00c9paisseur :<\/strong> Con\u00e7ues pour offrir un confort maximal sans alt\u00e9rer l&#8217;ajustement de la chaussure.<\/li>\n<li><strong>Conception :<\/strong> Ergonomique, s&#8217;adapte parfaitement \u00e0 la forme du talon pour un soutien optimal.\n<li><strong>Utilisation :<\/strong> Convient aux baskets, chaussures de travail, chaussures d\u00e9contract\u00e9es et chaussures \u00e9l\u00e9gantes.\n<li><strong>Avantages :<\/strong> R\u00e9duit l&#8217;impact et la pression sur le talon, soulage la douleur associ\u00e9e \u00e0 la fasciite plantaire et \u00e0 d&#8217;autres troubles du pied.\n<li><strong>Entretien :<\/strong> Facile \u00e0 nettoyer avec un chiffon humide.\n<\/li>\n<\/li>\n<\/li>\n<\/li>\n<\/li>\n<\/ul>\n<p>Les coussinets en gel IronMan Heel Cushions sont la solution id\u00e9ale pour ceux qui recherchent un confort et un soutien suppl\u00e9mentaires pour leurs talons, garantissant une marche plus confortable et sans douleur.<\/div><\/div><\/div>\n","protected":false},"excerpt":{"rendered":"","protected":false},"featured_media":234171,"template":"","meta":{"_acf_changed":false,"inline_featured_image":false},"product_brand":[],"product_cat":[22584,22538],"product_tag":[23476],"class_list":{"0":"post-280047","1":"product","2":"type-product","3":"status-publish","4":"has-post-thumbnail","6":"product_cat-semelles","7":"product_cat-accessoires","8":"product_tag-ironman-fr","9":"pa_attivita-fitness-fr","10":"pa_attivita-lifestyle-fr","11":"pa_attivita-marcher","12":"pa_attivita-outdoor-fr","13":"pa_marca-ironman-fr","14":"pa_sesso-femme","15":"pa_sesso-homme","17":"first","18":"outofstock","19":"sale","20":"taxable","21":"shipping-taxable","22":"purchasable","23":"product-type-simple"},"acf":[],"yoast_head":"<!-- This site is optimized with the Yoast SEO plugin v26.8 - https:\/\/yoast.com\/product\/yoast-seo-wordpress\/ -->\n<title>IronMan Heel Cushions Gel - Semelles de course \u00e0 pied- MioMioRun<\/title>\n<meta name=\"description\" content=\"IronMan Heel Cushions Gel est une protection pour les talons qui offre un amorti maximal et concentre l&#039;\u00e9nergie l\u00e0 o\u00f9 elle est le plus n\u00e9cessaire.\" \/>\n<meta name=\"robots\" content=\"index, follow, max-snippet:-1, max-image-preview:large, max-video-preview:-1\" \/>\n<link rel=\"canonical\" href=\"https:\/\/www.miomiorun.com\/fr\/produit\/ironman-heel-cushions-gel\/\" \/>\n<meta property=\"og:locale\" content=\"fr_FR\" \/>\n<meta property=\"og:type\" content=\"article\" \/>\n<meta property=\"og:title\" content=\"IronMan Heel Cushions Gel - Semelles de course \u00e0 pied- MioMioRun\" \/>\n<meta property=\"og:description\" content=\"IronMan Heel Cushions Gel est une protection pour les talons qui offre un amorti maximal et concentre l&#039;\u00e9nergie l\u00e0 o\u00f9 elle est le plus n\u00e9cessaire.\" \/>\n<meta property=\"og:url\" content=\"https:\/\/www.miomiorun.com\/fr\/produit\/ironman-heel-cushions-gel\/\" \/>\n<meta property=\"og:site_name\" content=\"MioMioRun\" \/>\n<meta property=\"article:publisher\" content=\"https:\/\/www.facebook.com\/miomiorun\/\" \/>\n<meta property=\"article:modified_time\" content=\"2026-03-28T10:41:46+00:00\" \/>\n<meta property=\"og:image\" content=\"https:\/\/www.miomiorun.com\/app\/uploads\/2021\/10\/IronMan-Heel-Cushions-Gel-S60-004.jpg\" \/>\n\t<meta property=\"og:image:width\" content=\"600\" \/>\n\t<meta property=\"og:image:height\" content=\"600\" \/>\n\t<meta property=\"og:image:type\" content=\"image\/jpeg\" \/>\n<meta name=\"twitter:card\" content=\"summary_large_image\" \/>\n<meta name=\"twitter:label1\" content=\"Est. reading time\" \/>\n\t<meta name=\"twitter:data1\" content=\"1 minute\" \/>\n<script type=\"application\/ld+json\" class=\"yoast-schema-graph\">{\"@context\":\"https:\/\/schema.org\",\"@graph\":[{\"@type\":\"WebPage\",\"@id\":\"https:\/\/www.miomiorun.com\/fr\/produit\/ironman-heel-cushions-gel\/\",\"url\":\"https:\/\/www.miomiorun.com\/fr\/produit\/ironman-heel-cushions-gel\/\",\"name\":\"IronMan Heel Cushions Gel - Semelles de course \u00e0 pied- MioMioRun\",\"isPartOf\":{\"@id\":\"https:\/\/www.miomiorun.com\/fr\/#website\"},\"primaryImageOfPage\":{\"@id\":\"https:\/\/www.miomiorun.com\/fr\/produit\/ironman-heel-cushions-gel\/#primaryimage\"},\"image\":{\"@id\":\"https:\/\/www.miomiorun.com\/fr\/produit\/ironman-heel-cushions-gel\/#primaryimage\"},\"thumbnailUrl\":\"https:\/\/www.miomiorun.com\/app\/uploads\/2021\/10\/IronMan-Heel-Cushions-Gel-S60-004.jpg\",\"datePublished\":\"2021-10-21T08:18:54+00:00\",\"dateModified\":\"2026-03-28T10:41:46+00:00\",\"description\":\"IronMan Heel Cushions Gel est une protection pour les talons qui offre un amorti maximal et concentre l'\u00e9nergie l\u00e0 o\u00f9 elle est le plus n\u00e9cessaire.\",\"breadcrumb\":{\"@id\":\"https:\/\/www.miomiorun.com\/fr\/produit\/ironman-heel-cushions-gel\/#breadcrumb\"},\"inLanguage\":\"fr-FR\",\"potentialAction\":[{\"@type\":\"ReadAction\",\"target\":[\"https:\/\/www.miomiorun.com\/fr\/produit\/ironman-heel-cushions-gel\/\"]}]},{\"@type\":\"ImageObject\",\"inLanguage\":\"fr-FR\",\"@id\":\"https:\/\/www.miomiorun.com\/fr\/produit\/ironman-heel-cushions-gel\/#primaryimage\",\"url\":\"https:\/\/www.miomiorun.com\/app\/uploads\/2021\/10\/IronMan-Heel-Cushions-Gel-S60-004.jpg\",\"contentUrl\":\"https:\/\/www.miomiorun.com\/app\/uploads\/2021\/10\/IronMan-Heel-Cushions-Gel-S60-004.jpg\",\"width\":600,\"height\":600,\"caption\":\"IronMan heel cushions gel\"},{\"@type\":\"BreadcrumbList\",\"@id\":\"https:\/\/www.miomiorun.com\/fr\/produit\/ironman-heel-cushions-gel\/#breadcrumb\",\"itemListElement\":[{\"@type\":\"ListItem\",\"position\":1,\"name\":\"Home\",\"item\":\"https:\/\/www.miomiorun.com\/fr\/home-page\/\"},{\"@type\":\"ListItem\",\"position\":2,\"name\":\"Shop\",\"item\":\"https:\/\/www.miomiorun.com\/shop\/\"},{\"@type\":\"ListItem\",\"position\":3,\"name\":\"Heel Cushions Gel\"}]},{\"@type\":\"WebSite\",\"@id\":\"https:\/\/www.miomiorun.com\/fr\/#website\",\"url\":\"https:\/\/www.miomiorun.com\/fr\/\",\"name\":\"MioMioRun\",\"description\":\"Boutique 100% running et trail\",\"publisher\":{\"@id\":\"https:\/\/www.miomiorun.com\/fr\/#organization\"},\"potentialAction\":[{\"@type\":\"SearchAction\",\"target\":{\"@type\":\"EntryPoint\",\"urlTemplate\":\"https:\/\/www.miomiorun.com\/fr\/?s={search_term_string}\"},\"query-input\":{\"@type\":\"PropertyValueSpecification\",\"valueRequired\":true,\"valueName\":\"search_term_string\"}}],\"inLanguage\":\"fr-FR\"},{\"@type\":\"Organization\",\"@id\":\"https:\/\/www.miomiorun.com\/fr\/#organization\",\"name\":\"MioMio Run\",\"url\":\"https:\/\/www.miomiorun.com\/fr\/\",\"logo\":{\"@type\":\"ImageObject\",\"inLanguage\":\"fr-FR\",\"@id\":\"https:\/\/www.miomiorun.com\/fr\/#\/schema\/logo\/image\/\",\"url\":\"https:\/\/www.miomiorun.com\/app\/uploads\/2019\/12\/logomio.png\",\"contentUrl\":\"https:\/\/www.miomiorun.com\/app\/uploads\/2019\/12\/logomio.png\",\"width\":115,\"height\":82,\"caption\":\"MioMio Run\"},\"image\":{\"@id\":\"https:\/\/www.miomiorun.com\/fr\/#\/schema\/logo\/image\/\"},\"sameAs\":[\"https:\/\/www.facebook.com\/miomiorun\/\",\"https:\/\/www.instagram.com\/miomiorun\/\"]}]}<\/script>\n<!-- \/ Yoast SEO plugin. -->","yoast_head_json":{"title":"IronMan Heel Cushions Gel - Semelles de course \u00e0 pied- MioMioRun","description":"IronMan Heel Cushions Gel est une protection pour les talons qui offre un amorti maximal et concentre l'\u00e9nergie l\u00e0 o\u00f9 elle est le plus n\u00e9cessaire.","robots":{"index":"index","follow":"follow","max-snippet":"max-snippet:-1","max-image-preview":"max-image-preview:large","max-video-preview":"max-video-preview:-1"},"canonical":"https:\/\/www.miomiorun.com\/fr\/produit\/ironman-heel-cushions-gel\/","og_locale":"fr_FR","og_type":"article","og_title":"IronMan Heel Cushions Gel - Semelles de course \u00e0 pied- MioMioRun","og_description":"IronMan Heel Cushions Gel est une protection pour les talons qui offre un amorti maximal et concentre l'\u00e9nergie l\u00e0 o\u00f9 elle est le plus n\u00e9cessaire.","og_url":"https:\/\/www.miomiorun.com\/fr\/produit\/ironman-heel-cushions-gel\/","og_site_name":"MioMioRun","article_publisher":"https:\/\/www.facebook.com\/miomiorun\/","article_modified_time":"2026-03-28T10:41:46+00:00","og_image":[{"width":600,"height":600,"url":"https:\/\/www.miomiorun.com\/app\/uploads\/2021\/10\/IronMan-Heel-Cushions-Gel-S60-004.jpg","type":"image\/jpeg"}],"twitter_card":"summary_large_image","twitter_misc":{"Est. reading time":"1 minute"},"schema":{"@context":"https:\/\/schema.org","@graph":[{"@type":"WebPage","@id":"https:\/\/www.miomiorun.com\/fr\/produit\/ironman-heel-cushions-gel\/","url":"https:\/\/www.miomiorun.com\/fr\/produit\/ironman-heel-cushions-gel\/","name":"IronMan Heel Cushions Gel - Semelles de course \u00e0 pied- MioMioRun","isPartOf":{"@id":"https:\/\/www.miomiorun.com\/fr\/#website"},"primaryImageOfPage":{"@id":"https:\/\/www.miomiorun.com\/fr\/produit\/ironman-heel-cushions-gel\/#primaryimage"},"image":{"@id":"https:\/\/www.miomiorun.com\/fr\/produit\/ironman-heel-cushions-gel\/#primaryimage"},"thumbnailUrl":"https:\/\/www.miomiorun.com\/app\/uploads\/2021\/10\/IronMan-Heel-Cushions-Gel-S60-004.jpg","datePublished":"2021-10-21T08:18:54+00:00","dateModified":"2026-03-28T10:41:46+00:00","description":"IronMan Heel Cushions Gel est une protection pour les talons qui offre un amorti maximal et concentre l'\u00e9nergie l\u00e0 o\u00f9 elle est le plus n\u00e9cessaire.","breadcrumb":{"@id":"https:\/\/www.miomiorun.com\/fr\/produit\/ironman-heel-cushions-gel\/#breadcrumb"},"inLanguage":"fr-FR","potentialAction":[{"@type":"ReadAction","target":["https:\/\/www.miomiorun.com\/fr\/produit\/ironman-heel-cushions-gel\/"]}]},{"@type":"ImageObject","inLanguage":"fr-FR","@id":"https:\/\/www.miomiorun.com\/fr\/produit\/ironman-heel-cushions-gel\/#primaryimage","url":"https:\/\/www.miomiorun.com\/app\/uploads\/2021\/10\/IronMan-Heel-Cushions-Gel-S60-004.jpg","contentUrl":"https:\/\/www.miomiorun.com\/app\/uploads\/2021\/10\/IronMan-Heel-Cushions-Gel-S60-004.jpg","width":600,"height":600,"caption":"IronMan heel cushions gel"},{"@type":"BreadcrumbList","@id":"https:\/\/www.miomiorun.com\/fr\/produit\/ironman-heel-cushions-gel\/#breadcrumb","itemListElement":[{"@type":"ListItem","position":1,"name":"Home","item":"https:\/\/www.miomiorun.com\/fr\/home-page\/"},{"@type":"ListItem","position":2,"name":"Shop","item":"https:\/\/www.miomiorun.com\/shop\/"},{"@type":"ListItem","position":3,"name":"Heel Cushions Gel"}]},{"@type":"WebSite","@id":"https:\/\/www.miomiorun.com\/fr\/#website","url":"https:\/\/www.miomiorun.com\/fr\/","name":"MioMioRun","description":"Boutique 100% running et trail","publisher":{"@id":"https:\/\/www.miomiorun.com\/fr\/#organization"},"potentialAction":[{"@type":"SearchAction","target":{"@type":"EntryPoint","urlTemplate":"https:\/\/www.miomiorun.com\/fr\/?s={search_term_string}"},"query-input":{"@type":"PropertyValueSpecification","valueRequired":true,"valueName":"search_term_string"}}],"inLanguage":"fr-FR"},{"@type":"Organization","@id":"https:\/\/www.miomiorun.com\/fr\/#organization","name":"MioMio Run","url":"https:\/\/www.miomiorun.com\/fr\/","logo":{"@type":"ImageObject","inLanguage":"fr-FR","@id":"https:\/\/www.miomiorun.com\/fr\/#\/schema\/logo\/image\/","url":"https:\/\/www.miomiorun.com\/app\/uploads\/2019\/12\/logomio.png","contentUrl":"https:\/\/www.miomiorun.com\/app\/uploads\/2019\/12\/logomio.png","width":115,"height":82,"caption":"MioMio Run"},"image":{"@id":"https:\/\/www.miomiorun.com\/fr\/#\/schema\/logo\/image\/"},"sameAs":["https:\/\/www.facebook.com\/miomiorun\/","https:\/\/www.instagram.com\/miomiorun\/"]}]}},"_links":{"self":[{"href":"https:\/\/www.miomiorun.com\/fr\/wp-json\/wp\/v2\/product\/280047","targetHints":{"allow":["GET"]}}],"collection":[{"href":"https:\/\/www.miomiorun.com\/fr\/wp-json\/wp\/v2\/product"}],"about":[{"href":"https:\/\/www.miomiorun.com\/fr\/wp-json\/wp\/v2\/types\/product"}],"wp:featuredmedia":[{"embeddable":true,"href":"https:\/\/www.miomiorun.com\/fr\/wp-json\/wp\/v2\/media\/234171"}],"wp:attachment":[{"href":"https:\/\/www.miomiorun.com\/fr\/wp-json\/wp\/v2\/media?parent=280047"}],"wp:term":[{"taxonomy":"product_brand","embeddable":true,"href":"https:\/\/www.miomiorun.com\/fr\/wp-json\/wp\/v2\/product_brand?post=280047"},{"taxonomy":"product_cat","embeddable":true,"href":"https:\/\/www.miomiorun.com\/fr\/wp-json\/wp\/v2\/product_cat?post=280047"},{"taxonomy":"product_tag","embeddable":true,"href":"https:\/\/www.miomiorun.com\/fr\/wp-json\/wp\/v2\/product_tag?post=280047"}],"curies":[{"name":"wp","href":"https:\/\/api.w.org\/{rel}","templated":true}]}}