{"id":280041,"date":"2021-10-26T11:32:43","date_gmt":"2021-10-26T09:32:43","guid":{"rendered":"https:\/\/miomiorun.com\/prodotto\/falke-ru-long-sleeve-shirt-uomo\/"},"modified":"2025-12-23T11:07:51","modified_gmt":"2025-12-23T10:07:51","slug":"falke-ru-long-sleeve-shirt-homme","status":"publish","type":"product","link":"https:\/\/www.miomiorun.com\/fr\/produit\/falke-ru-long-sleeve-shirt-homme\/","title":{"rendered":"Ru Long Sleeve Shirt homme"},"content":{"rendered":"<p><div class=\"vc-row container\"><div class=\"vc-column\"><div class=\"vc-column-text\"><\/p>\n<p id=\"tw-target-text\" class=\"tw-data-text tw-text-large XcVN5d tw-ta\" dir=\"ltr\" data-placeholder=\"Traduzione\"><span class=\"Y2IQFc\" lang=\"it\">Ce maillot \u00e0 manches longues pour homme est ajust\u00e9 et vous garde au chaud et au sec lorsque vous pratiquez des activit\u00e9s intenses dans des conditions climatiques douces \u00e0 froides. La combinaison de mat\u00e9riaux chauffants de haute qualit\u00e9 garantit une meilleure \u00e9vacuation de l&#8217;humidit\u00e9 et une meilleure gestion thermique. De plus, sa coupe parfaite garantit une libert\u00e9 de mouvement maximale gr\u00e2ce \u00e0 des zones flexibles au niveau des \u00e9paules et des coudes. <\/span><\/p>\n<p dir=\"ltr\" data-placeholder=\"Traduzione\"><strong>Caract\u00e9ristiques :<\/strong><\/p>\n<ul>\n<li dir=\"ltr\" data-placeholder=\"Traduzione\"><span class=\"Y2IQFc\" lang=\"it\">Vous prot\u00e8ge des temp\u00e9ratures douces \u00e0 froides. <\/span><\/li>\n<li dir=\"ltr\" data-placeholder=\"Traduzione\"><span class=\"Y2IQFc\" lang=\"it\">Garde le corps au chaud et au sec pendant les activit\u00e9s les plus intenses.<\/span><\/li>\n<li dir=\"ltr\" data-placeholder=\"Traduzione\"><span class=\"Y2IQFc\" lang=\"it\">R\u00e9gulation parfaite de l&#8217;humidit\u00e9 et de la temp\u00e9rature gr\u00e2ce \u00e0 la structure double couche.<\/span><\/li>\n<li dir=\"ltr\" data-placeholder=\"Traduzione\"><span class=\"Y2IQFc\" lang=\"it\">Combinaison de mat\u00e9riaux chauffants de haute qualit\u00e9. <\/span><\/li>\n<li dir=\"ltr\" data-placeholder=\"Traduzione\"><span class=\"Y2IQFc\" lang=\"it\">Maillot \u00e0 manches longues et coupe ajust\u00e9e.<\/span><\/li>\n<li dir=\"ltr\" data-placeholder=\"Traduzione\"><span class=\"Y2IQFc\" lang=\"it\">Coupe parfaite et libert\u00e9 de mouvement maximale gr\u00e2ce aux zones flexibles au niveau des \u00e9paules et des coudes.<\/span><\/li>\n<\/ul>\n<p><\/div> <\/div><\/div><div class=\"vc-row container\"><div class=\"vc-column\"><div class=\"vc-column-text\"><\/p>\n<div class=\"product-functional-symbols__image-container\"><img decoding=\"async\" class=\"product-functional-symbols__image aligncenter\" src=\"https:\/\/www.falke.com\/it_it\/9dd393d722265eb755772abd698b837041098075\/assets\/base\/staticImages\/functionalsymbols\/icon_feuchtigkeitsregulierend.svg\"><\/div>\n<div class=\"product-functional-symbols__name\" style=\"text-align: center\">R\u00e9gule l&#8217;humidit\u00e9<\/div>\n<p><\/div><\/div><div class=\"vc-column\"> <div class=\"vc-column-text\"><\/p>\n<div class=\"product-functional-symbols__image-container\"><img decoding=\"async\" class=\"product-functional-symbols__image aligncenter\" src=\"https:\/\/www.falke.com\/it_it\/9dd393d722265eb755772abd698b837041098075\/assets\/base\/staticImages\/functionalsymbols\/icon_schnellste_ruecktrocknung.svg\"><\/div>\n<div class=\"product-functional-symbols__name\" style=\"text-align: center\">S\u00e9chage plus rapide<\/div>\n<p><\/div><\/div><\/div><div class=\"vc-row container\"><div class=\"vc-column\"><div class=\"vc-column-text\"><strong>Mat\u00e9riau<\/strong> : <span class=\"Y2IQFc\" lang=\"it\">69 % polyamide, 26 % polyester, 5 % \u00e9lasthanne<\/span><\/p>\n<p><strong>Col<\/strong> : Col en U.<\/p>\n<p><strong>Confort<\/strong> : Libert\u00e9 de mouvement.<\/p>\n<p><strong>Coupe<\/strong> : Ajust\u00e9e.<\/p>\n<p><strong>Longueur des manches<\/strong> : Manches longues.<\/p>\n<p><strong>Look<\/strong> : Sportif.<\/p>\n<p><strong>Utilisation :&nbsp;<\/strong>Comme sous-v\u00eatement.<\/div><\/div><\/div><\/p>\n","protected":false},"excerpt":{"rendered":"","protected":false},"featured_media":234303,"template":"","meta":{"_acf_changed":false,"inline_featured_image":false},"product_brand":[],"product_cat":[24485,22610,24431],"product_tag":[23482,23606],"class_list":{"0":"post-280041","1":"product","2":"type-product","3":"status-publish","4":"has-post-thumbnail","6":"product_cat-maillots-fr-3","7":"product_cat-offres","8":"product_cat-offres-pour-hommes","9":"product_tag-falke-fr","10":"product_tag-falke-homme","11":"pa_attivita-marcher","12":"pa_attivita-running-fr","13":"pa_marca-falke-fr","14":"pa_sesso-homme","15":"pa_size-small-fr","17":"first","18":"instock","19":"sale","20":"taxable","21":"shipping-taxable","22":"purchasable","23":"product-type-variable","24":"wvs-archive-product-wrapper"},"acf":[],"yoast_head":"<!-- This site is optimized with the Yoast SEO plugin v26.8 - https:\/\/yoast.com\/product\/yoast-seo-wordpress\/ -->\n<title>Falke Ru Long Sleeve Shirt homme - Maillot de course \u00e0 pied- MioMioRun.com<\/title>\n<meta name=\"description\" content=\"Ce t-shirt \u00e0 manches longues pour homme est ajust\u00e9 et vous garde au chaud et au sec lorsque vous pratiquez des activit\u00e9s intenses.\" \/>\n<meta name=\"robots\" content=\"index, follow, max-snippet:-1, max-image-preview:large, max-video-preview:-1\" \/>\n<link rel=\"canonical\" href=\"https:\/\/www.miomiorun.com\/fr\/produit\/falke-ru-long-sleeve-shirt-homme\/\" \/>\n<meta property=\"og:locale\" content=\"fr_FR\" \/>\n<meta property=\"og:type\" content=\"article\" \/>\n<meta property=\"og:title\" content=\"Falke Ru Long Sleeve Shirt homme - Maillot de course \u00e0 pied- MioMioRun.com\" \/>\n<meta property=\"og:description\" content=\"Ce t-shirt \u00e0 manches longues pour homme est ajust\u00e9 et vous garde au chaud et au sec lorsque vous pratiquez des activit\u00e9s intenses.\" \/>\n<meta property=\"og:url\" content=\"https:\/\/www.miomiorun.com\/fr\/produit\/falke-ru-long-sleeve-shirt-homme\/\" \/>\n<meta property=\"og:site_name\" content=\"MioMioRun\" \/>\n<meta property=\"article:publisher\" content=\"https:\/\/www.facebook.com\/miomiorun\/\" \/>\n<meta property=\"article:modified_time\" content=\"2025-12-23T10:07:51+00:00\" \/>\n<meta property=\"og:image\" content=\"https:\/\/www.miomiorun.com\/app\/uploads\/2021\/10\/falke-RU-LS-Shirt-38568-6451.jpg\" \/>\n\t<meta property=\"og:image:width\" content=\"600\" \/>\n\t<meta property=\"og:image:height\" content=\"600\" \/>\n\t<meta property=\"og:image:type\" content=\"image\/jpeg\" \/>\n<meta name=\"twitter:card\" content=\"summary_large_image\" \/>\n<meta name=\"twitter:label1\" content=\"Est. reading time\" \/>\n\t<meta name=\"twitter:data1\" content=\"1 minute\" \/>\n<script type=\"application\/ld+json\" class=\"yoast-schema-graph\">{\"@context\":\"https:\/\/schema.org\",\"@graph\":[{\"@type\":\"WebPage\",\"@id\":\"https:\/\/www.miomiorun.com\/fr\/produit\/falke-ru-long-sleeve-shirt-homme\/\",\"url\":\"https:\/\/www.miomiorun.com\/fr\/produit\/falke-ru-long-sleeve-shirt-homme\/\",\"name\":\"Falke Ru Long Sleeve Shirt homme - Maillot de course \u00e0 pied- MioMioRun.com\",\"isPartOf\":{\"@id\":\"https:\/\/www.miomiorun.com\/fr\/#website\"},\"primaryImageOfPage\":{\"@id\":\"https:\/\/www.miomiorun.com\/fr\/produit\/falke-ru-long-sleeve-shirt-homme\/#primaryimage\"},\"image\":{\"@id\":\"https:\/\/www.miomiorun.com\/fr\/produit\/falke-ru-long-sleeve-shirt-homme\/#primaryimage\"},\"thumbnailUrl\":\"https:\/\/www.miomiorun.com\/app\/uploads\/2021\/10\/falke-RU-LS-Shirt-38568-6451.jpg\",\"datePublished\":\"2021-10-26T09:32:43+00:00\",\"dateModified\":\"2025-12-23T10:07:51+00:00\",\"description\":\"Ce t-shirt \u00e0 manches longues pour homme est ajust\u00e9 et vous garde au chaud et au sec lorsque vous pratiquez des activit\u00e9s intenses.\",\"breadcrumb\":{\"@id\":\"https:\/\/www.miomiorun.com\/fr\/produit\/falke-ru-long-sleeve-shirt-homme\/#breadcrumb\"},\"inLanguage\":\"fr-FR\",\"potentialAction\":[{\"@type\":\"ReadAction\",\"target\":[\"https:\/\/www.miomiorun.com\/fr\/produit\/falke-ru-long-sleeve-shirt-homme\/\"]}]},{\"@type\":\"ImageObject\",\"inLanguage\":\"fr-FR\",\"@id\":\"https:\/\/www.miomiorun.com\/fr\/produit\/falke-ru-long-sleeve-shirt-homme\/#primaryimage\",\"url\":\"https:\/\/www.miomiorun.com\/app\/uploads\/2021\/10\/falke-RU-LS-Shirt-38568-6451.jpg\",\"contentUrl\":\"https:\/\/www.miomiorun.com\/app\/uploads\/2021\/10\/falke-RU-LS-Shirt-38568-6451.jpg\",\"width\":600,\"height\":600,\"caption\":\"falke ru long sleeve shirt\"},{\"@type\":\"BreadcrumbList\",\"@id\":\"https:\/\/www.miomiorun.com\/fr\/produit\/falke-ru-long-sleeve-shirt-homme\/#breadcrumb\",\"itemListElement\":[{\"@type\":\"ListItem\",\"position\":1,\"name\":\"Home\",\"item\":\"https:\/\/www.miomiorun.com\/fr\/home-page\/\"},{\"@type\":\"ListItem\",\"position\":2,\"name\":\"Shop\",\"item\":\"https:\/\/www.miomiorun.com\/shop\/\"},{\"@type\":\"ListItem\",\"position\":3,\"name\":\"Ru Long Sleeve Shirt homme\"}]},{\"@type\":\"WebSite\",\"@id\":\"https:\/\/www.miomiorun.com\/fr\/#website\",\"url\":\"https:\/\/www.miomiorun.com\/fr\/\",\"name\":\"MioMioRun\",\"description\":\"Boutique 100% running et trail\",\"publisher\":{\"@id\":\"https:\/\/www.miomiorun.com\/fr\/#organization\"},\"potentialAction\":[{\"@type\":\"SearchAction\",\"target\":{\"@type\":\"EntryPoint\",\"urlTemplate\":\"https:\/\/www.miomiorun.com\/fr\/?s={search_term_string}\"},\"query-input\":{\"@type\":\"PropertyValueSpecification\",\"valueRequired\":true,\"valueName\":\"search_term_string\"}}],\"inLanguage\":\"fr-FR\"},{\"@type\":\"Organization\",\"@id\":\"https:\/\/www.miomiorun.com\/fr\/#organization\",\"name\":\"MioMio Run\",\"url\":\"https:\/\/www.miomiorun.com\/fr\/\",\"logo\":{\"@type\":\"ImageObject\",\"inLanguage\":\"fr-FR\",\"@id\":\"https:\/\/www.miomiorun.com\/fr\/#\/schema\/logo\/image\/\",\"url\":\"https:\/\/www.miomiorun.com\/app\/uploads\/2019\/12\/logomio.png\",\"contentUrl\":\"https:\/\/www.miomiorun.com\/app\/uploads\/2019\/12\/logomio.png\",\"width\":115,\"height\":82,\"caption\":\"MioMio Run\"},\"image\":{\"@id\":\"https:\/\/www.miomiorun.com\/fr\/#\/schema\/logo\/image\/\"},\"sameAs\":[\"https:\/\/www.facebook.com\/miomiorun\/\",\"https:\/\/www.instagram.com\/miomiorun\/\"]}]}<\/script>\n<!-- \/ Yoast SEO plugin. -->","yoast_head_json":{"title":"Falke Ru Long Sleeve Shirt homme - Maillot de course \u00e0 pied- MioMioRun.com","description":"Ce t-shirt \u00e0 manches longues pour homme est ajust\u00e9 et vous garde au chaud et au sec lorsque vous pratiquez des activit\u00e9s intenses.","robots":{"index":"index","follow":"follow","max-snippet":"max-snippet:-1","max-image-preview":"max-image-preview:large","max-video-preview":"max-video-preview:-1"},"canonical":"https:\/\/www.miomiorun.com\/fr\/produit\/falke-ru-long-sleeve-shirt-homme\/","og_locale":"fr_FR","og_type":"article","og_title":"Falke Ru Long Sleeve Shirt homme - Maillot de course \u00e0 pied- MioMioRun.com","og_description":"Ce t-shirt \u00e0 manches longues pour homme est ajust\u00e9 et vous garde au chaud et au sec lorsque vous pratiquez des activit\u00e9s intenses.","og_url":"https:\/\/www.miomiorun.com\/fr\/produit\/falke-ru-long-sleeve-shirt-homme\/","og_site_name":"MioMioRun","article_publisher":"https:\/\/www.facebook.com\/miomiorun\/","article_modified_time":"2025-12-23T10:07:51+00:00","og_image":[{"width":600,"height":600,"url":"https:\/\/www.miomiorun.com\/app\/uploads\/2021\/10\/falke-RU-LS-Shirt-38568-6451.jpg","type":"image\/jpeg"}],"twitter_card":"summary_large_image","twitter_misc":{"Est. reading time":"1 minute"},"schema":{"@context":"https:\/\/schema.org","@graph":[{"@type":"WebPage","@id":"https:\/\/www.miomiorun.com\/fr\/produit\/falke-ru-long-sleeve-shirt-homme\/","url":"https:\/\/www.miomiorun.com\/fr\/produit\/falke-ru-long-sleeve-shirt-homme\/","name":"Falke Ru Long Sleeve Shirt homme - Maillot de course \u00e0 pied- MioMioRun.com","isPartOf":{"@id":"https:\/\/www.miomiorun.com\/fr\/#website"},"primaryImageOfPage":{"@id":"https:\/\/www.miomiorun.com\/fr\/produit\/falke-ru-long-sleeve-shirt-homme\/#primaryimage"},"image":{"@id":"https:\/\/www.miomiorun.com\/fr\/produit\/falke-ru-long-sleeve-shirt-homme\/#primaryimage"},"thumbnailUrl":"https:\/\/www.miomiorun.com\/app\/uploads\/2021\/10\/falke-RU-LS-Shirt-38568-6451.jpg","datePublished":"2021-10-26T09:32:43+00:00","dateModified":"2025-12-23T10:07:51+00:00","description":"Ce t-shirt \u00e0 manches longues pour homme est ajust\u00e9 et vous garde au chaud et au sec lorsque vous pratiquez des activit\u00e9s intenses.","breadcrumb":{"@id":"https:\/\/www.miomiorun.com\/fr\/produit\/falke-ru-long-sleeve-shirt-homme\/#breadcrumb"},"inLanguage":"fr-FR","potentialAction":[{"@type":"ReadAction","target":["https:\/\/www.miomiorun.com\/fr\/produit\/falke-ru-long-sleeve-shirt-homme\/"]}]},{"@type":"ImageObject","inLanguage":"fr-FR","@id":"https:\/\/www.miomiorun.com\/fr\/produit\/falke-ru-long-sleeve-shirt-homme\/#primaryimage","url":"https:\/\/www.miomiorun.com\/app\/uploads\/2021\/10\/falke-RU-LS-Shirt-38568-6451.jpg","contentUrl":"https:\/\/www.miomiorun.com\/app\/uploads\/2021\/10\/falke-RU-LS-Shirt-38568-6451.jpg","width":600,"height":600,"caption":"falke ru long sleeve shirt"},{"@type":"BreadcrumbList","@id":"https:\/\/www.miomiorun.com\/fr\/produit\/falke-ru-long-sleeve-shirt-homme\/#breadcrumb","itemListElement":[{"@type":"ListItem","position":1,"name":"Home","item":"https:\/\/www.miomiorun.com\/fr\/home-page\/"},{"@type":"ListItem","position":2,"name":"Shop","item":"https:\/\/www.miomiorun.com\/shop\/"},{"@type":"ListItem","position":3,"name":"Ru Long Sleeve Shirt homme"}]},{"@type":"WebSite","@id":"https:\/\/www.miomiorun.com\/fr\/#website","url":"https:\/\/www.miomiorun.com\/fr\/","name":"MioMioRun","description":"Boutique 100% running et trail","publisher":{"@id":"https:\/\/www.miomiorun.com\/fr\/#organization"},"potentialAction":[{"@type":"SearchAction","target":{"@type":"EntryPoint","urlTemplate":"https:\/\/www.miomiorun.com\/fr\/?s={search_term_string}"},"query-input":{"@type":"PropertyValueSpecification","valueRequired":true,"valueName":"search_term_string"}}],"inLanguage":"fr-FR"},{"@type":"Organization","@id":"https:\/\/www.miomiorun.com\/fr\/#organization","name":"MioMio Run","url":"https:\/\/www.miomiorun.com\/fr\/","logo":{"@type":"ImageObject","inLanguage":"fr-FR","@id":"https:\/\/www.miomiorun.com\/fr\/#\/schema\/logo\/image\/","url":"https:\/\/www.miomiorun.com\/app\/uploads\/2019\/12\/logomio.png","contentUrl":"https:\/\/www.miomiorun.com\/app\/uploads\/2019\/12\/logomio.png","width":115,"height":82,"caption":"MioMio Run"},"image":{"@id":"https:\/\/www.miomiorun.com\/fr\/#\/schema\/logo\/image\/"},"sameAs":["https:\/\/www.facebook.com\/miomiorun\/","https:\/\/www.instagram.com\/miomiorun\/"]}]}},"_links":{"self":[{"href":"https:\/\/www.miomiorun.com\/fr\/wp-json\/wp\/v2\/product\/280041","targetHints":{"allow":["GET"]}}],"collection":[{"href":"https:\/\/www.miomiorun.com\/fr\/wp-json\/wp\/v2\/product"}],"about":[{"href":"https:\/\/www.miomiorun.com\/fr\/wp-json\/wp\/v2\/types\/product"}],"wp:featuredmedia":[{"embeddable":true,"href":"https:\/\/www.miomiorun.com\/fr\/wp-json\/wp\/v2\/media\/234303"}],"wp:attachment":[{"href":"https:\/\/www.miomiorun.com\/fr\/wp-json\/wp\/v2\/media?parent=280041"}],"wp:term":[{"taxonomy":"product_brand","embeddable":true,"href":"https:\/\/www.miomiorun.com\/fr\/wp-json\/wp\/v2\/product_brand?post=280041"},{"taxonomy":"product_cat","embeddable":true,"href":"https:\/\/www.miomiorun.com\/fr\/wp-json\/wp\/v2\/product_cat?post=280041"},{"taxonomy":"product_tag","embeddable":true,"href":"https:\/\/www.miomiorun.com\/fr\/wp-json\/wp\/v2\/product_tag?post=280041"}],"curies":[{"name":"wp","href":"https:\/\/api.w.org\/{rel}","templated":true}]}}