{"id":279979,"date":"2021-09-18T12:14:10","date_gmt":"2021-09-18T10:14:10","guid":{"rendered":"https:\/\/miomiorun.com\/prodotto\/brooks-carbonite-jacket-donna\/"},"modified":"2026-05-08T21:12:15","modified_gmt":"2026-05-08T19:12:15","slug":"brooks-carbonite-jacket-femme","status":"publish","type":"product","link":"https:\/\/www.miomiorun.com\/fr\/produit\/brooks-carbonite-jacket-femme\/","title":{"rendered":"Carbonite jacket femme"},"content":{"rendered":"<p>La veste <strong>Carbonite<\/strong> pour femme est id\u00e9ale pour les sorties nocturnes par temps frais. Elle est \u00e9galement parfaite en cas de vent ou pour se prot\u00e9ger d&#8217;une pluie l\u00e9g\u00e8re.<\/p>\n<p>Elle peut \u00eatre port\u00e9e \u00e0 tout moment de la journ\u00e9e gr\u00e2ce \u00e0 sa visibilit\u00e9 \u00e0 360 degr\u00e9s.<\/p>\n<h3>Caract\u00e9ristiques :<\/h3>\n<h4 id=\"tw-target-text\" class=\"tw-data-text tw-text-large XcVN5d tw-ta\" dir=\"ltr\" data-placeholder=\"Traduzione\"><span class=\"Y2IQFc\" lang=\"it\">Visible dans l&#8217;obscurit\u00e9<\/span><\/h4>\n<p class=\"tw-data-text tw-text-large XcVN5d tw-ta\" dir=\"ltr\" data-placeholder=\"Traduzione\"><span class=\"Y2IQFc\" lang=\"it\">La r\u00e9flectivit\u00e9 3M\u2122 Scotchlite\u2122 Carbon Black Stretch dans les zones de mouvement critiques aide les conducteurs \u00e0 vous reconna\u00eetre en tant que coureur en mouvement jusqu&#8217;\u00e0 une distance de 600 pieds.<\/p>\n<h4 id=\"tw-target-text\" class=\"tw-data-text tw-text-large XcVN5d tw-ta\" dir=\"ltr\" data-placeholder=\"Traduzione\"><span class=\"Y2IQFc\" lang=\"it\">Rangement s\u00e9curis\u00e9<\/span><\/h4>\n<p class=\"tw-data-text tw-text-large XcVN5d tw-ta\" dir=\"ltr\" data-placeholder=\"Traduzione\"><span class=\"Y2IQFc\" lang=\"it\">Deux poches zipp\u00e9es pour les mains et une poche poitrine permettent de garder vos effets personnels \u00e0 port\u00e9e de main. Les poches sont dimensionn\u00e9es pour contenir des cl\u00e9s, de l&#8217;argent liquide, des cartes ou des gels \u00e9nerg\u00e9tiques. Certains t\u00e9l\u00e9phones peuvent y tenir, mais pas tous. <\/span><\/p>\n<h4><span class=\"Y2IQFc\" lang=\"it\">Protection contre le vent et l&#8217;eau<\/span><\/h4>\n<p><span class=\"Y2IQFc\" lang=\"it\">Le tissu respirant DriLayer\u00ae Seal \u00e9vacue l&#8217;exc\u00e8s de chaleur sans laisser entrer les \u00e9l\u00e9ments ext\u00e9rieurs. <\/span><\/p>\n<ul>\n<li><span class=\"Y2IQFc\" lang=\"it\">&nbsp;Capuche repliable et anti-rebond<\/span><\/li>\n<li><span class=\"Y2IQFc\" lang=\"it\">Les boutons-pression maintiennent la veste en place lorsqu&#8217;elle est ouverte pour permettre la ventilation<\/span><\/li>\n<\/ul>\n<p>&nbsp;<\/p>\n<p>&nbsp;<\/span><\/p>\n","protected":false},"excerpt":{"rendered":"<p>La veste Carbonite pour femme est id\u00e9ale pour les sorties nocturnes par temps frais. Elle est \u00e9galement parfaite en cas de vent ou pour se prot\u00e9ger d&#8217;une pluie l\u00e9g\u00e8re. Elle peut \u00eatre port\u00e9e \u00e0 tout moment de la journ\u00e9e gr\u00e2ce \u00e0 sa visibilit\u00e9 \u00e0 360 degr\u00e9s. Caract\u00e9ristiques : Visible dans l&#8217;obscurit\u00e9 La r\u00e9flectivit\u00e9 3M\u2122 Scotchlite\u2122 &hellip; <a href=\"https:\/\/www.miomiorun.com\/fr\/produit\/brooks-carbonite-jacket-femme\/\">Continued<\/a><\/p>\n","protected":false},"featured_media":233381,"template":"","meta":{"_acf_changed":false,"inline_featured_image":false},"product_brand":[],"product_cat":[22599,22596],"product_tag":[23462,23656],"class_list":{"0":"post-279979","1":"product","2":"type-product","3":"status-publish","4":"has-post-thumbnail","6":"product_cat-vestes","7":"product_cat-vetements-pour-femmes","8":"product_tag-brooks-fr","9":"product_tag-brooks-femme","10":"pa_attivita-marcher","11":"pa_attivita-running-fr","12":"pa_marca-brooks-fr","13":"pa_sesso-femme","14":"pa_size-extra-small-fr","15":"pa_size-small-fr","16":"pa_size-medium-fr","18":"first","19":"instock","20":"taxable","21":"shipping-taxable","22":"purchasable","23":"product-type-variable","24":"wvs-archive-product-wrapper"},"acf":[],"yoast_head":"<!-- This site is optimized with the Yoast SEO plugin v26.8 - https:\/\/yoast.com\/product\/yoast-seo-wordpress\/ -->\n<title>Brooks Carbonite jacket femme - Veste de course - MioMioRun<\/title>\n<meta name=\"description\" content=\"La veste Carbonite pour femme est id\u00e9ale pour les sorties nocturnes par temps frais.\" \/>\n<meta name=\"robots\" content=\"index, follow, max-snippet:-1, max-image-preview:large, max-video-preview:-1\" \/>\n<link rel=\"canonical\" href=\"https:\/\/www.miomiorun.com\/fr\/produit\/brooks-carbonite-jacket-femme\/\" \/>\n<meta property=\"og:locale\" content=\"fr_FR\" \/>\n<meta property=\"og:type\" content=\"article\" \/>\n<meta property=\"og:title\" content=\"Brooks Carbonite jacket femme - Veste de course - MioMioRun\" \/>\n<meta property=\"og:description\" content=\"La veste Carbonite pour femme est id\u00e9ale pour les sorties nocturnes par temps frais.\" \/>\n<meta property=\"og:url\" content=\"https:\/\/www.miomiorun.com\/fr\/produit\/brooks-carbonite-jacket-femme\/\" \/>\n<meta property=\"og:site_name\" content=\"MioMioRun\" \/>\n<meta property=\"article:publisher\" content=\"https:\/\/www.facebook.com\/miomiorun\/\" \/>\n<meta property=\"article:modified_time\" content=\"2026-05-08T19:12:15+00:00\" \/>\n<meta property=\"og:image\" content=\"https:\/\/www.miomiorun.com\/app\/uploads\/2021\/09\/brooks-carbonite-jacket-221493-030.jpg\" \/>\n\t<meta property=\"og:image:width\" content=\"600\" \/>\n\t<meta property=\"og:image:height\" content=\"600\" \/>\n\t<meta property=\"og:image:type\" content=\"image\/jpeg\" \/>\n<meta name=\"twitter:card\" content=\"summary_large_image\" \/>\n<meta name=\"twitter:label1\" content=\"Est. reading time\" \/>\n\t<meta name=\"twitter:data1\" content=\"1 minute\" \/>\n<script type=\"application\/ld+json\" class=\"yoast-schema-graph\">{\"@context\":\"https:\/\/schema.org\",\"@graph\":[{\"@type\":\"WebPage\",\"@id\":\"https:\/\/www.miomiorun.com\/fr\/produit\/brooks-carbonite-jacket-femme\/\",\"url\":\"https:\/\/www.miomiorun.com\/fr\/produit\/brooks-carbonite-jacket-femme\/\",\"name\":\"Brooks Carbonite jacket femme - Veste de course - MioMioRun\",\"isPartOf\":{\"@id\":\"https:\/\/www.miomiorun.com\/fr\/#website\"},\"primaryImageOfPage\":{\"@id\":\"https:\/\/www.miomiorun.com\/fr\/produit\/brooks-carbonite-jacket-femme\/#primaryimage\"},\"image\":{\"@id\":\"https:\/\/www.miomiorun.com\/fr\/produit\/brooks-carbonite-jacket-femme\/#primaryimage\"},\"thumbnailUrl\":\"https:\/\/www.miomiorun.com\/app\/uploads\/2021\/09\/brooks-carbonite-jacket-221493-030.jpg\",\"datePublished\":\"2021-09-18T10:14:10+00:00\",\"dateModified\":\"2026-05-08T19:12:15+00:00\",\"description\":\"La veste Carbonite pour femme est id\u00e9ale pour les sorties nocturnes par temps frais.\",\"breadcrumb\":{\"@id\":\"https:\/\/www.miomiorun.com\/fr\/produit\/brooks-carbonite-jacket-femme\/#breadcrumb\"},\"inLanguage\":\"fr-FR\",\"potentialAction\":[{\"@type\":\"ReadAction\",\"target\":[\"https:\/\/www.miomiorun.com\/fr\/produit\/brooks-carbonite-jacket-femme\/\"]}]},{\"@type\":\"ImageObject\",\"inLanguage\":\"fr-FR\",\"@id\":\"https:\/\/www.miomiorun.com\/fr\/produit\/brooks-carbonite-jacket-femme\/#primaryimage\",\"url\":\"https:\/\/www.miomiorun.com\/app\/uploads\/2021\/09\/brooks-carbonite-jacket-221493-030.jpg\",\"contentUrl\":\"https:\/\/www.miomiorun.com\/app\/uploads\/2021\/09\/brooks-carbonite-jacket-221493-030.jpg\",\"width\":600,\"height\":600,\"caption\":\"brooks-carbonite-jacket-221493-030\"},{\"@type\":\"BreadcrumbList\",\"@id\":\"https:\/\/www.miomiorun.com\/fr\/produit\/brooks-carbonite-jacket-femme\/#breadcrumb\",\"itemListElement\":[{\"@type\":\"ListItem\",\"position\":1,\"name\":\"Home\",\"item\":\"https:\/\/www.miomiorun.com\/fr\/home-page\/\"},{\"@type\":\"ListItem\",\"position\":2,\"name\":\"Shop\",\"item\":\"https:\/\/www.miomiorun.com\/shop\/\"},{\"@type\":\"ListItem\",\"position\":3,\"name\":\"Carbonite jacket femme\"}]},{\"@type\":\"WebSite\",\"@id\":\"https:\/\/www.miomiorun.com\/fr\/#website\",\"url\":\"https:\/\/www.miomiorun.com\/fr\/\",\"name\":\"MioMioRun\",\"description\":\"Boutique 100% running et trail\",\"publisher\":{\"@id\":\"https:\/\/www.miomiorun.com\/fr\/#organization\"},\"potentialAction\":[{\"@type\":\"SearchAction\",\"target\":{\"@type\":\"EntryPoint\",\"urlTemplate\":\"https:\/\/www.miomiorun.com\/fr\/?s={search_term_string}\"},\"query-input\":{\"@type\":\"PropertyValueSpecification\",\"valueRequired\":true,\"valueName\":\"search_term_string\"}}],\"inLanguage\":\"fr-FR\"},{\"@type\":\"Organization\",\"@id\":\"https:\/\/www.miomiorun.com\/fr\/#organization\",\"name\":\"MioMio Run\",\"url\":\"https:\/\/www.miomiorun.com\/fr\/\",\"logo\":{\"@type\":\"ImageObject\",\"inLanguage\":\"fr-FR\",\"@id\":\"https:\/\/www.miomiorun.com\/fr\/#\/schema\/logo\/image\/\",\"url\":\"https:\/\/www.miomiorun.com\/app\/uploads\/2019\/12\/logomio.png\",\"contentUrl\":\"https:\/\/www.miomiorun.com\/app\/uploads\/2019\/12\/logomio.png\",\"width\":115,\"height\":82,\"caption\":\"MioMio Run\"},\"image\":{\"@id\":\"https:\/\/www.miomiorun.com\/fr\/#\/schema\/logo\/image\/\"},\"sameAs\":[\"https:\/\/www.facebook.com\/miomiorun\/\",\"https:\/\/www.instagram.com\/miomiorun\/\"]}]}<\/script>\n<!-- \/ Yoast SEO plugin. -->","yoast_head_json":{"title":"Brooks Carbonite jacket femme - Veste de course - MioMioRun","description":"La veste Carbonite pour femme est id\u00e9ale pour les sorties nocturnes par temps frais.","robots":{"index":"index","follow":"follow","max-snippet":"max-snippet:-1","max-image-preview":"max-image-preview:large","max-video-preview":"max-video-preview:-1"},"canonical":"https:\/\/www.miomiorun.com\/fr\/produit\/brooks-carbonite-jacket-femme\/","og_locale":"fr_FR","og_type":"article","og_title":"Brooks Carbonite jacket femme - Veste de course - MioMioRun","og_description":"La veste Carbonite pour femme est id\u00e9ale pour les sorties nocturnes par temps frais.","og_url":"https:\/\/www.miomiorun.com\/fr\/produit\/brooks-carbonite-jacket-femme\/","og_site_name":"MioMioRun","article_publisher":"https:\/\/www.facebook.com\/miomiorun\/","article_modified_time":"2026-05-08T19:12:15+00:00","og_image":[{"width":600,"height":600,"url":"https:\/\/www.miomiorun.com\/app\/uploads\/2021\/09\/brooks-carbonite-jacket-221493-030.jpg","type":"image\/jpeg"}],"twitter_card":"summary_large_image","twitter_misc":{"Est. reading time":"1 minute"},"schema":{"@context":"https:\/\/schema.org","@graph":[{"@type":"WebPage","@id":"https:\/\/www.miomiorun.com\/fr\/produit\/brooks-carbonite-jacket-femme\/","url":"https:\/\/www.miomiorun.com\/fr\/produit\/brooks-carbonite-jacket-femme\/","name":"Brooks Carbonite jacket femme - Veste de course - MioMioRun","isPartOf":{"@id":"https:\/\/www.miomiorun.com\/fr\/#website"},"primaryImageOfPage":{"@id":"https:\/\/www.miomiorun.com\/fr\/produit\/brooks-carbonite-jacket-femme\/#primaryimage"},"image":{"@id":"https:\/\/www.miomiorun.com\/fr\/produit\/brooks-carbonite-jacket-femme\/#primaryimage"},"thumbnailUrl":"https:\/\/www.miomiorun.com\/app\/uploads\/2021\/09\/brooks-carbonite-jacket-221493-030.jpg","datePublished":"2021-09-18T10:14:10+00:00","dateModified":"2026-05-08T19:12:15+00:00","description":"La veste Carbonite pour femme est id\u00e9ale pour les sorties nocturnes par temps frais.","breadcrumb":{"@id":"https:\/\/www.miomiorun.com\/fr\/produit\/brooks-carbonite-jacket-femme\/#breadcrumb"},"inLanguage":"fr-FR","potentialAction":[{"@type":"ReadAction","target":["https:\/\/www.miomiorun.com\/fr\/produit\/brooks-carbonite-jacket-femme\/"]}]},{"@type":"ImageObject","inLanguage":"fr-FR","@id":"https:\/\/www.miomiorun.com\/fr\/produit\/brooks-carbonite-jacket-femme\/#primaryimage","url":"https:\/\/www.miomiorun.com\/app\/uploads\/2021\/09\/brooks-carbonite-jacket-221493-030.jpg","contentUrl":"https:\/\/www.miomiorun.com\/app\/uploads\/2021\/09\/brooks-carbonite-jacket-221493-030.jpg","width":600,"height":600,"caption":"brooks-carbonite-jacket-221493-030"},{"@type":"BreadcrumbList","@id":"https:\/\/www.miomiorun.com\/fr\/produit\/brooks-carbonite-jacket-femme\/#breadcrumb","itemListElement":[{"@type":"ListItem","position":1,"name":"Home","item":"https:\/\/www.miomiorun.com\/fr\/home-page\/"},{"@type":"ListItem","position":2,"name":"Shop","item":"https:\/\/www.miomiorun.com\/shop\/"},{"@type":"ListItem","position":3,"name":"Carbonite jacket femme"}]},{"@type":"WebSite","@id":"https:\/\/www.miomiorun.com\/fr\/#website","url":"https:\/\/www.miomiorun.com\/fr\/","name":"MioMioRun","description":"Boutique 100% running et trail","publisher":{"@id":"https:\/\/www.miomiorun.com\/fr\/#organization"},"potentialAction":[{"@type":"SearchAction","target":{"@type":"EntryPoint","urlTemplate":"https:\/\/www.miomiorun.com\/fr\/?s={search_term_string}"},"query-input":{"@type":"PropertyValueSpecification","valueRequired":true,"valueName":"search_term_string"}}],"inLanguage":"fr-FR"},{"@type":"Organization","@id":"https:\/\/www.miomiorun.com\/fr\/#organization","name":"MioMio Run","url":"https:\/\/www.miomiorun.com\/fr\/","logo":{"@type":"ImageObject","inLanguage":"fr-FR","@id":"https:\/\/www.miomiorun.com\/fr\/#\/schema\/logo\/image\/","url":"https:\/\/www.miomiorun.com\/app\/uploads\/2019\/12\/logomio.png","contentUrl":"https:\/\/www.miomiorun.com\/app\/uploads\/2019\/12\/logomio.png","width":115,"height":82,"caption":"MioMio Run"},"image":{"@id":"https:\/\/www.miomiorun.com\/fr\/#\/schema\/logo\/image\/"},"sameAs":["https:\/\/www.facebook.com\/miomiorun\/","https:\/\/www.instagram.com\/miomiorun\/"]}]}},"_links":{"self":[{"href":"https:\/\/www.miomiorun.com\/fr\/wp-json\/wp\/v2\/product\/279979","targetHints":{"allow":["GET"]}}],"collection":[{"href":"https:\/\/www.miomiorun.com\/fr\/wp-json\/wp\/v2\/product"}],"about":[{"href":"https:\/\/www.miomiorun.com\/fr\/wp-json\/wp\/v2\/types\/product"}],"wp:featuredmedia":[{"embeddable":true,"href":"https:\/\/www.miomiorun.com\/fr\/wp-json\/wp\/v2\/media\/233381"}],"wp:attachment":[{"href":"https:\/\/www.miomiorun.com\/fr\/wp-json\/wp\/v2\/media?parent=279979"}],"wp:term":[{"taxonomy":"product_brand","embeddable":true,"href":"https:\/\/www.miomiorun.com\/fr\/wp-json\/wp\/v2\/product_brand?post=279979"},{"taxonomy":"product_cat","embeddable":true,"href":"https:\/\/www.miomiorun.com\/fr\/wp-json\/wp\/v2\/product_cat?post=279979"},{"taxonomy":"product_tag","embeddable":true,"href":"https:\/\/www.miomiorun.com\/fr\/wp-json\/wp\/v2\/product_tag?post=279979"}],"curies":[{"name":"wp","href":"https:\/\/api.w.org\/{rel}","templated":true}]}}