{"id":279978,"date":"2021-09-18T17:11:58","date_gmt":"2021-09-18T15:11:58","guid":{"rendered":"https:\/\/miomiorun.com\/prodotto\/casall-mock-neck-long-sleeve-donna\/"},"modified":"2025-12-11T18:45:58","modified_gmt":"2025-12-11T17:45:58","slug":"casall-mock-neck-long-sleeve-femme","status":"publish","type":"product","link":"https:\/\/www.miomiorun.com\/fr\/produit\/casall-mock-neck-long-sleeve-femme\/","title":{"rendered":"Mock Neck Long Sleeve femme"},"content":{"rendered":"<div class=\"single-product-description\">\n<p>Ce pull \u00e0 manches longues <strong>Casall Mock Neck<\/strong> pour femme est fabriqu\u00e9 dans un tissu l\u00e9ger et respirant, id\u00e9al pour \u00eatre port\u00e9 en deuxi\u00e8me couche.<br \/>\nCe pull fonctionnel et technique est parfait pour courir, car il garde votre peau au sec gr\u00e2ce \u00e0 son tissu respirant.<\/p>\n<p><strong>Caract\u00e9ristiques :<\/strong><\/p>\n<ul>\n<li>Col montant.<\/li>\n<li>Respirant et l\u00e9ger.<\/li>\n<li>Bande r\u00e9fl\u00e9chissante \u00e0 l&#8217;arri\u00e8re pour une meilleure visibilit\u00e9 dans l&#8217;obscurit\u00e9.<\/li>\n<li>Coupe r\u00e9guli\u00e8re.<\/li>\n<li>Fabriqu\u00e9 en Europe.<\/li>\n<\/ul>\n<\/div>\n","protected":false},"excerpt":{"rendered":"<p>Ce pull \u00e0 manches longues Casall Mock Neck pour femme est fabriqu\u00e9 dans un tissu l\u00e9ger et respirant, id\u00e9al pour \u00eatre port\u00e9 en deuxi\u00e8me couche. Ce pull fonctionnel et technique est parfait pour courir, car il garde votre peau au sec gr\u00e2ce \u00e0 son tissu respirant. Caract\u00e9ristiques : Col montant. Respirant et l\u00e9ger. Bande r\u00e9fl\u00e9chissante &hellip; <a href=\"https:\/\/www.miomiorun.com\/fr\/produit\/casall-mock-neck-long-sleeve-femme\/\">Continued<\/a><\/p>\n","protected":false},"featured_media":233417,"template":"","meta":{"_acf_changed":false,"inline_featured_image":false},"product_brand":[],"product_cat":[24439,24444,24246],"product_tag":[23464,23653],"class_list":{"0":"post-279978","1":"product","2":"type-product","3":"status-publish","4":"has-post-thumbnail","6":"product_cat-maillots-fr","7":"product_cat-vetements-pour-femmes-fr","8":"product_cat-offres-pour-les-femmes","9":"product_tag-casall-fr","10":"product_tag-casall-femme","11":"pa_attivita-marcher","12":"pa_attivita-running-fr","13":"pa_marca-casall-fr","14":"pa_sesso-femme","15":"pa_size-medium-fr","17":"first","18":"instock","19":"sale","20":"taxable","21":"shipping-taxable","22":"purchasable","23":"product-type-variable","24":"wvs-archive-product-wrapper"},"acf":[],"yoast_head":"<!-- This site is optimized with the Yoast SEO plugin v26.8 - https:\/\/yoast.com\/product\/yoast-seo-wordpress\/ -->\n<title>Casall Mock Neck Long Sleeve femme - Maillot de course \u00e0 pied - MioMioRun<\/title>\n<meta name=\"description\" content=\"Ce maillot \u00e0 manches longues Casall Mock Neck pour femme est fabriqu\u00e9 dans un tissu l\u00e9ger et respirant.\" \/>\n<meta name=\"robots\" content=\"index, follow, max-snippet:-1, max-image-preview:large, max-video-preview:-1\" \/>\n<link rel=\"canonical\" href=\"https:\/\/www.miomiorun.com\/fr\/produit\/casall-mock-neck-long-sleeve-femme\/\" \/>\n<meta property=\"og:locale\" content=\"fr_FR\" \/>\n<meta property=\"og:type\" content=\"article\" \/>\n<meta property=\"og:title\" content=\"Casall Mock Neck Long Sleeve femme - Maillot de course \u00e0 pied - MioMioRun\" \/>\n<meta property=\"og:description\" content=\"Ce maillot \u00e0 manches longues Casall Mock Neck pour femme est fabriqu\u00e9 dans un tissu l\u00e9ger et respirant.\" \/>\n<meta property=\"og:url\" content=\"https:\/\/www.miomiorun.com\/fr\/produit\/casall-mock-neck-long-sleeve-femme\/\" \/>\n<meta property=\"og:site_name\" content=\"MioMioRun\" \/>\n<meta property=\"article:publisher\" content=\"https:\/\/www.facebook.com\/miomiorun\/\" \/>\n<meta property=\"article:modified_time\" content=\"2025-12-11T17:45:58+00:00\" \/>\n<meta property=\"og:image\" content=\"https:\/\/www.miomiorun.com\/app\/uploads\/2021\/09\/casall-Mock-neck-long-sleeve-18236-001.jpg\" \/>\n\t<meta property=\"og:image:width\" content=\"600\" \/>\n\t<meta property=\"og:image:height\" content=\"600\" \/>\n\t<meta property=\"og:image:type\" content=\"image\/jpeg\" \/>\n<meta name=\"twitter:card\" content=\"summary_large_image\" \/>\n<script type=\"application\/ld+json\" class=\"yoast-schema-graph\">{\"@context\":\"https:\/\/schema.org\",\"@graph\":[{\"@type\":\"WebPage\",\"@id\":\"https:\/\/www.miomiorun.com\/fr\/produit\/casall-mock-neck-long-sleeve-femme\/\",\"url\":\"https:\/\/www.miomiorun.com\/fr\/produit\/casall-mock-neck-long-sleeve-femme\/\",\"name\":\"Casall Mock Neck Long Sleeve femme - Maillot de course \u00e0 pied - MioMioRun\",\"isPartOf\":{\"@id\":\"https:\/\/www.miomiorun.com\/fr\/#website\"},\"primaryImageOfPage\":{\"@id\":\"https:\/\/www.miomiorun.com\/fr\/produit\/casall-mock-neck-long-sleeve-femme\/#primaryimage\"},\"image\":{\"@id\":\"https:\/\/www.miomiorun.com\/fr\/produit\/casall-mock-neck-long-sleeve-femme\/#primaryimage\"},\"thumbnailUrl\":\"https:\/\/www.miomiorun.com\/app\/uploads\/2021\/09\/casall-Mock-neck-long-sleeve-18236-001.jpg\",\"datePublished\":\"2021-09-18T15:11:58+00:00\",\"dateModified\":\"2025-12-11T17:45:58+00:00\",\"description\":\"Ce maillot \u00e0 manches longues Casall Mock Neck pour femme est fabriqu\u00e9 dans un tissu l\u00e9ger et respirant.\",\"breadcrumb\":{\"@id\":\"https:\/\/www.miomiorun.com\/fr\/produit\/casall-mock-neck-long-sleeve-femme\/#breadcrumb\"},\"inLanguage\":\"fr-FR\",\"potentialAction\":[{\"@type\":\"ReadAction\",\"target\":[\"https:\/\/www.miomiorun.com\/fr\/produit\/casall-mock-neck-long-sleeve-femme\/\"]}]},{\"@type\":\"ImageObject\",\"inLanguage\":\"fr-FR\",\"@id\":\"https:\/\/www.miomiorun.com\/fr\/produit\/casall-mock-neck-long-sleeve-femme\/#primaryimage\",\"url\":\"https:\/\/www.miomiorun.com\/app\/uploads\/2021\/09\/casall-Mock-neck-long-sleeve-18236-001.jpg\",\"contentUrl\":\"https:\/\/www.miomiorun.com\/app\/uploads\/2021\/09\/casall-Mock-neck-long-sleeve-18236-001.jpg\",\"width\":600,\"height\":600,\"caption\":\"casall-Mock-neck-long-sleeve-18236-001\"},{\"@type\":\"BreadcrumbList\",\"@id\":\"https:\/\/www.miomiorun.com\/fr\/produit\/casall-mock-neck-long-sleeve-femme\/#breadcrumb\",\"itemListElement\":[{\"@type\":\"ListItem\",\"position\":1,\"name\":\"Home\",\"item\":\"https:\/\/www.miomiorun.com\/fr\/home-page\/\"},{\"@type\":\"ListItem\",\"position\":2,\"name\":\"Shop\",\"item\":\"https:\/\/www.miomiorun.com\/shop\/\"},{\"@type\":\"ListItem\",\"position\":3,\"name\":\"Mock Neck Long Sleeve femme\"}]},{\"@type\":\"WebSite\",\"@id\":\"https:\/\/www.miomiorun.com\/fr\/#website\",\"url\":\"https:\/\/www.miomiorun.com\/fr\/\",\"name\":\"MioMioRun\",\"description\":\"Boutique 100% running et trail\",\"publisher\":{\"@id\":\"https:\/\/www.miomiorun.com\/fr\/#organization\"},\"potentialAction\":[{\"@type\":\"SearchAction\",\"target\":{\"@type\":\"EntryPoint\",\"urlTemplate\":\"https:\/\/www.miomiorun.com\/fr\/?s={search_term_string}\"},\"query-input\":{\"@type\":\"PropertyValueSpecification\",\"valueRequired\":true,\"valueName\":\"search_term_string\"}}],\"inLanguage\":\"fr-FR\"},{\"@type\":\"Organization\",\"@id\":\"https:\/\/www.miomiorun.com\/fr\/#organization\",\"name\":\"MioMio Run\",\"url\":\"https:\/\/www.miomiorun.com\/fr\/\",\"logo\":{\"@type\":\"ImageObject\",\"inLanguage\":\"fr-FR\",\"@id\":\"https:\/\/www.miomiorun.com\/fr\/#\/schema\/logo\/image\/\",\"url\":\"https:\/\/www.miomiorun.com\/app\/uploads\/2019\/12\/logomio.png\",\"contentUrl\":\"https:\/\/www.miomiorun.com\/app\/uploads\/2019\/12\/logomio.png\",\"width\":115,\"height\":82,\"caption\":\"MioMio Run\"},\"image\":{\"@id\":\"https:\/\/www.miomiorun.com\/fr\/#\/schema\/logo\/image\/\"},\"sameAs\":[\"https:\/\/www.facebook.com\/miomiorun\/\",\"https:\/\/www.instagram.com\/miomiorun\/\"]}]}<\/script>\n<!-- \/ Yoast SEO plugin. -->","yoast_head_json":{"title":"Casall Mock Neck Long Sleeve femme - Maillot de course \u00e0 pied - MioMioRun","description":"Ce maillot \u00e0 manches longues Casall Mock Neck pour femme est fabriqu\u00e9 dans un tissu l\u00e9ger et respirant.","robots":{"index":"index","follow":"follow","max-snippet":"max-snippet:-1","max-image-preview":"max-image-preview:large","max-video-preview":"max-video-preview:-1"},"canonical":"https:\/\/www.miomiorun.com\/fr\/produit\/casall-mock-neck-long-sleeve-femme\/","og_locale":"fr_FR","og_type":"article","og_title":"Casall Mock Neck Long Sleeve femme - Maillot de course \u00e0 pied - MioMioRun","og_description":"Ce maillot \u00e0 manches longues Casall Mock Neck pour femme est fabriqu\u00e9 dans un tissu l\u00e9ger et respirant.","og_url":"https:\/\/www.miomiorun.com\/fr\/produit\/casall-mock-neck-long-sleeve-femme\/","og_site_name":"MioMioRun","article_publisher":"https:\/\/www.facebook.com\/miomiorun\/","article_modified_time":"2025-12-11T17:45:58+00:00","og_image":[{"width":600,"height":600,"url":"https:\/\/www.miomiorun.com\/app\/uploads\/2021\/09\/casall-Mock-neck-long-sleeve-18236-001.jpg","type":"image\/jpeg"}],"twitter_card":"summary_large_image","schema":{"@context":"https:\/\/schema.org","@graph":[{"@type":"WebPage","@id":"https:\/\/www.miomiorun.com\/fr\/produit\/casall-mock-neck-long-sleeve-femme\/","url":"https:\/\/www.miomiorun.com\/fr\/produit\/casall-mock-neck-long-sleeve-femme\/","name":"Casall Mock Neck Long Sleeve femme - Maillot de course \u00e0 pied - MioMioRun","isPartOf":{"@id":"https:\/\/www.miomiorun.com\/fr\/#website"},"primaryImageOfPage":{"@id":"https:\/\/www.miomiorun.com\/fr\/produit\/casall-mock-neck-long-sleeve-femme\/#primaryimage"},"image":{"@id":"https:\/\/www.miomiorun.com\/fr\/produit\/casall-mock-neck-long-sleeve-femme\/#primaryimage"},"thumbnailUrl":"https:\/\/www.miomiorun.com\/app\/uploads\/2021\/09\/casall-Mock-neck-long-sleeve-18236-001.jpg","datePublished":"2021-09-18T15:11:58+00:00","dateModified":"2025-12-11T17:45:58+00:00","description":"Ce maillot \u00e0 manches longues Casall Mock Neck pour femme est fabriqu\u00e9 dans un tissu l\u00e9ger et respirant.","breadcrumb":{"@id":"https:\/\/www.miomiorun.com\/fr\/produit\/casall-mock-neck-long-sleeve-femme\/#breadcrumb"},"inLanguage":"fr-FR","potentialAction":[{"@type":"ReadAction","target":["https:\/\/www.miomiorun.com\/fr\/produit\/casall-mock-neck-long-sleeve-femme\/"]}]},{"@type":"ImageObject","inLanguage":"fr-FR","@id":"https:\/\/www.miomiorun.com\/fr\/produit\/casall-mock-neck-long-sleeve-femme\/#primaryimage","url":"https:\/\/www.miomiorun.com\/app\/uploads\/2021\/09\/casall-Mock-neck-long-sleeve-18236-001.jpg","contentUrl":"https:\/\/www.miomiorun.com\/app\/uploads\/2021\/09\/casall-Mock-neck-long-sleeve-18236-001.jpg","width":600,"height":600,"caption":"casall-Mock-neck-long-sleeve-18236-001"},{"@type":"BreadcrumbList","@id":"https:\/\/www.miomiorun.com\/fr\/produit\/casall-mock-neck-long-sleeve-femme\/#breadcrumb","itemListElement":[{"@type":"ListItem","position":1,"name":"Home","item":"https:\/\/www.miomiorun.com\/fr\/home-page\/"},{"@type":"ListItem","position":2,"name":"Shop","item":"https:\/\/www.miomiorun.com\/shop\/"},{"@type":"ListItem","position":3,"name":"Mock Neck Long Sleeve femme"}]},{"@type":"WebSite","@id":"https:\/\/www.miomiorun.com\/fr\/#website","url":"https:\/\/www.miomiorun.com\/fr\/","name":"MioMioRun","description":"Boutique 100% running et trail","publisher":{"@id":"https:\/\/www.miomiorun.com\/fr\/#organization"},"potentialAction":[{"@type":"SearchAction","target":{"@type":"EntryPoint","urlTemplate":"https:\/\/www.miomiorun.com\/fr\/?s={search_term_string}"},"query-input":{"@type":"PropertyValueSpecification","valueRequired":true,"valueName":"search_term_string"}}],"inLanguage":"fr-FR"},{"@type":"Organization","@id":"https:\/\/www.miomiorun.com\/fr\/#organization","name":"MioMio Run","url":"https:\/\/www.miomiorun.com\/fr\/","logo":{"@type":"ImageObject","inLanguage":"fr-FR","@id":"https:\/\/www.miomiorun.com\/fr\/#\/schema\/logo\/image\/","url":"https:\/\/www.miomiorun.com\/app\/uploads\/2019\/12\/logomio.png","contentUrl":"https:\/\/www.miomiorun.com\/app\/uploads\/2019\/12\/logomio.png","width":115,"height":82,"caption":"MioMio Run"},"image":{"@id":"https:\/\/www.miomiorun.com\/fr\/#\/schema\/logo\/image\/"},"sameAs":["https:\/\/www.facebook.com\/miomiorun\/","https:\/\/www.instagram.com\/miomiorun\/"]}]}},"_links":{"self":[{"href":"https:\/\/www.miomiorun.com\/fr\/wp-json\/wp\/v2\/product\/279978","targetHints":{"allow":["GET"]}}],"collection":[{"href":"https:\/\/www.miomiorun.com\/fr\/wp-json\/wp\/v2\/product"}],"about":[{"href":"https:\/\/www.miomiorun.com\/fr\/wp-json\/wp\/v2\/types\/product"}],"wp:featuredmedia":[{"embeddable":true,"href":"https:\/\/www.miomiorun.com\/fr\/wp-json\/wp\/v2\/media\/233417"}],"wp:attachment":[{"href":"https:\/\/www.miomiorun.com\/fr\/wp-json\/wp\/v2\/media?parent=279978"}],"wp:term":[{"taxonomy":"product_brand","embeddable":true,"href":"https:\/\/www.miomiorun.com\/fr\/wp-json\/wp\/v2\/product_brand?post=279978"},{"taxonomy":"product_cat","embeddable":true,"href":"https:\/\/www.miomiorun.com\/fr\/wp-json\/wp\/v2\/product_cat?post=279978"},{"taxonomy":"product_tag","embeddable":true,"href":"https:\/\/www.miomiorun.com\/fr\/wp-json\/wp\/v2\/product_tag?post=279978"}],"curies":[{"name":"wp","href":"https:\/\/api.w.org\/{rel}","templated":true}]}}