{"id":279977,"date":"2021-09-18T17:34:22","date_gmt":"2021-09-18T15:34:22","guid":{"rendered":"https:\/\/miomiorun.com\/prodotto\/casall-power-loose-recerback-donna\/"},"modified":"2025-12-27T12:33:58","modified_gmt":"2025-12-27T11:33:58","slug":"casall-power-loose-recerback-femme","status":"publish","type":"product","link":"https:\/\/www.miomiorun.com\/fr\/produit\/casall-power-loose-recerback-femme\/","title":{"rendered":"Power Loose Recerback femme"},"content":{"rendered":"<p>Le Casall Power Loose Recerback pour femme est un d\u00e9bardeur<span class=\"Y2IQFc\" lang=\"it\"> \u00e0 mailles larges avec un dos nageur ultra-ajust\u00e9, des emmanchures profondes et un style tendance, parfait pour toutes vos s\u00e9ances d&#8217;entra\u00eenement.<\/span><\/p>\n<p><strong>Caract\u00e9ristiques :<\/strong><\/p>\n<ul>\n<li>Tissu en maille fine et a\u00e9r\u00e9e.<\/li>\n<li>Le dos nageur ultra-ajust\u00e9 offre une excellente libert\u00e9 de mouvement.<\/li>\n<li>Les emmanchures profondes conf\u00e8rent une sensation \u00e9l\u00e9gante mais confortable.<\/li>\n<li>Logo Casall au centre dans le dos.<\/li>\n<\/ul>\n","protected":false},"excerpt":{"rendered":"<p>Le Casall Power Loose Recerback pour femme est un d\u00e9bardeur \u00e0 mailles larges avec un dos nageur ultra-ajust\u00e9, des emmanchures profondes et un style tendance, parfait pour toutes vos s\u00e9ances d&#8217;entra\u00eenement. Caract\u00e9ristiques : Tissu en maille fine et a\u00e9r\u00e9e. Le dos nageur ultra-ajust\u00e9 offre une excellente libert\u00e9 de mouvement. Les emmanchures profondes conf\u00e8rent une sensation &hellip; <a href=\"https:\/\/www.miomiorun.com\/fr\/produit\/casall-power-loose-recerback-femme\/\">Continued<\/a><\/p>\n","protected":false},"featured_media":233405,"template":"","meta":{"_acf_changed":false,"inline_featured_image":false},"product_brand":[],"product_cat":[24442,24444,24246],"product_tag":[23464,23653],"class_list":{"0":"post-279977","1":"product","2":"type-product","3":"status-publish","4":"has-post-thumbnail","6":"product_cat-gilets-fr-2","7":"product_cat-vetements-pour-femmes-fr","8":"product_cat-offres-pour-les-femmes","9":"product_tag-casall-fr","10":"product_tag-casall-femme","12":"first","13":"instock","14":"sale","15":"taxable","16":"shipping-taxable","17":"purchasable","18":"product-type-variable","19":"wvs-archive-product-wrapper"},"acf":[],"yoast_head":"<!-- This site is optimized with the Yoast SEO plugin v26.8 - https:\/\/yoast.com\/product\/yoast-seo-wordpress\/ -->\n<title>Casall Power Loose Recerback femme - D\u00e9bardeur de course \u00e0 pied - MioMioRun<\/title>\n<meta name=\"description\" content=\"Le Casall Power Loose Recerback pour femme est un d\u00e9bardeur \u00e0 mailles larges avec un dos nageur tr\u00e8s \u00e9troit et des emmanchures profondes.\" \/>\n<meta name=\"robots\" content=\"index, follow, max-snippet:-1, max-image-preview:large, max-video-preview:-1\" \/>\n<link rel=\"canonical\" href=\"https:\/\/www.miomiorun.com\/fr\/produit\/casall-power-loose-recerback-femme\/\" \/>\n<meta property=\"og:locale\" content=\"fr_FR\" \/>\n<meta property=\"og:type\" content=\"article\" \/>\n<meta property=\"og:title\" content=\"Casall Power Loose Recerback femme - D\u00e9bardeur de course \u00e0 pied - MioMioRun\" \/>\n<meta property=\"og:description\" content=\"Le Casall Power Loose Recerback pour femme est un d\u00e9bardeur \u00e0 mailles larges avec un dos nageur tr\u00e8s \u00e9troit et des emmanchures profondes.\" \/>\n<meta property=\"og:url\" content=\"https:\/\/www.miomiorun.com\/fr\/produit\/casall-power-loose-recerback-femme\/\" \/>\n<meta property=\"og:site_name\" content=\"MioMioRun\" \/>\n<meta property=\"article:publisher\" content=\"https:\/\/www.facebook.com\/miomiorun\/\" \/>\n<meta property=\"article:modified_time\" content=\"2025-12-27T11:33:58+00:00\" \/>\n<meta property=\"og:image\" content=\"https:\/\/www.miomiorun.com\/app\/uploads\/2021\/09\/casall-Power-loose-racerback-18137-313.jpg\" \/>\n\t<meta property=\"og:image:width\" content=\"600\" \/>\n\t<meta property=\"og:image:height\" content=\"600\" \/>\n\t<meta property=\"og:image:type\" content=\"image\/jpeg\" \/>\n<meta name=\"twitter:card\" content=\"summary_large_image\" \/>\n<script type=\"application\/ld+json\" class=\"yoast-schema-graph\">{\"@context\":\"https:\/\/schema.org\",\"@graph\":[{\"@type\":\"WebPage\",\"@id\":\"https:\/\/www.miomiorun.com\/fr\/produit\/casall-power-loose-recerback-femme\/\",\"url\":\"https:\/\/www.miomiorun.com\/fr\/produit\/casall-power-loose-recerback-femme\/\",\"name\":\"Casall Power Loose Recerback femme - D\u00e9bardeur de course \u00e0 pied - MioMioRun\",\"isPartOf\":{\"@id\":\"https:\/\/www.miomiorun.com\/fr\/#website\"},\"primaryImageOfPage\":{\"@id\":\"https:\/\/www.miomiorun.com\/fr\/produit\/casall-power-loose-recerback-femme\/#primaryimage\"},\"image\":{\"@id\":\"https:\/\/www.miomiorun.com\/fr\/produit\/casall-power-loose-recerback-femme\/#primaryimage\"},\"thumbnailUrl\":\"https:\/\/www.miomiorun.com\/app\/uploads\/2021\/09\/casall-Power-loose-racerback-18137-313.jpg\",\"datePublished\":\"2021-09-18T15:34:22+00:00\",\"dateModified\":\"2025-12-27T11:33:58+00:00\",\"description\":\"Le Casall Power Loose Recerback pour femme est un d\u00e9bardeur \u00e0 mailles larges avec un dos nageur tr\u00e8s \u00e9troit et des emmanchures profondes.\",\"breadcrumb\":{\"@id\":\"https:\/\/www.miomiorun.com\/fr\/produit\/casall-power-loose-recerback-femme\/#breadcrumb\"},\"inLanguage\":\"fr-FR\",\"potentialAction\":[{\"@type\":\"ReadAction\",\"target\":[\"https:\/\/www.miomiorun.com\/fr\/produit\/casall-power-loose-recerback-femme\/\"]}]},{\"@type\":\"ImageObject\",\"inLanguage\":\"fr-FR\",\"@id\":\"https:\/\/www.miomiorun.com\/fr\/produit\/casall-power-loose-recerback-femme\/#primaryimage\",\"url\":\"https:\/\/www.miomiorun.com\/app\/uploads\/2021\/09\/casall-Power-loose-racerback-18137-313.jpg\",\"contentUrl\":\"https:\/\/www.miomiorun.com\/app\/uploads\/2021\/09\/casall-Power-loose-racerback-18137-313.jpg\",\"width\":600,\"height\":600,\"caption\":\"casall-Power-loose-racerback-18137-313\"},{\"@type\":\"BreadcrumbList\",\"@id\":\"https:\/\/www.miomiorun.com\/fr\/produit\/casall-power-loose-recerback-femme\/#breadcrumb\",\"itemListElement\":[{\"@type\":\"ListItem\",\"position\":1,\"name\":\"Home\",\"item\":\"https:\/\/www.miomiorun.com\/fr\/home-page\/\"},{\"@type\":\"ListItem\",\"position\":2,\"name\":\"Shop\",\"item\":\"https:\/\/www.miomiorun.com\/shop\/\"},{\"@type\":\"ListItem\",\"position\":3,\"name\":\"Power Loose Recerback femme\"}]},{\"@type\":\"WebSite\",\"@id\":\"https:\/\/www.miomiorun.com\/fr\/#website\",\"url\":\"https:\/\/www.miomiorun.com\/fr\/\",\"name\":\"MioMioRun\",\"description\":\"Boutique 100% running et trail\",\"publisher\":{\"@id\":\"https:\/\/www.miomiorun.com\/fr\/#organization\"},\"potentialAction\":[{\"@type\":\"SearchAction\",\"target\":{\"@type\":\"EntryPoint\",\"urlTemplate\":\"https:\/\/www.miomiorun.com\/fr\/?s={search_term_string}\"},\"query-input\":{\"@type\":\"PropertyValueSpecification\",\"valueRequired\":true,\"valueName\":\"search_term_string\"}}],\"inLanguage\":\"fr-FR\"},{\"@type\":\"Organization\",\"@id\":\"https:\/\/www.miomiorun.com\/fr\/#organization\",\"name\":\"MioMio Run\",\"url\":\"https:\/\/www.miomiorun.com\/fr\/\",\"logo\":{\"@type\":\"ImageObject\",\"inLanguage\":\"fr-FR\",\"@id\":\"https:\/\/www.miomiorun.com\/fr\/#\/schema\/logo\/image\/\",\"url\":\"https:\/\/www.miomiorun.com\/app\/uploads\/2019\/12\/logomio.png\",\"contentUrl\":\"https:\/\/www.miomiorun.com\/app\/uploads\/2019\/12\/logomio.png\",\"width\":115,\"height\":82,\"caption\":\"MioMio Run\"},\"image\":{\"@id\":\"https:\/\/www.miomiorun.com\/fr\/#\/schema\/logo\/image\/\"},\"sameAs\":[\"https:\/\/www.facebook.com\/miomiorun\/\",\"https:\/\/www.instagram.com\/miomiorun\/\"]}]}<\/script>\n<!-- \/ Yoast SEO plugin. -->","yoast_head_json":{"title":"Casall Power Loose Recerback femme - D\u00e9bardeur de course \u00e0 pied - MioMioRun","description":"Le Casall Power Loose Recerback pour femme est un d\u00e9bardeur \u00e0 mailles larges avec un dos nageur tr\u00e8s \u00e9troit et des emmanchures profondes.","robots":{"index":"index","follow":"follow","max-snippet":"max-snippet:-1","max-image-preview":"max-image-preview:large","max-video-preview":"max-video-preview:-1"},"canonical":"https:\/\/www.miomiorun.com\/fr\/produit\/casall-power-loose-recerback-femme\/","og_locale":"fr_FR","og_type":"article","og_title":"Casall Power Loose Recerback femme - D\u00e9bardeur de course \u00e0 pied - MioMioRun","og_description":"Le Casall Power Loose Recerback pour femme est un d\u00e9bardeur \u00e0 mailles larges avec un dos nageur tr\u00e8s \u00e9troit et des emmanchures profondes.","og_url":"https:\/\/www.miomiorun.com\/fr\/produit\/casall-power-loose-recerback-femme\/","og_site_name":"MioMioRun","article_publisher":"https:\/\/www.facebook.com\/miomiorun\/","article_modified_time":"2025-12-27T11:33:58+00:00","og_image":[{"width":600,"height":600,"url":"https:\/\/www.miomiorun.com\/app\/uploads\/2021\/09\/casall-Power-loose-racerback-18137-313.jpg","type":"image\/jpeg"}],"twitter_card":"summary_large_image","schema":{"@context":"https:\/\/schema.org","@graph":[{"@type":"WebPage","@id":"https:\/\/www.miomiorun.com\/fr\/produit\/casall-power-loose-recerback-femme\/","url":"https:\/\/www.miomiorun.com\/fr\/produit\/casall-power-loose-recerback-femme\/","name":"Casall Power Loose Recerback femme - D\u00e9bardeur de course \u00e0 pied - MioMioRun","isPartOf":{"@id":"https:\/\/www.miomiorun.com\/fr\/#website"},"primaryImageOfPage":{"@id":"https:\/\/www.miomiorun.com\/fr\/produit\/casall-power-loose-recerback-femme\/#primaryimage"},"image":{"@id":"https:\/\/www.miomiorun.com\/fr\/produit\/casall-power-loose-recerback-femme\/#primaryimage"},"thumbnailUrl":"https:\/\/www.miomiorun.com\/app\/uploads\/2021\/09\/casall-Power-loose-racerback-18137-313.jpg","datePublished":"2021-09-18T15:34:22+00:00","dateModified":"2025-12-27T11:33:58+00:00","description":"Le Casall Power Loose Recerback pour femme est un d\u00e9bardeur \u00e0 mailles larges avec un dos nageur tr\u00e8s \u00e9troit et des emmanchures profondes.","breadcrumb":{"@id":"https:\/\/www.miomiorun.com\/fr\/produit\/casall-power-loose-recerback-femme\/#breadcrumb"},"inLanguage":"fr-FR","potentialAction":[{"@type":"ReadAction","target":["https:\/\/www.miomiorun.com\/fr\/produit\/casall-power-loose-recerback-femme\/"]}]},{"@type":"ImageObject","inLanguage":"fr-FR","@id":"https:\/\/www.miomiorun.com\/fr\/produit\/casall-power-loose-recerback-femme\/#primaryimage","url":"https:\/\/www.miomiorun.com\/app\/uploads\/2021\/09\/casall-Power-loose-racerback-18137-313.jpg","contentUrl":"https:\/\/www.miomiorun.com\/app\/uploads\/2021\/09\/casall-Power-loose-racerback-18137-313.jpg","width":600,"height":600,"caption":"casall-Power-loose-racerback-18137-313"},{"@type":"BreadcrumbList","@id":"https:\/\/www.miomiorun.com\/fr\/produit\/casall-power-loose-recerback-femme\/#breadcrumb","itemListElement":[{"@type":"ListItem","position":1,"name":"Home","item":"https:\/\/www.miomiorun.com\/fr\/home-page\/"},{"@type":"ListItem","position":2,"name":"Shop","item":"https:\/\/www.miomiorun.com\/shop\/"},{"@type":"ListItem","position":3,"name":"Power Loose Recerback femme"}]},{"@type":"WebSite","@id":"https:\/\/www.miomiorun.com\/fr\/#website","url":"https:\/\/www.miomiorun.com\/fr\/","name":"MioMioRun","description":"Boutique 100% running et trail","publisher":{"@id":"https:\/\/www.miomiorun.com\/fr\/#organization"},"potentialAction":[{"@type":"SearchAction","target":{"@type":"EntryPoint","urlTemplate":"https:\/\/www.miomiorun.com\/fr\/?s={search_term_string}"},"query-input":{"@type":"PropertyValueSpecification","valueRequired":true,"valueName":"search_term_string"}}],"inLanguage":"fr-FR"},{"@type":"Organization","@id":"https:\/\/www.miomiorun.com\/fr\/#organization","name":"MioMio Run","url":"https:\/\/www.miomiorun.com\/fr\/","logo":{"@type":"ImageObject","inLanguage":"fr-FR","@id":"https:\/\/www.miomiorun.com\/fr\/#\/schema\/logo\/image\/","url":"https:\/\/www.miomiorun.com\/app\/uploads\/2019\/12\/logomio.png","contentUrl":"https:\/\/www.miomiorun.com\/app\/uploads\/2019\/12\/logomio.png","width":115,"height":82,"caption":"MioMio Run"},"image":{"@id":"https:\/\/www.miomiorun.com\/fr\/#\/schema\/logo\/image\/"},"sameAs":["https:\/\/www.facebook.com\/miomiorun\/","https:\/\/www.instagram.com\/miomiorun\/"]}]}},"_links":{"self":[{"href":"https:\/\/www.miomiorun.com\/fr\/wp-json\/wp\/v2\/product\/279977","targetHints":{"allow":["GET"]}}],"collection":[{"href":"https:\/\/www.miomiorun.com\/fr\/wp-json\/wp\/v2\/product"}],"about":[{"href":"https:\/\/www.miomiorun.com\/fr\/wp-json\/wp\/v2\/types\/product"}],"wp:featuredmedia":[{"embeddable":true,"href":"https:\/\/www.miomiorun.com\/fr\/wp-json\/wp\/v2\/media\/233405"}],"wp:attachment":[{"href":"https:\/\/www.miomiorun.com\/fr\/wp-json\/wp\/v2\/media?parent=279977"}],"wp:term":[{"taxonomy":"product_brand","embeddable":true,"href":"https:\/\/www.miomiorun.com\/fr\/wp-json\/wp\/v2\/product_brand?post=279977"},{"taxonomy":"product_cat","embeddable":true,"href":"https:\/\/www.miomiorun.com\/fr\/wp-json\/wp\/v2\/product_cat?post=279977"},{"taxonomy":"product_tag","embeddable":true,"href":"https:\/\/www.miomiorun.com\/fr\/wp-json\/wp\/v2\/product_tag?post=279977"}],"curies":[{"name":"wp","href":"https:\/\/api.w.org\/{rel}","templated":true}]}}