{"id":279976,"date":"2021-09-18T18:02:58","date_gmt":"2021-09-18T16:02:58","guid":{"rendered":"https:\/\/miomiorun.com\/prodotto\/garmin-fanale-anteriore-smart-varia-ut800\/"},"modified":"2026-03-27T09:45:48","modified_gmt":"2026-03-27T08:45:48","slug":"garmin-phare-avant-smart-varia-ut800","status":"publish","type":"product","link":"https:\/\/www.miomiorun.com\/fr\/produit\/garmin-phare-avant-smart-varia-ut800\/","title":{"rendered":"Smart Varia UT800"},"content":{"rendered":"<p><div class=\"vc-row container\"><div class=\"vc-column\"><div class=\"vc-column-text\"><\/p>\n<h2>UN \u00c9CLAIRAGE DE PLUS EN PLUS PUISSANT ET DE PLUS EN PLUS LONG<\/h2>\n<p>Que ce soit en ville ou sur les sentiers, vous pouvez continuer \u00e0 p\u00e9daler m\u00eame apr\u00e8s le coucher du soleil.<\/p>\n<p><\/div><\/div><\/div><div class=\"vc-row container\"> <div class=\"vc-column\"><div class=\"vc-column-text\"><\/p>\n<div class=\"app__feature__card\">\n<div class=\"app__feature__card\">\n<p><img decoding=\"async\" class=\"app__feature__card__image\" src=\"https:\/\/static.garmincdn.com\/gdc\/Product_Pages\/ICONS\/Driver-Awareness.svg\" alt=\"\"><\/p>\n<h3 class=\"app__feature__card__title light left\" data-v-5b9e0d04=\"\" data-test=\"gc__heading\"><\/h3>\n<p class=\"app__feature__card__description\">O\u00f9 que vous alliez \u00e0 v\u00e9lo, assurez-vous d&#8217;\u00eatre vu gr\u00e2ce \u00e0 une visibilit\u00e9 diurne de plus d&#8217;un kilom\u00e8tre et demi.<\/p>\n<\/div>\n<\/div>\n<p><\/div><\/div><div class=\"vc-column\"><div class=\"vc-column-text\"><\/p>\n<div class=\"app__feature__card\">\n<div class=\"app__feature__card\">\n<p><img decoding=\"async\" class=\"app__feature__card__image\" src=\"https:\/\/static.garmincdn.com\/gdc\/Product_Pages\/ICONS\/AMOLED_Display.svg\" alt=\"\"><\/p>\n<h3 class=\"app__feature__card__title light left\" data-v-5b9e0d04=\"\" data-test=\"gc__heading\"><\/h3>\n<p class=\"app__feature__card__description\">Projette un faisceau lumineux de 800 lumens pendant 1 h 30.<\/p>\n<\/div>\n<\/div>\n<p><\/div><\/div><div class=\"vc-column\"><div class=\"vc-column-text\"><\/p>\n<div class=\"app__feature__card\">\n<div class=\"app__feature__card\">\n<p><img decoding=\"async\" class=\"app__feature__card__image\" src=\"https:\/\/static.garmincdn.com\/gdc\/Product_Pages\/ICONS\/Auto-Brightness.svg\" alt=\"\"><\/p>\n<h3 class=\"app__feature__card__title light left\" data-v-5b9e0d04=\"\" data-test=\"gc__heading\"><\/h3>\n<p class=\"app__feature__card__description\">Si intelligent qu&#8217;il est capable d&#8217;ajuster la luminosit\u00e9 ambiante et la vitesse pour \u00e9conomiser la batterie.<\/p>\n<\/div>\n<\/div>\n<p><\/div><\/div><div class=\"vc-column\"><div class=\"vc-column-text\"><\/p>\n<div class=\"app__feature__card\">\n<div class=\"app__feature__card\">\n<p><img decoding=\"async\" class=\"app__feature__card__image\" src=\"https:\/\/static.garmincdn.com\/gdc\/Product_Pages\/ICONS\/ANT_Wireless.svg\" alt=\"\"><\/p>\n<h3 class=\"app__feature__card__title light left\" data-v-5b9e0d04=\"\" data-test=\"gc__heading\"><\/h3>\n<p class=\"app__feature__card__description\">Cette lampe fonctionne tr\u00e8s bien seule ou associ\u00e9e au compteur de v\u00e9lo Edge<sup>\u00ae<\/sup>.<\/p>\n<\/div>\n<\/div>\n<p><\/div><\/div><div class=\"vc-column\"> <div class=\"vc-column-text\"><\/p>\n<div class=\"app__feature__card\">\n<div class=\"app__feature__card\">\n<p><img decoding=\"async\" class=\"app__feature__card__image\" src=\"https:\/\/static.garmincdn.com\/gdc\/Product_Pages\/ICONS\/Mounting-Options.svg\" alt=\"\"><\/p>\n<h3 class=\"app__feature__card__title light left\" data-v-5b9e0d04=\"\" data-test=\"gc__heading\"><\/h3>\n<p class=\"app__feature__card__description\">\u00c0 vous de choisir si vous souhaitez la monter sur le guidon ou sur le casque.<\/p>\n<\/div>\n<\/div>\n<p><\/div><\/div><div class=\"vc-column\"><div class=\"vc-column-text\"><\/p>\n<div class=\"app__feature__card\">\n<p><img decoding=\"async\" class=\"app__feature__card__image\" src=\"https:\/\/static.garmincdn.com\/gdc\/Product_Pages\/ICONS\/Variable-Modes.svg\" alt=\"\"><\/p>\n<h3 class=\"app__feature__card__title light left\" data-v-5b9e0d04=\"\" data-test=\"gc__heading\"><\/h3>\n<p class=\"app__feature__card__description\">Choisissez parmi 5 modes d&#8217;\u00e9clairage, quelles que soient les conditions.<\/p>\n<\/div>\n<p><\/div><\/div><\/div><div class=\"vc-row container\"><div class=\"vc-column\"><div style=\"height:32px\" class=\"vc-empty-space\"><\/div><\/div><\/div><div class=\"vc-row container\"><div class=\"vc-column\"><div class=\"vc-column-text\"><\/p>\n<h3>FONCTIONNE SEUL OU ASSOCI\u00c9 \u00c0 EDGE<\/h3>\n<p>Lorsqu&#8217;il est associ\u00e9 au compteur de v\u00e9lo, le phare s&#8217;ajuste automatiquement en fonction de la vitesse et du rythme de p\u00e9dalage. Vous pouvez contr\u00f4ler les lumi\u00e8res d&#8217;une simple pression.<\/p>\n<p><\/div><\/div><div class=\"vc-column\"><div class=\"vc-column-text\"><\/p>\n<h3>R\u00c9GLAGE AUTOMATIQUE DE LA LUMINOSIT\u00c9<\/h3>\n<p>Certains compteurs de v\u00e9lo Edge sont capables de d\u00e9tecter les conditions de luminosit\u00e9 ambiante et de r\u00e9gler automatiquement la luminosit\u00e9 du phare afin de prolonger l&#8217;autonomie de la batterie.<\/p>\n<p><\/div><\/div><div class=\"vc-column\"><div class=\"vc-column-text\"><\/p>\n<h3>VISIBILIT\u00c9 SUP\u00c9RIEURE<\/h3>\n<p>\u00c0 son niveau maximal, le Varia UT800 projette un faisceau stable de 800 lumens, vous rendant visible en plein jour \u00e0 plus d&#8217;un kilom\u00e8tre et demi.<\/p>\n<p><\/div><\/div><\/div><div class=\"vc-row container\"><div class=\"vc-column\"><div style=\"height:32px\" class=\"vc-empty-space\"><\/div><\/div><\/div><div class=\"vc-row container\"><div class=\"vc-column\"><div class=\"vc-column-text\"><\/p>\n<h3>MODES VARIABLES<\/h3>\n<p>Personnalisez le faisceau lumineux en fonction des conditions gr\u00e2ce \u00e0 5 modes d&#8217;\u00e9clairage, dont haut (800 lumens), moyen (400 lumens), bas (200 lumens), clignotement nocturne et clignotement diurne.<\/p>\n<p><\/div><\/div><div class=\"vc-column\"><div class=\"vc-column-text\"><\/p>\n<h3>AUTONOMIE DE LA BATTERIE<\/h3>\n<p>Les diff\u00e9rents modes vous permettent d&#8217;optimiser l&#8217;autonomie de la batterie. Vous b\u00e9n\u00e9ficierez de 1,5 heure en mode fort, 3 heures en mode moyen, 6 heures en mode faible, 25 heures en mode clignotant de jour et 6 heures en mode clignotant de nuit.<\/p>\n<p><\/div><\/div><div class=\"vc-column\"><div class=\"vc-column-text\"><\/p>\n<h3>MULTIPLES OPTIONS DE FIXATION<\/h3>\n<p>Gr\u00e2ce \u00e0 son design l\u00e9ger et discret (140 g), vous pouvez fixer le Varia UT800 sur le guidon \u00e0 l&#8217;aide d&#8217;un support avant externe ou sur le casque \u00e0 l&#8217;aide d&#8217;un support pour casque ou d&#8217;une fixation par friction.<\/p>\n<p><\/div><\/div><\/div><\/p>\n","protected":false},"excerpt":{"rendered":"<ul>\n<li>visibilit\u00e9 \u00e0 plus de 1,5 km, 800 lumens<\/li>\n<li>r\u00e9glage automatique de la luminosit\u00e9<\/li>\n<li>autonomie de la batterie jusqu&#8217;\u00e0 25 heures, 5 modes d&#8217;\u00e9clairage<\/li>\n<\/ul>\n","protected":false},"featured_media":233389,"template":"","meta":{"_acf_changed":false,"inline_featured_image":false},"product_brand":[],"product_cat":[22537,22567,22566],"product_tag":[23480],"class_list":{"0":"post-279976","1":"product","2":"type-product","3":"status-publish","4":"has-post-thumbnail","6":"product_cat-garmin-fr","7":"product_cat-cyclisme","8":"product_cat-accessoires-fr","9":"product_tag-garmin-fr","10":"pa_marca-garmin-fr","11":"pa_sesso-femme","12":"pa_sesso-homme","14":"first","15":"instock","16":"sale","17":"taxable","18":"shipping-taxable","19":"purchasable","20":"product-type-simple"},"acf":[],"yoast_head":"<!-- This site is optimized with the Yoast SEO plugin v26.8 - https:\/\/yoast.com\/product\/yoast-seo-wordpress\/ -->\n<title>Garmin Smart Varia UT800 - Phare avant de v\u00e9lo - MioMioRun<\/title>\n<meta name=\"description\" content=\"Gr\u00e2ce au feu avant intelligent Garmin Varia UT800, que ce soit en ville ou sur les sentiers, vous pouvez continuer \u00e0 p\u00e9daler m\u00eame apr\u00e8s le coucher du soleil.\" \/>\n<meta name=\"robots\" content=\"index, follow, max-snippet:-1, max-image-preview:large, max-video-preview:-1\" \/>\n<link rel=\"canonical\" href=\"https:\/\/www.miomiorun.com\/fr\/produit\/garmin-phare-avant-smart-varia-ut800\/\" \/>\n<meta property=\"og:locale\" content=\"fr_FR\" \/>\n<meta property=\"og:type\" content=\"article\" \/>\n<meta property=\"og:title\" content=\"Garmin Smart Varia UT800 - Phare avant de v\u00e9lo - MioMioRun\" \/>\n<meta property=\"og:description\" content=\"Gr\u00e2ce au feu avant intelligent Garmin Varia UT800, que ce soit en ville ou sur les sentiers, vous pouvez continuer \u00e0 p\u00e9daler m\u00eame apr\u00e8s le coucher du soleil.\" \/>\n<meta property=\"og:url\" content=\"https:\/\/www.miomiorun.com\/fr\/produit\/garmin-phare-avant-smart-varia-ut800\/\" \/>\n<meta property=\"og:site_name\" content=\"MioMioRun\" \/>\n<meta property=\"article:publisher\" content=\"https:\/\/www.facebook.com\/miomiorun\/\" \/>\n<meta property=\"article:modified_time\" content=\"2026-03-27T08:45:48+00:00\" \/>\n<meta property=\"og:image\" content=\"https:\/\/www.miomiorun.com\/app\/uploads\/2021\/09\/garmin-ut800-010-01673-00.jpg\" \/>\n\t<meta property=\"og:image:width\" content=\"600\" \/>\n\t<meta property=\"og:image:height\" content=\"600\" \/>\n\t<meta property=\"og:image:type\" content=\"image\/jpeg\" \/>\n<meta name=\"twitter:card\" content=\"summary_large_image\" \/>\n<meta name=\"twitter:label1\" content=\"Est. reading time\" \/>\n\t<meta name=\"twitter:data1\" content=\"3 minutes\" \/>\n<script type=\"application\/ld+json\" class=\"yoast-schema-graph\">{\"@context\":\"https:\/\/schema.org\",\"@graph\":[{\"@type\":\"WebPage\",\"@id\":\"https:\/\/www.miomiorun.com\/fr\/produit\/garmin-phare-avant-smart-varia-ut800\/\",\"url\":\"https:\/\/www.miomiorun.com\/fr\/produit\/garmin-phare-avant-smart-varia-ut800\/\",\"name\":\"Garmin Smart Varia UT800 - Phare avant de v\u00e9lo - MioMioRun\",\"isPartOf\":{\"@id\":\"https:\/\/www.miomiorun.com\/fr\/#website\"},\"primaryImageOfPage\":{\"@id\":\"https:\/\/www.miomiorun.com\/fr\/produit\/garmin-phare-avant-smart-varia-ut800\/#primaryimage\"},\"image\":{\"@id\":\"https:\/\/www.miomiorun.com\/fr\/produit\/garmin-phare-avant-smart-varia-ut800\/#primaryimage\"},\"thumbnailUrl\":\"https:\/\/www.miomiorun.com\/app\/uploads\/2021\/09\/garmin-ut800-010-01673-00.jpg\",\"datePublished\":\"2021-09-18T16:02:58+00:00\",\"dateModified\":\"2026-03-27T08:45:48+00:00\",\"description\":\"Gr\u00e2ce au feu avant intelligent Garmin Varia UT800, que ce soit en ville ou sur les sentiers, vous pouvez continuer \u00e0 p\u00e9daler m\u00eame apr\u00e8s le coucher du soleil.\",\"breadcrumb\":{\"@id\":\"https:\/\/www.miomiorun.com\/fr\/produit\/garmin-phare-avant-smart-varia-ut800\/#breadcrumb\"},\"inLanguage\":\"fr-FR\",\"potentialAction\":[{\"@type\":\"ReadAction\",\"target\":[\"https:\/\/www.miomiorun.com\/fr\/produit\/garmin-phare-avant-smart-varia-ut800\/\"]}]},{\"@type\":\"ImageObject\",\"inLanguage\":\"fr-FR\",\"@id\":\"https:\/\/www.miomiorun.com\/fr\/produit\/garmin-phare-avant-smart-varia-ut800\/#primaryimage\",\"url\":\"https:\/\/www.miomiorun.com\/app\/uploads\/2021\/09\/garmin-ut800-010-01673-00.jpg\",\"contentUrl\":\"https:\/\/www.miomiorun.com\/app\/uploads\/2021\/09\/garmin-ut800-010-01673-00.jpg\",\"width\":600,\"height\":600,\"caption\":\"garmin-ut800-010-01673-00\"},{\"@type\":\"BreadcrumbList\",\"@id\":\"https:\/\/www.miomiorun.com\/fr\/produit\/garmin-phare-avant-smart-varia-ut800\/#breadcrumb\",\"itemListElement\":[{\"@type\":\"ListItem\",\"position\":1,\"name\":\"Home\",\"item\":\"https:\/\/www.miomiorun.com\/fr\/home-page\/\"},{\"@type\":\"ListItem\",\"position\":2,\"name\":\"Shop\",\"item\":\"https:\/\/www.miomiorun.com\/shop\/\"},{\"@type\":\"ListItem\",\"position\":3,\"name\":\"Smart Varia UT800\"}]},{\"@type\":\"WebSite\",\"@id\":\"https:\/\/www.miomiorun.com\/fr\/#website\",\"url\":\"https:\/\/www.miomiorun.com\/fr\/\",\"name\":\"MioMioRun\",\"description\":\"Boutique 100% running et trail\",\"publisher\":{\"@id\":\"https:\/\/www.miomiorun.com\/fr\/#organization\"},\"potentialAction\":[{\"@type\":\"SearchAction\",\"target\":{\"@type\":\"EntryPoint\",\"urlTemplate\":\"https:\/\/www.miomiorun.com\/fr\/?s={search_term_string}\"},\"query-input\":{\"@type\":\"PropertyValueSpecification\",\"valueRequired\":true,\"valueName\":\"search_term_string\"}}],\"inLanguage\":\"fr-FR\"},{\"@type\":\"Organization\",\"@id\":\"https:\/\/www.miomiorun.com\/fr\/#organization\",\"name\":\"MioMio Run\",\"url\":\"https:\/\/www.miomiorun.com\/fr\/\",\"logo\":{\"@type\":\"ImageObject\",\"inLanguage\":\"fr-FR\",\"@id\":\"https:\/\/www.miomiorun.com\/fr\/#\/schema\/logo\/image\/\",\"url\":\"https:\/\/www.miomiorun.com\/app\/uploads\/2019\/12\/logomio.png\",\"contentUrl\":\"https:\/\/www.miomiorun.com\/app\/uploads\/2019\/12\/logomio.png\",\"width\":115,\"height\":82,\"caption\":\"MioMio Run\"},\"image\":{\"@id\":\"https:\/\/www.miomiorun.com\/fr\/#\/schema\/logo\/image\/\"},\"sameAs\":[\"https:\/\/www.facebook.com\/miomiorun\/\",\"https:\/\/www.instagram.com\/miomiorun\/\"]}]}<\/script>\n<!-- \/ Yoast SEO plugin. -->","yoast_head_json":{"title":"Garmin Smart Varia UT800 - Phare avant de v\u00e9lo - MioMioRun","description":"Gr\u00e2ce au feu avant intelligent Garmin Varia UT800, que ce soit en ville ou sur les sentiers, vous pouvez continuer \u00e0 p\u00e9daler m\u00eame apr\u00e8s le coucher du soleil.","robots":{"index":"index","follow":"follow","max-snippet":"max-snippet:-1","max-image-preview":"max-image-preview:large","max-video-preview":"max-video-preview:-1"},"canonical":"https:\/\/www.miomiorun.com\/fr\/produit\/garmin-phare-avant-smart-varia-ut800\/","og_locale":"fr_FR","og_type":"article","og_title":"Garmin Smart Varia UT800 - Phare avant de v\u00e9lo - MioMioRun","og_description":"Gr\u00e2ce au feu avant intelligent Garmin Varia UT800, que ce soit en ville ou sur les sentiers, vous pouvez continuer \u00e0 p\u00e9daler m\u00eame apr\u00e8s le coucher du soleil.","og_url":"https:\/\/www.miomiorun.com\/fr\/produit\/garmin-phare-avant-smart-varia-ut800\/","og_site_name":"MioMioRun","article_publisher":"https:\/\/www.facebook.com\/miomiorun\/","article_modified_time":"2026-03-27T08:45:48+00:00","og_image":[{"width":600,"height":600,"url":"https:\/\/www.miomiorun.com\/app\/uploads\/2021\/09\/garmin-ut800-010-01673-00.jpg","type":"image\/jpeg"}],"twitter_card":"summary_large_image","twitter_misc":{"Est. reading time":"3 minutes"},"schema":{"@context":"https:\/\/schema.org","@graph":[{"@type":"WebPage","@id":"https:\/\/www.miomiorun.com\/fr\/produit\/garmin-phare-avant-smart-varia-ut800\/","url":"https:\/\/www.miomiorun.com\/fr\/produit\/garmin-phare-avant-smart-varia-ut800\/","name":"Garmin Smart Varia UT800 - Phare avant de v\u00e9lo - MioMioRun","isPartOf":{"@id":"https:\/\/www.miomiorun.com\/fr\/#website"},"primaryImageOfPage":{"@id":"https:\/\/www.miomiorun.com\/fr\/produit\/garmin-phare-avant-smart-varia-ut800\/#primaryimage"},"image":{"@id":"https:\/\/www.miomiorun.com\/fr\/produit\/garmin-phare-avant-smart-varia-ut800\/#primaryimage"},"thumbnailUrl":"https:\/\/www.miomiorun.com\/app\/uploads\/2021\/09\/garmin-ut800-010-01673-00.jpg","datePublished":"2021-09-18T16:02:58+00:00","dateModified":"2026-03-27T08:45:48+00:00","description":"Gr\u00e2ce au feu avant intelligent Garmin Varia UT800, que ce soit en ville ou sur les sentiers, vous pouvez continuer \u00e0 p\u00e9daler m\u00eame apr\u00e8s le coucher du soleil.","breadcrumb":{"@id":"https:\/\/www.miomiorun.com\/fr\/produit\/garmin-phare-avant-smart-varia-ut800\/#breadcrumb"},"inLanguage":"fr-FR","potentialAction":[{"@type":"ReadAction","target":["https:\/\/www.miomiorun.com\/fr\/produit\/garmin-phare-avant-smart-varia-ut800\/"]}]},{"@type":"ImageObject","inLanguage":"fr-FR","@id":"https:\/\/www.miomiorun.com\/fr\/produit\/garmin-phare-avant-smart-varia-ut800\/#primaryimage","url":"https:\/\/www.miomiorun.com\/app\/uploads\/2021\/09\/garmin-ut800-010-01673-00.jpg","contentUrl":"https:\/\/www.miomiorun.com\/app\/uploads\/2021\/09\/garmin-ut800-010-01673-00.jpg","width":600,"height":600,"caption":"garmin-ut800-010-01673-00"},{"@type":"BreadcrumbList","@id":"https:\/\/www.miomiorun.com\/fr\/produit\/garmin-phare-avant-smart-varia-ut800\/#breadcrumb","itemListElement":[{"@type":"ListItem","position":1,"name":"Home","item":"https:\/\/www.miomiorun.com\/fr\/home-page\/"},{"@type":"ListItem","position":2,"name":"Shop","item":"https:\/\/www.miomiorun.com\/shop\/"},{"@type":"ListItem","position":3,"name":"Smart Varia UT800"}]},{"@type":"WebSite","@id":"https:\/\/www.miomiorun.com\/fr\/#website","url":"https:\/\/www.miomiorun.com\/fr\/","name":"MioMioRun","description":"Boutique 100% running et trail","publisher":{"@id":"https:\/\/www.miomiorun.com\/fr\/#organization"},"potentialAction":[{"@type":"SearchAction","target":{"@type":"EntryPoint","urlTemplate":"https:\/\/www.miomiorun.com\/fr\/?s={search_term_string}"},"query-input":{"@type":"PropertyValueSpecification","valueRequired":true,"valueName":"search_term_string"}}],"inLanguage":"fr-FR"},{"@type":"Organization","@id":"https:\/\/www.miomiorun.com\/fr\/#organization","name":"MioMio Run","url":"https:\/\/www.miomiorun.com\/fr\/","logo":{"@type":"ImageObject","inLanguage":"fr-FR","@id":"https:\/\/www.miomiorun.com\/fr\/#\/schema\/logo\/image\/","url":"https:\/\/www.miomiorun.com\/app\/uploads\/2019\/12\/logomio.png","contentUrl":"https:\/\/www.miomiorun.com\/app\/uploads\/2019\/12\/logomio.png","width":115,"height":82,"caption":"MioMio Run"},"image":{"@id":"https:\/\/www.miomiorun.com\/fr\/#\/schema\/logo\/image\/"},"sameAs":["https:\/\/www.facebook.com\/miomiorun\/","https:\/\/www.instagram.com\/miomiorun\/"]}]}},"_links":{"self":[{"href":"https:\/\/www.miomiorun.com\/fr\/wp-json\/wp\/v2\/product\/279976","targetHints":{"allow":["GET"]}}],"collection":[{"href":"https:\/\/www.miomiorun.com\/fr\/wp-json\/wp\/v2\/product"}],"about":[{"href":"https:\/\/www.miomiorun.com\/fr\/wp-json\/wp\/v2\/types\/product"}],"wp:featuredmedia":[{"embeddable":true,"href":"https:\/\/www.miomiorun.com\/fr\/wp-json\/wp\/v2\/media\/233389"}],"wp:attachment":[{"href":"https:\/\/www.miomiorun.com\/fr\/wp-json\/wp\/v2\/media?parent=279976"}],"wp:term":[{"taxonomy":"product_brand","embeddable":true,"href":"https:\/\/www.miomiorun.com\/fr\/wp-json\/wp\/v2\/product_brand?post=279976"},{"taxonomy":"product_cat","embeddable":true,"href":"https:\/\/www.miomiorun.com\/fr\/wp-json\/wp\/v2\/product_cat?post=279976"},{"taxonomy":"product_tag","embeddable":true,"href":"https:\/\/www.miomiorun.com\/fr\/wp-json\/wp\/v2\/product_tag?post=279976"}],"curies":[{"name":"wp","href":"https:\/\/api.w.org\/{rel}","templated":true}]}}