{"id":279972,"date":"2021-09-21T17:15:43","date_gmt":"2021-09-21T15:15:43","guid":{"rendered":"https:\/\/miomiorun.com\/prodotto\/compressport-fast-cup\/"},"modified":"2025-12-18T12:26:32","modified_gmt":"2025-12-18T11:26:32","slug":"compressport-fast-cup","status":"publish","type":"product","link":"https:\/\/www.miomiorun.com\/fr\/produit\/compressport-fast-cup\/","title":{"rendered":"Fast Cup"},"content":{"rendered":"<p>L&#8217;\u00e9poque o\u00f9 les gobelets en plastique \u00e9taient jet\u00e9s dans la montagne apr\u00e8s les passages aux stations d&#8217;assistance est r\u00e9volue. Le gobelet pliable <strong>Fast Cup<\/strong> est d\u00e9sormais obligatoire dans les listes d&#8217;\u00e9quipement pour les courses d&#8217;ultra-trail afin de r\u00e9duire les d\u00e9chets et la pollution qui en d\u00e9coule.<\/p>\n<p>Ce gobelet de trail flexible, qui ne p\u00e8se que 7 grammes, est l\u00e9ger et extr\u00eamement r\u00e9sistant et a une capacit\u00e9 totale de 200 ml. Son bord rigide et son trou ergonomique pour le pouce offrent une plus grande stabilit\u00e9 pour un remplissage facile et pour boire en courant sans faire d\u00e9border le liquide. R\u00e9sistant \u00e0 la chaleur, le gobelet est con\u00e7u pour contenir des boissons chaudes ou froides et peut \u00eatre facilement lav\u00e9 au lave-vaisselle.<\/p>\n<p>Il est garanti 100 % sans BPA et sans PVC, vous pouvez donc le r\u00e9utiliser en toute s\u00e9curit\u00e9 course apr\u00e8s course. Il suffit de l&#8217;accrocher \u00e0 votre sac \u00e0 dos pour le prendre facilement ou de le plier et de le glisser dans une veste ou dans la poche de votre ceinture. Quel que soit l&#8217;\u00e9v\u00e9nement que vous avez choisi, le Fast Cup est un compagnon pratique et durable pour un ravitaillement \u00e9cologique o\u00f9 que vous alliez concourir.<\/p>\n<div class=\"tab-pane fade in active\" role=\"tabpanel\">\n<p><strong>100 % sans BPA ni PVC<\/strong><\/p>\n<\/div>\n<div class=\"tab-pane fade in active\" role=\"tabpanel\">\n<h3 id=\"techno_278\" class=\"col-lg-4 col-12 collapse show\" data-parent=\"#feat_table_10\" data-bck-image=\"https:\/\/www.compressport.com\/it\/img\/feature_values\/2_278.png\">Poids net du produit<\/h3>\n<\/div>\n<div>\n<section class=\"product-additional-info pt-4 pb-4\">\n<div class=\"d-flex mt-5 pt-4 pb-md-4 pb-3 text-center box-additional-info align-items-center flex-wrap\">\n<div class=\"col-lg-3 col-md-6 col-12 data-sheet\">\n<p>8,00 g<\/p>\n<\/div>\n<div class=\"data-sheet col-lg-3 col-md-6 col-12 feature_1 \">\n<h3>Composition<\/h3>\n<p>TPU<\/p>\n<\/div>\n<div class=\"col-lg-3 col-md-6 col-12 data-sheet\">\n<h3>Instructions de lavage et d&#8217;entretien<\/h3>\n<p><img decoding=\"async\" class=\"img-fluid\" src=\"https:\/\/www.compressport.com\/img\/cms\/icons\/picto_wash.png\"><\/p>\n<\/div>\n<div class=\"col-lg-3 col-md-6 col-12 data-sheet data-sheet-developed\"><img decoding=\"async\" class=\"img-fluid\" src=\"https:\/\/www.compressport.com\/img\/cms\/icons\/developed_swiss.png\"><\/div>\n<\/div>\n<\/section>\n<\/div>\n","protected":false},"excerpt":{"rendered":"<p>L&#8217;\u00e9poque o\u00f9 les gobelets en plastique \u00e9taient jet\u00e9s dans la montagne apr\u00e8s les passages aux stations d&#8217;assistance est r\u00e9volue. Le gobelet pliable Fast Cup est d\u00e9sormais obligatoire dans les listes d&#8217;\u00e9quipement pour les courses d&#8217;ultra-trail afin de r\u00e9duire les d\u00e9chets et la pollution qui en d\u00e9coule. Ce gobelet de trail flexible, qui ne p\u00e8se que &hellip; <a href=\"https:\/\/www.miomiorun.com\/fr\/produit\/compressport-fast-cup\/\">Continued<\/a><\/p>\n","protected":false},"featured_media":233427,"template":"","meta":{"_acf_changed":false,"inline_featured_image":false},"product_brand":[],"product_cat":[22575,22574,22538],"product_tag":[23470],"class_list":{"0":"post-279972","1":"product","2":"type-product","3":"status-publish","4":"has-post-thumbnail","6":"product_cat-flacons","7":"product_cat-hydratation","8":"product_cat-accessoires","9":"product_tag-compressport-fr","10":"pa_attivita-outdoor-fr","11":"pa_attivita-trail-fr","12":"pa_marca-compressport-fr","13":"pa_sesso-femme","14":"pa_sesso-homme","16":"first","17":"instock","18":"taxable","19":"shipping-taxable","20":"purchasable","21":"product-type-simple"},"acf":[],"yoast_head":"<!-- This site is optimized with the Yoast SEO plugin v26.8 - https:\/\/yoast.com\/product\/yoast-seo-wordpress\/ -->\n<title>Compressport Fast Cup - Course de coupe - MioMioRun<\/title>\n<meta name=\"description\" content=\"Le temps o\u00f9 les gobelets en plastique \u00e9taient dispers\u00e9s dans la montagne apr\u00e8s les passages aux stations d&#039;assistance est r\u00e9volu.\" \/>\n<meta name=\"robots\" content=\"index, follow, max-snippet:-1, max-image-preview:large, max-video-preview:-1\" \/>\n<link rel=\"canonical\" href=\"https:\/\/www.miomiorun.com\/fr\/produit\/compressport-fast-cup\/\" \/>\n<meta property=\"og:locale\" content=\"fr_FR\" \/>\n<meta property=\"og:type\" content=\"article\" \/>\n<meta property=\"og:title\" content=\"Compressport Fast Cup - Course de coupe - MioMioRun\" \/>\n<meta property=\"og:description\" content=\"Le temps o\u00f9 les gobelets en plastique \u00e9taient dispers\u00e9s dans la montagne apr\u00e8s les passages aux stations d&#039;assistance est r\u00e9volu.\" \/>\n<meta property=\"og:url\" content=\"https:\/\/www.miomiorun.com\/fr\/produit\/compressport-fast-cup\/\" \/>\n<meta property=\"og:site_name\" content=\"MioMioRun\" \/>\n<meta property=\"article:publisher\" content=\"https:\/\/www.facebook.com\/miomiorun\/\" \/>\n<meta property=\"article:modified_time\" content=\"2025-12-18T11:26:32+00:00\" \/>\n<meta property=\"og:image\" content=\"https:\/\/www.miomiorun.com\/app\/uploads\/2021\/09\/compressport-Fast-cup-CU00018B-RED.jpg\" \/>\n\t<meta property=\"og:image:width\" content=\"600\" \/>\n\t<meta property=\"og:image:height\" content=\"600\" \/>\n\t<meta property=\"og:image:type\" content=\"image\/jpeg\" \/>\n<meta name=\"twitter:card\" content=\"summary_large_image\" \/>\n<meta name=\"twitter:label1\" content=\"Est. reading time\" \/>\n\t<meta name=\"twitter:data1\" content=\"1 minute\" \/>\n<script type=\"application\/ld+json\" class=\"yoast-schema-graph\">{\"@context\":\"https:\/\/schema.org\",\"@graph\":[{\"@type\":\"WebPage\",\"@id\":\"https:\/\/www.miomiorun.com\/fr\/produit\/compressport-fast-cup\/\",\"url\":\"https:\/\/www.miomiorun.com\/fr\/produit\/compressport-fast-cup\/\",\"name\":\"Compressport Fast Cup - Course de coupe - MioMioRun\",\"isPartOf\":{\"@id\":\"https:\/\/www.miomiorun.com\/fr\/#website\"},\"primaryImageOfPage\":{\"@id\":\"https:\/\/www.miomiorun.com\/fr\/produit\/compressport-fast-cup\/#primaryimage\"},\"image\":{\"@id\":\"https:\/\/www.miomiorun.com\/fr\/produit\/compressport-fast-cup\/#primaryimage\"},\"thumbnailUrl\":\"https:\/\/www.miomiorun.com\/app\/uploads\/2021\/09\/compressport-Fast-cup-CU00018B-RED.jpg\",\"datePublished\":\"2021-09-21T15:15:43+00:00\",\"dateModified\":\"2025-12-18T11:26:32+00:00\",\"description\":\"Le temps o\u00f9 les gobelets en plastique \u00e9taient dispers\u00e9s dans la montagne apr\u00e8s les passages aux stations d'assistance est r\u00e9volu.\",\"breadcrumb\":{\"@id\":\"https:\/\/www.miomiorun.com\/fr\/produit\/compressport-fast-cup\/#breadcrumb\"},\"inLanguage\":\"fr-FR\",\"potentialAction\":[{\"@type\":\"ReadAction\",\"target\":[\"https:\/\/www.miomiorun.com\/fr\/produit\/compressport-fast-cup\/\"]}]},{\"@type\":\"ImageObject\",\"inLanguage\":\"fr-FR\",\"@id\":\"https:\/\/www.miomiorun.com\/fr\/produit\/compressport-fast-cup\/#primaryimage\",\"url\":\"https:\/\/www.miomiorun.com\/app\/uploads\/2021\/09\/compressport-Fast-cup-CU00018B-RED.jpg\",\"contentUrl\":\"https:\/\/www.miomiorun.com\/app\/uploads\/2021\/09\/compressport-Fast-cup-CU00018B-RED.jpg\",\"width\":600,\"height\":600,\"caption\":\"compressport-Fast-cup-CU00018B-RED\"},{\"@type\":\"BreadcrumbList\",\"@id\":\"https:\/\/www.miomiorun.com\/fr\/produit\/compressport-fast-cup\/#breadcrumb\",\"itemListElement\":[{\"@type\":\"ListItem\",\"position\":1,\"name\":\"Home\",\"item\":\"https:\/\/www.miomiorun.com\/fr\/home-page\/\"},{\"@type\":\"ListItem\",\"position\":2,\"name\":\"Shop\",\"item\":\"https:\/\/www.miomiorun.com\/shop\/\"},{\"@type\":\"ListItem\",\"position\":3,\"name\":\"Fast Cup\"}]},{\"@type\":\"WebSite\",\"@id\":\"https:\/\/www.miomiorun.com\/fr\/#website\",\"url\":\"https:\/\/www.miomiorun.com\/fr\/\",\"name\":\"MioMioRun\",\"description\":\"Boutique 100% running et trail\",\"publisher\":{\"@id\":\"https:\/\/www.miomiorun.com\/fr\/#organization\"},\"potentialAction\":[{\"@type\":\"SearchAction\",\"target\":{\"@type\":\"EntryPoint\",\"urlTemplate\":\"https:\/\/www.miomiorun.com\/fr\/?s={search_term_string}\"},\"query-input\":{\"@type\":\"PropertyValueSpecification\",\"valueRequired\":true,\"valueName\":\"search_term_string\"}}],\"inLanguage\":\"fr-FR\"},{\"@type\":\"Organization\",\"@id\":\"https:\/\/www.miomiorun.com\/fr\/#organization\",\"name\":\"MioMio Run\",\"url\":\"https:\/\/www.miomiorun.com\/fr\/\",\"logo\":{\"@type\":\"ImageObject\",\"inLanguage\":\"fr-FR\",\"@id\":\"https:\/\/www.miomiorun.com\/fr\/#\/schema\/logo\/image\/\",\"url\":\"https:\/\/www.miomiorun.com\/app\/uploads\/2019\/12\/logomio.png\",\"contentUrl\":\"https:\/\/www.miomiorun.com\/app\/uploads\/2019\/12\/logomio.png\",\"width\":115,\"height\":82,\"caption\":\"MioMio Run\"},\"image\":{\"@id\":\"https:\/\/www.miomiorun.com\/fr\/#\/schema\/logo\/image\/\"},\"sameAs\":[\"https:\/\/www.facebook.com\/miomiorun\/\",\"https:\/\/www.instagram.com\/miomiorun\/\"]}]}<\/script>\n<!-- \/ Yoast SEO plugin. -->","yoast_head_json":{"title":"Compressport Fast Cup - Course de coupe - MioMioRun","description":"Le temps o\u00f9 les gobelets en plastique \u00e9taient dispers\u00e9s dans la montagne apr\u00e8s les passages aux stations d'assistance est r\u00e9volu.","robots":{"index":"index","follow":"follow","max-snippet":"max-snippet:-1","max-image-preview":"max-image-preview:large","max-video-preview":"max-video-preview:-1"},"canonical":"https:\/\/www.miomiorun.com\/fr\/produit\/compressport-fast-cup\/","og_locale":"fr_FR","og_type":"article","og_title":"Compressport Fast Cup - Course de coupe - MioMioRun","og_description":"Le temps o\u00f9 les gobelets en plastique \u00e9taient dispers\u00e9s dans la montagne apr\u00e8s les passages aux stations d'assistance est r\u00e9volu.","og_url":"https:\/\/www.miomiorun.com\/fr\/produit\/compressport-fast-cup\/","og_site_name":"MioMioRun","article_publisher":"https:\/\/www.facebook.com\/miomiorun\/","article_modified_time":"2025-12-18T11:26:32+00:00","og_image":[{"width":600,"height":600,"url":"https:\/\/www.miomiorun.com\/app\/uploads\/2021\/09\/compressport-Fast-cup-CU00018B-RED.jpg","type":"image\/jpeg"}],"twitter_card":"summary_large_image","twitter_misc":{"Est. reading time":"1 minute"},"schema":{"@context":"https:\/\/schema.org","@graph":[{"@type":"WebPage","@id":"https:\/\/www.miomiorun.com\/fr\/produit\/compressport-fast-cup\/","url":"https:\/\/www.miomiorun.com\/fr\/produit\/compressport-fast-cup\/","name":"Compressport Fast Cup - Course de coupe - MioMioRun","isPartOf":{"@id":"https:\/\/www.miomiorun.com\/fr\/#website"},"primaryImageOfPage":{"@id":"https:\/\/www.miomiorun.com\/fr\/produit\/compressport-fast-cup\/#primaryimage"},"image":{"@id":"https:\/\/www.miomiorun.com\/fr\/produit\/compressport-fast-cup\/#primaryimage"},"thumbnailUrl":"https:\/\/www.miomiorun.com\/app\/uploads\/2021\/09\/compressport-Fast-cup-CU00018B-RED.jpg","datePublished":"2021-09-21T15:15:43+00:00","dateModified":"2025-12-18T11:26:32+00:00","description":"Le temps o\u00f9 les gobelets en plastique \u00e9taient dispers\u00e9s dans la montagne apr\u00e8s les passages aux stations d'assistance est r\u00e9volu.","breadcrumb":{"@id":"https:\/\/www.miomiorun.com\/fr\/produit\/compressport-fast-cup\/#breadcrumb"},"inLanguage":"fr-FR","potentialAction":[{"@type":"ReadAction","target":["https:\/\/www.miomiorun.com\/fr\/produit\/compressport-fast-cup\/"]}]},{"@type":"ImageObject","inLanguage":"fr-FR","@id":"https:\/\/www.miomiorun.com\/fr\/produit\/compressport-fast-cup\/#primaryimage","url":"https:\/\/www.miomiorun.com\/app\/uploads\/2021\/09\/compressport-Fast-cup-CU00018B-RED.jpg","contentUrl":"https:\/\/www.miomiorun.com\/app\/uploads\/2021\/09\/compressport-Fast-cup-CU00018B-RED.jpg","width":600,"height":600,"caption":"compressport-Fast-cup-CU00018B-RED"},{"@type":"BreadcrumbList","@id":"https:\/\/www.miomiorun.com\/fr\/produit\/compressport-fast-cup\/#breadcrumb","itemListElement":[{"@type":"ListItem","position":1,"name":"Home","item":"https:\/\/www.miomiorun.com\/fr\/home-page\/"},{"@type":"ListItem","position":2,"name":"Shop","item":"https:\/\/www.miomiorun.com\/shop\/"},{"@type":"ListItem","position":3,"name":"Fast Cup"}]},{"@type":"WebSite","@id":"https:\/\/www.miomiorun.com\/fr\/#website","url":"https:\/\/www.miomiorun.com\/fr\/","name":"MioMioRun","description":"Boutique 100% running et trail","publisher":{"@id":"https:\/\/www.miomiorun.com\/fr\/#organization"},"potentialAction":[{"@type":"SearchAction","target":{"@type":"EntryPoint","urlTemplate":"https:\/\/www.miomiorun.com\/fr\/?s={search_term_string}"},"query-input":{"@type":"PropertyValueSpecification","valueRequired":true,"valueName":"search_term_string"}}],"inLanguage":"fr-FR"},{"@type":"Organization","@id":"https:\/\/www.miomiorun.com\/fr\/#organization","name":"MioMio Run","url":"https:\/\/www.miomiorun.com\/fr\/","logo":{"@type":"ImageObject","inLanguage":"fr-FR","@id":"https:\/\/www.miomiorun.com\/fr\/#\/schema\/logo\/image\/","url":"https:\/\/www.miomiorun.com\/app\/uploads\/2019\/12\/logomio.png","contentUrl":"https:\/\/www.miomiorun.com\/app\/uploads\/2019\/12\/logomio.png","width":115,"height":82,"caption":"MioMio Run"},"image":{"@id":"https:\/\/www.miomiorun.com\/fr\/#\/schema\/logo\/image\/"},"sameAs":["https:\/\/www.facebook.com\/miomiorun\/","https:\/\/www.instagram.com\/miomiorun\/"]}]}},"_links":{"self":[{"href":"https:\/\/www.miomiorun.com\/fr\/wp-json\/wp\/v2\/product\/279972","targetHints":{"allow":["GET"]}}],"collection":[{"href":"https:\/\/www.miomiorun.com\/fr\/wp-json\/wp\/v2\/product"}],"about":[{"href":"https:\/\/www.miomiorun.com\/fr\/wp-json\/wp\/v2\/types\/product"}],"wp:featuredmedia":[{"embeddable":true,"href":"https:\/\/www.miomiorun.com\/fr\/wp-json\/wp\/v2\/media\/233427"}],"wp:attachment":[{"href":"https:\/\/www.miomiorun.com\/fr\/wp-json\/wp\/v2\/media?parent=279972"}],"wp:term":[{"taxonomy":"product_brand","embeddable":true,"href":"https:\/\/www.miomiorun.com\/fr\/wp-json\/wp\/v2\/product_brand?post=279972"},{"taxonomy":"product_cat","embeddable":true,"href":"https:\/\/www.miomiorun.com\/fr\/wp-json\/wp\/v2\/product_cat?post=279972"},{"taxonomy":"product_tag","embeddable":true,"href":"https:\/\/www.miomiorun.com\/fr\/wp-json\/wp\/v2\/product_tag?post=279972"}],"curies":[{"name":"wp","href":"https:\/\/api.w.org\/{rel}","templated":true}]}}