{"id":279950,"date":"2021-10-02T09:53:43","date_gmt":"2021-10-02T07:53:43","guid":{"rendered":"https:\/\/miomiorun.com\/prodotto\/cep-animal-mid-cut-donna\/"},"modified":"2025-12-27T12:28:40","modified_gmt":"2025-12-27T11:28:40","slug":"cep-animal-mid-cut-femme","status":"publish","type":"product","link":"https:\/\/www.miomiorun.com\/fr\/produit\/cep-animal-mid-cut-femme\/","title":{"rendered":"Animal Mid Cut femme"},"content":{"rendered":"<p>Atteignez vos objectifs de course avec la souplesse d&#8217;un f\u00e9lin ! Gr\u00e2ce \u00e0 la technologie moderne des chaussettes Animal Compression Mid Cut Socks pour femmes, vos nouveaux records personnels sont \u00e0 port\u00e9e de main. L&#8217;<strong>effet stimulant de la compression<\/strong> s&#8217;associe \u00e0 un excellent ajustement dans toutes les situations. Vous pouvez profiter d&#8217;une sensation agr\u00e9able et am\u00e9liorer vos performances. Les chaussettes de compression sont au top gr\u00e2ce \u00e0 leur design tigr\u00e9 et tendance qui ne passe pas inaper\u00e7u.<\/p>\n<h3>Les arr\u00eats ind\u00e9sirables caus\u00e9s par les ampoules appartiennent au pass\u00e9<\/h3>\n<p>Avez-vous d\u00e9j\u00e0 d\u00fb renoncer \u00e0 votre entra\u00eenement \u00e0 cause d&#8217;ampoules ? Avec ces chaussettes de compression pour femmes, cela n&#8217;arrivera plus. Gr\u00e2ce \u00e0 leur <strong>ajustement parfait <\/strong>et \u00e0 leur <strong>m\u00e9lange de mat\u00e9riaux r\u00e9put\u00e9 <\/strong>, ils ne glissent pas sur le pied. Cela <strong>pr\u00e9vient les ampoules<\/strong>, car celles-ci se forment principalement \u00e0 cause des frottements.<\/p>\n<h3>Risque de blessures r\u00e9duit gr\u00e2ce \u00e0 une stimulation profonde<\/h3>\n<p>La compression medi assure une stimulation profonde et <strong>stabilise les articulations<\/strong>. En m\u00eame temps, elle <strong>augmente votre proprioception<\/strong> pendant le mouvement. C&#8217;est pourquoi les chaussettes Animal Compression Mid Cut pour femmes contribuent \u00e0 un entra\u00eenement plus s\u00fbr : le risque d&#8217;entorses et de blessures est r\u00e9duit.<\/p>\n<h3>Profitez d&#8217;un confort maximal gr\u00e2ce \u00e0 un amorti suppl\u00e9mentaire<\/h3>\n<p>Les chaussettes de compression pour femmes optimisent l&#8217;amorti de vos chaussures de course. Elles sont dot\u00e9es de zones rembourr\u00e9es int\u00e9gr\u00e9es au niveau du pied et sont exceptionnelles : elles prot\u00e8gent <strong>votre appareil locomoteur et optimisent l&#8217;ajustement du pied dans la chaussure de course.<\/strong><\/p>\n","protected":false},"excerpt":{"rendered":"<p>Atteignez vos objectifs de course avec la souplesse d&#8217;un f\u00e9lin ! Gr\u00e2ce \u00e0 la technologie moderne des chaussettes Animal Compression Mid Cut Socks pour femmes, vos nouveaux records personnels sont \u00e0 port\u00e9e de main. L&#8217;effet stimulant de la compression s&#8217;associe \u00e0 un excellent ajustement dans toutes les situations. Vous pouvez profiter d&#8217;une sensation agr\u00e9able et &hellip; <a href=\"https:\/\/www.miomiorun.com\/fr\/produit\/cep-animal-mid-cut-femme\/\">Continued<\/a><\/p>\n","protected":false},"featured_media":233591,"template":"","meta":{"_acf_changed":false,"inline_featured_image":false},"product_brand":[],"product_cat":[22597,22596,22595],"product_tag":[23469,23651],"class_list":{"0":"post-279950","1":"product","2":"type-product","3":"status-publish","4":"has-post-thumbnail","6":"product_cat-chaussettes","7":"product_cat-vetements-pour-femmes","8":"product_cat-femme","9":"product_tag-cep-fr","10":"product_tag-cep-femme","11":"pa_attivita-marcher","12":"pa_attivita-running-fr","13":"pa_colore-animal-mid-cut-w-black-white-fr","14":"pa_marca-cep-fr","15":"pa_sesso-femme","16":"pa_size-34-37-fr","17":"pa_size-37-40-fr","19":"first","20":"instock","21":"sale","22":"taxable","23":"shipping-taxable","24":"purchasable","25":"product-type-variable","26":"wvs-archive-product-wrapper"},"acf":[],"yoast_head":"<!-- This site is optimized with the Yoast SEO plugin v26.8 - https:\/\/yoast.com\/product\/yoast-seo-wordpress\/ -->\n<title>Cep Animal Mid Cut femme - Chaussettes de course- MioMioRun.com<\/title>\n<meta name=\"description\" content=\"Gr\u00e2ce \u00e0 la technologie moderne des chaussettes mi-hautes Animal Compression Mid Cut Socks pour femmes, vos nouveaux records personnels sont \u00e0 port\u00e9e de main.\" \/>\n<meta name=\"robots\" content=\"index, follow, max-snippet:-1, max-image-preview:large, max-video-preview:-1\" \/>\n<link rel=\"canonical\" href=\"https:\/\/www.miomiorun.com\/fr\/produit\/cep-animal-mid-cut-femme\/\" \/>\n<meta property=\"og:locale\" content=\"fr_FR\" \/>\n<meta property=\"og:type\" content=\"article\" \/>\n<meta property=\"og:title\" content=\"Cep Animal Mid Cut femme - Chaussettes de course- MioMioRun.com\" \/>\n<meta property=\"og:description\" content=\"Gr\u00e2ce \u00e0 la technologie moderne des chaussettes mi-hautes Animal Compression Mid Cut Socks pour femmes, vos nouveaux records personnels sont \u00e0 port\u00e9e de main.\" \/>\n<meta property=\"og:url\" content=\"https:\/\/www.miomiorun.com\/fr\/produit\/cep-animal-mid-cut-femme\/\" \/>\n<meta property=\"og:site_name\" content=\"MioMioRun\" \/>\n<meta property=\"article:publisher\" content=\"https:\/\/www.facebook.com\/miomiorun\/\" \/>\n<meta property=\"article:modified_time\" content=\"2025-12-27T11:28:40+00:00\" \/>\n<meta property=\"og:image\" content=\"https:\/\/www.miomiorun.com\/app\/uploads\/2021\/10\/cep-Animal-mid-cut-WP2CBD.jpg\" \/>\n\t<meta property=\"og:image:width\" content=\"600\" \/>\n\t<meta property=\"og:image:height\" content=\"600\" \/>\n\t<meta property=\"og:image:type\" content=\"image\/jpeg\" \/>\n<meta name=\"twitter:card\" content=\"summary_large_image\" \/>\n<meta name=\"twitter:label1\" content=\"Est. reading time\" \/>\n\t<meta name=\"twitter:data1\" content=\"1 minute\" \/>\n<script type=\"application\/ld+json\" class=\"yoast-schema-graph\">{\"@context\":\"https:\/\/schema.org\",\"@graph\":[{\"@type\":\"WebPage\",\"@id\":\"https:\/\/www.miomiorun.com\/fr\/produit\/cep-animal-mid-cut-femme\/\",\"url\":\"https:\/\/www.miomiorun.com\/fr\/produit\/cep-animal-mid-cut-femme\/\",\"name\":\"Cep Animal Mid Cut femme - Chaussettes de course- MioMioRun.com\",\"isPartOf\":{\"@id\":\"https:\/\/www.miomiorun.com\/fr\/#website\"},\"primaryImageOfPage\":{\"@id\":\"https:\/\/www.miomiorun.com\/fr\/produit\/cep-animal-mid-cut-femme\/#primaryimage\"},\"image\":{\"@id\":\"https:\/\/www.miomiorun.com\/fr\/produit\/cep-animal-mid-cut-femme\/#primaryimage\"},\"thumbnailUrl\":\"https:\/\/www.miomiorun.com\/app\/uploads\/2021\/10\/cep-Animal-mid-cut-WP2CBD.jpg\",\"datePublished\":\"2021-10-02T07:53:43+00:00\",\"dateModified\":\"2025-12-27T11:28:40+00:00\",\"description\":\"Gr\u00e2ce \u00e0 la technologie moderne des chaussettes mi-hautes Animal Compression Mid Cut Socks pour femmes, vos nouveaux records personnels sont \u00e0 port\u00e9e de main.\",\"breadcrumb\":{\"@id\":\"https:\/\/www.miomiorun.com\/fr\/produit\/cep-animal-mid-cut-femme\/#breadcrumb\"},\"inLanguage\":\"fr-FR\",\"potentialAction\":[{\"@type\":\"ReadAction\",\"target\":[\"https:\/\/www.miomiorun.com\/fr\/produit\/cep-animal-mid-cut-femme\/\"]}]},{\"@type\":\"ImageObject\",\"inLanguage\":\"fr-FR\",\"@id\":\"https:\/\/www.miomiorun.com\/fr\/produit\/cep-animal-mid-cut-femme\/#primaryimage\",\"url\":\"https:\/\/www.miomiorun.com\/app\/uploads\/2021\/10\/cep-Animal-mid-cut-WP2CBD.jpg\",\"contentUrl\":\"https:\/\/www.miomiorun.com\/app\/uploads\/2021\/10\/cep-Animal-mid-cut-WP2CBD.jpg\",\"width\":600,\"height\":600,\"caption\":\"cep-Animal-mid-cut-WP2CBD\"},{\"@type\":\"BreadcrumbList\",\"@id\":\"https:\/\/www.miomiorun.com\/fr\/produit\/cep-animal-mid-cut-femme\/#breadcrumb\",\"itemListElement\":[{\"@type\":\"ListItem\",\"position\":1,\"name\":\"Home\",\"item\":\"https:\/\/www.miomiorun.com\/fr\/home-page\/\"},{\"@type\":\"ListItem\",\"position\":2,\"name\":\"Shop\",\"item\":\"https:\/\/www.miomiorun.com\/shop\/\"},{\"@type\":\"ListItem\",\"position\":3,\"name\":\"Animal Mid Cut femme\"}]},{\"@type\":\"WebSite\",\"@id\":\"https:\/\/www.miomiorun.com\/fr\/#website\",\"url\":\"https:\/\/www.miomiorun.com\/fr\/\",\"name\":\"MioMioRun\",\"description\":\"Boutique 100% running et trail\",\"publisher\":{\"@id\":\"https:\/\/www.miomiorun.com\/fr\/#organization\"},\"potentialAction\":[{\"@type\":\"SearchAction\",\"target\":{\"@type\":\"EntryPoint\",\"urlTemplate\":\"https:\/\/www.miomiorun.com\/fr\/?s={search_term_string}\"},\"query-input\":{\"@type\":\"PropertyValueSpecification\",\"valueRequired\":true,\"valueName\":\"search_term_string\"}}],\"inLanguage\":\"fr-FR\"},{\"@type\":\"Organization\",\"@id\":\"https:\/\/www.miomiorun.com\/fr\/#organization\",\"name\":\"MioMio Run\",\"url\":\"https:\/\/www.miomiorun.com\/fr\/\",\"logo\":{\"@type\":\"ImageObject\",\"inLanguage\":\"fr-FR\",\"@id\":\"https:\/\/www.miomiorun.com\/fr\/#\/schema\/logo\/image\/\",\"url\":\"https:\/\/www.miomiorun.com\/app\/uploads\/2019\/12\/logomio.png\",\"contentUrl\":\"https:\/\/www.miomiorun.com\/app\/uploads\/2019\/12\/logomio.png\",\"width\":115,\"height\":82,\"caption\":\"MioMio Run\"},\"image\":{\"@id\":\"https:\/\/www.miomiorun.com\/fr\/#\/schema\/logo\/image\/\"},\"sameAs\":[\"https:\/\/www.facebook.com\/miomiorun\/\",\"https:\/\/www.instagram.com\/miomiorun\/\"]}]}<\/script>\n<!-- \/ Yoast SEO plugin. -->","yoast_head_json":{"title":"Cep Animal Mid Cut femme - Chaussettes de course- MioMioRun.com","description":"Gr\u00e2ce \u00e0 la technologie moderne des chaussettes mi-hautes Animal Compression Mid Cut Socks pour femmes, vos nouveaux records personnels sont \u00e0 port\u00e9e de main.","robots":{"index":"index","follow":"follow","max-snippet":"max-snippet:-1","max-image-preview":"max-image-preview:large","max-video-preview":"max-video-preview:-1"},"canonical":"https:\/\/www.miomiorun.com\/fr\/produit\/cep-animal-mid-cut-femme\/","og_locale":"fr_FR","og_type":"article","og_title":"Cep Animal Mid Cut femme - Chaussettes de course- MioMioRun.com","og_description":"Gr\u00e2ce \u00e0 la technologie moderne des chaussettes mi-hautes Animal Compression Mid Cut Socks pour femmes, vos nouveaux records personnels sont \u00e0 port\u00e9e de main.","og_url":"https:\/\/www.miomiorun.com\/fr\/produit\/cep-animal-mid-cut-femme\/","og_site_name":"MioMioRun","article_publisher":"https:\/\/www.facebook.com\/miomiorun\/","article_modified_time":"2025-12-27T11:28:40+00:00","og_image":[{"width":600,"height":600,"url":"https:\/\/www.miomiorun.com\/app\/uploads\/2021\/10\/cep-Animal-mid-cut-WP2CBD.jpg","type":"image\/jpeg"}],"twitter_card":"summary_large_image","twitter_misc":{"Est. reading time":"1 minute"},"schema":{"@context":"https:\/\/schema.org","@graph":[{"@type":"WebPage","@id":"https:\/\/www.miomiorun.com\/fr\/produit\/cep-animal-mid-cut-femme\/","url":"https:\/\/www.miomiorun.com\/fr\/produit\/cep-animal-mid-cut-femme\/","name":"Cep Animal Mid Cut femme - Chaussettes de course- MioMioRun.com","isPartOf":{"@id":"https:\/\/www.miomiorun.com\/fr\/#website"},"primaryImageOfPage":{"@id":"https:\/\/www.miomiorun.com\/fr\/produit\/cep-animal-mid-cut-femme\/#primaryimage"},"image":{"@id":"https:\/\/www.miomiorun.com\/fr\/produit\/cep-animal-mid-cut-femme\/#primaryimage"},"thumbnailUrl":"https:\/\/www.miomiorun.com\/app\/uploads\/2021\/10\/cep-Animal-mid-cut-WP2CBD.jpg","datePublished":"2021-10-02T07:53:43+00:00","dateModified":"2025-12-27T11:28:40+00:00","description":"Gr\u00e2ce \u00e0 la technologie moderne des chaussettes mi-hautes Animal Compression Mid Cut Socks pour femmes, vos nouveaux records personnels sont \u00e0 port\u00e9e de main.","breadcrumb":{"@id":"https:\/\/www.miomiorun.com\/fr\/produit\/cep-animal-mid-cut-femme\/#breadcrumb"},"inLanguage":"fr-FR","potentialAction":[{"@type":"ReadAction","target":["https:\/\/www.miomiorun.com\/fr\/produit\/cep-animal-mid-cut-femme\/"]}]},{"@type":"ImageObject","inLanguage":"fr-FR","@id":"https:\/\/www.miomiorun.com\/fr\/produit\/cep-animal-mid-cut-femme\/#primaryimage","url":"https:\/\/www.miomiorun.com\/app\/uploads\/2021\/10\/cep-Animal-mid-cut-WP2CBD.jpg","contentUrl":"https:\/\/www.miomiorun.com\/app\/uploads\/2021\/10\/cep-Animal-mid-cut-WP2CBD.jpg","width":600,"height":600,"caption":"cep-Animal-mid-cut-WP2CBD"},{"@type":"BreadcrumbList","@id":"https:\/\/www.miomiorun.com\/fr\/produit\/cep-animal-mid-cut-femme\/#breadcrumb","itemListElement":[{"@type":"ListItem","position":1,"name":"Home","item":"https:\/\/www.miomiorun.com\/fr\/home-page\/"},{"@type":"ListItem","position":2,"name":"Shop","item":"https:\/\/www.miomiorun.com\/shop\/"},{"@type":"ListItem","position":3,"name":"Animal Mid Cut femme"}]},{"@type":"WebSite","@id":"https:\/\/www.miomiorun.com\/fr\/#website","url":"https:\/\/www.miomiorun.com\/fr\/","name":"MioMioRun","description":"Boutique 100% running et trail","publisher":{"@id":"https:\/\/www.miomiorun.com\/fr\/#organization"},"potentialAction":[{"@type":"SearchAction","target":{"@type":"EntryPoint","urlTemplate":"https:\/\/www.miomiorun.com\/fr\/?s={search_term_string}"},"query-input":{"@type":"PropertyValueSpecification","valueRequired":true,"valueName":"search_term_string"}}],"inLanguage":"fr-FR"},{"@type":"Organization","@id":"https:\/\/www.miomiorun.com\/fr\/#organization","name":"MioMio Run","url":"https:\/\/www.miomiorun.com\/fr\/","logo":{"@type":"ImageObject","inLanguage":"fr-FR","@id":"https:\/\/www.miomiorun.com\/fr\/#\/schema\/logo\/image\/","url":"https:\/\/www.miomiorun.com\/app\/uploads\/2019\/12\/logomio.png","contentUrl":"https:\/\/www.miomiorun.com\/app\/uploads\/2019\/12\/logomio.png","width":115,"height":82,"caption":"MioMio Run"},"image":{"@id":"https:\/\/www.miomiorun.com\/fr\/#\/schema\/logo\/image\/"},"sameAs":["https:\/\/www.facebook.com\/miomiorun\/","https:\/\/www.instagram.com\/miomiorun\/"]}]}},"_links":{"self":[{"href":"https:\/\/www.miomiorun.com\/fr\/wp-json\/wp\/v2\/product\/279950","targetHints":{"allow":["GET"]}}],"collection":[{"href":"https:\/\/www.miomiorun.com\/fr\/wp-json\/wp\/v2\/product"}],"about":[{"href":"https:\/\/www.miomiorun.com\/fr\/wp-json\/wp\/v2\/types\/product"}],"wp:featuredmedia":[{"embeddable":true,"href":"https:\/\/www.miomiorun.com\/fr\/wp-json\/wp\/v2\/media\/233591"}],"wp:attachment":[{"href":"https:\/\/www.miomiorun.com\/fr\/wp-json\/wp\/v2\/media?parent=279950"}],"wp:term":[{"taxonomy":"product_brand","embeddable":true,"href":"https:\/\/www.miomiorun.com\/fr\/wp-json\/wp\/v2\/product_brand?post=279950"},{"taxonomy":"product_cat","embeddable":true,"href":"https:\/\/www.miomiorun.com\/fr\/wp-json\/wp\/v2\/product_cat?post=279950"},{"taxonomy":"product_tag","embeddable":true,"href":"https:\/\/www.miomiorun.com\/fr\/wp-json\/wp\/v2\/product_tag?post=279950"}],"curies":[{"name":"wp","href":"https:\/\/api.w.org\/{rel}","templated":true}]}}