{"id":279867,"date":"2021-10-04T17:17:46","date_gmt":"2021-10-04T15:17:46","guid":{"rendered":"https:\/\/miomiorun.com\/prodotto\/cep-heartbeat-mid-cut-donna\/"},"modified":"2025-12-11T17:20:03","modified_gmt":"2025-12-11T16:20:03","slug":"cep-heartbeat-mid-cut-femme","status":"publish","type":"product","link":"https:\/\/www.miomiorun.com\/fr\/produit\/cep-heartbeat-mid-cut-femme\/","title":{"rendered":"Heartbeat Mid Cut femme"},"content":{"rendered":"<p>Profitez des avantages de la compression et commencez \u00e0 courir avec le nouveau design de CEP Sportswear : les chaussettes Heartbeat Mid Cut Socks pour femmes vous offrent <strong>plus d&#8217;\u00e9nergie<\/strong> sur les longues distances et <strong>une course sereine, gr\u00e2ce \u00e0 la compression m\u00e9dium renomm\u00e9e ! <\/strong>Votre rythme cardiaque s&#8217;harmonise avec vos foul\u00e9es : vous vous adaptez au rythme et atteignez l&#8217;euphorie de la course en pleine concentration. Les chaussettes de compression courtes pour femmes <strong>augmentent activement vos performances et vous offrent plus de stabilit\u00e9 et un amorti agr\u00e9able pendant votre course. <\/strong>Elles cr\u00e9ent ainsi les conditions id\u00e9ales pour un entra\u00eenement efficace.<\/p>\n<h3>Courir en toute s\u00e9curit\u00e9 gr\u00e2ce \u00e0 la stabilisation des articulations<\/h3>\n<p>Les chaussettes Heartbeat Mid Cut Socks stimulent vos articulations en profondeur gr\u00e2ce \u00e0 la compression. Cela r\u00e9duit le risque de blessures pendant la course. <strong>La conscience de la position de vos articulations s&#8217;am\u00e9liore<\/strong> et, avec elle, la s\u00e9curit\u00e9 de votre foul\u00e9e. R\u00e9sultat : vous pouvez vous concentrer <strong>enti\u00e8rement sur votre respiration et votre course<\/strong>, pour une augmentation de vos performances sans distraction.<\/p>\n<h3>Courir sans souci et sans ampoules<\/h3>\n<p>La coupe ajust\u00e9e antid\u00e9rapante et le m\u00e9lange innovant de mat\u00e9riaux des chaussettes courtes de compression pour femmes offrent une <strong>course sans frottements et pr\u00e9viennent la formation d&#8217;ampoules. <\/strong>Ne vous inqui\u00e9tez pas des pauses involontaires : avec les chaussettes Heartbeat Mid Cut Socks, vous pouvez parcourir de longues distances sans vous arr\u00eater et profiter pleinement de l&#8217;euphorie de la course.<\/p>\n<h3>Courir confortablement gr\u00e2ce \u00e0 des avantages intelligents<\/h3>\n<p><strong>Les bouts asym\u00e9triques et les rembourrages anatomiques <\/strong>constituent un avantage suppl\u00e9mentaire des chaussettes courtes de compression pour femmes. Les rembourrages <strong>amortissent, r\u00e9duisent les vibrations musculaires \u00e9puisantes<\/strong> et augmentent le confort \u00e0 chaque foul\u00e9e. Gr\u00e2ce \u00e0 leur <strong>ajustement optimal<\/strong>, les chaussettes restent exactement l\u00e0 o\u00f9 elles sont efficaces.<\/p>\n<p>Achetez d\u00e8s maintenant les chaussettes Heartbeat Mid Cut Socks et affrontez vos entra\u00eenements et vos comp\u00e9titions avec d\u00e9termination !<\/p>\n<h3 id=\"tab-label-product-info-material-medi\" class=\"data item title \" role=\"tab\" data-role=\"collapsible\" data-collapsible=\"true\" aria-controls=\"product-info-material-medi\" aria-expanded=\"false\">Mat\u00e9riaux<\/h3>\n<div id=\"product-info-material-medi\" class=\"data item content\" role=\"tabpanel\" aria-labelledby=\"tab-label-product-info-material-medi\" data-role=\"content\" aria-hidden=\"true\">\n<p>86 % polyamide, 14 % \u00e9lasthanne<\/p>\n<\/div>\n","protected":false},"excerpt":{"rendered":"<p>Profitez des avantages de la compression et commencez \u00e0 courir avec le nouveau design de CEP Sportswear : les chaussettes Heartbeat Mid Cut Socks pour femmes vous offrent plus d&#8217;\u00e9nergie sur les longues distances et une course sereine, gr\u00e2ce \u00e0 la compression m\u00e9dium renomm\u00e9e ! Votre rythme cardiaque s&#8217;harmonise avec vos foul\u00e9es : vous vous &hellip; <a href=\"https:\/\/www.miomiorun.com\/fr\/produit\/cep-heartbeat-mid-cut-femme\/\">Continued<\/a><\/p>\n","protected":false},"featured_media":233649,"template":"","meta":{"_acf_changed":false,"inline_featured_image":false},"product_brand":[],"product_cat":[22597,22596,22595],"product_tag":[23469,23651],"class_list":{"0":"post-279867","1":"product","2":"type-product","3":"status-publish","4":"has-post-thumbnail","6":"product_cat-chaussettes","7":"product_cat-vetements-pour-femmes","8":"product_cat-femme","9":"product_tag-cep-fr","10":"product_tag-cep-femme","11":"pa_attivita-marcher","12":"pa_attivita-running-fr","13":"pa_colore-heartbeat-compr-mid-cut-w-vulcan-fr","14":"pa_marca-cep-fr","15":"pa_sesso-femme","16":"pa_size-37-40-fr","18":"first","19":"instock","20":"sale","21":"taxable","22":"shipping-taxable","23":"purchasable","24":"product-type-variable","25":"wvs-archive-product-wrapper"},"acf":[],"yoast_head":"<!-- This site is optimized with the Yoast SEO plugin v26.8 - https:\/\/yoast.com\/product\/yoast-seo-wordpress\/ -->\n<title>Cep Heartbeat Mid Cut femme - Chaussettes de course- MioMioRun.com<\/title>\n<meta name=\"description\" content=\"Les chaussettes Heartbeat Mid Cut pour femmes vous offrent plus d&#039;\u00e9nergie sur les longues distances et une course sereine, gr\u00e2ce \u00e0 la compression m\u00e9dium renomm\u00e9e !\" \/>\n<meta name=\"robots\" content=\"index, follow, max-snippet:-1, max-image-preview:large, max-video-preview:-1\" \/>\n<link rel=\"canonical\" href=\"https:\/\/www.miomiorun.com\/fr\/produit\/cep-heartbeat-mid-cut-femme\/\" \/>\n<meta property=\"og:locale\" content=\"fr_FR\" \/>\n<meta property=\"og:type\" content=\"article\" \/>\n<meta property=\"og:title\" content=\"Cep Heartbeat Mid Cut femme - Chaussettes de course- MioMioRun.com\" \/>\n<meta property=\"og:description\" content=\"Les chaussettes Heartbeat Mid Cut pour femmes vous offrent plus d&#039;\u00e9nergie sur les longues distances et une course sereine, gr\u00e2ce \u00e0 la compression m\u00e9dium renomm\u00e9e !\" \/>\n<meta property=\"og:url\" content=\"https:\/\/www.miomiorun.com\/fr\/produit\/cep-heartbeat-mid-cut-femme\/\" \/>\n<meta property=\"og:site_name\" content=\"MioMioRun\" \/>\n<meta property=\"article:publisher\" content=\"https:\/\/www.facebook.com\/miomiorun\/\" \/>\n<meta property=\"article:modified_time\" content=\"2025-12-11T16:20:03+00:00\" \/>\n<meta property=\"og:image\" content=\"https:\/\/www.miomiorun.com\/app\/uploads\/2021\/10\/cep-Heartbeat-mid-cut-WP2CMC.jpg\" \/>\n\t<meta property=\"og:image:width\" content=\"600\" \/>\n\t<meta property=\"og:image:height\" content=\"600\" \/>\n\t<meta property=\"og:image:type\" content=\"image\/jpeg\" \/>\n<meta name=\"twitter:card\" content=\"summary_large_image\" \/>\n<meta name=\"twitter:label1\" content=\"Est. reading time\" \/>\n\t<meta name=\"twitter:data1\" content=\"2 minutes\" \/>\n<script type=\"application\/ld+json\" class=\"yoast-schema-graph\">{\"@context\":\"https:\/\/schema.org\",\"@graph\":[{\"@type\":\"WebPage\",\"@id\":\"https:\/\/www.miomiorun.com\/fr\/produit\/cep-heartbeat-mid-cut-femme\/\",\"url\":\"https:\/\/www.miomiorun.com\/fr\/produit\/cep-heartbeat-mid-cut-femme\/\",\"name\":\"Cep Heartbeat Mid Cut femme - Chaussettes de course- MioMioRun.com\",\"isPartOf\":{\"@id\":\"https:\/\/www.miomiorun.com\/fr\/#website\"},\"primaryImageOfPage\":{\"@id\":\"https:\/\/www.miomiorun.com\/fr\/produit\/cep-heartbeat-mid-cut-femme\/#primaryimage\"},\"image\":{\"@id\":\"https:\/\/www.miomiorun.com\/fr\/produit\/cep-heartbeat-mid-cut-femme\/#primaryimage\"},\"thumbnailUrl\":\"https:\/\/www.miomiorun.com\/app\/uploads\/2021\/10\/cep-Heartbeat-mid-cut-WP2CMC.jpg\",\"datePublished\":\"2021-10-04T15:17:46+00:00\",\"dateModified\":\"2025-12-11T16:20:03+00:00\",\"description\":\"Les chaussettes Heartbeat Mid Cut pour femmes vous offrent plus d'\u00e9nergie sur les longues distances et une course sereine, gr\u00e2ce \u00e0 la compression m\u00e9dium renomm\u00e9e !\",\"breadcrumb\":{\"@id\":\"https:\/\/www.miomiorun.com\/fr\/produit\/cep-heartbeat-mid-cut-femme\/#breadcrumb\"},\"inLanguage\":\"fr-FR\",\"potentialAction\":[{\"@type\":\"ReadAction\",\"target\":[\"https:\/\/www.miomiorun.com\/fr\/produit\/cep-heartbeat-mid-cut-femme\/\"]}]},{\"@type\":\"ImageObject\",\"inLanguage\":\"fr-FR\",\"@id\":\"https:\/\/www.miomiorun.com\/fr\/produit\/cep-heartbeat-mid-cut-femme\/#primaryimage\",\"url\":\"https:\/\/www.miomiorun.com\/app\/uploads\/2021\/10\/cep-Heartbeat-mid-cut-WP2CMC.jpg\",\"contentUrl\":\"https:\/\/www.miomiorun.com\/app\/uploads\/2021\/10\/cep-Heartbeat-mid-cut-WP2CMC.jpg\",\"width\":600,\"height\":600,\"caption\":\"cep-Heartbeat-mid-cut-WP2CMC\"},{\"@type\":\"BreadcrumbList\",\"@id\":\"https:\/\/www.miomiorun.com\/fr\/produit\/cep-heartbeat-mid-cut-femme\/#breadcrumb\",\"itemListElement\":[{\"@type\":\"ListItem\",\"position\":1,\"name\":\"Home\",\"item\":\"https:\/\/www.miomiorun.com\/fr\/home-page\/\"},{\"@type\":\"ListItem\",\"position\":2,\"name\":\"Shop\",\"item\":\"https:\/\/www.miomiorun.com\/shop\/\"},{\"@type\":\"ListItem\",\"position\":3,\"name\":\"Heartbeat Mid Cut femme\"}]},{\"@type\":\"WebSite\",\"@id\":\"https:\/\/www.miomiorun.com\/fr\/#website\",\"url\":\"https:\/\/www.miomiorun.com\/fr\/\",\"name\":\"MioMioRun\",\"description\":\"Boutique 100% running et trail\",\"publisher\":{\"@id\":\"https:\/\/www.miomiorun.com\/fr\/#organization\"},\"potentialAction\":[{\"@type\":\"SearchAction\",\"target\":{\"@type\":\"EntryPoint\",\"urlTemplate\":\"https:\/\/www.miomiorun.com\/fr\/?s={search_term_string}\"},\"query-input\":{\"@type\":\"PropertyValueSpecification\",\"valueRequired\":true,\"valueName\":\"search_term_string\"}}],\"inLanguage\":\"fr-FR\"},{\"@type\":\"Organization\",\"@id\":\"https:\/\/www.miomiorun.com\/fr\/#organization\",\"name\":\"MioMio Run\",\"url\":\"https:\/\/www.miomiorun.com\/fr\/\",\"logo\":{\"@type\":\"ImageObject\",\"inLanguage\":\"fr-FR\",\"@id\":\"https:\/\/www.miomiorun.com\/fr\/#\/schema\/logo\/image\/\",\"url\":\"https:\/\/www.miomiorun.com\/app\/uploads\/2019\/12\/logomio.png\",\"contentUrl\":\"https:\/\/www.miomiorun.com\/app\/uploads\/2019\/12\/logomio.png\",\"width\":115,\"height\":82,\"caption\":\"MioMio Run\"},\"image\":{\"@id\":\"https:\/\/www.miomiorun.com\/fr\/#\/schema\/logo\/image\/\"},\"sameAs\":[\"https:\/\/www.facebook.com\/miomiorun\/\",\"https:\/\/www.instagram.com\/miomiorun\/\"]}]}<\/script>\n<!-- \/ Yoast SEO plugin. -->","yoast_head_json":{"title":"Cep Heartbeat Mid Cut femme - Chaussettes de course- MioMioRun.com","description":"Les chaussettes Heartbeat Mid Cut pour femmes vous offrent plus d'\u00e9nergie sur les longues distances et une course sereine, gr\u00e2ce \u00e0 la compression m\u00e9dium renomm\u00e9e !","robots":{"index":"index","follow":"follow","max-snippet":"max-snippet:-1","max-image-preview":"max-image-preview:large","max-video-preview":"max-video-preview:-1"},"canonical":"https:\/\/www.miomiorun.com\/fr\/produit\/cep-heartbeat-mid-cut-femme\/","og_locale":"fr_FR","og_type":"article","og_title":"Cep Heartbeat Mid Cut femme - Chaussettes de course- MioMioRun.com","og_description":"Les chaussettes Heartbeat Mid Cut pour femmes vous offrent plus d'\u00e9nergie sur les longues distances et une course sereine, gr\u00e2ce \u00e0 la compression m\u00e9dium renomm\u00e9e !","og_url":"https:\/\/www.miomiorun.com\/fr\/produit\/cep-heartbeat-mid-cut-femme\/","og_site_name":"MioMioRun","article_publisher":"https:\/\/www.facebook.com\/miomiorun\/","article_modified_time":"2025-12-11T16:20:03+00:00","og_image":[{"width":600,"height":600,"url":"https:\/\/www.miomiorun.com\/app\/uploads\/2021\/10\/cep-Heartbeat-mid-cut-WP2CMC.jpg","type":"image\/jpeg"}],"twitter_card":"summary_large_image","twitter_misc":{"Est. reading time":"2 minutes"},"schema":{"@context":"https:\/\/schema.org","@graph":[{"@type":"WebPage","@id":"https:\/\/www.miomiorun.com\/fr\/produit\/cep-heartbeat-mid-cut-femme\/","url":"https:\/\/www.miomiorun.com\/fr\/produit\/cep-heartbeat-mid-cut-femme\/","name":"Cep Heartbeat Mid Cut femme - Chaussettes de course- MioMioRun.com","isPartOf":{"@id":"https:\/\/www.miomiorun.com\/fr\/#website"},"primaryImageOfPage":{"@id":"https:\/\/www.miomiorun.com\/fr\/produit\/cep-heartbeat-mid-cut-femme\/#primaryimage"},"image":{"@id":"https:\/\/www.miomiorun.com\/fr\/produit\/cep-heartbeat-mid-cut-femme\/#primaryimage"},"thumbnailUrl":"https:\/\/www.miomiorun.com\/app\/uploads\/2021\/10\/cep-Heartbeat-mid-cut-WP2CMC.jpg","datePublished":"2021-10-04T15:17:46+00:00","dateModified":"2025-12-11T16:20:03+00:00","description":"Les chaussettes Heartbeat Mid Cut pour femmes vous offrent plus d'\u00e9nergie sur les longues distances et une course sereine, gr\u00e2ce \u00e0 la compression m\u00e9dium renomm\u00e9e !","breadcrumb":{"@id":"https:\/\/www.miomiorun.com\/fr\/produit\/cep-heartbeat-mid-cut-femme\/#breadcrumb"},"inLanguage":"fr-FR","potentialAction":[{"@type":"ReadAction","target":["https:\/\/www.miomiorun.com\/fr\/produit\/cep-heartbeat-mid-cut-femme\/"]}]},{"@type":"ImageObject","inLanguage":"fr-FR","@id":"https:\/\/www.miomiorun.com\/fr\/produit\/cep-heartbeat-mid-cut-femme\/#primaryimage","url":"https:\/\/www.miomiorun.com\/app\/uploads\/2021\/10\/cep-Heartbeat-mid-cut-WP2CMC.jpg","contentUrl":"https:\/\/www.miomiorun.com\/app\/uploads\/2021\/10\/cep-Heartbeat-mid-cut-WP2CMC.jpg","width":600,"height":600,"caption":"cep-Heartbeat-mid-cut-WP2CMC"},{"@type":"BreadcrumbList","@id":"https:\/\/www.miomiorun.com\/fr\/produit\/cep-heartbeat-mid-cut-femme\/#breadcrumb","itemListElement":[{"@type":"ListItem","position":1,"name":"Home","item":"https:\/\/www.miomiorun.com\/fr\/home-page\/"},{"@type":"ListItem","position":2,"name":"Shop","item":"https:\/\/www.miomiorun.com\/shop\/"},{"@type":"ListItem","position":3,"name":"Heartbeat Mid Cut femme"}]},{"@type":"WebSite","@id":"https:\/\/www.miomiorun.com\/fr\/#website","url":"https:\/\/www.miomiorun.com\/fr\/","name":"MioMioRun","description":"Boutique 100% running et trail","publisher":{"@id":"https:\/\/www.miomiorun.com\/fr\/#organization"},"potentialAction":[{"@type":"SearchAction","target":{"@type":"EntryPoint","urlTemplate":"https:\/\/www.miomiorun.com\/fr\/?s={search_term_string}"},"query-input":{"@type":"PropertyValueSpecification","valueRequired":true,"valueName":"search_term_string"}}],"inLanguage":"fr-FR"},{"@type":"Organization","@id":"https:\/\/www.miomiorun.com\/fr\/#organization","name":"MioMio Run","url":"https:\/\/www.miomiorun.com\/fr\/","logo":{"@type":"ImageObject","inLanguage":"fr-FR","@id":"https:\/\/www.miomiorun.com\/fr\/#\/schema\/logo\/image\/","url":"https:\/\/www.miomiorun.com\/app\/uploads\/2019\/12\/logomio.png","contentUrl":"https:\/\/www.miomiorun.com\/app\/uploads\/2019\/12\/logomio.png","width":115,"height":82,"caption":"MioMio Run"},"image":{"@id":"https:\/\/www.miomiorun.com\/fr\/#\/schema\/logo\/image\/"},"sameAs":["https:\/\/www.facebook.com\/miomiorun\/","https:\/\/www.instagram.com\/miomiorun\/"]}]}},"_links":{"self":[{"href":"https:\/\/www.miomiorun.com\/fr\/wp-json\/wp\/v2\/product\/279867","targetHints":{"allow":["GET"]}}],"collection":[{"href":"https:\/\/www.miomiorun.com\/fr\/wp-json\/wp\/v2\/product"}],"about":[{"href":"https:\/\/www.miomiorun.com\/fr\/wp-json\/wp\/v2\/types\/product"}],"wp:featuredmedia":[{"embeddable":true,"href":"https:\/\/www.miomiorun.com\/fr\/wp-json\/wp\/v2\/media\/233649"}],"wp:attachment":[{"href":"https:\/\/www.miomiorun.com\/fr\/wp-json\/wp\/v2\/media?parent=279867"}],"wp:term":[{"taxonomy":"product_brand","embeddable":true,"href":"https:\/\/www.miomiorun.com\/fr\/wp-json\/wp\/v2\/product_brand?post=279867"},{"taxonomy":"product_cat","embeddable":true,"href":"https:\/\/www.miomiorun.com\/fr\/wp-json\/wp\/v2\/product_cat?post=279867"},{"taxonomy":"product_tag","embeddable":true,"href":"https:\/\/www.miomiorun.com\/fr\/wp-json\/wp\/v2\/product_tag?post=279867"}],"curies":[{"name":"wp","href":"https:\/\/api.w.org\/{rel}","templated":true}]}}