{"id":279848,"date":"2021-10-04T17:02:36","date_gmt":"2021-10-04T15:02:36","guid":{"rendered":"https:\/\/miomiorun.com\/prodotto\/cep-hiking-light-merino-mid-cut-donna\/"},"modified":"2025-12-27T12:02:40","modified_gmt":"2025-12-27T11:02:40","slug":"cep-hiking-light-merino-mid-cut-femme","status":"publish","type":"product","link":"https:\/\/www.miomiorun.com\/fr\/produit\/cep-hiking-light-merino-mid-cut-femme\/","title":{"rendered":"Hiking Light Merino Mid Cut femme"},"content":{"rendered":"<p>Profitez pleinement de vos randonn\u00e9es estivales avec les chaussettes Hiking Light Merino Mid Cut Socks de CEP Sportswear ! Leur longueur moyenne est <strong>id\u00e9ale pour les temp\u00e9ratures chaudes<\/strong> et vous offre de nombreux <strong>avantages stimulants. Un excellent confort<\/strong> que l&#8217;on ressent, mais que l&#8217;on ne voit pas : ces chaussettes de randonn\u00e9e l\u00e9g\u00e8res pour femmes sont fabriqu\u00e9es \u00e0 partir de <strong>mat\u00e9riaux de haute qualit\u00e9 et offrent un ajustement optimis\u00e9. <\/strong><\/p>\n<h3>Randonn\u00e9e motivante \u2013 la combinaison parfaite entre laine m\u00e9rinos et compression active<\/h3>\n<p>La laine m\u00e9rinos est le composant fonctionnel id\u00e9al pour les chaussettes de randonn\u00e9e fines pour femmes : ce mat\u00e9riau naturel procure de la fra\u00eecheur et absorbe une grande quantit\u00e9 d&#8217;humidit\u00e9, pour laisser vos pieds <strong>nettement plus secs<\/strong>. Combin\u00e9e \u00e0 une coupe ajust\u00e9e, elle r\u00e9duit les frottements <strong>et le risque de formation d&#8217;ampoules.<\/strong> Les chaussettes Hiking Light Merino Mid Cut Socks constituent la base parfaite pour des pieds secs, en forme et \u00e0 la bonne temp\u00e9rature.<\/p>\n<h3>Une plus grande s\u00e9curit\u00e9 dans la marche gr\u00e2ce \u00e0 l&#8217;innovation de la compression moyenne<\/h3>\n<p>La compression active <strong>vos muscles et stabilise vos articulations.<\/strong> Dans ce cas, la stabilisation est due \u00e0 une meilleure proprioception des chevilles, qui se traduit par une <strong>plus grande s\u00e9curit\u00e9 de foul\u00e9e<\/strong>, particuli\u00e8rement utile sur les terrains difficiles.<\/p>\n<h3>Rembourrage anatomique du pied pour plus de confort<\/h3>\n<p>Ces chaussettes de randonn\u00e9e fines pour femmes sont dot\u00e9es de rembourrages int\u00e9gr\u00e9s \u00e0 des endroits strat\u00e9giques. D&#8217;une part, elles offrent <strong>un amorti ad\u00e9quat<\/strong>, d&#8217;autre part, elles assurent un meilleur ajustement des chaussures, en apportant un soutien exactement aux bons endroits.<\/p>\n<p>Ne faites aucun compromis lors de votre prochaine randonn\u00e9e : optez pour l&#8217;excellent confort des chaussettes Hiking Light Merino Mid Cut Socks pour femmes !<\/p>\n","protected":false},"excerpt":{"rendered":"<p>Profitez pleinement de vos randonn\u00e9es estivales avec les chaussettes Hiking Light Merino Mid Cut Socks de CEP Sportswear ! Leur longueur moyenne est id\u00e9ale pour les temp\u00e9ratures chaudes et vous offre de nombreux avantages stimulants. Un excellent confort que l&#8217;on ressent, mais que l&#8217;on ne voit pas : ces chaussettes de randonn\u00e9e l\u00e9g\u00e8res pour femmes &hellip; <a href=\"https:\/\/www.miomiorun.com\/fr\/produit\/cep-hiking-light-merino-mid-cut-femme\/\">Continued<\/a><\/p>\n","protected":false},"featured_media":233643,"template":"","meta":{"_acf_changed":false,"inline_featured_image":false},"product_brand":[],"product_cat":[22597,22596],"product_tag":[23469,23651],"class_list":{"0":"post-279848","1":"product","2":"type-product","3":"status-publish","4":"has-post-thumbnail","6":"product_cat-chaussettes","7":"product_cat-vetements-pour-femmes","8":"product_tag-cep-fr","9":"product_tag-cep-femme","11":"first","12":"instock","13":"sale","14":"taxable","15":"shipping-taxable","16":"purchasable","17":"product-type-variable","18":"wvs-archive-product-wrapper"},"acf":[],"yoast_head":"<!-- This site is optimized with the Yoast SEO plugin v26.8 - https:\/\/yoast.com\/product\/yoast-seo-wordpress\/ -->\n<title>Cep Hiking Light Merino Mid Cut femme - Chaussettes pour femme - MioMioRun<\/title>\n<meta name=\"description\" content=\"Chaussettes mi-hautes Hiking Light Merino. Un confort exceptionnel qui se ressent, des mat\u00e9riaux l\u00e9gers et de haute qualit\u00e9, ainsi qu&#039;un ajustement optimis\u00e9.\" \/>\n<meta name=\"robots\" content=\"index, follow, max-snippet:-1, max-image-preview:large, max-video-preview:-1\" \/>\n<link rel=\"canonical\" href=\"https:\/\/www.miomiorun.com\/fr\/produit\/cep-hiking-light-merino-mid-cut-femme\/\" \/>\n<meta property=\"og:locale\" content=\"fr_FR\" \/>\n<meta property=\"og:type\" content=\"article\" \/>\n<meta property=\"og:title\" content=\"Cep Hiking Light Merino Mid Cut femme - Chaussettes pour femme - MioMioRun\" \/>\n<meta property=\"og:description\" content=\"Chaussettes mi-hautes Hiking Light Merino. Un confort exceptionnel qui se ressent, des mat\u00e9riaux l\u00e9gers et de haute qualit\u00e9, ainsi qu&#039;un ajustement optimis\u00e9.\" \/>\n<meta property=\"og:url\" content=\"https:\/\/www.miomiorun.com\/fr\/produit\/cep-hiking-light-merino-mid-cut-femme\/\" \/>\n<meta property=\"og:site_name\" content=\"MioMioRun\" \/>\n<meta property=\"article:publisher\" content=\"https:\/\/www.facebook.com\/miomiorun\/\" \/>\n<meta property=\"article:modified_time\" content=\"2025-12-27T11:02:40+00:00\" \/>\n<meta property=\"og:image\" content=\"https:\/\/www.miomiorun.com\/app\/uploads\/2021\/10\/cep-outd-light-mer-midcut-WP2CA5.jpg\" \/>\n\t<meta property=\"og:image:width\" content=\"600\" \/>\n\t<meta property=\"og:image:height\" content=\"600\" \/>\n\t<meta property=\"og:image:type\" content=\"image\/jpeg\" \/>\n<meta name=\"twitter:card\" content=\"summary_large_image\" \/>\n<meta name=\"twitter:label1\" content=\"Est. reading time\" \/>\n\t<meta name=\"twitter:data1\" content=\"2 minutes\" \/>\n<script type=\"application\/ld+json\" class=\"yoast-schema-graph\">{\"@context\":\"https:\/\/schema.org\",\"@graph\":[{\"@type\":\"WebPage\",\"@id\":\"https:\/\/www.miomiorun.com\/fr\/produit\/cep-hiking-light-merino-mid-cut-femme\/\",\"url\":\"https:\/\/www.miomiorun.com\/fr\/produit\/cep-hiking-light-merino-mid-cut-femme\/\",\"name\":\"Cep Hiking Light Merino Mid Cut femme - Chaussettes pour femme - MioMioRun\",\"isPartOf\":{\"@id\":\"https:\/\/www.miomiorun.com\/fr\/#website\"},\"primaryImageOfPage\":{\"@id\":\"https:\/\/www.miomiorun.com\/fr\/produit\/cep-hiking-light-merino-mid-cut-femme\/#primaryimage\"},\"image\":{\"@id\":\"https:\/\/www.miomiorun.com\/fr\/produit\/cep-hiking-light-merino-mid-cut-femme\/#primaryimage\"},\"thumbnailUrl\":\"https:\/\/www.miomiorun.com\/app\/uploads\/2021\/10\/cep-outd-light-mer-midcut-WP2CA5.jpg\",\"datePublished\":\"2021-10-04T15:02:36+00:00\",\"dateModified\":\"2025-12-27T11:02:40+00:00\",\"description\":\"Chaussettes mi-hautes Hiking Light Merino. Un confort exceptionnel qui se ressent, des mat\u00e9riaux l\u00e9gers et de haute qualit\u00e9, ainsi qu'un ajustement optimis\u00e9.\",\"breadcrumb\":{\"@id\":\"https:\/\/www.miomiorun.com\/fr\/produit\/cep-hiking-light-merino-mid-cut-femme\/#breadcrumb\"},\"inLanguage\":\"fr-FR\",\"potentialAction\":[{\"@type\":\"ReadAction\",\"target\":[\"https:\/\/www.miomiorun.com\/fr\/produit\/cep-hiking-light-merino-mid-cut-femme\/\"]}]},{\"@type\":\"ImageObject\",\"inLanguage\":\"fr-FR\",\"@id\":\"https:\/\/www.miomiorun.com\/fr\/produit\/cep-hiking-light-merino-mid-cut-femme\/#primaryimage\",\"url\":\"https:\/\/www.miomiorun.com\/app\/uploads\/2021\/10\/cep-outd-light-mer-midcut-WP2CA5.jpg\",\"contentUrl\":\"https:\/\/www.miomiorun.com\/app\/uploads\/2021\/10\/cep-outd-light-mer-midcut-WP2CA5.jpg\",\"width\":600,\"height\":600,\"caption\":\"cep-outd-light-mer-midcut-WP2CA5\"},{\"@type\":\"BreadcrumbList\",\"@id\":\"https:\/\/www.miomiorun.com\/fr\/produit\/cep-hiking-light-merino-mid-cut-femme\/#breadcrumb\",\"itemListElement\":[{\"@type\":\"ListItem\",\"position\":1,\"name\":\"Home\",\"item\":\"https:\/\/www.miomiorun.com\/fr\/home-page\/\"},{\"@type\":\"ListItem\",\"position\":2,\"name\":\"Shop\",\"item\":\"https:\/\/www.miomiorun.com\/shop\/\"},{\"@type\":\"ListItem\",\"position\":3,\"name\":\"Hiking Light Merino Mid Cut femme\"}]},{\"@type\":\"WebSite\",\"@id\":\"https:\/\/www.miomiorun.com\/fr\/#website\",\"url\":\"https:\/\/www.miomiorun.com\/fr\/\",\"name\":\"MioMioRun\",\"description\":\"Boutique 100% running et trail\",\"publisher\":{\"@id\":\"https:\/\/www.miomiorun.com\/fr\/#organization\"},\"potentialAction\":[{\"@type\":\"SearchAction\",\"target\":{\"@type\":\"EntryPoint\",\"urlTemplate\":\"https:\/\/www.miomiorun.com\/fr\/?s={search_term_string}\"},\"query-input\":{\"@type\":\"PropertyValueSpecification\",\"valueRequired\":true,\"valueName\":\"search_term_string\"}}],\"inLanguage\":\"fr-FR\"},{\"@type\":\"Organization\",\"@id\":\"https:\/\/www.miomiorun.com\/fr\/#organization\",\"name\":\"MioMio Run\",\"url\":\"https:\/\/www.miomiorun.com\/fr\/\",\"logo\":{\"@type\":\"ImageObject\",\"inLanguage\":\"fr-FR\",\"@id\":\"https:\/\/www.miomiorun.com\/fr\/#\/schema\/logo\/image\/\",\"url\":\"https:\/\/www.miomiorun.com\/app\/uploads\/2019\/12\/logomio.png\",\"contentUrl\":\"https:\/\/www.miomiorun.com\/app\/uploads\/2019\/12\/logomio.png\",\"width\":115,\"height\":82,\"caption\":\"MioMio Run\"},\"image\":{\"@id\":\"https:\/\/www.miomiorun.com\/fr\/#\/schema\/logo\/image\/\"},\"sameAs\":[\"https:\/\/www.facebook.com\/miomiorun\/\",\"https:\/\/www.instagram.com\/miomiorun\/\"]}]}<\/script>\n<!-- \/ Yoast SEO plugin. -->","yoast_head_json":{"title":"Cep Hiking Light Merino Mid Cut femme - Chaussettes pour femme - MioMioRun","description":"Chaussettes mi-hautes Hiking Light Merino. Un confort exceptionnel qui se ressent, des mat\u00e9riaux l\u00e9gers et de haute qualit\u00e9, ainsi qu'un ajustement optimis\u00e9.","robots":{"index":"index","follow":"follow","max-snippet":"max-snippet:-1","max-image-preview":"max-image-preview:large","max-video-preview":"max-video-preview:-1"},"canonical":"https:\/\/www.miomiorun.com\/fr\/produit\/cep-hiking-light-merino-mid-cut-femme\/","og_locale":"fr_FR","og_type":"article","og_title":"Cep Hiking Light Merino Mid Cut femme - Chaussettes pour femme - MioMioRun","og_description":"Chaussettes mi-hautes Hiking Light Merino. Un confort exceptionnel qui se ressent, des mat\u00e9riaux l\u00e9gers et de haute qualit\u00e9, ainsi qu'un ajustement optimis\u00e9.","og_url":"https:\/\/www.miomiorun.com\/fr\/produit\/cep-hiking-light-merino-mid-cut-femme\/","og_site_name":"MioMioRun","article_publisher":"https:\/\/www.facebook.com\/miomiorun\/","article_modified_time":"2025-12-27T11:02:40+00:00","og_image":[{"width":600,"height":600,"url":"https:\/\/www.miomiorun.com\/app\/uploads\/2021\/10\/cep-outd-light-mer-midcut-WP2CA5.jpg","type":"image\/jpeg"}],"twitter_card":"summary_large_image","twitter_misc":{"Est. reading time":"2 minutes"},"schema":{"@context":"https:\/\/schema.org","@graph":[{"@type":"WebPage","@id":"https:\/\/www.miomiorun.com\/fr\/produit\/cep-hiking-light-merino-mid-cut-femme\/","url":"https:\/\/www.miomiorun.com\/fr\/produit\/cep-hiking-light-merino-mid-cut-femme\/","name":"Cep Hiking Light Merino Mid Cut femme - Chaussettes pour femme - MioMioRun","isPartOf":{"@id":"https:\/\/www.miomiorun.com\/fr\/#website"},"primaryImageOfPage":{"@id":"https:\/\/www.miomiorun.com\/fr\/produit\/cep-hiking-light-merino-mid-cut-femme\/#primaryimage"},"image":{"@id":"https:\/\/www.miomiorun.com\/fr\/produit\/cep-hiking-light-merino-mid-cut-femme\/#primaryimage"},"thumbnailUrl":"https:\/\/www.miomiorun.com\/app\/uploads\/2021\/10\/cep-outd-light-mer-midcut-WP2CA5.jpg","datePublished":"2021-10-04T15:02:36+00:00","dateModified":"2025-12-27T11:02:40+00:00","description":"Chaussettes mi-hautes Hiking Light Merino. Un confort exceptionnel qui se ressent, des mat\u00e9riaux l\u00e9gers et de haute qualit\u00e9, ainsi qu'un ajustement optimis\u00e9.","breadcrumb":{"@id":"https:\/\/www.miomiorun.com\/fr\/produit\/cep-hiking-light-merino-mid-cut-femme\/#breadcrumb"},"inLanguage":"fr-FR","potentialAction":[{"@type":"ReadAction","target":["https:\/\/www.miomiorun.com\/fr\/produit\/cep-hiking-light-merino-mid-cut-femme\/"]}]},{"@type":"ImageObject","inLanguage":"fr-FR","@id":"https:\/\/www.miomiorun.com\/fr\/produit\/cep-hiking-light-merino-mid-cut-femme\/#primaryimage","url":"https:\/\/www.miomiorun.com\/app\/uploads\/2021\/10\/cep-outd-light-mer-midcut-WP2CA5.jpg","contentUrl":"https:\/\/www.miomiorun.com\/app\/uploads\/2021\/10\/cep-outd-light-mer-midcut-WP2CA5.jpg","width":600,"height":600,"caption":"cep-outd-light-mer-midcut-WP2CA5"},{"@type":"BreadcrumbList","@id":"https:\/\/www.miomiorun.com\/fr\/produit\/cep-hiking-light-merino-mid-cut-femme\/#breadcrumb","itemListElement":[{"@type":"ListItem","position":1,"name":"Home","item":"https:\/\/www.miomiorun.com\/fr\/home-page\/"},{"@type":"ListItem","position":2,"name":"Shop","item":"https:\/\/www.miomiorun.com\/shop\/"},{"@type":"ListItem","position":3,"name":"Hiking Light Merino Mid Cut femme"}]},{"@type":"WebSite","@id":"https:\/\/www.miomiorun.com\/fr\/#website","url":"https:\/\/www.miomiorun.com\/fr\/","name":"MioMioRun","description":"Boutique 100% running et trail","publisher":{"@id":"https:\/\/www.miomiorun.com\/fr\/#organization"},"potentialAction":[{"@type":"SearchAction","target":{"@type":"EntryPoint","urlTemplate":"https:\/\/www.miomiorun.com\/fr\/?s={search_term_string}"},"query-input":{"@type":"PropertyValueSpecification","valueRequired":true,"valueName":"search_term_string"}}],"inLanguage":"fr-FR"},{"@type":"Organization","@id":"https:\/\/www.miomiorun.com\/fr\/#organization","name":"MioMio Run","url":"https:\/\/www.miomiorun.com\/fr\/","logo":{"@type":"ImageObject","inLanguage":"fr-FR","@id":"https:\/\/www.miomiorun.com\/fr\/#\/schema\/logo\/image\/","url":"https:\/\/www.miomiorun.com\/app\/uploads\/2019\/12\/logomio.png","contentUrl":"https:\/\/www.miomiorun.com\/app\/uploads\/2019\/12\/logomio.png","width":115,"height":82,"caption":"MioMio Run"},"image":{"@id":"https:\/\/www.miomiorun.com\/fr\/#\/schema\/logo\/image\/"},"sameAs":["https:\/\/www.facebook.com\/miomiorun\/","https:\/\/www.instagram.com\/miomiorun\/"]}]}},"_links":{"self":[{"href":"https:\/\/www.miomiorun.com\/fr\/wp-json\/wp\/v2\/product\/279848","targetHints":{"allow":["GET"]}}],"collection":[{"href":"https:\/\/www.miomiorun.com\/fr\/wp-json\/wp\/v2\/product"}],"about":[{"href":"https:\/\/www.miomiorun.com\/fr\/wp-json\/wp\/v2\/types\/product"}],"wp:featuredmedia":[{"embeddable":true,"href":"https:\/\/www.miomiorun.com\/fr\/wp-json\/wp\/v2\/media\/233643"}],"wp:attachment":[{"href":"https:\/\/www.miomiorun.com\/fr\/wp-json\/wp\/v2\/media?parent=279848"}],"wp:term":[{"taxonomy":"product_brand","embeddable":true,"href":"https:\/\/www.miomiorun.com\/fr\/wp-json\/wp\/v2\/product_brand?post=279848"},{"taxonomy":"product_cat","embeddable":true,"href":"https:\/\/www.miomiorun.com\/fr\/wp-json\/wp\/v2\/product_cat?post=279848"},{"taxonomy":"product_tag","embeddable":true,"href":"https:\/\/www.miomiorun.com\/fr\/wp-json\/wp\/v2\/product_tag?post=279848"}],"curies":[{"name":"wp","href":"https:\/\/api.w.org\/{rel}","templated":true}]}}