{"id":279803,"date":"2021-10-08T17:57:25","date_gmt":"2021-10-08T15:57:25","guid":{"rendered":"https:\/\/miomiorun.com\/prodotto\/montura-sporty-winter-pants-donna\/"},"modified":"2026-05-08T21:10:43","modified_gmt":"2026-05-08T19:10:43","slug":"montura-sporty-winter-pants-femme","status":"publish","type":"product","link":"https:\/\/www.miomiorun.com\/fr\/produit\/montura-sporty-winter-pants-femme\/","title":{"rendered":"Sporty Winter Pants femme"},"content":{"rendered":"<div class=\"product-attribute-season\">\n<p><strong>Sporty Winter Pants<\/strong> est un pantalon d&#8217;hiver pour femme, id\u00e9al pour la saison hivernale et les sorties en montagne. Confectionn\u00e9 en jersey de nylon et lycra stretch, il est parfait pour le fitness et les loisirs.<\/p>\n<h3>Caract\u00e9ristiques :<\/h3>\n<p>\u2022 Pantalon long pour femme<br \/>\n\u2022 Tissu en nylon stretch DWR bross\u00e9 \u00e0 l&#8217;int\u00e9rieur<br \/>\n\u2022 Taille ferm\u00e9e avec \u00e9lastique<br \/>\n\u2022 V\u00eatement id\u00e9al pour diverses activit\u00e9s de plein air et de loisirs par temps froid<\/p>\n<\/div>\n<p>&nbsp;<\/p>\n<div class=\"product-attribute-season\">\n<p class=\"product-weight\">Poids : 0,19 kg<\/p>\n<div class=\"product-attribute-season\"><img loading=\"lazy\" decoding=\"async\" class=\"\" src=\"https:\/\/www.montura.it\/pub\/media\/amasty\/shopby\/option_images\/slider\/climate_2.svg\" alt=\"Caldo\/Freddo\" width=\"82\" height=\"109\"><img loading=\"lazy\" decoding=\"async\" class=\"\" src=\"https:\/\/www.montura.it\/pub\/media\/amasty\/shopby\/option_images\/slider\/breathable_1.svg\" alt=\"breathable\" width=\"108\" height=\"101\"><img loading=\"lazy\" decoding=\"async\" class=\"\" src=\"https:\/\/www.montura.it\/pub\/media\/amasty\/shopby\/option_images\/slider\/water_repellent_1_1.svg\" alt=\"waterrepellent\" width=\"144\" height=\"101\"><\/div>\n<div class=\"product-attribute product-attribute-passion\">\n<h3 class=\"attribute-label\">Activit\u00e9s<\/h3>\n<p><img decoding=\"async\" src=\"https:\/\/www.montura.it\/pub\/media\/amasty\/shopby\/option_images\/slider\/ICM103.svg\" alt=\"ICM103\"><\/p>\n<\/div>\n<\/div>\n","protected":false},"excerpt":{"rendered":"<p>Sporty Winter Pants est un pantalon d&#8217;hiver pour femme, id\u00e9al pour la saison hivernale et les sorties en montagne. Confectionn\u00e9 en jersey de nylon et lycra stretch, il est parfait pour le fitness et les loisirs. Caract\u00e9ristiques : \u2022 Pantalon long pour femme \u2022 Tissu en nylon stretch DWR bross\u00e9 \u00e0 l&#8217;int\u00e9rieur \u2022 Taille ferm\u00e9e &hellip; <a href=\"https:\/\/www.miomiorun.com\/fr\/produit\/montura-sporty-winter-pants-femme\/\">Continued<\/a><\/p>\n","protected":false},"featured_media":238684,"template":"","meta":{"_acf_changed":false,"inline_featured_image":false},"product_brand":[],"product_cat":[22603,22596,22595],"product_tag":[23512,23514],"class_list":{"0":"post-279803","1":"product","2":"type-product","3":"status-publish","4":"has-post-thumbnail","6":"product_cat-pantalon-long","7":"product_cat-vetements-pour-femmes","8":"product_cat-femme","9":"product_tag-montura-fr","10":"product_tag-montura-femme","11":"pa_attivita-marcher","12":"pa_attivita-outdoor-fr","13":"pa_colore-sporty-winter-pants-w-nero-fr","14":"pa_marca-montura-fr","15":"pa_sesso-femme","16":"pa_size-small-fr","17":"pa_size-large-fr","19":"first","20":"instock","21":"taxable","22":"shipping-taxable","23":"purchasable","24":"product-type-variable","25":"wvs-archive-product-wrapper"},"acf":[],"yoast_head":"<!-- This site is optimized with the Yoast SEO plugin v26.8 - https:\/\/yoast.com\/product\/yoast-seo-wordpress\/ -->\n<title>Montura Sporty Winter Pants femme - pantalons d&#039;hiver - MioMioRun<\/title>\n<meta name=\"description\" content=\"Les pantalons Sporty Winter Pants sont des pantalons d&#039;hiver pour femmes, parfaits pour \u00eatre port\u00e9s pendant la saison hivernale.\" \/>\n<meta name=\"robots\" content=\"index, follow, max-snippet:-1, max-image-preview:large, max-video-preview:-1\" \/>\n<link rel=\"canonical\" href=\"https:\/\/www.miomiorun.com\/fr\/produit\/montura-sporty-winter-pants-femme\/\" \/>\n<meta property=\"og:locale\" content=\"fr_FR\" \/>\n<meta property=\"og:type\" content=\"article\" \/>\n<meta property=\"og:title\" content=\"Montura Sporty Winter Pants femme - pantalons d&#039;hiver - MioMioRun\" \/>\n<meta property=\"og:description\" content=\"Les pantalons Sporty Winter Pants sont des pantalons d&#039;hiver pour femmes, parfaits pour \u00eatre port\u00e9s pendant la saison hivernale.\" \/>\n<meta property=\"og:url\" content=\"https:\/\/www.miomiorun.com\/fr\/produit\/montura-sporty-winter-pants-femme\/\" \/>\n<meta property=\"og:site_name\" content=\"MioMioRun\" \/>\n<meta property=\"article:publisher\" content=\"https:\/\/www.facebook.com\/miomiorun\/\" \/>\n<meta property=\"article:modified_time\" content=\"2026-05-08T19:10:43+00:00\" \/>\n<meta property=\"og:image\" content=\"https:\/\/www.miomiorun.com\/app\/uploads\/2022\/12\/montura-sporty-winter-pants-W-nero-MPLR40W.90.jpg\" \/>\n\t<meta property=\"og:image:width\" content=\"600\" \/>\n\t<meta property=\"og:image:height\" content=\"600\" \/>\n\t<meta property=\"og:image:type\" content=\"image\/jpeg\" \/>\n<meta name=\"twitter:card\" content=\"summary_large_image\" \/>\n<script type=\"application\/ld+json\" class=\"yoast-schema-graph\">{\"@context\":\"https:\/\/schema.org\",\"@graph\":[{\"@type\":\"WebPage\",\"@id\":\"https:\/\/www.miomiorun.com\/fr\/produit\/montura-sporty-winter-pants-femme\/\",\"url\":\"https:\/\/www.miomiorun.com\/fr\/produit\/montura-sporty-winter-pants-femme\/\",\"name\":\"Montura Sporty Winter Pants femme - pantalons d'hiver - MioMioRun\",\"isPartOf\":{\"@id\":\"https:\/\/www.miomiorun.com\/fr\/#website\"},\"primaryImageOfPage\":{\"@id\":\"https:\/\/www.miomiorun.com\/fr\/produit\/montura-sporty-winter-pants-femme\/#primaryimage\"},\"image\":{\"@id\":\"https:\/\/www.miomiorun.com\/fr\/produit\/montura-sporty-winter-pants-femme\/#primaryimage\"},\"thumbnailUrl\":\"https:\/\/www.miomiorun.com\/app\/uploads\/2022\/12\/montura-sporty-winter-pants-W-nero-MPLR40W.90.jpg\",\"datePublished\":\"2021-10-08T15:57:25+00:00\",\"dateModified\":\"2026-05-08T19:10:43+00:00\",\"description\":\"Les pantalons Sporty Winter Pants sont des pantalons d'hiver pour femmes, parfaits pour \u00eatre port\u00e9s pendant la saison hivernale.\",\"breadcrumb\":{\"@id\":\"https:\/\/www.miomiorun.com\/fr\/produit\/montura-sporty-winter-pants-femme\/#breadcrumb\"},\"inLanguage\":\"fr-FR\",\"potentialAction\":[{\"@type\":\"ReadAction\",\"target\":[\"https:\/\/www.miomiorun.com\/fr\/produit\/montura-sporty-winter-pants-femme\/\"]}]},{\"@type\":\"ImageObject\",\"inLanguage\":\"fr-FR\",\"@id\":\"https:\/\/www.miomiorun.com\/fr\/produit\/montura-sporty-winter-pants-femme\/#primaryimage\",\"url\":\"https:\/\/www.miomiorun.com\/app\/uploads\/2022\/12\/montura-sporty-winter-pants-W-nero-MPLR40W.90.jpg\",\"contentUrl\":\"https:\/\/www.miomiorun.com\/app\/uploads\/2022\/12\/montura-sporty-winter-pants-W-nero-MPLR40W.90.jpg\",\"width\":600,\"height\":600,\"caption\":\"montura-sporty-winter-pants-W-nero-MPLR40W.90\"},{\"@type\":\"BreadcrumbList\",\"@id\":\"https:\/\/www.miomiorun.com\/fr\/produit\/montura-sporty-winter-pants-femme\/#breadcrumb\",\"itemListElement\":[{\"@type\":\"ListItem\",\"position\":1,\"name\":\"Home\",\"item\":\"https:\/\/www.miomiorun.com\/fr\/home-page\/\"},{\"@type\":\"ListItem\",\"position\":2,\"name\":\"Shop\",\"item\":\"https:\/\/www.miomiorun.com\/shop\/\"},{\"@type\":\"ListItem\",\"position\":3,\"name\":\"Sporty Winter Pants femme\"}]},{\"@type\":\"WebSite\",\"@id\":\"https:\/\/www.miomiorun.com\/fr\/#website\",\"url\":\"https:\/\/www.miomiorun.com\/fr\/\",\"name\":\"MioMioRun\",\"description\":\"Boutique 100% running et trail\",\"publisher\":{\"@id\":\"https:\/\/www.miomiorun.com\/fr\/#organization\"},\"potentialAction\":[{\"@type\":\"SearchAction\",\"target\":{\"@type\":\"EntryPoint\",\"urlTemplate\":\"https:\/\/www.miomiorun.com\/fr\/?s={search_term_string}\"},\"query-input\":{\"@type\":\"PropertyValueSpecification\",\"valueRequired\":true,\"valueName\":\"search_term_string\"}}],\"inLanguage\":\"fr-FR\"},{\"@type\":\"Organization\",\"@id\":\"https:\/\/www.miomiorun.com\/fr\/#organization\",\"name\":\"MioMio Run\",\"url\":\"https:\/\/www.miomiorun.com\/fr\/\",\"logo\":{\"@type\":\"ImageObject\",\"inLanguage\":\"fr-FR\",\"@id\":\"https:\/\/www.miomiorun.com\/fr\/#\/schema\/logo\/image\/\",\"url\":\"https:\/\/www.miomiorun.com\/app\/uploads\/2019\/12\/logomio.png\",\"contentUrl\":\"https:\/\/www.miomiorun.com\/app\/uploads\/2019\/12\/logomio.png\",\"width\":115,\"height\":82,\"caption\":\"MioMio Run\"},\"image\":{\"@id\":\"https:\/\/www.miomiorun.com\/fr\/#\/schema\/logo\/image\/\"},\"sameAs\":[\"https:\/\/www.facebook.com\/miomiorun\/\",\"https:\/\/www.instagram.com\/miomiorun\/\"]}]}<\/script>\n<!-- \/ Yoast SEO plugin. -->","yoast_head_json":{"title":"Montura Sporty Winter Pants femme - pantalons d'hiver - MioMioRun","description":"Les pantalons Sporty Winter Pants sont des pantalons d'hiver pour femmes, parfaits pour \u00eatre port\u00e9s pendant la saison hivernale.","robots":{"index":"index","follow":"follow","max-snippet":"max-snippet:-1","max-image-preview":"max-image-preview:large","max-video-preview":"max-video-preview:-1"},"canonical":"https:\/\/www.miomiorun.com\/fr\/produit\/montura-sporty-winter-pants-femme\/","og_locale":"fr_FR","og_type":"article","og_title":"Montura Sporty Winter Pants femme - pantalons d'hiver - MioMioRun","og_description":"Les pantalons Sporty Winter Pants sont des pantalons d'hiver pour femmes, parfaits pour \u00eatre port\u00e9s pendant la saison hivernale.","og_url":"https:\/\/www.miomiorun.com\/fr\/produit\/montura-sporty-winter-pants-femme\/","og_site_name":"MioMioRun","article_publisher":"https:\/\/www.facebook.com\/miomiorun\/","article_modified_time":"2026-05-08T19:10:43+00:00","og_image":[{"width":600,"height":600,"url":"https:\/\/www.miomiorun.com\/app\/uploads\/2022\/12\/montura-sporty-winter-pants-W-nero-MPLR40W.90.jpg","type":"image\/jpeg"}],"twitter_card":"summary_large_image","schema":{"@context":"https:\/\/schema.org","@graph":[{"@type":"WebPage","@id":"https:\/\/www.miomiorun.com\/fr\/produit\/montura-sporty-winter-pants-femme\/","url":"https:\/\/www.miomiorun.com\/fr\/produit\/montura-sporty-winter-pants-femme\/","name":"Montura Sporty Winter Pants femme - pantalons d'hiver - MioMioRun","isPartOf":{"@id":"https:\/\/www.miomiorun.com\/fr\/#website"},"primaryImageOfPage":{"@id":"https:\/\/www.miomiorun.com\/fr\/produit\/montura-sporty-winter-pants-femme\/#primaryimage"},"image":{"@id":"https:\/\/www.miomiorun.com\/fr\/produit\/montura-sporty-winter-pants-femme\/#primaryimage"},"thumbnailUrl":"https:\/\/www.miomiorun.com\/app\/uploads\/2022\/12\/montura-sporty-winter-pants-W-nero-MPLR40W.90.jpg","datePublished":"2021-10-08T15:57:25+00:00","dateModified":"2026-05-08T19:10:43+00:00","description":"Les pantalons Sporty Winter Pants sont des pantalons d'hiver pour femmes, parfaits pour \u00eatre port\u00e9s pendant la saison hivernale.","breadcrumb":{"@id":"https:\/\/www.miomiorun.com\/fr\/produit\/montura-sporty-winter-pants-femme\/#breadcrumb"},"inLanguage":"fr-FR","potentialAction":[{"@type":"ReadAction","target":["https:\/\/www.miomiorun.com\/fr\/produit\/montura-sporty-winter-pants-femme\/"]}]},{"@type":"ImageObject","inLanguage":"fr-FR","@id":"https:\/\/www.miomiorun.com\/fr\/produit\/montura-sporty-winter-pants-femme\/#primaryimage","url":"https:\/\/www.miomiorun.com\/app\/uploads\/2022\/12\/montura-sporty-winter-pants-W-nero-MPLR40W.90.jpg","contentUrl":"https:\/\/www.miomiorun.com\/app\/uploads\/2022\/12\/montura-sporty-winter-pants-W-nero-MPLR40W.90.jpg","width":600,"height":600,"caption":"montura-sporty-winter-pants-W-nero-MPLR40W.90"},{"@type":"BreadcrumbList","@id":"https:\/\/www.miomiorun.com\/fr\/produit\/montura-sporty-winter-pants-femme\/#breadcrumb","itemListElement":[{"@type":"ListItem","position":1,"name":"Home","item":"https:\/\/www.miomiorun.com\/fr\/home-page\/"},{"@type":"ListItem","position":2,"name":"Shop","item":"https:\/\/www.miomiorun.com\/shop\/"},{"@type":"ListItem","position":3,"name":"Sporty Winter Pants femme"}]},{"@type":"WebSite","@id":"https:\/\/www.miomiorun.com\/fr\/#website","url":"https:\/\/www.miomiorun.com\/fr\/","name":"MioMioRun","description":"Boutique 100% running et trail","publisher":{"@id":"https:\/\/www.miomiorun.com\/fr\/#organization"},"potentialAction":[{"@type":"SearchAction","target":{"@type":"EntryPoint","urlTemplate":"https:\/\/www.miomiorun.com\/fr\/?s={search_term_string}"},"query-input":{"@type":"PropertyValueSpecification","valueRequired":true,"valueName":"search_term_string"}}],"inLanguage":"fr-FR"},{"@type":"Organization","@id":"https:\/\/www.miomiorun.com\/fr\/#organization","name":"MioMio Run","url":"https:\/\/www.miomiorun.com\/fr\/","logo":{"@type":"ImageObject","inLanguage":"fr-FR","@id":"https:\/\/www.miomiorun.com\/fr\/#\/schema\/logo\/image\/","url":"https:\/\/www.miomiorun.com\/app\/uploads\/2019\/12\/logomio.png","contentUrl":"https:\/\/www.miomiorun.com\/app\/uploads\/2019\/12\/logomio.png","width":115,"height":82,"caption":"MioMio Run"},"image":{"@id":"https:\/\/www.miomiorun.com\/fr\/#\/schema\/logo\/image\/"},"sameAs":["https:\/\/www.facebook.com\/miomiorun\/","https:\/\/www.instagram.com\/miomiorun\/"]}]}},"_links":{"self":[{"href":"https:\/\/www.miomiorun.com\/fr\/wp-json\/wp\/v2\/product\/279803","targetHints":{"allow":["GET"]}}],"collection":[{"href":"https:\/\/www.miomiorun.com\/fr\/wp-json\/wp\/v2\/product"}],"about":[{"href":"https:\/\/www.miomiorun.com\/fr\/wp-json\/wp\/v2\/types\/product"}],"wp:featuredmedia":[{"embeddable":true,"href":"https:\/\/www.miomiorun.com\/fr\/wp-json\/wp\/v2\/media\/238684"}],"wp:attachment":[{"href":"https:\/\/www.miomiorun.com\/fr\/wp-json\/wp\/v2\/media?parent=279803"}],"wp:term":[{"taxonomy":"product_brand","embeddable":true,"href":"https:\/\/www.miomiorun.com\/fr\/wp-json\/wp\/v2\/product_brand?post=279803"},{"taxonomy":"product_cat","embeddable":true,"href":"https:\/\/www.miomiorun.com\/fr\/wp-json\/wp\/v2\/product_cat?post=279803"},{"taxonomy":"product_tag","embeddable":true,"href":"https:\/\/www.miomiorun.com\/fr\/wp-json\/wp\/v2\/product_tag?post=279803"}],"curies":[{"name":"wp","href":"https:\/\/api.w.org\/{rel}","templated":true}]}}