{"id":279801,"date":"2021-10-08T18:24:42","date_gmt":"2021-10-08T16:24:42","guid":{"rendered":"https:\/\/miomiorun.com\/prodotto\/montura-premium-wind-vest-donna\/"},"modified":"2025-12-18T18:58:25","modified_gmt":"2025-12-18T17:58:25","slug":"montura-premium-wind-vest-femme","status":"publish","type":"product","link":"https:\/\/www.miomiorun.com\/fr\/produit\/montura-premium-wind-vest-femme\/","title":{"rendered":"Premium Wind Vest femme"},"content":{"rendered":"<div class=\"product-attribute-season\">\n<p><strong>Premium Wind Vest<\/strong> pour femme est un gilet partiellement doubl\u00e9 en jersey, confectionn\u00e9 en polyester stretch DWR avec une construction double tissage et softshell. Un v\u00eatement id\u00e9al pour diverses activit\u00e9s de plein air et de loisirs, \u00e0 utiliser pendant les saisons plus fra\u00eeches.<\/p>\n<h3>Caract\u00e9ristiques :<\/h3>\n<p>\u2022 Gilet pour femme<br \/>\n\u2022 Tissu polyester stretch DWR avec construction double tissage et softshell<br \/>\n\u2022 Contraste en tissu nylon DWR stretch<br \/>\n\u2022 Partiellement doubl\u00e9 en jersey<br \/>\n\u2022 Fermeture \u00e9clair au centre sur le devant, poches mains zipp\u00e9es, poche int\u00e9rieure ouverte<br \/>\n\u2022 Col, emmanchures et bas de manche \u00e9lastiqu\u00e9s<br \/>\n\u2022 V\u00eatement id\u00e9al pour diverses activit\u00e9s de plein air et de loisirs<\/p>\n<div id=\"description\" class=\"data item content\" role=\"tabpanel\" data-role=\"content\" aria-labelledby=\"tab-label-description\" aria-hidden=\"false\">\n<p class=\"product-weight\">Poids : 0,28 kg<\/p>\n<\/div>\n<p>&nbsp;<\/p>\n<div class=\"product-attribute-season\"><img loading=\"lazy\" decoding=\"async\" class=\"\" src=\"https:\/\/www.montura.it\/pub\/media\/amasty\/shopby\/option_images\/slider\/climate.svg\" alt=\"Freddo\" width=\"79\" height=\"105\"><img loading=\"lazy\" decoding=\"async\" class=\"\" src=\"https:\/\/www.montura.it\/pub\/media\/amasty\/shopby\/option_images\/slider\/wind_blocker_1.svg\" alt=\"windblocker\" width=\"131\" height=\"109\"><\/div>\n<div>\n<p><img decoding=\"async\" src=\"https:\/\/www.montura.it\/pub\/media\/amasty\/shopby\/option_images\/slider\/ICM81.svg\" alt=\"ICM81\"><\/p>\n<\/div>\n<\/div>\n","protected":false},"excerpt":{"rendered":"<p>Premium Wind Vest pour femme est un gilet partiellement doubl\u00e9 en jersey, confectionn\u00e9 en polyester stretch DWR avec une construction double tissage et softshell. Un v\u00eatement id\u00e9al pour diverses activit\u00e9s de plein air et de loisirs, \u00e0 utiliser pendant les saisons plus fra\u00eeches. Caract\u00e9ristiques : \u2022 Gilet pour femme \u2022 Tissu polyester stretch DWR avec &hellip; <a href=\"https:\/\/www.miomiorun.com\/fr\/produit\/montura-premium-wind-vest-femme\/\">Continued<\/a><\/p>\n","protected":false},"featured_media":238648,"template":"","meta":{"_acf_changed":false,"inline_featured_image":false},"product_brand":[],"product_cat":[24441,24444],"product_tag":[23512,23514],"class_list":{"0":"post-279801","1":"product","2":"type-product","3":"status-publish","4":"has-post-thumbnail","6":"product_cat-vestes-fr","7":"product_cat-vetements-pour-femmes-fr","8":"product_tag-montura-fr","9":"product_tag-montura-femme","10":"pa_attivita-marcher","11":"pa_attivita-outdoor-fr","12":"pa_colore-premium-wind-vest-w-nero-intense-violet-fr","13":"pa_colore-premium-wind-vest-w-rosa-sugar-piombo-fr","14":"pa_marca-montura-fr","15":"pa_sesso-femme","16":"pa_size-large-fr","17":"pa_size-extra-large-fr","19":"first","20":"instock","21":"sale","22":"taxable","23":"shipping-taxable","24":"purchasable","25":"product-type-variable","26":"wvs-archive-product-wrapper"},"acf":[],"yoast_head":"<!-- This site is optimized with the Yoast SEO plugin v26.8 - https:\/\/yoast.com\/product\/yoast-seo-wordpress\/ -->\n<title>Montura Premium Wind Vest femme - Gilet d&#039;hiver - MioMioRun<\/title>\n<meta name=\"description\" content=\"La veste Premium Wind pour femme est partiellement doubl\u00e9e en jersey, fabriqu\u00e9e en polyester stretch DWR \u00e0 double \u00e9paisseur.\" \/>\n<meta name=\"robots\" content=\"index, follow, max-snippet:-1, max-image-preview:large, max-video-preview:-1\" \/>\n<link rel=\"canonical\" href=\"https:\/\/www.miomiorun.com\/fr\/produit\/montura-premium-wind-vest-femme\/\" \/>\n<meta property=\"og:locale\" content=\"fr_FR\" \/>\n<meta property=\"og:type\" content=\"article\" \/>\n<meta property=\"og:title\" content=\"Montura Premium Wind Vest femme - Gilet d&#039;hiver - MioMioRun\" \/>\n<meta property=\"og:description\" content=\"La veste Premium Wind pour femme est partiellement doubl\u00e9e en jersey, fabriqu\u00e9e en polyester stretch DWR \u00e0 double \u00e9paisseur.\" \/>\n<meta property=\"og:url\" content=\"https:\/\/www.miomiorun.com\/fr\/produit\/montura-premium-wind-vest-femme\/\" \/>\n<meta property=\"og:site_name\" content=\"MioMioRun\" \/>\n<meta property=\"article:publisher\" content=\"https:\/\/www.facebook.com\/miomiorun\/\" \/>\n<meta property=\"article:modified_time\" content=\"2025-12-18T17:58:25+00:00\" \/>\n<meta property=\"og:image\" content=\"https:\/\/www.miomiorun.com\/app\/uploads\/2022\/12\/montura-premium-wind-vest-W-nero-intense-violet-MVVW48W.9007.jpg\" \/>\n\t<meta property=\"og:image:width\" content=\"600\" \/>\n\t<meta property=\"og:image:height\" content=\"600\" \/>\n\t<meta property=\"og:image:type\" content=\"image\/jpeg\" \/>\n<meta name=\"twitter:card\" content=\"summary_large_image\" \/>\n<meta name=\"twitter:label1\" content=\"Est. reading time\" \/>\n\t<meta name=\"twitter:data1\" content=\"1 minute\" \/>\n<script type=\"application\/ld+json\" class=\"yoast-schema-graph\">{\"@context\":\"https:\/\/schema.org\",\"@graph\":[{\"@type\":\"WebPage\",\"@id\":\"https:\/\/www.miomiorun.com\/fr\/produit\/montura-premium-wind-vest-femme\/\",\"url\":\"https:\/\/www.miomiorun.com\/fr\/produit\/montura-premium-wind-vest-femme\/\",\"name\":\"Montura Premium Wind Vest femme - Gilet d'hiver - MioMioRun\",\"isPartOf\":{\"@id\":\"https:\/\/www.miomiorun.com\/fr\/#website\"},\"primaryImageOfPage\":{\"@id\":\"https:\/\/www.miomiorun.com\/fr\/produit\/montura-premium-wind-vest-femme\/#primaryimage\"},\"image\":{\"@id\":\"https:\/\/www.miomiorun.com\/fr\/produit\/montura-premium-wind-vest-femme\/#primaryimage\"},\"thumbnailUrl\":\"https:\/\/www.miomiorun.com\/app\/uploads\/2022\/12\/montura-premium-wind-vest-W-nero-intense-violet-MVVW48W.9007.jpg\",\"datePublished\":\"2021-10-08T16:24:42+00:00\",\"dateModified\":\"2025-12-18T17:58:25+00:00\",\"description\":\"La veste Premium Wind pour femme est partiellement doubl\u00e9e en jersey, fabriqu\u00e9e en polyester stretch DWR \u00e0 double \u00e9paisseur.\",\"breadcrumb\":{\"@id\":\"https:\/\/www.miomiorun.com\/fr\/produit\/montura-premium-wind-vest-femme\/#breadcrumb\"},\"inLanguage\":\"fr-FR\",\"potentialAction\":[{\"@type\":\"ReadAction\",\"target\":[\"https:\/\/www.miomiorun.com\/fr\/produit\/montura-premium-wind-vest-femme\/\"]}]},{\"@type\":\"ImageObject\",\"inLanguage\":\"fr-FR\",\"@id\":\"https:\/\/www.miomiorun.com\/fr\/produit\/montura-premium-wind-vest-femme\/#primaryimage\",\"url\":\"https:\/\/www.miomiorun.com\/app\/uploads\/2022\/12\/montura-premium-wind-vest-W-nero-intense-violet-MVVW48W.9007.jpg\",\"contentUrl\":\"https:\/\/www.miomiorun.com\/app\/uploads\/2022\/12\/montura-premium-wind-vest-W-nero-intense-violet-MVVW48W.9007.jpg\",\"width\":600,\"height\":600,\"caption\":\"montura-premium-wind-vest-W-nero-intense-violet-MVVW48W.9007\"},{\"@type\":\"BreadcrumbList\",\"@id\":\"https:\/\/www.miomiorun.com\/fr\/produit\/montura-premium-wind-vest-femme\/#breadcrumb\",\"itemListElement\":[{\"@type\":\"ListItem\",\"position\":1,\"name\":\"Home\",\"item\":\"https:\/\/www.miomiorun.com\/fr\/home-page\/\"},{\"@type\":\"ListItem\",\"position\":2,\"name\":\"Shop\",\"item\":\"https:\/\/www.miomiorun.com\/shop\/\"},{\"@type\":\"ListItem\",\"position\":3,\"name\":\"Premium Wind Vest femme\"}]},{\"@type\":\"WebSite\",\"@id\":\"https:\/\/www.miomiorun.com\/fr\/#website\",\"url\":\"https:\/\/www.miomiorun.com\/fr\/\",\"name\":\"MioMioRun\",\"description\":\"Boutique 100% running et trail\",\"publisher\":{\"@id\":\"https:\/\/www.miomiorun.com\/fr\/#organization\"},\"potentialAction\":[{\"@type\":\"SearchAction\",\"target\":{\"@type\":\"EntryPoint\",\"urlTemplate\":\"https:\/\/www.miomiorun.com\/fr\/?s={search_term_string}\"},\"query-input\":{\"@type\":\"PropertyValueSpecification\",\"valueRequired\":true,\"valueName\":\"search_term_string\"}}],\"inLanguage\":\"fr-FR\"},{\"@type\":\"Organization\",\"@id\":\"https:\/\/www.miomiorun.com\/fr\/#organization\",\"name\":\"MioMio Run\",\"url\":\"https:\/\/www.miomiorun.com\/fr\/\",\"logo\":{\"@type\":\"ImageObject\",\"inLanguage\":\"fr-FR\",\"@id\":\"https:\/\/www.miomiorun.com\/fr\/#\/schema\/logo\/image\/\",\"url\":\"https:\/\/www.miomiorun.com\/app\/uploads\/2019\/12\/logomio.png\",\"contentUrl\":\"https:\/\/www.miomiorun.com\/app\/uploads\/2019\/12\/logomio.png\",\"width\":115,\"height\":82,\"caption\":\"MioMio Run\"},\"image\":{\"@id\":\"https:\/\/www.miomiorun.com\/fr\/#\/schema\/logo\/image\/\"},\"sameAs\":[\"https:\/\/www.facebook.com\/miomiorun\/\",\"https:\/\/www.instagram.com\/miomiorun\/\"]}]}<\/script>\n<!-- \/ Yoast SEO plugin. -->","yoast_head_json":{"title":"Montura Premium Wind Vest femme - Gilet d'hiver - MioMioRun","description":"La veste Premium Wind pour femme est partiellement doubl\u00e9e en jersey, fabriqu\u00e9e en polyester stretch DWR \u00e0 double \u00e9paisseur.","robots":{"index":"index","follow":"follow","max-snippet":"max-snippet:-1","max-image-preview":"max-image-preview:large","max-video-preview":"max-video-preview:-1"},"canonical":"https:\/\/www.miomiorun.com\/fr\/produit\/montura-premium-wind-vest-femme\/","og_locale":"fr_FR","og_type":"article","og_title":"Montura Premium Wind Vest femme - Gilet d'hiver - MioMioRun","og_description":"La veste Premium Wind pour femme est partiellement doubl\u00e9e en jersey, fabriqu\u00e9e en polyester stretch DWR \u00e0 double \u00e9paisseur.","og_url":"https:\/\/www.miomiorun.com\/fr\/produit\/montura-premium-wind-vest-femme\/","og_site_name":"MioMioRun","article_publisher":"https:\/\/www.facebook.com\/miomiorun\/","article_modified_time":"2025-12-18T17:58:25+00:00","og_image":[{"width":600,"height":600,"url":"https:\/\/www.miomiorun.com\/app\/uploads\/2022\/12\/montura-premium-wind-vest-W-nero-intense-violet-MVVW48W.9007.jpg","type":"image\/jpeg"}],"twitter_card":"summary_large_image","twitter_misc":{"Est. reading time":"1 minute"},"schema":{"@context":"https:\/\/schema.org","@graph":[{"@type":"WebPage","@id":"https:\/\/www.miomiorun.com\/fr\/produit\/montura-premium-wind-vest-femme\/","url":"https:\/\/www.miomiorun.com\/fr\/produit\/montura-premium-wind-vest-femme\/","name":"Montura Premium Wind Vest femme - Gilet d'hiver - MioMioRun","isPartOf":{"@id":"https:\/\/www.miomiorun.com\/fr\/#website"},"primaryImageOfPage":{"@id":"https:\/\/www.miomiorun.com\/fr\/produit\/montura-premium-wind-vest-femme\/#primaryimage"},"image":{"@id":"https:\/\/www.miomiorun.com\/fr\/produit\/montura-premium-wind-vest-femme\/#primaryimage"},"thumbnailUrl":"https:\/\/www.miomiorun.com\/app\/uploads\/2022\/12\/montura-premium-wind-vest-W-nero-intense-violet-MVVW48W.9007.jpg","datePublished":"2021-10-08T16:24:42+00:00","dateModified":"2025-12-18T17:58:25+00:00","description":"La veste Premium Wind pour femme est partiellement doubl\u00e9e en jersey, fabriqu\u00e9e en polyester stretch DWR \u00e0 double \u00e9paisseur.","breadcrumb":{"@id":"https:\/\/www.miomiorun.com\/fr\/produit\/montura-premium-wind-vest-femme\/#breadcrumb"},"inLanguage":"fr-FR","potentialAction":[{"@type":"ReadAction","target":["https:\/\/www.miomiorun.com\/fr\/produit\/montura-premium-wind-vest-femme\/"]}]},{"@type":"ImageObject","inLanguage":"fr-FR","@id":"https:\/\/www.miomiorun.com\/fr\/produit\/montura-premium-wind-vest-femme\/#primaryimage","url":"https:\/\/www.miomiorun.com\/app\/uploads\/2022\/12\/montura-premium-wind-vest-W-nero-intense-violet-MVVW48W.9007.jpg","contentUrl":"https:\/\/www.miomiorun.com\/app\/uploads\/2022\/12\/montura-premium-wind-vest-W-nero-intense-violet-MVVW48W.9007.jpg","width":600,"height":600,"caption":"montura-premium-wind-vest-W-nero-intense-violet-MVVW48W.9007"},{"@type":"BreadcrumbList","@id":"https:\/\/www.miomiorun.com\/fr\/produit\/montura-premium-wind-vest-femme\/#breadcrumb","itemListElement":[{"@type":"ListItem","position":1,"name":"Home","item":"https:\/\/www.miomiorun.com\/fr\/home-page\/"},{"@type":"ListItem","position":2,"name":"Shop","item":"https:\/\/www.miomiorun.com\/shop\/"},{"@type":"ListItem","position":3,"name":"Premium Wind Vest femme"}]},{"@type":"WebSite","@id":"https:\/\/www.miomiorun.com\/fr\/#website","url":"https:\/\/www.miomiorun.com\/fr\/","name":"MioMioRun","description":"Boutique 100% running et trail","publisher":{"@id":"https:\/\/www.miomiorun.com\/fr\/#organization"},"potentialAction":[{"@type":"SearchAction","target":{"@type":"EntryPoint","urlTemplate":"https:\/\/www.miomiorun.com\/fr\/?s={search_term_string}"},"query-input":{"@type":"PropertyValueSpecification","valueRequired":true,"valueName":"search_term_string"}}],"inLanguage":"fr-FR"},{"@type":"Organization","@id":"https:\/\/www.miomiorun.com\/fr\/#organization","name":"MioMio Run","url":"https:\/\/www.miomiorun.com\/fr\/","logo":{"@type":"ImageObject","inLanguage":"fr-FR","@id":"https:\/\/www.miomiorun.com\/fr\/#\/schema\/logo\/image\/","url":"https:\/\/www.miomiorun.com\/app\/uploads\/2019\/12\/logomio.png","contentUrl":"https:\/\/www.miomiorun.com\/app\/uploads\/2019\/12\/logomio.png","width":115,"height":82,"caption":"MioMio Run"},"image":{"@id":"https:\/\/www.miomiorun.com\/fr\/#\/schema\/logo\/image\/"},"sameAs":["https:\/\/www.facebook.com\/miomiorun\/","https:\/\/www.instagram.com\/miomiorun\/"]}]}},"_links":{"self":[{"href":"https:\/\/www.miomiorun.com\/fr\/wp-json\/wp\/v2\/product\/279801","targetHints":{"allow":["GET"]}}],"collection":[{"href":"https:\/\/www.miomiorun.com\/fr\/wp-json\/wp\/v2\/product"}],"about":[{"href":"https:\/\/www.miomiorun.com\/fr\/wp-json\/wp\/v2\/types\/product"}],"wp:featuredmedia":[{"embeddable":true,"href":"https:\/\/www.miomiorun.com\/fr\/wp-json\/wp\/v2\/media\/238648"}],"wp:attachment":[{"href":"https:\/\/www.miomiorun.com\/fr\/wp-json\/wp\/v2\/media?parent=279801"}],"wp:term":[{"taxonomy":"product_brand","embeddable":true,"href":"https:\/\/www.miomiorun.com\/fr\/wp-json\/wp\/v2\/product_brand?post=279801"},{"taxonomy":"product_cat","embeddable":true,"href":"https:\/\/www.miomiorun.com\/fr\/wp-json\/wp\/v2\/product_cat?post=279801"},{"taxonomy":"product_tag","embeddable":true,"href":"https:\/\/www.miomiorun.com\/fr\/wp-json\/wp\/v2\/product_tag?post=279801"}],"curies":[{"name":"wp","href":"https:\/\/api.w.org\/{rel}","templated":true}]}}