{"id":279716,"date":"2021-10-08T18:46:30","date_gmt":"2021-10-08T16:46:30","guid":{"rendered":"https:\/\/miomiorun.com\/prodotto\/montura-nordik-2-pants-uomo\/"},"modified":"2025-12-27T12:00:09","modified_gmt":"2025-12-27T11:00:09","slug":"montura-nordik-2-pants-homme","status":"publish","type":"product","link":"https:\/\/www.miomiorun.com\/fr\/produit\/montura-nordik-2-pants-homme\/","title":{"rendered":"Nordik 2 Pants homme"},"content":{"rendered":"<div class=\"product-attribute product-attribute-featured-materials\">\n<p><strong>Nordik 2 Pants<\/strong> pour homme est un pantalon long en nylon stretch DWR bross\u00e9 \u00e0 l&#8217;int\u00e9rieur, dot\u00e9 d&#8217;un renfort au genou et au si\u00e8ge en nylon stretch. V\u00eatement id\u00e9al pour diverses activit\u00e9s de plein air, le fitness, la course \u00e0 pied et les loisirs<\/p>\n<h3 class=\"product-weight\">Caract\u00e9ristiques :<\/h3>\n<p>\u2022 Pantalon long pour homme<br \/>\n\u2022 Tissu nylon stretch DWR bross\u00e9 \u00e0 l&#8217;int\u00e9rieur<br \/>\n\u2022 Renforts aux genoux et aux fesses en nylon stretch<br \/>\n\u2022 Ouverture physiologique \u00e0 l&#8217;avant<br \/>\n\u2022 Taille \u00e9lastiqu\u00e9e<br \/>\n\u2022 Poches mains zipp\u00e9es, poche arri\u00e8re zipp\u00e9e<br \/>\n\u2022 R\u00e9glage du bas avec fermeture \u00e9clair et soufflet<br \/>\n\u2022 V\u00eatement id\u00e9al pour diverses activit\u00e9s de plein air, le fitness, la course \u00e0 pied et les loisirs<\/p>\n<p class=\"product-weight\">Poids : 0,42 kg<\/p>\n<div class=\"attribute-label\"><img decoding=\"async\" src=\"https:\/\/www.montura.it\/pub\/media\/amasty\/shopby\/option_images\/slider\/breathable_1.svg\" alt=\"breathable\"><img decoding=\"async\" src=\"https:\/\/www.montura.it\/pub\/media\/amasty\/shopby\/option_images\/slider\/water_repellent_1_1.svg\" alt=\"waterrepellent\"><img decoding=\"async\" src=\"https:\/\/www.montura.it\/pub\/media\/amasty\/shopby\/option_images\/slider\/climate.svg\" alt=\"Freddo\"><\/div>\n<h3 class=\"attribute-label\">Activit\u00e9s<\/h3>\n<p><img decoding=\"async\" src=\"https:\/\/www.montura.it\/pub\/media\/amasty\/shopby\/option_images\/slider\/ICM83.svg\" alt=\"ICM83\"><\/p>\n<\/div>\n","protected":false},"excerpt":{"rendered":"<p>Nordik 2 Pants pour homme est un pantalon long en nylon stretch DWR bross\u00e9 \u00e0 l&#8217;int\u00e9rieur, dot\u00e9 d&#8217;un renfort au genou et au si\u00e8ge en nylon stretch. V\u00eatement id\u00e9al pour diverses activit\u00e9s de plein air, le fitness, la course \u00e0 pied et les loisirs Caract\u00e9ristiques : \u2022 Pantalon long pour homme \u2022 Tissu nylon stretch &hellip; <a href=\"https:\/\/www.miomiorun.com\/fr\/produit\/montura-nordik-2-pants-homme\/\">Continued<\/a><\/p>\n","protected":false},"featured_media":233759,"template":"","meta":{"_acf_changed":false,"inline_featured_image":false},"product_brand":[],"product_cat":[24450,24482],"product_tag":[23512,23524],"class_list":{"0":"post-279716","1":"product","2":"type-product","3":"status-publish","4":"has-post-thumbnail","6":"product_cat-pantalon-long-fr-3","7":"product_cat-vetements-pour-hommes-fr","8":"product_tag-montura-fr","9":"product_tag-montura-homme","11":"first","12":"instock","13":"taxable","14":"shipping-taxable","15":"purchasable","16":"product-type-variable","17":"wvs-archive-product-wrapper"},"acf":[],"yoast_head":"<!-- This site is optimized with the Yoast SEO plugin v26.8 - https:\/\/yoast.com\/product\/yoast-seo-wordpress\/ -->\n<title>Montura Nordik 2 Pants homme - Pantalons longs- MioMioRun<\/title>\n<meta name=\"description\" content=\"Le pantalon Nordik 2 pour homme est un pantalon long en nylon stretch DWR bross\u00e9 \u00e0 l&#039;int\u00e9rieur, dot\u00e9 de renforts aux genoux et aux fesses.\" \/>\n<meta name=\"robots\" content=\"index, follow, max-snippet:-1, max-image-preview:large, max-video-preview:-1\" \/>\n<link rel=\"canonical\" href=\"https:\/\/www.miomiorun.com\/fr\/produit\/montura-nordik-2-pants-homme\/\" \/>\n<meta property=\"og:locale\" content=\"fr_FR\" \/>\n<meta property=\"og:type\" content=\"article\" \/>\n<meta property=\"og:title\" content=\"Montura Nordik 2 Pants homme - Pantalons longs- MioMioRun\" \/>\n<meta property=\"og:description\" content=\"Le pantalon Nordik 2 pour homme est un pantalon long en nylon stretch DWR bross\u00e9 \u00e0 l&#039;int\u00e9rieur, dot\u00e9 de renforts aux genoux et aux fesses.\" \/>\n<meta property=\"og:url\" content=\"https:\/\/www.miomiorun.com\/fr\/produit\/montura-nordik-2-pants-homme\/\" \/>\n<meta property=\"og:site_name\" content=\"MioMioRun\" \/>\n<meta property=\"article:publisher\" content=\"https:\/\/www.facebook.com\/miomiorun\/\" \/>\n<meta property=\"article:modified_time\" content=\"2025-12-27T11:00:09+00:00\" \/>\n<meta property=\"og:image\" content=\"https:\/\/www.miomiorun.com\/app\/uploads\/2021\/10\/montura-nordik-2-pants-MPLS82X.9047.jpg\" \/>\n\t<meta property=\"og:image:width\" content=\"600\" \/>\n\t<meta property=\"og:image:height\" content=\"600\" \/>\n\t<meta property=\"og:image:type\" content=\"image\/jpeg\" \/>\n<meta name=\"twitter:card\" content=\"summary_large_image\" \/>\n<meta name=\"twitter:label1\" content=\"Est. reading time\" \/>\n\t<meta name=\"twitter:data1\" content=\"1 minute\" \/>\n<script type=\"application\/ld+json\" class=\"yoast-schema-graph\">{\"@context\":\"https:\/\/schema.org\",\"@graph\":[{\"@type\":\"WebPage\",\"@id\":\"https:\/\/www.miomiorun.com\/fr\/produit\/montura-nordik-2-pants-homme\/\",\"url\":\"https:\/\/www.miomiorun.com\/fr\/produit\/montura-nordik-2-pants-homme\/\",\"name\":\"Montura Nordik 2 Pants homme - Pantalons longs- MioMioRun\",\"isPartOf\":{\"@id\":\"https:\/\/www.miomiorun.com\/fr\/#website\"},\"primaryImageOfPage\":{\"@id\":\"https:\/\/www.miomiorun.com\/fr\/produit\/montura-nordik-2-pants-homme\/#primaryimage\"},\"image\":{\"@id\":\"https:\/\/www.miomiorun.com\/fr\/produit\/montura-nordik-2-pants-homme\/#primaryimage\"},\"thumbnailUrl\":\"https:\/\/www.miomiorun.com\/app\/uploads\/2021\/10\/montura-nordik-2-pants-MPLS82X.9047.jpg\",\"datePublished\":\"2021-10-08T16:46:30+00:00\",\"dateModified\":\"2025-12-27T11:00:09+00:00\",\"description\":\"Le pantalon Nordik 2 pour homme est un pantalon long en nylon stretch DWR bross\u00e9 \u00e0 l'int\u00e9rieur, dot\u00e9 de renforts aux genoux et aux fesses.\",\"breadcrumb\":{\"@id\":\"https:\/\/www.miomiorun.com\/fr\/produit\/montura-nordik-2-pants-homme\/#breadcrumb\"},\"inLanguage\":\"fr-FR\",\"potentialAction\":[{\"@type\":\"ReadAction\",\"target\":[\"https:\/\/www.miomiorun.com\/fr\/produit\/montura-nordik-2-pants-homme\/\"]}]},{\"@type\":\"ImageObject\",\"inLanguage\":\"fr-FR\",\"@id\":\"https:\/\/www.miomiorun.com\/fr\/produit\/montura-nordik-2-pants-homme\/#primaryimage\",\"url\":\"https:\/\/www.miomiorun.com\/app\/uploads\/2021\/10\/montura-nordik-2-pants-MPLS82X.9047.jpg\",\"contentUrl\":\"https:\/\/www.miomiorun.com\/app\/uploads\/2021\/10\/montura-nordik-2-pants-MPLS82X.9047.jpg\",\"width\":600,\"height\":600,\"caption\":\"montura nordik 2 pants\"},{\"@type\":\"BreadcrumbList\",\"@id\":\"https:\/\/www.miomiorun.com\/fr\/produit\/montura-nordik-2-pants-homme\/#breadcrumb\",\"itemListElement\":[{\"@type\":\"ListItem\",\"position\":1,\"name\":\"Home\",\"item\":\"https:\/\/www.miomiorun.com\/fr\/home-page\/\"},{\"@type\":\"ListItem\",\"position\":2,\"name\":\"Shop\",\"item\":\"https:\/\/www.miomiorun.com\/shop\/\"},{\"@type\":\"ListItem\",\"position\":3,\"name\":\"Nordik 2 Pants homme\"}]},{\"@type\":\"WebSite\",\"@id\":\"https:\/\/www.miomiorun.com\/fr\/#website\",\"url\":\"https:\/\/www.miomiorun.com\/fr\/\",\"name\":\"MioMioRun\",\"description\":\"Boutique 100% running et trail\",\"publisher\":{\"@id\":\"https:\/\/www.miomiorun.com\/fr\/#organization\"},\"potentialAction\":[{\"@type\":\"SearchAction\",\"target\":{\"@type\":\"EntryPoint\",\"urlTemplate\":\"https:\/\/www.miomiorun.com\/fr\/?s={search_term_string}\"},\"query-input\":{\"@type\":\"PropertyValueSpecification\",\"valueRequired\":true,\"valueName\":\"search_term_string\"}}],\"inLanguage\":\"fr-FR\"},{\"@type\":\"Organization\",\"@id\":\"https:\/\/www.miomiorun.com\/fr\/#organization\",\"name\":\"MioMio Run\",\"url\":\"https:\/\/www.miomiorun.com\/fr\/\",\"logo\":{\"@type\":\"ImageObject\",\"inLanguage\":\"fr-FR\",\"@id\":\"https:\/\/www.miomiorun.com\/fr\/#\/schema\/logo\/image\/\",\"url\":\"https:\/\/www.miomiorun.com\/app\/uploads\/2019\/12\/logomio.png\",\"contentUrl\":\"https:\/\/www.miomiorun.com\/app\/uploads\/2019\/12\/logomio.png\",\"width\":115,\"height\":82,\"caption\":\"MioMio Run\"},\"image\":{\"@id\":\"https:\/\/www.miomiorun.com\/fr\/#\/schema\/logo\/image\/\"},\"sameAs\":[\"https:\/\/www.facebook.com\/miomiorun\/\",\"https:\/\/www.instagram.com\/miomiorun\/\"]}]}<\/script>\n<!-- \/ Yoast SEO plugin. -->","yoast_head_json":{"title":"Montura Nordik 2 Pants homme - Pantalons longs- MioMioRun","description":"Le pantalon Nordik 2 pour homme est un pantalon long en nylon stretch DWR bross\u00e9 \u00e0 l'int\u00e9rieur, dot\u00e9 de renforts aux genoux et aux fesses.","robots":{"index":"index","follow":"follow","max-snippet":"max-snippet:-1","max-image-preview":"max-image-preview:large","max-video-preview":"max-video-preview:-1"},"canonical":"https:\/\/www.miomiorun.com\/fr\/produit\/montura-nordik-2-pants-homme\/","og_locale":"fr_FR","og_type":"article","og_title":"Montura Nordik 2 Pants homme - Pantalons longs- MioMioRun","og_description":"Le pantalon Nordik 2 pour homme est un pantalon long en nylon stretch DWR bross\u00e9 \u00e0 l'int\u00e9rieur, dot\u00e9 de renforts aux genoux et aux fesses.","og_url":"https:\/\/www.miomiorun.com\/fr\/produit\/montura-nordik-2-pants-homme\/","og_site_name":"MioMioRun","article_publisher":"https:\/\/www.facebook.com\/miomiorun\/","article_modified_time":"2025-12-27T11:00:09+00:00","og_image":[{"width":600,"height":600,"url":"https:\/\/www.miomiorun.com\/app\/uploads\/2021\/10\/montura-nordik-2-pants-MPLS82X.9047.jpg","type":"image\/jpeg"}],"twitter_card":"summary_large_image","twitter_misc":{"Est. reading time":"1 minute"},"schema":{"@context":"https:\/\/schema.org","@graph":[{"@type":"WebPage","@id":"https:\/\/www.miomiorun.com\/fr\/produit\/montura-nordik-2-pants-homme\/","url":"https:\/\/www.miomiorun.com\/fr\/produit\/montura-nordik-2-pants-homme\/","name":"Montura Nordik 2 Pants homme - Pantalons longs- MioMioRun","isPartOf":{"@id":"https:\/\/www.miomiorun.com\/fr\/#website"},"primaryImageOfPage":{"@id":"https:\/\/www.miomiorun.com\/fr\/produit\/montura-nordik-2-pants-homme\/#primaryimage"},"image":{"@id":"https:\/\/www.miomiorun.com\/fr\/produit\/montura-nordik-2-pants-homme\/#primaryimage"},"thumbnailUrl":"https:\/\/www.miomiorun.com\/app\/uploads\/2021\/10\/montura-nordik-2-pants-MPLS82X.9047.jpg","datePublished":"2021-10-08T16:46:30+00:00","dateModified":"2025-12-27T11:00:09+00:00","description":"Le pantalon Nordik 2 pour homme est un pantalon long en nylon stretch DWR bross\u00e9 \u00e0 l'int\u00e9rieur, dot\u00e9 de renforts aux genoux et aux fesses.","breadcrumb":{"@id":"https:\/\/www.miomiorun.com\/fr\/produit\/montura-nordik-2-pants-homme\/#breadcrumb"},"inLanguage":"fr-FR","potentialAction":[{"@type":"ReadAction","target":["https:\/\/www.miomiorun.com\/fr\/produit\/montura-nordik-2-pants-homme\/"]}]},{"@type":"ImageObject","inLanguage":"fr-FR","@id":"https:\/\/www.miomiorun.com\/fr\/produit\/montura-nordik-2-pants-homme\/#primaryimage","url":"https:\/\/www.miomiorun.com\/app\/uploads\/2021\/10\/montura-nordik-2-pants-MPLS82X.9047.jpg","contentUrl":"https:\/\/www.miomiorun.com\/app\/uploads\/2021\/10\/montura-nordik-2-pants-MPLS82X.9047.jpg","width":600,"height":600,"caption":"montura nordik 2 pants"},{"@type":"BreadcrumbList","@id":"https:\/\/www.miomiorun.com\/fr\/produit\/montura-nordik-2-pants-homme\/#breadcrumb","itemListElement":[{"@type":"ListItem","position":1,"name":"Home","item":"https:\/\/www.miomiorun.com\/fr\/home-page\/"},{"@type":"ListItem","position":2,"name":"Shop","item":"https:\/\/www.miomiorun.com\/shop\/"},{"@type":"ListItem","position":3,"name":"Nordik 2 Pants homme"}]},{"@type":"WebSite","@id":"https:\/\/www.miomiorun.com\/fr\/#website","url":"https:\/\/www.miomiorun.com\/fr\/","name":"MioMioRun","description":"Boutique 100% running et trail","publisher":{"@id":"https:\/\/www.miomiorun.com\/fr\/#organization"},"potentialAction":[{"@type":"SearchAction","target":{"@type":"EntryPoint","urlTemplate":"https:\/\/www.miomiorun.com\/fr\/?s={search_term_string}"},"query-input":{"@type":"PropertyValueSpecification","valueRequired":true,"valueName":"search_term_string"}}],"inLanguage":"fr-FR"},{"@type":"Organization","@id":"https:\/\/www.miomiorun.com\/fr\/#organization","name":"MioMio Run","url":"https:\/\/www.miomiorun.com\/fr\/","logo":{"@type":"ImageObject","inLanguage":"fr-FR","@id":"https:\/\/www.miomiorun.com\/fr\/#\/schema\/logo\/image\/","url":"https:\/\/www.miomiorun.com\/app\/uploads\/2019\/12\/logomio.png","contentUrl":"https:\/\/www.miomiorun.com\/app\/uploads\/2019\/12\/logomio.png","width":115,"height":82,"caption":"MioMio Run"},"image":{"@id":"https:\/\/www.miomiorun.com\/fr\/#\/schema\/logo\/image\/"},"sameAs":["https:\/\/www.facebook.com\/miomiorun\/","https:\/\/www.instagram.com\/miomiorun\/"]}]}},"_links":{"self":[{"href":"https:\/\/www.miomiorun.com\/fr\/wp-json\/wp\/v2\/product\/279716","targetHints":{"allow":["GET"]}}],"collection":[{"href":"https:\/\/www.miomiorun.com\/fr\/wp-json\/wp\/v2\/product"}],"about":[{"href":"https:\/\/www.miomiorun.com\/fr\/wp-json\/wp\/v2\/types\/product"}],"wp:featuredmedia":[{"embeddable":true,"href":"https:\/\/www.miomiorun.com\/fr\/wp-json\/wp\/v2\/media\/233759"}],"wp:attachment":[{"href":"https:\/\/www.miomiorun.com\/fr\/wp-json\/wp\/v2\/media?parent=279716"}],"wp:term":[{"taxonomy":"product_brand","embeddable":true,"href":"https:\/\/www.miomiorun.com\/fr\/wp-json\/wp\/v2\/product_brand?post=279716"},{"taxonomy":"product_cat","embeddable":true,"href":"https:\/\/www.miomiorun.com\/fr\/wp-json\/wp\/v2\/product_cat?post=279716"},{"taxonomy":"product_tag","embeddable":true,"href":"https:\/\/www.miomiorun.com\/fr\/wp-json\/wp\/v2\/product_tag?post=279716"}],"curies":[{"name":"wp","href":"https:\/\/api.w.org\/{rel}","templated":true}]}}