{"id":279714,"date":"2021-10-08T19:08:41","date_gmt":"2021-10-08T17:08:41","guid":{"rendered":"https:\/\/miomiorun.com\/prodotto\/montura-fancy-2-0-pants-donna\/"},"modified":"2025-12-27T11:43:11","modified_gmt":"2025-12-27T10:43:11","slug":"montura-fancy-2-0-pants-femme","status":"publish","type":"product","link":"https:\/\/www.miomiorun.com\/fr\/produit\/montura-fancy-2-0-pants-femme\/","title":{"rendered":"Fancy 2.0 Pants femme"},"content":{"rendered":"<div class=\"product-attribute-season\">\n<p><strong>Fancy 2.0 Pants<\/strong> est un pantalon d&#8217;hiver pour femme, id\u00e9al pour la saison hivernale et les sorties en montagne. Confectionn\u00e9 en nylon DWR 4 way-stretch avec renfort aux genoux en nylon stretch r\u00e9sistant aux d\u00e9chirures et \u00e0 l&#8217;abrasion, il est partiellement doubl\u00e9 en tissu molletonn\u00e9.<\/p>\n<p>V\u00eatement id\u00e9al pour l&#8217;escalade, l&#8217;alpinisme et diverses activit\u00e9s de plein air.<\/p>\n<h3>Caract\u00e9ristiques :<\/h3>\n<p>\u2022 Pantalon long pour femme<br \/>\n\u2022 Tissu nylon DWR 4 way-stretch<br \/>\n\u2022 Contraste en tissu nylon DWR stretch<br \/>\n\u2022 Renfort aux genoux en tissu nylon stretch r\u00e9sistant aux d\u00e9chirures et \u00e0 l&#8217;abrasion<br \/>\n\u2022 Partiellement doubl\u00e9 en tissu molletonn\u00e9<br \/>\n\u2022 Taille ferm\u00e9e avec \u00e9lastique<br \/>\n\u2022 Poches mains zipp\u00e9es<br \/>\n\u2022 R\u00e9glage du bas avec fermeture \u00e9clair et soufflet<br \/>\n\u2022 V\u00eatement id\u00e9al pour l&#8217;escalade, l&#8217;alpinisme et diverses activit\u00e9s de plein air<\/p>\n<p class=\"product-weight\">Poids : 0,35 kg<\/p>\n<div class=\"product-attribute-season\"><img decoding=\"async\" src=\"https:\/\/www.montura.it\/pub\/media\/amasty\/shopby\/option_images\/slider\/climate_2.svg\" alt=\"Caldo\/Freddo\"><img decoding=\"async\" src=\"https:\/\/www.montura.it\/pub\/media\/amasty\/shopby\/option_images\/slider\/breathable_1.svg\" alt=\"breathable\"><img decoding=\"async\" src=\"https:\/\/www.montura.it\/pub\/media\/amasty\/shopby\/option_images\/slider\/water_repellent_1_1.svg\" alt=\"waterrepellent\"><img decoding=\"async\" src=\"https:\/\/www.montura.it\/pub\/media\/amasty\/shopby\/option_images\/slider\/wind_blocker_1.svg\" alt=\"windblocker\"><\/div>\n<div class=\"product-attribute product-attribute-passion\">\n<h3 class=\"attribute-label\">Activit\u00e9s<\/h3>\n<p class=\"product-weight\"><img decoding=\"async\" src=\"https:\/\/www.montura.it\/pub\/media\/amasty\/shopby\/option_images\/slider\/ICM81.svg\" alt=\"ICM81\"><\/p>\n<\/div>\n<div class=\"product-attribute product-attribute-passion\">\n<div id=\"materials\" class=\"data item content\" role=\"tabpanel\" data-role=\"content\" aria-labelledby=\"tab-label-materials\" aria-hidden=\"false\">\n<div class=\"product-materials-content\">\n<div class=\"texture-content primary-texture\">\n<div class=\"content\">\n<div class=\"texture-text\">\n<div class=\"laundry-sides-texture\">\n<ul>\n<li><\/li>\n<\/ul>\n<\/div>\n<div class=\"laundry-sides-texture\"><\/div>\n<\/div>\n<\/div>\n<\/div>\n<\/div>\n<\/div>\n<\/div>\n<\/div>\n","protected":false},"excerpt":{"rendered":"<p>Fancy 2.0 Pants est un pantalon d&#8217;hiver pour femme, id\u00e9al pour la saison hivernale et les sorties en montagne. Confectionn\u00e9 en nylon DWR 4 way-stretch avec renfort aux genoux en nylon stretch r\u00e9sistant aux d\u00e9chirures et \u00e0 l&#8217;abrasion, il est partiellement doubl\u00e9 en tissu molletonn\u00e9. V\u00eatement id\u00e9al pour l&#8217;escalade, l&#8217;alpinisme et diverses activit\u00e9s de plein &hellip; <a href=\"https:\/\/www.miomiorun.com\/fr\/produit\/montura-fancy-2-0-pants-femme\/\">Continued<\/a><\/p>\n","protected":false},"featured_media":233771,"template":"","meta":{"_acf_changed":false,"inline_featured_image":false},"product_brand":[],"product_cat":[22603,22596],"product_tag":[23512,23514],"class_list":{"0":"post-279714","1":"product","2":"type-product","3":"status-publish","4":"has-post-thumbnail","6":"product_cat-pantalon-long","7":"product_cat-vetements-pour-femmes","8":"product_tag-montura-fr","9":"product_tag-montura-femme","10":"pa_attivita-marcher","11":"pa_attivita-outdoor-fr","12":"pa_colore-fancy-2-0-pants-w-nero-rosa-sugar-fr","13":"pa_marca-montura-fr","14":"pa_sesso-femme","15":"pa_size-medium-fr","17":"first","18":"instock","19":"taxable","20":"shipping-taxable","21":"purchasable","22":"product-type-variable","23":"wvs-archive-product-wrapper"},"acf":[],"yoast_head":"<!-- This site is optimized with the Yoast SEO plugin v26.8 - https:\/\/yoast.com\/product\/yoast-seo-wordpress\/ -->\n<title>Montura Fancy 2.0 Pants femme - pantalons d&#039;hiver - MioMioRun<\/title>\n<meta name=\"description\" content=\"Les pantalons Fancy 2.0 sont des pantalons d&#039;hiver pour femmes, parfaits pour \u00eatre port\u00e9s pendant la saison hivernale.\" \/>\n<meta name=\"robots\" content=\"index, follow, max-snippet:-1, max-image-preview:large, max-video-preview:-1\" \/>\n<link rel=\"canonical\" href=\"https:\/\/www.miomiorun.com\/fr\/produit\/montura-fancy-2-0-pants-femme\/\" \/>\n<meta property=\"og:locale\" content=\"fr_FR\" \/>\n<meta property=\"og:type\" content=\"article\" \/>\n<meta property=\"og:title\" content=\"Montura Fancy 2.0 Pants femme - pantalons d&#039;hiver - MioMioRun\" \/>\n<meta property=\"og:description\" content=\"Les pantalons Fancy 2.0 sont des pantalons d&#039;hiver pour femmes, parfaits pour \u00eatre port\u00e9s pendant la saison hivernale.\" \/>\n<meta property=\"og:url\" content=\"https:\/\/www.miomiorun.com\/fr\/produit\/montura-fancy-2-0-pants-femme\/\" \/>\n<meta property=\"og:site_name\" content=\"MioMioRun\" \/>\n<meta property=\"article:publisher\" content=\"https:\/\/www.facebook.com\/miomiorun\/\" \/>\n<meta property=\"article:modified_time\" content=\"2025-12-27T10:43:11+00:00\" \/>\n<meta property=\"og:image\" content=\"https:\/\/www.miomiorun.com\/app\/uploads\/2021\/10\/montura-fancy-2.0-pants-MPLS58W.9004.jpg\" \/>\n\t<meta property=\"og:image:width\" content=\"600\" \/>\n\t<meta property=\"og:image:height\" content=\"600\" \/>\n\t<meta property=\"og:image:type\" content=\"image\/jpeg\" \/>\n<meta name=\"twitter:card\" content=\"summary_large_image\" \/>\n<meta name=\"twitter:label1\" content=\"Est. reading time\" \/>\n\t<meta name=\"twitter:data1\" content=\"1 minute\" \/>\n<script type=\"application\/ld+json\" class=\"yoast-schema-graph\">{\"@context\":\"https:\/\/schema.org\",\"@graph\":[{\"@type\":\"WebPage\",\"@id\":\"https:\/\/www.miomiorun.com\/fr\/produit\/montura-fancy-2-0-pants-femme\/\",\"url\":\"https:\/\/www.miomiorun.com\/fr\/produit\/montura-fancy-2-0-pants-femme\/\",\"name\":\"Montura Fancy 2.0 Pants femme - pantalons d'hiver - MioMioRun\",\"isPartOf\":{\"@id\":\"https:\/\/www.miomiorun.com\/fr\/#website\"},\"primaryImageOfPage\":{\"@id\":\"https:\/\/www.miomiorun.com\/fr\/produit\/montura-fancy-2-0-pants-femme\/#primaryimage\"},\"image\":{\"@id\":\"https:\/\/www.miomiorun.com\/fr\/produit\/montura-fancy-2-0-pants-femme\/#primaryimage\"},\"thumbnailUrl\":\"https:\/\/www.miomiorun.com\/app\/uploads\/2021\/10\/montura-fancy-2.0-pants-MPLS58W.9004.jpg\",\"datePublished\":\"2021-10-08T17:08:41+00:00\",\"dateModified\":\"2025-12-27T10:43:11+00:00\",\"description\":\"Les pantalons Fancy 2.0 sont des pantalons d'hiver pour femmes, parfaits pour \u00eatre port\u00e9s pendant la saison hivernale.\",\"breadcrumb\":{\"@id\":\"https:\/\/www.miomiorun.com\/fr\/produit\/montura-fancy-2-0-pants-femme\/#breadcrumb\"},\"inLanguage\":\"fr-FR\",\"potentialAction\":[{\"@type\":\"ReadAction\",\"target\":[\"https:\/\/www.miomiorun.com\/fr\/produit\/montura-fancy-2-0-pants-femme\/\"]}]},{\"@type\":\"ImageObject\",\"inLanguage\":\"fr-FR\",\"@id\":\"https:\/\/www.miomiorun.com\/fr\/produit\/montura-fancy-2-0-pants-femme\/#primaryimage\",\"url\":\"https:\/\/www.miomiorun.com\/app\/uploads\/2021\/10\/montura-fancy-2.0-pants-MPLS58W.9004.jpg\",\"contentUrl\":\"https:\/\/www.miomiorun.com\/app\/uploads\/2021\/10\/montura-fancy-2.0-pants-MPLS58W.9004.jpg\",\"width\":600,\"height\":600,\"caption\":\"montura fancy 2.0 pants\"},{\"@type\":\"BreadcrumbList\",\"@id\":\"https:\/\/www.miomiorun.com\/fr\/produit\/montura-fancy-2-0-pants-femme\/#breadcrumb\",\"itemListElement\":[{\"@type\":\"ListItem\",\"position\":1,\"name\":\"Home\",\"item\":\"https:\/\/www.miomiorun.com\/fr\/home-page\/\"},{\"@type\":\"ListItem\",\"position\":2,\"name\":\"Shop\",\"item\":\"https:\/\/www.miomiorun.com\/shop\/\"},{\"@type\":\"ListItem\",\"position\":3,\"name\":\"Fancy 2.0 Pants femme\"}]},{\"@type\":\"WebSite\",\"@id\":\"https:\/\/www.miomiorun.com\/fr\/#website\",\"url\":\"https:\/\/www.miomiorun.com\/fr\/\",\"name\":\"MioMioRun\",\"description\":\"Boutique 100% running et trail\",\"publisher\":{\"@id\":\"https:\/\/www.miomiorun.com\/fr\/#organization\"},\"potentialAction\":[{\"@type\":\"SearchAction\",\"target\":{\"@type\":\"EntryPoint\",\"urlTemplate\":\"https:\/\/www.miomiorun.com\/fr\/?s={search_term_string}\"},\"query-input\":{\"@type\":\"PropertyValueSpecification\",\"valueRequired\":true,\"valueName\":\"search_term_string\"}}],\"inLanguage\":\"fr-FR\"},{\"@type\":\"Organization\",\"@id\":\"https:\/\/www.miomiorun.com\/fr\/#organization\",\"name\":\"MioMio Run\",\"url\":\"https:\/\/www.miomiorun.com\/fr\/\",\"logo\":{\"@type\":\"ImageObject\",\"inLanguage\":\"fr-FR\",\"@id\":\"https:\/\/www.miomiorun.com\/fr\/#\/schema\/logo\/image\/\",\"url\":\"https:\/\/www.miomiorun.com\/app\/uploads\/2019\/12\/logomio.png\",\"contentUrl\":\"https:\/\/www.miomiorun.com\/app\/uploads\/2019\/12\/logomio.png\",\"width\":115,\"height\":82,\"caption\":\"MioMio Run\"},\"image\":{\"@id\":\"https:\/\/www.miomiorun.com\/fr\/#\/schema\/logo\/image\/\"},\"sameAs\":[\"https:\/\/www.facebook.com\/miomiorun\/\",\"https:\/\/www.instagram.com\/miomiorun\/\"]}]}<\/script>\n<!-- \/ Yoast SEO plugin. -->","yoast_head_json":{"title":"Montura Fancy 2.0 Pants femme - pantalons d'hiver - MioMioRun","description":"Les pantalons Fancy 2.0 sont des pantalons d'hiver pour femmes, parfaits pour \u00eatre port\u00e9s pendant la saison hivernale.","robots":{"index":"index","follow":"follow","max-snippet":"max-snippet:-1","max-image-preview":"max-image-preview:large","max-video-preview":"max-video-preview:-1"},"canonical":"https:\/\/www.miomiorun.com\/fr\/produit\/montura-fancy-2-0-pants-femme\/","og_locale":"fr_FR","og_type":"article","og_title":"Montura Fancy 2.0 Pants femme - pantalons d'hiver - MioMioRun","og_description":"Les pantalons Fancy 2.0 sont des pantalons d'hiver pour femmes, parfaits pour \u00eatre port\u00e9s pendant la saison hivernale.","og_url":"https:\/\/www.miomiorun.com\/fr\/produit\/montura-fancy-2-0-pants-femme\/","og_site_name":"MioMioRun","article_publisher":"https:\/\/www.facebook.com\/miomiorun\/","article_modified_time":"2025-12-27T10:43:11+00:00","og_image":[{"width":600,"height":600,"url":"https:\/\/www.miomiorun.com\/app\/uploads\/2021\/10\/montura-fancy-2.0-pants-MPLS58W.9004.jpg","type":"image\/jpeg"}],"twitter_card":"summary_large_image","twitter_misc":{"Est. reading time":"1 minute"},"schema":{"@context":"https:\/\/schema.org","@graph":[{"@type":"WebPage","@id":"https:\/\/www.miomiorun.com\/fr\/produit\/montura-fancy-2-0-pants-femme\/","url":"https:\/\/www.miomiorun.com\/fr\/produit\/montura-fancy-2-0-pants-femme\/","name":"Montura Fancy 2.0 Pants femme - pantalons d'hiver - MioMioRun","isPartOf":{"@id":"https:\/\/www.miomiorun.com\/fr\/#website"},"primaryImageOfPage":{"@id":"https:\/\/www.miomiorun.com\/fr\/produit\/montura-fancy-2-0-pants-femme\/#primaryimage"},"image":{"@id":"https:\/\/www.miomiorun.com\/fr\/produit\/montura-fancy-2-0-pants-femme\/#primaryimage"},"thumbnailUrl":"https:\/\/www.miomiorun.com\/app\/uploads\/2021\/10\/montura-fancy-2.0-pants-MPLS58W.9004.jpg","datePublished":"2021-10-08T17:08:41+00:00","dateModified":"2025-12-27T10:43:11+00:00","description":"Les pantalons Fancy 2.0 sont des pantalons d'hiver pour femmes, parfaits pour \u00eatre port\u00e9s pendant la saison hivernale.","breadcrumb":{"@id":"https:\/\/www.miomiorun.com\/fr\/produit\/montura-fancy-2-0-pants-femme\/#breadcrumb"},"inLanguage":"fr-FR","potentialAction":[{"@type":"ReadAction","target":["https:\/\/www.miomiorun.com\/fr\/produit\/montura-fancy-2-0-pants-femme\/"]}]},{"@type":"ImageObject","inLanguage":"fr-FR","@id":"https:\/\/www.miomiorun.com\/fr\/produit\/montura-fancy-2-0-pants-femme\/#primaryimage","url":"https:\/\/www.miomiorun.com\/app\/uploads\/2021\/10\/montura-fancy-2.0-pants-MPLS58W.9004.jpg","contentUrl":"https:\/\/www.miomiorun.com\/app\/uploads\/2021\/10\/montura-fancy-2.0-pants-MPLS58W.9004.jpg","width":600,"height":600,"caption":"montura fancy 2.0 pants"},{"@type":"BreadcrumbList","@id":"https:\/\/www.miomiorun.com\/fr\/produit\/montura-fancy-2-0-pants-femme\/#breadcrumb","itemListElement":[{"@type":"ListItem","position":1,"name":"Home","item":"https:\/\/www.miomiorun.com\/fr\/home-page\/"},{"@type":"ListItem","position":2,"name":"Shop","item":"https:\/\/www.miomiorun.com\/shop\/"},{"@type":"ListItem","position":3,"name":"Fancy 2.0 Pants femme"}]},{"@type":"WebSite","@id":"https:\/\/www.miomiorun.com\/fr\/#website","url":"https:\/\/www.miomiorun.com\/fr\/","name":"MioMioRun","description":"Boutique 100% running et trail","publisher":{"@id":"https:\/\/www.miomiorun.com\/fr\/#organization"},"potentialAction":[{"@type":"SearchAction","target":{"@type":"EntryPoint","urlTemplate":"https:\/\/www.miomiorun.com\/fr\/?s={search_term_string}"},"query-input":{"@type":"PropertyValueSpecification","valueRequired":true,"valueName":"search_term_string"}}],"inLanguage":"fr-FR"},{"@type":"Organization","@id":"https:\/\/www.miomiorun.com\/fr\/#organization","name":"MioMio Run","url":"https:\/\/www.miomiorun.com\/fr\/","logo":{"@type":"ImageObject","inLanguage":"fr-FR","@id":"https:\/\/www.miomiorun.com\/fr\/#\/schema\/logo\/image\/","url":"https:\/\/www.miomiorun.com\/app\/uploads\/2019\/12\/logomio.png","contentUrl":"https:\/\/www.miomiorun.com\/app\/uploads\/2019\/12\/logomio.png","width":115,"height":82,"caption":"MioMio Run"},"image":{"@id":"https:\/\/www.miomiorun.com\/fr\/#\/schema\/logo\/image\/"},"sameAs":["https:\/\/www.facebook.com\/miomiorun\/","https:\/\/www.instagram.com\/miomiorun\/"]}]}},"_links":{"self":[{"href":"https:\/\/www.miomiorun.com\/fr\/wp-json\/wp\/v2\/product\/279714","targetHints":{"allow":["GET"]}}],"collection":[{"href":"https:\/\/www.miomiorun.com\/fr\/wp-json\/wp\/v2\/product"}],"about":[{"href":"https:\/\/www.miomiorun.com\/fr\/wp-json\/wp\/v2\/types\/product"}],"wp:featuredmedia":[{"embeddable":true,"href":"https:\/\/www.miomiorun.com\/fr\/wp-json\/wp\/v2\/media\/233771"}],"wp:attachment":[{"href":"https:\/\/www.miomiorun.com\/fr\/wp-json\/wp\/v2\/media?parent=279714"}],"wp:term":[{"taxonomy":"product_brand","embeddable":true,"href":"https:\/\/www.miomiorun.com\/fr\/wp-json\/wp\/v2\/product_brand?post=279714"},{"taxonomy":"product_cat","embeddable":true,"href":"https:\/\/www.miomiorun.com\/fr\/wp-json\/wp\/v2\/product_cat?post=279714"},{"taxonomy":"product_tag","embeddable":true,"href":"https:\/\/www.miomiorun.com\/fr\/wp-json\/wp\/v2\/product_tag?post=279714"}],"curies":[{"name":"wp","href":"https:\/\/api.w.org\/{rel}","templated":true}]}}