{"id":279592,"date":"2021-10-12T11:45:50","date_gmt":"2021-10-12T09:45:50","guid":{"rendered":"https:\/\/miomiorun.com\/prodotto\/la-sportiva-blaze-long-sleeve-donna\/"},"modified":"2026-05-08T21:09:16","modified_gmt":"2026-05-08T19:09:16","slug":"la-sportiva-blaze-long-sleeve-femme","status":"publish","type":"product","link":"https:\/\/www.miomiorun.com\/fr\/produit\/la-sportiva-blaze-long-sleeve-femme\/","title":{"rendered":"Blaze Long Sleeve femme"},"content":{"rendered":"<p>Sous-v\u00eatement innovant et \u00e9cologique \u00e0 manches longues, fabriqu\u00e9 \u00e0 partir d&#8217;un fil polyamide biod\u00e9gradable associ\u00e9 \u00e0 du BIO Elastane. Le <strong>Blaze Long Sleeve<\/strong> pour femme est con\u00e7u pour suivre tous vos mouvements comme une seconde peau, tandis que le syst\u00e8me de cartographie corporelle assure confort, \u00e9lasticit\u00e9 et respirabilit\u00e9 l\u00e0 o\u00f9 vous en avez le plus besoin.<\/p>\n<h3>Informations techniques :<\/h3>\n<p><img loading=\"lazy\" decoding=\"async\" class=\" ls-is-cached lazyloaded\" src=\"https:\/\/www.lasportiva.com\/media\/techinfo_icons\/traspirabilita.png\" alt=\"La Sportiva\" width=\"75\" height=\"75\" data-src=\"https:\/\/www.lasportiva.com\/media\/techinfo_icons\/traspirabilita.png\"><\/p>\n<p><strong>Respirabilit\u00e9 :<\/strong><br \/>\nProduits hautement respirants pour un excellent confort climatique.<\/p>\n<p><img loading=\"lazy\" decoding=\"async\" class=\" ls-is-cached lazyloaded\" src=\"https:\/\/www.lasportiva.com\/media\/techinfo_icons\/elasticita.png\" alt=\"La Sportiva\" width=\"75\" height=\"75\" data-src=\"https:\/\/www.lasportiva.com\/media\/techinfo_icons\/elasticita.png\"><\/p>\n<p><strong>\u00c9lasticit\u00e9 :<\/strong><br \/>\nV\u00eatements confortables et r\u00e9actifs qui garantissent une libert\u00e9 de mouvement maximale.<\/p>\n<p><img loading=\"lazy\" decoding=\"async\" class=\" ls-is-cached lazyloaded\" src=\"https:\/\/www.lasportiva.com\/media\/techinfo_icons\/slim-fit.png\" alt=\"La Sportiva\" width=\"75\" height=\"75\" data-src=\"https:\/\/www.lasportiva.com\/media\/techinfo_icons\/slim-fit.png\"><\/p>\n<p><strong>Coupe ajust\u00e9e :<\/strong><br \/>\nCoupe tr\u00e8s ajust\u00e9e pour des performances maximales en comp\u00e9tition.<\/p>\n<p><img loading=\"lazy\" decoding=\"async\" class=\" ls-is-cached lazyloaded\" src=\"https:\/\/www.lasportiva.com\/media\/techinfo_icons\/leggerezza.png\" alt=\"La Sportiva\" width=\"75\" height=\"75\" data-src=\"https:\/\/www.lasportiva.com\/media\/techinfo_icons\/leggerezza.png\"><\/p>\n<p><strong>L\u00e9g\u00e8ret\u00e9 :<\/strong><br \/>\nProduits qui maintiennent le poids au minimum.<\/p>\n<p><img loading=\"lazy\" decoding=\"async\" class=\" lazyloaded\" src=\"https:\/\/www.lasportiva.com\/media\/techinfo_icons\/polygiene.png\" alt=\"La Sportiva\" width=\"75\" height=\"75\" data-src=\"https:\/\/www.lasportiva.com\/media\/techinfo_icons\/polygiene.png\"><\/p>\n<p>La technologie antibact\u00e9rienne et anti-odeurs Polygiene\u00ae est un traitement durable, efficace et respectueux de l&#8217;environnement qui utilise des sels d&#8217;argent pour emp\u00eacher la formation de bact\u00e9ries responsables des mauvaises odeurs. Le r\u00e9sultat ? <strong>Vous pouvez porter vos v\u00eatements plus longtemps sans les laver.<\/strong><\/p>\n<p><img loading=\"lazy\" decoding=\"async\" class=\" lazyloaded\" src=\"https:\/\/www.lasportiva.com\/media\/techinfo_icons\/L1.png\" alt=\"La Sportiva\" width=\"75\" height=\"75\" data-src=\"https:\/\/www.lasportiva.com\/media\/techinfo_icons\/L1.png\"><\/p>\n<p><strong>L1 &#8211; Couche de base :<\/strong><br \/>\nCouche en contact direct avec la peau. Favorise l&#8217;\u00e9vacuation de la transpiration pour un meilleur confort thermique pendant l&#8217;activit\u00e9 physique.<\/p>\n<p>&nbsp;<\/p>\n<p><strong>Mat\u00e9riaux : <\/strong>Principal : 64 % polyamide, 27 % polyester, 9 % \u00e9lasthanne<\/p>\n<p><strong>Poids :<\/strong> 215 g (L)<\/p>\n","protected":false},"excerpt":{"rendered":"<p>Sous-v\u00eatement innovant et \u00e9cologique \u00e0 manches longues, fabriqu\u00e9 \u00e0 partir d&#8217;un fil polyamide biod\u00e9gradable associ\u00e9 \u00e0 du BIO Elastane. Le Blaze Long Sleeve pour femme est con\u00e7u pour suivre tous vos mouvements comme une seconde peau, tandis que le syst\u00e8me de cartographie corporelle assure confort, \u00e9lasticit\u00e9 et respirabilit\u00e9 l\u00e0 o\u00f9 vous en avez le plus &hellip; <a href=\"https:\/\/www.miomiorun.com\/fr\/produit\/la-sportiva-blaze-long-sleeve-femme\/\">Continued<\/a><\/p>\n","protected":false},"featured_media":237922,"template":"","meta":{"_acf_changed":false,"inline_featured_image":false},"product_brand":[],"product_cat":[22601,22596,22595],"product_tag":[23597,23601],"class_list":{"0":"post-279592","1":"product","2":"type-product","3":"status-publish","4":"has-post-thumbnail","6":"product_cat-maillots","7":"product_cat-vetements-pour-femmes","8":"product_cat-femme","9":"product_tag-la-sportiva-fr","10":"product_tag-la-sportiva-femme","11":"pa_attivita-marcher","12":"pa_attivita-outdoor-fr","13":"pa_attivita-trail-fr","14":"pa_colore-blaze-long-sleeve-w-atlantic-fr","15":"pa_colore-blaze-long-sleeve-w-cerise-fr","16":"pa_colore-blaze-long-sleeve-w-crystal-fr","17":"pa_marca-la-sportiva-fr","18":"pa_sesso-femme","19":"pa_size-extra-small-fr","20":"pa_size-small-fr","21":"pa_size-medium-fr","23":"first","24":"instock","25":"sale","26":"taxable","27":"shipping-taxable","28":"purchasable","29":"product-type-variable","30":"wvs-archive-product-wrapper"},"acf":[],"yoast_head":"<!-- This site is optimized with the Yoast SEO plugin v26.8 - https:\/\/yoast.com\/product\/yoast-seo-wordpress\/ -->\n<title>La Sportiva Blaze Long Sleeve femme - Maillot de course - MioMioRun<\/title>\n<meta name=\"description\" content=\"Sous-v\u00eatement innovant et \u00e9cologique \u00e0 manches longues, fabriqu\u00e9 \u00e0 partir d&#039;un fil polyamide biod\u00e9gradable associ\u00e9 \u00e0 de l&#039;\u00e9lasthanne biologique.\" \/>\n<meta name=\"robots\" content=\"index, follow, max-snippet:-1, max-image-preview:large, max-video-preview:-1\" \/>\n<link rel=\"canonical\" href=\"https:\/\/www.miomiorun.com\/fr\/produit\/la-sportiva-blaze-long-sleeve-femme\/\" \/>\n<meta property=\"og:locale\" content=\"fr_FR\" \/>\n<meta property=\"og:type\" content=\"article\" \/>\n<meta property=\"og:title\" content=\"La Sportiva Blaze Long Sleeve femme - Maillot de course - MioMioRun\" \/>\n<meta property=\"og:description\" content=\"Sous-v\u00eatement innovant et \u00e9cologique \u00e0 manches longues, fabriqu\u00e9 \u00e0 partir d&#039;un fil polyamide biod\u00e9gradable associ\u00e9 \u00e0 de l&#039;\u00e9lasthanne biologique.\" \/>\n<meta property=\"og:url\" content=\"https:\/\/www.miomiorun.com\/fr\/produit\/la-sportiva-blaze-long-sleeve-femme\/\" \/>\n<meta property=\"og:site_name\" content=\"MioMioRun\" \/>\n<meta property=\"article:publisher\" content=\"https:\/\/www.facebook.com\/miomiorun\/\" \/>\n<meta property=\"article:modified_time\" content=\"2026-05-08T19:09:16+00:00\" \/>\n<meta property=\"og:image\" content=\"https:\/\/www.miomiorun.com\/app\/uploads\/2022\/09\/la-sportiva-blaze-long-sleeve-W-crystal-M16635635.jpg\" \/>\n\t<meta property=\"og:image:width\" content=\"600\" \/>\n\t<meta property=\"og:image:height\" content=\"600\" \/>\n\t<meta property=\"og:image:type\" content=\"image\/jpeg\" \/>\n<meta name=\"twitter:card\" content=\"summary_large_image\" \/>\n<meta name=\"twitter:label1\" content=\"Est. reading time\" \/>\n\t<meta name=\"twitter:data1\" content=\"1 minute\" \/>\n<script type=\"application\/ld+json\" class=\"yoast-schema-graph\">{\"@context\":\"https:\/\/schema.org\",\"@graph\":[{\"@type\":\"WebPage\",\"@id\":\"https:\/\/www.miomiorun.com\/fr\/produit\/la-sportiva-blaze-long-sleeve-femme\/\",\"url\":\"https:\/\/www.miomiorun.com\/fr\/produit\/la-sportiva-blaze-long-sleeve-femme\/\",\"name\":\"La Sportiva Blaze Long Sleeve femme - Maillot de course - MioMioRun\",\"isPartOf\":{\"@id\":\"https:\/\/www.miomiorun.com\/fr\/#website\"},\"primaryImageOfPage\":{\"@id\":\"https:\/\/www.miomiorun.com\/fr\/produit\/la-sportiva-blaze-long-sleeve-femme\/#primaryimage\"},\"image\":{\"@id\":\"https:\/\/www.miomiorun.com\/fr\/produit\/la-sportiva-blaze-long-sleeve-femme\/#primaryimage\"},\"thumbnailUrl\":\"https:\/\/www.miomiorun.com\/app\/uploads\/2022\/09\/la-sportiva-blaze-long-sleeve-W-crystal-M16635635.jpg\",\"datePublished\":\"2021-10-12T09:45:50+00:00\",\"dateModified\":\"2026-05-08T19:09:16+00:00\",\"description\":\"Sous-v\u00eatement innovant et \u00e9cologique \u00e0 manches longues, fabriqu\u00e9 \u00e0 partir d'un fil polyamide biod\u00e9gradable associ\u00e9 \u00e0 de l'\u00e9lasthanne biologique.\",\"breadcrumb\":{\"@id\":\"https:\/\/www.miomiorun.com\/fr\/produit\/la-sportiva-blaze-long-sleeve-femme\/#breadcrumb\"},\"inLanguage\":\"fr-FR\",\"potentialAction\":[{\"@type\":\"ReadAction\",\"target\":[\"https:\/\/www.miomiorun.com\/fr\/produit\/la-sportiva-blaze-long-sleeve-femme\/\"]}]},{\"@type\":\"ImageObject\",\"inLanguage\":\"fr-FR\",\"@id\":\"https:\/\/www.miomiorun.com\/fr\/produit\/la-sportiva-blaze-long-sleeve-femme\/#primaryimage\",\"url\":\"https:\/\/www.miomiorun.com\/app\/uploads\/2022\/09\/la-sportiva-blaze-long-sleeve-W-crystal-M16635635.jpg\",\"contentUrl\":\"https:\/\/www.miomiorun.com\/app\/uploads\/2022\/09\/la-sportiva-blaze-long-sleeve-W-crystal-M16635635.jpg\",\"width\":600,\"height\":600,\"caption\":\"la-sportiva-blaze-long-sleeve-W-crystal-M16635635\"},{\"@type\":\"BreadcrumbList\",\"@id\":\"https:\/\/www.miomiorun.com\/fr\/produit\/la-sportiva-blaze-long-sleeve-femme\/#breadcrumb\",\"itemListElement\":[{\"@type\":\"ListItem\",\"position\":1,\"name\":\"Home\",\"item\":\"https:\/\/www.miomiorun.com\/fr\/home-page\/\"},{\"@type\":\"ListItem\",\"position\":2,\"name\":\"Shop\",\"item\":\"https:\/\/www.miomiorun.com\/shop\/\"},{\"@type\":\"ListItem\",\"position\":3,\"name\":\"Blaze Long Sleeve femme\"}]},{\"@type\":\"WebSite\",\"@id\":\"https:\/\/www.miomiorun.com\/fr\/#website\",\"url\":\"https:\/\/www.miomiorun.com\/fr\/\",\"name\":\"MioMioRun\",\"description\":\"Boutique 100% running et trail\",\"publisher\":{\"@id\":\"https:\/\/www.miomiorun.com\/fr\/#organization\"},\"potentialAction\":[{\"@type\":\"SearchAction\",\"target\":{\"@type\":\"EntryPoint\",\"urlTemplate\":\"https:\/\/www.miomiorun.com\/fr\/?s={search_term_string}\"},\"query-input\":{\"@type\":\"PropertyValueSpecification\",\"valueRequired\":true,\"valueName\":\"search_term_string\"}}],\"inLanguage\":\"fr-FR\"},{\"@type\":\"Organization\",\"@id\":\"https:\/\/www.miomiorun.com\/fr\/#organization\",\"name\":\"MioMio Run\",\"url\":\"https:\/\/www.miomiorun.com\/fr\/\",\"logo\":{\"@type\":\"ImageObject\",\"inLanguage\":\"fr-FR\",\"@id\":\"https:\/\/www.miomiorun.com\/fr\/#\/schema\/logo\/image\/\",\"url\":\"https:\/\/www.miomiorun.com\/app\/uploads\/2019\/12\/logomio.png\",\"contentUrl\":\"https:\/\/www.miomiorun.com\/app\/uploads\/2019\/12\/logomio.png\",\"width\":115,\"height\":82,\"caption\":\"MioMio Run\"},\"image\":{\"@id\":\"https:\/\/www.miomiorun.com\/fr\/#\/schema\/logo\/image\/\"},\"sameAs\":[\"https:\/\/www.facebook.com\/miomiorun\/\",\"https:\/\/www.instagram.com\/miomiorun\/\"]}]}<\/script>\n<!-- \/ Yoast SEO plugin. -->","yoast_head_json":{"title":"La Sportiva Blaze Long Sleeve femme - Maillot de course - MioMioRun","description":"Sous-v\u00eatement innovant et \u00e9cologique \u00e0 manches longues, fabriqu\u00e9 \u00e0 partir d'un fil polyamide biod\u00e9gradable associ\u00e9 \u00e0 de l'\u00e9lasthanne biologique.","robots":{"index":"index","follow":"follow","max-snippet":"max-snippet:-1","max-image-preview":"max-image-preview:large","max-video-preview":"max-video-preview:-1"},"canonical":"https:\/\/www.miomiorun.com\/fr\/produit\/la-sportiva-blaze-long-sleeve-femme\/","og_locale":"fr_FR","og_type":"article","og_title":"La Sportiva Blaze Long Sleeve femme - Maillot de course - MioMioRun","og_description":"Sous-v\u00eatement innovant et \u00e9cologique \u00e0 manches longues, fabriqu\u00e9 \u00e0 partir d'un fil polyamide biod\u00e9gradable associ\u00e9 \u00e0 de l'\u00e9lasthanne biologique.","og_url":"https:\/\/www.miomiorun.com\/fr\/produit\/la-sportiva-blaze-long-sleeve-femme\/","og_site_name":"MioMioRun","article_publisher":"https:\/\/www.facebook.com\/miomiorun\/","article_modified_time":"2026-05-08T19:09:16+00:00","og_image":[{"width":600,"height":600,"url":"https:\/\/www.miomiorun.com\/app\/uploads\/2022\/09\/la-sportiva-blaze-long-sleeve-W-crystal-M16635635.jpg","type":"image\/jpeg"}],"twitter_card":"summary_large_image","twitter_misc":{"Est. reading time":"1 minute"},"schema":{"@context":"https:\/\/schema.org","@graph":[{"@type":"WebPage","@id":"https:\/\/www.miomiorun.com\/fr\/produit\/la-sportiva-blaze-long-sleeve-femme\/","url":"https:\/\/www.miomiorun.com\/fr\/produit\/la-sportiva-blaze-long-sleeve-femme\/","name":"La Sportiva Blaze Long Sleeve femme - Maillot de course - MioMioRun","isPartOf":{"@id":"https:\/\/www.miomiorun.com\/fr\/#website"},"primaryImageOfPage":{"@id":"https:\/\/www.miomiorun.com\/fr\/produit\/la-sportiva-blaze-long-sleeve-femme\/#primaryimage"},"image":{"@id":"https:\/\/www.miomiorun.com\/fr\/produit\/la-sportiva-blaze-long-sleeve-femme\/#primaryimage"},"thumbnailUrl":"https:\/\/www.miomiorun.com\/app\/uploads\/2022\/09\/la-sportiva-blaze-long-sleeve-W-crystal-M16635635.jpg","datePublished":"2021-10-12T09:45:50+00:00","dateModified":"2026-05-08T19:09:16+00:00","description":"Sous-v\u00eatement innovant et \u00e9cologique \u00e0 manches longues, fabriqu\u00e9 \u00e0 partir d'un fil polyamide biod\u00e9gradable associ\u00e9 \u00e0 de l'\u00e9lasthanne biologique.","breadcrumb":{"@id":"https:\/\/www.miomiorun.com\/fr\/produit\/la-sportiva-blaze-long-sleeve-femme\/#breadcrumb"},"inLanguage":"fr-FR","potentialAction":[{"@type":"ReadAction","target":["https:\/\/www.miomiorun.com\/fr\/produit\/la-sportiva-blaze-long-sleeve-femme\/"]}]},{"@type":"ImageObject","inLanguage":"fr-FR","@id":"https:\/\/www.miomiorun.com\/fr\/produit\/la-sportiva-blaze-long-sleeve-femme\/#primaryimage","url":"https:\/\/www.miomiorun.com\/app\/uploads\/2022\/09\/la-sportiva-blaze-long-sleeve-W-crystal-M16635635.jpg","contentUrl":"https:\/\/www.miomiorun.com\/app\/uploads\/2022\/09\/la-sportiva-blaze-long-sleeve-W-crystal-M16635635.jpg","width":600,"height":600,"caption":"la-sportiva-blaze-long-sleeve-W-crystal-M16635635"},{"@type":"BreadcrumbList","@id":"https:\/\/www.miomiorun.com\/fr\/produit\/la-sportiva-blaze-long-sleeve-femme\/#breadcrumb","itemListElement":[{"@type":"ListItem","position":1,"name":"Home","item":"https:\/\/www.miomiorun.com\/fr\/home-page\/"},{"@type":"ListItem","position":2,"name":"Shop","item":"https:\/\/www.miomiorun.com\/shop\/"},{"@type":"ListItem","position":3,"name":"Blaze Long Sleeve femme"}]},{"@type":"WebSite","@id":"https:\/\/www.miomiorun.com\/fr\/#website","url":"https:\/\/www.miomiorun.com\/fr\/","name":"MioMioRun","description":"Boutique 100% running et trail","publisher":{"@id":"https:\/\/www.miomiorun.com\/fr\/#organization"},"potentialAction":[{"@type":"SearchAction","target":{"@type":"EntryPoint","urlTemplate":"https:\/\/www.miomiorun.com\/fr\/?s={search_term_string}"},"query-input":{"@type":"PropertyValueSpecification","valueRequired":true,"valueName":"search_term_string"}}],"inLanguage":"fr-FR"},{"@type":"Organization","@id":"https:\/\/www.miomiorun.com\/fr\/#organization","name":"MioMio Run","url":"https:\/\/www.miomiorun.com\/fr\/","logo":{"@type":"ImageObject","inLanguage":"fr-FR","@id":"https:\/\/www.miomiorun.com\/fr\/#\/schema\/logo\/image\/","url":"https:\/\/www.miomiorun.com\/app\/uploads\/2019\/12\/logomio.png","contentUrl":"https:\/\/www.miomiorun.com\/app\/uploads\/2019\/12\/logomio.png","width":115,"height":82,"caption":"MioMio Run"},"image":{"@id":"https:\/\/www.miomiorun.com\/fr\/#\/schema\/logo\/image\/"},"sameAs":["https:\/\/www.facebook.com\/miomiorun\/","https:\/\/www.instagram.com\/miomiorun\/"]}]}},"_links":{"self":[{"href":"https:\/\/www.miomiorun.com\/fr\/wp-json\/wp\/v2\/product\/279592","targetHints":{"allow":["GET"]}}],"collection":[{"href":"https:\/\/www.miomiorun.com\/fr\/wp-json\/wp\/v2\/product"}],"about":[{"href":"https:\/\/www.miomiorun.com\/fr\/wp-json\/wp\/v2\/types\/product"}],"wp:featuredmedia":[{"embeddable":true,"href":"https:\/\/www.miomiorun.com\/fr\/wp-json\/wp\/v2\/media\/237922"}],"wp:attachment":[{"href":"https:\/\/www.miomiorun.com\/fr\/wp-json\/wp\/v2\/media?parent=279592"}],"wp:term":[{"taxonomy":"product_brand","embeddable":true,"href":"https:\/\/www.miomiorun.com\/fr\/wp-json\/wp\/v2\/product_brand?post=279592"},{"taxonomy":"product_cat","embeddable":true,"href":"https:\/\/www.miomiorun.com\/fr\/wp-json\/wp\/v2\/product_cat?post=279592"},{"taxonomy":"product_tag","embeddable":true,"href":"https:\/\/www.miomiorun.com\/fr\/wp-json\/wp\/v2\/product_tag?post=279592"}],"curies":[{"name":"wp","href":"https:\/\/api.w.org\/{rel}","templated":true}]}}