{"id":279539,"date":"2021-10-12T12:22:13","date_gmt":"2021-10-12T10:22:13","guid":{"rendered":"https:\/\/miomiorun.com\/prodotto\/la-sportiva-primal-pant-donna\/"},"modified":"2026-05-08T21:08:46","modified_gmt":"2026-05-08T19:08:46","slug":"la-sportiva-primal-pant-femme","status":"publish","type":"product","link":"https:\/\/www.miomiorun.com\/fr\/produit\/la-sportiva-primal-pant-femme\/","title":{"rendered":"Primal Pant femme"},"content":{"rendered":"<p>Pantalon de course hivernal ultra-\u00e9quip\u00e9, le <strong>Primal Pant<\/strong> pour femme offre une protection suppl\u00e9mentaire contre le vent et la boue pour vous accompagner lors de vos sorties les plus froides sans sacrifier le confort et la libert\u00e9 de mouvement.<\/p>\n<h3>Informations techniques :<\/h3>\n<p><img loading=\"lazy\" decoding=\"async\" class=\" ls-is-cached lazyloaded\" src=\"https:\/\/www.lasportiva.com\/media\/techinfo_icons\/elasticita.png\" alt=\"La Sportiva\" width=\"75\" height=\"75\" data-src=\"https:\/\/www.lasportiva.com\/media\/techinfo_icons\/elasticita.png\"><\/p>\n<p><strong>\u00c9lasticit\u00e9 :<\/strong><br \/>\nV\u00eatements confortables et r\u00e9actifs qui garantissent une libert\u00e9 de mouvement maximale.<\/p>\n<p><img loading=\"lazy\" decoding=\"async\" class=\" ls-is-cached lazyloaded\" src=\"https:\/\/www.lasportiva.com\/media\/techinfo_icons\/slim-fit.png\" alt=\"La Sportiva\" width=\"75\" height=\"75\" data-src=\"https:\/\/www.lasportiva.com\/media\/techinfo_icons\/slim-fit.png\"><\/p>\n<p><strong>Coupe slim :<\/strong><br \/>\nCoupe tr\u00e8s ajust\u00e9e pour des performances maximales en comp\u00e9tition.<\/p>\n<p><img loading=\"lazy\" decoding=\"async\" class=\" lazyloaded\" src=\"https:\/\/www.lasportiva.com\/media\/techinfo_icons\/L2.png\" alt=\"La Sportiva\" width=\"75\" height=\"75\" data-src=\"https:\/\/www.lasportiva.com\/media\/techinfo_icons\/L2.png\"><\/p>\n<p><strong>L2 &#8211; Mid Layer &amp; Thermal Layer :<\/strong><br \/>\nOffre une isolation thermique suppl\u00e9mentaire tout en favorisant l&#8217;\u00e9vacuation de la transpiration gr\u00e2ce \u00e0 une respirabilit\u00e9 \u00e9lev\u00e9e.<\/p>\n<p><img loading=\"lazy\" decoding=\"async\" class=\" lazyloaded\" src=\"https:\/\/www.lasportiva.com\/media\/techinfo_icons\/r\/e\/recycled_fabric_icona_75x75_1.png\" alt=\"La Sportiva\" width=\"75\" height=\"75\" data-src=\"https:\/\/www.lasportiva.com\/media\/techinfo_icons\/r\/e\/recycled_fabric_icona_75x75_1.png\"><\/p>\n<p>La Sportiva introduit des fibres et des rembourrages obtenus \u00e0 partir de la r\u00e9utilisation de polyester recycl\u00e9 et certifi\u00e9 <strong>RePET<\/strong>\u00ae, issu du recyclage de bouteilles en plastique en fin de vie. Les v\u00eatements portant l&#8217;\u00e9tiquette \u00ab RECYCLED FABRIC \u00bb garantissent que :<\/p>\n<ul>\n<li>Tout d\u00e9riv\u00e9 p\u00e9trochimique a \u00e9t\u00e9 remplac\u00e9 par <strong>des fibres obtenues \u00e0 partir de polyester recycl\u00e9.<\/strong><\/li>\n<li>Le v\u00eatement contribue \u00e0 <strong>r\u00e9duire l&#8217;impact sur la plan\u00e8te.<\/strong><\/li>\n<li><strong>Durabilit\u00e9 et qualit\u00e9<\/strong> dans le temps.<\/li>\n<li>Une production de quantit\u00e9s moindres de <strong>CO2 (environ 54 % de moins par rapport \u00e0 la production de fibres traditionnelles)<\/strong> dans le processus de production des fibres de polyester recycl\u00e9.<\/li>\n<\/ul>\n<p>&nbsp;<\/p>\n<p><strong>Mat\u00e9riaux :<\/strong>Principal : (KSH09) 83 % polyester recycl\u00e9, 17 % \u00e9lasthanne &#8211; Insert : (WSM06) 85 % polyamide recycl\u00e9, 15 % \u00e9lasthanne &#8211; Poche : (SSM01) Face : 100 % polyester recycl\u00e9, membrane : 100 % polyur\u00e9thane, doublure : 100 % polyester.<\/p>\n<p><strong>Poids :<\/strong> 280 g (L) .<\/p>\n","protected":false},"excerpt":{"rendered":"<p>Pantalon de course hivernal ultra-\u00e9quip\u00e9, le Primal Pant pour femme offre une protection suppl\u00e9mentaire contre le vent et la boue pour vous accompagner lors de vos sorties les plus froides sans sacrifier le confort et la libert\u00e9 de mouvement. Informations techniques : \u00c9lasticit\u00e9 : V\u00eatements confortables et r\u00e9actifs qui garantissent une libert\u00e9 de mouvement maximale. &hellip; <a href=\"https:\/\/www.miomiorun.com\/fr\/produit\/la-sportiva-primal-pant-femme\/\">Continued<\/a><\/p>\n","protected":false},"featured_media":237966,"template":"","meta":{"_acf_changed":false,"inline_featured_image":false},"product_brand":[],"product_cat":[22603,22596,22595],"product_tag":[23597,23601],"class_list":{"0":"post-279539","1":"product","2":"type-product","3":"status-publish","4":"has-post-thumbnail","6":"product_cat-pantalon-long","7":"product_cat-vetements-pour-femmes","8":"product_cat-femme","9":"product_tag-la-sportiva-fr","10":"product_tag-la-sportiva-femme","11":"pa_attivita-marcher","12":"pa_attivita-outdoor-fr","13":"pa_attivita-trail-fr","14":"pa_colore-primal-pant-w-black-aquarelle-fr","15":"pa_colore-primal-pant-w-black-cerise-fr","16":"pa_colore-primal-pant-w-black-cherry-tomato-fr","17":"pa_colore-primal-pant-w-black-turquoise-fr","18":"pa_marca-la-sportiva-fr","19":"pa_sesso-femme","20":"pa_size-extra-small-fr","21":"pa_size-small-fr","22":"pa_size-medium-fr","23":"pa_size-large-fr","25":"first","26":"instock","27":"sale","28":"taxable","29":"shipping-taxable","30":"purchasable","31":"product-type-variable","32":"wvs-archive-product-wrapper"},"acf":[],"yoast_head":"<!-- This site is optimized with the Yoast SEO plugin v26.8 - https:\/\/yoast.com\/product\/yoast-seo-wordpress\/ -->\n<title>La Sportiva Primal Pant femme - Pantalons longs - MioMioRun<\/title>\n<meta name=\"description\" content=\"Pantalon de course hivernal ultra-\u00e9quip\u00e9, le Primal Pant pour femme offre une protection suppl\u00e9mentaire contre le vent et la boue.\" \/>\n<meta name=\"robots\" content=\"index, follow, max-snippet:-1, max-image-preview:large, max-video-preview:-1\" \/>\n<link rel=\"canonical\" href=\"https:\/\/www.miomiorun.com\/fr\/produit\/la-sportiva-primal-pant-femme\/\" \/>\n<meta property=\"og:locale\" content=\"fr_FR\" \/>\n<meta property=\"og:type\" content=\"article\" \/>\n<meta property=\"og:title\" content=\"La Sportiva Primal Pant femme - Pantalons longs - MioMioRun\" \/>\n<meta property=\"og:description\" content=\"Pantalon de course hivernal ultra-\u00e9quip\u00e9, le Primal Pant pour femme offre une protection suppl\u00e9mentaire contre le vent et la boue.\" \/>\n<meta property=\"og:url\" content=\"https:\/\/www.miomiorun.com\/fr\/produit\/la-sportiva-primal-pant-femme\/\" \/>\n<meta property=\"og:site_name\" content=\"MioMioRun\" \/>\n<meta property=\"article:publisher\" content=\"https:\/\/www.facebook.com\/miomiorun\/\" \/>\n<meta property=\"article:modified_time\" content=\"2026-05-08T19:08:46+00:00\" \/>\n<meta property=\"og:image\" content=\"https:\/\/www.miomiorun.com\/app\/uploads\/2022\/09\/la-sportiva-primal-pant-W-black-cerise-Q21999409.jpg\" \/>\n\t<meta property=\"og:image:width\" content=\"600\" \/>\n\t<meta property=\"og:image:height\" content=\"600\" \/>\n\t<meta property=\"og:image:type\" content=\"image\/jpeg\" \/>\n<meta name=\"twitter:card\" content=\"summary_large_image\" \/>\n<meta name=\"twitter:label1\" content=\"Est. reading time\" \/>\n\t<meta name=\"twitter:data1\" content=\"1 minute\" \/>\n<script type=\"application\/ld+json\" class=\"yoast-schema-graph\">{\"@context\":\"https:\/\/schema.org\",\"@graph\":[{\"@type\":\"WebPage\",\"@id\":\"https:\/\/www.miomiorun.com\/fr\/produit\/la-sportiva-primal-pant-femme\/\",\"url\":\"https:\/\/www.miomiorun.com\/fr\/produit\/la-sportiva-primal-pant-femme\/\",\"name\":\"La Sportiva Primal Pant femme - Pantalons longs - MioMioRun\",\"isPartOf\":{\"@id\":\"https:\/\/www.miomiorun.com\/fr\/#website\"},\"primaryImageOfPage\":{\"@id\":\"https:\/\/www.miomiorun.com\/fr\/produit\/la-sportiva-primal-pant-femme\/#primaryimage\"},\"image\":{\"@id\":\"https:\/\/www.miomiorun.com\/fr\/produit\/la-sportiva-primal-pant-femme\/#primaryimage\"},\"thumbnailUrl\":\"https:\/\/www.miomiorun.com\/app\/uploads\/2022\/09\/la-sportiva-primal-pant-W-black-cerise-Q21999409.jpg\",\"datePublished\":\"2021-10-12T10:22:13+00:00\",\"dateModified\":\"2026-05-08T19:08:46+00:00\",\"description\":\"Pantalon de course hivernal ultra-\u00e9quip\u00e9, le Primal Pant pour femme offre une protection suppl\u00e9mentaire contre le vent et la boue.\",\"breadcrumb\":{\"@id\":\"https:\/\/www.miomiorun.com\/fr\/produit\/la-sportiva-primal-pant-femme\/#breadcrumb\"},\"inLanguage\":\"fr-FR\",\"potentialAction\":[{\"@type\":\"ReadAction\",\"target\":[\"https:\/\/www.miomiorun.com\/fr\/produit\/la-sportiva-primal-pant-femme\/\"]}]},{\"@type\":\"ImageObject\",\"inLanguage\":\"fr-FR\",\"@id\":\"https:\/\/www.miomiorun.com\/fr\/produit\/la-sportiva-primal-pant-femme\/#primaryimage\",\"url\":\"https:\/\/www.miomiorun.com\/app\/uploads\/2022\/09\/la-sportiva-primal-pant-W-black-cerise-Q21999409.jpg\",\"contentUrl\":\"https:\/\/www.miomiorun.com\/app\/uploads\/2022\/09\/la-sportiva-primal-pant-W-black-cerise-Q21999409.jpg\",\"width\":600,\"height\":600,\"caption\":\"la-sportiva-primal-pant-W-black-cerise-Q21999409\"},{\"@type\":\"BreadcrumbList\",\"@id\":\"https:\/\/www.miomiorun.com\/fr\/produit\/la-sportiva-primal-pant-femme\/#breadcrumb\",\"itemListElement\":[{\"@type\":\"ListItem\",\"position\":1,\"name\":\"Home\",\"item\":\"https:\/\/www.miomiorun.com\/fr\/home-page\/\"},{\"@type\":\"ListItem\",\"position\":2,\"name\":\"Shop\",\"item\":\"https:\/\/www.miomiorun.com\/shop\/\"},{\"@type\":\"ListItem\",\"position\":3,\"name\":\"Primal Pant femme\"}]},{\"@type\":\"WebSite\",\"@id\":\"https:\/\/www.miomiorun.com\/fr\/#website\",\"url\":\"https:\/\/www.miomiorun.com\/fr\/\",\"name\":\"MioMioRun\",\"description\":\"Boutique 100% running et trail\",\"publisher\":{\"@id\":\"https:\/\/www.miomiorun.com\/fr\/#organization\"},\"potentialAction\":[{\"@type\":\"SearchAction\",\"target\":{\"@type\":\"EntryPoint\",\"urlTemplate\":\"https:\/\/www.miomiorun.com\/fr\/?s={search_term_string}\"},\"query-input\":{\"@type\":\"PropertyValueSpecification\",\"valueRequired\":true,\"valueName\":\"search_term_string\"}}],\"inLanguage\":\"fr-FR\"},{\"@type\":\"Organization\",\"@id\":\"https:\/\/www.miomiorun.com\/fr\/#organization\",\"name\":\"MioMio Run\",\"url\":\"https:\/\/www.miomiorun.com\/fr\/\",\"logo\":{\"@type\":\"ImageObject\",\"inLanguage\":\"fr-FR\",\"@id\":\"https:\/\/www.miomiorun.com\/fr\/#\/schema\/logo\/image\/\",\"url\":\"https:\/\/www.miomiorun.com\/app\/uploads\/2019\/12\/logomio.png\",\"contentUrl\":\"https:\/\/www.miomiorun.com\/app\/uploads\/2019\/12\/logomio.png\",\"width\":115,\"height\":82,\"caption\":\"MioMio Run\"},\"image\":{\"@id\":\"https:\/\/www.miomiorun.com\/fr\/#\/schema\/logo\/image\/\"},\"sameAs\":[\"https:\/\/www.facebook.com\/miomiorun\/\",\"https:\/\/www.instagram.com\/miomiorun\/\"]}]}<\/script>\n<!-- \/ Yoast SEO plugin. -->","yoast_head_json":{"title":"La Sportiva Primal Pant femme - Pantalons longs - MioMioRun","description":"Pantalon de course hivernal ultra-\u00e9quip\u00e9, le Primal Pant pour femme offre une protection suppl\u00e9mentaire contre le vent et la boue.","robots":{"index":"index","follow":"follow","max-snippet":"max-snippet:-1","max-image-preview":"max-image-preview:large","max-video-preview":"max-video-preview:-1"},"canonical":"https:\/\/www.miomiorun.com\/fr\/produit\/la-sportiva-primal-pant-femme\/","og_locale":"fr_FR","og_type":"article","og_title":"La Sportiva Primal Pant femme - Pantalons longs - MioMioRun","og_description":"Pantalon de course hivernal ultra-\u00e9quip\u00e9, le Primal Pant pour femme offre une protection suppl\u00e9mentaire contre le vent et la boue.","og_url":"https:\/\/www.miomiorun.com\/fr\/produit\/la-sportiva-primal-pant-femme\/","og_site_name":"MioMioRun","article_publisher":"https:\/\/www.facebook.com\/miomiorun\/","article_modified_time":"2026-05-08T19:08:46+00:00","og_image":[{"width":600,"height":600,"url":"https:\/\/www.miomiorun.com\/app\/uploads\/2022\/09\/la-sportiva-primal-pant-W-black-cerise-Q21999409.jpg","type":"image\/jpeg"}],"twitter_card":"summary_large_image","twitter_misc":{"Est. reading time":"1 minute"},"schema":{"@context":"https:\/\/schema.org","@graph":[{"@type":"WebPage","@id":"https:\/\/www.miomiorun.com\/fr\/produit\/la-sportiva-primal-pant-femme\/","url":"https:\/\/www.miomiorun.com\/fr\/produit\/la-sportiva-primal-pant-femme\/","name":"La Sportiva Primal Pant femme - Pantalons longs - MioMioRun","isPartOf":{"@id":"https:\/\/www.miomiorun.com\/fr\/#website"},"primaryImageOfPage":{"@id":"https:\/\/www.miomiorun.com\/fr\/produit\/la-sportiva-primal-pant-femme\/#primaryimage"},"image":{"@id":"https:\/\/www.miomiorun.com\/fr\/produit\/la-sportiva-primal-pant-femme\/#primaryimage"},"thumbnailUrl":"https:\/\/www.miomiorun.com\/app\/uploads\/2022\/09\/la-sportiva-primal-pant-W-black-cerise-Q21999409.jpg","datePublished":"2021-10-12T10:22:13+00:00","dateModified":"2026-05-08T19:08:46+00:00","description":"Pantalon de course hivernal ultra-\u00e9quip\u00e9, le Primal Pant pour femme offre une protection suppl\u00e9mentaire contre le vent et la boue.","breadcrumb":{"@id":"https:\/\/www.miomiorun.com\/fr\/produit\/la-sportiva-primal-pant-femme\/#breadcrumb"},"inLanguage":"fr-FR","potentialAction":[{"@type":"ReadAction","target":["https:\/\/www.miomiorun.com\/fr\/produit\/la-sportiva-primal-pant-femme\/"]}]},{"@type":"ImageObject","inLanguage":"fr-FR","@id":"https:\/\/www.miomiorun.com\/fr\/produit\/la-sportiva-primal-pant-femme\/#primaryimage","url":"https:\/\/www.miomiorun.com\/app\/uploads\/2022\/09\/la-sportiva-primal-pant-W-black-cerise-Q21999409.jpg","contentUrl":"https:\/\/www.miomiorun.com\/app\/uploads\/2022\/09\/la-sportiva-primal-pant-W-black-cerise-Q21999409.jpg","width":600,"height":600,"caption":"la-sportiva-primal-pant-W-black-cerise-Q21999409"},{"@type":"BreadcrumbList","@id":"https:\/\/www.miomiorun.com\/fr\/produit\/la-sportiva-primal-pant-femme\/#breadcrumb","itemListElement":[{"@type":"ListItem","position":1,"name":"Home","item":"https:\/\/www.miomiorun.com\/fr\/home-page\/"},{"@type":"ListItem","position":2,"name":"Shop","item":"https:\/\/www.miomiorun.com\/shop\/"},{"@type":"ListItem","position":3,"name":"Primal Pant femme"}]},{"@type":"WebSite","@id":"https:\/\/www.miomiorun.com\/fr\/#website","url":"https:\/\/www.miomiorun.com\/fr\/","name":"MioMioRun","description":"Boutique 100% running et trail","publisher":{"@id":"https:\/\/www.miomiorun.com\/fr\/#organization"},"potentialAction":[{"@type":"SearchAction","target":{"@type":"EntryPoint","urlTemplate":"https:\/\/www.miomiorun.com\/fr\/?s={search_term_string}"},"query-input":{"@type":"PropertyValueSpecification","valueRequired":true,"valueName":"search_term_string"}}],"inLanguage":"fr-FR"},{"@type":"Organization","@id":"https:\/\/www.miomiorun.com\/fr\/#organization","name":"MioMio Run","url":"https:\/\/www.miomiorun.com\/fr\/","logo":{"@type":"ImageObject","inLanguage":"fr-FR","@id":"https:\/\/www.miomiorun.com\/fr\/#\/schema\/logo\/image\/","url":"https:\/\/www.miomiorun.com\/app\/uploads\/2019\/12\/logomio.png","contentUrl":"https:\/\/www.miomiorun.com\/app\/uploads\/2019\/12\/logomio.png","width":115,"height":82,"caption":"MioMio Run"},"image":{"@id":"https:\/\/www.miomiorun.com\/fr\/#\/schema\/logo\/image\/"},"sameAs":["https:\/\/www.facebook.com\/miomiorun\/","https:\/\/www.instagram.com\/miomiorun\/"]}]}},"_links":{"self":[{"href":"https:\/\/www.miomiorun.com\/fr\/wp-json\/wp\/v2\/product\/279539","targetHints":{"allow":["GET"]}}],"collection":[{"href":"https:\/\/www.miomiorun.com\/fr\/wp-json\/wp\/v2\/product"}],"about":[{"href":"https:\/\/www.miomiorun.com\/fr\/wp-json\/wp\/v2\/types\/product"}],"wp:featuredmedia":[{"embeddable":true,"href":"https:\/\/www.miomiorun.com\/fr\/wp-json\/wp\/v2\/media\/237966"}],"wp:attachment":[{"href":"https:\/\/www.miomiorun.com\/fr\/wp-json\/wp\/v2\/media?parent=279539"}],"wp:term":[{"taxonomy":"product_brand","embeddable":true,"href":"https:\/\/www.miomiorun.com\/fr\/wp-json\/wp\/v2\/product_brand?post=279539"},{"taxonomy":"product_cat","embeddable":true,"href":"https:\/\/www.miomiorun.com\/fr\/wp-json\/wp\/v2\/product_cat?post=279539"},{"taxonomy":"product_tag","embeddable":true,"href":"https:\/\/www.miomiorun.com\/fr\/wp-json\/wp\/v2\/product_tag?post=279539"}],"curies":[{"name":"wp","href":"https:\/\/api.w.org\/{rel}","templated":true}]}}