{"id":279486,"date":"2021-09-02T19:12:31","date_gmt":"2021-09-02T17:12:31","guid":{"rendered":"https:\/\/miomiorun.com\/prodotto\/la-sportiva-cyklon-donna\/"},"modified":"2026-05-08T21:08:38","modified_gmt":"2026-05-08T19:08:38","slug":"la-sportiva-cyklon-femme","status":"publish","type":"product","link":"https:\/\/www.miomiorun.com\/fr\/produit\/la-sportiva-cyklon-femme\/","title":{"rendered":"Cyklon femme"},"content":{"rendered":"<div class=\"vc-row container\"><div class=\"vc-column\"><div class=\"vc-column-text\"><\/p>\n<p><strong>Caract\u00e9ristiques techniques<\/strong><\/p>\n<p>Cat\u00e9gorie : amorti interm\u00e9diaire<br \/>\nD\u00e9calage : 7 mm<br \/>\nPoids : 260 g<br \/>\nId\u00e9al pour : les amateurs de course hors route sur des terrains techniques sur des distances moyennes et pour les skyraces.<br \/>\nPoids de l&#8217;athl\u00e8te : 60-70 kg<br \/>\nAllure de course : moyenne \u00e0 rapide (moins de 5,00 min\/km)<br \/>\n<a href=\"https:\/\/miomiorun.com\/guida-alle-specifiche-tecniche\/\">Guide des sp\u00e9cifications techniques<\/a><\/p>\n<p><\/div><\/div><div class=\"vc-column\"><div class=\"vc-column-text\">La Cyklon pour femme est une chaussure performante id\u00e9ale pour les courses de ski alpinisme et les courses hors piste sur des terrains techniques de moyenne distance. Fruit du travail de recherche et d\u00e9veloppement entre La Sportiva et BOA\u00ae, c&#8217;est un produit qui garantit stabilit\u00e9, pr\u00e9cision et un ajustement parfait gr\u00e2ce au nouveau syst\u00e8me de fermeture Dynamic Cage\u2122 avec BOA\u00ae Fit System int\u00e9gr\u00e9 qui fonctionne en synergie avec 3 \u00e9l\u00e9ments diff\u00e9rents de la tige pour un ajustement et une stabilit\u00e9 parfaits du pied, pour une course en descente s\u00fbre et pr\u00e9cise. Au c\u0153ur du syst\u00e8me de la\u00e7age se trouve le Dynamic Flap\u2122 interne qui enveloppe la chaussure et permet un r\u00e9glage dynamique de la tension en agissant directement sur le BOA\u00ae Fit System d&#8217;un seul geste. La pointe protectrice en TPU et le panneau lat\u00e9ral multicouche thermocoll\u00e9 offrent une structure suppl\u00e9mentaire et garantissent une stabilit\u00e9 maximale. La semelle mud-ground, id\u00e9ale pour une utilisation sur des terrains mous et boueux, est fabriqu\u00e9e dans un m\u00e9lange La Sportiva FriXion\u00ae White ultra adh\u00e9rent et peut \u00eatre \u00e9quip\u00e9e de crampons AT Grip Spike en cas d&#8217;utilisation sur des terrains verglac\u00e9s. La semelle interm\u00e9diaire en EVA bi-densit\u00e9 avec insert stabilisateur contribue \u00e0 la stabilit\u00e9 g\u00e9n\u00e9rale de la chaussure et en r\u00e9duit le poids. Cyklon : flottez comme un papillon, courez comme le vent.<\/p>\n<p><strong>Caract\u00e9ristiques :<\/strong><\/p>\n<ul>\n<li>Tige en mesh respirant anti-abrasion avec renforts en TPU thermocoll\u00e9s sur les zones les plus expos\u00e9es \u00e0 l&#8217;abrasion<\/li>\n<li>Embout en TPU protecteur anti-chocs<\/li>\n<li>Semelle en m\u00e9lange FriXion\u00ae White ultra adh\u00e9rente avec bande de roulement mud-ground pour une utilisation sur terrains mous et boueux<\/li>\n<li>Spyral Tongue\u2122 Evo : languette ultra enveloppante avec gu\u00eatre int\u00e9gr\u00e9e pour une adh\u00e9rence parfaite entre le col et la cheville : emp\u00eache la p\u00e9n\u00e9tration d&#8217;\u00e9l\u00e9ments ext\u00e9rieurs et suit de mani\u00e8re dynamique les mouvements du coureur<\/li>\n<li>Construction Dynamic Cage\u2122 : le syst\u00e8me BOA\u00ae Fit System fonctionne en synergie avec 3 \u00e9l\u00e9ments diff\u00e9rents de la tige pour un maintien et une stabilit\u00e9 parfaits du pied, pour une course en descente s\u00fbre et pr\u00e9cise.<\/li>\n<li>Panneau lat\u00e9ral multicouche et thermocoll\u00e9 : apporte structure et stabilit\u00e9<\/li>\n<li>&nbsp;Semelle interm\u00e9diaire en Memlex EVA \u00e0 double densit\u00e9 l\u00e9g\u00e8re et avec insert stabilisateur, id\u00e9ale pour une utilisation sur les traverses<\/li>\n<\/ul>\n<p><\/div><\/div><\/div>\n","protected":false},"excerpt":{"rendered":"","protected":false},"featured_media":233089,"template":"","meta":{"_acf_changed":false,"inline_featured_image":false},"product_brand":[],"product_cat":[22605,22608],"product_tag":[23597,23601],"class_list":{"0":"post-279486","1":"product","2":"type-product","3":"status-publish","4":"has-post-thumbnail","6":"product_cat-chaussures-pour-femmes","7":"product_cat-trail-fr","8":"product_tag-la-sportiva-fr","9":"product_tag-la-sportiva-femme","10":"pa_attivita-outdoor-fr","11":"pa_attivita-trail-fr","12":"pa_colore-cyklon-w-hibiscus-malibu-blue-fr","13":"pa_colore-cyklon-w-mineral-ink-fr-2","14":"pa_marca-la-sportiva-fr","15":"pa_sesso-femme","16":"pa_size-37-5-fr","17":"pa_size-38-fr","18":"pa_size-38-5-fr","19":"pa_size-39-fr","20":"pa_size-39-5-fr","21":"pa_size-40-fr","22":"pa_size-40-5-fr","23":"pa_size-41-fr","25":"first","26":"instock","27":"sale","28":"taxable","29":"shipping-taxable","30":"purchasable","31":"product-type-variable","32":"wvs-archive-product-wrapper"},"acf":[],"yoast_head":"<!-- This site is optimized with the Yoast SEO plugin v26.8 - https:\/\/yoast.com\/product\/yoast-seo-wordpress\/ -->\n<title>La sportiva Cyklon femme - Chaussures de trail pour femmes - MioMioRun .com<\/title>\n<meta name=\"description\" content=\"La Cyklon pour femme est une chaussure performante id\u00e9ale pour les courses de ski et les courses tout-terrain sur des terrains techniques de moyenne distance.\" \/>\n<meta name=\"robots\" content=\"index, follow, max-snippet:-1, max-image-preview:large, max-video-preview:-1\" \/>\n<link rel=\"canonical\" href=\"https:\/\/www.miomiorun.com\/fr\/produit\/la-sportiva-cyklon-femme\/\" \/>\n<meta property=\"og:locale\" content=\"fr_FR\" \/>\n<meta property=\"og:type\" content=\"article\" \/>\n<meta property=\"og:title\" content=\"La sportiva Cyklon femme - Chaussures de trail pour femmes - MioMioRun .com\" \/>\n<meta property=\"og:description\" content=\"La Cyklon pour femme est une chaussure performante id\u00e9ale pour les courses de ski et les courses tout-terrain sur des terrains techniques de moyenne distance.\" \/>\n<meta property=\"og:url\" content=\"https:\/\/www.miomiorun.com\/fr\/produit\/la-sportiva-cyklon-femme\/\" \/>\n<meta property=\"og:site_name\" content=\"MioMioRun\" \/>\n<meta property=\"article:publisher\" content=\"https:\/\/www.facebook.com\/miomiorun\/\" \/>\n<meta property=\"article:modified_time\" content=\"2026-05-08T19:08:38+00:00\" \/>\n<meta property=\"og:image\" content=\"https:\/\/www.miomiorun.com\/app\/uploads\/2021\/09\/la-sportiva-cyklon-46X911627.jpg\" \/>\n\t<meta property=\"og:image:width\" content=\"600\" \/>\n\t<meta property=\"og:image:height\" content=\"600\" \/>\n\t<meta property=\"og:image:type\" content=\"image\/jpeg\" \/>\n<meta name=\"twitter:card\" content=\"summary_large_image\" \/>\n<meta name=\"twitter:label1\" content=\"Est. reading time\" \/>\n\t<meta name=\"twitter:data1\" content=\"3 minutes\" \/>\n<script type=\"application\/ld+json\" class=\"yoast-schema-graph\">{\"@context\":\"https:\/\/schema.org\",\"@graph\":[{\"@type\":\"WebPage\",\"@id\":\"https:\/\/www.miomiorun.com\/fr\/produit\/la-sportiva-cyklon-femme\/\",\"url\":\"https:\/\/www.miomiorun.com\/fr\/produit\/la-sportiva-cyklon-femme\/\",\"name\":\"La sportiva Cyklon femme - Chaussures de trail pour femmes - MioMioRun .com\",\"isPartOf\":{\"@id\":\"https:\/\/www.miomiorun.com\/fr\/#website\"},\"primaryImageOfPage\":{\"@id\":\"https:\/\/www.miomiorun.com\/fr\/produit\/la-sportiva-cyklon-femme\/#primaryimage\"},\"image\":{\"@id\":\"https:\/\/www.miomiorun.com\/fr\/produit\/la-sportiva-cyklon-femme\/#primaryimage\"},\"thumbnailUrl\":\"https:\/\/www.miomiorun.com\/app\/uploads\/2021\/09\/la-sportiva-cyklon-46X911627.jpg\",\"datePublished\":\"2021-09-02T17:12:31+00:00\",\"dateModified\":\"2026-05-08T19:08:38+00:00\",\"description\":\"La Cyklon pour femme est une chaussure performante id\u00e9ale pour les courses de ski et les courses tout-terrain sur des terrains techniques de moyenne distance.\",\"breadcrumb\":{\"@id\":\"https:\/\/www.miomiorun.com\/fr\/produit\/la-sportiva-cyklon-femme\/#breadcrumb\"},\"inLanguage\":\"fr-FR\",\"potentialAction\":[{\"@type\":\"ReadAction\",\"target\":[\"https:\/\/www.miomiorun.com\/fr\/produit\/la-sportiva-cyklon-femme\/\"]}]},{\"@type\":\"ImageObject\",\"inLanguage\":\"fr-FR\",\"@id\":\"https:\/\/www.miomiorun.com\/fr\/produit\/la-sportiva-cyklon-femme\/#primaryimage\",\"url\":\"https:\/\/www.miomiorun.com\/app\/uploads\/2021\/09\/la-sportiva-cyklon-46X911627.jpg\",\"contentUrl\":\"https:\/\/www.miomiorun.com\/app\/uploads\/2021\/09\/la-sportiva-cyklon-46X911627.jpg\",\"width\":600,\"height\":600,\"caption\":\"la sportiva cyklon\"},{\"@type\":\"BreadcrumbList\",\"@id\":\"https:\/\/www.miomiorun.com\/fr\/produit\/la-sportiva-cyklon-femme\/#breadcrumb\",\"itemListElement\":[{\"@type\":\"ListItem\",\"position\":1,\"name\":\"Home\",\"item\":\"https:\/\/www.miomiorun.com\/fr\/home-page\/\"},{\"@type\":\"ListItem\",\"position\":2,\"name\":\"Shop\",\"item\":\"https:\/\/www.miomiorun.com\/shop\/\"},{\"@type\":\"ListItem\",\"position\":3,\"name\":\"Cyklon femme\"}]},{\"@type\":\"WebSite\",\"@id\":\"https:\/\/www.miomiorun.com\/fr\/#website\",\"url\":\"https:\/\/www.miomiorun.com\/fr\/\",\"name\":\"MioMioRun\",\"description\":\"Boutique 100% running et trail\",\"publisher\":{\"@id\":\"https:\/\/www.miomiorun.com\/fr\/#organization\"},\"potentialAction\":[{\"@type\":\"SearchAction\",\"target\":{\"@type\":\"EntryPoint\",\"urlTemplate\":\"https:\/\/www.miomiorun.com\/fr\/?s={search_term_string}\"},\"query-input\":{\"@type\":\"PropertyValueSpecification\",\"valueRequired\":true,\"valueName\":\"search_term_string\"}}],\"inLanguage\":\"fr-FR\"},{\"@type\":\"Organization\",\"@id\":\"https:\/\/www.miomiorun.com\/fr\/#organization\",\"name\":\"MioMio Run\",\"url\":\"https:\/\/www.miomiorun.com\/fr\/\",\"logo\":{\"@type\":\"ImageObject\",\"inLanguage\":\"fr-FR\",\"@id\":\"https:\/\/www.miomiorun.com\/fr\/#\/schema\/logo\/image\/\",\"url\":\"https:\/\/www.miomiorun.com\/app\/uploads\/2019\/12\/logomio.png\",\"contentUrl\":\"https:\/\/www.miomiorun.com\/app\/uploads\/2019\/12\/logomio.png\",\"width\":115,\"height\":82,\"caption\":\"MioMio Run\"},\"image\":{\"@id\":\"https:\/\/www.miomiorun.com\/fr\/#\/schema\/logo\/image\/\"},\"sameAs\":[\"https:\/\/www.facebook.com\/miomiorun\/\",\"https:\/\/www.instagram.com\/miomiorun\/\"]}]}<\/script>\n<!-- \/ Yoast SEO plugin. -->","yoast_head_json":{"title":"La sportiva Cyklon femme - Chaussures de trail pour femmes - MioMioRun .com","description":"La Cyklon pour femme est une chaussure performante id\u00e9ale pour les courses de ski et les courses tout-terrain sur des terrains techniques de moyenne distance.","robots":{"index":"index","follow":"follow","max-snippet":"max-snippet:-1","max-image-preview":"max-image-preview:large","max-video-preview":"max-video-preview:-1"},"canonical":"https:\/\/www.miomiorun.com\/fr\/produit\/la-sportiva-cyklon-femme\/","og_locale":"fr_FR","og_type":"article","og_title":"La sportiva Cyklon femme - Chaussures de trail pour femmes - MioMioRun .com","og_description":"La Cyklon pour femme est une chaussure performante id\u00e9ale pour les courses de ski et les courses tout-terrain sur des terrains techniques de moyenne distance.","og_url":"https:\/\/www.miomiorun.com\/fr\/produit\/la-sportiva-cyklon-femme\/","og_site_name":"MioMioRun","article_publisher":"https:\/\/www.facebook.com\/miomiorun\/","article_modified_time":"2026-05-08T19:08:38+00:00","og_image":[{"width":600,"height":600,"url":"https:\/\/www.miomiorun.com\/app\/uploads\/2021\/09\/la-sportiva-cyklon-46X911627.jpg","type":"image\/jpeg"}],"twitter_card":"summary_large_image","twitter_misc":{"Est. reading time":"3 minutes"},"schema":{"@context":"https:\/\/schema.org","@graph":[{"@type":"WebPage","@id":"https:\/\/www.miomiorun.com\/fr\/produit\/la-sportiva-cyklon-femme\/","url":"https:\/\/www.miomiorun.com\/fr\/produit\/la-sportiva-cyklon-femme\/","name":"La sportiva Cyklon femme - Chaussures de trail pour femmes - MioMioRun .com","isPartOf":{"@id":"https:\/\/www.miomiorun.com\/fr\/#website"},"primaryImageOfPage":{"@id":"https:\/\/www.miomiorun.com\/fr\/produit\/la-sportiva-cyklon-femme\/#primaryimage"},"image":{"@id":"https:\/\/www.miomiorun.com\/fr\/produit\/la-sportiva-cyklon-femme\/#primaryimage"},"thumbnailUrl":"https:\/\/www.miomiorun.com\/app\/uploads\/2021\/09\/la-sportiva-cyklon-46X911627.jpg","datePublished":"2021-09-02T17:12:31+00:00","dateModified":"2026-05-08T19:08:38+00:00","description":"La Cyklon pour femme est une chaussure performante id\u00e9ale pour les courses de ski et les courses tout-terrain sur des terrains techniques de moyenne distance.","breadcrumb":{"@id":"https:\/\/www.miomiorun.com\/fr\/produit\/la-sportiva-cyklon-femme\/#breadcrumb"},"inLanguage":"fr-FR","potentialAction":[{"@type":"ReadAction","target":["https:\/\/www.miomiorun.com\/fr\/produit\/la-sportiva-cyklon-femme\/"]}]},{"@type":"ImageObject","inLanguage":"fr-FR","@id":"https:\/\/www.miomiorun.com\/fr\/produit\/la-sportiva-cyklon-femme\/#primaryimage","url":"https:\/\/www.miomiorun.com\/app\/uploads\/2021\/09\/la-sportiva-cyklon-46X911627.jpg","contentUrl":"https:\/\/www.miomiorun.com\/app\/uploads\/2021\/09\/la-sportiva-cyklon-46X911627.jpg","width":600,"height":600,"caption":"la sportiva cyklon"},{"@type":"BreadcrumbList","@id":"https:\/\/www.miomiorun.com\/fr\/produit\/la-sportiva-cyklon-femme\/#breadcrumb","itemListElement":[{"@type":"ListItem","position":1,"name":"Home","item":"https:\/\/www.miomiorun.com\/fr\/home-page\/"},{"@type":"ListItem","position":2,"name":"Shop","item":"https:\/\/www.miomiorun.com\/shop\/"},{"@type":"ListItem","position":3,"name":"Cyklon femme"}]},{"@type":"WebSite","@id":"https:\/\/www.miomiorun.com\/fr\/#website","url":"https:\/\/www.miomiorun.com\/fr\/","name":"MioMioRun","description":"Boutique 100% running et trail","publisher":{"@id":"https:\/\/www.miomiorun.com\/fr\/#organization"},"potentialAction":[{"@type":"SearchAction","target":{"@type":"EntryPoint","urlTemplate":"https:\/\/www.miomiorun.com\/fr\/?s={search_term_string}"},"query-input":{"@type":"PropertyValueSpecification","valueRequired":true,"valueName":"search_term_string"}}],"inLanguage":"fr-FR"},{"@type":"Organization","@id":"https:\/\/www.miomiorun.com\/fr\/#organization","name":"MioMio Run","url":"https:\/\/www.miomiorun.com\/fr\/","logo":{"@type":"ImageObject","inLanguage":"fr-FR","@id":"https:\/\/www.miomiorun.com\/fr\/#\/schema\/logo\/image\/","url":"https:\/\/www.miomiorun.com\/app\/uploads\/2019\/12\/logomio.png","contentUrl":"https:\/\/www.miomiorun.com\/app\/uploads\/2019\/12\/logomio.png","width":115,"height":82,"caption":"MioMio Run"},"image":{"@id":"https:\/\/www.miomiorun.com\/fr\/#\/schema\/logo\/image\/"},"sameAs":["https:\/\/www.facebook.com\/miomiorun\/","https:\/\/www.instagram.com\/miomiorun\/"]}]}},"_links":{"self":[{"href":"https:\/\/www.miomiorun.com\/fr\/wp-json\/wp\/v2\/product\/279486","targetHints":{"allow":["GET"]}}],"collection":[{"href":"https:\/\/www.miomiorun.com\/fr\/wp-json\/wp\/v2\/product"}],"about":[{"href":"https:\/\/www.miomiorun.com\/fr\/wp-json\/wp\/v2\/types\/product"}],"wp:featuredmedia":[{"embeddable":true,"href":"https:\/\/www.miomiorun.com\/fr\/wp-json\/wp\/v2\/media\/233089"}],"wp:attachment":[{"href":"https:\/\/www.miomiorun.com\/fr\/wp-json\/wp\/v2\/media?parent=279486"}],"wp:term":[{"taxonomy":"product_brand","embeddable":true,"href":"https:\/\/www.miomiorun.com\/fr\/wp-json\/wp\/v2\/product_brand?post=279486"},{"taxonomy":"product_cat","embeddable":true,"href":"https:\/\/www.miomiorun.com\/fr\/wp-json\/wp\/v2\/product_cat?post=279486"},{"taxonomy":"product_tag","embeddable":true,"href":"https:\/\/www.miomiorun.com\/fr\/wp-json\/wp\/v2\/product_tag?post=279486"}],"curies":[{"name":"wp","href":"https:\/\/api.w.org\/{rel}","templated":true}]}}