{"id":279477,"date":"2021-09-03T19:04:41","date_gmt":"2021-09-03T17:04:41","guid":{"rendered":"https:\/\/miomiorun.com\/prodotto\/brooks-carbonite-short-sleeve-donna\/"},"modified":"2026-01-14T09:42:56","modified_gmt":"2026-01-14T08:42:56","slug":"brooks-carbonite-short-sleeve-femme","status":"publish","type":"product","link":"https:\/\/www.miomiorun.com\/fr\/produit\/brooks-carbonite-short-sleeve-femme\/","title":{"rendered":"Carbonite Short Sleeve femme"},"content":{"rendered":"<p>Le <strong>Carbonite Short Sleeve<\/strong> pour femme est un t-shirt de course id\u00e9al \u00e0 porter pendant les chaudes journ\u00e9es d&#8217;\u00e9t\u00e9 et \u00e0 toute heure de la journ\u00e9e, m\u00eame dans l&#8217;obscurit\u00e9 gr\u00e2ce \u00e0 son excellente visibilit\u00e9 nocturne.<\/p>\n<p>De plus, ce t-shirt reste respirant et s\u00e8che rapidement.<\/p>\n<h3>Caract\u00e9ristiques :<\/h3>\n<h4 id=\"tw-target-text\" class=\"tw-data-text tw-text-large XcVN5d tw-ta\" dir=\"ltr\" data-placeholder=\"Traduzione\"><span class=\"Y2IQFc\" lang=\"it\">Visible dans l&#8217;obscurit\u00e9 <\/span><\/h4>\n<p class=\"tw-data-text tw-text-large XcVN5d tw-ta\" dir=\"ltr\" data-placeholder=\"Traduzione\"><span class=\"Y2IQFc\" lang=\"it\">La r\u00e9flectivit\u00e9 3M\u2122 Scotchlite\u2122 Carbon Black Stretch dans les zones de mouvement critiques aide les conducteurs \u00e0 vous reconna\u00eetre en tant que coureur en mouvement jusqu&#8217;\u00e0 une distance de 600 pieds.<\/span><\/p>\n<h4 id=\"tw-target-text\" class=\"tw-data-text tw-text-large XcVN5d tw-ta\" dir=\"ltr\" data-placeholder=\"Traduzione\"><span class=\"Y2IQFc\" lang=\"it\">Respirant <\/span><\/h4>\n<p class=\"tw-data-text tw-text-large XcVN5d tw-ta\" dir=\"ltr\" data-placeholder=\"Traduzione\"><span class=\"Y2IQFc\" lang=\"it\">Le tissu l\u00e9ger \u00e9vacue la chaleur et l&#8217;humidit\u00e9 pour vous garder au frais.<\/span><\/p>\n<h4 id=\"tw-target-text\" class=\"tw-data-text tw-text-large XcVN5d tw-ta\" dir=\"ltr\" data-placeholder=\"Traduzione\"><span class=\"Y2IQFc\" lang=\"it\">S\u00e9chage rapide <\/span><\/h4>\n<p class=\"tw-data-text tw-text-large XcVN5d tw-ta\" dir=\"ltr\" data-placeholder=\"Traduzione\"><span class=\"Y2IQFc\" lang=\"it\">Le tissu DriLayer\u00ae \u00e9vacue la transpiration tr\u00e8s rapidement.<\/span><\/p>\n<ul>\n<li class=\"tw-data-text tw-text-large XcVN5d tw-ta\" dir=\"ltr\" data-placeholder=\"Traduzione\"><span class=\"Y2IQFc\" lang=\"it\">\u00a0s\u00e8che en moins de six minutes <\/span><\/li>\n<li class=\"tw-data-text tw-text-large XcVN5d tw-ta\" dir=\"ltr\" data-placeholder=\"Traduzione\"><span class=\"Y2IQFc\" lang=\"it\">pour vous garder au frais lorsqu&#8217;il fait chaud. <\/span><\/li>\n<li class=\"tw-data-text tw-text-large XcVN5d tw-ta\" dir=\"ltr\" data-placeholder=\"Traduzione\"><span class=\"Y2IQFc\" lang=\"it\">Fabriqu\u00e9 \u00e0 partir de tissu recycl\u00e9 \u00e9quivalent \u00e0 douze bouteilles d&#8217;eau en plastique<\/span><\/li>\n<\/ul>\n<p>&nbsp;<\/p>\n","protected":false},"excerpt":{"rendered":"<p>Le Carbonite Short Sleeve pour femme est un t-shirt de course id\u00e9al \u00e0 porter pendant les chaudes journ\u00e9es d&#8217;\u00e9t\u00e9 et \u00e0 toute heure de la journ\u00e9e, m\u00eame dans l&#8217;obscurit\u00e9 gr\u00e2ce \u00e0 son excellente visibilit\u00e9 nocturne. De plus, ce t-shirt reste respirant et s\u00e8che rapidement. Caract\u00e9ristiques : Visible dans l&#8217;obscurit\u00e9 La r\u00e9flectivit\u00e9 3M\u2122 Scotchlite\u2122 Carbon Black &hellip; <a href=\"https:\/\/www.miomiorun.com\/fr\/produit\/brooks-carbonite-short-sleeve-femme\/\">Continued<\/a><\/p>\n","protected":false},"featured_media":233023,"template":"","meta":{"_acf_changed":false,"inline_featured_image":false},"product_brand":[],"product_cat":[22604,22596,22595],"product_tag":[23462,23656],"class_list":{"0":"post-279477","1":"product","2":"type-product","3":"status-publish","4":"has-post-thumbnail","6":"product_cat-t-shirt","7":"product_cat-vetements-pour-femmes","8":"product_cat-femme","9":"product_tag-brooks-fr","10":"product_tag-brooks-femme","11":"pa_attivita-marcher","12":"pa_attivita-running-fr","13":"pa_marca-brooks-fr","14":"pa_sesso-femme","15":"pa_size-medium-fr","17":"first","18":"instock","19":"sale","20":"taxable","21":"shipping-taxable","22":"purchasable","23":"product-type-variable","24":"wvs-archive-product-wrapper"},"acf":[],"yoast_head":"<!-- This site is optimized with the Yoast SEO plugin v26.8 - https:\/\/yoast.com\/product\/yoast-seo-wordpress\/ -->\n<title>Brooks Carbonite Short Sleeve femme - T-shirt de course \u00e0 pied - MioMioRun<\/title>\n<meta name=\"description\" content=\"Le Carbonite Short Sleeve pour femme est un t-shirt de course id\u00e9al \u00e0 porter lors des chaudes journ\u00e9es d&#039;\u00e9t\u00e9.\" \/>\n<meta name=\"robots\" content=\"index, follow, max-snippet:-1, max-image-preview:large, max-video-preview:-1\" \/>\n<link rel=\"canonical\" href=\"https:\/\/www.miomiorun.com\/fr\/produit\/brooks-carbonite-short-sleeve-femme\/\" \/>\n<meta property=\"og:locale\" content=\"fr_FR\" \/>\n<meta property=\"og:type\" content=\"article\" \/>\n<meta property=\"og:title\" content=\"Brooks Carbonite Short Sleeve femme - T-shirt de course \u00e0 pied - MioMioRun\" \/>\n<meta property=\"og:description\" content=\"Le Carbonite Short Sleeve pour femme est un t-shirt de course id\u00e9al \u00e0 porter lors des chaudes journ\u00e9es d&#039;\u00e9t\u00e9.\" \/>\n<meta property=\"og:url\" content=\"https:\/\/www.miomiorun.com\/fr\/produit\/brooks-carbonite-short-sleeve-femme\/\" \/>\n<meta property=\"og:site_name\" content=\"MioMioRun\" \/>\n<meta property=\"article:publisher\" content=\"https:\/\/www.facebook.com\/miomiorun\/\" \/>\n<meta property=\"article:modified_time\" content=\"2026-01-14T08:42:56+00:00\" \/>\n<meta property=\"og:image\" content=\"https:\/\/www.miomiorun.com\/app\/uploads\/2021\/09\/brooks-carbonite-short-sleeve-221495-052.jpg\" \/>\n\t<meta property=\"og:image:width\" content=\"600\" \/>\n\t<meta property=\"og:image:height\" content=\"600\" \/>\n\t<meta property=\"og:image:type\" content=\"image\/jpeg\" \/>\n<meta name=\"twitter:card\" content=\"summary_large_image\" \/>\n<meta name=\"twitter:label1\" content=\"Est. reading time\" \/>\n\t<meta name=\"twitter:data1\" content=\"1 minute\" \/>\n<script type=\"application\/ld+json\" class=\"yoast-schema-graph\">{\"@context\":\"https:\/\/schema.org\",\"@graph\":[{\"@type\":\"WebPage\",\"@id\":\"https:\/\/www.miomiorun.com\/fr\/produit\/brooks-carbonite-short-sleeve-femme\/\",\"url\":\"https:\/\/www.miomiorun.com\/fr\/produit\/brooks-carbonite-short-sleeve-femme\/\",\"name\":\"Brooks Carbonite Short Sleeve femme - T-shirt de course \u00e0 pied - MioMioRun\",\"isPartOf\":{\"@id\":\"https:\/\/www.miomiorun.com\/fr\/#website\"},\"primaryImageOfPage\":{\"@id\":\"https:\/\/www.miomiorun.com\/fr\/produit\/brooks-carbonite-short-sleeve-femme\/#primaryimage\"},\"image\":{\"@id\":\"https:\/\/www.miomiorun.com\/fr\/produit\/brooks-carbonite-short-sleeve-femme\/#primaryimage\"},\"thumbnailUrl\":\"https:\/\/www.miomiorun.com\/app\/uploads\/2021\/09\/brooks-carbonite-short-sleeve-221495-052.jpg\",\"datePublished\":\"2021-09-03T17:04:41+00:00\",\"dateModified\":\"2026-01-14T08:42:56+00:00\",\"description\":\"Le Carbonite Short Sleeve pour femme est un t-shirt de course id\u00e9al \u00e0 porter lors des chaudes journ\u00e9es d'\u00e9t\u00e9.\",\"breadcrumb\":{\"@id\":\"https:\/\/www.miomiorun.com\/fr\/produit\/brooks-carbonite-short-sleeve-femme\/#breadcrumb\"},\"inLanguage\":\"fr-FR\",\"potentialAction\":[{\"@type\":\"ReadAction\",\"target\":[\"https:\/\/www.miomiorun.com\/fr\/produit\/brooks-carbonite-short-sleeve-femme\/\"]}]},{\"@type\":\"ImageObject\",\"inLanguage\":\"fr-FR\",\"@id\":\"https:\/\/www.miomiorun.com\/fr\/produit\/brooks-carbonite-short-sleeve-femme\/#primaryimage\",\"url\":\"https:\/\/www.miomiorun.com\/app\/uploads\/2021\/09\/brooks-carbonite-short-sleeve-221495-052.jpg\",\"contentUrl\":\"https:\/\/www.miomiorun.com\/app\/uploads\/2021\/09\/brooks-carbonite-short-sleeve-221495-052.jpg\",\"width\":600,\"height\":600,\"caption\":\"brooks carbonite short sleeve\"},{\"@type\":\"BreadcrumbList\",\"@id\":\"https:\/\/www.miomiorun.com\/fr\/produit\/brooks-carbonite-short-sleeve-femme\/#breadcrumb\",\"itemListElement\":[{\"@type\":\"ListItem\",\"position\":1,\"name\":\"Home\",\"item\":\"https:\/\/www.miomiorun.com\/fr\/home-page\/\"},{\"@type\":\"ListItem\",\"position\":2,\"name\":\"Shop\",\"item\":\"https:\/\/www.miomiorun.com\/shop\/\"},{\"@type\":\"ListItem\",\"position\":3,\"name\":\"Carbonite Short Sleeve femme\"}]},{\"@type\":\"WebSite\",\"@id\":\"https:\/\/www.miomiorun.com\/fr\/#website\",\"url\":\"https:\/\/www.miomiorun.com\/fr\/\",\"name\":\"MioMioRun\",\"description\":\"Boutique 100% running et trail\",\"publisher\":{\"@id\":\"https:\/\/www.miomiorun.com\/fr\/#organization\"},\"potentialAction\":[{\"@type\":\"SearchAction\",\"target\":{\"@type\":\"EntryPoint\",\"urlTemplate\":\"https:\/\/www.miomiorun.com\/fr\/?s={search_term_string}\"},\"query-input\":{\"@type\":\"PropertyValueSpecification\",\"valueRequired\":true,\"valueName\":\"search_term_string\"}}],\"inLanguage\":\"fr-FR\"},{\"@type\":\"Organization\",\"@id\":\"https:\/\/www.miomiorun.com\/fr\/#organization\",\"name\":\"MioMio Run\",\"url\":\"https:\/\/www.miomiorun.com\/fr\/\",\"logo\":{\"@type\":\"ImageObject\",\"inLanguage\":\"fr-FR\",\"@id\":\"https:\/\/www.miomiorun.com\/fr\/#\/schema\/logo\/image\/\",\"url\":\"https:\/\/www.miomiorun.com\/app\/uploads\/2019\/12\/logomio.png\",\"contentUrl\":\"https:\/\/www.miomiorun.com\/app\/uploads\/2019\/12\/logomio.png\",\"width\":115,\"height\":82,\"caption\":\"MioMio Run\"},\"image\":{\"@id\":\"https:\/\/www.miomiorun.com\/fr\/#\/schema\/logo\/image\/\"},\"sameAs\":[\"https:\/\/www.facebook.com\/miomiorun\/\",\"https:\/\/www.instagram.com\/miomiorun\/\"]}]}<\/script>\n<!-- \/ Yoast SEO plugin. -->","yoast_head_json":{"title":"Brooks Carbonite Short Sleeve femme - T-shirt de course \u00e0 pied - MioMioRun","description":"Le Carbonite Short Sleeve pour femme est un t-shirt de course id\u00e9al \u00e0 porter lors des chaudes journ\u00e9es d'\u00e9t\u00e9.","robots":{"index":"index","follow":"follow","max-snippet":"max-snippet:-1","max-image-preview":"max-image-preview:large","max-video-preview":"max-video-preview:-1"},"canonical":"https:\/\/www.miomiorun.com\/fr\/produit\/brooks-carbonite-short-sleeve-femme\/","og_locale":"fr_FR","og_type":"article","og_title":"Brooks Carbonite Short Sleeve femme - T-shirt de course \u00e0 pied - MioMioRun","og_description":"Le Carbonite Short Sleeve pour femme est un t-shirt de course id\u00e9al \u00e0 porter lors des chaudes journ\u00e9es d'\u00e9t\u00e9.","og_url":"https:\/\/www.miomiorun.com\/fr\/produit\/brooks-carbonite-short-sleeve-femme\/","og_site_name":"MioMioRun","article_publisher":"https:\/\/www.facebook.com\/miomiorun\/","article_modified_time":"2026-01-14T08:42:56+00:00","og_image":[{"width":600,"height":600,"url":"https:\/\/www.miomiorun.com\/app\/uploads\/2021\/09\/brooks-carbonite-short-sleeve-221495-052.jpg","type":"image\/jpeg"}],"twitter_card":"summary_large_image","twitter_misc":{"Est. reading time":"1 minute"},"schema":{"@context":"https:\/\/schema.org","@graph":[{"@type":"WebPage","@id":"https:\/\/www.miomiorun.com\/fr\/produit\/brooks-carbonite-short-sleeve-femme\/","url":"https:\/\/www.miomiorun.com\/fr\/produit\/brooks-carbonite-short-sleeve-femme\/","name":"Brooks Carbonite Short Sleeve femme - T-shirt de course \u00e0 pied - MioMioRun","isPartOf":{"@id":"https:\/\/www.miomiorun.com\/fr\/#website"},"primaryImageOfPage":{"@id":"https:\/\/www.miomiorun.com\/fr\/produit\/brooks-carbonite-short-sleeve-femme\/#primaryimage"},"image":{"@id":"https:\/\/www.miomiorun.com\/fr\/produit\/brooks-carbonite-short-sleeve-femme\/#primaryimage"},"thumbnailUrl":"https:\/\/www.miomiorun.com\/app\/uploads\/2021\/09\/brooks-carbonite-short-sleeve-221495-052.jpg","datePublished":"2021-09-03T17:04:41+00:00","dateModified":"2026-01-14T08:42:56+00:00","description":"Le Carbonite Short Sleeve pour femme est un t-shirt de course id\u00e9al \u00e0 porter lors des chaudes journ\u00e9es d'\u00e9t\u00e9.","breadcrumb":{"@id":"https:\/\/www.miomiorun.com\/fr\/produit\/brooks-carbonite-short-sleeve-femme\/#breadcrumb"},"inLanguage":"fr-FR","potentialAction":[{"@type":"ReadAction","target":["https:\/\/www.miomiorun.com\/fr\/produit\/brooks-carbonite-short-sleeve-femme\/"]}]},{"@type":"ImageObject","inLanguage":"fr-FR","@id":"https:\/\/www.miomiorun.com\/fr\/produit\/brooks-carbonite-short-sleeve-femme\/#primaryimage","url":"https:\/\/www.miomiorun.com\/app\/uploads\/2021\/09\/brooks-carbonite-short-sleeve-221495-052.jpg","contentUrl":"https:\/\/www.miomiorun.com\/app\/uploads\/2021\/09\/brooks-carbonite-short-sleeve-221495-052.jpg","width":600,"height":600,"caption":"brooks carbonite short sleeve"},{"@type":"BreadcrumbList","@id":"https:\/\/www.miomiorun.com\/fr\/produit\/brooks-carbonite-short-sleeve-femme\/#breadcrumb","itemListElement":[{"@type":"ListItem","position":1,"name":"Home","item":"https:\/\/www.miomiorun.com\/fr\/home-page\/"},{"@type":"ListItem","position":2,"name":"Shop","item":"https:\/\/www.miomiorun.com\/shop\/"},{"@type":"ListItem","position":3,"name":"Carbonite Short Sleeve femme"}]},{"@type":"WebSite","@id":"https:\/\/www.miomiorun.com\/fr\/#website","url":"https:\/\/www.miomiorun.com\/fr\/","name":"MioMioRun","description":"Boutique 100% running et trail","publisher":{"@id":"https:\/\/www.miomiorun.com\/fr\/#organization"},"potentialAction":[{"@type":"SearchAction","target":{"@type":"EntryPoint","urlTemplate":"https:\/\/www.miomiorun.com\/fr\/?s={search_term_string}"},"query-input":{"@type":"PropertyValueSpecification","valueRequired":true,"valueName":"search_term_string"}}],"inLanguage":"fr-FR"},{"@type":"Organization","@id":"https:\/\/www.miomiorun.com\/fr\/#organization","name":"MioMio Run","url":"https:\/\/www.miomiorun.com\/fr\/","logo":{"@type":"ImageObject","inLanguage":"fr-FR","@id":"https:\/\/www.miomiorun.com\/fr\/#\/schema\/logo\/image\/","url":"https:\/\/www.miomiorun.com\/app\/uploads\/2019\/12\/logomio.png","contentUrl":"https:\/\/www.miomiorun.com\/app\/uploads\/2019\/12\/logomio.png","width":115,"height":82,"caption":"MioMio Run"},"image":{"@id":"https:\/\/www.miomiorun.com\/fr\/#\/schema\/logo\/image\/"},"sameAs":["https:\/\/www.facebook.com\/miomiorun\/","https:\/\/www.instagram.com\/miomiorun\/"]}]}},"_links":{"self":[{"href":"https:\/\/www.miomiorun.com\/fr\/wp-json\/wp\/v2\/product\/279477","targetHints":{"allow":["GET"]}}],"collection":[{"href":"https:\/\/www.miomiorun.com\/fr\/wp-json\/wp\/v2\/product"}],"about":[{"href":"https:\/\/www.miomiorun.com\/fr\/wp-json\/wp\/v2\/types\/product"}],"wp:featuredmedia":[{"embeddable":true,"href":"https:\/\/www.miomiorun.com\/fr\/wp-json\/wp\/v2\/media\/233023"}],"wp:attachment":[{"href":"https:\/\/www.miomiorun.com\/fr\/wp-json\/wp\/v2\/media?parent=279477"}],"wp:term":[{"taxonomy":"product_brand","embeddable":true,"href":"https:\/\/www.miomiorun.com\/fr\/wp-json\/wp\/v2\/product_brand?post=279477"},{"taxonomy":"product_cat","embeddable":true,"href":"https:\/\/www.miomiorun.com\/fr\/wp-json\/wp\/v2\/product_cat?post=279477"},{"taxonomy":"product_tag","embeddable":true,"href":"https:\/\/www.miomiorun.com\/fr\/wp-json\/wp\/v2\/product_tag?post=279477"}],"curies":[{"name":"wp","href":"https:\/\/api.w.org\/{rel}","templated":true}]}}