{"id":279474,"date":"2021-08-28T17:10:46","date_gmt":"2021-08-28T15:10:46","guid":{"rendered":"https:\/\/miomiorun.com\/prodotto\/craft-active-extreme-rn-ss-uomo\/"},"modified":"2025-11-18T16:38:12","modified_gmt":"2025-11-18T15:38:12","slug":"craft-active-extreme-rn-ss-uomo","status":"publish","type":"product","link":"https:\/\/www.miomiorun.com\/fr\/produit\/craft-active-extreme-rn-ss-uomo\/","title":{"rendered":"Active Extreme RN SS uomo"},"content":{"rendered":"<p>Active Extreme RN SS \u00e8 una maglietta da uomo baselayer altamente funzionale progettata per le gare e gli allenamenti ad alta intensit\u00e0 in condizioni invernali da miti a fredde.<\/p>\n<p>Questo capo ad alte prestazioni combina poliestere SEAQUAL leggero, tecnologia Coolmax Air e poliestere riciclato per fornire un&#8217;eccezionale gestione della temperatura corporea durante le attivit\u00e0 ad alta intensit\u00e0. Inoltre, l&#8217;indumento \u00e8 dotato di un design a maglia waffle per un migliore trasporto dell&#8217;umidit\u00e0 e comfort. La grande elasticit\u00e0 e la vestibilit\u00e0 ergonomica assicurano una libert\u00e0 di movimento ottimale, mentre i pannelli in rete a mappatura del corpo forniscono una ventilazione extra dove \u00e8 pi\u00f9 necessaria. Un comprovato favorito tra gli atleti d&#8217;\u00e9lite e gli eroi di tutti i giorni.<\/p>\n<h3>Tessuto ecologico SEAQUAL<\/h3>\n<p>L&#8217;iniziativa SEAQUAL sfida l&#8217;inquinamento da plastica e aiuta a ripulire i nostri oceani dai rifiuti marini, guidando la societ\u00e0 verso la circolarit\u00e0. Risultato della nostra ambizione di assumerci la piena responsabilit\u00e0 dell&#8217;intera catena del valore, Active Extreme X RN SS \u00e8 realizzato con plastica marina riciclata, un materiale riciclato al 100%. Il tessuto SEAQUAL riciclato non \u00e8 solo ecologico, ma offre anche un eccezionale trasporto dell&#8217;umidit\u00e0 e ventilazione.<\/p>\n<h3>Tecnologia Coolmax Air<\/h3>\n<p>I tessuti Coolmax Air Technology sono progettati per ottimizzare la gestione naturale della temperatura del corpo sia in condizioni di freddo che di caldo. Caratterizzato da fibre di poliestere con un&#8217;esclusiva sezione trasversale a forma di elica, il tessuto offre un&#8217;eccellente termoregolazione per prestazioni ottimali. I test hanno dimostrato che gli indumenti realizzati con la tecnologia Coolmax Air offrono una gestione superiore della temperatura corporea, un grande comfort e un superbo effetto di asciugatura rapida.<\/p>\n<p>&#8211; Tessuto sottile, leggero ed elastico<br \/>\n&#8211; SEAQUAL poliestere prodotto da plastica riciclata<br \/>\n&#8211; Tecnologia Coolmax Air<br \/>\n&#8211; Design a nido d&#8217;ape per il massimo trasporto dell&#8217;umidit\u00e0 e comfort<br \/>\n&#8211; Inserti in rete sulle ascelle per una migliore ventilazione<br \/>\n&#8211; Cuciture flatlock che seguono i movimenti del corpo<br \/>\n&#8211; Aderente<br \/>\n&#8211; Trasporto di umidit\u00e0: 5 su 5<br \/>\n&#8211; Livello di attivit\u00e0: 5 su 5<br \/>\n&#8211; Temperatura: da -5 \u00baC a +10 \u00baC<\/p>\n<h3>Materiale<\/h3>\n<p>40% poliestere SeaQual 39% poliestere &#8220;Coolmax&#8221; 21% poliestere riciclato<\/p>\n<p>Lavare in lavatrice a 40 gradi.<\/p>\n","protected":false},"excerpt":{"rendered":"<p>Active Extreme RN SS \u00e8 una maglietta da uomo baselayer altamente funzionale progettata per le gare e gli allenamenti ad alta intensit\u00e0 in condizioni invernali da miti a fredde. Questo capo ad alte prestazioni combina poliestere SEAQUAL leggero, tecnologia Coolmax Air e poliestere riciclato per fornire un&#8217;eccezionale gestione della temperatura corporea durante le attivit\u00e0 ad &hellip; <a href=\"https:\/\/www.miomiorun.com\/fr\/produit\/craft-active-extreme-rn-ss-uomo\/\">Continued<\/a><\/p>\n","protected":false},"featured_media":233205,"template":"","meta":{"_acf_changed":false,"inline_featured_image":false},"product_brand":[],"product_cat":[24479,24482,24484],"product_tag":[23554,23647],"class_list":{"0":"post-279474","1":"product","2":"type-product","3":"status-publish","4":"has-post-thumbnail","6":"product_cat-sous-vetements-fr-2","7":"product_cat-vetements-pour-hommes-fr","8":"product_cat-homme","9":"product_tag-craft-fr","10":"product_tag-craft-homme","11":"pa_attivita-marcher","12":"pa_attivita-outdoor-fr","13":"pa_attivita-running-fr","14":"pa_attivita-trail-fr","15":"pa_marca-craft-fr","16":"pa_sesso-homme","17":"pa_size-large-fr","18":"pa_size-extra-large-fr","20":"first","21":"instock","22":"sale","23":"taxable","24":"shipping-taxable","25":"purchasable","26":"product-type-variable","27":"wvs-archive-product-wrapper"},"acf":[],"yoast_head":"<!-- This site is optimized with the Yoast SEO plugin v26.8 - https:\/\/yoast.com\/product\/yoast-seo-wordpress\/ -->\n<title>Craft Active Extreme RN SS uomo - Intimo termico - MioMioRun.com<\/title>\n<meta name=\"description\" content=\"Active Extreme RN SS \u00e8 una maglietta da uomo baselayer altamente funzionale progettata per le gare e gli allenamenti ad alta intensit\u00e0.\" \/>\n<meta name=\"robots\" content=\"index, follow, max-snippet:-1, max-image-preview:large, max-video-preview:-1\" \/>\n<link rel=\"canonical\" href=\"https:\/\/www.miomiorun.com\/fr\/produit\/craft-active-extreme-rn-ss-uomo\/\" \/>\n<meta property=\"og:locale\" content=\"fr_FR\" \/>\n<meta property=\"og:type\" content=\"article\" \/>\n<meta property=\"og:title\" content=\"Craft Active Extreme RN SS uomo - Intimo termico - MioMioRun.com\" \/>\n<meta property=\"og:description\" content=\"Active Extreme RN SS \u00e8 una maglietta da uomo baselayer altamente funzionale progettata per le gare e gli allenamenti ad alta intensit\u00e0.\" \/>\n<meta property=\"og:url\" content=\"https:\/\/www.miomiorun.com\/fr\/produit\/craft-active-extreme-rn-ss-uomo\/\" \/>\n<meta property=\"og:site_name\" content=\"MioMioRun\" \/>\n<meta property=\"article:publisher\" content=\"https:\/\/www.facebook.com\/miomiorun\/\" \/>\n<meta property=\"article:modified_time\" content=\"2025-11-18T15:38:12+00:00\" \/>\n<meta property=\"og:image\" content=\"https:\/\/www.miomiorun.com\/app\/uploads\/2021\/08\/craft-CRAFT-ACTIVE-EXTREME-RN-SS-1900732-9920.jpg\" \/>\n\t<meta property=\"og:image:width\" content=\"600\" \/>\n\t<meta property=\"og:image:height\" content=\"600\" \/>\n\t<meta property=\"og:image:type\" content=\"image\/jpeg\" \/>\n<meta name=\"twitter:card\" content=\"summary_large_image\" \/>\n<meta name=\"twitter:label1\" content=\"Est. reading time\" \/>\n\t<meta name=\"twitter:data1\" content=\"2 minutes\" \/>\n<script type=\"application\/ld+json\" class=\"yoast-schema-graph\">{\"@context\":\"https:\/\/schema.org\",\"@graph\":[{\"@type\":\"WebPage\",\"@id\":\"https:\/\/www.miomiorun.com\/fr\/produit\/craft-active-extreme-rn-ss-uomo\/\",\"url\":\"https:\/\/www.miomiorun.com\/fr\/produit\/craft-active-extreme-rn-ss-uomo\/\",\"name\":\"Craft Active Extreme RN SS uomo - Intimo termico - MioMioRun.com\",\"isPartOf\":{\"@id\":\"https:\/\/www.miomiorun.com\/fr\/#website\"},\"primaryImageOfPage\":{\"@id\":\"https:\/\/www.miomiorun.com\/fr\/produit\/craft-active-extreme-rn-ss-uomo\/#primaryimage\"},\"image\":{\"@id\":\"https:\/\/www.miomiorun.com\/fr\/produit\/craft-active-extreme-rn-ss-uomo\/#primaryimage\"},\"thumbnailUrl\":\"https:\/\/www.miomiorun.com\/app\/uploads\/2021\/08\/craft-CRAFT-ACTIVE-EXTREME-RN-SS-1900732-9920.jpg\",\"datePublished\":\"2021-08-28T15:10:46+00:00\",\"dateModified\":\"2025-11-18T15:38:12+00:00\",\"description\":\"Active Extreme RN SS \u00e8 una maglietta da uomo baselayer altamente funzionale progettata per le gare e gli allenamenti ad alta intensit\u00e0.\",\"breadcrumb\":{\"@id\":\"https:\/\/www.miomiorun.com\/fr\/produit\/craft-active-extreme-rn-ss-uomo\/#breadcrumb\"},\"inLanguage\":\"fr-FR\",\"potentialAction\":[{\"@type\":\"ReadAction\",\"target\":[\"https:\/\/www.miomiorun.com\/fr\/produit\/craft-active-extreme-rn-ss-uomo\/\"]}]},{\"@type\":\"ImageObject\",\"inLanguage\":\"fr-FR\",\"@id\":\"https:\/\/www.miomiorun.com\/fr\/produit\/craft-active-extreme-rn-ss-uomo\/#primaryimage\",\"url\":\"https:\/\/www.miomiorun.com\/app\/uploads\/2021\/08\/craft-CRAFT-ACTIVE-EXTREME-RN-SS-1900732-9920.jpg\",\"contentUrl\":\"https:\/\/www.miomiorun.com\/app\/uploads\/2021\/08\/craft-CRAFT-ACTIVE-EXTREME-RN-SS-1900732-9920.jpg\",\"width\":600,\"height\":600,\"caption\":\"craft active extreme rn ss\"},{\"@type\":\"BreadcrumbList\",\"@id\":\"https:\/\/www.miomiorun.com\/fr\/produit\/craft-active-extreme-rn-ss-uomo\/#breadcrumb\",\"itemListElement\":[{\"@type\":\"ListItem\",\"position\":1,\"name\":\"Home\",\"item\":\"https:\/\/www.miomiorun.com\/fr\/home-page\/\"},{\"@type\":\"ListItem\",\"position\":2,\"name\":\"Shop\",\"item\":\"https:\/\/www.miomiorun.com\/shop\/\"},{\"@type\":\"ListItem\",\"position\":3,\"name\":\"Active Extreme RN SS uomo\"}]},{\"@type\":\"WebSite\",\"@id\":\"https:\/\/www.miomiorun.com\/fr\/#website\",\"url\":\"https:\/\/www.miomiorun.com\/fr\/\",\"name\":\"MioMioRun\",\"description\":\"Boutique 100% running et trail\",\"publisher\":{\"@id\":\"https:\/\/www.miomiorun.com\/fr\/#organization\"},\"potentialAction\":[{\"@type\":\"SearchAction\",\"target\":{\"@type\":\"EntryPoint\",\"urlTemplate\":\"https:\/\/www.miomiorun.com\/fr\/?s={search_term_string}\"},\"query-input\":{\"@type\":\"PropertyValueSpecification\",\"valueRequired\":true,\"valueName\":\"search_term_string\"}}],\"inLanguage\":\"fr-FR\"},{\"@type\":\"Organization\",\"@id\":\"https:\/\/www.miomiorun.com\/fr\/#organization\",\"name\":\"MioMio Run\",\"url\":\"https:\/\/www.miomiorun.com\/fr\/\",\"logo\":{\"@type\":\"ImageObject\",\"inLanguage\":\"fr-FR\",\"@id\":\"https:\/\/www.miomiorun.com\/fr\/#\/schema\/logo\/image\/\",\"url\":\"https:\/\/www.miomiorun.com\/app\/uploads\/2019\/12\/logomio.png\",\"contentUrl\":\"https:\/\/www.miomiorun.com\/app\/uploads\/2019\/12\/logomio.png\",\"width\":115,\"height\":82,\"caption\":\"MioMio Run\"},\"image\":{\"@id\":\"https:\/\/www.miomiorun.com\/fr\/#\/schema\/logo\/image\/\"},\"sameAs\":[\"https:\/\/www.facebook.com\/miomiorun\/\",\"https:\/\/www.instagram.com\/miomiorun\/\"]}]}<\/script>\n<!-- \/ Yoast SEO plugin. -->","yoast_head_json":{"title":"Craft Active Extreme RN SS uomo - Intimo termico - MioMioRun.com","description":"Active Extreme RN SS \u00e8 una maglietta da uomo baselayer altamente funzionale progettata per le gare e gli allenamenti ad alta intensit\u00e0.","robots":{"index":"index","follow":"follow","max-snippet":"max-snippet:-1","max-image-preview":"max-image-preview:large","max-video-preview":"max-video-preview:-1"},"canonical":"https:\/\/www.miomiorun.com\/fr\/produit\/craft-active-extreme-rn-ss-uomo\/","og_locale":"fr_FR","og_type":"article","og_title":"Craft Active Extreme RN SS uomo - Intimo termico - MioMioRun.com","og_description":"Active Extreme RN SS \u00e8 una maglietta da uomo baselayer altamente funzionale progettata per le gare e gli allenamenti ad alta intensit\u00e0.","og_url":"https:\/\/www.miomiorun.com\/fr\/produit\/craft-active-extreme-rn-ss-uomo\/","og_site_name":"MioMioRun","article_publisher":"https:\/\/www.facebook.com\/miomiorun\/","article_modified_time":"2025-11-18T15:38:12+00:00","og_image":[{"width":600,"height":600,"url":"https:\/\/www.miomiorun.com\/app\/uploads\/2021\/08\/craft-CRAFT-ACTIVE-EXTREME-RN-SS-1900732-9920.jpg","type":"image\/jpeg"}],"twitter_card":"summary_large_image","twitter_misc":{"Est. reading time":"2 minutes"},"schema":{"@context":"https:\/\/schema.org","@graph":[{"@type":"WebPage","@id":"https:\/\/www.miomiorun.com\/fr\/produit\/craft-active-extreme-rn-ss-uomo\/","url":"https:\/\/www.miomiorun.com\/fr\/produit\/craft-active-extreme-rn-ss-uomo\/","name":"Craft Active Extreme RN SS uomo - Intimo termico - MioMioRun.com","isPartOf":{"@id":"https:\/\/www.miomiorun.com\/fr\/#website"},"primaryImageOfPage":{"@id":"https:\/\/www.miomiorun.com\/fr\/produit\/craft-active-extreme-rn-ss-uomo\/#primaryimage"},"image":{"@id":"https:\/\/www.miomiorun.com\/fr\/produit\/craft-active-extreme-rn-ss-uomo\/#primaryimage"},"thumbnailUrl":"https:\/\/www.miomiorun.com\/app\/uploads\/2021\/08\/craft-CRAFT-ACTIVE-EXTREME-RN-SS-1900732-9920.jpg","datePublished":"2021-08-28T15:10:46+00:00","dateModified":"2025-11-18T15:38:12+00:00","description":"Active Extreme RN SS \u00e8 una maglietta da uomo baselayer altamente funzionale progettata per le gare e gli allenamenti ad alta intensit\u00e0.","breadcrumb":{"@id":"https:\/\/www.miomiorun.com\/fr\/produit\/craft-active-extreme-rn-ss-uomo\/#breadcrumb"},"inLanguage":"fr-FR","potentialAction":[{"@type":"ReadAction","target":["https:\/\/www.miomiorun.com\/fr\/produit\/craft-active-extreme-rn-ss-uomo\/"]}]},{"@type":"ImageObject","inLanguage":"fr-FR","@id":"https:\/\/www.miomiorun.com\/fr\/produit\/craft-active-extreme-rn-ss-uomo\/#primaryimage","url":"https:\/\/www.miomiorun.com\/app\/uploads\/2021\/08\/craft-CRAFT-ACTIVE-EXTREME-RN-SS-1900732-9920.jpg","contentUrl":"https:\/\/www.miomiorun.com\/app\/uploads\/2021\/08\/craft-CRAFT-ACTIVE-EXTREME-RN-SS-1900732-9920.jpg","width":600,"height":600,"caption":"craft active extreme rn ss"},{"@type":"BreadcrumbList","@id":"https:\/\/www.miomiorun.com\/fr\/produit\/craft-active-extreme-rn-ss-uomo\/#breadcrumb","itemListElement":[{"@type":"ListItem","position":1,"name":"Home","item":"https:\/\/www.miomiorun.com\/fr\/home-page\/"},{"@type":"ListItem","position":2,"name":"Shop","item":"https:\/\/www.miomiorun.com\/shop\/"},{"@type":"ListItem","position":3,"name":"Active Extreme RN SS uomo"}]},{"@type":"WebSite","@id":"https:\/\/www.miomiorun.com\/fr\/#website","url":"https:\/\/www.miomiorun.com\/fr\/","name":"MioMioRun","description":"Boutique 100% running et trail","publisher":{"@id":"https:\/\/www.miomiorun.com\/fr\/#organization"},"potentialAction":[{"@type":"SearchAction","target":{"@type":"EntryPoint","urlTemplate":"https:\/\/www.miomiorun.com\/fr\/?s={search_term_string}"},"query-input":{"@type":"PropertyValueSpecification","valueRequired":true,"valueName":"search_term_string"}}],"inLanguage":"fr-FR"},{"@type":"Organization","@id":"https:\/\/www.miomiorun.com\/fr\/#organization","name":"MioMio Run","url":"https:\/\/www.miomiorun.com\/fr\/","logo":{"@type":"ImageObject","inLanguage":"fr-FR","@id":"https:\/\/www.miomiorun.com\/fr\/#\/schema\/logo\/image\/","url":"https:\/\/www.miomiorun.com\/app\/uploads\/2019\/12\/logomio.png","contentUrl":"https:\/\/www.miomiorun.com\/app\/uploads\/2019\/12\/logomio.png","width":115,"height":82,"caption":"MioMio Run"},"image":{"@id":"https:\/\/www.miomiorun.com\/fr\/#\/schema\/logo\/image\/"},"sameAs":["https:\/\/www.facebook.com\/miomiorun\/","https:\/\/www.instagram.com\/miomiorun\/"]}]}},"_links":{"self":[{"href":"https:\/\/www.miomiorun.com\/fr\/wp-json\/wp\/v2\/product\/279474","targetHints":{"allow":["GET"]}}],"collection":[{"href":"https:\/\/www.miomiorun.com\/fr\/wp-json\/wp\/v2\/product"}],"about":[{"href":"https:\/\/www.miomiorun.com\/fr\/wp-json\/wp\/v2\/types\/product"}],"wp:featuredmedia":[{"embeddable":true,"href":"https:\/\/www.miomiorun.com\/fr\/wp-json\/wp\/v2\/media\/233205"}],"wp:attachment":[{"href":"https:\/\/www.miomiorun.com\/fr\/wp-json\/wp\/v2\/media?parent=279474"}],"wp:term":[{"taxonomy":"product_brand","embeddable":true,"href":"https:\/\/www.miomiorun.com\/fr\/wp-json\/wp\/v2\/product_brand?post=279474"},{"taxonomy":"product_cat","embeddable":true,"href":"https:\/\/www.miomiorun.com\/fr\/wp-json\/wp\/v2\/product_cat?post=279474"},{"taxonomy":"product_tag","embeddable":true,"href":"https:\/\/www.miomiorun.com\/fr\/wp-json\/wp\/v2\/product_tag?post=279474"}],"curies":[{"name":"wp","href":"https:\/\/api.w.org\/{rel}","templated":true}]}}