{"id":279405,"date":"2021-09-04T12:16:28","date_gmt":"2021-09-04T10:16:28","guid":{"rendered":"https:\/\/miomiorun.com\/prodotto\/brooks-drive-convertible-run-bra-donna\/"},"modified":"2026-01-13T16:51:03","modified_gmt":"2026-01-13T15:51:03","slug":"brooks-drive-convertible-run-bra-femme","status":"publish","type":"product","link":"https:\/\/www.miomiorun.com\/fr\/produit\/brooks-drive-convertible-run-bra-femme\/","title":{"rendered":"Drive Convertible Run Bra femme"},"content":{"rendered":"<p id=\"tw-target-text\" class=\"tw-data-text tw-text-large XcVN5d tw-ta\" dir=\"ltr\" data-placeholder=\"Traduzione\"><span class=\"Y2IQFc\" lang=\"it\">Avec des bretelles r\u00e9glables et convertibles pour ajuster la coupe et choisir votre style, ce soutien-gorge garantit un confort optimal et un maintien parfait pour courir.<\/span><\/p>\n<h4 id=\"tw-target-text\" class=\"tw-data-text tw-text-large XcVN5d tw-ta\" dir=\"ltr\" data-placeholder=\"Traduzione\"><span class=\"Y2IQFc\" lang=\"it\">Support pr\u00eat pour la course<\/span><\/h4>\n<p class=\"tw-data-text tw-text-large XcVN5d tw-ta\" dir=\"ltr\" data-placeholder=\"Traduzione\"><span class=\"Y2IQFc\" lang=\"it\">Le soutien compressif pr\u00eat pour la course r\u00e9duit les mouvements sans \u00eatre trop contraignant, offrant s\u00e9curit\u00e9 et confiance pendant la course. La conception test\u00e9e en laboratoire offre un soutien pr\u00eat pour la course pour une large gamme de tailles.<\/span><\/p>\n<p class=\"tw-data-text tw-text-large XcVN5d tw-ta\" dir=\"ltr\" data-placeholder=\"Traduzione\"><span class=\"Y2IQFc\" lang=\"it\">Les tests garantissent que nos soutiens-gorge offrent un maintien sp\u00e9cifique pour la course \u00e0 pied. Nous testons \u00e9galement les soutiens-gorge avec des femmes comme vous, car les donn\u00e9es de laboratoire ne sont valables que dans la mesure o\u00f9 elles s&#8217;appliquent dans la vie r\u00e9elle.<\/span><\/p>\n<h4 id=\"tw-target-text\" class=\"tw-data-text tw-text-large XcVN5d tw-ta\" dir=\"ltr\" data-placeholder=\"Traduzione\"><span class=\"Y2IQFc\" lang=\"it\">Ajustement personnalis\u00e9 <\/span><\/h4>\n<p class=\"tw-data-text tw-text-large XcVN5d tw-ta\" dir=\"ltr\" data-placeholder=\"Traduzione\"><span class=\"Y2IQFc\" lang=\"it\">Ce soutien-gorge polyvalent peut \u00eatre port\u00e9 de deux fa\u00e7ons : en dos nu ou en dos nageur. De plus, les bretelles arri\u00e8re r\u00e9glables offrent un ajustement plus personnalis\u00e9. Bande inf\u00e9rieure souple et flexible pour des mouvements fluides pendant la course. Fermeture arri\u00e8re pour un enfilage et un retrait sans effort.<\/span><\/p>\n<h4 id=\"tw-target-text\" class=\"tw-data-text tw-text-large XcVN5d tw-ta\" dir=\"ltr\" data-placeholder=\"Traduzione\"><span class=\"Y2IQFc\" lang=\"it\">Modestie subtile<\/span><\/h4>\n<p class=\"tw-data-text tw-text-large XcVN5d tw-ta\" dir=\"ltr\" data-placeholder=\"Traduzione\"><span class=\"Y2IQFc\" lang=\"it\">Aucune coupe int\u00e9gr\u00e9e n\u00e9cessaire. La technologie d&#8217;absorption des chocs offre soutien, forme minimale et confort.<\/span><\/p>\n","protected":false},"excerpt":{"rendered":"<p>Avec des bretelles r\u00e9glables et convertibles pour ajuster la coupe et choisir votre style, ce soutien-gorge garantit un confort optimal et un maintien parfait pour courir. Support pr\u00eat pour la course Le soutien compressif pr\u00eat pour la course r\u00e9duit les mouvements sans \u00eatre trop contraignant, offrant s\u00e9curit\u00e9 et confiance pendant la course. La conception test\u00e9e &hellip; <a href=\"https:\/\/www.miomiorun.com\/fr\/produit\/brooks-drive-convertible-run-bra-femme\/\">Continued<\/a><\/p>\n","protected":false},"featured_media":232995,"template":"","meta":{"_acf_changed":false,"inline_featured_image":false},"product_brand":[],"product_cat":[22600,22596,22595],"product_tag":[23462,23656],"class_list":{"0":"post-279405","1":"product","2":"type-product","3":"status-publish","4":"has-post-thumbnail","6":"product_cat-sous-vetements","7":"product_cat-vetements-pour-femmes","8":"product_cat-femme","9":"product_tag-brooks-fr","10":"product_tag-brooks-femme","11":"pa_attivita-fitness-fr","12":"pa_attivita-marcher","13":"pa_attivita-running-fr","14":"pa_colore-drive-convertible-run-bra-black-fr","15":"pa_colore-drive-convertible-run-bra-bluetiful-alti-fr","16":"pa_colore-drive-convertible-run-bra-motion-print-fr","17":"pa_marca-brooks-fr","18":"pa_sesso-femme","19":"pa_size-32c-fr","20":"pa_size-34c-fr","21":"pa_size-34d-fr","22":"pa_size-36c-fr","23":"pa_size-36d-fr","24":"pa_size-38d-fr","26":"first","27":"instock","28":"sale","29":"taxable","30":"shipping-taxable","31":"purchasable","32":"product-type-variable","33":"wvs-archive-product-wrapper"},"acf":[],"yoast_head":"<!-- This site is optimized with the Yoast SEO plugin v26.8 - https:\/\/yoast.com\/product\/yoast-seo-wordpress\/ -->\n<title>Brooks Drive Convertible Run Bra femme - Soutien-gorge run- MioMioRun<\/title>\n<meta name=\"description\" content=\"Avec ses bretelles r\u00e9glables et convertibles qui vous permettent d&#039;ajuster la coupe et de choisir votre style, ce soutien-gorge vous garantit un confort optimal.\" \/>\n<meta name=\"robots\" content=\"index, follow, max-snippet:-1, max-image-preview:large, max-video-preview:-1\" \/>\n<link rel=\"canonical\" href=\"https:\/\/www.miomiorun.com\/fr\/produit\/brooks-drive-convertible-run-bra-femme\/\" \/>\n<meta property=\"og:locale\" content=\"fr_FR\" \/>\n<meta property=\"og:type\" content=\"article\" \/>\n<meta property=\"og:title\" content=\"Brooks Drive Convertible Run Bra femme - Soutien-gorge run- MioMioRun\" \/>\n<meta property=\"og:description\" content=\"Avec ses bretelles r\u00e9glables et convertibles qui vous permettent d&#039;ajuster la coupe et de choisir votre style, ce soutien-gorge vous garantit un confort optimal.\" \/>\n<meta property=\"og:url\" content=\"https:\/\/www.miomiorun.com\/fr\/produit\/brooks-drive-convertible-run-bra-femme\/\" \/>\n<meta property=\"og:site_name\" content=\"MioMioRun\" \/>\n<meta property=\"article:publisher\" content=\"https:\/\/www.facebook.com\/miomiorun\/\" \/>\n<meta property=\"article:modified_time\" content=\"2026-01-13T15:51:03+00:00\" \/>\n<meta property=\"og:image\" content=\"https:\/\/www.miomiorun.com\/app\/uploads\/2021\/09\/brooks-drive-convertible-run-bra-350081001.jpg\" \/>\n\t<meta property=\"og:image:width\" content=\"600\" \/>\n\t<meta property=\"og:image:height\" content=\"600\" \/>\n\t<meta property=\"og:image:type\" content=\"image\/jpeg\" \/>\n<meta name=\"twitter:card\" content=\"summary_large_image\" \/>\n<meta name=\"twitter:label1\" content=\"Est. reading time\" \/>\n\t<meta name=\"twitter:data1\" content=\"1 minute\" \/>\n<script type=\"application\/ld+json\" class=\"yoast-schema-graph\">{\"@context\":\"https:\/\/schema.org\",\"@graph\":[{\"@type\":\"WebPage\",\"@id\":\"https:\/\/www.miomiorun.com\/fr\/produit\/brooks-drive-convertible-run-bra-femme\/\",\"url\":\"https:\/\/www.miomiorun.com\/fr\/produit\/brooks-drive-convertible-run-bra-femme\/\",\"name\":\"Brooks Drive Convertible Run Bra femme - Soutien-gorge run- MioMioRun\",\"isPartOf\":{\"@id\":\"https:\/\/www.miomiorun.com\/fr\/#website\"},\"primaryImageOfPage\":{\"@id\":\"https:\/\/www.miomiorun.com\/fr\/produit\/brooks-drive-convertible-run-bra-femme\/#primaryimage\"},\"image\":{\"@id\":\"https:\/\/www.miomiorun.com\/fr\/produit\/brooks-drive-convertible-run-bra-femme\/#primaryimage\"},\"thumbnailUrl\":\"https:\/\/www.miomiorun.com\/app\/uploads\/2021\/09\/brooks-drive-convertible-run-bra-350081001.jpg\",\"datePublished\":\"2021-09-04T10:16:28+00:00\",\"dateModified\":\"2026-01-13T15:51:03+00:00\",\"description\":\"Avec ses bretelles r\u00e9glables et convertibles qui vous permettent d'ajuster la coupe et de choisir votre style, ce soutien-gorge vous garantit un confort optimal.\",\"breadcrumb\":{\"@id\":\"https:\/\/www.miomiorun.com\/fr\/produit\/brooks-drive-convertible-run-bra-femme\/#breadcrumb\"},\"inLanguage\":\"fr-FR\",\"potentialAction\":[{\"@type\":\"ReadAction\",\"target\":[\"https:\/\/www.miomiorun.com\/fr\/produit\/brooks-drive-convertible-run-bra-femme\/\"]}]},{\"@type\":\"ImageObject\",\"inLanguage\":\"fr-FR\",\"@id\":\"https:\/\/www.miomiorun.com\/fr\/produit\/brooks-drive-convertible-run-bra-femme\/#primaryimage\",\"url\":\"https:\/\/www.miomiorun.com\/app\/uploads\/2021\/09\/brooks-drive-convertible-run-bra-350081001.jpg\",\"contentUrl\":\"https:\/\/www.miomiorun.com\/app\/uploads\/2021\/09\/brooks-drive-convertible-run-bra-350081001.jpg\",\"width\":600,\"height\":600,\"caption\":\"Brooks Drive Convertible Run Bra donna\"},{\"@type\":\"BreadcrumbList\",\"@id\":\"https:\/\/www.miomiorun.com\/fr\/produit\/brooks-drive-convertible-run-bra-femme\/#breadcrumb\",\"itemListElement\":[{\"@type\":\"ListItem\",\"position\":1,\"name\":\"Home\",\"item\":\"https:\/\/www.miomiorun.com\/fr\/home-page\/\"},{\"@type\":\"ListItem\",\"position\":2,\"name\":\"Shop\",\"item\":\"https:\/\/www.miomiorun.com\/shop\/\"},{\"@type\":\"ListItem\",\"position\":3,\"name\":\"Drive Convertible Run Bra femme\"}]},{\"@type\":\"WebSite\",\"@id\":\"https:\/\/www.miomiorun.com\/fr\/#website\",\"url\":\"https:\/\/www.miomiorun.com\/fr\/\",\"name\":\"MioMioRun\",\"description\":\"Boutique 100% running et trail\",\"publisher\":{\"@id\":\"https:\/\/www.miomiorun.com\/fr\/#organization\"},\"potentialAction\":[{\"@type\":\"SearchAction\",\"target\":{\"@type\":\"EntryPoint\",\"urlTemplate\":\"https:\/\/www.miomiorun.com\/fr\/?s={search_term_string}\"},\"query-input\":{\"@type\":\"PropertyValueSpecification\",\"valueRequired\":true,\"valueName\":\"search_term_string\"}}],\"inLanguage\":\"fr-FR\"},{\"@type\":\"Organization\",\"@id\":\"https:\/\/www.miomiorun.com\/fr\/#organization\",\"name\":\"MioMio Run\",\"url\":\"https:\/\/www.miomiorun.com\/fr\/\",\"logo\":{\"@type\":\"ImageObject\",\"inLanguage\":\"fr-FR\",\"@id\":\"https:\/\/www.miomiorun.com\/fr\/#\/schema\/logo\/image\/\",\"url\":\"https:\/\/www.miomiorun.com\/app\/uploads\/2019\/12\/logomio.png\",\"contentUrl\":\"https:\/\/www.miomiorun.com\/app\/uploads\/2019\/12\/logomio.png\",\"width\":115,\"height\":82,\"caption\":\"MioMio Run\"},\"image\":{\"@id\":\"https:\/\/www.miomiorun.com\/fr\/#\/schema\/logo\/image\/\"},\"sameAs\":[\"https:\/\/www.facebook.com\/miomiorun\/\",\"https:\/\/www.instagram.com\/miomiorun\/\"]}]}<\/script>\n<!-- \/ Yoast SEO plugin. -->","yoast_head_json":{"title":"Brooks Drive Convertible Run Bra femme - Soutien-gorge run- MioMioRun","description":"Avec ses bretelles r\u00e9glables et convertibles qui vous permettent d'ajuster la coupe et de choisir votre style, ce soutien-gorge vous garantit un confort optimal.","robots":{"index":"index","follow":"follow","max-snippet":"max-snippet:-1","max-image-preview":"max-image-preview:large","max-video-preview":"max-video-preview:-1"},"canonical":"https:\/\/www.miomiorun.com\/fr\/produit\/brooks-drive-convertible-run-bra-femme\/","og_locale":"fr_FR","og_type":"article","og_title":"Brooks Drive Convertible Run Bra femme - Soutien-gorge run- MioMioRun","og_description":"Avec ses bretelles r\u00e9glables et convertibles qui vous permettent d'ajuster la coupe et de choisir votre style, ce soutien-gorge vous garantit un confort optimal.","og_url":"https:\/\/www.miomiorun.com\/fr\/produit\/brooks-drive-convertible-run-bra-femme\/","og_site_name":"MioMioRun","article_publisher":"https:\/\/www.facebook.com\/miomiorun\/","article_modified_time":"2026-01-13T15:51:03+00:00","og_image":[{"width":600,"height":600,"url":"https:\/\/www.miomiorun.com\/app\/uploads\/2021\/09\/brooks-drive-convertible-run-bra-350081001.jpg","type":"image\/jpeg"}],"twitter_card":"summary_large_image","twitter_misc":{"Est. reading time":"1 minute"},"schema":{"@context":"https:\/\/schema.org","@graph":[{"@type":"WebPage","@id":"https:\/\/www.miomiorun.com\/fr\/produit\/brooks-drive-convertible-run-bra-femme\/","url":"https:\/\/www.miomiorun.com\/fr\/produit\/brooks-drive-convertible-run-bra-femme\/","name":"Brooks Drive Convertible Run Bra femme - Soutien-gorge run- MioMioRun","isPartOf":{"@id":"https:\/\/www.miomiorun.com\/fr\/#website"},"primaryImageOfPage":{"@id":"https:\/\/www.miomiorun.com\/fr\/produit\/brooks-drive-convertible-run-bra-femme\/#primaryimage"},"image":{"@id":"https:\/\/www.miomiorun.com\/fr\/produit\/brooks-drive-convertible-run-bra-femme\/#primaryimage"},"thumbnailUrl":"https:\/\/www.miomiorun.com\/app\/uploads\/2021\/09\/brooks-drive-convertible-run-bra-350081001.jpg","datePublished":"2021-09-04T10:16:28+00:00","dateModified":"2026-01-13T15:51:03+00:00","description":"Avec ses bretelles r\u00e9glables et convertibles qui vous permettent d'ajuster la coupe et de choisir votre style, ce soutien-gorge vous garantit un confort optimal.","breadcrumb":{"@id":"https:\/\/www.miomiorun.com\/fr\/produit\/brooks-drive-convertible-run-bra-femme\/#breadcrumb"},"inLanguage":"fr-FR","potentialAction":[{"@type":"ReadAction","target":["https:\/\/www.miomiorun.com\/fr\/produit\/brooks-drive-convertible-run-bra-femme\/"]}]},{"@type":"ImageObject","inLanguage":"fr-FR","@id":"https:\/\/www.miomiorun.com\/fr\/produit\/brooks-drive-convertible-run-bra-femme\/#primaryimage","url":"https:\/\/www.miomiorun.com\/app\/uploads\/2021\/09\/brooks-drive-convertible-run-bra-350081001.jpg","contentUrl":"https:\/\/www.miomiorun.com\/app\/uploads\/2021\/09\/brooks-drive-convertible-run-bra-350081001.jpg","width":600,"height":600,"caption":"Brooks Drive Convertible Run Bra donna"},{"@type":"BreadcrumbList","@id":"https:\/\/www.miomiorun.com\/fr\/produit\/brooks-drive-convertible-run-bra-femme\/#breadcrumb","itemListElement":[{"@type":"ListItem","position":1,"name":"Home","item":"https:\/\/www.miomiorun.com\/fr\/home-page\/"},{"@type":"ListItem","position":2,"name":"Shop","item":"https:\/\/www.miomiorun.com\/shop\/"},{"@type":"ListItem","position":3,"name":"Drive Convertible Run Bra femme"}]},{"@type":"WebSite","@id":"https:\/\/www.miomiorun.com\/fr\/#website","url":"https:\/\/www.miomiorun.com\/fr\/","name":"MioMioRun","description":"Boutique 100% running et trail","publisher":{"@id":"https:\/\/www.miomiorun.com\/fr\/#organization"},"potentialAction":[{"@type":"SearchAction","target":{"@type":"EntryPoint","urlTemplate":"https:\/\/www.miomiorun.com\/fr\/?s={search_term_string}"},"query-input":{"@type":"PropertyValueSpecification","valueRequired":true,"valueName":"search_term_string"}}],"inLanguage":"fr-FR"},{"@type":"Organization","@id":"https:\/\/www.miomiorun.com\/fr\/#organization","name":"MioMio Run","url":"https:\/\/www.miomiorun.com\/fr\/","logo":{"@type":"ImageObject","inLanguage":"fr-FR","@id":"https:\/\/www.miomiorun.com\/fr\/#\/schema\/logo\/image\/","url":"https:\/\/www.miomiorun.com\/app\/uploads\/2019\/12\/logomio.png","contentUrl":"https:\/\/www.miomiorun.com\/app\/uploads\/2019\/12\/logomio.png","width":115,"height":82,"caption":"MioMio Run"},"image":{"@id":"https:\/\/www.miomiorun.com\/fr\/#\/schema\/logo\/image\/"},"sameAs":["https:\/\/www.facebook.com\/miomiorun\/","https:\/\/www.instagram.com\/miomiorun\/"]}]}},"_links":{"self":[{"href":"https:\/\/www.miomiorun.com\/fr\/wp-json\/wp\/v2\/product\/279405","targetHints":{"allow":["GET"]}}],"collection":[{"href":"https:\/\/www.miomiorun.com\/fr\/wp-json\/wp\/v2\/product"}],"about":[{"href":"https:\/\/www.miomiorun.com\/fr\/wp-json\/wp\/v2\/types\/product"}],"wp:featuredmedia":[{"embeddable":true,"href":"https:\/\/www.miomiorun.com\/fr\/wp-json\/wp\/v2\/media\/232995"}],"wp:attachment":[{"href":"https:\/\/www.miomiorun.com\/fr\/wp-json\/wp\/v2\/media?parent=279405"}],"wp:term":[{"taxonomy":"product_brand","embeddable":true,"href":"https:\/\/www.miomiorun.com\/fr\/wp-json\/wp\/v2\/product_brand?post=279405"},{"taxonomy":"product_cat","embeddable":true,"href":"https:\/\/www.miomiorun.com\/fr\/wp-json\/wp\/v2\/product_cat?post=279405"},{"taxonomy":"product_tag","embeddable":true,"href":"https:\/\/www.miomiorun.com\/fr\/wp-json\/wp\/v2\/product_tag?post=279405"}],"curies":[{"name":"wp","href":"https:\/\/api.w.org\/{rel}","templated":true}]}}