{"id":279402,"date":"2021-09-04T12:10:23","date_gmt":"2021-09-04T10:10:23","guid":{"rendered":"https:\/\/miomiorun.com\/prodotto\/brooks-drive-3-pocket-run-bra\/"},"modified":"2026-01-13T16:51:38","modified_gmt":"2026-01-13T15:51:38","slug":"brooks-drive-3-pocket-run-bra","status":"publish","type":"product","link":"https:\/\/www.miomiorun.com\/fr\/produit\/brooks-drive-3-pocket-run-bra\/","title":{"rendered":"Drive 3 Pocket Run Bra"},"content":{"rendered":"<p id=\"tw-target-text\" class=\"tw-data-text tw-text-large XcVN5d tw-ta\" dir=\"ltr\" data-placeholder=\"Traduzione\"><span class=\"Y2IQFc\" lang=\"it\">Emportez l&#8217;essentiel avec vous. Le soutien-gorge <strong>Drive 3 Pocket Run<\/strong> est dot\u00e9 d&#8217;un soutien compressif pr\u00eat pour la course et de trois poches, dont une sp\u00e9cialement con\u00e7ue pour votre t\u00e9l\u00e9phone.<\/span><\/p>\n<h4 id=\"tw-target-text\" class=\"tw-data-text tw-text-large XcVN5d tw-ta\" dir=\"ltr\" data-placeholder=\"Traduzione\"><span class=\"Y2IQFc\" lang=\"it\">Support pr\u00eat pour la course<\/span><\/h4>\n<p class=\"tw-data-text tw-text-large XcVN5d tw-ta\" dir=\"ltr\" data-placeholder=\"Traduzione\"><span class=\"Y2IQFc\" lang=\"it\">Le soutien compressif pr\u00eat pour la course r\u00e9duit les mouvements sans \u00eatre trop contraignant, offrant s\u00e9curit\u00e9 et confiance pendant la course. La conception test\u00e9e en laboratoire offre un soutien pr\u00eat pour la course pour une large gamme de tailles.<\/span><\/p>\n<p class=\"tw-data-text tw-text-large XcVN5d tw-ta\" dir=\"ltr\" data-placeholder=\"Traduzione\"><span class=\"Y2IQFc\" lang=\"it\">Les tests garantissent que nos soutiens-gorge offrent un maintien sp\u00e9cifique pour la course \u00e0 pied. Nous testons \u00e9galement les soutiens-gorge avec des femmes comme vous, car les donn\u00e9es de laboratoire ne sont valables que dans la mesure o\u00f9 elles s&#8217;appliquent dans la vie r\u00e9elle.<\/span><\/p>\n<h4 id=\"tw-target-text\" class=\"tw-data-text tw-text-large XcVN5d tw-ta\" dir=\"ltr\" data-placeholder=\"Traduzione\"><span class=\"Y2IQFc\" lang=\"it\">Stockage facile <\/span><\/h4>\n<p class=\"tw-data-text tw-text-large XcVN5d tw-ta\" dir=\"ltr\" data-placeholder=\"Traduzione\"><span class=\"Y2IQFc\" lang=\"it\">Transportez vos effets personnels dans les deux poches lat\u00e9rales en filet et dans la poche pour t\u00e9l\u00e9phone soud\u00e9e pour courir sans souci. Les coutures soud\u00e9es et sans bords coupants offrent un confort sans distraction.<\/span><\/p>\n<h4 id=\"tw-target-text\" class=\"tw-data-text tw-text-large XcVN5d tw-ta\" dir=\"ltr\" data-placeholder=\"Traduzione\"><span class=\"Y2IQFc\" lang=\"it\">Coupes amovibles <\/span><\/h4>\n<p class=\"tw-data-text tw-text-large XcVN5d tw-ta\" dir=\"ltr\" data-placeholder=\"Traduzione\"><span class=\"Y2IQFc\" lang=\"it\">Les poches \u00e0 rabat permettent de ranger les bonnets amovibles en toute s\u00e9curit\u00e9 pour une couverture personnalis\u00e9e pendant la course.<\/span><\/p>\n","protected":false},"excerpt":{"rendered":"<p>Emportez l&#8217;essentiel avec vous. Le soutien-gorge Drive 3 Pocket Run est dot\u00e9 d&#8217;un soutien compressif pr\u00eat pour la course et de trois poches, dont une sp\u00e9cialement con\u00e7ue pour votre t\u00e9l\u00e9phone. Support pr\u00eat pour la course Le soutien compressif pr\u00eat pour la course r\u00e9duit les mouvements sans \u00eatre trop contraignant, offrant s\u00e9curit\u00e9 et confiance pendant la &hellip; <a href=\"https:\/\/www.miomiorun.com\/fr\/produit\/brooks-drive-3-pocket-run-bra\/\">Continued<\/a><\/p>\n","protected":false},"featured_media":232999,"template":"","meta":{"_acf_changed":false,"inline_featured_image":false},"product_brand":[],"product_cat":[22600,22596,22595],"product_tag":[23462,23656],"class_list":{"0":"post-279402","1":"product","2":"type-product","3":"status-publish","4":"has-post-thumbnail","6":"product_cat-sous-vetements","7":"product_cat-vetements-pour-femmes","8":"product_cat-femme","9":"product_tag-brooks-fr","10":"product_tag-brooks-femme","11":"pa_attivita-fitness-fr","12":"pa_attivita-marcher","13":"pa_attivita-running-fr","14":"pa_marca-brooks-fr","15":"pa_sesso-femme","16":"pa_size-32c-fr","17":"pa_size-34c-fr","18":"pa_size-36c-fr","20":"first","21":"instock","22":"sale","23":"taxable","24":"shipping-taxable","25":"purchasable","26":"product-type-variable","27":"wvs-archive-product-wrapper"},"acf":[],"yoast_head":"<!-- This site is optimized with the Yoast SEO plugin v26.8 - https:\/\/yoast.com\/product\/yoast-seo-wordpress\/ -->\n<title>Brooks Drive 3 Pocket Run Bra - Soutien-gorge de sport - MioMioRun<\/title>\n<meta name=\"description\" content=\"Emportez l&#039;essentiel avec vous. Le soutien-gorge Drive 3 Pocket Run est dot\u00e9 d&#039;un soutien compressif adapt\u00e9 \u00e0 la course \u00e0 pied et de trois poches.\" \/>\n<meta name=\"robots\" content=\"index, follow, max-snippet:-1, max-image-preview:large, max-video-preview:-1\" \/>\n<link rel=\"canonical\" href=\"https:\/\/www.miomiorun.com\/fr\/produit\/brooks-drive-3-pocket-run-bra\/\" \/>\n<meta property=\"og:locale\" content=\"fr_FR\" \/>\n<meta property=\"og:type\" content=\"article\" \/>\n<meta property=\"og:title\" content=\"Brooks Drive 3 Pocket Run Bra - Soutien-gorge de sport - MioMioRun\" \/>\n<meta property=\"og:description\" content=\"Emportez l&#039;essentiel avec vous. Le soutien-gorge Drive 3 Pocket Run est dot\u00e9 d&#039;un soutien compressif adapt\u00e9 \u00e0 la course \u00e0 pied et de trois poches.\" \/>\n<meta property=\"og:url\" content=\"https:\/\/www.miomiorun.com\/fr\/produit\/brooks-drive-3-pocket-run-bra\/\" \/>\n<meta property=\"og:site_name\" content=\"MioMioRun\" \/>\n<meta property=\"article:publisher\" content=\"https:\/\/www.facebook.com\/miomiorun\/\" \/>\n<meta property=\"article:modified_time\" content=\"2026-01-13T15:51:38+00:00\" \/>\n<meta property=\"og:image\" content=\"https:\/\/www.miomiorun.com\/app\/uploads\/2021\/09\/brooks-drive-3-pocket-run-bra-350080-305.jpg\" \/>\n\t<meta property=\"og:image:width\" content=\"600\" \/>\n\t<meta property=\"og:image:height\" content=\"600\" \/>\n\t<meta property=\"og:image:type\" content=\"image\/jpeg\" \/>\n<meta name=\"twitter:card\" content=\"summary_large_image\" \/>\n<meta name=\"twitter:label1\" content=\"Est. reading time\" \/>\n\t<meta name=\"twitter:data1\" content=\"1 minute\" \/>\n<script type=\"application\/ld+json\" class=\"yoast-schema-graph\">{\"@context\":\"https:\/\/schema.org\",\"@graph\":[{\"@type\":\"WebPage\",\"@id\":\"https:\/\/www.miomiorun.com\/fr\/produit\/brooks-drive-3-pocket-run-bra\/\",\"url\":\"https:\/\/www.miomiorun.com\/fr\/produit\/brooks-drive-3-pocket-run-bra\/\",\"name\":\"Brooks Drive 3 Pocket Run Bra - Soutien-gorge de sport - MioMioRun\",\"isPartOf\":{\"@id\":\"https:\/\/www.miomiorun.com\/fr\/#website\"},\"primaryImageOfPage\":{\"@id\":\"https:\/\/www.miomiorun.com\/fr\/produit\/brooks-drive-3-pocket-run-bra\/#primaryimage\"},\"image\":{\"@id\":\"https:\/\/www.miomiorun.com\/fr\/produit\/brooks-drive-3-pocket-run-bra\/#primaryimage\"},\"thumbnailUrl\":\"https:\/\/www.miomiorun.com\/app\/uploads\/2021\/09\/brooks-drive-3-pocket-run-bra-350080-305.jpg\",\"datePublished\":\"2021-09-04T10:10:23+00:00\",\"dateModified\":\"2026-01-13T15:51:38+00:00\",\"description\":\"Emportez l'essentiel avec vous. Le soutien-gorge Drive 3 Pocket Run est dot\u00e9 d'un soutien compressif adapt\u00e9 \u00e0 la course \u00e0 pied et de trois poches.\",\"breadcrumb\":{\"@id\":\"https:\/\/www.miomiorun.com\/fr\/produit\/brooks-drive-3-pocket-run-bra\/#breadcrumb\"},\"inLanguage\":\"fr-FR\",\"potentialAction\":[{\"@type\":\"ReadAction\",\"target\":[\"https:\/\/www.miomiorun.com\/fr\/produit\/brooks-drive-3-pocket-run-bra\/\"]}]},{\"@type\":\"ImageObject\",\"inLanguage\":\"fr-FR\",\"@id\":\"https:\/\/www.miomiorun.com\/fr\/produit\/brooks-drive-3-pocket-run-bra\/#primaryimage\",\"url\":\"https:\/\/www.miomiorun.com\/app\/uploads\/2021\/09\/brooks-drive-3-pocket-run-bra-350080-305.jpg\",\"contentUrl\":\"https:\/\/www.miomiorun.com\/app\/uploads\/2021\/09\/brooks-drive-3-pocket-run-bra-350080-305.jpg\",\"width\":600,\"height\":600,\"caption\":\"Brooks Drive 3 Pocket Run Bra\"},{\"@type\":\"BreadcrumbList\",\"@id\":\"https:\/\/www.miomiorun.com\/fr\/produit\/brooks-drive-3-pocket-run-bra\/#breadcrumb\",\"itemListElement\":[{\"@type\":\"ListItem\",\"position\":1,\"name\":\"Home\",\"item\":\"https:\/\/www.miomiorun.com\/fr\/home-page\/\"},{\"@type\":\"ListItem\",\"position\":2,\"name\":\"Shop\",\"item\":\"https:\/\/www.miomiorun.com\/shop\/\"},{\"@type\":\"ListItem\",\"position\":3,\"name\":\"Drive 3 Pocket Run Bra\"}]},{\"@type\":\"WebSite\",\"@id\":\"https:\/\/www.miomiorun.com\/fr\/#website\",\"url\":\"https:\/\/www.miomiorun.com\/fr\/\",\"name\":\"MioMioRun\",\"description\":\"Boutique 100% running et trail\",\"publisher\":{\"@id\":\"https:\/\/www.miomiorun.com\/fr\/#organization\"},\"potentialAction\":[{\"@type\":\"SearchAction\",\"target\":{\"@type\":\"EntryPoint\",\"urlTemplate\":\"https:\/\/www.miomiorun.com\/fr\/?s={search_term_string}\"},\"query-input\":{\"@type\":\"PropertyValueSpecification\",\"valueRequired\":true,\"valueName\":\"search_term_string\"}}],\"inLanguage\":\"fr-FR\"},{\"@type\":\"Organization\",\"@id\":\"https:\/\/www.miomiorun.com\/fr\/#organization\",\"name\":\"MioMio Run\",\"url\":\"https:\/\/www.miomiorun.com\/fr\/\",\"logo\":{\"@type\":\"ImageObject\",\"inLanguage\":\"fr-FR\",\"@id\":\"https:\/\/www.miomiorun.com\/fr\/#\/schema\/logo\/image\/\",\"url\":\"https:\/\/www.miomiorun.com\/app\/uploads\/2019\/12\/logomio.png\",\"contentUrl\":\"https:\/\/www.miomiorun.com\/app\/uploads\/2019\/12\/logomio.png\",\"width\":115,\"height\":82,\"caption\":\"MioMio Run\"},\"image\":{\"@id\":\"https:\/\/www.miomiorun.com\/fr\/#\/schema\/logo\/image\/\"},\"sameAs\":[\"https:\/\/www.facebook.com\/miomiorun\/\",\"https:\/\/www.instagram.com\/miomiorun\/\"]}]}<\/script>\n<!-- \/ Yoast SEO plugin. -->","yoast_head_json":{"title":"Brooks Drive 3 Pocket Run Bra - Soutien-gorge de sport - MioMioRun","description":"Emportez l'essentiel avec vous. Le soutien-gorge Drive 3 Pocket Run est dot\u00e9 d'un soutien compressif adapt\u00e9 \u00e0 la course \u00e0 pied et de trois poches.","robots":{"index":"index","follow":"follow","max-snippet":"max-snippet:-1","max-image-preview":"max-image-preview:large","max-video-preview":"max-video-preview:-1"},"canonical":"https:\/\/www.miomiorun.com\/fr\/produit\/brooks-drive-3-pocket-run-bra\/","og_locale":"fr_FR","og_type":"article","og_title":"Brooks Drive 3 Pocket Run Bra - Soutien-gorge de sport - MioMioRun","og_description":"Emportez l'essentiel avec vous. Le soutien-gorge Drive 3 Pocket Run est dot\u00e9 d'un soutien compressif adapt\u00e9 \u00e0 la course \u00e0 pied et de trois poches.","og_url":"https:\/\/www.miomiorun.com\/fr\/produit\/brooks-drive-3-pocket-run-bra\/","og_site_name":"MioMioRun","article_publisher":"https:\/\/www.facebook.com\/miomiorun\/","article_modified_time":"2026-01-13T15:51:38+00:00","og_image":[{"width":600,"height":600,"url":"https:\/\/www.miomiorun.com\/app\/uploads\/2021\/09\/brooks-drive-3-pocket-run-bra-350080-305.jpg","type":"image\/jpeg"}],"twitter_card":"summary_large_image","twitter_misc":{"Est. reading time":"1 minute"},"schema":{"@context":"https:\/\/schema.org","@graph":[{"@type":"WebPage","@id":"https:\/\/www.miomiorun.com\/fr\/produit\/brooks-drive-3-pocket-run-bra\/","url":"https:\/\/www.miomiorun.com\/fr\/produit\/brooks-drive-3-pocket-run-bra\/","name":"Brooks Drive 3 Pocket Run Bra - Soutien-gorge de sport - MioMioRun","isPartOf":{"@id":"https:\/\/www.miomiorun.com\/fr\/#website"},"primaryImageOfPage":{"@id":"https:\/\/www.miomiorun.com\/fr\/produit\/brooks-drive-3-pocket-run-bra\/#primaryimage"},"image":{"@id":"https:\/\/www.miomiorun.com\/fr\/produit\/brooks-drive-3-pocket-run-bra\/#primaryimage"},"thumbnailUrl":"https:\/\/www.miomiorun.com\/app\/uploads\/2021\/09\/brooks-drive-3-pocket-run-bra-350080-305.jpg","datePublished":"2021-09-04T10:10:23+00:00","dateModified":"2026-01-13T15:51:38+00:00","description":"Emportez l'essentiel avec vous. Le soutien-gorge Drive 3 Pocket Run est dot\u00e9 d'un soutien compressif adapt\u00e9 \u00e0 la course \u00e0 pied et de trois poches.","breadcrumb":{"@id":"https:\/\/www.miomiorun.com\/fr\/produit\/brooks-drive-3-pocket-run-bra\/#breadcrumb"},"inLanguage":"fr-FR","potentialAction":[{"@type":"ReadAction","target":["https:\/\/www.miomiorun.com\/fr\/produit\/brooks-drive-3-pocket-run-bra\/"]}]},{"@type":"ImageObject","inLanguage":"fr-FR","@id":"https:\/\/www.miomiorun.com\/fr\/produit\/brooks-drive-3-pocket-run-bra\/#primaryimage","url":"https:\/\/www.miomiorun.com\/app\/uploads\/2021\/09\/brooks-drive-3-pocket-run-bra-350080-305.jpg","contentUrl":"https:\/\/www.miomiorun.com\/app\/uploads\/2021\/09\/brooks-drive-3-pocket-run-bra-350080-305.jpg","width":600,"height":600,"caption":"Brooks Drive 3 Pocket Run Bra"},{"@type":"BreadcrumbList","@id":"https:\/\/www.miomiorun.com\/fr\/produit\/brooks-drive-3-pocket-run-bra\/#breadcrumb","itemListElement":[{"@type":"ListItem","position":1,"name":"Home","item":"https:\/\/www.miomiorun.com\/fr\/home-page\/"},{"@type":"ListItem","position":2,"name":"Shop","item":"https:\/\/www.miomiorun.com\/shop\/"},{"@type":"ListItem","position":3,"name":"Drive 3 Pocket Run Bra"}]},{"@type":"WebSite","@id":"https:\/\/www.miomiorun.com\/fr\/#website","url":"https:\/\/www.miomiorun.com\/fr\/","name":"MioMioRun","description":"Boutique 100% running et trail","publisher":{"@id":"https:\/\/www.miomiorun.com\/fr\/#organization"},"potentialAction":[{"@type":"SearchAction","target":{"@type":"EntryPoint","urlTemplate":"https:\/\/www.miomiorun.com\/fr\/?s={search_term_string}"},"query-input":{"@type":"PropertyValueSpecification","valueRequired":true,"valueName":"search_term_string"}}],"inLanguage":"fr-FR"},{"@type":"Organization","@id":"https:\/\/www.miomiorun.com\/fr\/#organization","name":"MioMio Run","url":"https:\/\/www.miomiorun.com\/fr\/","logo":{"@type":"ImageObject","inLanguage":"fr-FR","@id":"https:\/\/www.miomiorun.com\/fr\/#\/schema\/logo\/image\/","url":"https:\/\/www.miomiorun.com\/app\/uploads\/2019\/12\/logomio.png","contentUrl":"https:\/\/www.miomiorun.com\/app\/uploads\/2019\/12\/logomio.png","width":115,"height":82,"caption":"MioMio Run"},"image":{"@id":"https:\/\/www.miomiorun.com\/fr\/#\/schema\/logo\/image\/"},"sameAs":["https:\/\/www.facebook.com\/miomiorun\/","https:\/\/www.instagram.com\/miomiorun\/"]}]}},"_links":{"self":[{"href":"https:\/\/www.miomiorun.com\/fr\/wp-json\/wp\/v2\/product\/279402","targetHints":{"allow":["GET"]}}],"collection":[{"href":"https:\/\/www.miomiorun.com\/fr\/wp-json\/wp\/v2\/product"}],"about":[{"href":"https:\/\/www.miomiorun.com\/fr\/wp-json\/wp\/v2\/types\/product"}],"wp:featuredmedia":[{"embeddable":true,"href":"https:\/\/www.miomiorun.com\/fr\/wp-json\/wp\/v2\/media\/232999"}],"wp:attachment":[{"href":"https:\/\/www.miomiorun.com\/fr\/wp-json\/wp\/v2\/media?parent=279402"}],"wp:term":[{"taxonomy":"product_brand","embeddable":true,"href":"https:\/\/www.miomiorun.com\/fr\/wp-json\/wp\/v2\/product_brand?post=279402"},{"taxonomy":"product_cat","embeddable":true,"href":"https:\/\/www.miomiorun.com\/fr\/wp-json\/wp\/v2\/product_cat?post=279402"},{"taxonomy":"product_tag","embeddable":true,"href":"https:\/\/www.miomiorun.com\/fr\/wp-json\/wp\/v2\/product_tag?post=279402"}],"curies":[{"name":"wp","href":"https:\/\/api.w.org\/{rel}","templated":true}]}}