{"id":279364,"date":"2021-09-14T17:25:53","date_gmt":"2021-09-14T15:25:53","guid":{"rendered":"https:\/\/miomiorun.com\/prodotto\/craft-greatness-string-donna\/"},"modified":"2026-01-02T19:12:03","modified_gmt":"2026-01-02T18:12:03","slug":"craft-greatness-string-femme","status":"publish","type":"product","link":"https:\/\/www.miomiorun.com\/fr\/produit\/craft-greatness-string-femme\/","title":{"rendered":"Greatness String femme"},"content":{"rendered":"<p>Greatness String est un string fin et l\u00e9ger fabriqu\u00e9 \u00e0 partir de tissus hautement fonctionnels qui vous gardent au frais et au sec pendant les entra\u00eenements intenses par temps chaud. La conception ergonomique en 3D offre un ajustement parfait et une libert\u00e9 de mouvement optimale. En portant des sous-v\u00eatements fonctionnels (plut\u00f4t que des sous-v\u00eatements en coton) plus pr\u00e8s de la peau, vous contribuez \u00e0 r\u00e9guler la temp\u00e9rature corporelle et am\u00e9liorez ainsi vos chances d&#8217;obtenir des performances optimales.<\/p>\n<p>&#8211; Transport efficace de l&#8217;humidit\u00e9<br \/>\n&#8211; Tissu fin et l\u00e9ger<br \/>\n&#8211; Ajustement ergonomique<\/p>\n<p>&nbsp;<\/p>\n<h3>Mat\u00e9riau<\/h3>\n<p>75 % polyamide 25 % \u00e9lasthanne<\/p>\n<p>&nbsp;<\/p>\n","protected":false},"excerpt":{"rendered":"<p>Greatness String est un string fin et l\u00e9ger fabriqu\u00e9 \u00e0 partir de tissus hautement fonctionnels qui vous gardent au frais et au sec pendant les entra\u00eenements intenses par temps chaud. La conception ergonomique en 3D offre un ajustement parfait et une libert\u00e9 de mouvement optimale. En portant des sous-v\u00eatements fonctionnels (plut\u00f4t que des sous-v\u00eatements en &hellip; <a href=\"https:\/\/www.miomiorun.com\/fr\/produit\/craft-greatness-string-femme\/\">Continued<\/a><\/p>\n","protected":false},"featured_media":233209,"template":"","meta":{"_acf_changed":false,"inline_featured_image":false},"product_brand":[],"product_cat":[22600,22596,22595],"product_tag":[23554,23648],"class_list":{"0":"post-279364","1":"product","2":"type-product","3":"status-publish","4":"has-post-thumbnail","6":"product_cat-sous-vetements","7":"product_cat-vetements-pour-femmes","8":"product_cat-femme","9":"product_tag-craft-fr","10":"product_tag-craft-femme","11":"pa_attivita-fitness-fr","12":"pa_attivita-lifestyle-fr","13":"pa_attivita-marcher","14":"pa_attivita-outdoor-fr","15":"pa_attivita-running-fr","16":"pa_attivita-trail-fr","17":"pa_marca-craft-fr","18":"pa_sesso-femme","19":"pa_size-extra-small-fr","20":"pa_size-medium-fr","22":"first","23":"instock","24":"sale","25":"taxable","26":"shipping-taxable","27":"purchasable","28":"product-type-variable","29":"wvs-archive-product-wrapper"},"acf":[],"yoast_head":"<!-- This site is optimized with the Yoast SEO plugin v26.8 - https:\/\/yoast.com\/product\/yoast-seo-wordpress\/ -->\n<title>Craft Greatness String femme - Sous-v\u00eatements thermiques - MioMioRun.com<\/title>\n<meta name=\"description\" content=\"Greatness String est un string fin et l\u00e9ger fabriqu\u00e9 \u00e0 partir de tissus hautement fonctionnels qui vous gardent au frais et au sec.\" \/>\n<meta name=\"robots\" content=\"index, follow, max-snippet:-1, max-image-preview:large, max-video-preview:-1\" \/>\n<link rel=\"canonical\" href=\"https:\/\/www.miomiorun.com\/fr\/produit\/craft-greatness-string-femme\/\" \/>\n<meta property=\"og:locale\" content=\"fr_FR\" \/>\n<meta property=\"og:type\" content=\"article\" \/>\n<meta property=\"og:title\" content=\"Craft Greatness String femme - Sous-v\u00eatements thermiques - MioMioRun.com\" \/>\n<meta property=\"og:description\" content=\"Greatness String est un string fin et l\u00e9ger fabriqu\u00e9 \u00e0 partir de tissus hautement fonctionnels qui vous gardent au frais et au sec.\" \/>\n<meta property=\"og:url\" content=\"https:\/\/www.miomiorun.com\/fr\/produit\/craft-greatness-string-femme\/\" \/>\n<meta property=\"og:site_name\" content=\"MioMioRun\" \/>\n<meta property=\"article:publisher\" content=\"https:\/\/www.facebook.com\/miomiorun\/\" \/>\n<meta property=\"article:modified_time\" content=\"2026-01-02T18:12:03+00:00\" \/>\n<meta property=\"og:image\" content=\"https:\/\/www.miomiorun.com\/app\/uploads\/2021\/09\/craft-Greatness-string-1904195-9999.jpg\" \/>\n\t<meta property=\"og:image:width\" content=\"600\" \/>\n\t<meta property=\"og:image:height\" content=\"600\" \/>\n\t<meta property=\"og:image:type\" content=\"image\/jpeg\" \/>\n<meta name=\"twitter:card\" content=\"summary_large_image\" \/>\n<meta name=\"twitter:label1\" content=\"Est. reading time\" \/>\n\t<meta name=\"twitter:data1\" content=\"1 minute\" \/>\n<script type=\"application\/ld+json\" class=\"yoast-schema-graph\">{\"@context\":\"https:\/\/schema.org\",\"@graph\":[{\"@type\":\"WebPage\",\"@id\":\"https:\/\/www.miomiorun.com\/fr\/produit\/craft-greatness-string-femme\/\",\"url\":\"https:\/\/www.miomiorun.com\/fr\/produit\/craft-greatness-string-femme\/\",\"name\":\"Craft Greatness String femme - Sous-v\u00eatements thermiques - MioMioRun.com\",\"isPartOf\":{\"@id\":\"https:\/\/www.miomiorun.com\/fr\/#website\"},\"primaryImageOfPage\":{\"@id\":\"https:\/\/www.miomiorun.com\/fr\/produit\/craft-greatness-string-femme\/#primaryimage\"},\"image\":{\"@id\":\"https:\/\/www.miomiorun.com\/fr\/produit\/craft-greatness-string-femme\/#primaryimage\"},\"thumbnailUrl\":\"https:\/\/www.miomiorun.com\/app\/uploads\/2021\/09\/craft-Greatness-string-1904195-9999.jpg\",\"datePublished\":\"2021-09-14T15:25:53+00:00\",\"dateModified\":\"2026-01-02T18:12:03+00:00\",\"description\":\"Greatness String est un string fin et l\u00e9ger fabriqu\u00e9 \u00e0 partir de tissus hautement fonctionnels qui vous gardent au frais et au sec.\",\"breadcrumb\":{\"@id\":\"https:\/\/www.miomiorun.com\/fr\/produit\/craft-greatness-string-femme\/#breadcrumb\"},\"inLanguage\":\"fr-FR\",\"potentialAction\":[{\"@type\":\"ReadAction\",\"target\":[\"https:\/\/www.miomiorun.com\/fr\/produit\/craft-greatness-string-femme\/\"]}]},{\"@type\":\"ImageObject\",\"inLanguage\":\"fr-FR\",\"@id\":\"https:\/\/www.miomiorun.com\/fr\/produit\/craft-greatness-string-femme\/#primaryimage\",\"url\":\"https:\/\/www.miomiorun.com\/app\/uploads\/2021\/09\/craft-Greatness-string-1904195-9999.jpg\",\"contentUrl\":\"https:\/\/www.miomiorun.com\/app\/uploads\/2021\/09\/craft-Greatness-string-1904195-9999.jpg\",\"width\":600,\"height\":600,\"caption\":\"craft greatness string\"},{\"@type\":\"BreadcrumbList\",\"@id\":\"https:\/\/www.miomiorun.com\/fr\/produit\/craft-greatness-string-femme\/#breadcrumb\",\"itemListElement\":[{\"@type\":\"ListItem\",\"position\":1,\"name\":\"Home\",\"item\":\"https:\/\/www.miomiorun.com\/fr\/home-page\/\"},{\"@type\":\"ListItem\",\"position\":2,\"name\":\"Shop\",\"item\":\"https:\/\/www.miomiorun.com\/shop\/\"},{\"@type\":\"ListItem\",\"position\":3,\"name\":\"Greatness String femme\"}]},{\"@type\":\"WebSite\",\"@id\":\"https:\/\/www.miomiorun.com\/fr\/#website\",\"url\":\"https:\/\/www.miomiorun.com\/fr\/\",\"name\":\"MioMioRun\",\"description\":\"Boutique 100% running et trail\",\"publisher\":{\"@id\":\"https:\/\/www.miomiorun.com\/fr\/#organization\"},\"potentialAction\":[{\"@type\":\"SearchAction\",\"target\":{\"@type\":\"EntryPoint\",\"urlTemplate\":\"https:\/\/www.miomiorun.com\/fr\/?s={search_term_string}\"},\"query-input\":{\"@type\":\"PropertyValueSpecification\",\"valueRequired\":true,\"valueName\":\"search_term_string\"}}],\"inLanguage\":\"fr-FR\"},{\"@type\":\"Organization\",\"@id\":\"https:\/\/www.miomiorun.com\/fr\/#organization\",\"name\":\"MioMio Run\",\"url\":\"https:\/\/www.miomiorun.com\/fr\/\",\"logo\":{\"@type\":\"ImageObject\",\"inLanguage\":\"fr-FR\",\"@id\":\"https:\/\/www.miomiorun.com\/fr\/#\/schema\/logo\/image\/\",\"url\":\"https:\/\/www.miomiorun.com\/app\/uploads\/2019\/12\/logomio.png\",\"contentUrl\":\"https:\/\/www.miomiorun.com\/app\/uploads\/2019\/12\/logomio.png\",\"width\":115,\"height\":82,\"caption\":\"MioMio Run\"},\"image\":{\"@id\":\"https:\/\/www.miomiorun.com\/fr\/#\/schema\/logo\/image\/\"},\"sameAs\":[\"https:\/\/www.facebook.com\/miomiorun\/\",\"https:\/\/www.instagram.com\/miomiorun\/\"]}]}<\/script>\n<!-- \/ Yoast SEO plugin. -->","yoast_head_json":{"title":"Craft Greatness String femme - Sous-v\u00eatements thermiques - MioMioRun.com","description":"Greatness String est un string fin et l\u00e9ger fabriqu\u00e9 \u00e0 partir de tissus hautement fonctionnels qui vous gardent au frais et au sec.","robots":{"index":"index","follow":"follow","max-snippet":"max-snippet:-1","max-image-preview":"max-image-preview:large","max-video-preview":"max-video-preview:-1"},"canonical":"https:\/\/www.miomiorun.com\/fr\/produit\/craft-greatness-string-femme\/","og_locale":"fr_FR","og_type":"article","og_title":"Craft Greatness String femme - Sous-v\u00eatements thermiques - MioMioRun.com","og_description":"Greatness String est un string fin et l\u00e9ger fabriqu\u00e9 \u00e0 partir de tissus hautement fonctionnels qui vous gardent au frais et au sec.","og_url":"https:\/\/www.miomiorun.com\/fr\/produit\/craft-greatness-string-femme\/","og_site_name":"MioMioRun","article_publisher":"https:\/\/www.facebook.com\/miomiorun\/","article_modified_time":"2026-01-02T18:12:03+00:00","og_image":[{"width":600,"height":600,"url":"https:\/\/www.miomiorun.com\/app\/uploads\/2021\/09\/craft-Greatness-string-1904195-9999.jpg","type":"image\/jpeg"}],"twitter_card":"summary_large_image","twitter_misc":{"Est. reading time":"1 minute"},"schema":{"@context":"https:\/\/schema.org","@graph":[{"@type":"WebPage","@id":"https:\/\/www.miomiorun.com\/fr\/produit\/craft-greatness-string-femme\/","url":"https:\/\/www.miomiorun.com\/fr\/produit\/craft-greatness-string-femme\/","name":"Craft Greatness String femme - Sous-v\u00eatements thermiques - MioMioRun.com","isPartOf":{"@id":"https:\/\/www.miomiorun.com\/fr\/#website"},"primaryImageOfPage":{"@id":"https:\/\/www.miomiorun.com\/fr\/produit\/craft-greatness-string-femme\/#primaryimage"},"image":{"@id":"https:\/\/www.miomiorun.com\/fr\/produit\/craft-greatness-string-femme\/#primaryimage"},"thumbnailUrl":"https:\/\/www.miomiorun.com\/app\/uploads\/2021\/09\/craft-Greatness-string-1904195-9999.jpg","datePublished":"2021-09-14T15:25:53+00:00","dateModified":"2026-01-02T18:12:03+00:00","description":"Greatness String est un string fin et l\u00e9ger fabriqu\u00e9 \u00e0 partir de tissus hautement fonctionnels qui vous gardent au frais et au sec.","breadcrumb":{"@id":"https:\/\/www.miomiorun.com\/fr\/produit\/craft-greatness-string-femme\/#breadcrumb"},"inLanguage":"fr-FR","potentialAction":[{"@type":"ReadAction","target":["https:\/\/www.miomiorun.com\/fr\/produit\/craft-greatness-string-femme\/"]}]},{"@type":"ImageObject","inLanguage":"fr-FR","@id":"https:\/\/www.miomiorun.com\/fr\/produit\/craft-greatness-string-femme\/#primaryimage","url":"https:\/\/www.miomiorun.com\/app\/uploads\/2021\/09\/craft-Greatness-string-1904195-9999.jpg","contentUrl":"https:\/\/www.miomiorun.com\/app\/uploads\/2021\/09\/craft-Greatness-string-1904195-9999.jpg","width":600,"height":600,"caption":"craft greatness string"},{"@type":"BreadcrumbList","@id":"https:\/\/www.miomiorun.com\/fr\/produit\/craft-greatness-string-femme\/#breadcrumb","itemListElement":[{"@type":"ListItem","position":1,"name":"Home","item":"https:\/\/www.miomiorun.com\/fr\/home-page\/"},{"@type":"ListItem","position":2,"name":"Shop","item":"https:\/\/www.miomiorun.com\/shop\/"},{"@type":"ListItem","position":3,"name":"Greatness String femme"}]},{"@type":"WebSite","@id":"https:\/\/www.miomiorun.com\/fr\/#website","url":"https:\/\/www.miomiorun.com\/fr\/","name":"MioMioRun","description":"Boutique 100% running et trail","publisher":{"@id":"https:\/\/www.miomiorun.com\/fr\/#organization"},"potentialAction":[{"@type":"SearchAction","target":{"@type":"EntryPoint","urlTemplate":"https:\/\/www.miomiorun.com\/fr\/?s={search_term_string}"},"query-input":{"@type":"PropertyValueSpecification","valueRequired":true,"valueName":"search_term_string"}}],"inLanguage":"fr-FR"},{"@type":"Organization","@id":"https:\/\/www.miomiorun.com\/fr\/#organization","name":"MioMio Run","url":"https:\/\/www.miomiorun.com\/fr\/","logo":{"@type":"ImageObject","inLanguage":"fr-FR","@id":"https:\/\/www.miomiorun.com\/fr\/#\/schema\/logo\/image\/","url":"https:\/\/www.miomiorun.com\/app\/uploads\/2019\/12\/logomio.png","contentUrl":"https:\/\/www.miomiorun.com\/app\/uploads\/2019\/12\/logomio.png","width":115,"height":82,"caption":"MioMio Run"},"image":{"@id":"https:\/\/www.miomiorun.com\/fr\/#\/schema\/logo\/image\/"},"sameAs":["https:\/\/www.facebook.com\/miomiorun\/","https:\/\/www.instagram.com\/miomiorun\/"]}]}},"_links":{"self":[{"href":"https:\/\/www.miomiorun.com\/fr\/wp-json\/wp\/v2\/product\/279364","targetHints":{"allow":["GET"]}}],"collection":[{"href":"https:\/\/www.miomiorun.com\/fr\/wp-json\/wp\/v2\/product"}],"about":[{"href":"https:\/\/www.miomiorun.com\/fr\/wp-json\/wp\/v2\/types\/product"}],"wp:featuredmedia":[{"embeddable":true,"href":"https:\/\/www.miomiorun.com\/fr\/wp-json\/wp\/v2\/media\/233209"}],"wp:attachment":[{"href":"https:\/\/www.miomiorun.com\/fr\/wp-json\/wp\/v2\/media?parent=279364"}],"wp:term":[{"taxonomy":"product_brand","embeddable":true,"href":"https:\/\/www.miomiorun.com\/fr\/wp-json\/wp\/v2\/product_brand?post=279364"},{"taxonomy":"product_cat","embeddable":true,"href":"https:\/\/www.miomiorun.com\/fr\/wp-json\/wp\/v2\/product_cat?post=279364"},{"taxonomy":"product_tag","embeddable":true,"href":"https:\/\/www.miomiorun.com\/fr\/wp-json\/wp\/v2\/product_tag?post=279364"}],"curies":[{"name":"wp","href":"https:\/\/api.w.org\/{rel}","templated":true}]}}