{"id":279360,"date":"2021-09-14T17:57:12","date_gmt":"2021-09-14T15:57:12","guid":{"rendered":"https:\/\/miomiorun.com\/prodotto\/saucony-bluster-jacket-donna\/"},"modified":"2026-01-02T19:19:22","modified_gmt":"2026-01-02T18:19:22","slug":"saucony-bluster-jacket-femme","status":"publish","type":"product","link":"https:\/\/www.miomiorun.com\/fr\/produit\/saucony-bluster-jacket-femme\/","title":{"rendered":"Bluster Jacket femme"},"content":{"rendered":"<p id=\"tw-target-text\" class=\"tw-data-text tw-text-large XcVN5d tw-ta\" dir=\"ltr\" data-placeholder=\"Traduzione\"><span class=\"Y2IQFc\" lang=\"it\"><strong>Bluster<\/strong> pour femme est une veste con\u00e7ue pour les demi-saisons, r\u00e9sistante au vent et \u00e0 l&#8217;eau, avec une doublure douce en polaire jacquard pour une touche d&#8217;isolation et de confort.<\/span><\/p>\n<p dir=\"ltr\" data-placeholder=\"Traduzione\"><strong>Une veste pour toutes les conditions m\u00e9t\u00e9orologiques<\/strong><\/p>\n<p dir=\"ltr\" data-placeholder=\"Traduzione\">Le tissu ext\u00e9rieur en polyester recycl\u00e9 est r\u00e9sistant au vent et \u00e0 l&#8217;eau gr\u00e2ce \u00e0 un traitement d\u00e9perlant durable (DWR). Un v\u00eatement polyvalent et respectueux de l&#8217;environnement. <\/p>\n<p dir=\"ltr\" data-placeholder=\"Traduzione\"><strong>Con\u00e7ue avec soin<\/strong><\/p>\n<p dir=\"ltr\" data-placeholder=\"Traduzione\">Con\u00e7ue pour r\u00e9pondre aux besoins des coureurs, cette veste est dot\u00e9e de nombreuses caract\u00e9ristiques anti-intemp\u00e9ries :<\/p>\n<ul>\n<li dir=\"ltr\" data-placeholder=\"Traduzione\">tissu pare-vent int\u00e9rieur<\/li>\n<li dir=\"ltr\" data-placeholder=\"Traduzione\">bords \u00e9lastiques pour une protection optimale<\/li>\n<\/ul>\n<p><strong>La chaleur id\u00e9ale pour les basses temp\u00e9ratures<\/strong><\/p>\n<p>Le tissu Jacquard interne offre douceur et isolation pour commencer \u00e0 courir.<\/p>\n<p dir=\"ltr\" data-placeholder=\"Traduzione\">\n","protected":false},"excerpt":{"rendered":"<p>Bluster pour femme est une veste con\u00e7ue pour les demi-saisons, r\u00e9sistante au vent et \u00e0 l&#8217;eau, avec une doublure douce en polaire jacquard pour une touche d&#8217;isolation et de confort. Une veste pour toutes les conditions m\u00e9t\u00e9orologiques Le tissu ext\u00e9rieur en polyester recycl\u00e9 est r\u00e9sistant au vent et \u00e0 l&#8217;eau gr\u00e2ce \u00e0 un traitement d\u00e9perlant &hellip; <a href=\"https:\/\/www.miomiorun.com\/fr\/produit\/saucony-bluster-jacket-femme\/\">Continued<\/a><\/p>\n","protected":false},"featured_media":233359,"template":"","meta":{"_acf_changed":false,"inline_featured_image":false},"product_brand":[],"product_cat":[22599,22596,22595],"product_tag":[23579,33803],"class_list":{"0":"post-279360","1":"product","2":"type-product","3":"status-publish","4":"has-post-thumbnail","6":"product_cat-vestes","7":"product_cat-vetements-pour-femmes","8":"product_cat-femme","9":"product_tag-saucony-fr","10":"product_tag-saucony-donna-fr","11":"pa_attivita-marcher","12":"pa_attivita-running-fr","13":"pa_marca-saucony-fr","14":"pa_sesso-femme","15":"pa_size-extra-small-fr","16":"pa_size-small-fr","17":"pa_size-medium-fr","19":"first","20":"instock","21":"sale","22":"taxable","23":"shipping-taxable","24":"purchasable","25":"product-type-variable","26":"wvs-archive-product-wrapper"},"acf":[],"yoast_head":"<!-- This site is optimized with the Yoast SEO plugin v26.8 - https:\/\/yoast.com\/product\/yoast-seo-wordpress\/ -->\n<title>Saucony Bluster Jacket femme - Veste de course - MioMioRun<\/title>\n<meta name=\"description\" content=\"Bluster pour femme est une veste con\u00e7ue pour les demi-saisons, r\u00e9sistante au vent et \u00e0 l&#039;eau, avec une doublure douce en polaire jacquard.\" \/>\n<meta name=\"robots\" content=\"index, follow, max-snippet:-1, max-image-preview:large, max-video-preview:-1\" \/>\n<link rel=\"canonical\" href=\"https:\/\/www.miomiorun.com\/fr\/produit\/saucony-bluster-jacket-femme\/\" \/>\n<meta property=\"og:locale\" content=\"fr_FR\" \/>\n<meta property=\"og:type\" content=\"article\" \/>\n<meta property=\"og:title\" content=\"Saucony Bluster Jacket femme - Veste de course - MioMioRun\" \/>\n<meta property=\"og:description\" content=\"Bluster pour femme est une veste con\u00e7ue pour les demi-saisons, r\u00e9sistante au vent et \u00e0 l&#039;eau, avec une doublure douce en polaire jacquard.\" \/>\n<meta property=\"og:url\" content=\"https:\/\/www.miomiorun.com\/fr\/produit\/saucony-bluster-jacket-femme\/\" \/>\n<meta property=\"og:site_name\" content=\"MioMioRun\" \/>\n<meta property=\"article:publisher\" content=\"https:\/\/www.facebook.com\/miomiorun\/\" \/>\n<meta property=\"article:modified_time\" content=\"2026-01-02T18:19:22+00:00\" \/>\n<meta property=\"og:image\" content=\"https:\/\/www.miomiorun.com\/app\/uploads\/2021\/09\/saucony-Bluster-Jacket-SAW800352-VPS.jpg\" \/>\n\t<meta property=\"og:image:width\" content=\"600\" \/>\n\t<meta property=\"og:image:height\" content=\"600\" \/>\n\t<meta property=\"og:image:type\" content=\"image\/jpeg\" \/>\n<meta name=\"twitter:card\" content=\"summary_large_image\" \/>\n<meta name=\"twitter:label1\" content=\"Est. reading time\" \/>\n\t<meta name=\"twitter:data1\" content=\"1 minute\" \/>\n<script type=\"application\/ld+json\" class=\"yoast-schema-graph\">{\"@context\":\"https:\/\/schema.org\",\"@graph\":[{\"@type\":\"WebPage\",\"@id\":\"https:\/\/www.miomiorun.com\/fr\/produit\/saucony-bluster-jacket-femme\/\",\"url\":\"https:\/\/www.miomiorun.com\/fr\/produit\/saucony-bluster-jacket-femme\/\",\"name\":\"Saucony Bluster Jacket femme - Veste de course - MioMioRun\",\"isPartOf\":{\"@id\":\"https:\/\/www.miomiorun.com\/fr\/#website\"},\"primaryImageOfPage\":{\"@id\":\"https:\/\/www.miomiorun.com\/fr\/produit\/saucony-bluster-jacket-femme\/#primaryimage\"},\"image\":{\"@id\":\"https:\/\/www.miomiorun.com\/fr\/produit\/saucony-bluster-jacket-femme\/#primaryimage\"},\"thumbnailUrl\":\"https:\/\/www.miomiorun.com\/app\/uploads\/2021\/09\/saucony-Bluster-Jacket-SAW800352-VPS.jpg\",\"datePublished\":\"2021-09-14T15:57:12+00:00\",\"dateModified\":\"2026-01-02T18:19:22+00:00\",\"description\":\"Bluster pour femme est une veste con\u00e7ue pour les demi-saisons, r\u00e9sistante au vent et \u00e0 l'eau, avec une doublure douce en polaire jacquard.\",\"breadcrumb\":{\"@id\":\"https:\/\/www.miomiorun.com\/fr\/produit\/saucony-bluster-jacket-femme\/#breadcrumb\"},\"inLanguage\":\"fr-FR\",\"potentialAction\":[{\"@type\":\"ReadAction\",\"target\":[\"https:\/\/www.miomiorun.com\/fr\/produit\/saucony-bluster-jacket-femme\/\"]}]},{\"@type\":\"ImageObject\",\"inLanguage\":\"fr-FR\",\"@id\":\"https:\/\/www.miomiorun.com\/fr\/produit\/saucony-bluster-jacket-femme\/#primaryimage\",\"url\":\"https:\/\/www.miomiorun.com\/app\/uploads\/2021\/09\/saucony-Bluster-Jacket-SAW800352-VPS.jpg\",\"contentUrl\":\"https:\/\/www.miomiorun.com\/app\/uploads\/2021\/09\/saucony-Bluster-Jacket-SAW800352-VPS.jpg\",\"width\":600,\"height\":600,\"caption\":\"saucony bluster jacket\"},{\"@type\":\"BreadcrumbList\",\"@id\":\"https:\/\/www.miomiorun.com\/fr\/produit\/saucony-bluster-jacket-femme\/#breadcrumb\",\"itemListElement\":[{\"@type\":\"ListItem\",\"position\":1,\"name\":\"Home\",\"item\":\"https:\/\/www.miomiorun.com\/fr\/home-page\/\"},{\"@type\":\"ListItem\",\"position\":2,\"name\":\"Shop\",\"item\":\"https:\/\/www.miomiorun.com\/shop\/\"},{\"@type\":\"ListItem\",\"position\":3,\"name\":\"Bluster Jacket femme\"}]},{\"@type\":\"WebSite\",\"@id\":\"https:\/\/www.miomiorun.com\/fr\/#website\",\"url\":\"https:\/\/www.miomiorun.com\/fr\/\",\"name\":\"MioMioRun\",\"description\":\"Boutique 100% running et trail\",\"publisher\":{\"@id\":\"https:\/\/www.miomiorun.com\/fr\/#organization\"},\"potentialAction\":[{\"@type\":\"SearchAction\",\"target\":{\"@type\":\"EntryPoint\",\"urlTemplate\":\"https:\/\/www.miomiorun.com\/fr\/?s={search_term_string}\"},\"query-input\":{\"@type\":\"PropertyValueSpecification\",\"valueRequired\":true,\"valueName\":\"search_term_string\"}}],\"inLanguage\":\"fr-FR\"},{\"@type\":\"Organization\",\"@id\":\"https:\/\/www.miomiorun.com\/fr\/#organization\",\"name\":\"MioMio Run\",\"url\":\"https:\/\/www.miomiorun.com\/fr\/\",\"logo\":{\"@type\":\"ImageObject\",\"inLanguage\":\"fr-FR\",\"@id\":\"https:\/\/www.miomiorun.com\/fr\/#\/schema\/logo\/image\/\",\"url\":\"https:\/\/www.miomiorun.com\/app\/uploads\/2019\/12\/logomio.png\",\"contentUrl\":\"https:\/\/www.miomiorun.com\/app\/uploads\/2019\/12\/logomio.png\",\"width\":115,\"height\":82,\"caption\":\"MioMio Run\"},\"image\":{\"@id\":\"https:\/\/www.miomiorun.com\/fr\/#\/schema\/logo\/image\/\"},\"sameAs\":[\"https:\/\/www.facebook.com\/miomiorun\/\",\"https:\/\/www.instagram.com\/miomiorun\/\"]}]}<\/script>\n<!-- \/ Yoast SEO plugin. -->","yoast_head_json":{"title":"Saucony Bluster Jacket femme - Veste de course - MioMioRun","description":"Bluster pour femme est une veste con\u00e7ue pour les demi-saisons, r\u00e9sistante au vent et \u00e0 l'eau, avec une doublure douce en polaire jacquard.","robots":{"index":"index","follow":"follow","max-snippet":"max-snippet:-1","max-image-preview":"max-image-preview:large","max-video-preview":"max-video-preview:-1"},"canonical":"https:\/\/www.miomiorun.com\/fr\/produit\/saucony-bluster-jacket-femme\/","og_locale":"fr_FR","og_type":"article","og_title":"Saucony Bluster Jacket femme - Veste de course - MioMioRun","og_description":"Bluster pour femme est une veste con\u00e7ue pour les demi-saisons, r\u00e9sistante au vent et \u00e0 l'eau, avec une doublure douce en polaire jacquard.","og_url":"https:\/\/www.miomiorun.com\/fr\/produit\/saucony-bluster-jacket-femme\/","og_site_name":"MioMioRun","article_publisher":"https:\/\/www.facebook.com\/miomiorun\/","article_modified_time":"2026-01-02T18:19:22+00:00","og_image":[{"width":600,"height":600,"url":"https:\/\/www.miomiorun.com\/app\/uploads\/2021\/09\/saucony-Bluster-Jacket-SAW800352-VPS.jpg","type":"image\/jpeg"}],"twitter_card":"summary_large_image","twitter_misc":{"Est. reading time":"1 minute"},"schema":{"@context":"https:\/\/schema.org","@graph":[{"@type":"WebPage","@id":"https:\/\/www.miomiorun.com\/fr\/produit\/saucony-bluster-jacket-femme\/","url":"https:\/\/www.miomiorun.com\/fr\/produit\/saucony-bluster-jacket-femme\/","name":"Saucony Bluster Jacket femme - Veste de course - MioMioRun","isPartOf":{"@id":"https:\/\/www.miomiorun.com\/fr\/#website"},"primaryImageOfPage":{"@id":"https:\/\/www.miomiorun.com\/fr\/produit\/saucony-bluster-jacket-femme\/#primaryimage"},"image":{"@id":"https:\/\/www.miomiorun.com\/fr\/produit\/saucony-bluster-jacket-femme\/#primaryimage"},"thumbnailUrl":"https:\/\/www.miomiorun.com\/app\/uploads\/2021\/09\/saucony-Bluster-Jacket-SAW800352-VPS.jpg","datePublished":"2021-09-14T15:57:12+00:00","dateModified":"2026-01-02T18:19:22+00:00","description":"Bluster pour femme est une veste con\u00e7ue pour les demi-saisons, r\u00e9sistante au vent et \u00e0 l'eau, avec une doublure douce en polaire jacquard.","breadcrumb":{"@id":"https:\/\/www.miomiorun.com\/fr\/produit\/saucony-bluster-jacket-femme\/#breadcrumb"},"inLanguage":"fr-FR","potentialAction":[{"@type":"ReadAction","target":["https:\/\/www.miomiorun.com\/fr\/produit\/saucony-bluster-jacket-femme\/"]}]},{"@type":"ImageObject","inLanguage":"fr-FR","@id":"https:\/\/www.miomiorun.com\/fr\/produit\/saucony-bluster-jacket-femme\/#primaryimage","url":"https:\/\/www.miomiorun.com\/app\/uploads\/2021\/09\/saucony-Bluster-Jacket-SAW800352-VPS.jpg","contentUrl":"https:\/\/www.miomiorun.com\/app\/uploads\/2021\/09\/saucony-Bluster-Jacket-SAW800352-VPS.jpg","width":600,"height":600,"caption":"saucony bluster jacket"},{"@type":"BreadcrumbList","@id":"https:\/\/www.miomiorun.com\/fr\/produit\/saucony-bluster-jacket-femme\/#breadcrumb","itemListElement":[{"@type":"ListItem","position":1,"name":"Home","item":"https:\/\/www.miomiorun.com\/fr\/home-page\/"},{"@type":"ListItem","position":2,"name":"Shop","item":"https:\/\/www.miomiorun.com\/shop\/"},{"@type":"ListItem","position":3,"name":"Bluster Jacket femme"}]},{"@type":"WebSite","@id":"https:\/\/www.miomiorun.com\/fr\/#website","url":"https:\/\/www.miomiorun.com\/fr\/","name":"MioMioRun","description":"Boutique 100% running et trail","publisher":{"@id":"https:\/\/www.miomiorun.com\/fr\/#organization"},"potentialAction":[{"@type":"SearchAction","target":{"@type":"EntryPoint","urlTemplate":"https:\/\/www.miomiorun.com\/fr\/?s={search_term_string}"},"query-input":{"@type":"PropertyValueSpecification","valueRequired":true,"valueName":"search_term_string"}}],"inLanguage":"fr-FR"},{"@type":"Organization","@id":"https:\/\/www.miomiorun.com\/fr\/#organization","name":"MioMio Run","url":"https:\/\/www.miomiorun.com\/fr\/","logo":{"@type":"ImageObject","inLanguage":"fr-FR","@id":"https:\/\/www.miomiorun.com\/fr\/#\/schema\/logo\/image\/","url":"https:\/\/www.miomiorun.com\/app\/uploads\/2019\/12\/logomio.png","contentUrl":"https:\/\/www.miomiorun.com\/app\/uploads\/2019\/12\/logomio.png","width":115,"height":82,"caption":"MioMio Run"},"image":{"@id":"https:\/\/www.miomiorun.com\/fr\/#\/schema\/logo\/image\/"},"sameAs":["https:\/\/www.facebook.com\/miomiorun\/","https:\/\/www.instagram.com\/miomiorun\/"]}]}},"_links":{"self":[{"href":"https:\/\/www.miomiorun.com\/fr\/wp-json\/wp\/v2\/product\/279360","targetHints":{"allow":["GET"]}}],"collection":[{"href":"https:\/\/www.miomiorun.com\/fr\/wp-json\/wp\/v2\/product"}],"about":[{"href":"https:\/\/www.miomiorun.com\/fr\/wp-json\/wp\/v2\/types\/product"}],"wp:featuredmedia":[{"embeddable":true,"href":"https:\/\/www.miomiorun.com\/fr\/wp-json\/wp\/v2\/media\/233359"}],"wp:attachment":[{"href":"https:\/\/www.miomiorun.com\/fr\/wp-json\/wp\/v2\/media?parent=279360"}],"wp:term":[{"taxonomy":"product_brand","embeddable":true,"href":"https:\/\/www.miomiorun.com\/fr\/wp-json\/wp\/v2\/product_brand?post=279360"},{"taxonomy":"product_cat","embeddable":true,"href":"https:\/\/www.miomiorun.com\/fr\/wp-json\/wp\/v2\/product_cat?post=279360"},{"taxonomy":"product_tag","embeddable":true,"href":"https:\/\/www.miomiorun.com\/fr\/wp-json\/wp\/v2\/product_tag?post=279360"}],"curies":[{"name":"wp","href":"https:\/\/api.w.org\/{rel}","templated":true}]}}