{"id":279324,"date":"2021-09-15T10:19:22","date_gmt":"2021-09-15T08:19:22","guid":{"rendered":"https:\/\/miomiorun.com\/prodotto\/craft-core-warm-baselayer-set-donna\/"},"modified":"2026-01-02T19:21:01","modified_gmt":"2026-01-02T18:21:01","slug":"craft-core-warm-baselayer-set-femme","status":"publish","type":"product","link":"https:\/\/www.miomiorun.com\/fr\/produit\/craft-core-warm-baselayer-set-femme\/","title":{"rendered":"Core Warm Baselayer Set femme"},"content":{"rendered":"<p>Le <strong>ensemble Core Warm Baselayer<\/strong> pour femme comprend un haut \u00e0 manches longues fonctionnel et un pantalon long con\u00e7us pour tous les types d&#8217;activit\u00e9s hivernales dans des conditions froides.<\/p>\n<p>Les v\u00eatements de base sont fabriqu\u00e9s dans un jersey doux avec une doublure bross\u00e9e pour une chaleur et un confort optimaux, et pr\u00e9sentent des coutures flatlock qui suivent les mouvements du corps.<\/p>\n<p><strong>Caract\u00e9ristiques :<\/strong><\/p>\n<ul>\n<li>T-shirt \u00e0 manches longues et pantalon long.<\/li>\n<li>Tissu jersey avec int\u00e9rieur gratt\u00e9 pour une chaleur optimale.<\/li>\n<li>Coutures flatlock qui suivent les mouvements du corps.<\/li>\n<li>Coupe r\u00e9guli\u00e8re.<\/li>\n<li>Transport de l&#8217;humidit\u00e9 : 3 sur 5<\/li>\n<li>Niveau d&#8217;activit\u00e9 : 2 sur 5<\/li>\n<li>Temp\u00e9rature : de -10 \u00baC \u00e0 0 \u00baC<\/li>\n<\/ul>\n<p>Mat\u00e9riau : 100 % polyester<\/p>\n<p class=\"css-8rgusf\">Lavage en machine \u00e0 40 degr\u00e9s.<\/p>\n","protected":false},"excerpt":{"rendered":"<p>Le ensemble Core Warm Baselayer pour femme comprend un haut \u00e0 manches longues fonctionnel et un pantalon long con\u00e7us pour tous les types d&#8217;activit\u00e9s hivernales dans des conditions froides. Les v\u00eatements de base sont fabriqu\u00e9s dans un jersey doux avec une doublure bross\u00e9e pour une chaleur et un confort optimaux, et pr\u00e9sentent des coutures flatlock &hellip; <a href=\"https:\/\/www.miomiorun.com\/fr\/produit\/craft-core-warm-baselayer-set-femme\/\">Continued<\/a><\/p>\n","protected":false},"featured_media":233237,"template":"","meta":{"_acf_changed":false,"inline_featured_image":false},"product_brand":[],"product_cat":[22600,22596,22595],"product_tag":[23554,23648],"class_list":{"0":"post-279324","1":"product","2":"type-product","3":"status-publish","4":"has-post-thumbnail","6":"product_cat-sous-vetements","7":"product_cat-vetements-pour-femmes","8":"product_cat-femme","9":"product_tag-craft-fr","10":"product_tag-craft-femme","11":"pa_attivita-marcher","12":"pa_attivita-outdoor-fr","13":"pa_attivita-running-fr","14":"pa_attivita-trail-fr","15":"pa_marca-craft-fr","16":"pa_sesso-femme","17":"pa_size-small-fr","18":"pa_size-medium-fr","19":"pa_size-large-fr","21":"first","22":"instock","23":"sale","24":"taxable","25":"shipping-taxable","26":"purchasable","27":"product-type-variable","28":"wvs-archive-product-wrapper"},"acf":[],"yoast_head":"<!-- This site is optimized with the Yoast SEO plugin v26.8 - https:\/\/yoast.com\/product\/yoast-seo-wordpress\/ -->\n<title>Craft Core Warm Baselayer Set femme - compl\u00e8te running - MioMioRun<\/title>\n<meta name=\"description\" content=\"L&#039;ensemble Core Warm Baselayer pour femme comprend un haut \u00e0 manches longues fonctionnel et un pantalon long con\u00e7us pour tous les types d&#039;activit\u00e9s.\" \/>\n<meta name=\"robots\" content=\"index, follow, max-snippet:-1, max-image-preview:large, max-video-preview:-1\" \/>\n<link rel=\"canonical\" href=\"https:\/\/www.miomiorun.com\/fr\/produit\/craft-core-warm-baselayer-set-femme\/\" \/>\n<meta property=\"og:locale\" content=\"fr_FR\" \/>\n<meta property=\"og:type\" content=\"article\" \/>\n<meta property=\"og:title\" content=\"Craft Core Warm Baselayer Set femme - compl\u00e8te running - MioMioRun\" \/>\n<meta property=\"og:description\" content=\"L&#039;ensemble Core Warm Baselayer pour femme comprend un haut \u00e0 manches longues fonctionnel et un pantalon long con\u00e7us pour tous les types d&#039;activit\u00e9s.\" \/>\n<meta property=\"og:url\" content=\"https:\/\/www.miomiorun.com\/fr\/produit\/craft-core-warm-baselayer-set-femme\/\" \/>\n<meta property=\"og:site_name\" content=\"MioMioRun\" \/>\n<meta property=\"article:publisher\" content=\"https:\/\/www.facebook.com\/miomiorun\/\" \/>\n<meta property=\"article:modified_time\" content=\"2026-01-02T18:21:01+00:00\" \/>\n<meta property=\"og:image\" content=\"https:\/\/www.miomiorun.com\/app\/uploads\/2021\/09\/craft-Core-warm-Baselayer-set-1909708-999000.jpg\" \/>\n\t<meta property=\"og:image:width\" content=\"600\" \/>\n\t<meta property=\"og:image:height\" content=\"600\" \/>\n\t<meta property=\"og:image:type\" content=\"image\/jpeg\" \/>\n<meta name=\"twitter:card\" content=\"summary_large_image\" \/>\n<meta name=\"twitter:label1\" content=\"Est. reading time\" \/>\n\t<meta name=\"twitter:data1\" content=\"1 minute\" \/>\n<script type=\"application\/ld+json\" class=\"yoast-schema-graph\">{\"@context\":\"https:\/\/schema.org\",\"@graph\":[{\"@type\":\"WebPage\",\"@id\":\"https:\/\/www.miomiorun.com\/fr\/produit\/craft-core-warm-baselayer-set-femme\/\",\"url\":\"https:\/\/www.miomiorun.com\/fr\/produit\/craft-core-warm-baselayer-set-femme\/\",\"name\":\"Craft Core Warm Baselayer Set femme - compl\u00e8te running - MioMioRun\",\"isPartOf\":{\"@id\":\"https:\/\/www.miomiorun.com\/fr\/#website\"},\"primaryImageOfPage\":{\"@id\":\"https:\/\/www.miomiorun.com\/fr\/produit\/craft-core-warm-baselayer-set-femme\/#primaryimage\"},\"image\":{\"@id\":\"https:\/\/www.miomiorun.com\/fr\/produit\/craft-core-warm-baselayer-set-femme\/#primaryimage\"},\"thumbnailUrl\":\"https:\/\/www.miomiorun.com\/app\/uploads\/2021\/09\/craft-Core-warm-Baselayer-set-1909708-999000.jpg\",\"datePublished\":\"2021-09-15T08:19:22+00:00\",\"dateModified\":\"2026-01-02T18:21:01+00:00\",\"description\":\"L'ensemble Core Warm Baselayer pour femme comprend un haut \u00e0 manches longues fonctionnel et un pantalon long con\u00e7us pour tous les types d'activit\u00e9s.\",\"breadcrumb\":{\"@id\":\"https:\/\/www.miomiorun.com\/fr\/produit\/craft-core-warm-baselayer-set-femme\/#breadcrumb\"},\"inLanguage\":\"fr-FR\",\"potentialAction\":[{\"@type\":\"ReadAction\",\"target\":[\"https:\/\/www.miomiorun.com\/fr\/produit\/craft-core-warm-baselayer-set-femme\/\"]}]},{\"@type\":\"ImageObject\",\"inLanguage\":\"fr-FR\",\"@id\":\"https:\/\/www.miomiorun.com\/fr\/produit\/craft-core-warm-baselayer-set-femme\/#primaryimage\",\"url\":\"https:\/\/www.miomiorun.com\/app\/uploads\/2021\/09\/craft-Core-warm-Baselayer-set-1909708-999000.jpg\",\"contentUrl\":\"https:\/\/www.miomiorun.com\/app\/uploads\/2021\/09\/craft-Core-warm-Baselayer-set-1909708-999000.jpg\",\"width\":600,\"height\":600,\"caption\":\"craft core warm baselayer set\"},{\"@type\":\"BreadcrumbList\",\"@id\":\"https:\/\/www.miomiorun.com\/fr\/produit\/craft-core-warm-baselayer-set-femme\/#breadcrumb\",\"itemListElement\":[{\"@type\":\"ListItem\",\"position\":1,\"name\":\"Home\",\"item\":\"https:\/\/www.miomiorun.com\/fr\/home-page\/\"},{\"@type\":\"ListItem\",\"position\":2,\"name\":\"Shop\",\"item\":\"https:\/\/www.miomiorun.com\/shop\/\"},{\"@type\":\"ListItem\",\"position\":3,\"name\":\"Core Warm Baselayer Set femme\"}]},{\"@type\":\"WebSite\",\"@id\":\"https:\/\/www.miomiorun.com\/fr\/#website\",\"url\":\"https:\/\/www.miomiorun.com\/fr\/\",\"name\":\"MioMioRun\",\"description\":\"Boutique 100% running et trail\",\"publisher\":{\"@id\":\"https:\/\/www.miomiorun.com\/fr\/#organization\"},\"potentialAction\":[{\"@type\":\"SearchAction\",\"target\":{\"@type\":\"EntryPoint\",\"urlTemplate\":\"https:\/\/www.miomiorun.com\/fr\/?s={search_term_string}\"},\"query-input\":{\"@type\":\"PropertyValueSpecification\",\"valueRequired\":true,\"valueName\":\"search_term_string\"}}],\"inLanguage\":\"fr-FR\"},{\"@type\":\"Organization\",\"@id\":\"https:\/\/www.miomiorun.com\/fr\/#organization\",\"name\":\"MioMio Run\",\"url\":\"https:\/\/www.miomiorun.com\/fr\/\",\"logo\":{\"@type\":\"ImageObject\",\"inLanguage\":\"fr-FR\",\"@id\":\"https:\/\/www.miomiorun.com\/fr\/#\/schema\/logo\/image\/\",\"url\":\"https:\/\/www.miomiorun.com\/app\/uploads\/2019\/12\/logomio.png\",\"contentUrl\":\"https:\/\/www.miomiorun.com\/app\/uploads\/2019\/12\/logomio.png\",\"width\":115,\"height\":82,\"caption\":\"MioMio Run\"},\"image\":{\"@id\":\"https:\/\/www.miomiorun.com\/fr\/#\/schema\/logo\/image\/\"},\"sameAs\":[\"https:\/\/www.facebook.com\/miomiorun\/\",\"https:\/\/www.instagram.com\/miomiorun\/\"]}]}<\/script>\n<!-- \/ Yoast SEO plugin. -->","yoast_head_json":{"title":"Craft Core Warm Baselayer Set femme - compl\u00e8te running - MioMioRun","description":"L'ensemble Core Warm Baselayer pour femme comprend un haut \u00e0 manches longues fonctionnel et un pantalon long con\u00e7us pour tous les types d'activit\u00e9s.","robots":{"index":"index","follow":"follow","max-snippet":"max-snippet:-1","max-image-preview":"max-image-preview:large","max-video-preview":"max-video-preview:-1"},"canonical":"https:\/\/www.miomiorun.com\/fr\/produit\/craft-core-warm-baselayer-set-femme\/","og_locale":"fr_FR","og_type":"article","og_title":"Craft Core Warm Baselayer Set femme - compl\u00e8te running - MioMioRun","og_description":"L'ensemble Core Warm Baselayer pour femme comprend un haut \u00e0 manches longues fonctionnel et un pantalon long con\u00e7us pour tous les types d'activit\u00e9s.","og_url":"https:\/\/www.miomiorun.com\/fr\/produit\/craft-core-warm-baselayer-set-femme\/","og_site_name":"MioMioRun","article_publisher":"https:\/\/www.facebook.com\/miomiorun\/","article_modified_time":"2026-01-02T18:21:01+00:00","og_image":[{"width":600,"height":600,"url":"https:\/\/www.miomiorun.com\/app\/uploads\/2021\/09\/craft-Core-warm-Baselayer-set-1909708-999000.jpg","type":"image\/jpeg"}],"twitter_card":"summary_large_image","twitter_misc":{"Est. reading time":"1 minute"},"schema":{"@context":"https:\/\/schema.org","@graph":[{"@type":"WebPage","@id":"https:\/\/www.miomiorun.com\/fr\/produit\/craft-core-warm-baselayer-set-femme\/","url":"https:\/\/www.miomiorun.com\/fr\/produit\/craft-core-warm-baselayer-set-femme\/","name":"Craft Core Warm Baselayer Set femme - compl\u00e8te running - MioMioRun","isPartOf":{"@id":"https:\/\/www.miomiorun.com\/fr\/#website"},"primaryImageOfPage":{"@id":"https:\/\/www.miomiorun.com\/fr\/produit\/craft-core-warm-baselayer-set-femme\/#primaryimage"},"image":{"@id":"https:\/\/www.miomiorun.com\/fr\/produit\/craft-core-warm-baselayer-set-femme\/#primaryimage"},"thumbnailUrl":"https:\/\/www.miomiorun.com\/app\/uploads\/2021\/09\/craft-Core-warm-Baselayer-set-1909708-999000.jpg","datePublished":"2021-09-15T08:19:22+00:00","dateModified":"2026-01-02T18:21:01+00:00","description":"L'ensemble Core Warm Baselayer pour femme comprend un haut \u00e0 manches longues fonctionnel et un pantalon long con\u00e7us pour tous les types d'activit\u00e9s.","breadcrumb":{"@id":"https:\/\/www.miomiorun.com\/fr\/produit\/craft-core-warm-baselayer-set-femme\/#breadcrumb"},"inLanguage":"fr-FR","potentialAction":[{"@type":"ReadAction","target":["https:\/\/www.miomiorun.com\/fr\/produit\/craft-core-warm-baselayer-set-femme\/"]}]},{"@type":"ImageObject","inLanguage":"fr-FR","@id":"https:\/\/www.miomiorun.com\/fr\/produit\/craft-core-warm-baselayer-set-femme\/#primaryimage","url":"https:\/\/www.miomiorun.com\/app\/uploads\/2021\/09\/craft-Core-warm-Baselayer-set-1909708-999000.jpg","contentUrl":"https:\/\/www.miomiorun.com\/app\/uploads\/2021\/09\/craft-Core-warm-Baselayer-set-1909708-999000.jpg","width":600,"height":600,"caption":"craft core warm baselayer set"},{"@type":"BreadcrumbList","@id":"https:\/\/www.miomiorun.com\/fr\/produit\/craft-core-warm-baselayer-set-femme\/#breadcrumb","itemListElement":[{"@type":"ListItem","position":1,"name":"Home","item":"https:\/\/www.miomiorun.com\/fr\/home-page\/"},{"@type":"ListItem","position":2,"name":"Shop","item":"https:\/\/www.miomiorun.com\/shop\/"},{"@type":"ListItem","position":3,"name":"Core Warm Baselayer Set femme"}]},{"@type":"WebSite","@id":"https:\/\/www.miomiorun.com\/fr\/#website","url":"https:\/\/www.miomiorun.com\/fr\/","name":"MioMioRun","description":"Boutique 100% running et trail","publisher":{"@id":"https:\/\/www.miomiorun.com\/fr\/#organization"},"potentialAction":[{"@type":"SearchAction","target":{"@type":"EntryPoint","urlTemplate":"https:\/\/www.miomiorun.com\/fr\/?s={search_term_string}"},"query-input":{"@type":"PropertyValueSpecification","valueRequired":true,"valueName":"search_term_string"}}],"inLanguage":"fr-FR"},{"@type":"Organization","@id":"https:\/\/www.miomiorun.com\/fr\/#organization","name":"MioMio Run","url":"https:\/\/www.miomiorun.com\/fr\/","logo":{"@type":"ImageObject","inLanguage":"fr-FR","@id":"https:\/\/www.miomiorun.com\/fr\/#\/schema\/logo\/image\/","url":"https:\/\/www.miomiorun.com\/app\/uploads\/2019\/12\/logomio.png","contentUrl":"https:\/\/www.miomiorun.com\/app\/uploads\/2019\/12\/logomio.png","width":115,"height":82,"caption":"MioMio Run"},"image":{"@id":"https:\/\/www.miomiorun.com\/fr\/#\/schema\/logo\/image\/"},"sameAs":["https:\/\/www.facebook.com\/miomiorun\/","https:\/\/www.instagram.com\/miomiorun\/"]}]}},"_links":{"self":[{"href":"https:\/\/www.miomiorun.com\/fr\/wp-json\/wp\/v2\/product\/279324","targetHints":{"allow":["GET"]}}],"collection":[{"href":"https:\/\/www.miomiorun.com\/fr\/wp-json\/wp\/v2\/product"}],"about":[{"href":"https:\/\/www.miomiorun.com\/fr\/wp-json\/wp\/v2\/types\/product"}],"wp:featuredmedia":[{"embeddable":true,"href":"https:\/\/www.miomiorun.com\/fr\/wp-json\/wp\/v2\/media\/233237"}],"wp:attachment":[{"href":"https:\/\/www.miomiorun.com\/fr\/wp-json\/wp\/v2\/media?parent=279324"}],"wp:term":[{"taxonomy":"product_brand","embeddable":true,"href":"https:\/\/www.miomiorun.com\/fr\/wp-json\/wp\/v2\/product_brand?post=279324"},{"taxonomy":"product_cat","embeddable":true,"href":"https:\/\/www.miomiorun.com\/fr\/wp-json\/wp\/v2\/product_cat?post=279324"},{"taxonomy":"product_tag","embeddable":true,"href":"https:\/\/www.miomiorun.com\/fr\/wp-json\/wp\/v2\/product_tag?post=279324"}],"curies":[{"name":"wp","href":"https:\/\/api.w.org\/{rel}","templated":true}]}}