{"id":279303,"date":"2021-09-15T10:53:21","date_gmt":"2021-09-15T08:53:21","guid":{"rendered":"https:\/\/miomiorun.com\/prodotto\/craft-active-extreme-x-neck-tube\/"},"modified":"2025-12-29T19:23:46","modified_gmt":"2025-12-29T18:23:46","slug":"craft-active-extreme-x-neck-tube","status":"publish","type":"product","link":"https:\/\/www.miomiorun.com\/fr\/produit\/craft-active-extreme-x-neck-tube\/","title":{"rendered":"Active Extreme X Neck Tube"},"content":{"rendered":"<p id=\"tw-target-text\" class=\"tw-data-text tw-text-large XcVN5d tw-ta\" dir=\"ltr\" data-placeholder=\"Traduzione\"><span class=\"Y2IQFc\" lang=\"it\"><strong>Active Extreme X Neck Tube<\/strong> est un v\u00eatement multifonctionnel qui peut \u00eatre utilis\u00e9 \u00e0 la fois comme bonnet et comme cache-cou, con\u00e7u pour la comp\u00e9tition et l&#8217;entra\u00eenement intensif dans des conditions hivernales froides. <\/span><\/p>\n<p class=\"tw-data-text tw-text-large XcVN5d tw-ta\" dir=\"ltr\" data-placeholder=\"Traduzione\"><span class=\"Y2IQFc\" lang=\"it\">Ce v\u00eatement haute performance combine du polyester SEAQUAL, du Coolmax Air Technology et du polyester recycl\u00e9 pour offrir un contr\u00f4le optimal de la temp\u00e9rature pendant les activit\u00e9s physiques intenses. <\/span><\/p>\n<p class=\"tw-data-text tw-text-large XcVN5d tw-ta\" dir=\"ltr\" data-placeholder=\"Traduzione\"><span class=\"Y2IQFc\" lang=\"it\">Le v\u00eatement pr\u00e9sente \u00e9galement un design en maille c\u00f4tel\u00e9e pour un meilleur transfert de l&#8217;humidit\u00e9 et un confort accru. <\/span><\/p>\n<p class=\"tw-data-text tw-text-large XcVN5d tw-ta\" dir=\"ltr\" data-placeholder=\"Traduzione\"><span class=\"Y2IQFc\" lang=\"it\">Le mat\u00e9riau recycl\u00e9 SEAQUAL est une initiative qui contribue \u00e0 nettoyer nos mers des d\u00e9chets et \u00e0 accro\u00eetre les processus circulaires dans la soci\u00e9t\u00e9. Le Active Extreme X Neck Tube est fabriqu\u00e9 \u00e0 partir de polyester SEAQUAL recycl\u00e9 provenant de d\u00e9chets plastiques r\u00e9cup\u00e9r\u00e9s en mer. Le mat\u00e9riau recycl\u00e9 est non seulement un bon choix pour l&#8217;environnement, mais il offre \u00e9galement un transport efficace de l&#8217;humidit\u00e9 et une ventilation pour un contr\u00f4le optimal de la temp\u00e9rature. <\/span><\/p>\n<p dir=\"ltr\" data-placeholder=\"Traduzione\">\n","protected":false},"excerpt":{"rendered":"<p>Active Extreme X Neck Tube est un v\u00eatement multifonctionnel qui peut \u00eatre utilis\u00e9 \u00e0 la fois comme bonnet et comme cache-cou, con\u00e7u pour la comp\u00e9tition et l&#8217;entra\u00eenement intensif dans des conditions hivernales froides. Ce v\u00eatement haute performance combine du polyester SEAQUAL, du Coolmax Air Technology et du polyester recycl\u00e9 pour offrir un contr\u00f4le optimal de &hellip; <a href=\"https:\/\/www.miomiorun.com\/fr\/produit\/craft-active-extreme-x-neck-tube\/\">Continued<\/a><\/p>\n","protected":false},"featured_media":233245,"template":"","meta":{"_acf_changed":false,"inline_featured_image":false},"product_brand":[],"product_cat":[22583,22538],"product_tag":[23554],"class_list":{"0":"post-279303","1":"product","2":"type-product","3":"status-publish","4":"has-post-thumbnail","6":"product_cat-gilet-pour-le-cou","7":"product_cat-accessoires","8":"product_tag-craft-fr","9":"pa_attivita-marcher","10":"pa_attivita-running-fr","11":"pa_marca-craft-fr","12":"pa_sesso-femme","13":"pa_sesso-homme","15":"first","16":"instock","17":"sale","18":"taxable","19":"shipping-taxable","20":"purchasable","21":"product-type-simple"},"acf":[],"yoast_head":"<!-- This site is optimized with the Yoast SEO plugin v26.8 - https:\/\/yoast.com\/product\/yoast-seo-wordpress\/ -->\n<title>Craft Active Extreme X Neck Tube - couverture pour cou - MioMioRun.com<\/title>\n<meta name=\"description\" content=\"Active Extreme X Neck Tube est un v\u00eatement multifonctionnel qui peut \u00eatre utilis\u00e9 aussi bien comme bonnet que comme cache-cou.\" \/>\n<meta name=\"robots\" content=\"index, follow, max-snippet:-1, max-image-preview:large, max-video-preview:-1\" \/>\n<link rel=\"canonical\" href=\"https:\/\/www.miomiorun.com\/fr\/produit\/craft-active-extreme-x-neck-tube\/\" \/>\n<meta property=\"og:locale\" content=\"fr_FR\" \/>\n<meta property=\"og:type\" content=\"article\" \/>\n<meta property=\"og:title\" content=\"Craft Active Extreme X Neck Tube - couverture pour cou - MioMioRun.com\" \/>\n<meta property=\"og:description\" content=\"Active Extreme X Neck Tube est un v\u00eatement multifonctionnel qui peut \u00eatre utilis\u00e9 aussi bien comme bonnet que comme cache-cou.\" \/>\n<meta property=\"og:url\" content=\"https:\/\/www.miomiorun.com\/fr\/produit\/craft-active-extreme-x-neck-tube\/\" \/>\n<meta property=\"og:site_name\" content=\"MioMioRun\" \/>\n<meta property=\"article:publisher\" content=\"https:\/\/www.facebook.com\/miomiorun\/\" \/>\n<meta property=\"article:modified_time\" content=\"2025-12-29T18:23:46+00:00\" \/>\n<meta property=\"og:image\" content=\"https:\/\/www.miomiorun.com\/app\/uploads\/2021\/09\/craft-Active-extreme-x-neck-tube-1909684-999985.jpg\" \/>\n\t<meta property=\"og:image:width\" content=\"600\" \/>\n\t<meta property=\"og:image:height\" content=\"600\" \/>\n\t<meta property=\"og:image:type\" content=\"image\/jpeg\" \/>\n<meta name=\"twitter:card\" content=\"summary_large_image\" \/>\n<meta name=\"twitter:label1\" content=\"Est. reading time\" \/>\n\t<meta name=\"twitter:data1\" content=\"1 minute\" \/>\n<script type=\"application\/ld+json\" class=\"yoast-schema-graph\">{\"@context\":\"https:\/\/schema.org\",\"@graph\":[{\"@type\":\"WebPage\",\"@id\":\"https:\/\/www.miomiorun.com\/fr\/produit\/craft-active-extreme-x-neck-tube\/\",\"url\":\"https:\/\/www.miomiorun.com\/fr\/produit\/craft-active-extreme-x-neck-tube\/\",\"name\":\"Craft Active Extreme X Neck Tube - couverture pour cou - MioMioRun.com\",\"isPartOf\":{\"@id\":\"https:\/\/www.miomiorun.com\/fr\/#website\"},\"primaryImageOfPage\":{\"@id\":\"https:\/\/www.miomiorun.com\/fr\/produit\/craft-active-extreme-x-neck-tube\/#primaryimage\"},\"image\":{\"@id\":\"https:\/\/www.miomiorun.com\/fr\/produit\/craft-active-extreme-x-neck-tube\/#primaryimage\"},\"thumbnailUrl\":\"https:\/\/www.miomiorun.com\/app\/uploads\/2021\/09\/craft-Active-extreme-x-neck-tube-1909684-999985.jpg\",\"datePublished\":\"2021-09-15T08:53:21+00:00\",\"dateModified\":\"2025-12-29T18:23:46+00:00\",\"description\":\"Active Extreme X Neck Tube est un v\u00eatement multifonctionnel qui peut \u00eatre utilis\u00e9 aussi bien comme bonnet que comme cache-cou.\",\"breadcrumb\":{\"@id\":\"https:\/\/www.miomiorun.com\/fr\/produit\/craft-active-extreme-x-neck-tube\/#breadcrumb\"},\"inLanguage\":\"fr-FR\",\"potentialAction\":[{\"@type\":\"ReadAction\",\"target\":[\"https:\/\/www.miomiorun.com\/fr\/produit\/craft-active-extreme-x-neck-tube\/\"]}]},{\"@type\":\"ImageObject\",\"inLanguage\":\"fr-FR\",\"@id\":\"https:\/\/www.miomiorun.com\/fr\/produit\/craft-active-extreme-x-neck-tube\/#primaryimage\",\"url\":\"https:\/\/www.miomiorun.com\/app\/uploads\/2021\/09\/craft-Active-extreme-x-neck-tube-1909684-999985.jpg\",\"contentUrl\":\"https:\/\/www.miomiorun.com\/app\/uploads\/2021\/09\/craft-Active-extreme-x-neck-tube-1909684-999985.jpg\",\"width\":600,\"height\":600,\"caption\":\"craft active extreme x neck tube\"},{\"@type\":\"BreadcrumbList\",\"@id\":\"https:\/\/www.miomiorun.com\/fr\/produit\/craft-active-extreme-x-neck-tube\/#breadcrumb\",\"itemListElement\":[{\"@type\":\"ListItem\",\"position\":1,\"name\":\"Home\",\"item\":\"https:\/\/www.miomiorun.com\/fr\/home-page\/\"},{\"@type\":\"ListItem\",\"position\":2,\"name\":\"Shop\",\"item\":\"https:\/\/www.miomiorun.com\/shop\/\"},{\"@type\":\"ListItem\",\"position\":3,\"name\":\"Active Extreme X Neck Tube\"}]},{\"@type\":\"WebSite\",\"@id\":\"https:\/\/www.miomiorun.com\/fr\/#website\",\"url\":\"https:\/\/www.miomiorun.com\/fr\/\",\"name\":\"MioMioRun\",\"description\":\"Boutique 100% running et trail\",\"publisher\":{\"@id\":\"https:\/\/www.miomiorun.com\/fr\/#organization\"},\"potentialAction\":[{\"@type\":\"SearchAction\",\"target\":{\"@type\":\"EntryPoint\",\"urlTemplate\":\"https:\/\/www.miomiorun.com\/fr\/?s={search_term_string}\"},\"query-input\":{\"@type\":\"PropertyValueSpecification\",\"valueRequired\":true,\"valueName\":\"search_term_string\"}}],\"inLanguage\":\"fr-FR\"},{\"@type\":\"Organization\",\"@id\":\"https:\/\/www.miomiorun.com\/fr\/#organization\",\"name\":\"MioMio Run\",\"url\":\"https:\/\/www.miomiorun.com\/fr\/\",\"logo\":{\"@type\":\"ImageObject\",\"inLanguage\":\"fr-FR\",\"@id\":\"https:\/\/www.miomiorun.com\/fr\/#\/schema\/logo\/image\/\",\"url\":\"https:\/\/www.miomiorun.com\/app\/uploads\/2019\/12\/logomio.png\",\"contentUrl\":\"https:\/\/www.miomiorun.com\/app\/uploads\/2019\/12\/logomio.png\",\"width\":115,\"height\":82,\"caption\":\"MioMio Run\"},\"image\":{\"@id\":\"https:\/\/www.miomiorun.com\/fr\/#\/schema\/logo\/image\/\"},\"sameAs\":[\"https:\/\/www.facebook.com\/miomiorun\/\",\"https:\/\/www.instagram.com\/miomiorun\/\"]}]}<\/script>\n<!-- \/ Yoast SEO plugin. -->","yoast_head_json":{"title":"Craft Active Extreme X Neck Tube - couverture pour cou - MioMioRun.com","description":"Active Extreme X Neck Tube est un v\u00eatement multifonctionnel qui peut \u00eatre utilis\u00e9 aussi bien comme bonnet que comme cache-cou.","robots":{"index":"index","follow":"follow","max-snippet":"max-snippet:-1","max-image-preview":"max-image-preview:large","max-video-preview":"max-video-preview:-1"},"canonical":"https:\/\/www.miomiorun.com\/fr\/produit\/craft-active-extreme-x-neck-tube\/","og_locale":"fr_FR","og_type":"article","og_title":"Craft Active Extreme X Neck Tube - couverture pour cou - MioMioRun.com","og_description":"Active Extreme X Neck Tube est un v\u00eatement multifonctionnel qui peut \u00eatre utilis\u00e9 aussi bien comme bonnet que comme cache-cou.","og_url":"https:\/\/www.miomiorun.com\/fr\/produit\/craft-active-extreme-x-neck-tube\/","og_site_name":"MioMioRun","article_publisher":"https:\/\/www.facebook.com\/miomiorun\/","article_modified_time":"2025-12-29T18:23:46+00:00","og_image":[{"width":600,"height":600,"url":"https:\/\/www.miomiorun.com\/app\/uploads\/2021\/09\/craft-Active-extreme-x-neck-tube-1909684-999985.jpg","type":"image\/jpeg"}],"twitter_card":"summary_large_image","twitter_misc":{"Est. reading time":"1 minute"},"schema":{"@context":"https:\/\/schema.org","@graph":[{"@type":"WebPage","@id":"https:\/\/www.miomiorun.com\/fr\/produit\/craft-active-extreme-x-neck-tube\/","url":"https:\/\/www.miomiorun.com\/fr\/produit\/craft-active-extreme-x-neck-tube\/","name":"Craft Active Extreme X Neck Tube - couverture pour cou - MioMioRun.com","isPartOf":{"@id":"https:\/\/www.miomiorun.com\/fr\/#website"},"primaryImageOfPage":{"@id":"https:\/\/www.miomiorun.com\/fr\/produit\/craft-active-extreme-x-neck-tube\/#primaryimage"},"image":{"@id":"https:\/\/www.miomiorun.com\/fr\/produit\/craft-active-extreme-x-neck-tube\/#primaryimage"},"thumbnailUrl":"https:\/\/www.miomiorun.com\/app\/uploads\/2021\/09\/craft-Active-extreme-x-neck-tube-1909684-999985.jpg","datePublished":"2021-09-15T08:53:21+00:00","dateModified":"2025-12-29T18:23:46+00:00","description":"Active Extreme X Neck Tube est un v\u00eatement multifonctionnel qui peut \u00eatre utilis\u00e9 aussi bien comme bonnet que comme cache-cou.","breadcrumb":{"@id":"https:\/\/www.miomiorun.com\/fr\/produit\/craft-active-extreme-x-neck-tube\/#breadcrumb"},"inLanguage":"fr-FR","potentialAction":[{"@type":"ReadAction","target":["https:\/\/www.miomiorun.com\/fr\/produit\/craft-active-extreme-x-neck-tube\/"]}]},{"@type":"ImageObject","inLanguage":"fr-FR","@id":"https:\/\/www.miomiorun.com\/fr\/produit\/craft-active-extreme-x-neck-tube\/#primaryimage","url":"https:\/\/www.miomiorun.com\/app\/uploads\/2021\/09\/craft-Active-extreme-x-neck-tube-1909684-999985.jpg","contentUrl":"https:\/\/www.miomiorun.com\/app\/uploads\/2021\/09\/craft-Active-extreme-x-neck-tube-1909684-999985.jpg","width":600,"height":600,"caption":"craft active extreme x neck tube"},{"@type":"BreadcrumbList","@id":"https:\/\/www.miomiorun.com\/fr\/produit\/craft-active-extreme-x-neck-tube\/#breadcrumb","itemListElement":[{"@type":"ListItem","position":1,"name":"Home","item":"https:\/\/www.miomiorun.com\/fr\/home-page\/"},{"@type":"ListItem","position":2,"name":"Shop","item":"https:\/\/www.miomiorun.com\/shop\/"},{"@type":"ListItem","position":3,"name":"Active Extreme X Neck Tube"}]},{"@type":"WebSite","@id":"https:\/\/www.miomiorun.com\/fr\/#website","url":"https:\/\/www.miomiorun.com\/fr\/","name":"MioMioRun","description":"Boutique 100% running et trail","publisher":{"@id":"https:\/\/www.miomiorun.com\/fr\/#organization"},"potentialAction":[{"@type":"SearchAction","target":{"@type":"EntryPoint","urlTemplate":"https:\/\/www.miomiorun.com\/fr\/?s={search_term_string}"},"query-input":{"@type":"PropertyValueSpecification","valueRequired":true,"valueName":"search_term_string"}}],"inLanguage":"fr-FR"},{"@type":"Organization","@id":"https:\/\/www.miomiorun.com\/fr\/#organization","name":"MioMio Run","url":"https:\/\/www.miomiorun.com\/fr\/","logo":{"@type":"ImageObject","inLanguage":"fr-FR","@id":"https:\/\/www.miomiorun.com\/fr\/#\/schema\/logo\/image\/","url":"https:\/\/www.miomiorun.com\/app\/uploads\/2019\/12\/logomio.png","contentUrl":"https:\/\/www.miomiorun.com\/app\/uploads\/2019\/12\/logomio.png","width":115,"height":82,"caption":"MioMio Run"},"image":{"@id":"https:\/\/www.miomiorun.com\/fr\/#\/schema\/logo\/image\/"},"sameAs":["https:\/\/www.facebook.com\/miomiorun\/","https:\/\/www.instagram.com\/miomiorun\/"]}]}},"_links":{"self":[{"href":"https:\/\/www.miomiorun.com\/fr\/wp-json\/wp\/v2\/product\/279303","targetHints":{"allow":["GET"]}}],"collection":[{"href":"https:\/\/www.miomiorun.com\/fr\/wp-json\/wp\/v2\/product"}],"about":[{"href":"https:\/\/www.miomiorun.com\/fr\/wp-json\/wp\/v2\/types\/product"}],"wp:featuredmedia":[{"embeddable":true,"href":"https:\/\/www.miomiorun.com\/fr\/wp-json\/wp\/v2\/media\/233245"}],"wp:attachment":[{"href":"https:\/\/www.miomiorun.com\/fr\/wp-json\/wp\/v2\/media?parent=279303"}],"wp:term":[{"taxonomy":"product_brand","embeddable":true,"href":"https:\/\/www.miomiorun.com\/fr\/wp-json\/wp\/v2\/product_brand?post=279303"},{"taxonomy":"product_cat","embeddable":true,"href":"https:\/\/www.miomiorun.com\/fr\/wp-json\/wp\/v2\/product_cat?post=279303"},{"taxonomy":"product_tag","embeddable":true,"href":"https:\/\/www.miomiorun.com\/fr\/wp-json\/wp\/v2\/product_tag?post=279303"}],"curies":[{"name":"wp","href":"https:\/\/api.w.org\/{rel}","templated":true}]}}