{"id":279214,"date":"2021-09-15T11:09:51","date_gmt":"2021-09-15T09:09:51","guid":{"rendered":"https:\/\/miomiorun.com\/prodotto\/craft-adv-essence-training-pants-uomo\/"},"modified":"2025-12-29T19:14:52","modified_gmt":"2025-12-29T18:14:52","slug":"craft-adv-essence-training-pants-homme","status":"publish","type":"product","link":"https:\/\/www.miomiorun.com\/fr\/produit\/craft-adv-essence-training-pants-homme\/","title":{"rendered":"ADV Essence Training Pants homme"},"content":{"rendered":"<div id=\"tw-target-text-container\" class=\"tw-ta-container F0azHf tw-nfl\">\n<p dir=\"ltr\" data-placeholder=\"Traduzione\">Pantalon d&#8217;entra\u00eenement avanc\u00e9 pour les entra\u00eenements \u00e0 haute intensit\u00e9.<\/p>\n<p>Le pantalon d&#8217;entra\u00eenement <strong>ADV Essence<\/strong> pour homme est fabriqu\u00e9 en polyester recycl\u00e9 et offre une grande \u00e9lasticit\u00e9 et fonctionnalit\u00e9 lors des entra\u00eenements \u00e0 haute intensit\u00e9. Ce pantalon d&#8217;entra\u00eenement \u00e9lastique est dot\u00e9 d&#8217;une jambe fusel\u00e9e, d&#8217;un jersey \u00e9lastique au bas pour un ajustement optimal et de deux poches lat\u00e9rales cach\u00e9es.<\/p>\n<p dir=\"ltr\" data-placeholder=\"Traduzione\"><strong>Caract\u00e9ristiques :<\/strong><\/p>\n<ul>\n<li dir=\"ltr\" data-placeholder=\"Traduzione\">Tissu extensible en polyester recycl\u00e9.<\/li>\n<li dir=\"ltr\" data-placeholder=\"Traduzione\">Jersey extensible au bas de la jambe.<\/li>\n<li dir=\"ltr\" data-placeholder=\"Traduzione\">Jambe fusel\u00e9e.<\/li>\n<li dir=\"ltr\" data-placeholder=\"Traduzione\">Bas de jambe extensible.<\/li>\n<li dir=\"ltr\" data-placeholder=\"Traduzione\">Taille \u00e9lastique.<\/li>\n<li dir=\"ltr\" data-placeholder=\"Traduzione\">Deux poches lat\u00e9rales zipp\u00e9es dissimul\u00e9es.<\/li>\n<\/ul>\n<p>Mat\u00e9riau : Torse : 88 % polyester recycl\u00e9, 12 % \u00e9lasthanne Bas du corps : 92 % polyester recycl\u00e9, 8 % \u00e9lasthanne<\/p>\n<p class=\"css-8rgusf\">Lavage en machine \u00e0 40 degr\u00e9s.<\/p>\n<\/div>\n<div id=\"tw-target-rmn-container\" class=\"tw-target-rmn tw-ta-container F0azHf tw-nfl\">\n<pre id=\"tw-target-rmn\" class=\"tw-data-placeholder tw-text-small tw-ta\" dir=\"ltr\" data-placeholder=\"\"><\/pre>\n<\/div>\n","protected":false},"excerpt":{"rendered":"<p>Pantalon d&#8217;entra\u00eenement avanc\u00e9 pour les entra\u00eenements \u00e0 haute intensit\u00e9. Le pantalon d&#8217;entra\u00eenement ADV Essence pour homme est fabriqu\u00e9 en polyester recycl\u00e9 et offre une grande \u00e9lasticit\u00e9 et fonctionnalit\u00e9 lors des entra\u00eenements \u00e0 haute intensit\u00e9. Ce pantalon d&#8217;entra\u00eenement \u00e9lastique est dot\u00e9 d&#8217;une jambe fusel\u00e9e, d&#8217;un jersey \u00e9lastique au bas pour un ajustement optimal et de deux &hellip; <a href=\"https:\/\/www.miomiorun.com\/fr\/produit\/craft-adv-essence-training-pants-homme\/\">Continued<\/a><\/p>\n","protected":false},"featured_media":233247,"template":"","meta":{"_acf_changed":false,"inline_featured_image":false},"product_brand":[],"product_cat":[24252,24430],"product_tag":[23554,23647],"class_list":{"0":"post-279214","1":"product","2":"type-product","3":"status-publish","4":"has-post-thumbnail","6":"product_cat-pantalon-long-fr","7":"product_cat-vetements-pour-hommes","8":"product_tag-craft-fr","9":"product_tag-craft-homme","10":"pa_attivita-marcher","11":"pa_attivita-running-fr","12":"pa_marca-craft-fr","13":"pa_sesso-homme","14":"pa_size-small-fr","15":"pa_size-medium-fr","16":"pa_size-large-fr","17":"pa_size-extra-large-fr","19":"first","20":"instock","21":"sale","22":"taxable","23":"shipping-taxable","24":"purchasable","25":"product-type-variable","26":"wvs-archive-product-wrapper"},"acf":[],"yoast_head":"<!-- This site is optimized with the Yoast SEO plugin v26.8 - https:\/\/yoast.com\/product\/yoast-seo-wordpress\/ -->\n<title>Craft ADV Essence Training Pants homme - Pantalons- MioMioRun<\/title>\n<meta name=\"description\" content=\"Le pantalon d&#039;entra\u00eenement ADV Essence pour homme est fabriqu\u00e9 en polyester recycl\u00e9 et offre une grande \u00e9lasticit\u00e9 et fonctionnalit\u00e9.\" \/>\n<meta name=\"robots\" content=\"index, follow, max-snippet:-1, max-image-preview:large, max-video-preview:-1\" \/>\n<link rel=\"canonical\" href=\"https:\/\/www.miomiorun.com\/fr\/produit\/craft-adv-essence-training-pants-homme\/\" \/>\n<meta property=\"og:locale\" content=\"fr_FR\" \/>\n<meta property=\"og:type\" content=\"article\" \/>\n<meta property=\"og:title\" content=\"Craft ADV Essence Training Pants homme - Pantalons- MioMioRun\" \/>\n<meta property=\"og:description\" content=\"Le pantalon d&#039;entra\u00eenement ADV Essence pour homme est fabriqu\u00e9 en polyester recycl\u00e9 et offre une grande \u00e9lasticit\u00e9 et fonctionnalit\u00e9.\" \/>\n<meta property=\"og:url\" content=\"https:\/\/www.miomiorun.com\/fr\/produit\/craft-adv-essence-training-pants-homme\/\" \/>\n<meta property=\"og:site_name\" content=\"MioMioRun\" \/>\n<meta property=\"article:publisher\" content=\"https:\/\/www.facebook.com\/miomiorun\/\" \/>\n<meta property=\"article:modified_time\" content=\"2025-12-29T18:14:52+00:00\" \/>\n<meta property=\"og:image\" content=\"https:\/\/www.miomiorun.com\/app\/uploads\/2021\/09\/craft-ADV-essence-training-pants-1908716-999000.jpg\" \/>\n\t<meta property=\"og:image:width\" content=\"600\" \/>\n\t<meta property=\"og:image:height\" content=\"600\" \/>\n\t<meta property=\"og:image:type\" content=\"image\/jpeg\" \/>\n<meta name=\"twitter:card\" content=\"summary_large_image\" \/>\n<meta name=\"twitter:label1\" content=\"Est. reading time\" \/>\n\t<meta name=\"twitter:data1\" content=\"1 minute\" \/>\n<script type=\"application\/ld+json\" class=\"yoast-schema-graph\">{\"@context\":\"https:\/\/schema.org\",\"@graph\":[{\"@type\":\"WebPage\",\"@id\":\"https:\/\/www.miomiorun.com\/fr\/produit\/craft-adv-essence-training-pants-homme\/\",\"url\":\"https:\/\/www.miomiorun.com\/fr\/produit\/craft-adv-essence-training-pants-homme\/\",\"name\":\"Craft ADV Essence Training Pants homme - Pantalons- MioMioRun\",\"isPartOf\":{\"@id\":\"https:\/\/www.miomiorun.com\/fr\/#website\"},\"primaryImageOfPage\":{\"@id\":\"https:\/\/www.miomiorun.com\/fr\/produit\/craft-adv-essence-training-pants-homme\/#primaryimage\"},\"image\":{\"@id\":\"https:\/\/www.miomiorun.com\/fr\/produit\/craft-adv-essence-training-pants-homme\/#primaryimage\"},\"thumbnailUrl\":\"https:\/\/www.miomiorun.com\/app\/uploads\/2021\/09\/craft-ADV-essence-training-pants-1908716-999000.jpg\",\"datePublished\":\"2021-09-15T09:09:51+00:00\",\"dateModified\":\"2025-12-29T18:14:52+00:00\",\"description\":\"Le pantalon d'entra\u00eenement ADV Essence pour homme est fabriqu\u00e9 en polyester recycl\u00e9 et offre une grande \u00e9lasticit\u00e9 et fonctionnalit\u00e9.\",\"breadcrumb\":{\"@id\":\"https:\/\/www.miomiorun.com\/fr\/produit\/craft-adv-essence-training-pants-homme\/#breadcrumb\"},\"inLanguage\":\"fr-FR\",\"potentialAction\":[{\"@type\":\"ReadAction\",\"target\":[\"https:\/\/www.miomiorun.com\/fr\/produit\/craft-adv-essence-training-pants-homme\/\"]}]},{\"@type\":\"ImageObject\",\"inLanguage\":\"fr-FR\",\"@id\":\"https:\/\/www.miomiorun.com\/fr\/produit\/craft-adv-essence-training-pants-homme\/#primaryimage\",\"url\":\"https:\/\/www.miomiorun.com\/app\/uploads\/2021\/09\/craft-ADV-essence-training-pants-1908716-999000.jpg\",\"contentUrl\":\"https:\/\/www.miomiorun.com\/app\/uploads\/2021\/09\/craft-ADV-essence-training-pants-1908716-999000.jpg\",\"width\":600,\"height\":600,\"caption\":\"craft adv essence training pants\"},{\"@type\":\"BreadcrumbList\",\"@id\":\"https:\/\/www.miomiorun.com\/fr\/produit\/craft-adv-essence-training-pants-homme\/#breadcrumb\",\"itemListElement\":[{\"@type\":\"ListItem\",\"position\":1,\"name\":\"Home\",\"item\":\"https:\/\/www.miomiorun.com\/fr\/home-page\/\"},{\"@type\":\"ListItem\",\"position\":2,\"name\":\"Shop\",\"item\":\"https:\/\/www.miomiorun.com\/shop\/\"},{\"@type\":\"ListItem\",\"position\":3,\"name\":\"ADV Essence Training Pants homme\"}]},{\"@type\":\"WebSite\",\"@id\":\"https:\/\/www.miomiorun.com\/fr\/#website\",\"url\":\"https:\/\/www.miomiorun.com\/fr\/\",\"name\":\"MioMioRun\",\"description\":\"Boutique 100% running et trail\",\"publisher\":{\"@id\":\"https:\/\/www.miomiorun.com\/fr\/#organization\"},\"potentialAction\":[{\"@type\":\"SearchAction\",\"target\":{\"@type\":\"EntryPoint\",\"urlTemplate\":\"https:\/\/www.miomiorun.com\/fr\/?s={search_term_string}\"},\"query-input\":{\"@type\":\"PropertyValueSpecification\",\"valueRequired\":true,\"valueName\":\"search_term_string\"}}],\"inLanguage\":\"fr-FR\"},{\"@type\":\"Organization\",\"@id\":\"https:\/\/www.miomiorun.com\/fr\/#organization\",\"name\":\"MioMio Run\",\"url\":\"https:\/\/www.miomiorun.com\/fr\/\",\"logo\":{\"@type\":\"ImageObject\",\"inLanguage\":\"fr-FR\",\"@id\":\"https:\/\/www.miomiorun.com\/fr\/#\/schema\/logo\/image\/\",\"url\":\"https:\/\/www.miomiorun.com\/app\/uploads\/2019\/12\/logomio.png\",\"contentUrl\":\"https:\/\/www.miomiorun.com\/app\/uploads\/2019\/12\/logomio.png\",\"width\":115,\"height\":82,\"caption\":\"MioMio Run\"},\"image\":{\"@id\":\"https:\/\/www.miomiorun.com\/fr\/#\/schema\/logo\/image\/\"},\"sameAs\":[\"https:\/\/www.facebook.com\/miomiorun\/\",\"https:\/\/www.instagram.com\/miomiorun\/\"]}]}<\/script>\n<!-- \/ Yoast SEO plugin. -->","yoast_head_json":{"title":"Craft ADV Essence Training Pants homme - Pantalons- MioMioRun","description":"Le pantalon d'entra\u00eenement ADV Essence pour homme est fabriqu\u00e9 en polyester recycl\u00e9 et offre une grande \u00e9lasticit\u00e9 et fonctionnalit\u00e9.","robots":{"index":"index","follow":"follow","max-snippet":"max-snippet:-1","max-image-preview":"max-image-preview:large","max-video-preview":"max-video-preview:-1"},"canonical":"https:\/\/www.miomiorun.com\/fr\/produit\/craft-adv-essence-training-pants-homme\/","og_locale":"fr_FR","og_type":"article","og_title":"Craft ADV Essence Training Pants homme - Pantalons- MioMioRun","og_description":"Le pantalon d'entra\u00eenement ADV Essence pour homme est fabriqu\u00e9 en polyester recycl\u00e9 et offre une grande \u00e9lasticit\u00e9 et fonctionnalit\u00e9.","og_url":"https:\/\/www.miomiorun.com\/fr\/produit\/craft-adv-essence-training-pants-homme\/","og_site_name":"MioMioRun","article_publisher":"https:\/\/www.facebook.com\/miomiorun\/","article_modified_time":"2025-12-29T18:14:52+00:00","og_image":[{"width":600,"height":600,"url":"https:\/\/www.miomiorun.com\/app\/uploads\/2021\/09\/craft-ADV-essence-training-pants-1908716-999000.jpg","type":"image\/jpeg"}],"twitter_card":"summary_large_image","twitter_misc":{"Est. reading time":"1 minute"},"schema":{"@context":"https:\/\/schema.org","@graph":[{"@type":"WebPage","@id":"https:\/\/www.miomiorun.com\/fr\/produit\/craft-adv-essence-training-pants-homme\/","url":"https:\/\/www.miomiorun.com\/fr\/produit\/craft-adv-essence-training-pants-homme\/","name":"Craft ADV Essence Training Pants homme - Pantalons- MioMioRun","isPartOf":{"@id":"https:\/\/www.miomiorun.com\/fr\/#website"},"primaryImageOfPage":{"@id":"https:\/\/www.miomiorun.com\/fr\/produit\/craft-adv-essence-training-pants-homme\/#primaryimage"},"image":{"@id":"https:\/\/www.miomiorun.com\/fr\/produit\/craft-adv-essence-training-pants-homme\/#primaryimage"},"thumbnailUrl":"https:\/\/www.miomiorun.com\/app\/uploads\/2021\/09\/craft-ADV-essence-training-pants-1908716-999000.jpg","datePublished":"2021-09-15T09:09:51+00:00","dateModified":"2025-12-29T18:14:52+00:00","description":"Le pantalon d'entra\u00eenement ADV Essence pour homme est fabriqu\u00e9 en polyester recycl\u00e9 et offre une grande \u00e9lasticit\u00e9 et fonctionnalit\u00e9.","breadcrumb":{"@id":"https:\/\/www.miomiorun.com\/fr\/produit\/craft-adv-essence-training-pants-homme\/#breadcrumb"},"inLanguage":"fr-FR","potentialAction":[{"@type":"ReadAction","target":["https:\/\/www.miomiorun.com\/fr\/produit\/craft-adv-essence-training-pants-homme\/"]}]},{"@type":"ImageObject","inLanguage":"fr-FR","@id":"https:\/\/www.miomiorun.com\/fr\/produit\/craft-adv-essence-training-pants-homme\/#primaryimage","url":"https:\/\/www.miomiorun.com\/app\/uploads\/2021\/09\/craft-ADV-essence-training-pants-1908716-999000.jpg","contentUrl":"https:\/\/www.miomiorun.com\/app\/uploads\/2021\/09\/craft-ADV-essence-training-pants-1908716-999000.jpg","width":600,"height":600,"caption":"craft adv essence training pants"},{"@type":"BreadcrumbList","@id":"https:\/\/www.miomiorun.com\/fr\/produit\/craft-adv-essence-training-pants-homme\/#breadcrumb","itemListElement":[{"@type":"ListItem","position":1,"name":"Home","item":"https:\/\/www.miomiorun.com\/fr\/home-page\/"},{"@type":"ListItem","position":2,"name":"Shop","item":"https:\/\/www.miomiorun.com\/shop\/"},{"@type":"ListItem","position":3,"name":"ADV Essence Training Pants homme"}]},{"@type":"WebSite","@id":"https:\/\/www.miomiorun.com\/fr\/#website","url":"https:\/\/www.miomiorun.com\/fr\/","name":"MioMioRun","description":"Boutique 100% running et trail","publisher":{"@id":"https:\/\/www.miomiorun.com\/fr\/#organization"},"potentialAction":[{"@type":"SearchAction","target":{"@type":"EntryPoint","urlTemplate":"https:\/\/www.miomiorun.com\/fr\/?s={search_term_string}"},"query-input":{"@type":"PropertyValueSpecification","valueRequired":true,"valueName":"search_term_string"}}],"inLanguage":"fr-FR"},{"@type":"Organization","@id":"https:\/\/www.miomiorun.com\/fr\/#organization","name":"MioMio Run","url":"https:\/\/www.miomiorun.com\/fr\/","logo":{"@type":"ImageObject","inLanguage":"fr-FR","@id":"https:\/\/www.miomiorun.com\/fr\/#\/schema\/logo\/image\/","url":"https:\/\/www.miomiorun.com\/app\/uploads\/2019\/12\/logomio.png","contentUrl":"https:\/\/www.miomiorun.com\/app\/uploads\/2019\/12\/logomio.png","width":115,"height":82,"caption":"MioMio Run"},"image":{"@id":"https:\/\/www.miomiorun.com\/fr\/#\/schema\/logo\/image\/"},"sameAs":["https:\/\/www.facebook.com\/miomiorun\/","https:\/\/www.instagram.com\/miomiorun\/"]}]}},"_links":{"self":[{"href":"https:\/\/www.miomiorun.com\/fr\/wp-json\/wp\/v2\/product\/279214","targetHints":{"allow":["GET"]}}],"collection":[{"href":"https:\/\/www.miomiorun.com\/fr\/wp-json\/wp\/v2\/product"}],"about":[{"href":"https:\/\/www.miomiorun.com\/fr\/wp-json\/wp\/v2\/types\/product"}],"wp:featuredmedia":[{"embeddable":true,"href":"https:\/\/www.miomiorun.com\/fr\/wp-json\/wp\/v2\/media\/233247"}],"wp:attachment":[{"href":"https:\/\/www.miomiorun.com\/fr\/wp-json\/wp\/v2\/media?parent=279214"}],"wp:term":[{"taxonomy":"product_brand","embeddable":true,"href":"https:\/\/www.miomiorun.com\/fr\/wp-json\/wp\/v2\/product_brand?post=279214"},{"taxonomy":"product_cat","embeddable":true,"href":"https:\/\/www.miomiorun.com\/fr\/wp-json\/wp\/v2\/product_cat?post=279214"},{"taxonomy":"product_tag","embeddable":true,"href":"https:\/\/www.miomiorun.com\/fr\/wp-json\/wp\/v2\/product_tag?post=279214"}],"curies":[{"name":"wp","href":"https:\/\/api.w.org\/{rel}","templated":true}]}}