{"id":278890,"date":"2021-09-16T11:18:31","date_gmt":"2021-09-16T09:18:31","guid":{"rendered":"https:\/\/miomiorun.com\/prodotto\/crazy-idea-vest-avenger-uomo\/"},"modified":"2026-05-08T21:05:33","modified_gmt":"2026-05-08T19:05:33","slug":"crazy-idea-vest-avenger-homme","status":"publish","type":"product","link":"https:\/\/www.miomiorun.com\/fr\/produit\/crazy-idea-vest-avenger-homme\/","title":{"rendered":"Vest Avenger homme"},"content":{"rendered":"<div class=\"single-product-description\">\n<p><strong>Vest Avenger<\/strong> pour homme est un gilet hybride technique destin\u00e9 aux activit\u00e9s outdoor de moyenne\/haute intensit\u00e9. Id\u00e9al pour le ski alpinisme lors des journ\u00e9es particuli\u00e8rement venteuses, ou lorsqu&#8217;une troisi\u00e8me couche \u00e0 manches longues serait excessive. Il est fabriqu\u00e9 en tissu Two Face, plus chaud avec moins de volume, respirant, avec un traitement ext\u00e9rieur DWR et des propri\u00e9t\u00e9s coupe-vent. Ouverture frontale avec fermeture \u00e9clair, col montant ajust\u00e9, poches avec fermeture \u00e9clair, tissu lat\u00e9ral plus respirant et l\u00e9ger, bas \u00e9lastique sont ses principales caract\u00e9ristiques.<\/p>\n<p><strong>Caract\u00e9ristiques :<\/strong><\/p>\n<ul>\n<li>Gilet avec fermeture \u00e9clair<\/li>\n<li>Col montant ajust\u00e9<\/li>\n<li>Poches avec fermeture \u00e9clair<\/li>\n<li>Tissu lat\u00e9ral plus l\u00e9ger<\/li>\n<li>Bas \u00e9lastique<\/li>\n<\/ul>\n<\/div>\n","protected":false},"excerpt":{"rendered":"<p>Vest Avenger pour homme est un gilet hybride technique destin\u00e9 aux activit\u00e9s outdoor de moyenne\/haute intensit\u00e9. Id\u00e9al pour le ski alpinisme lors des journ\u00e9es particuli\u00e8rement venteuses, ou lorsqu&#8217;une troisi\u00e8me couche \u00e0 manches longues serait excessive. Il est fabriqu\u00e9 en tissu Two Face, plus chaud avec moins de volume, respirant, avec un traitement ext\u00e9rieur DWR et &hellip; <a href=\"https:\/\/www.miomiorun.com\/fr\/produit\/crazy-idea-vest-avenger-homme\/\">Continued<\/a><\/p>\n","protected":false},"featured_media":238466,"template":"","meta":{"_acf_changed":false,"inline_featured_image":false},"product_brand":[],"product_cat":[24480,24482,24484],"product_tag":[23489,23610],"class_list":{"0":"post-278890","1":"product","2":"type-product","3":"status-publish","4":"has-post-thumbnail","6":"product_cat-vestes-fr-2","7":"product_cat-vetements-pour-hommes-fr","8":"product_cat-homme","9":"product_tag-crazy-idea-fr","10":"product_tag-crazy-idea-homme","11":"pa_attivita-marcher","12":"pa_attivita-outdoor-fr","13":"pa_colore-vest-avenger-black-fr","14":"pa_colore-vest-avenger-brick-fr","15":"pa_colore-vest-avenger-early-m-fr","16":"pa_colore-vest-avenger-energy-m-fr","17":"pa_colore-vest-avenger-galaxy-fr","18":"pa_marca-crazy-idea-fr","19":"pa_sesso-homme","20":"pa_size-small-fr","21":"pa_size-medium-fr","22":"pa_size-large-fr","23":"pa_size-extra-large-fr","25":"first","26":"instock","27":"sale","28":"taxable","29":"shipping-taxable","30":"purchasable","31":"product-type-variable","32":"wvs-archive-product-wrapper"},"acf":[],"yoast_head":"<!-- This site is optimized with the Yoast SEO plugin v26.8 - https:\/\/yoast.com\/product\/yoast-seo-wordpress\/ -->\n<title>Crazy Idea Vest Avenger homme - Gilet de course- MioMioRun.com<\/title>\n<meta name=\"description\" content=\"Le Vest Avenger pour homme est un gilet hybride technique destin\u00e9 aux activit\u00e9s outdoor de moyenne\/haute intensit\u00e9. Id\u00e9al pour le ski alpinisme.\" \/>\n<meta name=\"robots\" content=\"index, follow, max-snippet:-1, max-image-preview:large, max-video-preview:-1\" \/>\n<link rel=\"canonical\" href=\"https:\/\/www.miomiorun.com\/fr\/produit\/crazy-idea-vest-avenger-homme\/\" \/>\n<meta property=\"og:locale\" content=\"fr_FR\" \/>\n<meta property=\"og:type\" content=\"article\" \/>\n<meta property=\"og:title\" content=\"Crazy Idea Vest Avenger homme - Gilet de course- MioMioRun.com\" \/>\n<meta property=\"og:description\" content=\"Le Vest Avenger pour homme est un gilet hybride technique destin\u00e9 aux activit\u00e9s outdoor de moyenne\/haute intensit\u00e9. Id\u00e9al pour le ski alpinisme.\" \/>\n<meta property=\"og:url\" content=\"https:\/\/www.miomiorun.com\/fr\/produit\/crazy-idea-vest-avenger-homme\/\" \/>\n<meta property=\"og:site_name\" content=\"MioMioRun\" \/>\n<meta property=\"article:publisher\" content=\"https:\/\/www.facebook.com\/miomiorun\/\" \/>\n<meta property=\"article:modified_time\" content=\"2026-05-08T19:05:33+00:00\" \/>\n<meta property=\"og:image\" content=\"https:\/\/www.miomiorun.com\/app\/uploads\/2022\/10\/crazy-idea-vest-avenger-liken-W22035037U-0093.jpg\" \/>\n\t<meta property=\"og:image:width\" content=\"600\" \/>\n\t<meta property=\"og:image:height\" content=\"600\" \/>\n\t<meta property=\"og:image:type\" content=\"image\/jpeg\" \/>\n<meta name=\"twitter:card\" content=\"summary_large_image\" \/>\n<meta name=\"twitter:label1\" content=\"Est. reading time\" \/>\n\t<meta name=\"twitter:data1\" content=\"1 minute\" \/>\n<script type=\"application\/ld+json\" class=\"yoast-schema-graph\">{\"@context\":\"https:\/\/schema.org\",\"@graph\":[{\"@type\":\"WebPage\",\"@id\":\"https:\/\/www.miomiorun.com\/fr\/produit\/crazy-idea-vest-avenger-homme\/\",\"url\":\"https:\/\/www.miomiorun.com\/fr\/produit\/crazy-idea-vest-avenger-homme\/\",\"name\":\"Crazy Idea Vest Avenger homme - Gilet de course- MioMioRun.com\",\"isPartOf\":{\"@id\":\"https:\/\/www.miomiorun.com\/fr\/#website\"},\"primaryImageOfPage\":{\"@id\":\"https:\/\/www.miomiorun.com\/fr\/produit\/crazy-idea-vest-avenger-homme\/#primaryimage\"},\"image\":{\"@id\":\"https:\/\/www.miomiorun.com\/fr\/produit\/crazy-idea-vest-avenger-homme\/#primaryimage\"},\"thumbnailUrl\":\"https:\/\/www.miomiorun.com\/app\/uploads\/2022\/10\/crazy-idea-vest-avenger-liken-W22035037U-0093.jpg\",\"datePublished\":\"2021-09-16T09:18:31+00:00\",\"dateModified\":\"2026-05-08T19:05:33+00:00\",\"description\":\"Le Vest Avenger pour homme est un gilet hybride technique destin\u00e9 aux activit\u00e9s outdoor de moyenne\/haute intensit\u00e9. Id\u00e9al pour le ski alpinisme.\",\"breadcrumb\":{\"@id\":\"https:\/\/www.miomiorun.com\/fr\/produit\/crazy-idea-vest-avenger-homme\/#breadcrumb\"},\"inLanguage\":\"fr-FR\",\"potentialAction\":[{\"@type\":\"ReadAction\",\"target\":[\"https:\/\/www.miomiorun.com\/fr\/produit\/crazy-idea-vest-avenger-homme\/\"]}]},{\"@type\":\"ImageObject\",\"inLanguage\":\"fr-FR\",\"@id\":\"https:\/\/www.miomiorun.com\/fr\/produit\/crazy-idea-vest-avenger-homme\/#primaryimage\",\"url\":\"https:\/\/www.miomiorun.com\/app\/uploads\/2022\/10\/crazy-idea-vest-avenger-liken-W22035037U-0093.jpg\",\"contentUrl\":\"https:\/\/www.miomiorun.com\/app\/uploads\/2022\/10\/crazy-idea-vest-avenger-liken-W22035037U-0093.jpg\",\"width\":600,\"height\":600,\"caption\":\"crazy-idea-vest-avenger-liken-W22035037U-0093\"},{\"@type\":\"BreadcrumbList\",\"@id\":\"https:\/\/www.miomiorun.com\/fr\/produit\/crazy-idea-vest-avenger-homme\/#breadcrumb\",\"itemListElement\":[{\"@type\":\"ListItem\",\"position\":1,\"name\":\"Home\",\"item\":\"https:\/\/www.miomiorun.com\/fr\/home-page\/\"},{\"@type\":\"ListItem\",\"position\":2,\"name\":\"Shop\",\"item\":\"https:\/\/www.miomiorun.com\/shop\/\"},{\"@type\":\"ListItem\",\"position\":3,\"name\":\"Vest Avenger homme\"}]},{\"@type\":\"WebSite\",\"@id\":\"https:\/\/www.miomiorun.com\/fr\/#website\",\"url\":\"https:\/\/www.miomiorun.com\/fr\/\",\"name\":\"MioMioRun\",\"description\":\"Boutique 100% running et trail\",\"publisher\":{\"@id\":\"https:\/\/www.miomiorun.com\/fr\/#organization\"},\"potentialAction\":[{\"@type\":\"SearchAction\",\"target\":{\"@type\":\"EntryPoint\",\"urlTemplate\":\"https:\/\/www.miomiorun.com\/fr\/?s={search_term_string}\"},\"query-input\":{\"@type\":\"PropertyValueSpecification\",\"valueRequired\":true,\"valueName\":\"search_term_string\"}}],\"inLanguage\":\"fr-FR\"},{\"@type\":\"Organization\",\"@id\":\"https:\/\/www.miomiorun.com\/fr\/#organization\",\"name\":\"MioMio Run\",\"url\":\"https:\/\/www.miomiorun.com\/fr\/\",\"logo\":{\"@type\":\"ImageObject\",\"inLanguage\":\"fr-FR\",\"@id\":\"https:\/\/www.miomiorun.com\/fr\/#\/schema\/logo\/image\/\",\"url\":\"https:\/\/www.miomiorun.com\/app\/uploads\/2019\/12\/logomio.png\",\"contentUrl\":\"https:\/\/www.miomiorun.com\/app\/uploads\/2019\/12\/logomio.png\",\"width\":115,\"height\":82,\"caption\":\"MioMio Run\"},\"image\":{\"@id\":\"https:\/\/www.miomiorun.com\/fr\/#\/schema\/logo\/image\/\"},\"sameAs\":[\"https:\/\/www.facebook.com\/miomiorun\/\",\"https:\/\/www.instagram.com\/miomiorun\/\"]}]}<\/script>\n<!-- \/ Yoast SEO plugin. -->","yoast_head_json":{"title":"Crazy Idea Vest Avenger homme - Gilet de course- MioMioRun.com","description":"Le Vest Avenger pour homme est un gilet hybride technique destin\u00e9 aux activit\u00e9s outdoor de moyenne\/haute intensit\u00e9. Id\u00e9al pour le ski alpinisme.","robots":{"index":"index","follow":"follow","max-snippet":"max-snippet:-1","max-image-preview":"max-image-preview:large","max-video-preview":"max-video-preview:-1"},"canonical":"https:\/\/www.miomiorun.com\/fr\/produit\/crazy-idea-vest-avenger-homme\/","og_locale":"fr_FR","og_type":"article","og_title":"Crazy Idea Vest Avenger homme - Gilet de course- MioMioRun.com","og_description":"Le Vest Avenger pour homme est un gilet hybride technique destin\u00e9 aux activit\u00e9s outdoor de moyenne\/haute intensit\u00e9. Id\u00e9al pour le ski alpinisme.","og_url":"https:\/\/www.miomiorun.com\/fr\/produit\/crazy-idea-vest-avenger-homme\/","og_site_name":"MioMioRun","article_publisher":"https:\/\/www.facebook.com\/miomiorun\/","article_modified_time":"2026-05-08T19:05:33+00:00","og_image":[{"width":600,"height":600,"url":"https:\/\/www.miomiorun.com\/app\/uploads\/2022\/10\/crazy-idea-vest-avenger-liken-W22035037U-0093.jpg","type":"image\/jpeg"}],"twitter_card":"summary_large_image","twitter_misc":{"Est. reading time":"1 minute"},"schema":{"@context":"https:\/\/schema.org","@graph":[{"@type":"WebPage","@id":"https:\/\/www.miomiorun.com\/fr\/produit\/crazy-idea-vest-avenger-homme\/","url":"https:\/\/www.miomiorun.com\/fr\/produit\/crazy-idea-vest-avenger-homme\/","name":"Crazy Idea Vest Avenger homme - Gilet de course- MioMioRun.com","isPartOf":{"@id":"https:\/\/www.miomiorun.com\/fr\/#website"},"primaryImageOfPage":{"@id":"https:\/\/www.miomiorun.com\/fr\/produit\/crazy-idea-vest-avenger-homme\/#primaryimage"},"image":{"@id":"https:\/\/www.miomiorun.com\/fr\/produit\/crazy-idea-vest-avenger-homme\/#primaryimage"},"thumbnailUrl":"https:\/\/www.miomiorun.com\/app\/uploads\/2022\/10\/crazy-idea-vest-avenger-liken-W22035037U-0093.jpg","datePublished":"2021-09-16T09:18:31+00:00","dateModified":"2026-05-08T19:05:33+00:00","description":"Le Vest Avenger pour homme est un gilet hybride technique destin\u00e9 aux activit\u00e9s outdoor de moyenne\/haute intensit\u00e9. Id\u00e9al pour le ski alpinisme.","breadcrumb":{"@id":"https:\/\/www.miomiorun.com\/fr\/produit\/crazy-idea-vest-avenger-homme\/#breadcrumb"},"inLanguage":"fr-FR","potentialAction":[{"@type":"ReadAction","target":["https:\/\/www.miomiorun.com\/fr\/produit\/crazy-idea-vest-avenger-homme\/"]}]},{"@type":"ImageObject","inLanguage":"fr-FR","@id":"https:\/\/www.miomiorun.com\/fr\/produit\/crazy-idea-vest-avenger-homme\/#primaryimage","url":"https:\/\/www.miomiorun.com\/app\/uploads\/2022\/10\/crazy-idea-vest-avenger-liken-W22035037U-0093.jpg","contentUrl":"https:\/\/www.miomiorun.com\/app\/uploads\/2022\/10\/crazy-idea-vest-avenger-liken-W22035037U-0093.jpg","width":600,"height":600,"caption":"crazy-idea-vest-avenger-liken-W22035037U-0093"},{"@type":"BreadcrumbList","@id":"https:\/\/www.miomiorun.com\/fr\/produit\/crazy-idea-vest-avenger-homme\/#breadcrumb","itemListElement":[{"@type":"ListItem","position":1,"name":"Home","item":"https:\/\/www.miomiorun.com\/fr\/home-page\/"},{"@type":"ListItem","position":2,"name":"Shop","item":"https:\/\/www.miomiorun.com\/shop\/"},{"@type":"ListItem","position":3,"name":"Vest Avenger homme"}]},{"@type":"WebSite","@id":"https:\/\/www.miomiorun.com\/fr\/#website","url":"https:\/\/www.miomiorun.com\/fr\/","name":"MioMioRun","description":"Boutique 100% running et trail","publisher":{"@id":"https:\/\/www.miomiorun.com\/fr\/#organization"},"potentialAction":[{"@type":"SearchAction","target":{"@type":"EntryPoint","urlTemplate":"https:\/\/www.miomiorun.com\/fr\/?s={search_term_string}"},"query-input":{"@type":"PropertyValueSpecification","valueRequired":true,"valueName":"search_term_string"}}],"inLanguage":"fr-FR"},{"@type":"Organization","@id":"https:\/\/www.miomiorun.com\/fr\/#organization","name":"MioMio Run","url":"https:\/\/www.miomiorun.com\/fr\/","logo":{"@type":"ImageObject","inLanguage":"fr-FR","@id":"https:\/\/www.miomiorun.com\/fr\/#\/schema\/logo\/image\/","url":"https:\/\/www.miomiorun.com\/app\/uploads\/2019\/12\/logomio.png","contentUrl":"https:\/\/www.miomiorun.com\/app\/uploads\/2019\/12\/logomio.png","width":115,"height":82,"caption":"MioMio Run"},"image":{"@id":"https:\/\/www.miomiorun.com\/fr\/#\/schema\/logo\/image\/"},"sameAs":["https:\/\/www.facebook.com\/miomiorun\/","https:\/\/www.instagram.com\/miomiorun\/"]}]}},"_links":{"self":[{"href":"https:\/\/www.miomiorun.com\/fr\/wp-json\/wp\/v2\/product\/278890","targetHints":{"allow":["GET"]}}],"collection":[{"href":"https:\/\/www.miomiorun.com\/fr\/wp-json\/wp\/v2\/product"}],"about":[{"href":"https:\/\/www.miomiorun.com\/fr\/wp-json\/wp\/v2\/types\/product"}],"wp:featuredmedia":[{"embeddable":true,"href":"https:\/\/www.miomiorun.com\/fr\/wp-json\/wp\/v2\/media\/238466"}],"wp:attachment":[{"href":"https:\/\/www.miomiorun.com\/fr\/wp-json\/wp\/v2\/media?parent=278890"}],"wp:term":[{"taxonomy":"product_brand","embeddable":true,"href":"https:\/\/www.miomiorun.com\/fr\/wp-json\/wp\/v2\/product_brand?post=278890"},{"taxonomy":"product_cat","embeddable":true,"href":"https:\/\/www.miomiorun.com\/fr\/wp-json\/wp\/v2\/product_cat?post=278890"},{"taxonomy":"product_tag","embeddable":true,"href":"https:\/\/www.miomiorun.com\/fr\/wp-json\/wp\/v2\/product_tag?post=278890"}],"curies":[{"name":"wp","href":"https:\/\/api.w.org\/{rel}","templated":true}]}}