{"id":278883,"date":"2021-09-16T11:31:40","date_gmt":"2021-09-16T09:31:40","guid":{"rendered":"https:\/\/miomiorun.com\/prodotto\/crazy-idea-pull-flame-uomo\/"},"modified":"2026-05-08T21:05:35","modified_gmt":"2026-05-08T19:05:35","slug":"crazy-idea-pull-flame-homme","status":"publish","type":"product","link":"https:\/\/www.miomiorun.com\/fr\/produit\/crazy-idea-pull-flame-homme\/","title":{"rendered":"Pull Flame homme"},"content":{"rendered":"<div class=\"single-product-description\">\n<p>Le pull Pull Flame pour homme est un pull sp\u00e9cialement con\u00e7u pour les sports actifs. V\u00eatement indispensable, id\u00e9al \u00e0 porter en deuxi\u00e8me couche ou en ext\u00e9rieur lors d&#8217;activit\u00e9s sportives d&#8217;intensit\u00e9 moyenne \u00e0 \u00e9lev\u00e9e.<\/p>\n<p>Il est fabriqu\u00e9 avec le tissu <strong>\u00ab polaire \u00bb High Performance 3D<\/strong> qui, gr\u00e2ce \u00e0 sa structure alv\u00e9olaire, favorise l&#8217;\u00e9vacuation de l&#8217;humidit\u00e9 et la respirabilit\u00e9. Sa coupe ajust\u00e9e et sportive, sa demi-fermeture \u00e9clair \u00e0 l&#8217;avant et ses coutures plates de couleur contrast\u00e9e le rendent particuli\u00e8rement appr\u00e9ci\u00e9 sous une veste lors des activit\u00e9s par temps froid.<\/p>\n<p><strong>Caract\u00e9ristiques :<\/strong><\/p>\n<ul>\n<li>Pull ferm\u00e9 avec demi-zip.<\/li>\n<li>Col montant ajust\u00e9.<\/li>\n<li>Bords \u00e9lastiques au bas des manches.<\/li>\n<\/ul>\n<\/div>\n","protected":false},"excerpt":{"rendered":"<p>Le pull Pull Flame pour homme est un pull sp\u00e9cialement con\u00e7u pour les sports actifs. V\u00eatement indispensable, id\u00e9al \u00e0 porter en deuxi\u00e8me couche ou en ext\u00e9rieur lors d&#8217;activit\u00e9s sportives d&#8217;intensit\u00e9 moyenne \u00e0 \u00e9lev\u00e9e. Il est fabriqu\u00e9 avec le tissu \u00ab polaire \u00bb High Performance 3D qui, gr\u00e2ce \u00e0 sa structure alv\u00e9olaire, favorise l&#8217;\u00e9vacuation de l&#8217;humidit\u00e9 &hellip; <a href=\"https:\/\/www.miomiorun.com\/fr\/produit\/crazy-idea-pull-flame-homme\/\">Continued<\/a><\/p>\n","protected":false},"featured_media":237820,"template":"","meta":{"_acf_changed":false,"inline_featured_image":false},"product_brand":[],"product_cat":[24478,24482],"product_tag":[23489,23610],"class_list":{"0":"post-278883","1":"product","2":"type-product","3":"status-publish","4":"has-post-thumbnail","6":"product_cat-maillots-fr-2","7":"product_cat-vetements-pour-hommes-fr","8":"product_tag-crazy-idea-fr","9":"product_tag-crazy-idea-homme","10":"pa_attivita-marcher","11":"pa_attivita-outdoor-fr","12":"pa_attivita-trail-fr","13":"pa_colore-pull-flame-brick-fr","14":"pa_colore-pull-flame-early-m-fr","15":"pa_colore-pull-flame-energy-fr","16":"pa_colore-pull-flame-energy-m-fr","17":"pa_colore-pull-flame-fire-fr","18":"pa_colore-pull-flame-galaxy-fr","19":"pa_colore-pull-flame-liken-fr","20":"pa_colore-pull-flame-m-energy-fr","21":"pa_marca-crazy-idea-fr","22":"pa_sesso-homme","23":"pa_size-small-fr","24":"pa_size-medium-fr","25":"pa_size-large-fr","26":"pa_size-extra-large-fr","28":"first","29":"instock","30":"sale","31":"taxable","32":"shipping-taxable","33":"purchasable","34":"product-type-variable","35":"wvs-archive-product-wrapper"},"acf":[],"yoast_head":"<!-- This site is optimized with the Yoast SEO plugin v26.8 - https:\/\/yoast.com\/product\/yoast-seo-wordpress\/ -->\n<title>Crazy Idea Pull Flame homme - Pull d&#039;hiver- MioMioRun<\/title>\n<meta name=\"description\" content=\"Le Pull Flame pour homme est un pull sp\u00e9cialement con\u00e7u pour les sports actifs. V\u00eatement indispensable, id\u00e9al \u00e0 porter en deuxi\u00e8me couche.\" \/>\n<meta name=\"robots\" content=\"index, follow, max-snippet:-1, max-image-preview:large, max-video-preview:-1\" \/>\n<link rel=\"canonical\" href=\"https:\/\/www.miomiorun.com\/fr\/produit\/crazy-idea-pull-flame-homme\/\" \/>\n<meta property=\"og:locale\" content=\"fr_FR\" \/>\n<meta property=\"og:type\" content=\"article\" \/>\n<meta property=\"og:title\" content=\"Crazy Idea Pull Flame homme - Pull d&#039;hiver- MioMioRun\" \/>\n<meta property=\"og:description\" content=\"Le Pull Flame pour homme est un pull sp\u00e9cialement con\u00e7u pour les sports actifs. V\u00eatement indispensable, id\u00e9al \u00e0 porter en deuxi\u00e8me couche.\" \/>\n<meta property=\"og:url\" content=\"https:\/\/www.miomiorun.com\/fr\/produit\/crazy-idea-pull-flame-homme\/\" \/>\n<meta property=\"og:site_name\" content=\"MioMioRun\" \/>\n<meta property=\"article:publisher\" content=\"https:\/\/www.facebook.com\/miomiorun\/\" \/>\n<meta property=\"article:modified_time\" content=\"2026-05-08T19:05:35+00:00\" \/>\n<meta property=\"og:image\" content=\"https:\/\/www.miomiorun.com\/app\/uploads\/2022\/09\/crazy-idea-pull-flame-liken-W22025102U-0093.jpg\" \/>\n\t<meta property=\"og:image:width\" content=\"600\" \/>\n\t<meta property=\"og:image:height\" content=\"600\" \/>\n\t<meta property=\"og:image:type\" content=\"image\/jpeg\" \/>\n<meta name=\"twitter:card\" content=\"summary_large_image\" \/>\n<meta name=\"twitter:label1\" content=\"Est. reading time\" \/>\n\t<meta name=\"twitter:data1\" content=\"1 minute\" \/>\n<script type=\"application\/ld+json\" class=\"yoast-schema-graph\">{\"@context\":\"https:\/\/schema.org\",\"@graph\":[{\"@type\":\"WebPage\",\"@id\":\"https:\/\/www.miomiorun.com\/fr\/produit\/crazy-idea-pull-flame-homme\/\",\"url\":\"https:\/\/www.miomiorun.com\/fr\/produit\/crazy-idea-pull-flame-homme\/\",\"name\":\"Crazy Idea Pull Flame homme - Pull d'hiver- MioMioRun\",\"isPartOf\":{\"@id\":\"https:\/\/www.miomiorun.com\/fr\/#website\"},\"primaryImageOfPage\":{\"@id\":\"https:\/\/www.miomiorun.com\/fr\/produit\/crazy-idea-pull-flame-homme\/#primaryimage\"},\"image\":{\"@id\":\"https:\/\/www.miomiorun.com\/fr\/produit\/crazy-idea-pull-flame-homme\/#primaryimage\"},\"thumbnailUrl\":\"https:\/\/www.miomiorun.com\/app\/uploads\/2022\/09\/crazy-idea-pull-flame-liken-W22025102U-0093.jpg\",\"datePublished\":\"2021-09-16T09:31:40+00:00\",\"dateModified\":\"2026-05-08T19:05:35+00:00\",\"description\":\"Le Pull Flame pour homme est un pull sp\u00e9cialement con\u00e7u pour les sports actifs. V\u00eatement indispensable, id\u00e9al \u00e0 porter en deuxi\u00e8me couche.\",\"breadcrumb\":{\"@id\":\"https:\/\/www.miomiorun.com\/fr\/produit\/crazy-idea-pull-flame-homme\/#breadcrumb\"},\"inLanguage\":\"fr-FR\",\"potentialAction\":[{\"@type\":\"ReadAction\",\"target\":[\"https:\/\/www.miomiorun.com\/fr\/produit\/crazy-idea-pull-flame-homme\/\"]}]},{\"@type\":\"ImageObject\",\"inLanguage\":\"fr-FR\",\"@id\":\"https:\/\/www.miomiorun.com\/fr\/produit\/crazy-idea-pull-flame-homme\/#primaryimage\",\"url\":\"https:\/\/www.miomiorun.com\/app\/uploads\/2022\/09\/crazy-idea-pull-flame-liken-W22025102U-0093.jpg\",\"contentUrl\":\"https:\/\/www.miomiorun.com\/app\/uploads\/2022\/09\/crazy-idea-pull-flame-liken-W22025102U-0093.jpg\",\"width\":600,\"height\":600,\"caption\":\"crazy-idea-pull-flame-liken-W22025102U-0093\"},{\"@type\":\"BreadcrumbList\",\"@id\":\"https:\/\/www.miomiorun.com\/fr\/produit\/crazy-idea-pull-flame-homme\/#breadcrumb\",\"itemListElement\":[{\"@type\":\"ListItem\",\"position\":1,\"name\":\"Home\",\"item\":\"https:\/\/www.miomiorun.com\/fr\/home-page\/\"},{\"@type\":\"ListItem\",\"position\":2,\"name\":\"Shop\",\"item\":\"https:\/\/www.miomiorun.com\/shop\/\"},{\"@type\":\"ListItem\",\"position\":3,\"name\":\"Pull Flame homme\"}]},{\"@type\":\"WebSite\",\"@id\":\"https:\/\/www.miomiorun.com\/fr\/#website\",\"url\":\"https:\/\/www.miomiorun.com\/fr\/\",\"name\":\"MioMioRun\",\"description\":\"Boutique 100% running et trail\",\"publisher\":{\"@id\":\"https:\/\/www.miomiorun.com\/fr\/#organization\"},\"potentialAction\":[{\"@type\":\"SearchAction\",\"target\":{\"@type\":\"EntryPoint\",\"urlTemplate\":\"https:\/\/www.miomiorun.com\/fr\/?s={search_term_string}\"},\"query-input\":{\"@type\":\"PropertyValueSpecification\",\"valueRequired\":true,\"valueName\":\"search_term_string\"}}],\"inLanguage\":\"fr-FR\"},{\"@type\":\"Organization\",\"@id\":\"https:\/\/www.miomiorun.com\/fr\/#organization\",\"name\":\"MioMio Run\",\"url\":\"https:\/\/www.miomiorun.com\/fr\/\",\"logo\":{\"@type\":\"ImageObject\",\"inLanguage\":\"fr-FR\",\"@id\":\"https:\/\/www.miomiorun.com\/fr\/#\/schema\/logo\/image\/\",\"url\":\"https:\/\/www.miomiorun.com\/app\/uploads\/2019\/12\/logomio.png\",\"contentUrl\":\"https:\/\/www.miomiorun.com\/app\/uploads\/2019\/12\/logomio.png\",\"width\":115,\"height\":82,\"caption\":\"MioMio Run\"},\"image\":{\"@id\":\"https:\/\/www.miomiorun.com\/fr\/#\/schema\/logo\/image\/\"},\"sameAs\":[\"https:\/\/www.facebook.com\/miomiorun\/\",\"https:\/\/www.instagram.com\/miomiorun\/\"]}]}<\/script>\n<!-- \/ Yoast SEO plugin. -->","yoast_head_json":{"title":"Crazy Idea Pull Flame homme - Pull d'hiver- MioMioRun","description":"Le Pull Flame pour homme est un pull sp\u00e9cialement con\u00e7u pour les sports actifs. V\u00eatement indispensable, id\u00e9al \u00e0 porter en deuxi\u00e8me couche.","robots":{"index":"index","follow":"follow","max-snippet":"max-snippet:-1","max-image-preview":"max-image-preview:large","max-video-preview":"max-video-preview:-1"},"canonical":"https:\/\/www.miomiorun.com\/fr\/produit\/crazy-idea-pull-flame-homme\/","og_locale":"fr_FR","og_type":"article","og_title":"Crazy Idea Pull Flame homme - Pull d'hiver- MioMioRun","og_description":"Le Pull Flame pour homme est un pull sp\u00e9cialement con\u00e7u pour les sports actifs. V\u00eatement indispensable, id\u00e9al \u00e0 porter en deuxi\u00e8me couche.","og_url":"https:\/\/www.miomiorun.com\/fr\/produit\/crazy-idea-pull-flame-homme\/","og_site_name":"MioMioRun","article_publisher":"https:\/\/www.facebook.com\/miomiorun\/","article_modified_time":"2026-05-08T19:05:35+00:00","og_image":[{"width":600,"height":600,"url":"https:\/\/www.miomiorun.com\/app\/uploads\/2022\/09\/crazy-idea-pull-flame-liken-W22025102U-0093.jpg","type":"image\/jpeg"}],"twitter_card":"summary_large_image","twitter_misc":{"Est. reading time":"1 minute"},"schema":{"@context":"https:\/\/schema.org","@graph":[{"@type":"WebPage","@id":"https:\/\/www.miomiorun.com\/fr\/produit\/crazy-idea-pull-flame-homme\/","url":"https:\/\/www.miomiorun.com\/fr\/produit\/crazy-idea-pull-flame-homme\/","name":"Crazy Idea Pull Flame homme - Pull d'hiver- MioMioRun","isPartOf":{"@id":"https:\/\/www.miomiorun.com\/fr\/#website"},"primaryImageOfPage":{"@id":"https:\/\/www.miomiorun.com\/fr\/produit\/crazy-idea-pull-flame-homme\/#primaryimage"},"image":{"@id":"https:\/\/www.miomiorun.com\/fr\/produit\/crazy-idea-pull-flame-homme\/#primaryimage"},"thumbnailUrl":"https:\/\/www.miomiorun.com\/app\/uploads\/2022\/09\/crazy-idea-pull-flame-liken-W22025102U-0093.jpg","datePublished":"2021-09-16T09:31:40+00:00","dateModified":"2026-05-08T19:05:35+00:00","description":"Le Pull Flame pour homme est un pull sp\u00e9cialement con\u00e7u pour les sports actifs. V\u00eatement indispensable, id\u00e9al \u00e0 porter en deuxi\u00e8me couche.","breadcrumb":{"@id":"https:\/\/www.miomiorun.com\/fr\/produit\/crazy-idea-pull-flame-homme\/#breadcrumb"},"inLanguage":"fr-FR","potentialAction":[{"@type":"ReadAction","target":["https:\/\/www.miomiorun.com\/fr\/produit\/crazy-idea-pull-flame-homme\/"]}]},{"@type":"ImageObject","inLanguage":"fr-FR","@id":"https:\/\/www.miomiorun.com\/fr\/produit\/crazy-idea-pull-flame-homme\/#primaryimage","url":"https:\/\/www.miomiorun.com\/app\/uploads\/2022\/09\/crazy-idea-pull-flame-liken-W22025102U-0093.jpg","contentUrl":"https:\/\/www.miomiorun.com\/app\/uploads\/2022\/09\/crazy-idea-pull-flame-liken-W22025102U-0093.jpg","width":600,"height":600,"caption":"crazy-idea-pull-flame-liken-W22025102U-0093"},{"@type":"BreadcrumbList","@id":"https:\/\/www.miomiorun.com\/fr\/produit\/crazy-idea-pull-flame-homme\/#breadcrumb","itemListElement":[{"@type":"ListItem","position":1,"name":"Home","item":"https:\/\/www.miomiorun.com\/fr\/home-page\/"},{"@type":"ListItem","position":2,"name":"Shop","item":"https:\/\/www.miomiorun.com\/shop\/"},{"@type":"ListItem","position":3,"name":"Pull Flame homme"}]},{"@type":"WebSite","@id":"https:\/\/www.miomiorun.com\/fr\/#website","url":"https:\/\/www.miomiorun.com\/fr\/","name":"MioMioRun","description":"Boutique 100% running et trail","publisher":{"@id":"https:\/\/www.miomiorun.com\/fr\/#organization"},"potentialAction":[{"@type":"SearchAction","target":{"@type":"EntryPoint","urlTemplate":"https:\/\/www.miomiorun.com\/fr\/?s={search_term_string}"},"query-input":{"@type":"PropertyValueSpecification","valueRequired":true,"valueName":"search_term_string"}}],"inLanguage":"fr-FR"},{"@type":"Organization","@id":"https:\/\/www.miomiorun.com\/fr\/#organization","name":"MioMio Run","url":"https:\/\/www.miomiorun.com\/fr\/","logo":{"@type":"ImageObject","inLanguage":"fr-FR","@id":"https:\/\/www.miomiorun.com\/fr\/#\/schema\/logo\/image\/","url":"https:\/\/www.miomiorun.com\/app\/uploads\/2019\/12\/logomio.png","contentUrl":"https:\/\/www.miomiorun.com\/app\/uploads\/2019\/12\/logomio.png","width":115,"height":82,"caption":"MioMio Run"},"image":{"@id":"https:\/\/www.miomiorun.com\/fr\/#\/schema\/logo\/image\/"},"sameAs":["https:\/\/www.facebook.com\/miomiorun\/","https:\/\/www.instagram.com\/miomiorun\/"]}]}},"_links":{"self":[{"href":"https:\/\/www.miomiorun.com\/fr\/wp-json\/wp\/v2\/product\/278883","targetHints":{"allow":["GET"]}}],"collection":[{"href":"https:\/\/www.miomiorun.com\/fr\/wp-json\/wp\/v2\/product"}],"about":[{"href":"https:\/\/www.miomiorun.com\/fr\/wp-json\/wp\/v2\/types\/product"}],"wp:featuredmedia":[{"embeddable":true,"href":"https:\/\/www.miomiorun.com\/fr\/wp-json\/wp\/v2\/media\/237820"}],"wp:attachment":[{"href":"https:\/\/www.miomiorun.com\/fr\/wp-json\/wp\/v2\/media?parent=278883"}],"wp:term":[{"taxonomy":"product_brand","embeddable":true,"href":"https:\/\/www.miomiorun.com\/fr\/wp-json\/wp\/v2\/product_brand?post=278883"},{"taxonomy":"product_cat","embeddable":true,"href":"https:\/\/www.miomiorun.com\/fr\/wp-json\/wp\/v2\/product_cat?post=278883"},{"taxonomy":"product_tag","embeddable":true,"href":"https:\/\/www.miomiorun.com\/fr\/wp-json\/wp\/v2\/product_tag?post=278883"}],"curies":[{"name":"wp","href":"https:\/\/api.w.org\/{rel}","templated":true}]}}