{"id":278816,"date":"2021-09-16T11:38:05","date_gmt":"2021-09-16T09:38:05","guid":{"rendered":"https:\/\/miomiorun.com\/prodotto\/crazy-idea-neck-gaiter-light\/"},"modified":"2025-12-09T11:53:17","modified_gmt":"2025-12-09T10:53:17","slug":"crazy-idea-neck-gaiter-light","status":"publish","type":"product","link":"https:\/\/www.miomiorun.com\/fr\/produit\/crazy-idea-neck-gaiter-light\/","title":{"rendered":"Neck Gaiter Light"},"content":{"rendered":"<div class=\"single-product-description\"><strong>Neck Gaither Light<\/strong> est un tube\/cache-cou en tissu l\u00e9ger polyvalent, produit avec des imprim\u00e9s et des couleurs qui rappellent la collection.<\/div>\n<div class=\"single-product-description\">Il peut \u00eatre utilis\u00e9 comme bonnet, cache-cou ou bandeau l\u00e9ger anti-transpiration.<\/div>\n<div class=\"single-product-description\">Fabriqu\u00e9 en fil Primaloft sans coutures.<\/div>\n","protected":false},"excerpt":{"rendered":"<p>Neck Gaither Light est un tube\/cache-cou en tissu l\u00e9ger polyvalent, produit avec des imprim\u00e9s et des couleurs qui rappellent la collection. Il peut \u00eatre utilis\u00e9 comme bonnet, cache-cou ou bandeau l\u00e9ger anti-transpiration. Fabriqu\u00e9 en fil Primaloft sans coutures.<\/p>\n","protected":false},"featured_media":233327,"template":"","meta":{"_acf_changed":false,"inline_featured_image":false},"product_brand":[],"product_cat":[22579,22583,22538],"product_tag":[23489],"class_list":{"0":"post-278816","1":"product","2":"type-product","3":"status-publish","4":"has-post-thumbnail","6":"product_cat-chauffage","7":"product_cat-gilet-pour-le-cou","8":"product_cat-accessoires","9":"product_tag-crazy-idea-fr","10":"pa_attivita-marcher","11":"pa_attivita-outdoor-fr","12":"pa_attivita-trail-fr","13":"pa_colore-neck-gaiter-light-big-white-fr","14":"pa_colore-neck-gaiter-light-black-zebra-fr","15":"pa_colore-neck-gaiter-light-early-fr","16":"pa_colore-neck-gaiter-light-hulya-helleborus-fr","17":"pa_colore-neck-gaiter-light-i-love-skialp-fr","18":"pa_colore-neck-gaiter-light-mandala-fr","19":"pa_colore-neck-gaiter-light-print-ethnic-fr","20":"pa_colore-neck-gaiter-light-river-fr","21":"pa_colore-neck-gaiter-light-start-and-go-fr","22":"pa_marca-crazy-idea-fr","23":"pa_sesso-femme","24":"pa_sesso-homme","26":"first","27":"instock","28":"sale","29":"taxable","30":"shipping-taxable","31":"purchasable","32":"product-type-variable","33":"wvs-archive-product-wrapper"},"acf":[],"yoast_head":"<!-- This site is optimized with the Yoast SEO plugin v26.8 - https:\/\/yoast.com\/product\/yoast-seo-wordpress\/ -->\n<title>Crazy Idea Neck Gaiter Light - cache-cou course \u00e0 pied - MioMioRun<\/title>\n<meta name=\"description\" content=\"Neck Gaither Light est un tube\/cache-cou en tissu l\u00e9ger polyvalent, produit avec des imprim\u00e9s et des couleurs qui rappellent la collection.\" \/>\n<meta name=\"robots\" content=\"index, follow, max-snippet:-1, max-image-preview:large, max-video-preview:-1\" \/>\n<link rel=\"canonical\" href=\"https:\/\/www.miomiorun.com\/fr\/produit\/crazy-idea-neck-gaiter-light\/\" \/>\n<meta property=\"og:locale\" content=\"fr_FR\" \/>\n<meta property=\"og:type\" content=\"article\" \/>\n<meta property=\"og:title\" content=\"Crazy Idea Neck Gaiter Light - cache-cou course \u00e0 pied - MioMioRun\" \/>\n<meta property=\"og:description\" content=\"Neck Gaither Light est un tube\/cache-cou en tissu l\u00e9ger polyvalent, produit avec des imprim\u00e9s et des couleurs qui rappellent la collection.\" \/>\n<meta property=\"og:url\" content=\"https:\/\/www.miomiorun.com\/fr\/produit\/crazy-idea-neck-gaiter-light\/\" \/>\n<meta property=\"og:site_name\" content=\"MioMioRun\" \/>\n<meta property=\"article:publisher\" content=\"https:\/\/www.facebook.com\/miomiorun\/\" \/>\n<meta property=\"article:modified_time\" content=\"2025-12-09T10:53:17+00:00\" \/>\n<meta property=\"og:image\" content=\"https:\/\/www.miomiorun.com\/app\/uploads\/2021\/09\/crazy-idea-neck-gaiter-light-W21385001X-00X111.jpg\" \/>\n\t<meta property=\"og:image:width\" content=\"600\" \/>\n\t<meta property=\"og:image:height\" content=\"600\" \/>\n\t<meta property=\"og:image:type\" content=\"image\/jpeg\" \/>\n<meta name=\"twitter:card\" content=\"summary_large_image\" \/>\n<script type=\"application\/ld+json\" class=\"yoast-schema-graph\">{\"@context\":\"https:\/\/schema.org\",\"@graph\":[{\"@type\":\"WebPage\",\"@id\":\"https:\/\/www.miomiorun.com\/fr\/produit\/crazy-idea-neck-gaiter-light\/\",\"url\":\"https:\/\/www.miomiorun.com\/fr\/produit\/crazy-idea-neck-gaiter-light\/\",\"name\":\"Crazy Idea Neck Gaiter Light - cache-cou course \u00e0 pied - MioMioRun\",\"isPartOf\":{\"@id\":\"https:\/\/www.miomiorun.com\/fr\/#website\"},\"primaryImageOfPage\":{\"@id\":\"https:\/\/www.miomiorun.com\/fr\/produit\/crazy-idea-neck-gaiter-light\/#primaryimage\"},\"image\":{\"@id\":\"https:\/\/www.miomiorun.com\/fr\/produit\/crazy-idea-neck-gaiter-light\/#primaryimage\"},\"thumbnailUrl\":\"https:\/\/www.miomiorun.com\/app\/uploads\/2021\/09\/crazy-idea-neck-gaiter-light-W21385001X-00X111.jpg\",\"datePublished\":\"2021-09-16T09:38:05+00:00\",\"dateModified\":\"2025-12-09T10:53:17+00:00\",\"description\":\"Neck Gaither Light est un tube\/cache-cou en tissu l\u00e9ger polyvalent, produit avec des imprim\u00e9s et des couleurs qui rappellent la collection.\",\"breadcrumb\":{\"@id\":\"https:\/\/www.miomiorun.com\/fr\/produit\/crazy-idea-neck-gaiter-light\/#breadcrumb\"},\"inLanguage\":\"fr-FR\",\"potentialAction\":[{\"@type\":\"ReadAction\",\"target\":[\"https:\/\/www.miomiorun.com\/fr\/produit\/crazy-idea-neck-gaiter-light\/\"]}]},{\"@type\":\"ImageObject\",\"inLanguage\":\"fr-FR\",\"@id\":\"https:\/\/www.miomiorun.com\/fr\/produit\/crazy-idea-neck-gaiter-light\/#primaryimage\",\"url\":\"https:\/\/www.miomiorun.com\/app\/uploads\/2021\/09\/crazy-idea-neck-gaiter-light-W21385001X-00X111.jpg\",\"contentUrl\":\"https:\/\/www.miomiorun.com\/app\/uploads\/2021\/09\/crazy-idea-neck-gaiter-light-W21385001X-00X111.jpg\",\"width\":600,\"height\":600,\"caption\":\"crazy idea neck gaiter light\"},{\"@type\":\"BreadcrumbList\",\"@id\":\"https:\/\/www.miomiorun.com\/fr\/produit\/crazy-idea-neck-gaiter-light\/#breadcrumb\",\"itemListElement\":[{\"@type\":\"ListItem\",\"position\":1,\"name\":\"Home\",\"item\":\"https:\/\/www.miomiorun.com\/fr\/home-page\/\"},{\"@type\":\"ListItem\",\"position\":2,\"name\":\"Shop\",\"item\":\"https:\/\/www.miomiorun.com\/shop\/\"},{\"@type\":\"ListItem\",\"position\":3,\"name\":\"Neck Gaiter Light\"}]},{\"@type\":\"WebSite\",\"@id\":\"https:\/\/www.miomiorun.com\/fr\/#website\",\"url\":\"https:\/\/www.miomiorun.com\/fr\/\",\"name\":\"MioMioRun\",\"description\":\"Boutique 100% running et trail\",\"publisher\":{\"@id\":\"https:\/\/www.miomiorun.com\/fr\/#organization\"},\"potentialAction\":[{\"@type\":\"SearchAction\",\"target\":{\"@type\":\"EntryPoint\",\"urlTemplate\":\"https:\/\/www.miomiorun.com\/fr\/?s={search_term_string}\"},\"query-input\":{\"@type\":\"PropertyValueSpecification\",\"valueRequired\":true,\"valueName\":\"search_term_string\"}}],\"inLanguage\":\"fr-FR\"},{\"@type\":\"Organization\",\"@id\":\"https:\/\/www.miomiorun.com\/fr\/#organization\",\"name\":\"MioMio Run\",\"url\":\"https:\/\/www.miomiorun.com\/fr\/\",\"logo\":{\"@type\":\"ImageObject\",\"inLanguage\":\"fr-FR\",\"@id\":\"https:\/\/www.miomiorun.com\/fr\/#\/schema\/logo\/image\/\",\"url\":\"https:\/\/www.miomiorun.com\/app\/uploads\/2019\/12\/logomio.png\",\"contentUrl\":\"https:\/\/www.miomiorun.com\/app\/uploads\/2019\/12\/logomio.png\",\"width\":115,\"height\":82,\"caption\":\"MioMio Run\"},\"image\":{\"@id\":\"https:\/\/www.miomiorun.com\/fr\/#\/schema\/logo\/image\/\"},\"sameAs\":[\"https:\/\/www.facebook.com\/miomiorun\/\",\"https:\/\/www.instagram.com\/miomiorun\/\"]}]}<\/script>\n<!-- \/ Yoast SEO plugin. -->","yoast_head_json":{"title":"Crazy Idea Neck Gaiter Light - cache-cou course \u00e0 pied - MioMioRun","description":"Neck Gaither Light est un tube\/cache-cou en tissu l\u00e9ger polyvalent, produit avec des imprim\u00e9s et des couleurs qui rappellent la collection.","robots":{"index":"index","follow":"follow","max-snippet":"max-snippet:-1","max-image-preview":"max-image-preview:large","max-video-preview":"max-video-preview:-1"},"canonical":"https:\/\/www.miomiorun.com\/fr\/produit\/crazy-idea-neck-gaiter-light\/","og_locale":"fr_FR","og_type":"article","og_title":"Crazy Idea Neck Gaiter Light - cache-cou course \u00e0 pied - MioMioRun","og_description":"Neck Gaither Light est un tube\/cache-cou en tissu l\u00e9ger polyvalent, produit avec des imprim\u00e9s et des couleurs qui rappellent la collection.","og_url":"https:\/\/www.miomiorun.com\/fr\/produit\/crazy-idea-neck-gaiter-light\/","og_site_name":"MioMioRun","article_publisher":"https:\/\/www.facebook.com\/miomiorun\/","article_modified_time":"2025-12-09T10:53:17+00:00","og_image":[{"width":600,"height":600,"url":"https:\/\/www.miomiorun.com\/app\/uploads\/2021\/09\/crazy-idea-neck-gaiter-light-W21385001X-00X111.jpg","type":"image\/jpeg"}],"twitter_card":"summary_large_image","schema":{"@context":"https:\/\/schema.org","@graph":[{"@type":"WebPage","@id":"https:\/\/www.miomiorun.com\/fr\/produit\/crazy-idea-neck-gaiter-light\/","url":"https:\/\/www.miomiorun.com\/fr\/produit\/crazy-idea-neck-gaiter-light\/","name":"Crazy Idea Neck Gaiter Light - cache-cou course \u00e0 pied - MioMioRun","isPartOf":{"@id":"https:\/\/www.miomiorun.com\/fr\/#website"},"primaryImageOfPage":{"@id":"https:\/\/www.miomiorun.com\/fr\/produit\/crazy-idea-neck-gaiter-light\/#primaryimage"},"image":{"@id":"https:\/\/www.miomiorun.com\/fr\/produit\/crazy-idea-neck-gaiter-light\/#primaryimage"},"thumbnailUrl":"https:\/\/www.miomiorun.com\/app\/uploads\/2021\/09\/crazy-idea-neck-gaiter-light-W21385001X-00X111.jpg","datePublished":"2021-09-16T09:38:05+00:00","dateModified":"2025-12-09T10:53:17+00:00","description":"Neck Gaither Light est un tube\/cache-cou en tissu l\u00e9ger polyvalent, produit avec des imprim\u00e9s et des couleurs qui rappellent la collection.","breadcrumb":{"@id":"https:\/\/www.miomiorun.com\/fr\/produit\/crazy-idea-neck-gaiter-light\/#breadcrumb"},"inLanguage":"fr-FR","potentialAction":[{"@type":"ReadAction","target":["https:\/\/www.miomiorun.com\/fr\/produit\/crazy-idea-neck-gaiter-light\/"]}]},{"@type":"ImageObject","inLanguage":"fr-FR","@id":"https:\/\/www.miomiorun.com\/fr\/produit\/crazy-idea-neck-gaiter-light\/#primaryimage","url":"https:\/\/www.miomiorun.com\/app\/uploads\/2021\/09\/crazy-idea-neck-gaiter-light-W21385001X-00X111.jpg","contentUrl":"https:\/\/www.miomiorun.com\/app\/uploads\/2021\/09\/crazy-idea-neck-gaiter-light-W21385001X-00X111.jpg","width":600,"height":600,"caption":"crazy idea neck gaiter light"},{"@type":"BreadcrumbList","@id":"https:\/\/www.miomiorun.com\/fr\/produit\/crazy-idea-neck-gaiter-light\/#breadcrumb","itemListElement":[{"@type":"ListItem","position":1,"name":"Home","item":"https:\/\/www.miomiorun.com\/fr\/home-page\/"},{"@type":"ListItem","position":2,"name":"Shop","item":"https:\/\/www.miomiorun.com\/shop\/"},{"@type":"ListItem","position":3,"name":"Neck Gaiter Light"}]},{"@type":"WebSite","@id":"https:\/\/www.miomiorun.com\/fr\/#website","url":"https:\/\/www.miomiorun.com\/fr\/","name":"MioMioRun","description":"Boutique 100% running et trail","publisher":{"@id":"https:\/\/www.miomiorun.com\/fr\/#organization"},"potentialAction":[{"@type":"SearchAction","target":{"@type":"EntryPoint","urlTemplate":"https:\/\/www.miomiorun.com\/fr\/?s={search_term_string}"},"query-input":{"@type":"PropertyValueSpecification","valueRequired":true,"valueName":"search_term_string"}}],"inLanguage":"fr-FR"},{"@type":"Organization","@id":"https:\/\/www.miomiorun.com\/fr\/#organization","name":"MioMio Run","url":"https:\/\/www.miomiorun.com\/fr\/","logo":{"@type":"ImageObject","inLanguage":"fr-FR","@id":"https:\/\/www.miomiorun.com\/fr\/#\/schema\/logo\/image\/","url":"https:\/\/www.miomiorun.com\/app\/uploads\/2019\/12\/logomio.png","contentUrl":"https:\/\/www.miomiorun.com\/app\/uploads\/2019\/12\/logomio.png","width":115,"height":82,"caption":"MioMio Run"},"image":{"@id":"https:\/\/www.miomiorun.com\/fr\/#\/schema\/logo\/image\/"},"sameAs":["https:\/\/www.facebook.com\/miomiorun\/","https:\/\/www.instagram.com\/miomiorun\/"]}]}},"_links":{"self":[{"href":"https:\/\/www.miomiorun.com\/fr\/wp-json\/wp\/v2\/product\/278816","targetHints":{"allow":["GET"]}}],"collection":[{"href":"https:\/\/www.miomiorun.com\/fr\/wp-json\/wp\/v2\/product"}],"about":[{"href":"https:\/\/www.miomiorun.com\/fr\/wp-json\/wp\/v2\/types\/product"}],"wp:featuredmedia":[{"embeddable":true,"href":"https:\/\/www.miomiorun.com\/fr\/wp-json\/wp\/v2\/media\/233327"}],"wp:attachment":[{"href":"https:\/\/www.miomiorun.com\/fr\/wp-json\/wp\/v2\/media?parent=278816"}],"wp:term":[{"taxonomy":"product_brand","embeddable":true,"href":"https:\/\/www.miomiorun.com\/fr\/wp-json\/wp\/v2\/product_brand?post=278816"},{"taxonomy":"product_cat","embeddable":true,"href":"https:\/\/www.miomiorun.com\/fr\/wp-json\/wp\/v2\/product_cat?post=278816"},{"taxonomy":"product_tag","embeddable":true,"href":"https:\/\/www.miomiorun.com\/fr\/wp-json\/wp\/v2\/product_tag?post=278816"}],"curies":[{"name":"wp","href":"https:\/\/api.w.org\/{rel}","templated":true}]}}