{"id":278657,"date":"2021-08-04T11:17:04","date_gmt":"2021-08-04T09:17:04","guid":{"rendered":"https:\/\/miomiorun.com\/prodotto\/brooks-uplift-cross-donna\/"},"modified":"2026-01-14T09:49:00","modified_gmt":"2026-01-14T08:49:00","slug":"brooks-uplift-cross-femme","status":"publish","type":"product","link":"https:\/\/www.miomiorun.com\/fr\/produit\/brooks-uplift-cross-femme\/","title":{"rendered":"Uplift Cross femme"},"content":{"rendered":"<p>Le soutien-gorge de sport uplift Crossback pour femme est parfait pour les entra\u00eenements \u00e0 impact moyen. Il am\u00e9liore le maintien et vous offre une forme optimale.<\/p>\n<p>Les sangles crois\u00e9es en powermesh offrent une ventilation maximale, tandis que la bande int\u00e9rieure DryLayer s&#8217;adapte pour un ajustement personnalis\u00e9, \u00e9vacuant la transpiration pour vous garder au frais et \u00e0 l&#8217;aise.<\/p>\n<h3>Caract\u00e9ristiques :<\/h3>\n<ul>\n<li>Soutien-gorge de sport crois\u00e9 \u00e0 compression\/enveloppement<\/li>\n<li>\u00a0La technologie DriLayer\u00ae \u00e9vacue la transpiration pour vous garder au sec et \u00e0 l&#8217;aise.<\/li>\n<li>Les bonnets moul\u00e9s ultra-l\u00e9gers et perfor\u00e9s offrent un confort et une forme sup\u00e9rieurs.<\/li>\n<li>Powermesh, les sangles crois\u00e9es dans le dos assurent une ventilation strat\u00e9gique et une libert\u00e9 de mouvement totale.<\/li>\n<li>Fermeture \u00e0 crochet en J pour une mise en marche et un arr\u00eat faciles<\/li>\n<li>La coupe ajust\u00e9e et enveloppante offre stabilit\u00e9 et modestie.<\/li>\n<li>Id\u00e9al pour les bonnets C\/D<\/li>\n<li>Lavage \u00e0 la main ou en machine \u00e0 cycle d\u00e9licat<\/li>\n<\/ul>\n<p>&nbsp;<\/p>\n","protected":false},"excerpt":{"rendered":"<p>Le soutien-gorge de sport uplift Crossback pour femme est parfait pour les entra\u00eenements \u00e0 impact moyen. Il am\u00e9liore le maintien et vous offre une forme optimale. Les sangles crois\u00e9es en powermesh offrent une ventilation maximale, tandis que la bande int\u00e9rieure DryLayer s&#8217;adapte pour un ajustement personnalis\u00e9, \u00e9vacuant la transpiration pour vous garder au frais et &hellip; <a href=\"https:\/\/www.miomiorun.com\/fr\/produit\/brooks-uplift-cross-femme\/\">Continued<\/a><\/p>\n","protected":false},"featured_media":232911,"template":"","meta":{"_acf_changed":false,"inline_featured_image":false},"product_brand":[],"product_cat":[24440,24444,24246],"product_tag":[23462,23656],"class_list":{"0":"post-278657","1":"product","2":"type-product","3":"status-publish","4":"has-post-thumbnail","6":"product_cat-sous-vetements-fr","7":"product_cat-vetements-pour-femmes-fr","8":"product_cat-offres-pour-les-femmes","9":"product_tag-brooks-fr","10":"product_tag-brooks-femme","11":"pa_attivita-fitness-fr","12":"pa_attivita-marcher","13":"pa_attivita-running","14":"pa_colore-uplift-crossback-bloom-scape-fr","15":"pa_colore-uplift-crossback-black-black-mosaic-fr","16":"pa_marca-brooks-fr","17":"pa_sesso-femme","18":"pa_size-small-fr","20":"first","21":"instock","22":"sale","23":"taxable","24":"shipping-taxable","25":"purchasable","26":"product-type-variable","27":"wvs-archive-product-wrapper"},"acf":[],"yoast_head":"<!-- This site is optimized with the Yoast SEO plugin v26.8 - https:\/\/yoast.com\/product\/yoast-seo-wordpress\/ -->\n<title>Brooks Uplift Cross femme - Soutien-gorge de sport - MioMioRun<\/title>\n<meta name=\"description\" content=\"Le soutien-gorge de sport uplift Crossback pour femme est parfait pour les entra\u00eenements \u00e0 impact moyen, il am\u00e9liore le maintien.\" \/>\n<meta name=\"robots\" content=\"index, follow, max-snippet:-1, max-image-preview:large, max-video-preview:-1\" \/>\n<link rel=\"canonical\" href=\"https:\/\/www.miomiorun.com\/fr\/produit\/brooks-uplift-cross-femme\/\" \/>\n<meta property=\"og:locale\" content=\"fr_FR\" \/>\n<meta property=\"og:type\" content=\"article\" \/>\n<meta property=\"og:title\" content=\"Brooks Uplift Cross femme - Soutien-gorge de sport - MioMioRun\" \/>\n<meta property=\"og:description\" content=\"Le soutien-gorge de sport uplift Crossback pour femme est parfait pour les entra\u00eenements \u00e0 impact moyen, il am\u00e9liore le maintien.\" \/>\n<meta property=\"og:url\" content=\"https:\/\/www.miomiorun.com\/fr\/produit\/brooks-uplift-cross-femme\/\" \/>\n<meta property=\"og:site_name\" content=\"MioMioRun\" \/>\n<meta property=\"article:publisher\" content=\"https:\/\/www.facebook.com\/miomiorun\/\" \/>\n<meta property=\"article:modified_time\" content=\"2026-01-14T08:49:00+00:00\" \/>\n<meta property=\"og:image\" content=\"https:\/\/www.miomiorun.com\/app\/uploads\/2021\/08\/brooks-UPLIFT-CROSSBACK-300616-653.jpg\" \/>\n\t<meta property=\"og:image:width\" content=\"600\" \/>\n\t<meta property=\"og:image:height\" content=\"600\" \/>\n\t<meta property=\"og:image:type\" content=\"image\/jpeg\" \/>\n<meta name=\"twitter:card\" content=\"summary_large_image\" \/>\n<meta name=\"twitter:label1\" content=\"Est. reading time\" \/>\n\t<meta name=\"twitter:data1\" content=\"1 minute\" \/>\n<script type=\"application\/ld+json\" class=\"yoast-schema-graph\">{\"@context\":\"https:\/\/schema.org\",\"@graph\":[{\"@type\":\"WebPage\",\"@id\":\"https:\/\/www.miomiorun.com\/fr\/produit\/brooks-uplift-cross-femme\/\",\"url\":\"https:\/\/www.miomiorun.com\/fr\/produit\/brooks-uplift-cross-femme\/\",\"name\":\"Brooks Uplift Cross femme - Soutien-gorge de sport - MioMioRun\",\"isPartOf\":{\"@id\":\"https:\/\/www.miomiorun.com\/fr\/#website\"},\"primaryImageOfPage\":{\"@id\":\"https:\/\/www.miomiorun.com\/fr\/produit\/brooks-uplift-cross-femme\/#primaryimage\"},\"image\":{\"@id\":\"https:\/\/www.miomiorun.com\/fr\/produit\/brooks-uplift-cross-femme\/#primaryimage\"},\"thumbnailUrl\":\"https:\/\/www.miomiorun.com\/app\/uploads\/2021\/08\/brooks-UPLIFT-CROSSBACK-300616-653.jpg\",\"datePublished\":\"2021-08-04T09:17:04+00:00\",\"dateModified\":\"2026-01-14T08:49:00+00:00\",\"description\":\"Le soutien-gorge de sport uplift Crossback pour femme est parfait pour les entra\u00eenements \u00e0 impact moyen, il am\u00e9liore le maintien.\",\"breadcrumb\":{\"@id\":\"https:\/\/www.miomiorun.com\/fr\/produit\/brooks-uplift-cross-femme\/#breadcrumb\"},\"inLanguage\":\"fr-FR\",\"potentialAction\":[{\"@type\":\"ReadAction\",\"target\":[\"https:\/\/www.miomiorun.com\/fr\/produit\/brooks-uplift-cross-femme\/\"]}]},{\"@type\":\"ImageObject\",\"inLanguage\":\"fr-FR\",\"@id\":\"https:\/\/www.miomiorun.com\/fr\/produit\/brooks-uplift-cross-femme\/#primaryimage\",\"url\":\"https:\/\/www.miomiorun.com\/app\/uploads\/2021\/08\/brooks-UPLIFT-CROSSBACK-300616-653.jpg\",\"contentUrl\":\"https:\/\/www.miomiorun.com\/app\/uploads\/2021\/08\/brooks-UPLIFT-CROSSBACK-300616-653.jpg\",\"width\":600,\"height\":600,\"caption\":\"brooks-UPLIFT-CROSSBACK-300616-653\"},{\"@type\":\"BreadcrumbList\",\"@id\":\"https:\/\/www.miomiorun.com\/fr\/produit\/brooks-uplift-cross-femme\/#breadcrumb\",\"itemListElement\":[{\"@type\":\"ListItem\",\"position\":1,\"name\":\"Home\",\"item\":\"https:\/\/www.miomiorun.com\/fr\/home-page\/\"},{\"@type\":\"ListItem\",\"position\":2,\"name\":\"Shop\",\"item\":\"https:\/\/www.miomiorun.com\/shop\/\"},{\"@type\":\"ListItem\",\"position\":3,\"name\":\"Uplift Cross femme\"}]},{\"@type\":\"WebSite\",\"@id\":\"https:\/\/www.miomiorun.com\/fr\/#website\",\"url\":\"https:\/\/www.miomiorun.com\/fr\/\",\"name\":\"MioMioRun\",\"description\":\"Boutique 100% running et trail\",\"publisher\":{\"@id\":\"https:\/\/www.miomiorun.com\/fr\/#organization\"},\"potentialAction\":[{\"@type\":\"SearchAction\",\"target\":{\"@type\":\"EntryPoint\",\"urlTemplate\":\"https:\/\/www.miomiorun.com\/fr\/?s={search_term_string}\"},\"query-input\":{\"@type\":\"PropertyValueSpecification\",\"valueRequired\":true,\"valueName\":\"search_term_string\"}}],\"inLanguage\":\"fr-FR\"},{\"@type\":\"Organization\",\"@id\":\"https:\/\/www.miomiorun.com\/fr\/#organization\",\"name\":\"MioMio Run\",\"url\":\"https:\/\/www.miomiorun.com\/fr\/\",\"logo\":{\"@type\":\"ImageObject\",\"inLanguage\":\"fr-FR\",\"@id\":\"https:\/\/www.miomiorun.com\/fr\/#\/schema\/logo\/image\/\",\"url\":\"https:\/\/www.miomiorun.com\/app\/uploads\/2019\/12\/logomio.png\",\"contentUrl\":\"https:\/\/www.miomiorun.com\/app\/uploads\/2019\/12\/logomio.png\",\"width\":115,\"height\":82,\"caption\":\"MioMio Run\"},\"image\":{\"@id\":\"https:\/\/www.miomiorun.com\/fr\/#\/schema\/logo\/image\/\"},\"sameAs\":[\"https:\/\/www.facebook.com\/miomiorun\/\",\"https:\/\/www.instagram.com\/miomiorun\/\"]}]}<\/script>\n<!-- \/ Yoast SEO plugin. -->","yoast_head_json":{"title":"Brooks Uplift Cross femme - Soutien-gorge de sport - MioMioRun","description":"Le soutien-gorge de sport uplift Crossback pour femme est parfait pour les entra\u00eenements \u00e0 impact moyen, il am\u00e9liore le maintien.","robots":{"index":"index","follow":"follow","max-snippet":"max-snippet:-1","max-image-preview":"max-image-preview:large","max-video-preview":"max-video-preview:-1"},"canonical":"https:\/\/www.miomiorun.com\/fr\/produit\/brooks-uplift-cross-femme\/","og_locale":"fr_FR","og_type":"article","og_title":"Brooks Uplift Cross femme - Soutien-gorge de sport - MioMioRun","og_description":"Le soutien-gorge de sport uplift Crossback pour femme est parfait pour les entra\u00eenements \u00e0 impact moyen, il am\u00e9liore le maintien.","og_url":"https:\/\/www.miomiorun.com\/fr\/produit\/brooks-uplift-cross-femme\/","og_site_name":"MioMioRun","article_publisher":"https:\/\/www.facebook.com\/miomiorun\/","article_modified_time":"2026-01-14T08:49:00+00:00","og_image":[{"width":600,"height":600,"url":"https:\/\/www.miomiorun.com\/app\/uploads\/2021\/08\/brooks-UPLIFT-CROSSBACK-300616-653.jpg","type":"image\/jpeg"}],"twitter_card":"summary_large_image","twitter_misc":{"Est. reading time":"1 minute"},"schema":{"@context":"https:\/\/schema.org","@graph":[{"@type":"WebPage","@id":"https:\/\/www.miomiorun.com\/fr\/produit\/brooks-uplift-cross-femme\/","url":"https:\/\/www.miomiorun.com\/fr\/produit\/brooks-uplift-cross-femme\/","name":"Brooks Uplift Cross femme - Soutien-gorge de sport - MioMioRun","isPartOf":{"@id":"https:\/\/www.miomiorun.com\/fr\/#website"},"primaryImageOfPage":{"@id":"https:\/\/www.miomiorun.com\/fr\/produit\/brooks-uplift-cross-femme\/#primaryimage"},"image":{"@id":"https:\/\/www.miomiorun.com\/fr\/produit\/brooks-uplift-cross-femme\/#primaryimage"},"thumbnailUrl":"https:\/\/www.miomiorun.com\/app\/uploads\/2021\/08\/brooks-UPLIFT-CROSSBACK-300616-653.jpg","datePublished":"2021-08-04T09:17:04+00:00","dateModified":"2026-01-14T08:49:00+00:00","description":"Le soutien-gorge de sport uplift Crossback pour femme est parfait pour les entra\u00eenements \u00e0 impact moyen, il am\u00e9liore le maintien.","breadcrumb":{"@id":"https:\/\/www.miomiorun.com\/fr\/produit\/brooks-uplift-cross-femme\/#breadcrumb"},"inLanguage":"fr-FR","potentialAction":[{"@type":"ReadAction","target":["https:\/\/www.miomiorun.com\/fr\/produit\/brooks-uplift-cross-femme\/"]}]},{"@type":"ImageObject","inLanguage":"fr-FR","@id":"https:\/\/www.miomiorun.com\/fr\/produit\/brooks-uplift-cross-femme\/#primaryimage","url":"https:\/\/www.miomiorun.com\/app\/uploads\/2021\/08\/brooks-UPLIFT-CROSSBACK-300616-653.jpg","contentUrl":"https:\/\/www.miomiorun.com\/app\/uploads\/2021\/08\/brooks-UPLIFT-CROSSBACK-300616-653.jpg","width":600,"height":600,"caption":"brooks-UPLIFT-CROSSBACK-300616-653"},{"@type":"BreadcrumbList","@id":"https:\/\/www.miomiorun.com\/fr\/produit\/brooks-uplift-cross-femme\/#breadcrumb","itemListElement":[{"@type":"ListItem","position":1,"name":"Home","item":"https:\/\/www.miomiorun.com\/fr\/home-page\/"},{"@type":"ListItem","position":2,"name":"Shop","item":"https:\/\/www.miomiorun.com\/shop\/"},{"@type":"ListItem","position":3,"name":"Uplift Cross femme"}]},{"@type":"WebSite","@id":"https:\/\/www.miomiorun.com\/fr\/#website","url":"https:\/\/www.miomiorun.com\/fr\/","name":"MioMioRun","description":"Boutique 100% running et trail","publisher":{"@id":"https:\/\/www.miomiorun.com\/fr\/#organization"},"potentialAction":[{"@type":"SearchAction","target":{"@type":"EntryPoint","urlTemplate":"https:\/\/www.miomiorun.com\/fr\/?s={search_term_string}"},"query-input":{"@type":"PropertyValueSpecification","valueRequired":true,"valueName":"search_term_string"}}],"inLanguage":"fr-FR"},{"@type":"Organization","@id":"https:\/\/www.miomiorun.com\/fr\/#organization","name":"MioMio Run","url":"https:\/\/www.miomiorun.com\/fr\/","logo":{"@type":"ImageObject","inLanguage":"fr-FR","@id":"https:\/\/www.miomiorun.com\/fr\/#\/schema\/logo\/image\/","url":"https:\/\/www.miomiorun.com\/app\/uploads\/2019\/12\/logomio.png","contentUrl":"https:\/\/www.miomiorun.com\/app\/uploads\/2019\/12\/logomio.png","width":115,"height":82,"caption":"MioMio Run"},"image":{"@id":"https:\/\/www.miomiorun.com\/fr\/#\/schema\/logo\/image\/"},"sameAs":["https:\/\/www.facebook.com\/miomiorun\/","https:\/\/www.instagram.com\/miomiorun\/"]}]}},"_links":{"self":[{"href":"https:\/\/www.miomiorun.com\/fr\/wp-json\/wp\/v2\/product\/278657","targetHints":{"allow":["GET"]}}],"collection":[{"href":"https:\/\/www.miomiorun.com\/fr\/wp-json\/wp\/v2\/product"}],"about":[{"href":"https:\/\/www.miomiorun.com\/fr\/wp-json\/wp\/v2\/types\/product"}],"wp:featuredmedia":[{"embeddable":true,"href":"https:\/\/www.miomiorun.com\/fr\/wp-json\/wp\/v2\/media\/232911"}],"wp:attachment":[{"href":"https:\/\/www.miomiorun.com\/fr\/wp-json\/wp\/v2\/media?parent=278657"}],"wp:term":[{"taxonomy":"product_brand","embeddable":true,"href":"https:\/\/www.miomiorun.com\/fr\/wp-json\/wp\/v2\/product_brand?post=278657"},{"taxonomy":"product_cat","embeddable":true,"href":"https:\/\/www.miomiorun.com\/fr\/wp-json\/wp\/v2\/product_cat?post=278657"},{"taxonomy":"product_tag","embeddable":true,"href":"https:\/\/www.miomiorun.com\/fr\/wp-json\/wp\/v2\/product_tag?post=278657"}],"curies":[{"name":"wp","href":"https:\/\/api.w.org\/{rel}","templated":true}]}}