{"id":278642,"date":"2021-08-04T11:29:43","date_gmt":"2021-08-04T09:29:43","guid":{"rendered":"https:\/\/miomiorun.com\/prodotto\/brooks-uprise-crossback-donna\/"},"modified":"2026-01-14T09:44:19","modified_gmt":"2026-01-14T08:44:19","slug":"brooks-uprise-crossback-femme","status":"publish","type":"product","link":"https:\/\/www.miomiorun.com\/fr\/produit\/brooks-uprise-crossback-femme\/","title":{"rendered":"UpRise Crossback femme"},"content":{"rendered":"<p>Ce soutien-gorge de sport <strong>Brooks Uprise Crossback<\/strong> pour femme, a\u00e9rodynamique et magistralement con\u00e7u, est dot\u00e9 de bonnets l\u00e9gers et perfor\u00e9s qui offrent un maintien, une ventilation et une discr\u00e9tion optimaux dans un style sp\u00e9cialement con\u00e7u pour les bonnets A\/B. Les bretelles crois\u00e9es dans le dos en powermesh vous garderont au frais, tandis que la bande inf\u00e9rieure DriLayer\u00ae Adapt de ce soutien-gorge de sport \u00e9vacue l&#8217;humidit\u00e9 et s&#8217;adapte \u00e0 votre corps pour un ajustement parfait.<\/p>\n<p><strong>Caract\u00e9ristiques :<\/strong><\/p>\n<ul>\n<li>Les bonnets l\u00e9gers et perfor\u00e9s am\u00e9liorent le maintien et offrent une forme et une discr\u00e9tion optimales.<\/li>\n<li>Les sangles crois\u00e9es \u00e0 l&#8217;arri\u00e8re en powermesh offrent une ventilation maximale.<\/li>\n<li>DriLayer\u00ae La bande inf\u00e9rieure s&#8217;adapte au corps pour un ajustement personnalis\u00e9 \u00e0 chaque utilisation.<\/li>\n<li>Encapsulation\/Compression.<\/li>\n<\/ul>\n<p>&nbsp;<\/p>\n","protected":false},"excerpt":{"rendered":"<p>Ce soutien-gorge de sport Brooks Uprise Crossback pour femme, a\u00e9rodynamique et magistralement con\u00e7u, est dot\u00e9 de bonnets l\u00e9gers et perfor\u00e9s qui offrent un maintien, une ventilation et une discr\u00e9tion optimaux dans un style sp\u00e9cialement con\u00e7u pour les bonnets A\/B. Les bretelles crois\u00e9es dans le dos en powermesh vous garderont au frais, tandis que la bande &hellip; <a href=\"https:\/\/www.miomiorun.com\/fr\/produit\/brooks-uprise-crossback-femme\/\">Continued<\/a><\/p>\n","protected":false},"featured_media":232917,"template":"","meta":{"_acf_changed":false,"inline_featured_image":false},"product_brand":[],"product_cat":[24440,24444,24246],"product_tag":[23462,23656],"class_list":{"0":"post-278642","1":"product","2":"type-product","3":"status-publish","4":"has-post-thumbnail","6":"product_cat-sous-vetements-fr","7":"product_cat-vetements-pour-femmes-fr","8":"product_cat-offres-pour-les-femmes","9":"product_tag-brooks-fr","10":"product_tag-brooks-femme","11":"pa_attivita-fitness-fr","12":"pa_attivita-marcher","13":"pa_attivita-running-fr","14":"pa_colore-uprise-crossback-bloom-scape-fr","15":"pa_colore-uprise-crossback-poppycosmo-poppy-fr","16":"pa_marca-brooks-fr","17":"pa_sesso-femme","18":"pa_size-extra-small-fr","19":"pa_size-small-fr","21":"first","22":"instock","23":"sale","24":"taxable","25":"shipping-taxable","26":"purchasable","27":"product-type-variable","28":"wvs-archive-product-wrapper"},"acf":[],"yoast_head":"<!-- This site is optimized with the Yoast SEO plugin v26.8 - https:\/\/yoast.com\/product\/yoast-seo-wordpress\/ -->\n<title>Brooks UpRise Crossback femme - Soutien-gorge de sport - MioMioRun<\/title>\n<meta name=\"description\" content=\"Ce soutien-gorge de sport Brooks Uprise Crossback pour femme, a\u00e9rodynamique et magistralement con\u00e7u, est dot\u00e9 de bonnets l\u00e9gers et perfor\u00e9s.\" \/>\n<meta name=\"robots\" content=\"index, follow, max-snippet:-1, max-image-preview:large, max-video-preview:-1\" \/>\n<link rel=\"canonical\" href=\"https:\/\/www.miomiorun.com\/fr\/produit\/brooks-uprise-crossback-femme\/\" \/>\n<meta property=\"og:locale\" content=\"fr_FR\" \/>\n<meta property=\"og:type\" content=\"article\" \/>\n<meta property=\"og:title\" content=\"Brooks UpRise Crossback femme - Soutien-gorge de sport - MioMioRun\" \/>\n<meta property=\"og:description\" content=\"Ce soutien-gorge de sport Brooks Uprise Crossback pour femme, a\u00e9rodynamique et magistralement con\u00e7u, est dot\u00e9 de bonnets l\u00e9gers et perfor\u00e9s.\" \/>\n<meta property=\"og:url\" content=\"https:\/\/www.miomiorun.com\/fr\/produit\/brooks-uprise-crossback-femme\/\" \/>\n<meta property=\"og:site_name\" content=\"MioMioRun\" \/>\n<meta property=\"article:publisher\" content=\"https:\/\/www.facebook.com\/miomiorun\/\" \/>\n<meta property=\"article:modified_time\" content=\"2026-01-14T08:44:19+00:00\" \/>\n<meta property=\"og:image\" content=\"https:\/\/www.miomiorun.com\/app\/uploads\/2021\/08\/brooks-UpRise-Crossback-300614-619.jpg\" \/>\n\t<meta property=\"og:image:width\" content=\"600\" \/>\n\t<meta property=\"og:image:height\" content=\"600\" \/>\n\t<meta property=\"og:image:type\" content=\"image\/jpeg\" \/>\n<meta name=\"twitter:card\" content=\"summary_large_image\" \/>\n<meta name=\"twitter:label1\" content=\"Est. reading time\" \/>\n\t<meta name=\"twitter:data1\" content=\"1 minute\" \/>\n<script type=\"application\/ld+json\" class=\"yoast-schema-graph\">{\"@context\":\"https:\/\/schema.org\",\"@graph\":[{\"@type\":\"WebPage\",\"@id\":\"https:\/\/www.miomiorun.com\/fr\/produit\/brooks-uprise-crossback-femme\/\",\"url\":\"https:\/\/www.miomiorun.com\/fr\/produit\/brooks-uprise-crossback-femme\/\",\"name\":\"Brooks UpRise Crossback femme - Soutien-gorge de sport - MioMioRun\",\"isPartOf\":{\"@id\":\"https:\/\/www.miomiorun.com\/fr\/#website\"},\"primaryImageOfPage\":{\"@id\":\"https:\/\/www.miomiorun.com\/fr\/produit\/brooks-uprise-crossback-femme\/#primaryimage\"},\"image\":{\"@id\":\"https:\/\/www.miomiorun.com\/fr\/produit\/brooks-uprise-crossback-femme\/#primaryimage\"},\"thumbnailUrl\":\"https:\/\/www.miomiorun.com\/app\/uploads\/2021\/08\/brooks-UpRise-Crossback-300614-619.jpg\",\"datePublished\":\"2021-08-04T09:29:43+00:00\",\"dateModified\":\"2026-01-14T08:44:19+00:00\",\"description\":\"Ce soutien-gorge de sport Brooks Uprise Crossback pour femme, a\u00e9rodynamique et magistralement con\u00e7u, est dot\u00e9 de bonnets l\u00e9gers et perfor\u00e9s.\",\"breadcrumb\":{\"@id\":\"https:\/\/www.miomiorun.com\/fr\/produit\/brooks-uprise-crossback-femme\/#breadcrumb\"},\"inLanguage\":\"fr-FR\",\"potentialAction\":[{\"@type\":\"ReadAction\",\"target\":[\"https:\/\/www.miomiorun.com\/fr\/produit\/brooks-uprise-crossback-femme\/\"]}]},{\"@type\":\"ImageObject\",\"inLanguage\":\"fr-FR\",\"@id\":\"https:\/\/www.miomiorun.com\/fr\/produit\/brooks-uprise-crossback-femme\/#primaryimage\",\"url\":\"https:\/\/www.miomiorun.com\/app\/uploads\/2021\/08\/brooks-UpRise-Crossback-300614-619.jpg\",\"contentUrl\":\"https:\/\/www.miomiorun.com\/app\/uploads\/2021\/08\/brooks-UpRise-Crossback-300614-619.jpg\",\"width\":600,\"height\":600,\"caption\":\"brooks-UpRise-Crossback-300614-619\"},{\"@type\":\"BreadcrumbList\",\"@id\":\"https:\/\/www.miomiorun.com\/fr\/produit\/brooks-uprise-crossback-femme\/#breadcrumb\",\"itemListElement\":[{\"@type\":\"ListItem\",\"position\":1,\"name\":\"Home\",\"item\":\"https:\/\/www.miomiorun.com\/fr\/home-page\/\"},{\"@type\":\"ListItem\",\"position\":2,\"name\":\"Shop\",\"item\":\"https:\/\/www.miomiorun.com\/shop\/\"},{\"@type\":\"ListItem\",\"position\":3,\"name\":\"UpRise Crossback femme\"}]},{\"@type\":\"WebSite\",\"@id\":\"https:\/\/www.miomiorun.com\/fr\/#website\",\"url\":\"https:\/\/www.miomiorun.com\/fr\/\",\"name\":\"MioMioRun\",\"description\":\"Boutique 100% running et trail\",\"publisher\":{\"@id\":\"https:\/\/www.miomiorun.com\/fr\/#organization\"},\"potentialAction\":[{\"@type\":\"SearchAction\",\"target\":{\"@type\":\"EntryPoint\",\"urlTemplate\":\"https:\/\/www.miomiorun.com\/fr\/?s={search_term_string}\"},\"query-input\":{\"@type\":\"PropertyValueSpecification\",\"valueRequired\":true,\"valueName\":\"search_term_string\"}}],\"inLanguage\":\"fr-FR\"},{\"@type\":\"Organization\",\"@id\":\"https:\/\/www.miomiorun.com\/fr\/#organization\",\"name\":\"MioMio Run\",\"url\":\"https:\/\/www.miomiorun.com\/fr\/\",\"logo\":{\"@type\":\"ImageObject\",\"inLanguage\":\"fr-FR\",\"@id\":\"https:\/\/www.miomiorun.com\/fr\/#\/schema\/logo\/image\/\",\"url\":\"https:\/\/www.miomiorun.com\/app\/uploads\/2019\/12\/logomio.png\",\"contentUrl\":\"https:\/\/www.miomiorun.com\/app\/uploads\/2019\/12\/logomio.png\",\"width\":115,\"height\":82,\"caption\":\"MioMio Run\"},\"image\":{\"@id\":\"https:\/\/www.miomiorun.com\/fr\/#\/schema\/logo\/image\/\"},\"sameAs\":[\"https:\/\/www.facebook.com\/miomiorun\/\",\"https:\/\/www.instagram.com\/miomiorun\/\"]}]}<\/script>\n<!-- \/ Yoast SEO plugin. -->","yoast_head_json":{"title":"Brooks UpRise Crossback femme - Soutien-gorge de sport - MioMioRun","description":"Ce soutien-gorge de sport Brooks Uprise Crossback pour femme, a\u00e9rodynamique et magistralement con\u00e7u, est dot\u00e9 de bonnets l\u00e9gers et perfor\u00e9s.","robots":{"index":"index","follow":"follow","max-snippet":"max-snippet:-1","max-image-preview":"max-image-preview:large","max-video-preview":"max-video-preview:-1"},"canonical":"https:\/\/www.miomiorun.com\/fr\/produit\/brooks-uprise-crossback-femme\/","og_locale":"fr_FR","og_type":"article","og_title":"Brooks UpRise Crossback femme - Soutien-gorge de sport - MioMioRun","og_description":"Ce soutien-gorge de sport Brooks Uprise Crossback pour femme, a\u00e9rodynamique et magistralement con\u00e7u, est dot\u00e9 de bonnets l\u00e9gers et perfor\u00e9s.","og_url":"https:\/\/www.miomiorun.com\/fr\/produit\/brooks-uprise-crossback-femme\/","og_site_name":"MioMioRun","article_publisher":"https:\/\/www.facebook.com\/miomiorun\/","article_modified_time":"2026-01-14T08:44:19+00:00","og_image":[{"width":600,"height":600,"url":"https:\/\/www.miomiorun.com\/app\/uploads\/2021\/08\/brooks-UpRise-Crossback-300614-619.jpg","type":"image\/jpeg"}],"twitter_card":"summary_large_image","twitter_misc":{"Est. reading time":"1 minute"},"schema":{"@context":"https:\/\/schema.org","@graph":[{"@type":"WebPage","@id":"https:\/\/www.miomiorun.com\/fr\/produit\/brooks-uprise-crossback-femme\/","url":"https:\/\/www.miomiorun.com\/fr\/produit\/brooks-uprise-crossback-femme\/","name":"Brooks UpRise Crossback femme - Soutien-gorge de sport - MioMioRun","isPartOf":{"@id":"https:\/\/www.miomiorun.com\/fr\/#website"},"primaryImageOfPage":{"@id":"https:\/\/www.miomiorun.com\/fr\/produit\/brooks-uprise-crossback-femme\/#primaryimage"},"image":{"@id":"https:\/\/www.miomiorun.com\/fr\/produit\/brooks-uprise-crossback-femme\/#primaryimage"},"thumbnailUrl":"https:\/\/www.miomiorun.com\/app\/uploads\/2021\/08\/brooks-UpRise-Crossback-300614-619.jpg","datePublished":"2021-08-04T09:29:43+00:00","dateModified":"2026-01-14T08:44:19+00:00","description":"Ce soutien-gorge de sport Brooks Uprise Crossback pour femme, a\u00e9rodynamique et magistralement con\u00e7u, est dot\u00e9 de bonnets l\u00e9gers et perfor\u00e9s.","breadcrumb":{"@id":"https:\/\/www.miomiorun.com\/fr\/produit\/brooks-uprise-crossback-femme\/#breadcrumb"},"inLanguage":"fr-FR","potentialAction":[{"@type":"ReadAction","target":["https:\/\/www.miomiorun.com\/fr\/produit\/brooks-uprise-crossback-femme\/"]}]},{"@type":"ImageObject","inLanguage":"fr-FR","@id":"https:\/\/www.miomiorun.com\/fr\/produit\/brooks-uprise-crossback-femme\/#primaryimage","url":"https:\/\/www.miomiorun.com\/app\/uploads\/2021\/08\/brooks-UpRise-Crossback-300614-619.jpg","contentUrl":"https:\/\/www.miomiorun.com\/app\/uploads\/2021\/08\/brooks-UpRise-Crossback-300614-619.jpg","width":600,"height":600,"caption":"brooks-UpRise-Crossback-300614-619"},{"@type":"BreadcrumbList","@id":"https:\/\/www.miomiorun.com\/fr\/produit\/brooks-uprise-crossback-femme\/#breadcrumb","itemListElement":[{"@type":"ListItem","position":1,"name":"Home","item":"https:\/\/www.miomiorun.com\/fr\/home-page\/"},{"@type":"ListItem","position":2,"name":"Shop","item":"https:\/\/www.miomiorun.com\/shop\/"},{"@type":"ListItem","position":3,"name":"UpRise Crossback femme"}]},{"@type":"WebSite","@id":"https:\/\/www.miomiorun.com\/fr\/#website","url":"https:\/\/www.miomiorun.com\/fr\/","name":"MioMioRun","description":"Boutique 100% running et trail","publisher":{"@id":"https:\/\/www.miomiorun.com\/fr\/#organization"},"potentialAction":[{"@type":"SearchAction","target":{"@type":"EntryPoint","urlTemplate":"https:\/\/www.miomiorun.com\/fr\/?s={search_term_string}"},"query-input":{"@type":"PropertyValueSpecification","valueRequired":true,"valueName":"search_term_string"}}],"inLanguage":"fr-FR"},{"@type":"Organization","@id":"https:\/\/www.miomiorun.com\/fr\/#organization","name":"MioMio Run","url":"https:\/\/www.miomiorun.com\/fr\/","logo":{"@type":"ImageObject","inLanguage":"fr-FR","@id":"https:\/\/www.miomiorun.com\/fr\/#\/schema\/logo\/image\/","url":"https:\/\/www.miomiorun.com\/app\/uploads\/2019\/12\/logomio.png","contentUrl":"https:\/\/www.miomiorun.com\/app\/uploads\/2019\/12\/logomio.png","width":115,"height":82,"caption":"MioMio Run"},"image":{"@id":"https:\/\/www.miomiorun.com\/fr\/#\/schema\/logo\/image\/"},"sameAs":["https:\/\/www.facebook.com\/miomiorun\/","https:\/\/www.instagram.com\/miomiorun\/"]}]}},"_links":{"self":[{"href":"https:\/\/www.miomiorun.com\/fr\/wp-json\/wp\/v2\/product\/278642","targetHints":{"allow":["GET"]}}],"collection":[{"href":"https:\/\/www.miomiorun.com\/fr\/wp-json\/wp\/v2\/product"}],"about":[{"href":"https:\/\/www.miomiorun.com\/fr\/wp-json\/wp\/v2\/types\/product"}],"wp:featuredmedia":[{"embeddable":true,"href":"https:\/\/www.miomiorun.com\/fr\/wp-json\/wp\/v2\/media\/232917"}],"wp:attachment":[{"href":"https:\/\/www.miomiorun.com\/fr\/wp-json\/wp\/v2\/media?parent=278642"}],"wp:term":[{"taxonomy":"product_brand","embeddable":true,"href":"https:\/\/www.miomiorun.com\/fr\/wp-json\/wp\/v2\/product_brand?post=278642"},{"taxonomy":"product_cat","embeddable":true,"href":"https:\/\/www.miomiorun.com\/fr\/wp-json\/wp\/v2\/product_cat?post=278642"},{"taxonomy":"product_tag","embeddable":true,"href":"https:\/\/www.miomiorun.com\/fr\/wp-json\/wp\/v2\/product_tag?post=278642"}],"curies":[{"name":"wp","href":"https:\/\/api.w.org\/{rel}","templated":true}]}}