{"id":278640,"date":"2021-08-13T18:43:28","date_gmt":"2021-08-13T16:43:28","guid":{"rendered":"https:\/\/miomiorun.com\/prodotto\/craft-active-extreme-2-0-cn-ls-donna\/"},"modified":"2026-01-02T19:24:34","modified_gmt":"2026-01-02T18:24:34","slug":"craft-active-extreme-2-0-cn-ls-femme","status":"publish","type":"product","link":"https:\/\/www.miomiorun.com\/fr\/produit\/craft-active-extreme-2-0-cn-ls-femme\/","title":{"rendered":"Active Extreme 2.0 CN LS femme"},"content":{"rendered":"<p id=\"tw-target-text\" class=\"tw-data-text tw-text-large XcVN5d tw-ta\" dir=\"ltr\" data-placeholder=\"Traduzione\"><span class=\"Y2IQFc\" lang=\"it\"><strong>Active Extreme 2.0<\/strong> pour femme est un maillot \u00e0 manches longues fabriqu\u00e9 dans un tissu fin, l\u00e9ger et \u00e9lastique avec CoolMax Air, une fibre haute performance qui assure une gestion sup\u00e9rieure de la temp\u00e9rature corporelle pendant les entra\u00eenements intenses dans des conditions temp\u00e9r\u00e9es \u00e0 froides. <\/span><\/p>\n<p class=\"tw-data-text tw-text-large XcVN5d tw-ta\" dir=\"ltr\" data-placeholder=\"Traduzione\"><span class=\"Y2IQFc\" lang=\"it\">Les empi\u00e8cements en maille profil\u00e9e \u00e0 larges mailles assurent une excellente ventilation, tandis que la conception ergonomique en 3D offre un ajustement parfait et pr\u00e8s du corps. Con\u00e7u pour les athl\u00e8tes passionn\u00e9s. <\/span><\/p>\n<p dir=\"ltr\" data-placeholder=\"Traduzione\"><strong>Caract\u00e9ristiques :<\/strong><\/p>\n<ul>\n<li dir=\"ltr\" data-placeholder=\"Traduzione\">Maillot \u00e0 manches longues<\/li>\n<li dir=\"ltr\" data-placeholder=\"Traduzione\">Tissu fin, l\u00e9ger et \u00e9lastique<\/li>\n<li dir=\"ltr\" data-placeholder=\"Traduzione\">Fabriqu\u00e9 en fibre CoolMax<\/li>\n<\/ul>\n<p dir=\"ltr\" data-placeholder=\"Traduzione\">\n","protected":false},"excerpt":{"rendered":"<p>Active Extreme 2.0 pour femme est un maillot \u00e0 manches longues fabriqu\u00e9 dans un tissu fin, l\u00e9ger et \u00e9lastique avec CoolMax Air, une fibre haute performance qui assure une gestion sup\u00e9rieure de la temp\u00e9rature corporelle pendant les entra\u00eenements intenses dans des conditions temp\u00e9r\u00e9es \u00e0 froides. Les empi\u00e8cements en maille profil\u00e9e \u00e0 larges mailles assurent une &hellip; <a href=\"https:\/\/www.miomiorun.com\/fr\/produit\/craft-active-extreme-2-0-cn-ls-femme\/\">Continued<\/a><\/p>\n","protected":false},"featured_media":232981,"template":"","meta":{"_acf_changed":false,"inline_featured_image":false},"product_brand":[],"product_cat":[22600,22596,22595],"product_tag":[23554,23648],"class_list":{"0":"post-278640","1":"product","2":"type-product","3":"status-publish","4":"has-post-thumbnail","6":"product_cat-sous-vetements","7":"product_cat-vetements-pour-femmes","8":"product_cat-femme","9":"product_tag-craft-fr","10":"product_tag-craft-femme","11":"pa_attivita-marcher","12":"pa_attivita-outdoor-fr","13":"pa_attivita-running-fr","14":"pa_attivita-trail-fr","15":"pa_colore-active-extreme-2-0-cn-ls-w-deep-calypso-fr","16":"pa_colore-active-extreme-2-0-cn-ls-w-white-fr","17":"pa_marca-craft-fr","18":"pa_sesso-femme","19":"pa_size-extra-small-fr","20":"pa_size-large-fr","22":"first","23":"instock","24":"sale","25":"taxable","26":"shipping-taxable","27":"purchasable","28":"product-type-variable","29":"wvs-archive-product-wrapper"},"acf":[],"yoast_head":"<!-- This site is optimized with the Yoast SEO plugin v26.8 - https:\/\/yoast.com\/product\/yoast-seo-wordpress\/ -->\n<title>Craft Active Extreme 2.0 CN LS femme - Maillot de course \u00e0 pied - MioMioRun<\/title>\n<meta name=\"description\" content=\"Active Extreme 2.0 pour femme est un maillot \u00e0 manches longues confectionn\u00e9 dans un tissu fin, l\u00e9ger et \u00e9lastique avec CoolMax Air.\" \/>\n<meta name=\"robots\" content=\"index, follow, max-snippet:-1, max-image-preview:large, max-video-preview:-1\" \/>\n<link rel=\"canonical\" href=\"https:\/\/www.miomiorun.com\/fr\/produit\/craft-active-extreme-2-0-cn-ls-femme\/\" \/>\n<meta property=\"og:locale\" content=\"fr_FR\" \/>\n<meta property=\"og:type\" content=\"article\" \/>\n<meta property=\"og:title\" content=\"Craft Active Extreme 2.0 CN LS femme - Maillot de course \u00e0 pied - MioMioRun\" \/>\n<meta property=\"og:description\" content=\"Active Extreme 2.0 pour femme est un maillot \u00e0 manches longues confectionn\u00e9 dans un tissu fin, l\u00e9ger et \u00e9lastique avec CoolMax Air.\" \/>\n<meta property=\"og:url\" content=\"https:\/\/www.miomiorun.com\/fr\/produit\/craft-active-extreme-2-0-cn-ls-femme\/\" \/>\n<meta property=\"og:site_name\" content=\"MioMioRun\" \/>\n<meta property=\"article:publisher\" content=\"https:\/\/www.facebook.com\/miomiorun\/\" \/>\n<meta property=\"article:modified_time\" content=\"2026-01-02T18:24:34+00:00\" \/>\n<meta property=\"og:image\" content=\"https:\/\/www.miomiorun.com\/app\/uploads\/2021\/08\/craft-Active-extreme-2.0-CN-LS-1904491-1900.jpg\" \/>\n\t<meta property=\"og:image:width\" content=\"600\" \/>\n\t<meta property=\"og:image:height\" content=\"600\" \/>\n\t<meta property=\"og:image:type\" content=\"image\/jpeg\" \/>\n<meta name=\"twitter:card\" content=\"summary_large_image\" \/>\n<meta name=\"twitter:label1\" content=\"Est. reading time\" \/>\n\t<meta name=\"twitter:data1\" content=\"1 minute\" \/>\n<script type=\"application\/ld+json\" class=\"yoast-schema-graph\">{\"@context\":\"https:\/\/schema.org\",\"@graph\":[{\"@type\":\"WebPage\",\"@id\":\"https:\/\/www.miomiorun.com\/fr\/produit\/craft-active-extreme-2-0-cn-ls-femme\/\",\"url\":\"https:\/\/www.miomiorun.com\/fr\/produit\/craft-active-extreme-2-0-cn-ls-femme\/\",\"name\":\"Craft Active Extreme 2.0 CN LS femme - Maillot de course \u00e0 pied - MioMioRun\",\"isPartOf\":{\"@id\":\"https:\/\/www.miomiorun.com\/fr\/#website\"},\"primaryImageOfPage\":{\"@id\":\"https:\/\/www.miomiorun.com\/fr\/produit\/craft-active-extreme-2-0-cn-ls-femme\/#primaryimage\"},\"image\":{\"@id\":\"https:\/\/www.miomiorun.com\/fr\/produit\/craft-active-extreme-2-0-cn-ls-femme\/#primaryimage\"},\"thumbnailUrl\":\"https:\/\/www.miomiorun.com\/app\/uploads\/2021\/08\/craft-Active-extreme-2.0-CN-LS-1904491-1900.jpg\",\"datePublished\":\"2021-08-13T16:43:28+00:00\",\"dateModified\":\"2026-01-02T18:24:34+00:00\",\"description\":\"Active Extreme 2.0 pour femme est un maillot \u00e0 manches longues confectionn\u00e9 dans un tissu fin, l\u00e9ger et \u00e9lastique avec CoolMax Air.\",\"breadcrumb\":{\"@id\":\"https:\/\/www.miomiorun.com\/fr\/produit\/craft-active-extreme-2-0-cn-ls-femme\/#breadcrumb\"},\"inLanguage\":\"fr-FR\",\"potentialAction\":[{\"@type\":\"ReadAction\",\"target\":[\"https:\/\/www.miomiorun.com\/fr\/produit\/craft-active-extreme-2-0-cn-ls-femme\/\"]}]},{\"@type\":\"ImageObject\",\"inLanguage\":\"fr-FR\",\"@id\":\"https:\/\/www.miomiorun.com\/fr\/produit\/craft-active-extreme-2-0-cn-ls-femme\/#primaryimage\",\"url\":\"https:\/\/www.miomiorun.com\/app\/uploads\/2021\/08\/craft-Active-extreme-2.0-CN-LS-1904491-1900.jpg\",\"contentUrl\":\"https:\/\/www.miomiorun.com\/app\/uploads\/2021\/08\/craft-Active-extreme-2.0-CN-LS-1904491-1900.jpg\",\"width\":600,\"height\":600,\"caption\":\"craft-Active-extreme-2.0-CN-LS-1904491-1900\"},{\"@type\":\"BreadcrumbList\",\"@id\":\"https:\/\/www.miomiorun.com\/fr\/produit\/craft-active-extreme-2-0-cn-ls-femme\/#breadcrumb\",\"itemListElement\":[{\"@type\":\"ListItem\",\"position\":1,\"name\":\"Home\",\"item\":\"https:\/\/www.miomiorun.com\/fr\/home-page\/\"},{\"@type\":\"ListItem\",\"position\":2,\"name\":\"Shop\",\"item\":\"https:\/\/www.miomiorun.com\/shop\/\"},{\"@type\":\"ListItem\",\"position\":3,\"name\":\"Active Extreme 2.0 CN LS femme\"}]},{\"@type\":\"WebSite\",\"@id\":\"https:\/\/www.miomiorun.com\/fr\/#website\",\"url\":\"https:\/\/www.miomiorun.com\/fr\/\",\"name\":\"MioMioRun\",\"description\":\"Boutique 100% running et trail\",\"publisher\":{\"@id\":\"https:\/\/www.miomiorun.com\/fr\/#organization\"},\"potentialAction\":[{\"@type\":\"SearchAction\",\"target\":{\"@type\":\"EntryPoint\",\"urlTemplate\":\"https:\/\/www.miomiorun.com\/fr\/?s={search_term_string}\"},\"query-input\":{\"@type\":\"PropertyValueSpecification\",\"valueRequired\":true,\"valueName\":\"search_term_string\"}}],\"inLanguage\":\"fr-FR\"},{\"@type\":\"Organization\",\"@id\":\"https:\/\/www.miomiorun.com\/fr\/#organization\",\"name\":\"MioMio Run\",\"url\":\"https:\/\/www.miomiorun.com\/fr\/\",\"logo\":{\"@type\":\"ImageObject\",\"inLanguage\":\"fr-FR\",\"@id\":\"https:\/\/www.miomiorun.com\/fr\/#\/schema\/logo\/image\/\",\"url\":\"https:\/\/www.miomiorun.com\/app\/uploads\/2019\/12\/logomio.png\",\"contentUrl\":\"https:\/\/www.miomiorun.com\/app\/uploads\/2019\/12\/logomio.png\",\"width\":115,\"height\":82,\"caption\":\"MioMio Run\"},\"image\":{\"@id\":\"https:\/\/www.miomiorun.com\/fr\/#\/schema\/logo\/image\/\"},\"sameAs\":[\"https:\/\/www.facebook.com\/miomiorun\/\",\"https:\/\/www.instagram.com\/miomiorun\/\"]}]}<\/script>\n<!-- \/ Yoast SEO plugin. -->","yoast_head_json":{"title":"Craft Active Extreme 2.0 CN LS femme - Maillot de course \u00e0 pied - MioMioRun","description":"Active Extreme 2.0 pour femme est un maillot \u00e0 manches longues confectionn\u00e9 dans un tissu fin, l\u00e9ger et \u00e9lastique avec CoolMax Air.","robots":{"index":"index","follow":"follow","max-snippet":"max-snippet:-1","max-image-preview":"max-image-preview:large","max-video-preview":"max-video-preview:-1"},"canonical":"https:\/\/www.miomiorun.com\/fr\/produit\/craft-active-extreme-2-0-cn-ls-femme\/","og_locale":"fr_FR","og_type":"article","og_title":"Craft Active Extreme 2.0 CN LS femme - Maillot de course \u00e0 pied - MioMioRun","og_description":"Active Extreme 2.0 pour femme est un maillot \u00e0 manches longues confectionn\u00e9 dans un tissu fin, l\u00e9ger et \u00e9lastique avec CoolMax Air.","og_url":"https:\/\/www.miomiorun.com\/fr\/produit\/craft-active-extreme-2-0-cn-ls-femme\/","og_site_name":"MioMioRun","article_publisher":"https:\/\/www.facebook.com\/miomiorun\/","article_modified_time":"2026-01-02T18:24:34+00:00","og_image":[{"width":600,"height":600,"url":"https:\/\/www.miomiorun.com\/app\/uploads\/2021\/08\/craft-Active-extreme-2.0-CN-LS-1904491-1900.jpg","type":"image\/jpeg"}],"twitter_card":"summary_large_image","twitter_misc":{"Est. reading time":"1 minute"},"schema":{"@context":"https:\/\/schema.org","@graph":[{"@type":"WebPage","@id":"https:\/\/www.miomiorun.com\/fr\/produit\/craft-active-extreme-2-0-cn-ls-femme\/","url":"https:\/\/www.miomiorun.com\/fr\/produit\/craft-active-extreme-2-0-cn-ls-femme\/","name":"Craft Active Extreme 2.0 CN LS femme - Maillot de course \u00e0 pied - MioMioRun","isPartOf":{"@id":"https:\/\/www.miomiorun.com\/fr\/#website"},"primaryImageOfPage":{"@id":"https:\/\/www.miomiorun.com\/fr\/produit\/craft-active-extreme-2-0-cn-ls-femme\/#primaryimage"},"image":{"@id":"https:\/\/www.miomiorun.com\/fr\/produit\/craft-active-extreme-2-0-cn-ls-femme\/#primaryimage"},"thumbnailUrl":"https:\/\/www.miomiorun.com\/app\/uploads\/2021\/08\/craft-Active-extreme-2.0-CN-LS-1904491-1900.jpg","datePublished":"2021-08-13T16:43:28+00:00","dateModified":"2026-01-02T18:24:34+00:00","description":"Active Extreme 2.0 pour femme est un maillot \u00e0 manches longues confectionn\u00e9 dans un tissu fin, l\u00e9ger et \u00e9lastique avec CoolMax Air.","breadcrumb":{"@id":"https:\/\/www.miomiorun.com\/fr\/produit\/craft-active-extreme-2-0-cn-ls-femme\/#breadcrumb"},"inLanguage":"fr-FR","potentialAction":[{"@type":"ReadAction","target":["https:\/\/www.miomiorun.com\/fr\/produit\/craft-active-extreme-2-0-cn-ls-femme\/"]}]},{"@type":"ImageObject","inLanguage":"fr-FR","@id":"https:\/\/www.miomiorun.com\/fr\/produit\/craft-active-extreme-2-0-cn-ls-femme\/#primaryimage","url":"https:\/\/www.miomiorun.com\/app\/uploads\/2021\/08\/craft-Active-extreme-2.0-CN-LS-1904491-1900.jpg","contentUrl":"https:\/\/www.miomiorun.com\/app\/uploads\/2021\/08\/craft-Active-extreme-2.0-CN-LS-1904491-1900.jpg","width":600,"height":600,"caption":"craft-Active-extreme-2.0-CN-LS-1904491-1900"},{"@type":"BreadcrumbList","@id":"https:\/\/www.miomiorun.com\/fr\/produit\/craft-active-extreme-2-0-cn-ls-femme\/#breadcrumb","itemListElement":[{"@type":"ListItem","position":1,"name":"Home","item":"https:\/\/www.miomiorun.com\/fr\/home-page\/"},{"@type":"ListItem","position":2,"name":"Shop","item":"https:\/\/www.miomiorun.com\/shop\/"},{"@type":"ListItem","position":3,"name":"Active Extreme 2.0 CN LS femme"}]},{"@type":"WebSite","@id":"https:\/\/www.miomiorun.com\/fr\/#website","url":"https:\/\/www.miomiorun.com\/fr\/","name":"MioMioRun","description":"Boutique 100% running et trail","publisher":{"@id":"https:\/\/www.miomiorun.com\/fr\/#organization"},"potentialAction":[{"@type":"SearchAction","target":{"@type":"EntryPoint","urlTemplate":"https:\/\/www.miomiorun.com\/fr\/?s={search_term_string}"},"query-input":{"@type":"PropertyValueSpecification","valueRequired":true,"valueName":"search_term_string"}}],"inLanguage":"fr-FR"},{"@type":"Organization","@id":"https:\/\/www.miomiorun.com\/fr\/#organization","name":"MioMio Run","url":"https:\/\/www.miomiorun.com\/fr\/","logo":{"@type":"ImageObject","inLanguage":"fr-FR","@id":"https:\/\/www.miomiorun.com\/fr\/#\/schema\/logo\/image\/","url":"https:\/\/www.miomiorun.com\/app\/uploads\/2019\/12\/logomio.png","contentUrl":"https:\/\/www.miomiorun.com\/app\/uploads\/2019\/12\/logomio.png","width":115,"height":82,"caption":"MioMio Run"},"image":{"@id":"https:\/\/www.miomiorun.com\/fr\/#\/schema\/logo\/image\/"},"sameAs":["https:\/\/www.facebook.com\/miomiorun\/","https:\/\/www.instagram.com\/miomiorun\/"]}]}},"_links":{"self":[{"href":"https:\/\/www.miomiorun.com\/fr\/wp-json\/wp\/v2\/product\/278640","targetHints":{"allow":["GET"]}}],"collection":[{"href":"https:\/\/www.miomiorun.com\/fr\/wp-json\/wp\/v2\/product"}],"about":[{"href":"https:\/\/www.miomiorun.com\/fr\/wp-json\/wp\/v2\/types\/product"}],"wp:featuredmedia":[{"embeddable":true,"href":"https:\/\/www.miomiorun.com\/fr\/wp-json\/wp\/v2\/media\/232981"}],"wp:attachment":[{"href":"https:\/\/www.miomiorun.com\/fr\/wp-json\/wp\/v2\/media?parent=278640"}],"wp:term":[{"taxonomy":"product_brand","embeddable":true,"href":"https:\/\/www.miomiorun.com\/fr\/wp-json\/wp\/v2\/product_brand?post=278640"},{"taxonomy":"product_cat","embeddable":true,"href":"https:\/\/www.miomiorun.com\/fr\/wp-json\/wp\/v2\/product_cat?post=278640"},{"taxonomy":"product_tag","embeddable":true,"href":"https:\/\/www.miomiorun.com\/fr\/wp-json\/wp\/v2\/product_tag?post=278640"}],"curies":[{"name":"wp","href":"https:\/\/api.w.org\/{rel}","templated":true}]}}