{"id":278630,"date":"2021-08-12T19:03:51","date_gmt":"2021-08-12T17:03:51","guid":{"rendered":"https:\/\/miomiorun.com\/prodotto\/craft-warm-comfort-ls-donna\/"},"modified":"2026-01-14T09:47:09","modified_gmt":"2026-01-14T08:47:09","slug":"craft-warm-comfort-ls-femme","status":"publish","type":"product","link":"https:\/\/www.miomiorun.com\/fr\/produit\/craft-warm-comfort-ls-femme\/","title":{"rendered":"Warm Comfort LS femme"},"content":{"rendered":"<p>Le <strong>Warm Comfort LS<\/strong> pour femme de Craft est un pull doux et fonctionnel con\u00e7u pour les entra\u00eenements intenses par temps froid.<\/p>\n<p>Ce maillot \u00e0 manches longues est fabriqu\u00e9 dans un fil thermique l\u00e9ger et dot\u00e9 de fibres creuses et de zones climatiques bodymapped qui, ensemble, offrent une excellente thermor\u00e9gulation. De plus, ce v\u00eatement b\u00e9n\u00e9ficie de la technologie innovante Fuseknit, qui combine des parties tricot\u00e9es sans coutures avec des coutures ergonomiques et strat\u00e9giques pour cr\u00e9er des v\u00eatements souples et \u00e9lastiques. Il en r\u00e9sulte moins de coutures et une exp\u00e9rience fluide, sans frottements et tr\u00e8s confortable. Un excellent choix pour le ski alpin et les activit\u00e9s similaires.<\/p>\n<p><strong>Caract\u00e9ristiques :<\/strong><\/p>\n<ul>\n<li>Fil thermique l\u00e9ger qui assure une excellente thermor\u00e9gulation.<\/li>\n<li>Fibres creuses pour une meilleure isolation.<\/li>\n<li>Torse sans coutures.<\/li>\n<li>Maillot 3D, coupe ergonomique.<\/li>\n<li>Adh\u00e9rent.<\/li>\n<li>Temp\u00e9rature : de -15 \u00b0C \u00e0 -5 \u00b0C.<\/li>\n<\/ul>\n","protected":false},"excerpt":{"rendered":"<p>Le Warm Comfort LS pour femme de Craft est un pull doux et fonctionnel con\u00e7u pour les entra\u00eenements intenses par temps froid. Ce maillot \u00e0 manches longues est fabriqu\u00e9 dans un fil thermique l\u00e9ger et dot\u00e9 de fibres creuses et de zones climatiques bodymapped qui, ensemble, offrent une excellente thermor\u00e9gulation. De plus, ce v\u00eatement b\u00e9n\u00e9ficie &hellip; <a href=\"https:\/\/www.miomiorun.com\/fr\/produit\/craft-warm-comfort-ls-femme\/\">Continued<\/a><\/p>\n","protected":false},"featured_media":233095,"template":"","meta":{"_acf_changed":false,"inline_featured_image":false},"product_brand":[],"product_cat":[22600,22596,22595],"product_tag":[23554,23648],"class_list":{"0":"post-278630","1":"product","2":"type-product","3":"status-publish","4":"has-post-thumbnail","6":"product_cat-sous-vetements","7":"product_cat-vetements-pour-femmes","8":"product_cat-femme","9":"product_tag-craft-fr","10":"product_tag-craft-femme","11":"pa_attivita-marcher","12":"pa_attivita-outdoor-fr","13":"pa_attivita-running-fr","14":"pa_attivita-trail-fr","15":"pa_marca-craft-fr","16":"pa_sesso-femme","17":"pa_size-extra-small-fr","18":"pa_size-small-fr","19":"pa_size-large-fr","20":"pa_size-extra-large-fr","22":"first","23":"instock","24":"sale","25":"taxable","26":"shipping-taxable","27":"purchasable","28":"product-type-variable","29":"wvs-archive-product-wrapper"},"acf":[],"yoast_head":"<!-- This site is optimized with the Yoast SEO plugin v26.8 - https:\/\/yoast.com\/product\/yoast-seo-wordpress\/ -->\n<title>Craft Warm Comfort LS femme - Sous-v\u00eatements thermiques- MioMioRun<\/title>\n<meta name=\"description\" content=\"Le Warm Comfort LS pour femme de Craft est un pull doux et fonctionnel con\u00e7u pour les entra\u00eenements intenses par temps froid.\" \/>\n<meta name=\"robots\" content=\"index, follow, max-snippet:-1, max-image-preview:large, max-video-preview:-1\" \/>\n<link rel=\"canonical\" href=\"https:\/\/www.miomiorun.com\/fr\/produit\/craft-warm-comfort-ls-femme\/\" \/>\n<meta property=\"og:locale\" content=\"fr_FR\" \/>\n<meta property=\"og:type\" content=\"article\" \/>\n<meta property=\"og:title\" content=\"Craft Warm Comfort LS femme - Sous-v\u00eatements thermiques- MioMioRun\" \/>\n<meta property=\"og:description\" content=\"Le Warm Comfort LS pour femme de Craft est un pull doux et fonctionnel con\u00e7u pour les entra\u00eenements intenses par temps froid.\" \/>\n<meta property=\"og:url\" content=\"https:\/\/www.miomiorun.com\/fr\/produit\/craft-warm-comfort-ls-femme\/\" \/>\n<meta property=\"og:site_name\" content=\"MioMioRun\" \/>\n<meta property=\"article:publisher\" content=\"https:\/\/www.facebook.com\/miomiorun\/\" \/>\n<meta property=\"article:modified_time\" content=\"2026-01-14T08:47:09+00:00\" \/>\n<meta property=\"og:image\" content=\"https:\/\/www.miomiorun.com\/app\/uploads\/2021\/08\/craft-Warm-comfort-LS-1906606-999000.jpg\" \/>\n\t<meta property=\"og:image:width\" content=\"600\" \/>\n\t<meta property=\"og:image:height\" content=\"600\" \/>\n\t<meta property=\"og:image:type\" content=\"image\/jpeg\" \/>\n<meta name=\"twitter:card\" content=\"summary_large_image\" \/>\n<meta name=\"twitter:label1\" content=\"Est. reading time\" \/>\n\t<meta name=\"twitter:data1\" content=\"1 minute\" \/>\n<script type=\"application\/ld+json\" class=\"yoast-schema-graph\">{\"@context\":\"https:\/\/schema.org\",\"@graph\":[{\"@type\":\"WebPage\",\"@id\":\"https:\/\/www.miomiorun.com\/fr\/produit\/craft-warm-comfort-ls-femme\/\",\"url\":\"https:\/\/www.miomiorun.com\/fr\/produit\/craft-warm-comfort-ls-femme\/\",\"name\":\"Craft Warm Comfort LS femme - Sous-v\u00eatements thermiques- MioMioRun\",\"isPartOf\":{\"@id\":\"https:\/\/www.miomiorun.com\/fr\/#website\"},\"primaryImageOfPage\":{\"@id\":\"https:\/\/www.miomiorun.com\/fr\/produit\/craft-warm-comfort-ls-femme\/#primaryimage\"},\"image\":{\"@id\":\"https:\/\/www.miomiorun.com\/fr\/produit\/craft-warm-comfort-ls-femme\/#primaryimage\"},\"thumbnailUrl\":\"https:\/\/www.miomiorun.com\/app\/uploads\/2021\/08\/craft-Warm-comfort-LS-1906606-999000.jpg\",\"datePublished\":\"2021-08-12T17:03:51+00:00\",\"dateModified\":\"2026-01-14T08:47:09+00:00\",\"description\":\"Le Warm Comfort LS pour femme de Craft est un pull doux et fonctionnel con\u00e7u pour les entra\u00eenements intenses par temps froid.\",\"breadcrumb\":{\"@id\":\"https:\/\/www.miomiorun.com\/fr\/produit\/craft-warm-comfort-ls-femme\/#breadcrumb\"},\"inLanguage\":\"fr-FR\",\"potentialAction\":[{\"@type\":\"ReadAction\",\"target\":[\"https:\/\/www.miomiorun.com\/fr\/produit\/craft-warm-comfort-ls-femme\/\"]}]},{\"@type\":\"ImageObject\",\"inLanguage\":\"fr-FR\",\"@id\":\"https:\/\/www.miomiorun.com\/fr\/produit\/craft-warm-comfort-ls-femme\/#primaryimage\",\"url\":\"https:\/\/www.miomiorun.com\/app\/uploads\/2021\/08\/craft-Warm-comfort-LS-1906606-999000.jpg\",\"contentUrl\":\"https:\/\/www.miomiorun.com\/app\/uploads\/2021\/08\/craft-Warm-comfort-LS-1906606-999000.jpg\",\"width\":600,\"height\":600,\"caption\":\"craft warm comfort ls\"},{\"@type\":\"BreadcrumbList\",\"@id\":\"https:\/\/www.miomiorun.com\/fr\/produit\/craft-warm-comfort-ls-femme\/#breadcrumb\",\"itemListElement\":[{\"@type\":\"ListItem\",\"position\":1,\"name\":\"Home\",\"item\":\"https:\/\/www.miomiorun.com\/fr\/home-page\/\"},{\"@type\":\"ListItem\",\"position\":2,\"name\":\"Shop\",\"item\":\"https:\/\/www.miomiorun.com\/shop\/\"},{\"@type\":\"ListItem\",\"position\":3,\"name\":\"Warm Comfort LS femme\"}]},{\"@type\":\"WebSite\",\"@id\":\"https:\/\/www.miomiorun.com\/fr\/#website\",\"url\":\"https:\/\/www.miomiorun.com\/fr\/\",\"name\":\"MioMioRun\",\"description\":\"Boutique 100% running et trail\",\"publisher\":{\"@id\":\"https:\/\/www.miomiorun.com\/fr\/#organization\"},\"potentialAction\":[{\"@type\":\"SearchAction\",\"target\":{\"@type\":\"EntryPoint\",\"urlTemplate\":\"https:\/\/www.miomiorun.com\/fr\/?s={search_term_string}\"},\"query-input\":{\"@type\":\"PropertyValueSpecification\",\"valueRequired\":true,\"valueName\":\"search_term_string\"}}],\"inLanguage\":\"fr-FR\"},{\"@type\":\"Organization\",\"@id\":\"https:\/\/www.miomiorun.com\/fr\/#organization\",\"name\":\"MioMio Run\",\"url\":\"https:\/\/www.miomiorun.com\/fr\/\",\"logo\":{\"@type\":\"ImageObject\",\"inLanguage\":\"fr-FR\",\"@id\":\"https:\/\/www.miomiorun.com\/fr\/#\/schema\/logo\/image\/\",\"url\":\"https:\/\/www.miomiorun.com\/app\/uploads\/2019\/12\/logomio.png\",\"contentUrl\":\"https:\/\/www.miomiorun.com\/app\/uploads\/2019\/12\/logomio.png\",\"width\":115,\"height\":82,\"caption\":\"MioMio Run\"},\"image\":{\"@id\":\"https:\/\/www.miomiorun.com\/fr\/#\/schema\/logo\/image\/\"},\"sameAs\":[\"https:\/\/www.facebook.com\/miomiorun\/\",\"https:\/\/www.instagram.com\/miomiorun\/\"]}]}<\/script>\n<!-- \/ Yoast SEO plugin. -->","yoast_head_json":{"title":"Craft Warm Comfort LS femme - Sous-v\u00eatements thermiques- MioMioRun","description":"Le Warm Comfort LS pour femme de Craft est un pull doux et fonctionnel con\u00e7u pour les entra\u00eenements intenses par temps froid.","robots":{"index":"index","follow":"follow","max-snippet":"max-snippet:-1","max-image-preview":"max-image-preview:large","max-video-preview":"max-video-preview:-1"},"canonical":"https:\/\/www.miomiorun.com\/fr\/produit\/craft-warm-comfort-ls-femme\/","og_locale":"fr_FR","og_type":"article","og_title":"Craft Warm Comfort LS femme - Sous-v\u00eatements thermiques- MioMioRun","og_description":"Le Warm Comfort LS pour femme de Craft est un pull doux et fonctionnel con\u00e7u pour les entra\u00eenements intenses par temps froid.","og_url":"https:\/\/www.miomiorun.com\/fr\/produit\/craft-warm-comfort-ls-femme\/","og_site_name":"MioMioRun","article_publisher":"https:\/\/www.facebook.com\/miomiorun\/","article_modified_time":"2026-01-14T08:47:09+00:00","og_image":[{"width":600,"height":600,"url":"https:\/\/www.miomiorun.com\/app\/uploads\/2021\/08\/craft-Warm-comfort-LS-1906606-999000.jpg","type":"image\/jpeg"}],"twitter_card":"summary_large_image","twitter_misc":{"Est. reading time":"1 minute"},"schema":{"@context":"https:\/\/schema.org","@graph":[{"@type":"WebPage","@id":"https:\/\/www.miomiorun.com\/fr\/produit\/craft-warm-comfort-ls-femme\/","url":"https:\/\/www.miomiorun.com\/fr\/produit\/craft-warm-comfort-ls-femme\/","name":"Craft Warm Comfort LS femme - Sous-v\u00eatements thermiques- MioMioRun","isPartOf":{"@id":"https:\/\/www.miomiorun.com\/fr\/#website"},"primaryImageOfPage":{"@id":"https:\/\/www.miomiorun.com\/fr\/produit\/craft-warm-comfort-ls-femme\/#primaryimage"},"image":{"@id":"https:\/\/www.miomiorun.com\/fr\/produit\/craft-warm-comfort-ls-femme\/#primaryimage"},"thumbnailUrl":"https:\/\/www.miomiorun.com\/app\/uploads\/2021\/08\/craft-Warm-comfort-LS-1906606-999000.jpg","datePublished":"2021-08-12T17:03:51+00:00","dateModified":"2026-01-14T08:47:09+00:00","description":"Le Warm Comfort LS pour femme de Craft est un pull doux et fonctionnel con\u00e7u pour les entra\u00eenements intenses par temps froid.","breadcrumb":{"@id":"https:\/\/www.miomiorun.com\/fr\/produit\/craft-warm-comfort-ls-femme\/#breadcrumb"},"inLanguage":"fr-FR","potentialAction":[{"@type":"ReadAction","target":["https:\/\/www.miomiorun.com\/fr\/produit\/craft-warm-comfort-ls-femme\/"]}]},{"@type":"ImageObject","inLanguage":"fr-FR","@id":"https:\/\/www.miomiorun.com\/fr\/produit\/craft-warm-comfort-ls-femme\/#primaryimage","url":"https:\/\/www.miomiorun.com\/app\/uploads\/2021\/08\/craft-Warm-comfort-LS-1906606-999000.jpg","contentUrl":"https:\/\/www.miomiorun.com\/app\/uploads\/2021\/08\/craft-Warm-comfort-LS-1906606-999000.jpg","width":600,"height":600,"caption":"craft warm comfort ls"},{"@type":"BreadcrumbList","@id":"https:\/\/www.miomiorun.com\/fr\/produit\/craft-warm-comfort-ls-femme\/#breadcrumb","itemListElement":[{"@type":"ListItem","position":1,"name":"Home","item":"https:\/\/www.miomiorun.com\/fr\/home-page\/"},{"@type":"ListItem","position":2,"name":"Shop","item":"https:\/\/www.miomiorun.com\/shop\/"},{"@type":"ListItem","position":3,"name":"Warm Comfort LS femme"}]},{"@type":"WebSite","@id":"https:\/\/www.miomiorun.com\/fr\/#website","url":"https:\/\/www.miomiorun.com\/fr\/","name":"MioMioRun","description":"Boutique 100% running et trail","publisher":{"@id":"https:\/\/www.miomiorun.com\/fr\/#organization"},"potentialAction":[{"@type":"SearchAction","target":{"@type":"EntryPoint","urlTemplate":"https:\/\/www.miomiorun.com\/fr\/?s={search_term_string}"},"query-input":{"@type":"PropertyValueSpecification","valueRequired":true,"valueName":"search_term_string"}}],"inLanguage":"fr-FR"},{"@type":"Organization","@id":"https:\/\/www.miomiorun.com\/fr\/#organization","name":"MioMio Run","url":"https:\/\/www.miomiorun.com\/fr\/","logo":{"@type":"ImageObject","inLanguage":"fr-FR","@id":"https:\/\/www.miomiorun.com\/fr\/#\/schema\/logo\/image\/","url":"https:\/\/www.miomiorun.com\/app\/uploads\/2019\/12\/logomio.png","contentUrl":"https:\/\/www.miomiorun.com\/app\/uploads\/2019\/12\/logomio.png","width":115,"height":82,"caption":"MioMio Run"},"image":{"@id":"https:\/\/www.miomiorun.com\/fr\/#\/schema\/logo\/image\/"},"sameAs":["https:\/\/www.facebook.com\/miomiorun\/","https:\/\/www.instagram.com\/miomiorun\/"]}]}},"_links":{"self":[{"href":"https:\/\/www.miomiorun.com\/fr\/wp-json\/wp\/v2\/product\/278630","targetHints":{"allow":["GET"]}}],"collection":[{"href":"https:\/\/www.miomiorun.com\/fr\/wp-json\/wp\/v2\/product"}],"about":[{"href":"https:\/\/www.miomiorun.com\/fr\/wp-json\/wp\/v2\/types\/product"}],"wp:featuredmedia":[{"embeddable":true,"href":"https:\/\/www.miomiorun.com\/fr\/wp-json\/wp\/v2\/media\/233095"}],"wp:attachment":[{"href":"https:\/\/www.miomiorun.com\/fr\/wp-json\/wp\/v2\/media?parent=278630"}],"wp:term":[{"taxonomy":"product_brand","embeddable":true,"href":"https:\/\/www.miomiorun.com\/fr\/wp-json\/wp\/v2\/product_brand?post=278630"},{"taxonomy":"product_cat","embeddable":true,"href":"https:\/\/www.miomiorun.com\/fr\/wp-json\/wp\/v2\/product_cat?post=278630"},{"taxonomy":"product_tag","embeddable":true,"href":"https:\/\/www.miomiorun.com\/fr\/wp-json\/wp\/v2\/product_tag?post=278630"}],"curies":[{"name":"wp","href":"https:\/\/api.w.org\/{rel}","templated":true}]}}