{"id":278544,"date":"2021-08-14T09:54:00","date_gmt":"2021-08-14T07:54:00","guid":{"rendered":"https:\/\/miomiorun.com\/prodotto\/craft-warm-fuseknit-comfort-rn-ls-uomo\/"},"modified":"2026-01-02T19:27:10","modified_gmt":"2026-01-02T18:27:10","slug":"craft-warm-fuseknit-comfort-rn-ls-homme","status":"publish","type":"product","link":"https:\/\/www.miomiorun.com\/fr\/produit\/craft-warm-fuseknit-comfort-rn-ls-homme\/","title":{"rendered":"Warm Fuseknit Comfort RN LS homme"},"content":{"rendered":"<p>Le <\/p>\n<p id=\"tw-target-text\" class=\"tw-data-text tw-text-large XcVN5d tw-ta\" dir=\"ltr\" data-placeholder=\"Traduzione\"><span class=\"Y2IQFc\" lang=\"it\"><strong>Fuseknit Comfort RN LS<\/strong> pour homme est fabriqu\u00e9 \u00e0 partir d&#8217;un fil l\u00e9ger et chaud pour une thermor\u00e9gulation optimale. Il offre une excellente \u00e9vacuation de l&#8217;humidit\u00e9 pour garder votre corps au sec et \u00e0 l&#8217;aise. De plus, ce pull b\u00e9n\u00e9ficie de la technologie innovante <strong>Fuseknit<\/strong>, qui combine des parties sans coutures avec des coutures ergonomiques et strat\u00e9giques pour cr\u00e9er des v\u00eatements souples et \u00e9lastiques. Il en r\u00e9sulte moins de coutures et une exp\u00e9rience douce, sans frottements et tr\u00e8s confortable. Un choix parfait pour tous les types d&#8217;activit\u00e9s hivernales. <\/span><\/p>\n<p dir=\"ltr\" data-placeholder=\"Traduzione\"><strong>Caract\u00e9ristiques :<\/strong><\/p>\n<ul>\n<li dir=\"ltr\" data-placeholder=\"Traduzione\"><span class=\"Y2IQFc\" lang=\"it\">Coutures plates<\/span><\/li>\n<li dir=\"ltr\" data-placeholder=\"Traduzione\"><span class=\"Y2IQFc\" lang=\"it\">Bodymapped avec diff\u00e9rentes structures pour une thermor\u00e9gulation optimale<\/span><\/li>\n<li dir=\"ltr\" data-placeholder=\"Traduzione\"><span class=\"Y2IQFc\" lang=\"it\">Conception Fuseknit sans coutures pour un confort optimal<\/span><\/li>\n<li dir=\"ltr\" data-placeholder=\"Traduzione\"><span class=\"Y2IQFc\" lang=\"it\">M\u00e9lange de polyester recycl\u00e9<\/span><\/li>\n<\/ul>\n","protected":false},"excerpt":{"rendered":"<p>Le Fuseknit Comfort RN LS pour homme est fabriqu\u00e9 \u00e0 partir d&#8217;un fil l\u00e9ger et chaud pour une thermor\u00e9gulation optimale. Il offre une excellente \u00e9vacuation de l&#8217;humidit\u00e9 pour garder votre corps au sec et \u00e0 l&#8217;aise. De plus, ce pull b\u00e9n\u00e9ficie de la technologie innovante Fuseknit, qui combine des parties sans coutures avec des coutures &hellip; <a href=\"https:\/\/www.miomiorun.com\/fr\/produit\/craft-warm-fuseknit-comfort-rn-ls-homme\/\">Continued<\/a><\/p>\n","protected":false},"featured_media":233101,"template":"","meta":{"_acf_changed":false,"inline_featured_image":false},"product_brand":[],"product_cat":[24479,24482,24484],"product_tag":[23554,23647],"class_list":{"0":"post-278544","1":"product","2":"type-product","3":"status-publish","4":"has-post-thumbnail","6":"product_cat-sous-vetements-fr-2","7":"product_cat-vetements-pour-hommes-fr","8":"product_cat-homme","9":"product_tag-craft-fr","10":"product_tag-craft-homme","11":"pa_attivita-marcher","12":"pa_attivita-outdoor-fr","13":"pa_attivita-trail-fr","14":"pa_colore-fuseknit-comfort-rn-ls-black-melange-fr","15":"pa_colore-fuseknit-comfort-rn-ls-m-burst-fr","16":"pa_colore-fuseknit-comfort-rn-ls-m-maritime-fr","17":"pa_marca-craft-fr","18":"pa_sesso-homme","19":"pa_size-medium-fr","20":"pa_size-large-fr","22":"first","23":"instock","24":"sale","25":"taxable","26":"shipping-taxable","27":"purchasable","28":"product-type-variable","29":"wvs-archive-product-wrapper"},"acf":[],"yoast_head":"<!-- This site is optimized with the Yoast SEO plugin v26.8 - https:\/\/yoast.com\/product\/yoast-seo-wordpress\/ -->\n<title>Craft Warm Fuseknit Comfort RN LS homme - Sous-v\u00eatements thermiques - MioMioRun<\/title>\n<meta name=\"description\" content=\"Le Fuseknit Comfort RN LS\u00a0 pour homme est fabriqu\u00e9 dans un fil l\u00e9ger et chaud pour une thermor\u00e9gulation optimale et assure l&#039;\u00e9vacuation de l&#039;humidit\u00e9.\" \/>\n<meta name=\"robots\" content=\"index, follow, max-snippet:-1, max-image-preview:large, max-video-preview:-1\" \/>\n<link rel=\"canonical\" href=\"https:\/\/www.miomiorun.com\/fr\/produit\/craft-warm-fuseknit-comfort-rn-ls-homme\/\" \/>\n<meta property=\"og:locale\" content=\"fr_FR\" \/>\n<meta property=\"og:type\" content=\"article\" \/>\n<meta property=\"og:title\" content=\"Craft Warm Fuseknit Comfort RN LS homme - Sous-v\u00eatements thermiques - MioMioRun\" \/>\n<meta property=\"og:description\" content=\"Le Fuseknit Comfort RN LS\u00a0 pour homme est fabriqu\u00e9 dans un fil l\u00e9ger et chaud pour une thermor\u00e9gulation optimale et assure l&#039;\u00e9vacuation de l&#039;humidit\u00e9.\" \/>\n<meta property=\"og:url\" content=\"https:\/\/www.miomiorun.com\/fr\/produit\/craft-warm-fuseknit-comfort-rn-ls-homme\/\" \/>\n<meta property=\"og:site_name\" content=\"MioMioRun\" \/>\n<meta property=\"article:publisher\" content=\"https:\/\/www.facebook.com\/miomiorun\/\" \/>\n<meta property=\"article:modified_time\" content=\"2026-01-02T18:27:10+00:00\" \/>\n<meta property=\"og:image\" content=\"https:\/\/www.miomiorun.com\/app\/uploads\/2021\/09\/craft-Fuseknit-comfot-RN-LS-1906600-B98000.jpg\" \/>\n\t<meta property=\"og:image:width\" content=\"600\" \/>\n\t<meta property=\"og:image:height\" content=\"600\" \/>\n\t<meta property=\"og:image:type\" content=\"image\/jpeg\" \/>\n<meta name=\"twitter:card\" content=\"summary_large_image\" \/>\n<meta name=\"twitter:label1\" content=\"Est. reading time\" \/>\n\t<meta name=\"twitter:data1\" content=\"1 minute\" \/>\n<script type=\"application\/ld+json\" class=\"yoast-schema-graph\">{\"@context\":\"https:\/\/schema.org\",\"@graph\":[{\"@type\":\"WebPage\",\"@id\":\"https:\/\/www.miomiorun.com\/fr\/produit\/craft-warm-fuseknit-comfort-rn-ls-homme\/\",\"url\":\"https:\/\/www.miomiorun.com\/fr\/produit\/craft-warm-fuseknit-comfort-rn-ls-homme\/\",\"name\":\"Craft Warm Fuseknit Comfort RN LS homme - Sous-v\u00eatements thermiques - MioMioRun\",\"isPartOf\":{\"@id\":\"https:\/\/www.miomiorun.com\/fr\/#website\"},\"primaryImageOfPage\":{\"@id\":\"https:\/\/www.miomiorun.com\/fr\/produit\/craft-warm-fuseknit-comfort-rn-ls-homme\/#primaryimage\"},\"image\":{\"@id\":\"https:\/\/www.miomiorun.com\/fr\/produit\/craft-warm-fuseknit-comfort-rn-ls-homme\/#primaryimage\"},\"thumbnailUrl\":\"https:\/\/www.miomiorun.com\/app\/uploads\/2021\/09\/craft-Fuseknit-comfot-RN-LS-1906600-B98000.jpg\",\"datePublished\":\"2021-08-14T07:54:00+00:00\",\"dateModified\":\"2026-01-02T18:27:10+00:00\",\"description\":\"Le Fuseknit Comfort RN LS\u00a0 pour homme est fabriqu\u00e9 dans un fil l\u00e9ger et chaud pour une thermor\u00e9gulation optimale et assure l'\u00e9vacuation de l'humidit\u00e9.\",\"breadcrumb\":{\"@id\":\"https:\/\/www.miomiorun.com\/fr\/produit\/craft-warm-fuseknit-comfort-rn-ls-homme\/#breadcrumb\"},\"inLanguage\":\"fr-FR\",\"potentialAction\":[{\"@type\":\"ReadAction\",\"target\":[\"https:\/\/www.miomiorun.com\/fr\/produit\/craft-warm-fuseknit-comfort-rn-ls-homme\/\"]}]},{\"@type\":\"ImageObject\",\"inLanguage\":\"fr-FR\",\"@id\":\"https:\/\/www.miomiorun.com\/fr\/produit\/craft-warm-fuseknit-comfort-rn-ls-homme\/#primaryimage\",\"url\":\"https:\/\/www.miomiorun.com\/app\/uploads\/2021\/09\/craft-Fuseknit-comfot-RN-LS-1906600-B98000.jpg\",\"contentUrl\":\"https:\/\/www.miomiorun.com\/app\/uploads\/2021\/09\/craft-Fuseknit-comfot-RN-LS-1906600-B98000.jpg\",\"width\":600,\"height\":600,\"caption\":\"craft fuseknit rn ls\"},{\"@type\":\"BreadcrumbList\",\"@id\":\"https:\/\/www.miomiorun.com\/fr\/produit\/craft-warm-fuseknit-comfort-rn-ls-homme\/#breadcrumb\",\"itemListElement\":[{\"@type\":\"ListItem\",\"position\":1,\"name\":\"Home\",\"item\":\"https:\/\/www.miomiorun.com\/fr\/home-page\/\"},{\"@type\":\"ListItem\",\"position\":2,\"name\":\"Shop\",\"item\":\"https:\/\/www.miomiorun.com\/shop\/\"},{\"@type\":\"ListItem\",\"position\":3,\"name\":\"Warm Fuseknit Comfort RN LS homme\"}]},{\"@type\":\"WebSite\",\"@id\":\"https:\/\/www.miomiorun.com\/fr\/#website\",\"url\":\"https:\/\/www.miomiorun.com\/fr\/\",\"name\":\"MioMioRun\",\"description\":\"Boutique 100% running et trail\",\"publisher\":{\"@id\":\"https:\/\/www.miomiorun.com\/fr\/#organization\"},\"potentialAction\":[{\"@type\":\"SearchAction\",\"target\":{\"@type\":\"EntryPoint\",\"urlTemplate\":\"https:\/\/www.miomiorun.com\/fr\/?s={search_term_string}\"},\"query-input\":{\"@type\":\"PropertyValueSpecification\",\"valueRequired\":true,\"valueName\":\"search_term_string\"}}],\"inLanguage\":\"fr-FR\"},{\"@type\":\"Organization\",\"@id\":\"https:\/\/www.miomiorun.com\/fr\/#organization\",\"name\":\"MioMio Run\",\"url\":\"https:\/\/www.miomiorun.com\/fr\/\",\"logo\":{\"@type\":\"ImageObject\",\"inLanguage\":\"fr-FR\",\"@id\":\"https:\/\/www.miomiorun.com\/fr\/#\/schema\/logo\/image\/\",\"url\":\"https:\/\/www.miomiorun.com\/app\/uploads\/2019\/12\/logomio.png\",\"contentUrl\":\"https:\/\/www.miomiorun.com\/app\/uploads\/2019\/12\/logomio.png\",\"width\":115,\"height\":82,\"caption\":\"MioMio Run\"},\"image\":{\"@id\":\"https:\/\/www.miomiorun.com\/fr\/#\/schema\/logo\/image\/\"},\"sameAs\":[\"https:\/\/www.facebook.com\/miomiorun\/\",\"https:\/\/www.instagram.com\/miomiorun\/\"]}]}<\/script>\n<!-- \/ Yoast SEO plugin. -->","yoast_head_json":{"title":"Craft Warm Fuseknit Comfort RN LS homme - Sous-v\u00eatements thermiques - MioMioRun","description":"Le Fuseknit Comfort RN LS\u00a0 pour homme est fabriqu\u00e9 dans un fil l\u00e9ger et chaud pour une thermor\u00e9gulation optimale et assure l'\u00e9vacuation de l'humidit\u00e9.","robots":{"index":"index","follow":"follow","max-snippet":"max-snippet:-1","max-image-preview":"max-image-preview:large","max-video-preview":"max-video-preview:-1"},"canonical":"https:\/\/www.miomiorun.com\/fr\/produit\/craft-warm-fuseknit-comfort-rn-ls-homme\/","og_locale":"fr_FR","og_type":"article","og_title":"Craft Warm Fuseknit Comfort RN LS homme - Sous-v\u00eatements thermiques - MioMioRun","og_description":"Le Fuseknit Comfort RN LS\u00a0 pour homme est fabriqu\u00e9 dans un fil l\u00e9ger et chaud pour une thermor\u00e9gulation optimale et assure l'\u00e9vacuation de l'humidit\u00e9.","og_url":"https:\/\/www.miomiorun.com\/fr\/produit\/craft-warm-fuseknit-comfort-rn-ls-homme\/","og_site_name":"MioMioRun","article_publisher":"https:\/\/www.facebook.com\/miomiorun\/","article_modified_time":"2026-01-02T18:27:10+00:00","og_image":[{"width":600,"height":600,"url":"https:\/\/www.miomiorun.com\/app\/uploads\/2021\/09\/craft-Fuseknit-comfot-RN-LS-1906600-B98000.jpg","type":"image\/jpeg"}],"twitter_card":"summary_large_image","twitter_misc":{"Est. reading time":"1 minute"},"schema":{"@context":"https:\/\/schema.org","@graph":[{"@type":"WebPage","@id":"https:\/\/www.miomiorun.com\/fr\/produit\/craft-warm-fuseknit-comfort-rn-ls-homme\/","url":"https:\/\/www.miomiorun.com\/fr\/produit\/craft-warm-fuseknit-comfort-rn-ls-homme\/","name":"Craft Warm Fuseknit Comfort RN LS homme - Sous-v\u00eatements thermiques - MioMioRun","isPartOf":{"@id":"https:\/\/www.miomiorun.com\/fr\/#website"},"primaryImageOfPage":{"@id":"https:\/\/www.miomiorun.com\/fr\/produit\/craft-warm-fuseknit-comfort-rn-ls-homme\/#primaryimage"},"image":{"@id":"https:\/\/www.miomiorun.com\/fr\/produit\/craft-warm-fuseknit-comfort-rn-ls-homme\/#primaryimage"},"thumbnailUrl":"https:\/\/www.miomiorun.com\/app\/uploads\/2021\/09\/craft-Fuseknit-comfot-RN-LS-1906600-B98000.jpg","datePublished":"2021-08-14T07:54:00+00:00","dateModified":"2026-01-02T18:27:10+00:00","description":"Le Fuseknit Comfort RN LS\u00a0 pour homme est fabriqu\u00e9 dans un fil l\u00e9ger et chaud pour une thermor\u00e9gulation optimale et assure l'\u00e9vacuation de l'humidit\u00e9.","breadcrumb":{"@id":"https:\/\/www.miomiorun.com\/fr\/produit\/craft-warm-fuseknit-comfort-rn-ls-homme\/#breadcrumb"},"inLanguage":"fr-FR","potentialAction":[{"@type":"ReadAction","target":["https:\/\/www.miomiorun.com\/fr\/produit\/craft-warm-fuseknit-comfort-rn-ls-homme\/"]}]},{"@type":"ImageObject","inLanguage":"fr-FR","@id":"https:\/\/www.miomiorun.com\/fr\/produit\/craft-warm-fuseknit-comfort-rn-ls-homme\/#primaryimage","url":"https:\/\/www.miomiorun.com\/app\/uploads\/2021\/09\/craft-Fuseknit-comfot-RN-LS-1906600-B98000.jpg","contentUrl":"https:\/\/www.miomiorun.com\/app\/uploads\/2021\/09\/craft-Fuseknit-comfot-RN-LS-1906600-B98000.jpg","width":600,"height":600,"caption":"craft fuseknit rn ls"},{"@type":"BreadcrumbList","@id":"https:\/\/www.miomiorun.com\/fr\/produit\/craft-warm-fuseknit-comfort-rn-ls-homme\/#breadcrumb","itemListElement":[{"@type":"ListItem","position":1,"name":"Home","item":"https:\/\/www.miomiorun.com\/fr\/home-page\/"},{"@type":"ListItem","position":2,"name":"Shop","item":"https:\/\/www.miomiorun.com\/shop\/"},{"@type":"ListItem","position":3,"name":"Warm Fuseknit Comfort RN LS homme"}]},{"@type":"WebSite","@id":"https:\/\/www.miomiorun.com\/fr\/#website","url":"https:\/\/www.miomiorun.com\/fr\/","name":"MioMioRun","description":"Boutique 100% running et trail","publisher":{"@id":"https:\/\/www.miomiorun.com\/fr\/#organization"},"potentialAction":[{"@type":"SearchAction","target":{"@type":"EntryPoint","urlTemplate":"https:\/\/www.miomiorun.com\/fr\/?s={search_term_string}"},"query-input":{"@type":"PropertyValueSpecification","valueRequired":true,"valueName":"search_term_string"}}],"inLanguage":"fr-FR"},{"@type":"Organization","@id":"https:\/\/www.miomiorun.com\/fr\/#organization","name":"MioMio Run","url":"https:\/\/www.miomiorun.com\/fr\/","logo":{"@type":"ImageObject","inLanguage":"fr-FR","@id":"https:\/\/www.miomiorun.com\/fr\/#\/schema\/logo\/image\/","url":"https:\/\/www.miomiorun.com\/app\/uploads\/2019\/12\/logomio.png","contentUrl":"https:\/\/www.miomiorun.com\/app\/uploads\/2019\/12\/logomio.png","width":115,"height":82,"caption":"MioMio Run"},"image":{"@id":"https:\/\/www.miomiorun.com\/fr\/#\/schema\/logo\/image\/"},"sameAs":["https:\/\/www.facebook.com\/miomiorun\/","https:\/\/www.instagram.com\/miomiorun\/"]}]}},"_links":{"self":[{"href":"https:\/\/www.miomiorun.com\/fr\/wp-json\/wp\/v2\/product\/278544","targetHints":{"allow":["GET"]}}],"collection":[{"href":"https:\/\/www.miomiorun.com\/fr\/wp-json\/wp\/v2\/product"}],"about":[{"href":"https:\/\/www.miomiorun.com\/fr\/wp-json\/wp\/v2\/types\/product"}],"wp:featuredmedia":[{"embeddable":true,"href":"https:\/\/www.miomiorun.com\/fr\/wp-json\/wp\/v2\/media\/233101"}],"wp:attachment":[{"href":"https:\/\/www.miomiorun.com\/fr\/wp-json\/wp\/v2\/media?parent=278544"}],"wp:term":[{"taxonomy":"product_brand","embeddable":true,"href":"https:\/\/www.miomiorun.com\/fr\/wp-json\/wp\/v2\/product_brand?post=278544"},{"taxonomy":"product_cat","embeddable":true,"href":"https:\/\/www.miomiorun.com\/fr\/wp-json\/wp\/v2\/product_cat?post=278544"},{"taxonomy":"product_tag","embeddable":true,"href":"https:\/\/www.miomiorun.com\/fr\/wp-json\/wp\/v2\/product_tag?post=278544"}],"curies":[{"name":"wp","href":"https:\/\/api.w.org\/{rel}","templated":true}]}}