{"id":278526,"date":"2021-08-14T10:34:45","date_gmt":"2021-08-14T08:34:45","guid":{"rendered":"https:\/\/miomiorun.com\/prodotto\/craft-ctm-cn-ls-donna\/"},"modified":"2026-05-08T21:02:35","modified_gmt":"2026-05-08T19:02:35","slug":"craft-ctm-cn-ls-donna","status":"publish","type":"product","link":"https:\/\/www.miomiorun.com\/fr\/produit\/craft-ctm-cn-ls-donna\/","title":{"rendered":"CTM CN LS donna"},"content":{"rendered":"<p id=\"tw-target-text\" class=\"tw-data-text tw-text-large XcVN5d tw-ta\" dir=\"ltr\" data-placeholder=\"Traduzione\"><span class=\"Y2IQFc\" lang=\"it\"><strong>CTM CN LS<\/strong> da donna \u00e8 adattato alle esigenze dei campioni del mondo ed \u00e8 indossato da atleti professionisti che dominano eventi di alto profilo in tutto il mondo. Trasporto dell&#8217;umidit\u00e0, ventilazione e vestibilit\u00e0 superiori, oltre a un peso eccezionalmente leggero, rendono questa maglia la scelta perfetta per gli atleti che mirano alla perfezione in ogni aspetto del loro allenamento e delle loro corse. <\/span><\/p>\n<p class=\"tw-data-text tw-text-large XcVN5d tw-ta\" dir=\"ltr\" data-placeholder=\"Traduzione\"><span class=\"Y2IQFc\" lang=\"it\">Magistralmente realizzato attraverso l&#8217;innovativa tecnologia <strong>Warp Knit Seamless<\/strong>, lo strato di base <strong>CTM<\/strong> presenta un&#8217;esclusiva maglia 3D che offre libert\u00e0 di movimento, vestibilit\u00e0 e comfort senza pari. Questa maglia ingegnerizzata include anche una mappatura del corpo creativa e ad alta precisione per un&#8217;eccezionale gestione della temperatura corporea. <\/span><\/p>\n<p class=\"tw-data-text tw-text-large XcVN5d tw-ta\" dir=\"ltr\" data-placeholder=\"Traduzione\"><span class=\"Y2IQFc\" lang=\"it\">Warp Knit Seamless \u00e8 una rivoluzionaria tecnologia di lavorazione a maglia che consente il design di abbigliamento sportivo senza cuciture. Questa tecnologia innovativa, in cui i capi sono lavorati a maglia in un unico pezzo, garantisce un processo produttivo efficiente con scarti minimi. Inoltre, i vestiti possono essere personalizzati accorciando le maniche, le gambe eccetera per adattare il capo alle tue esigenze specifiche. Grazie all&#8217;esclusiva tecnologia Warp Knit Seamless il capo mantiene la forma anche quando le parti vengono tagliate.<\/span><\/p>\n<p dir=\"ltr\" data-placeholder=\"Traduzione\"><strong>Caratteristiche:<\/strong><\/p>\n<ul>\n<li dir=\"ltr\" data-placeholder=\"Traduzione\"><span class=\"Y2IQFc\" lang=\"it\">Autentico design professionale<\/span><\/li>\n<li dir=\"ltr\" data-placeholder=\"Traduzione\"><span class=\"Y2IQFc\" lang=\"it\">Maglia in ordito per una libert\u00e0 di movimento ottimale<\/span><\/li>\n<\/ul>\n","protected":false},"excerpt":{"rendered":"<p>CTM CN LS da donna \u00e8 adattato alle esigenze dei campioni del mondo ed \u00e8 indossato da atleti professionisti che dominano eventi di alto profilo in tutto il mondo. Trasporto dell&#8217;umidit\u00e0, ventilazione e vestibilit\u00e0 superiori, oltre a un peso eccezionalmente leggero, rendono questa maglia la scelta perfetta per gli atleti che mirano alla perfezione in &hellip; <a href=\"https:\/\/www.miomiorun.com\/fr\/produit\/craft-ctm-cn-ls-donna\/\">Continued<\/a><\/p>\n","protected":false},"featured_media":233103,"template":"","meta":{"_acf_changed":false,"inline_featured_image":false},"product_brand":[],"product_cat":[22600,22596],"product_tag":[23554,23648],"class_list":{"0":"post-278526","1":"product","2":"type-product","3":"status-publish","4":"has-post-thumbnail","6":"product_cat-sous-vetements","7":"product_cat-vetements-pour-femmes","8":"product_tag-craft-fr","9":"product_tag-craft-femme","10":"pa_attivita-marcher","11":"pa_attivita-outdoor-fr","12":"pa_attivita-running-fr","13":"pa_attivita-trail-fr","14":"pa_marca-craft-fr","15":"pa_sesso-femme","16":"pa_size-small-fr","18":"first","19":"instock","20":"sale","21":"taxable","22":"shipping-taxable","23":"purchasable","24":"product-type-variable","25":"wvs-archive-product-wrapper"},"acf":[],"yoast_head":"<!-- This site is optimized with the Yoast SEO plugin v26.8 - https:\/\/yoast.com\/product\/yoast-seo-wordpress\/ -->\n<title>Craft CTM CN LS donna - Intimo termico - MioMioRun<\/title>\n<meta name=\"description\" content=\"CTM CN LS da donna \u00e8 realizzato attraverso l&#039;innovativa tecnologia Warp Knit Seamless e lo strato di base CTM presenta una maglia 3D.\" \/>\n<meta name=\"robots\" content=\"index, follow, max-snippet:-1, max-image-preview:large, max-video-preview:-1\" \/>\n<link rel=\"canonical\" href=\"https:\/\/www.miomiorun.com\/fr\/produit\/craft-ctm-cn-ls-donna\/\" \/>\n<meta property=\"og:locale\" content=\"fr_FR\" \/>\n<meta property=\"og:type\" content=\"article\" \/>\n<meta property=\"og:title\" content=\"Craft CTM CN LS donna - Intimo termico - MioMioRun\" \/>\n<meta property=\"og:description\" content=\"CTM CN LS da donna \u00e8 realizzato attraverso l&#039;innovativa tecnologia Warp Knit Seamless e lo strato di base CTM presenta una maglia 3D.\" \/>\n<meta property=\"og:url\" content=\"https:\/\/www.miomiorun.com\/fr\/produit\/craft-ctm-cn-ls-donna\/\" \/>\n<meta property=\"og:site_name\" content=\"MioMioRun\" \/>\n<meta property=\"article:publisher\" content=\"https:\/\/www.facebook.com\/miomiorun\/\" \/>\n<meta property=\"article:modified_time\" content=\"2026-05-08T19:02:35+00:00\" \/>\n<meta property=\"og:image\" content=\"https:\/\/www.miomiorun.com\/app\/uploads\/2021\/08\/craft-CTM-RN-LS-1907861-999000.jpg\" \/>\n\t<meta property=\"og:image:width\" content=\"600\" \/>\n\t<meta property=\"og:image:height\" content=\"600\" \/>\n\t<meta property=\"og:image:type\" content=\"image\/jpeg\" \/>\n<meta name=\"twitter:card\" content=\"summary_large_image\" \/>\n<meta name=\"twitter:label1\" content=\"Est. reading time\" \/>\n\t<meta name=\"twitter:data1\" content=\"1 minute\" \/>\n<script type=\"application\/ld+json\" class=\"yoast-schema-graph\">{\"@context\":\"https:\/\/schema.org\",\"@graph\":[{\"@type\":\"WebPage\",\"@id\":\"https:\/\/www.miomiorun.com\/fr\/produit\/craft-ctm-cn-ls-donna\/\",\"url\":\"https:\/\/www.miomiorun.com\/fr\/produit\/craft-ctm-cn-ls-donna\/\",\"name\":\"Craft CTM CN LS donna - Intimo termico - MioMioRun\",\"isPartOf\":{\"@id\":\"https:\/\/www.miomiorun.com\/fr\/#website\"},\"primaryImageOfPage\":{\"@id\":\"https:\/\/www.miomiorun.com\/fr\/produit\/craft-ctm-cn-ls-donna\/#primaryimage\"},\"image\":{\"@id\":\"https:\/\/www.miomiorun.com\/fr\/produit\/craft-ctm-cn-ls-donna\/#primaryimage\"},\"thumbnailUrl\":\"https:\/\/www.miomiorun.com\/app\/uploads\/2021\/08\/craft-CTM-RN-LS-1907861-999000.jpg\",\"datePublished\":\"2021-08-14T08:34:45+00:00\",\"dateModified\":\"2026-05-08T19:02:35+00:00\",\"description\":\"CTM CN LS da donna \u00e8 realizzato attraverso l'innovativa tecnologia Warp Knit Seamless e lo strato di base CTM presenta una maglia 3D.\",\"breadcrumb\":{\"@id\":\"https:\/\/www.miomiorun.com\/fr\/produit\/craft-ctm-cn-ls-donna\/#breadcrumb\"},\"inLanguage\":\"fr-FR\",\"potentialAction\":[{\"@type\":\"ReadAction\",\"target\":[\"https:\/\/www.miomiorun.com\/fr\/produit\/craft-ctm-cn-ls-donna\/\"]}]},{\"@type\":\"ImageObject\",\"inLanguage\":\"fr-FR\",\"@id\":\"https:\/\/www.miomiorun.com\/fr\/produit\/craft-ctm-cn-ls-donna\/#primaryimage\",\"url\":\"https:\/\/www.miomiorun.com\/app\/uploads\/2021\/08\/craft-CTM-RN-LS-1907861-999000.jpg\",\"contentUrl\":\"https:\/\/www.miomiorun.com\/app\/uploads\/2021\/08\/craft-CTM-RN-LS-1907861-999000.jpg\",\"width\":600,\"height\":600,\"caption\":\"craft ctm cn ls\"},{\"@type\":\"BreadcrumbList\",\"@id\":\"https:\/\/www.miomiorun.com\/fr\/produit\/craft-ctm-cn-ls-donna\/#breadcrumb\",\"itemListElement\":[{\"@type\":\"ListItem\",\"position\":1,\"name\":\"Home\",\"item\":\"https:\/\/www.miomiorun.com\/fr\/home-page\/\"},{\"@type\":\"ListItem\",\"position\":2,\"name\":\"Shop\",\"item\":\"https:\/\/www.miomiorun.com\/shop\/\"},{\"@type\":\"ListItem\",\"position\":3,\"name\":\"CTM CN LS donna\"}]},{\"@type\":\"WebSite\",\"@id\":\"https:\/\/www.miomiorun.com\/fr\/#website\",\"url\":\"https:\/\/www.miomiorun.com\/fr\/\",\"name\":\"MioMioRun\",\"description\":\"Boutique 100% running et trail\",\"publisher\":{\"@id\":\"https:\/\/www.miomiorun.com\/fr\/#organization\"},\"potentialAction\":[{\"@type\":\"SearchAction\",\"target\":{\"@type\":\"EntryPoint\",\"urlTemplate\":\"https:\/\/www.miomiorun.com\/fr\/?s={search_term_string}\"},\"query-input\":{\"@type\":\"PropertyValueSpecification\",\"valueRequired\":true,\"valueName\":\"search_term_string\"}}],\"inLanguage\":\"fr-FR\"},{\"@type\":\"Organization\",\"@id\":\"https:\/\/www.miomiorun.com\/fr\/#organization\",\"name\":\"MioMio Run\",\"url\":\"https:\/\/www.miomiorun.com\/fr\/\",\"logo\":{\"@type\":\"ImageObject\",\"inLanguage\":\"fr-FR\",\"@id\":\"https:\/\/www.miomiorun.com\/fr\/#\/schema\/logo\/image\/\",\"url\":\"https:\/\/www.miomiorun.com\/app\/uploads\/2019\/12\/logomio.png\",\"contentUrl\":\"https:\/\/www.miomiorun.com\/app\/uploads\/2019\/12\/logomio.png\",\"width\":115,\"height\":82,\"caption\":\"MioMio Run\"},\"image\":{\"@id\":\"https:\/\/www.miomiorun.com\/fr\/#\/schema\/logo\/image\/\"},\"sameAs\":[\"https:\/\/www.facebook.com\/miomiorun\/\",\"https:\/\/www.instagram.com\/miomiorun\/\"]}]}<\/script>\n<!-- \/ Yoast SEO plugin. -->","yoast_head_json":{"title":"Craft CTM CN LS donna - Intimo termico - MioMioRun","description":"CTM CN LS da donna \u00e8 realizzato attraverso l'innovativa tecnologia Warp Knit Seamless e lo strato di base CTM presenta una maglia 3D.","robots":{"index":"index","follow":"follow","max-snippet":"max-snippet:-1","max-image-preview":"max-image-preview:large","max-video-preview":"max-video-preview:-1"},"canonical":"https:\/\/www.miomiorun.com\/fr\/produit\/craft-ctm-cn-ls-donna\/","og_locale":"fr_FR","og_type":"article","og_title":"Craft CTM CN LS donna - Intimo termico - MioMioRun","og_description":"CTM CN LS da donna \u00e8 realizzato attraverso l'innovativa tecnologia Warp Knit Seamless e lo strato di base CTM presenta una maglia 3D.","og_url":"https:\/\/www.miomiorun.com\/fr\/produit\/craft-ctm-cn-ls-donna\/","og_site_name":"MioMioRun","article_publisher":"https:\/\/www.facebook.com\/miomiorun\/","article_modified_time":"2026-05-08T19:02:35+00:00","og_image":[{"width":600,"height":600,"url":"https:\/\/www.miomiorun.com\/app\/uploads\/2021\/08\/craft-CTM-RN-LS-1907861-999000.jpg","type":"image\/jpeg"}],"twitter_card":"summary_large_image","twitter_misc":{"Est. reading time":"1 minute"},"schema":{"@context":"https:\/\/schema.org","@graph":[{"@type":"WebPage","@id":"https:\/\/www.miomiorun.com\/fr\/produit\/craft-ctm-cn-ls-donna\/","url":"https:\/\/www.miomiorun.com\/fr\/produit\/craft-ctm-cn-ls-donna\/","name":"Craft CTM CN LS donna - Intimo termico - MioMioRun","isPartOf":{"@id":"https:\/\/www.miomiorun.com\/fr\/#website"},"primaryImageOfPage":{"@id":"https:\/\/www.miomiorun.com\/fr\/produit\/craft-ctm-cn-ls-donna\/#primaryimage"},"image":{"@id":"https:\/\/www.miomiorun.com\/fr\/produit\/craft-ctm-cn-ls-donna\/#primaryimage"},"thumbnailUrl":"https:\/\/www.miomiorun.com\/app\/uploads\/2021\/08\/craft-CTM-RN-LS-1907861-999000.jpg","datePublished":"2021-08-14T08:34:45+00:00","dateModified":"2026-05-08T19:02:35+00:00","description":"CTM CN LS da donna \u00e8 realizzato attraverso l'innovativa tecnologia Warp Knit Seamless e lo strato di base CTM presenta una maglia 3D.","breadcrumb":{"@id":"https:\/\/www.miomiorun.com\/fr\/produit\/craft-ctm-cn-ls-donna\/#breadcrumb"},"inLanguage":"fr-FR","potentialAction":[{"@type":"ReadAction","target":["https:\/\/www.miomiorun.com\/fr\/produit\/craft-ctm-cn-ls-donna\/"]}]},{"@type":"ImageObject","inLanguage":"fr-FR","@id":"https:\/\/www.miomiorun.com\/fr\/produit\/craft-ctm-cn-ls-donna\/#primaryimage","url":"https:\/\/www.miomiorun.com\/app\/uploads\/2021\/08\/craft-CTM-RN-LS-1907861-999000.jpg","contentUrl":"https:\/\/www.miomiorun.com\/app\/uploads\/2021\/08\/craft-CTM-RN-LS-1907861-999000.jpg","width":600,"height":600,"caption":"craft ctm cn ls"},{"@type":"BreadcrumbList","@id":"https:\/\/www.miomiorun.com\/fr\/produit\/craft-ctm-cn-ls-donna\/#breadcrumb","itemListElement":[{"@type":"ListItem","position":1,"name":"Home","item":"https:\/\/www.miomiorun.com\/fr\/home-page\/"},{"@type":"ListItem","position":2,"name":"Shop","item":"https:\/\/www.miomiorun.com\/shop\/"},{"@type":"ListItem","position":3,"name":"CTM CN LS donna"}]},{"@type":"WebSite","@id":"https:\/\/www.miomiorun.com\/fr\/#website","url":"https:\/\/www.miomiorun.com\/fr\/","name":"MioMioRun","description":"Boutique 100% running et trail","publisher":{"@id":"https:\/\/www.miomiorun.com\/fr\/#organization"},"potentialAction":[{"@type":"SearchAction","target":{"@type":"EntryPoint","urlTemplate":"https:\/\/www.miomiorun.com\/fr\/?s={search_term_string}"},"query-input":{"@type":"PropertyValueSpecification","valueRequired":true,"valueName":"search_term_string"}}],"inLanguage":"fr-FR"},{"@type":"Organization","@id":"https:\/\/www.miomiorun.com\/fr\/#organization","name":"MioMio Run","url":"https:\/\/www.miomiorun.com\/fr\/","logo":{"@type":"ImageObject","inLanguage":"fr-FR","@id":"https:\/\/www.miomiorun.com\/fr\/#\/schema\/logo\/image\/","url":"https:\/\/www.miomiorun.com\/app\/uploads\/2019\/12\/logomio.png","contentUrl":"https:\/\/www.miomiorun.com\/app\/uploads\/2019\/12\/logomio.png","width":115,"height":82,"caption":"MioMio Run"},"image":{"@id":"https:\/\/www.miomiorun.com\/fr\/#\/schema\/logo\/image\/"},"sameAs":["https:\/\/www.facebook.com\/miomiorun\/","https:\/\/www.instagram.com\/miomiorun\/"]}]}},"_links":{"self":[{"href":"https:\/\/www.miomiorun.com\/fr\/wp-json\/wp\/v2\/product\/278526","targetHints":{"allow":["GET"]}}],"collection":[{"href":"https:\/\/www.miomiorun.com\/fr\/wp-json\/wp\/v2\/product"}],"about":[{"href":"https:\/\/www.miomiorun.com\/fr\/wp-json\/wp\/v2\/types\/product"}],"wp:featuredmedia":[{"embeddable":true,"href":"https:\/\/www.miomiorun.com\/fr\/wp-json\/wp\/v2\/media\/233103"}],"wp:attachment":[{"href":"https:\/\/www.miomiorun.com\/fr\/wp-json\/wp\/v2\/media?parent=278526"}],"wp:term":[{"taxonomy":"product_brand","embeddable":true,"href":"https:\/\/www.miomiorun.com\/fr\/wp-json\/wp\/v2\/product_brand?post=278526"},{"taxonomy":"product_cat","embeddable":true,"href":"https:\/\/www.miomiorun.com\/fr\/wp-json\/wp\/v2\/product_cat?post=278526"},{"taxonomy":"product_tag","embeddable":true,"href":"https:\/\/www.miomiorun.com\/fr\/wp-json\/wp\/v2\/product_tag?post=278526"}],"curies":[{"name":"wp","href":"https:\/\/api.w.org\/{rel}","templated":true}]}}