{"id":278477,"date":"2021-08-24T11:50:06","date_gmt":"2021-08-24T09:50:06","guid":{"rendered":"https:\/\/miomiorun.com\/prodotto\/craft-fuseknit-comfort-wrap-ls-donna\/"},"modified":"2026-01-07T17:11:46","modified_gmt":"2026-01-07T16:11:46","slug":"craft-fuseknit-comfort-wrap-ls-femme","status":"publish","type":"product","link":"https:\/\/www.miomiorun.com\/fr\/produit\/craft-fuseknit-comfort-wrap-ls-femme\/","title":{"rendered":"Fuseknit Comfort Wrap LS femme"},"content":{"rendered":"<p>Le pull <strong>Fusekit Comnfort Wrap<\/strong> pour femme <span class=\"Y2IQFc\" lang=\"it\">est dot\u00e9 d&#8217;un col au design moderne qui ajoute une touche contemporaine au col classique.<\/span><\/p>\n<p><span class=\"Y2IQFc\" lang=\"it\">Ce v\u00eatement est fabriqu\u00e9 dans un fil l\u00e9ger et chaud pour une thermor\u00e9gulation optimale et offre une excellente \u00e9vacuation de l&#8217;humidit\u00e9 pour garder votre corps au sec et \u00e0 l&#8217;aise. De plus, ce pull b\u00e9n\u00e9ficie de la technologie innovante <strong>Fuseknit<\/strong>, qui combine des parties sans coutures avec des coutures ergonomiques et strat\u00e9giques pour cr\u00e9er des v\u00eatements souples et \u00e9lastiques. Il en r\u00e9sulte moins de coutures et une exp\u00e9rience douce, sans frottements et tr\u00e8s confortable. Un choix parfait pour tous les types d&#8217;activit\u00e9s hivernales.<\/p>\n<p><strong>Caract\u00e9ristiques :<\/strong><\/p>\n<ul>\n<li>Tissu l\u00e9ger et thermor\u00e9gulateur<\/li>\n<li>Les empi\u00e8cements BODYMAPPING strat\u00e9giquement plac\u00e9s \u00e9liminent efficacement l&#8217;humidit\u00e9 et offrent une ventilation optimale<\/li>\n<li>Teneur \u00e9lev\u00e9e en STRETCH pour une plus grande libert\u00e9 de mouvement<\/li>\n<li>Excellente gestion de l&#8217;humidit\u00e9<\/li>\n<li>Coutures plates<\/li>\n<li>Col rond<\/li>\n<li>Torse SANS COUTURES<\/li>\n<li>Nombre r\u00e9duit de coutures<\/li>\n<li>Coupe r\u00e9guli\u00e8re<\/li>\n<\/ul>\n<p>&nbsp;<\/p>\n<p>&nbsp;<\/p>\n<p>&nbsp;<\/span><\/p>\n","protected":false},"excerpt":{"rendered":"<p>Le pull Fusekit Comnfort Wrap pour femme est dot\u00e9 d&#8217;un col au design moderne qui ajoute une touche contemporaine au col classique. Ce v\u00eatement est fabriqu\u00e9 dans un fil l\u00e9ger et chaud pour une thermor\u00e9gulation optimale et offre une excellente \u00e9vacuation de l&#8217;humidit\u00e9 pour garder votre corps au sec et \u00e0 l&#8217;aise. De plus, ce &hellip; <a href=\"https:\/\/www.miomiorun.com\/fr\/produit\/craft-fuseknit-comfort-wrap-ls-femme\/\">Continued<\/a><\/p>\n","protected":false},"featured_media":233145,"template":"","meta":{"_acf_changed":false,"inline_featured_image":false},"product_brand":[],"product_cat":[22600,22596,22595],"product_tag":[23554,23648],"class_list":{"0":"post-278477","1":"product","2":"type-product","3":"status-publish","4":"has-post-thumbnail","6":"product_cat-sous-vetements","7":"product_cat-vetements-pour-femmes","8":"product_cat-femme","9":"product_tag-craft-fr","10":"product_tag-craft-femme","11":"pa_attivita-marcher","12":"pa_attivita-outdoor-fr","13":"pa_attivita-running-fr","14":"pa_marca-craft-fr","15":"pa_sesso-femme","16":"pa_size-extra-small-fr","17":"pa_size-medium-fr","18":"pa_size-large-fr","19":"pa_size-extra-large-fr","21":"first","22":"instock","23":"sale","24":"taxable","25":"shipping-taxable","26":"purchasable","27":"product-type-variable","28":"wvs-archive-product-wrapper"},"acf":[],"yoast_head":"<!-- This site is optimized with the Yoast SEO plugin v26.8 - https:\/\/yoast.com\/product\/yoast-seo-wordpress\/ -->\n<title>Craft Fuseknit Comfort Wrap LS femme - Sous-v\u00eatements thermiques - MioMioRun.com<\/title>\n<meta name=\"description\" content=\"Le pull Fusekit Comnfort Wrap pour femme pr\u00e9sente un col au design moderne qui ajoute une touche contemporaine au col classique.\" \/>\n<meta name=\"robots\" content=\"index, follow, max-snippet:-1, max-image-preview:large, max-video-preview:-1\" \/>\n<link rel=\"canonical\" href=\"https:\/\/www.miomiorun.com\/fr\/produit\/craft-fuseknit-comfort-wrap-ls-femme\/\" \/>\n<meta property=\"og:locale\" content=\"fr_FR\" \/>\n<meta property=\"og:type\" content=\"article\" \/>\n<meta property=\"og:title\" content=\"Craft Fuseknit Comfort Wrap LS femme - Sous-v\u00eatements thermiques - MioMioRun.com\" \/>\n<meta property=\"og:description\" content=\"Le pull Fusekit Comnfort Wrap pour femme pr\u00e9sente un col au design moderne qui ajoute une touche contemporaine au col classique.\" \/>\n<meta property=\"og:url\" content=\"https:\/\/www.miomiorun.com\/fr\/produit\/craft-fuseknit-comfort-wrap-ls-femme\/\" \/>\n<meta property=\"og:site_name\" content=\"MioMioRun\" \/>\n<meta property=\"article:publisher\" content=\"https:\/\/www.facebook.com\/miomiorun\/\" \/>\n<meta property=\"article:modified_time\" content=\"2026-01-07T16:11:46+00:00\" \/>\n<meta property=\"og:image\" content=\"https:\/\/www.miomiorun.com\/app\/uploads\/2021\/08\/craft-Fuseknit-comfort-wrap-LS-1906591-B99000.jpg\" \/>\n\t<meta property=\"og:image:width\" content=\"600\" \/>\n\t<meta property=\"og:image:height\" content=\"600\" \/>\n\t<meta property=\"og:image:type\" content=\"image\/jpeg\" \/>\n<meta name=\"twitter:card\" content=\"summary_large_image\" \/>\n<meta name=\"twitter:label1\" content=\"Est. reading time\" \/>\n\t<meta name=\"twitter:data1\" content=\"1 minute\" \/>\n<script type=\"application\/ld+json\" class=\"yoast-schema-graph\">{\"@context\":\"https:\/\/schema.org\",\"@graph\":[{\"@type\":\"WebPage\",\"@id\":\"https:\/\/www.miomiorun.com\/fr\/produit\/craft-fuseknit-comfort-wrap-ls-femme\/\",\"url\":\"https:\/\/www.miomiorun.com\/fr\/produit\/craft-fuseknit-comfort-wrap-ls-femme\/\",\"name\":\"Craft Fuseknit Comfort Wrap LS femme - Sous-v\u00eatements thermiques - MioMioRun.com\",\"isPartOf\":{\"@id\":\"https:\/\/www.miomiorun.com\/fr\/#website\"},\"primaryImageOfPage\":{\"@id\":\"https:\/\/www.miomiorun.com\/fr\/produit\/craft-fuseknit-comfort-wrap-ls-femme\/#primaryimage\"},\"image\":{\"@id\":\"https:\/\/www.miomiorun.com\/fr\/produit\/craft-fuseknit-comfort-wrap-ls-femme\/#primaryimage\"},\"thumbnailUrl\":\"https:\/\/www.miomiorun.com\/app\/uploads\/2021\/08\/craft-Fuseknit-comfort-wrap-LS-1906591-B99000.jpg\",\"datePublished\":\"2021-08-24T09:50:06+00:00\",\"dateModified\":\"2026-01-07T16:11:46+00:00\",\"description\":\"Le pull Fusekit Comnfort Wrap pour femme pr\u00e9sente un col au design moderne qui ajoute une touche contemporaine au col classique.\",\"breadcrumb\":{\"@id\":\"https:\/\/www.miomiorun.com\/fr\/produit\/craft-fuseknit-comfort-wrap-ls-femme\/#breadcrumb\"},\"inLanguage\":\"fr-FR\",\"potentialAction\":[{\"@type\":\"ReadAction\",\"target\":[\"https:\/\/www.miomiorun.com\/fr\/produit\/craft-fuseknit-comfort-wrap-ls-femme\/\"]}]},{\"@type\":\"ImageObject\",\"inLanguage\":\"fr-FR\",\"@id\":\"https:\/\/www.miomiorun.com\/fr\/produit\/craft-fuseknit-comfort-wrap-ls-femme\/#primaryimage\",\"url\":\"https:\/\/www.miomiorun.com\/app\/uploads\/2021\/08\/craft-Fuseknit-comfort-wrap-LS-1906591-B99000.jpg\",\"contentUrl\":\"https:\/\/www.miomiorun.com\/app\/uploads\/2021\/08\/craft-Fuseknit-comfort-wrap-LS-1906591-B99000.jpg\",\"width\":600,\"height\":600,\"caption\":\"craft fuseknit comfort wrap ls\"},{\"@type\":\"BreadcrumbList\",\"@id\":\"https:\/\/www.miomiorun.com\/fr\/produit\/craft-fuseknit-comfort-wrap-ls-femme\/#breadcrumb\",\"itemListElement\":[{\"@type\":\"ListItem\",\"position\":1,\"name\":\"Home\",\"item\":\"https:\/\/www.miomiorun.com\/fr\/home-page\/\"},{\"@type\":\"ListItem\",\"position\":2,\"name\":\"Shop\",\"item\":\"https:\/\/www.miomiorun.com\/shop\/\"},{\"@type\":\"ListItem\",\"position\":3,\"name\":\"Fuseknit Comfort Wrap LS femme\"}]},{\"@type\":\"WebSite\",\"@id\":\"https:\/\/www.miomiorun.com\/fr\/#website\",\"url\":\"https:\/\/www.miomiorun.com\/fr\/\",\"name\":\"MioMioRun\",\"description\":\"Boutique 100% running et trail\",\"publisher\":{\"@id\":\"https:\/\/www.miomiorun.com\/fr\/#organization\"},\"potentialAction\":[{\"@type\":\"SearchAction\",\"target\":{\"@type\":\"EntryPoint\",\"urlTemplate\":\"https:\/\/www.miomiorun.com\/fr\/?s={search_term_string}\"},\"query-input\":{\"@type\":\"PropertyValueSpecification\",\"valueRequired\":true,\"valueName\":\"search_term_string\"}}],\"inLanguage\":\"fr-FR\"},{\"@type\":\"Organization\",\"@id\":\"https:\/\/www.miomiorun.com\/fr\/#organization\",\"name\":\"MioMio Run\",\"url\":\"https:\/\/www.miomiorun.com\/fr\/\",\"logo\":{\"@type\":\"ImageObject\",\"inLanguage\":\"fr-FR\",\"@id\":\"https:\/\/www.miomiorun.com\/fr\/#\/schema\/logo\/image\/\",\"url\":\"https:\/\/www.miomiorun.com\/app\/uploads\/2019\/12\/logomio.png\",\"contentUrl\":\"https:\/\/www.miomiorun.com\/app\/uploads\/2019\/12\/logomio.png\",\"width\":115,\"height\":82,\"caption\":\"MioMio Run\"},\"image\":{\"@id\":\"https:\/\/www.miomiorun.com\/fr\/#\/schema\/logo\/image\/\"},\"sameAs\":[\"https:\/\/www.facebook.com\/miomiorun\/\",\"https:\/\/www.instagram.com\/miomiorun\/\"]}]}<\/script>\n<!-- \/ Yoast SEO plugin. -->","yoast_head_json":{"title":"Craft Fuseknit Comfort Wrap LS femme - Sous-v\u00eatements thermiques - MioMioRun.com","description":"Le pull Fusekit Comnfort Wrap pour femme pr\u00e9sente un col au design moderne qui ajoute une touche contemporaine au col classique.","robots":{"index":"index","follow":"follow","max-snippet":"max-snippet:-1","max-image-preview":"max-image-preview:large","max-video-preview":"max-video-preview:-1"},"canonical":"https:\/\/www.miomiorun.com\/fr\/produit\/craft-fuseknit-comfort-wrap-ls-femme\/","og_locale":"fr_FR","og_type":"article","og_title":"Craft Fuseknit Comfort Wrap LS femme - Sous-v\u00eatements thermiques - MioMioRun.com","og_description":"Le pull Fusekit Comnfort Wrap pour femme pr\u00e9sente un col au design moderne qui ajoute une touche contemporaine au col classique.","og_url":"https:\/\/www.miomiorun.com\/fr\/produit\/craft-fuseknit-comfort-wrap-ls-femme\/","og_site_name":"MioMioRun","article_publisher":"https:\/\/www.facebook.com\/miomiorun\/","article_modified_time":"2026-01-07T16:11:46+00:00","og_image":[{"width":600,"height":600,"url":"https:\/\/www.miomiorun.com\/app\/uploads\/2021\/08\/craft-Fuseknit-comfort-wrap-LS-1906591-B99000.jpg","type":"image\/jpeg"}],"twitter_card":"summary_large_image","twitter_misc":{"Est. reading time":"1 minute"},"schema":{"@context":"https:\/\/schema.org","@graph":[{"@type":"WebPage","@id":"https:\/\/www.miomiorun.com\/fr\/produit\/craft-fuseknit-comfort-wrap-ls-femme\/","url":"https:\/\/www.miomiorun.com\/fr\/produit\/craft-fuseknit-comfort-wrap-ls-femme\/","name":"Craft Fuseknit Comfort Wrap LS femme - Sous-v\u00eatements thermiques - MioMioRun.com","isPartOf":{"@id":"https:\/\/www.miomiorun.com\/fr\/#website"},"primaryImageOfPage":{"@id":"https:\/\/www.miomiorun.com\/fr\/produit\/craft-fuseknit-comfort-wrap-ls-femme\/#primaryimage"},"image":{"@id":"https:\/\/www.miomiorun.com\/fr\/produit\/craft-fuseknit-comfort-wrap-ls-femme\/#primaryimage"},"thumbnailUrl":"https:\/\/www.miomiorun.com\/app\/uploads\/2021\/08\/craft-Fuseknit-comfort-wrap-LS-1906591-B99000.jpg","datePublished":"2021-08-24T09:50:06+00:00","dateModified":"2026-01-07T16:11:46+00:00","description":"Le pull Fusekit Comnfort Wrap pour femme pr\u00e9sente un col au design moderne qui ajoute une touche contemporaine au col classique.","breadcrumb":{"@id":"https:\/\/www.miomiorun.com\/fr\/produit\/craft-fuseknit-comfort-wrap-ls-femme\/#breadcrumb"},"inLanguage":"fr-FR","potentialAction":[{"@type":"ReadAction","target":["https:\/\/www.miomiorun.com\/fr\/produit\/craft-fuseknit-comfort-wrap-ls-femme\/"]}]},{"@type":"ImageObject","inLanguage":"fr-FR","@id":"https:\/\/www.miomiorun.com\/fr\/produit\/craft-fuseknit-comfort-wrap-ls-femme\/#primaryimage","url":"https:\/\/www.miomiorun.com\/app\/uploads\/2021\/08\/craft-Fuseknit-comfort-wrap-LS-1906591-B99000.jpg","contentUrl":"https:\/\/www.miomiorun.com\/app\/uploads\/2021\/08\/craft-Fuseknit-comfort-wrap-LS-1906591-B99000.jpg","width":600,"height":600,"caption":"craft fuseknit comfort wrap ls"},{"@type":"BreadcrumbList","@id":"https:\/\/www.miomiorun.com\/fr\/produit\/craft-fuseknit-comfort-wrap-ls-femme\/#breadcrumb","itemListElement":[{"@type":"ListItem","position":1,"name":"Home","item":"https:\/\/www.miomiorun.com\/fr\/home-page\/"},{"@type":"ListItem","position":2,"name":"Shop","item":"https:\/\/www.miomiorun.com\/shop\/"},{"@type":"ListItem","position":3,"name":"Fuseknit Comfort Wrap LS femme"}]},{"@type":"WebSite","@id":"https:\/\/www.miomiorun.com\/fr\/#website","url":"https:\/\/www.miomiorun.com\/fr\/","name":"MioMioRun","description":"Boutique 100% running et trail","publisher":{"@id":"https:\/\/www.miomiorun.com\/fr\/#organization"},"potentialAction":[{"@type":"SearchAction","target":{"@type":"EntryPoint","urlTemplate":"https:\/\/www.miomiorun.com\/fr\/?s={search_term_string}"},"query-input":{"@type":"PropertyValueSpecification","valueRequired":true,"valueName":"search_term_string"}}],"inLanguage":"fr-FR"},{"@type":"Organization","@id":"https:\/\/www.miomiorun.com\/fr\/#organization","name":"MioMio Run","url":"https:\/\/www.miomiorun.com\/fr\/","logo":{"@type":"ImageObject","inLanguage":"fr-FR","@id":"https:\/\/www.miomiorun.com\/fr\/#\/schema\/logo\/image\/","url":"https:\/\/www.miomiorun.com\/app\/uploads\/2019\/12\/logomio.png","contentUrl":"https:\/\/www.miomiorun.com\/app\/uploads\/2019\/12\/logomio.png","width":115,"height":82,"caption":"MioMio Run"},"image":{"@id":"https:\/\/www.miomiorun.com\/fr\/#\/schema\/logo\/image\/"},"sameAs":["https:\/\/www.facebook.com\/miomiorun\/","https:\/\/www.instagram.com\/miomiorun\/"]}]}},"_links":{"self":[{"href":"https:\/\/www.miomiorun.com\/fr\/wp-json\/wp\/v2\/product\/278477","targetHints":{"allow":["GET"]}}],"collection":[{"href":"https:\/\/www.miomiorun.com\/fr\/wp-json\/wp\/v2\/product"}],"about":[{"href":"https:\/\/www.miomiorun.com\/fr\/wp-json\/wp\/v2\/types\/product"}],"wp:featuredmedia":[{"embeddable":true,"href":"https:\/\/www.miomiorun.com\/fr\/wp-json\/wp\/v2\/media\/233145"}],"wp:attachment":[{"href":"https:\/\/www.miomiorun.com\/fr\/wp-json\/wp\/v2\/media?parent=278477"}],"wp:term":[{"taxonomy":"product_brand","embeddable":true,"href":"https:\/\/www.miomiorun.com\/fr\/wp-json\/wp\/v2\/product_brand?post=278477"},{"taxonomy":"product_cat","embeddable":true,"href":"https:\/\/www.miomiorun.com\/fr\/wp-json\/wp\/v2\/product_cat?post=278477"},{"taxonomy":"product_tag","embeddable":true,"href":"https:\/\/www.miomiorun.com\/fr\/wp-json\/wp\/v2\/product_tag?post=278477"}],"curies":[{"name":"wp","href":"https:\/\/api.w.org\/{rel}","templated":true}]}}