{"id":278469,"date":"2021-08-26T11:54:51","date_gmt":"2021-08-26T09:54:51","guid":{"rendered":"https:\/\/miomiorun.com\/prodotto\/craft-cool-intensity-singlet-donna\/"},"modified":"2025-11-18T16:43:26","modified_gmt":"2025-11-18T15:43:26","slug":"craft-cool-intensity-singlet-donna","status":"publish","type":"product","link":"https:\/\/www.miomiorun.com\/fr\/produit\/craft-cool-intensity-singlet-donna\/","title":{"rendered":"Cool Intensity Singlet donna"},"content":{"rendered":"<p id=\"tw-target-text\" class=\"tw-data-text tw-text-large XcVN5d tw-ta\" dir=\"ltr\" data-placeholder=\"Traduzione\"><span class=\"Y2IQFc\" lang=\"it\">La canotta <strong>Cool Intensity Singlet<\/strong> da donna \u00e8 realizzata in poliestere sottile, leggero e funzionale con un&#8217;esclusiva tecnologia <strong>CoolMax Air<\/strong>. Tramite una fibra ad alte prestazioni viene offerta un&#8217;eccellente ventilazione e trasporto dell&#8217;umidit\u00e0 durante l&#8217;allenamento ad alta intensit\u00e0 in condizioni di caldo. <\/span><\/p>\n<p class=\"tw-data-text tw-text-large XcVN5d tw-ta\" dir=\"ltr\" data-placeholder=\"Traduzione\"><span class=\"Y2IQFc\" lang=\"it\">Gli strati di base Cool Intensity hanno una vestibilit\u00e0 aderente, strutture in rete <strong>Bodymap<\/strong> e un design senza cuciture che garantisce comfort e funzionalit\u00e0 durante l&#8217;allenamento.<\/span><\/p>\n<p class=\"tw-data-text tw-text-large XcVN5d tw-ta\" dir=\"ltr\" data-placeholder=\"Traduzione\"><span class=\"Y2IQFc\" lang=\"it\">La canotta Cool Intensity Craft da donna ha un design senza cuciture, \u00e8 realizzata in materiale sottile ed \u00e8 leggera. Inoltre, la canottiera elastica presenta pannelli in rete, per un eccellente trasporto dell&#8217;umidit\u00e0.<\/span><\/p>\n<p dir=\"ltr\" data-placeholder=\"Traduzione\"><strong>Caratteristiche:<\/strong><\/p>\n<ul>\n<li dir=\"ltr\" data-placeholder=\"Traduzione\">Costruita in poliestere sottile.<\/li>\n<li dir=\"ltr\" data-placeholder=\"Traduzione\">Tecnologia CoolMax Air.<\/li>\n<li dir=\"ltr\" data-placeholder=\"Traduzione\">Struttura in rete Bodymap.<\/li>\n<li dir=\"ltr\" data-placeholder=\"Traduzione\">Costruita con design senza cuciture.<\/li>\n<\/ul>\n<p>&nbsp;<\/p>\n","protected":false},"excerpt":{"rendered":"<p>La canotta Cool Intensity Singlet da donna \u00e8 realizzata in poliestere sottile, leggero e funzionale con un&#8217;esclusiva tecnologia CoolMax Air. Tramite una fibra ad alte prestazioni viene offerta un&#8217;eccellente ventilazione e trasporto dell&#8217;umidit\u00e0 durante l&#8217;allenamento ad alta intensit\u00e0 in condizioni di caldo. Gli strati di base Cool Intensity hanno una vestibilit\u00e0 aderente, strutture in rete &hellip; <a href=\"https:\/\/www.miomiorun.com\/fr\/produit\/craft-cool-intensity-singlet-donna\/\">Continued<\/a><\/p>\n","protected":false},"featured_media":233163,"template":"","meta":{"_acf_changed":false,"inline_featured_image":false},"product_brand":[],"product_cat":[22600,22596,22595],"product_tag":[23554,23648],"class_list":{"0":"post-278469","1":"product","2":"type-product","3":"status-publish","4":"has-post-thumbnail","6":"product_cat-sous-vetements","7":"product_cat-vetements-pour-femmes","8":"product_cat-femme","9":"product_tag-craft-fr","10":"product_tag-craft-femme","11":"pa_attivita-fitness-fr","12":"pa_attivita-marcher","13":"pa_attivita-running-fr","14":"pa_colore-cool-intensity-singlet-dahlia-fr","15":"pa_colore-cool-intensity-singlet-w-black-fr","16":"pa_marca-craft-fr","17":"pa_sesso-femme","18":"pa_size-small-fr","19":"pa_size-medium-fr","20":"pa_size-large-fr","22":"first","23":"instock","24":"sale","25":"taxable","26":"shipping-taxable","27":"purchasable","28":"product-type-variable","29":"wvs-archive-product-wrapper"},"acf":[],"yoast_head":"<!-- This site is optimized with the Yoast SEO plugin v26.8 - https:\/\/yoast.com\/product\/yoast-seo-wordpress\/ -->\n<title>Craft Cool Intensity Singlet donna - Intimo - MioMioRun.com<\/title>\n<meta name=\"description\" content=\"La canotta Cool Intensity Singlet da donna \u00e8 realizzata in poliestere sottile, leggero e funzionale con un&#039;esclusiva tecnologia CoolMax Air.\" \/>\n<meta name=\"robots\" content=\"index, follow, max-snippet:-1, max-image-preview:large, max-video-preview:-1\" \/>\n<link rel=\"canonical\" href=\"https:\/\/www.miomiorun.com\/fr\/produit\/craft-cool-intensity-singlet-donna\/\" \/>\n<meta property=\"og:locale\" content=\"fr_FR\" \/>\n<meta property=\"og:type\" content=\"article\" \/>\n<meta property=\"og:title\" content=\"Craft Cool Intensity Singlet donna - Intimo - MioMioRun.com\" \/>\n<meta property=\"og:description\" content=\"La canotta Cool Intensity Singlet da donna \u00e8 realizzata in poliestere sottile, leggero e funzionale con un&#039;esclusiva tecnologia CoolMax Air.\" \/>\n<meta property=\"og:url\" content=\"https:\/\/www.miomiorun.com\/fr\/produit\/craft-cool-intensity-singlet-donna\/\" \/>\n<meta property=\"og:site_name\" content=\"MioMioRun\" \/>\n<meta property=\"article:publisher\" content=\"https:\/\/www.facebook.com\/miomiorun\/\" \/>\n<meta property=\"article:modified_time\" content=\"2025-11-18T15:43:26+00:00\" \/>\n<meta property=\"og:image\" content=\"https:\/\/www.miomiorun.com\/app\/uploads\/2021\/09\/craft-Cool-intensity-singlet-1904918-1702.jpg\" \/>\n\t<meta property=\"og:image:width\" content=\"600\" \/>\n\t<meta property=\"og:image:height\" content=\"600\" \/>\n\t<meta property=\"og:image:type\" content=\"image\/jpeg\" \/>\n<meta name=\"twitter:card\" content=\"summary_large_image\" \/>\n<meta name=\"twitter:label1\" content=\"Est. reading time\" \/>\n\t<meta name=\"twitter:data1\" content=\"1 minute\" \/>\n<script type=\"application\/ld+json\" class=\"yoast-schema-graph\">{\"@context\":\"https:\/\/schema.org\",\"@graph\":[{\"@type\":\"WebPage\",\"@id\":\"https:\/\/www.miomiorun.com\/fr\/produit\/craft-cool-intensity-singlet-donna\/\",\"url\":\"https:\/\/www.miomiorun.com\/fr\/produit\/craft-cool-intensity-singlet-donna\/\",\"name\":\"Craft Cool Intensity Singlet donna - Intimo - MioMioRun.com\",\"isPartOf\":{\"@id\":\"https:\/\/www.miomiorun.com\/fr\/#website\"},\"primaryImageOfPage\":{\"@id\":\"https:\/\/www.miomiorun.com\/fr\/produit\/craft-cool-intensity-singlet-donna\/#primaryimage\"},\"image\":{\"@id\":\"https:\/\/www.miomiorun.com\/fr\/produit\/craft-cool-intensity-singlet-donna\/#primaryimage\"},\"thumbnailUrl\":\"https:\/\/www.miomiorun.com\/app\/uploads\/2021\/09\/craft-Cool-intensity-singlet-1904918-1702.jpg\",\"datePublished\":\"2021-08-26T09:54:51+00:00\",\"dateModified\":\"2025-11-18T15:43:26+00:00\",\"description\":\"La canotta Cool Intensity Singlet da donna \u00e8 realizzata in poliestere sottile, leggero e funzionale con un'esclusiva tecnologia CoolMax Air.\",\"breadcrumb\":{\"@id\":\"https:\/\/www.miomiorun.com\/fr\/produit\/craft-cool-intensity-singlet-donna\/#breadcrumb\"},\"inLanguage\":\"fr-FR\",\"potentialAction\":[{\"@type\":\"ReadAction\",\"target\":[\"https:\/\/www.miomiorun.com\/fr\/produit\/craft-cool-intensity-singlet-donna\/\"]}]},{\"@type\":\"ImageObject\",\"inLanguage\":\"fr-FR\",\"@id\":\"https:\/\/www.miomiorun.com\/fr\/produit\/craft-cool-intensity-singlet-donna\/#primaryimage\",\"url\":\"https:\/\/www.miomiorun.com\/app\/uploads\/2021\/09\/craft-Cool-intensity-singlet-1904918-1702.jpg\",\"contentUrl\":\"https:\/\/www.miomiorun.com\/app\/uploads\/2021\/09\/craft-Cool-intensity-singlet-1904918-1702.jpg\",\"width\":600,\"height\":600,\"caption\":\"craft cool intensity singlet\"},{\"@type\":\"BreadcrumbList\",\"@id\":\"https:\/\/www.miomiorun.com\/fr\/produit\/craft-cool-intensity-singlet-donna\/#breadcrumb\",\"itemListElement\":[{\"@type\":\"ListItem\",\"position\":1,\"name\":\"Home\",\"item\":\"https:\/\/www.miomiorun.com\/fr\/home-page\/\"},{\"@type\":\"ListItem\",\"position\":2,\"name\":\"Shop\",\"item\":\"https:\/\/www.miomiorun.com\/shop\/\"},{\"@type\":\"ListItem\",\"position\":3,\"name\":\"Cool Intensity Singlet donna\"}]},{\"@type\":\"WebSite\",\"@id\":\"https:\/\/www.miomiorun.com\/fr\/#website\",\"url\":\"https:\/\/www.miomiorun.com\/fr\/\",\"name\":\"MioMioRun\",\"description\":\"Boutique 100% running et trail\",\"publisher\":{\"@id\":\"https:\/\/www.miomiorun.com\/fr\/#organization\"},\"potentialAction\":[{\"@type\":\"SearchAction\",\"target\":{\"@type\":\"EntryPoint\",\"urlTemplate\":\"https:\/\/www.miomiorun.com\/fr\/?s={search_term_string}\"},\"query-input\":{\"@type\":\"PropertyValueSpecification\",\"valueRequired\":true,\"valueName\":\"search_term_string\"}}],\"inLanguage\":\"fr-FR\"},{\"@type\":\"Organization\",\"@id\":\"https:\/\/www.miomiorun.com\/fr\/#organization\",\"name\":\"MioMio Run\",\"url\":\"https:\/\/www.miomiorun.com\/fr\/\",\"logo\":{\"@type\":\"ImageObject\",\"inLanguage\":\"fr-FR\",\"@id\":\"https:\/\/www.miomiorun.com\/fr\/#\/schema\/logo\/image\/\",\"url\":\"https:\/\/www.miomiorun.com\/app\/uploads\/2019\/12\/logomio.png\",\"contentUrl\":\"https:\/\/www.miomiorun.com\/app\/uploads\/2019\/12\/logomio.png\",\"width\":115,\"height\":82,\"caption\":\"MioMio Run\"},\"image\":{\"@id\":\"https:\/\/www.miomiorun.com\/fr\/#\/schema\/logo\/image\/\"},\"sameAs\":[\"https:\/\/www.facebook.com\/miomiorun\/\",\"https:\/\/www.instagram.com\/miomiorun\/\"]}]}<\/script>\n<!-- \/ Yoast SEO plugin. -->","yoast_head_json":{"title":"Craft Cool Intensity Singlet donna - Intimo - MioMioRun.com","description":"La canotta Cool Intensity Singlet da donna \u00e8 realizzata in poliestere sottile, leggero e funzionale con un'esclusiva tecnologia CoolMax Air.","robots":{"index":"index","follow":"follow","max-snippet":"max-snippet:-1","max-image-preview":"max-image-preview:large","max-video-preview":"max-video-preview:-1"},"canonical":"https:\/\/www.miomiorun.com\/fr\/produit\/craft-cool-intensity-singlet-donna\/","og_locale":"fr_FR","og_type":"article","og_title":"Craft Cool Intensity Singlet donna - Intimo - MioMioRun.com","og_description":"La canotta Cool Intensity Singlet da donna \u00e8 realizzata in poliestere sottile, leggero e funzionale con un'esclusiva tecnologia CoolMax Air.","og_url":"https:\/\/www.miomiorun.com\/fr\/produit\/craft-cool-intensity-singlet-donna\/","og_site_name":"MioMioRun","article_publisher":"https:\/\/www.facebook.com\/miomiorun\/","article_modified_time":"2025-11-18T15:43:26+00:00","og_image":[{"width":600,"height":600,"url":"https:\/\/www.miomiorun.com\/app\/uploads\/2021\/09\/craft-Cool-intensity-singlet-1904918-1702.jpg","type":"image\/jpeg"}],"twitter_card":"summary_large_image","twitter_misc":{"Est. reading time":"1 minute"},"schema":{"@context":"https:\/\/schema.org","@graph":[{"@type":"WebPage","@id":"https:\/\/www.miomiorun.com\/fr\/produit\/craft-cool-intensity-singlet-donna\/","url":"https:\/\/www.miomiorun.com\/fr\/produit\/craft-cool-intensity-singlet-donna\/","name":"Craft Cool Intensity Singlet donna - Intimo - MioMioRun.com","isPartOf":{"@id":"https:\/\/www.miomiorun.com\/fr\/#website"},"primaryImageOfPage":{"@id":"https:\/\/www.miomiorun.com\/fr\/produit\/craft-cool-intensity-singlet-donna\/#primaryimage"},"image":{"@id":"https:\/\/www.miomiorun.com\/fr\/produit\/craft-cool-intensity-singlet-donna\/#primaryimage"},"thumbnailUrl":"https:\/\/www.miomiorun.com\/app\/uploads\/2021\/09\/craft-Cool-intensity-singlet-1904918-1702.jpg","datePublished":"2021-08-26T09:54:51+00:00","dateModified":"2025-11-18T15:43:26+00:00","description":"La canotta Cool Intensity Singlet da donna \u00e8 realizzata in poliestere sottile, leggero e funzionale con un'esclusiva tecnologia CoolMax Air.","breadcrumb":{"@id":"https:\/\/www.miomiorun.com\/fr\/produit\/craft-cool-intensity-singlet-donna\/#breadcrumb"},"inLanguage":"fr-FR","potentialAction":[{"@type":"ReadAction","target":["https:\/\/www.miomiorun.com\/fr\/produit\/craft-cool-intensity-singlet-donna\/"]}]},{"@type":"ImageObject","inLanguage":"fr-FR","@id":"https:\/\/www.miomiorun.com\/fr\/produit\/craft-cool-intensity-singlet-donna\/#primaryimage","url":"https:\/\/www.miomiorun.com\/app\/uploads\/2021\/09\/craft-Cool-intensity-singlet-1904918-1702.jpg","contentUrl":"https:\/\/www.miomiorun.com\/app\/uploads\/2021\/09\/craft-Cool-intensity-singlet-1904918-1702.jpg","width":600,"height":600,"caption":"craft cool intensity singlet"},{"@type":"BreadcrumbList","@id":"https:\/\/www.miomiorun.com\/fr\/produit\/craft-cool-intensity-singlet-donna\/#breadcrumb","itemListElement":[{"@type":"ListItem","position":1,"name":"Home","item":"https:\/\/www.miomiorun.com\/fr\/home-page\/"},{"@type":"ListItem","position":2,"name":"Shop","item":"https:\/\/www.miomiorun.com\/shop\/"},{"@type":"ListItem","position":3,"name":"Cool Intensity Singlet donna"}]},{"@type":"WebSite","@id":"https:\/\/www.miomiorun.com\/fr\/#website","url":"https:\/\/www.miomiorun.com\/fr\/","name":"MioMioRun","description":"Boutique 100% running et trail","publisher":{"@id":"https:\/\/www.miomiorun.com\/fr\/#organization"},"potentialAction":[{"@type":"SearchAction","target":{"@type":"EntryPoint","urlTemplate":"https:\/\/www.miomiorun.com\/fr\/?s={search_term_string}"},"query-input":{"@type":"PropertyValueSpecification","valueRequired":true,"valueName":"search_term_string"}}],"inLanguage":"fr-FR"},{"@type":"Organization","@id":"https:\/\/www.miomiorun.com\/fr\/#organization","name":"MioMio Run","url":"https:\/\/www.miomiorun.com\/fr\/","logo":{"@type":"ImageObject","inLanguage":"fr-FR","@id":"https:\/\/www.miomiorun.com\/fr\/#\/schema\/logo\/image\/","url":"https:\/\/www.miomiorun.com\/app\/uploads\/2019\/12\/logomio.png","contentUrl":"https:\/\/www.miomiorun.com\/app\/uploads\/2019\/12\/logomio.png","width":115,"height":82,"caption":"MioMio Run"},"image":{"@id":"https:\/\/www.miomiorun.com\/fr\/#\/schema\/logo\/image\/"},"sameAs":["https:\/\/www.facebook.com\/miomiorun\/","https:\/\/www.instagram.com\/miomiorun\/"]}]}},"_links":{"self":[{"href":"https:\/\/www.miomiorun.com\/fr\/wp-json\/wp\/v2\/product\/278469","targetHints":{"allow":["GET"]}}],"collection":[{"href":"https:\/\/www.miomiorun.com\/fr\/wp-json\/wp\/v2\/product"}],"about":[{"href":"https:\/\/www.miomiorun.com\/fr\/wp-json\/wp\/v2\/types\/product"}],"wp:featuredmedia":[{"embeddable":true,"href":"https:\/\/www.miomiorun.com\/fr\/wp-json\/wp\/v2\/media\/233163"}],"wp:attachment":[{"href":"https:\/\/www.miomiorun.com\/fr\/wp-json\/wp\/v2\/media?parent=278469"}],"wp:term":[{"taxonomy":"product_brand","embeddable":true,"href":"https:\/\/www.miomiorun.com\/fr\/wp-json\/wp\/v2\/product_brand?post=278469"},{"taxonomy":"product_cat","embeddable":true,"href":"https:\/\/www.miomiorun.com\/fr\/wp-json\/wp\/v2\/product_cat?post=278469"},{"taxonomy":"product_tag","embeddable":true,"href":"https:\/\/www.miomiorun.com\/fr\/wp-json\/wp\/v2\/product_tag?post=278469"}],"curies":[{"name":"wp","href":"https:\/\/api.w.org\/{rel}","templated":true}]}}