{"id":278455,"date":"2021-08-26T11:19:26","date_gmt":"2021-08-26T09:19:26","guid":{"rendered":"https:\/\/miomiorun.com\/prodotto\/craft-cool-intensity-rn-sl-uomo\/"},"modified":"2026-01-07T17:10:09","modified_gmt":"2026-01-07T16:10:09","slug":"craft-cool-intensity-rn-sl-homme","status":"publish","type":"product","link":"https:\/\/www.miomiorun.com\/fr\/produit\/craft-cool-intensity-rn-sl-homme\/","title":{"rendered":"Cool Intensity RN SL homme"},"content":{"rendered":"<p id=\"tw-target-text\" class=\"tw-data-text tw-text-large XcVN5d tw-ta\" dir=\"ltr\" data-placeholder=\"Traduzione\"><span class=\"Y2IQFc\" lang=\"it\">Le <strong>Cool Intensity RN SL<\/strong> de CRAFT pour homme est un haut rafra\u00eechissant sans coutures, fin, l\u00e9ger et \u00e9lastique, dot\u00e9 d&#8217;empi\u00e8cements en mesh et d&#8217;une excellente \u00e9vacuation de l&#8217;humidit\u00e9.<\/span><\/p>\n<p id=\"tw-target-text\" class=\"tw-data-text tw-text-large XcVN5d tw-ta\" dir=\"ltr\" data-placeholder=\"Traduzione\"><span class=\"Y2IQFc\" lang=\"it\">La conception sans coutures et les empi\u00e8cements en mesh dans les zones de transpiration garantissent un confort maximal. Gr\u00e2ce \u00e0 <strong>Coolmax Air<\/strong>, l&#8217;humidit\u00e9 est efficacement \u00e9vacu\u00e9e de la peau vers l&#8217;ext\u00e9rieur du d\u00e9bardeur.&nbsp;<\/span><\/p>\n<p class=\"tw-data-text tw-text-large XcVN5d tw-ta\" dir=\"ltr\" data-placeholder=\"Traduzione\"><span class=\"Y2IQFc\" lang=\"it\"> <strong>Coolmax\u00ae Air <\/strong>est un mat\u00e9riau fonctionnel unique pour le sport : les fibres de polyester avec une structure h\u00e9lico\u00efdale exclusive \u00e9vacuent rapidement la transpiration de l&#8217;int\u00e9rieur vers l&#8217;ext\u00e9rieur, offrant une thermor\u00e9gulation parfaite pour l&#8217;athl\u00e8te. Des tests ont d\u00e9montr\u00e9 que les tissus <strong>Coolmax\u00ae Air<\/strong> offrent une meilleure gestion de la temp\u00e9rature corporelle et un grand confort. Cette technologie s\u00e9duit \u00e9galement par son s\u00e9chage extr\u00eamement rapide. <\/span><\/p>\n<p class=\"tw-data-text tw-text-large XcVN5d tw-ta\" dir=\"ltr\" data-placeholder=\"Traduzione\"><span class=\"Y2IQFc\" lang=\"it\"><strong>Stay Cool<\/strong> : il s&#8217;agit d&#8217;un mat\u00e9riau sp\u00e9cialement con\u00e7u pour rafra\u00eechir les athl\u00e8tes par temps chaud. Le mat\u00e9riau est constitu\u00e9 d&#8217;une fibre multicanaux sp\u00e9ciale qui \u00e9vacue efficacement l&#8217;humidit\u00e9 de la peau et procure ainsi une agr\u00e9able sensation de fra\u00eecheur. La construction 3D garantit une libert\u00e9 de mouvement optimale et un ajustement parfait.<\/span><\/p>\n","protected":false},"excerpt":{"rendered":"<p>Le Cool Intensity RN SL de CRAFT pour homme est un haut rafra\u00eechissant sans coutures, fin, l\u00e9ger et \u00e9lastique, dot\u00e9 d&#8217;empi\u00e8cements en mesh et d&#8217;une excellente \u00e9vacuation de l&#8217;humidit\u00e9. La conception sans coutures et les empi\u00e8cements en mesh dans les zones de transpiration garantissent un confort maximal. Gr\u00e2ce \u00e0 Coolmax Air, l&#8217;humidit\u00e9 est efficacement \u00e9vacu\u00e9e &hellip; <a href=\"https:\/\/www.miomiorun.com\/fr\/produit\/craft-cool-intensity-rn-sl-homme\/\">Continued<\/a><\/p>\n","protected":false},"featured_media":233159,"template":"","meta":{"_acf_changed":false,"inline_featured_image":false},"product_brand":[],"product_cat":[24479,24482,24484],"product_tag":[23554,23647],"class_list":{"0":"post-278455","1":"product","2":"type-product","3":"status-publish","4":"has-post-thumbnail","6":"product_cat-sous-vetements-fr-2","7":"product_cat-vetements-pour-hommes-fr","8":"product_cat-homme","9":"product_tag-craft-fr","10":"product_tag-craft-homme","11":"pa_attivita-fitness-fr","12":"pa_attivita-marcher","13":"pa_attivita-running-fr","14":"pa_colore-cool-intensity-rn-sl-black-fr","15":"pa_colore-cool-intensity-rn-sl-true-blue-fr","16":"pa_marca-craft-fr","17":"pa_sesso-homme","18":"pa_size-large-fr","20":"first","21":"instock","22":"sale","23":"taxable","24":"shipping-taxable","25":"purchasable","26":"product-type-variable","27":"wvs-archive-product-wrapper"},"acf":[],"yoast_head":"<!-- This site is optimized with the Yoast SEO plugin v26.8 - https:\/\/yoast.com\/product\/yoast-seo-wordpress\/ -->\n<title>Craft Cool Intensity RN SL homme - Sous-v\u00eatements - MioMioRun.com<\/title>\n<meta name=\"description\" content=\"Le Cool Intensity RN SL de CRAFT pour homme est un haut rafra\u00eechissant sans coutures, avec des empi\u00e8cements en mesh et une excellente \u00e9vacuation de l&#039;humidit\u00e9.\" \/>\n<meta name=\"robots\" content=\"index, follow, max-snippet:-1, max-image-preview:large, max-video-preview:-1\" \/>\n<link rel=\"canonical\" href=\"https:\/\/www.miomiorun.com\/fr\/produit\/craft-cool-intensity-rn-sl-homme\/\" \/>\n<meta property=\"og:locale\" content=\"fr_FR\" \/>\n<meta property=\"og:type\" content=\"article\" \/>\n<meta property=\"og:title\" content=\"Craft Cool Intensity RN SL homme - Sous-v\u00eatements - MioMioRun.com\" \/>\n<meta property=\"og:description\" content=\"Le Cool Intensity RN SL de CRAFT pour homme est un haut rafra\u00eechissant sans coutures, avec des empi\u00e8cements en mesh et une excellente \u00e9vacuation de l&#039;humidit\u00e9.\" \/>\n<meta property=\"og:url\" content=\"https:\/\/www.miomiorun.com\/fr\/produit\/craft-cool-intensity-rn-sl-homme\/\" \/>\n<meta property=\"og:site_name\" content=\"MioMioRun\" \/>\n<meta property=\"article:publisher\" content=\"https:\/\/www.facebook.com\/miomiorun\/\" \/>\n<meta property=\"article:modified_time\" content=\"2026-01-07T16:10:09+00:00\" \/>\n<meta property=\"og:image\" content=\"https:\/\/www.miomiorun.com\/app\/uploads\/2021\/09\/craft-Cool-intensity-RN-SL-1904921-9999.jpg\" \/>\n\t<meta property=\"og:image:width\" content=\"600\" \/>\n\t<meta property=\"og:image:height\" content=\"600\" \/>\n\t<meta property=\"og:image:type\" content=\"image\/jpeg\" \/>\n<meta name=\"twitter:card\" content=\"summary_large_image\" \/>\n<meta name=\"twitter:label1\" content=\"Est. reading time\" \/>\n\t<meta name=\"twitter:data1\" content=\"1 minute\" \/>\n<script type=\"application\/ld+json\" class=\"yoast-schema-graph\">{\"@context\":\"https:\/\/schema.org\",\"@graph\":[{\"@type\":\"WebPage\",\"@id\":\"https:\/\/www.miomiorun.com\/fr\/produit\/craft-cool-intensity-rn-sl-homme\/\",\"url\":\"https:\/\/www.miomiorun.com\/fr\/produit\/craft-cool-intensity-rn-sl-homme\/\",\"name\":\"Craft Cool Intensity RN SL homme - Sous-v\u00eatements - MioMioRun.com\",\"isPartOf\":{\"@id\":\"https:\/\/www.miomiorun.com\/fr\/#website\"},\"primaryImageOfPage\":{\"@id\":\"https:\/\/www.miomiorun.com\/fr\/produit\/craft-cool-intensity-rn-sl-homme\/#primaryimage\"},\"image\":{\"@id\":\"https:\/\/www.miomiorun.com\/fr\/produit\/craft-cool-intensity-rn-sl-homme\/#primaryimage\"},\"thumbnailUrl\":\"https:\/\/www.miomiorun.com\/app\/uploads\/2021\/09\/craft-Cool-intensity-RN-SL-1904921-9999.jpg\",\"datePublished\":\"2021-08-26T09:19:26+00:00\",\"dateModified\":\"2026-01-07T16:10:09+00:00\",\"description\":\"Le Cool Intensity RN SL de CRAFT pour homme est un haut rafra\u00eechissant sans coutures, avec des empi\u00e8cements en mesh et une excellente \u00e9vacuation de l'humidit\u00e9.\",\"breadcrumb\":{\"@id\":\"https:\/\/www.miomiorun.com\/fr\/produit\/craft-cool-intensity-rn-sl-homme\/#breadcrumb\"},\"inLanguage\":\"fr-FR\",\"potentialAction\":[{\"@type\":\"ReadAction\",\"target\":[\"https:\/\/www.miomiorun.com\/fr\/produit\/craft-cool-intensity-rn-sl-homme\/\"]}]},{\"@type\":\"ImageObject\",\"inLanguage\":\"fr-FR\",\"@id\":\"https:\/\/www.miomiorun.com\/fr\/produit\/craft-cool-intensity-rn-sl-homme\/#primaryimage\",\"url\":\"https:\/\/www.miomiorun.com\/app\/uploads\/2021\/09\/craft-Cool-intensity-RN-SL-1904921-9999.jpg\",\"contentUrl\":\"https:\/\/www.miomiorun.com\/app\/uploads\/2021\/09\/craft-Cool-intensity-RN-SL-1904921-9999.jpg\",\"width\":600,\"height\":600,\"caption\":\"craft cool intensity rn sl\"},{\"@type\":\"BreadcrumbList\",\"@id\":\"https:\/\/www.miomiorun.com\/fr\/produit\/craft-cool-intensity-rn-sl-homme\/#breadcrumb\",\"itemListElement\":[{\"@type\":\"ListItem\",\"position\":1,\"name\":\"Home\",\"item\":\"https:\/\/www.miomiorun.com\/fr\/home-page\/\"},{\"@type\":\"ListItem\",\"position\":2,\"name\":\"Shop\",\"item\":\"https:\/\/www.miomiorun.com\/shop\/\"},{\"@type\":\"ListItem\",\"position\":3,\"name\":\"Cool Intensity RN SL homme\"}]},{\"@type\":\"WebSite\",\"@id\":\"https:\/\/www.miomiorun.com\/fr\/#website\",\"url\":\"https:\/\/www.miomiorun.com\/fr\/\",\"name\":\"MioMioRun\",\"description\":\"Boutique 100% running et trail\",\"publisher\":{\"@id\":\"https:\/\/www.miomiorun.com\/fr\/#organization\"},\"potentialAction\":[{\"@type\":\"SearchAction\",\"target\":{\"@type\":\"EntryPoint\",\"urlTemplate\":\"https:\/\/www.miomiorun.com\/fr\/?s={search_term_string}\"},\"query-input\":{\"@type\":\"PropertyValueSpecification\",\"valueRequired\":true,\"valueName\":\"search_term_string\"}}],\"inLanguage\":\"fr-FR\"},{\"@type\":\"Organization\",\"@id\":\"https:\/\/www.miomiorun.com\/fr\/#organization\",\"name\":\"MioMio Run\",\"url\":\"https:\/\/www.miomiorun.com\/fr\/\",\"logo\":{\"@type\":\"ImageObject\",\"inLanguage\":\"fr-FR\",\"@id\":\"https:\/\/www.miomiorun.com\/fr\/#\/schema\/logo\/image\/\",\"url\":\"https:\/\/www.miomiorun.com\/app\/uploads\/2019\/12\/logomio.png\",\"contentUrl\":\"https:\/\/www.miomiorun.com\/app\/uploads\/2019\/12\/logomio.png\",\"width\":115,\"height\":82,\"caption\":\"MioMio Run\"},\"image\":{\"@id\":\"https:\/\/www.miomiorun.com\/fr\/#\/schema\/logo\/image\/\"},\"sameAs\":[\"https:\/\/www.facebook.com\/miomiorun\/\",\"https:\/\/www.instagram.com\/miomiorun\/\"]}]}<\/script>\n<!-- \/ Yoast SEO plugin. -->","yoast_head_json":{"title":"Craft Cool Intensity RN SL homme - Sous-v\u00eatements - MioMioRun.com","description":"Le Cool Intensity RN SL de CRAFT pour homme est un haut rafra\u00eechissant sans coutures, avec des empi\u00e8cements en mesh et une excellente \u00e9vacuation de l'humidit\u00e9.","robots":{"index":"index","follow":"follow","max-snippet":"max-snippet:-1","max-image-preview":"max-image-preview:large","max-video-preview":"max-video-preview:-1"},"canonical":"https:\/\/www.miomiorun.com\/fr\/produit\/craft-cool-intensity-rn-sl-homme\/","og_locale":"fr_FR","og_type":"article","og_title":"Craft Cool Intensity RN SL homme - Sous-v\u00eatements - MioMioRun.com","og_description":"Le Cool Intensity RN SL de CRAFT pour homme est un haut rafra\u00eechissant sans coutures, avec des empi\u00e8cements en mesh et une excellente \u00e9vacuation de l'humidit\u00e9.","og_url":"https:\/\/www.miomiorun.com\/fr\/produit\/craft-cool-intensity-rn-sl-homme\/","og_site_name":"MioMioRun","article_publisher":"https:\/\/www.facebook.com\/miomiorun\/","article_modified_time":"2026-01-07T16:10:09+00:00","og_image":[{"width":600,"height":600,"url":"https:\/\/www.miomiorun.com\/app\/uploads\/2021\/09\/craft-Cool-intensity-RN-SL-1904921-9999.jpg","type":"image\/jpeg"}],"twitter_card":"summary_large_image","twitter_misc":{"Est. reading time":"1 minute"},"schema":{"@context":"https:\/\/schema.org","@graph":[{"@type":"WebPage","@id":"https:\/\/www.miomiorun.com\/fr\/produit\/craft-cool-intensity-rn-sl-homme\/","url":"https:\/\/www.miomiorun.com\/fr\/produit\/craft-cool-intensity-rn-sl-homme\/","name":"Craft Cool Intensity RN SL homme - Sous-v\u00eatements - MioMioRun.com","isPartOf":{"@id":"https:\/\/www.miomiorun.com\/fr\/#website"},"primaryImageOfPage":{"@id":"https:\/\/www.miomiorun.com\/fr\/produit\/craft-cool-intensity-rn-sl-homme\/#primaryimage"},"image":{"@id":"https:\/\/www.miomiorun.com\/fr\/produit\/craft-cool-intensity-rn-sl-homme\/#primaryimage"},"thumbnailUrl":"https:\/\/www.miomiorun.com\/app\/uploads\/2021\/09\/craft-Cool-intensity-RN-SL-1904921-9999.jpg","datePublished":"2021-08-26T09:19:26+00:00","dateModified":"2026-01-07T16:10:09+00:00","description":"Le Cool Intensity RN SL de CRAFT pour homme est un haut rafra\u00eechissant sans coutures, avec des empi\u00e8cements en mesh et une excellente \u00e9vacuation de l'humidit\u00e9.","breadcrumb":{"@id":"https:\/\/www.miomiorun.com\/fr\/produit\/craft-cool-intensity-rn-sl-homme\/#breadcrumb"},"inLanguage":"fr-FR","potentialAction":[{"@type":"ReadAction","target":["https:\/\/www.miomiorun.com\/fr\/produit\/craft-cool-intensity-rn-sl-homme\/"]}]},{"@type":"ImageObject","inLanguage":"fr-FR","@id":"https:\/\/www.miomiorun.com\/fr\/produit\/craft-cool-intensity-rn-sl-homme\/#primaryimage","url":"https:\/\/www.miomiorun.com\/app\/uploads\/2021\/09\/craft-Cool-intensity-RN-SL-1904921-9999.jpg","contentUrl":"https:\/\/www.miomiorun.com\/app\/uploads\/2021\/09\/craft-Cool-intensity-RN-SL-1904921-9999.jpg","width":600,"height":600,"caption":"craft cool intensity rn sl"},{"@type":"BreadcrumbList","@id":"https:\/\/www.miomiorun.com\/fr\/produit\/craft-cool-intensity-rn-sl-homme\/#breadcrumb","itemListElement":[{"@type":"ListItem","position":1,"name":"Home","item":"https:\/\/www.miomiorun.com\/fr\/home-page\/"},{"@type":"ListItem","position":2,"name":"Shop","item":"https:\/\/www.miomiorun.com\/shop\/"},{"@type":"ListItem","position":3,"name":"Cool Intensity RN SL homme"}]},{"@type":"WebSite","@id":"https:\/\/www.miomiorun.com\/fr\/#website","url":"https:\/\/www.miomiorun.com\/fr\/","name":"MioMioRun","description":"Boutique 100% running et trail","publisher":{"@id":"https:\/\/www.miomiorun.com\/fr\/#organization"},"potentialAction":[{"@type":"SearchAction","target":{"@type":"EntryPoint","urlTemplate":"https:\/\/www.miomiorun.com\/fr\/?s={search_term_string}"},"query-input":{"@type":"PropertyValueSpecification","valueRequired":true,"valueName":"search_term_string"}}],"inLanguage":"fr-FR"},{"@type":"Organization","@id":"https:\/\/www.miomiorun.com\/fr\/#organization","name":"MioMio Run","url":"https:\/\/www.miomiorun.com\/fr\/","logo":{"@type":"ImageObject","inLanguage":"fr-FR","@id":"https:\/\/www.miomiorun.com\/fr\/#\/schema\/logo\/image\/","url":"https:\/\/www.miomiorun.com\/app\/uploads\/2019\/12\/logomio.png","contentUrl":"https:\/\/www.miomiorun.com\/app\/uploads\/2019\/12\/logomio.png","width":115,"height":82,"caption":"MioMio Run"},"image":{"@id":"https:\/\/www.miomiorun.com\/fr\/#\/schema\/logo\/image\/"},"sameAs":["https:\/\/www.facebook.com\/miomiorun\/","https:\/\/www.instagram.com\/miomiorun\/"]}]}},"_links":{"self":[{"href":"https:\/\/www.miomiorun.com\/fr\/wp-json\/wp\/v2\/product\/278455","targetHints":{"allow":["GET"]}}],"collection":[{"href":"https:\/\/www.miomiorun.com\/fr\/wp-json\/wp\/v2\/product"}],"about":[{"href":"https:\/\/www.miomiorun.com\/fr\/wp-json\/wp\/v2\/types\/product"}],"wp:featuredmedia":[{"embeddable":true,"href":"https:\/\/www.miomiorun.com\/fr\/wp-json\/wp\/v2\/media\/233159"}],"wp:attachment":[{"href":"https:\/\/www.miomiorun.com\/fr\/wp-json\/wp\/v2\/media?parent=278455"}],"wp:term":[{"taxonomy":"product_brand","embeddable":true,"href":"https:\/\/www.miomiorun.com\/fr\/wp-json\/wp\/v2\/product_brand?post=278455"},{"taxonomy":"product_cat","embeddable":true,"href":"https:\/\/www.miomiorun.com\/fr\/wp-json\/wp\/v2\/product_cat?post=278455"},{"taxonomy":"product_tag","embeddable":true,"href":"https:\/\/www.miomiorun.com\/fr\/wp-json\/wp\/v2\/product_tag?post=278455"}],"curies":[{"name":"wp","href":"https:\/\/api.w.org\/{rel}","templated":true}]}}