{"id":278372,"date":"2021-08-28T16:10:39","date_gmt":"2021-08-28T14:10:39","guid":{"rendered":"https:\/\/miomiorun.com\/prodotto\/craft-keep-warm-cn-donna\/"},"modified":"2026-01-07T19:25:47","modified_gmt":"2026-01-07T18:25:47","slug":"craft-keep-warm-cn-femme","status":"publish","type":"product","link":"https:\/\/www.miomiorun.com\/fr\/produit\/craft-keep-warm-cn-femme\/","title":{"rendered":"Keep Warm CN femme"},"content":{"rendered":"<p id=\"tw-target-text\" class=\"tw-data-text tw-text-large XcVN5d tw-ta\" dir=\"ltr\" data-placeholder=\"Traduzione\"><span class=\"Y2IQFc\" lang=\"it\">Le Craft <strong>Keep Warm Crewneck<\/strong> pour femme est un pull bodymapped avec des zones climatiques pour une thermor\u00e9gulation optimale. Le pull a une coupe 3D sp\u00e9cifique pour le sport pour un confort maximal. Le fil utilis\u00e9 est l\u00e9ger et chauffant pour une thermor\u00e9gulation optimale. C<\/span><\/p>\n<p id=\"tw-target-text\" class=\"tw-data-text tw-text-large XcVN5d tw-ta\" dir=\"ltr\" data-placeholder=\"Traduzione\"><strong><span class=\"Y2IQFc\" lang=\"it\">Caract\u00e9ristiques :<\/span><\/strong><\/p>\n<ul>\n<li>Col rond au design anguleux et thermor\u00e9gulation parfaite.<\/li>\n<li>Coupe sp\u00e9cifique pour le sport en tricot 3D pour un confort maximal.<\/li>\n<li>Fil thermique l\u00e9ger et chaud pour une thermor\u00e9gulation optimale.<\/li>\n<li>Torse sans coutures.<\/li>\n<li>Conception bodymapped qui vous garde au chaud et au sec.<\/li>\n<li>\u00c9lastique pour une libert\u00e9 de mouvement optimale.<\/li>\n<li>Isolation suppl\u00e9mentaire l\u00e0 o\u00f9 vous avez besoin de plus de chaleur.<\/li>\n<li>Vous garde au frais pendant l&#8217;effort.<\/li>\n<\/ul>\n<p>&nbsp;<\/p>\n","protected":false},"excerpt":{"rendered":"<p>Le Craft Keep Warm Crewneck pour femme est un pull bodymapped avec des zones climatiques pour une thermor\u00e9gulation optimale. Le pull a une coupe 3D sp\u00e9cifique pour le sport pour un confort maximal. Le fil utilis\u00e9 est l\u00e9ger et chauffant pour une thermor\u00e9gulation optimale. C Caract\u00e9ristiques : Col rond au design anguleux et thermor\u00e9gulation parfaite. &hellip; <a href=\"https:\/\/www.miomiorun.com\/fr\/produit\/craft-keep-warm-cn-femme\/\">Continued<\/a><\/p>\n","protected":false},"featured_media":233201,"template":"","meta":{"_acf_changed":false,"inline_featured_image":false},"product_brand":[],"product_cat":[24440,24444,24246],"product_tag":[23554,23648],"class_list":{"0":"post-278372","1":"product","2":"type-product","3":"status-publish","4":"has-post-thumbnail","6":"product_cat-sous-vetements-fr","7":"product_cat-vetements-pour-femmes-fr","8":"product_cat-offres-pour-les-femmes","9":"product_tag-craft-fr","10":"product_tag-craft-femme","11":"pa_attivita-marcher","12":"pa_attivita-outdoor-fr","13":"pa_colore-keep-warm-cn-rosa-fr","14":"pa_colore-keep-warm-cn-w-nera-fr","15":"pa_marca-craft-fr","16":"pa_sesso-femme","17":"pa_size-small-fr","18":"pa_size-medium-fr","20":"first","21":"instock","22":"sale","23":"taxable","24":"shipping-taxable","25":"purchasable","26":"product-type-variable","27":"wvs-archive-product-wrapper"},"acf":[],"yoast_head":"<!-- This site is optimized with the Yoast SEO plugin v26.8 - https:\/\/yoast.com\/product\/yoast-seo-wordpress\/ -->\n<title>Craft Keep Warm CN femme -Lingerie f\u00e9minine - MioMioRun.com<\/title>\n<meta name=\"description\" content=\"Le Craft Keep Warm Crewneck pour femme est un pull bodymapped avec des zones climatiques pour une thermor\u00e9gulation optimale.\" \/>\n<meta name=\"robots\" content=\"index, follow, max-snippet:-1, max-image-preview:large, max-video-preview:-1\" \/>\n<link rel=\"canonical\" href=\"https:\/\/www.miomiorun.com\/fr\/produit\/craft-keep-warm-cn-femme\/\" \/>\n<meta property=\"og:locale\" content=\"fr_FR\" \/>\n<meta property=\"og:type\" content=\"article\" \/>\n<meta property=\"og:title\" content=\"Craft Keep Warm CN femme -Lingerie f\u00e9minine - MioMioRun.com\" \/>\n<meta property=\"og:description\" content=\"Le Craft Keep Warm Crewneck pour femme est un pull bodymapped avec des zones climatiques pour une thermor\u00e9gulation optimale.\" \/>\n<meta property=\"og:url\" content=\"https:\/\/www.miomiorun.com\/fr\/produit\/craft-keep-warm-cn-femme\/\" \/>\n<meta property=\"og:site_name\" content=\"MioMioRun\" \/>\n<meta property=\"article:publisher\" content=\"https:\/\/www.facebook.com\/miomiorun\/\" \/>\n<meta property=\"article:modified_time\" content=\"2026-01-07T18:25:47+00:00\" \/>\n<meta property=\"og:image\" content=\"https:\/\/www.miomiorun.com\/app\/uploads\/2021\/09\/craft-Keep-Warm-CN-1904190-9999.jpg\" \/>\n\t<meta property=\"og:image:width\" content=\"600\" \/>\n\t<meta property=\"og:image:height\" content=\"600\" \/>\n\t<meta property=\"og:image:type\" content=\"image\/jpeg\" \/>\n<meta name=\"twitter:card\" content=\"summary_large_image\" \/>\n<meta name=\"twitter:label1\" content=\"Est. reading time\" \/>\n\t<meta name=\"twitter:data1\" content=\"1 minute\" \/>\n<script type=\"application\/ld+json\" class=\"yoast-schema-graph\">{\"@context\":\"https:\/\/schema.org\",\"@graph\":[{\"@type\":\"WebPage\",\"@id\":\"https:\/\/www.miomiorun.com\/fr\/produit\/craft-keep-warm-cn-femme\/\",\"url\":\"https:\/\/www.miomiorun.com\/fr\/produit\/craft-keep-warm-cn-femme\/\",\"name\":\"Craft Keep Warm CN femme -Lingerie f\u00e9minine - MioMioRun.com\",\"isPartOf\":{\"@id\":\"https:\/\/www.miomiorun.com\/fr\/#website\"},\"primaryImageOfPage\":{\"@id\":\"https:\/\/www.miomiorun.com\/fr\/produit\/craft-keep-warm-cn-femme\/#primaryimage\"},\"image\":{\"@id\":\"https:\/\/www.miomiorun.com\/fr\/produit\/craft-keep-warm-cn-femme\/#primaryimage\"},\"thumbnailUrl\":\"https:\/\/www.miomiorun.com\/app\/uploads\/2021\/09\/craft-Keep-Warm-CN-1904190-9999.jpg\",\"datePublished\":\"2021-08-28T14:10:39+00:00\",\"dateModified\":\"2026-01-07T18:25:47+00:00\",\"description\":\"Le Craft Keep Warm Crewneck pour femme est un pull bodymapped avec des zones climatiques pour une thermor\u00e9gulation optimale.\",\"breadcrumb\":{\"@id\":\"https:\/\/www.miomiorun.com\/fr\/produit\/craft-keep-warm-cn-femme\/#breadcrumb\"},\"inLanguage\":\"fr-FR\",\"potentialAction\":[{\"@type\":\"ReadAction\",\"target\":[\"https:\/\/www.miomiorun.com\/fr\/produit\/craft-keep-warm-cn-femme\/\"]}]},{\"@type\":\"ImageObject\",\"inLanguage\":\"fr-FR\",\"@id\":\"https:\/\/www.miomiorun.com\/fr\/produit\/craft-keep-warm-cn-femme\/#primaryimage\",\"url\":\"https:\/\/www.miomiorun.com\/app\/uploads\/2021\/09\/craft-Keep-Warm-CN-1904190-9999.jpg\",\"contentUrl\":\"https:\/\/www.miomiorun.com\/app\/uploads\/2021\/09\/craft-Keep-Warm-CN-1904190-9999.jpg\",\"width\":600,\"height\":600,\"caption\":\"craft kepp wram cn\"},{\"@type\":\"BreadcrumbList\",\"@id\":\"https:\/\/www.miomiorun.com\/fr\/produit\/craft-keep-warm-cn-femme\/#breadcrumb\",\"itemListElement\":[{\"@type\":\"ListItem\",\"position\":1,\"name\":\"Home\",\"item\":\"https:\/\/www.miomiorun.com\/fr\/home-page\/\"},{\"@type\":\"ListItem\",\"position\":2,\"name\":\"Shop\",\"item\":\"https:\/\/www.miomiorun.com\/shop\/\"},{\"@type\":\"ListItem\",\"position\":3,\"name\":\"Keep Warm CN femme\"}]},{\"@type\":\"WebSite\",\"@id\":\"https:\/\/www.miomiorun.com\/fr\/#website\",\"url\":\"https:\/\/www.miomiorun.com\/fr\/\",\"name\":\"MioMioRun\",\"description\":\"Boutique 100% running et trail\",\"publisher\":{\"@id\":\"https:\/\/www.miomiorun.com\/fr\/#organization\"},\"potentialAction\":[{\"@type\":\"SearchAction\",\"target\":{\"@type\":\"EntryPoint\",\"urlTemplate\":\"https:\/\/www.miomiorun.com\/fr\/?s={search_term_string}\"},\"query-input\":{\"@type\":\"PropertyValueSpecification\",\"valueRequired\":true,\"valueName\":\"search_term_string\"}}],\"inLanguage\":\"fr-FR\"},{\"@type\":\"Organization\",\"@id\":\"https:\/\/www.miomiorun.com\/fr\/#organization\",\"name\":\"MioMio Run\",\"url\":\"https:\/\/www.miomiorun.com\/fr\/\",\"logo\":{\"@type\":\"ImageObject\",\"inLanguage\":\"fr-FR\",\"@id\":\"https:\/\/www.miomiorun.com\/fr\/#\/schema\/logo\/image\/\",\"url\":\"https:\/\/www.miomiorun.com\/app\/uploads\/2019\/12\/logomio.png\",\"contentUrl\":\"https:\/\/www.miomiorun.com\/app\/uploads\/2019\/12\/logomio.png\",\"width\":115,\"height\":82,\"caption\":\"MioMio Run\"},\"image\":{\"@id\":\"https:\/\/www.miomiorun.com\/fr\/#\/schema\/logo\/image\/\"},\"sameAs\":[\"https:\/\/www.facebook.com\/miomiorun\/\",\"https:\/\/www.instagram.com\/miomiorun\/\"]}]}<\/script>\n<!-- \/ Yoast SEO plugin. -->","yoast_head_json":{"title":"Craft Keep Warm CN femme -Lingerie f\u00e9minine - MioMioRun.com","description":"Le Craft Keep Warm Crewneck pour femme est un pull bodymapped avec des zones climatiques pour une thermor\u00e9gulation optimale.","robots":{"index":"index","follow":"follow","max-snippet":"max-snippet:-1","max-image-preview":"max-image-preview:large","max-video-preview":"max-video-preview:-1"},"canonical":"https:\/\/www.miomiorun.com\/fr\/produit\/craft-keep-warm-cn-femme\/","og_locale":"fr_FR","og_type":"article","og_title":"Craft Keep Warm CN femme -Lingerie f\u00e9minine - MioMioRun.com","og_description":"Le Craft Keep Warm Crewneck pour femme est un pull bodymapped avec des zones climatiques pour une thermor\u00e9gulation optimale.","og_url":"https:\/\/www.miomiorun.com\/fr\/produit\/craft-keep-warm-cn-femme\/","og_site_name":"MioMioRun","article_publisher":"https:\/\/www.facebook.com\/miomiorun\/","article_modified_time":"2026-01-07T18:25:47+00:00","og_image":[{"width":600,"height":600,"url":"https:\/\/www.miomiorun.com\/app\/uploads\/2021\/09\/craft-Keep-Warm-CN-1904190-9999.jpg","type":"image\/jpeg"}],"twitter_card":"summary_large_image","twitter_misc":{"Est. reading time":"1 minute"},"schema":{"@context":"https:\/\/schema.org","@graph":[{"@type":"WebPage","@id":"https:\/\/www.miomiorun.com\/fr\/produit\/craft-keep-warm-cn-femme\/","url":"https:\/\/www.miomiorun.com\/fr\/produit\/craft-keep-warm-cn-femme\/","name":"Craft Keep Warm CN femme -Lingerie f\u00e9minine - MioMioRun.com","isPartOf":{"@id":"https:\/\/www.miomiorun.com\/fr\/#website"},"primaryImageOfPage":{"@id":"https:\/\/www.miomiorun.com\/fr\/produit\/craft-keep-warm-cn-femme\/#primaryimage"},"image":{"@id":"https:\/\/www.miomiorun.com\/fr\/produit\/craft-keep-warm-cn-femme\/#primaryimage"},"thumbnailUrl":"https:\/\/www.miomiorun.com\/app\/uploads\/2021\/09\/craft-Keep-Warm-CN-1904190-9999.jpg","datePublished":"2021-08-28T14:10:39+00:00","dateModified":"2026-01-07T18:25:47+00:00","description":"Le Craft Keep Warm Crewneck pour femme est un pull bodymapped avec des zones climatiques pour une thermor\u00e9gulation optimale.","breadcrumb":{"@id":"https:\/\/www.miomiorun.com\/fr\/produit\/craft-keep-warm-cn-femme\/#breadcrumb"},"inLanguage":"fr-FR","potentialAction":[{"@type":"ReadAction","target":["https:\/\/www.miomiorun.com\/fr\/produit\/craft-keep-warm-cn-femme\/"]}]},{"@type":"ImageObject","inLanguage":"fr-FR","@id":"https:\/\/www.miomiorun.com\/fr\/produit\/craft-keep-warm-cn-femme\/#primaryimage","url":"https:\/\/www.miomiorun.com\/app\/uploads\/2021\/09\/craft-Keep-Warm-CN-1904190-9999.jpg","contentUrl":"https:\/\/www.miomiorun.com\/app\/uploads\/2021\/09\/craft-Keep-Warm-CN-1904190-9999.jpg","width":600,"height":600,"caption":"craft kepp wram cn"},{"@type":"BreadcrumbList","@id":"https:\/\/www.miomiorun.com\/fr\/produit\/craft-keep-warm-cn-femme\/#breadcrumb","itemListElement":[{"@type":"ListItem","position":1,"name":"Home","item":"https:\/\/www.miomiorun.com\/fr\/home-page\/"},{"@type":"ListItem","position":2,"name":"Shop","item":"https:\/\/www.miomiorun.com\/shop\/"},{"@type":"ListItem","position":3,"name":"Keep Warm CN femme"}]},{"@type":"WebSite","@id":"https:\/\/www.miomiorun.com\/fr\/#website","url":"https:\/\/www.miomiorun.com\/fr\/","name":"MioMioRun","description":"Boutique 100% running et trail","publisher":{"@id":"https:\/\/www.miomiorun.com\/fr\/#organization"},"potentialAction":[{"@type":"SearchAction","target":{"@type":"EntryPoint","urlTemplate":"https:\/\/www.miomiorun.com\/fr\/?s={search_term_string}"},"query-input":{"@type":"PropertyValueSpecification","valueRequired":true,"valueName":"search_term_string"}}],"inLanguage":"fr-FR"},{"@type":"Organization","@id":"https:\/\/www.miomiorun.com\/fr\/#organization","name":"MioMio Run","url":"https:\/\/www.miomiorun.com\/fr\/","logo":{"@type":"ImageObject","inLanguage":"fr-FR","@id":"https:\/\/www.miomiorun.com\/fr\/#\/schema\/logo\/image\/","url":"https:\/\/www.miomiorun.com\/app\/uploads\/2019\/12\/logomio.png","contentUrl":"https:\/\/www.miomiorun.com\/app\/uploads\/2019\/12\/logomio.png","width":115,"height":82,"caption":"MioMio Run"},"image":{"@id":"https:\/\/www.miomiorun.com\/fr\/#\/schema\/logo\/image\/"},"sameAs":["https:\/\/www.facebook.com\/miomiorun\/","https:\/\/www.instagram.com\/miomiorun\/"]}]}},"_links":{"self":[{"href":"https:\/\/www.miomiorun.com\/fr\/wp-json\/wp\/v2\/product\/278372","targetHints":{"allow":["GET"]}}],"collection":[{"href":"https:\/\/www.miomiorun.com\/fr\/wp-json\/wp\/v2\/product"}],"about":[{"href":"https:\/\/www.miomiorun.com\/fr\/wp-json\/wp\/v2\/types\/product"}],"wp:featuredmedia":[{"embeddable":true,"href":"https:\/\/www.miomiorun.com\/fr\/wp-json\/wp\/v2\/media\/233201"}],"wp:attachment":[{"href":"https:\/\/www.miomiorun.com\/fr\/wp-json\/wp\/v2\/media?parent=278372"}],"wp:term":[{"taxonomy":"product_brand","embeddable":true,"href":"https:\/\/www.miomiorun.com\/fr\/wp-json\/wp\/v2\/product_brand?post=278372"},{"taxonomy":"product_cat","embeddable":true,"href":"https:\/\/www.miomiorun.com\/fr\/wp-json\/wp\/v2\/product_cat?post=278372"},{"taxonomy":"product_tag","embeddable":true,"href":"https:\/\/www.miomiorun.com\/fr\/wp-json\/wp\/v2\/product_tag?post=278372"}],"curies":[{"name":"wp","href":"https:\/\/api.w.org\/{rel}","templated":true}]}}