{"id":278344,"date":"2021-08-28T15:57:27","date_gmt":"2021-08-28T13:57:27","guid":{"rendered":"https:\/\/miomiorun.com\/prodotto\/craft-cool-seamless-sl-uomo\/"},"modified":"2026-01-07T19:21:48","modified_gmt":"2026-01-07T18:21:48","slug":"craft-cool-seamless-sl-homme","status":"publish","type":"product","link":"https:\/\/www.miomiorun.com\/fr\/produit\/craft-cool-seamless-sl-homme\/","title":{"rendered":"Cool Seamless SL homme"},"content":{"rendered":"<p id=\"tw-target-text\" class=\"tw-data-text tw-text-large XcVN5d tw-ta\" dir=\"ltr\" data-placeholder=\"Traduzione\"><span class=\"Y2IQFc\" lang=\"it\">Restez au frais pendant les journ\u00e9es chaudes avec ce d\u00e9bardeur <strong>Cool Seamless SL<\/strong> pour homme, compos\u00e9 d&#8217;une couche de base ultra-l\u00e9g\u00e8re en maille fra\u00eeche qui \u00e9vacue l&#8217;humidit\u00e9 du corps. <\/span><\/p>\n<p class=\"tw-data-text tw-text-large XcVN5d tw-ta\" dir=\"ltr\" data-placeholder=\"Traduzione\"><span class=\"Y2IQFc\" lang=\"it\">L&#8217;effet ultra-rafra\u00eechissant est renforc\u00e9 par le fait que cette couche de base est douce et confortable, ce qui la rend facile \u00e0 porter toute la journ\u00e9e. Restez au frais : les sous-v\u00eatements fonctionnels Craft Stay Cool sont sp\u00e9cialement con\u00e7us pour vous garder au frais lorsque vous vous entra\u00eenez dans des conditions chaudes, \u00e0 l&#8217;int\u00e9rieur comme \u00e0 l&#8217;ext\u00e9rieur. <\/span><\/p>\n<p class=\"tw-data-text tw-text-large XcVN5d tw-ta\" dir=\"ltr\" data-placeholder=\"Traduzione\"><span class=\"Y2IQFc\" lang=\"it\">Les tissus de ces sous-v\u00eatements sont bas\u00e9s sur l&#8217;utilisation d&#8217;un filament hexad\u00e9cimal continu, une construction \u00e0 motif unique avec six canaux qui extraient la vapeur de transpiration du corps pour le garder au frais. De plus, la gamme Cool r\u00e9siste aux odeurs et reste propre plus longtemps. <\/span><\/p>\n<p class=\"tw-data-text tw-text-large XcVN5d tw-ta\" dir=\"ltr\" data-placeholder=\"Traduzione\"><span class=\"Y2IQFc\" lang=\"it\"><strong>Caract\u00e9ristiques :<\/strong> <\/span><\/p>\n<ul>\n<li class=\"tw-data-text tw-text-large XcVN5d tw-ta\" dir=\"ltr\" data-placeholder=\"Traduzione\"><span class=\"Y2IQFc\" lang=\"it\">Sans coutures pour un ajustement optimal et un confort maximal. <\/span><\/li>\n<li class=\"tw-data-text tw-text-large XcVN5d tw-ta\" dir=\"ltr\" data-placeholder=\"Traduzione\"><span class=\"Y2IQFc\" lang=\"it\">Hexachannel pour un transport optimal de l&#8217;humidit\u00e9. <\/span><\/li>\n<li class=\"tw-data-text tw-text-large XcVN5d tw-ta\" dir=\"ltr\" data-placeholder=\"Traduzione\"><span class=\"Y2IQFc\" lang=\"it\">Empi\u00e8cements en mesh l\u00e0 o\u00f9 vous en avez le plus besoin.<\/span><\/li>\n<li class=\"tw-data-text tw-text-large XcVN5d tw-ta\" dir=\"ltr\" data-placeholder=\"Traduzione\"><span class=\"Y2IQFc\" lang=\"it\">Coupe souple et confortable.<\/span><\/li>\n<\/ul>\n<p>&nbsp;<\/p>\n","protected":false},"excerpt":{"rendered":"<p>Restez au frais pendant les journ\u00e9es chaudes avec ce d\u00e9bardeur Cool Seamless SL pour homme, compos\u00e9 d&#8217;une couche de base ultra-l\u00e9g\u00e8re en maille fra\u00eeche qui \u00e9vacue l&#8217;humidit\u00e9 du corps. L&#8217;effet ultra-rafra\u00eechissant est renforc\u00e9 par le fait que cette couche de base est douce et confortable, ce qui la rend facile \u00e0 porter toute la journ\u00e9e. &hellip; <a href=\"https:\/\/www.miomiorun.com\/fr\/produit\/craft-cool-seamless-sl-homme\/\">Continued<\/a><\/p>\n","protected":false},"featured_media":233197,"template":"","meta":{"_acf_changed":false,"inline_featured_image":false},"product_brand":[],"product_cat":[24486,24430,24431],"product_tag":[23554,23647],"class_list":{"0":"post-278344","1":"product","2":"type-product","3":"status-publish","4":"has-post-thumbnail","6":"product_cat-sous-vetements-fr-3","7":"product_cat-vetements-pour-hommes","8":"product_cat-offres-pour-hommes","9":"product_tag-craft-fr","10":"product_tag-craft-homme","11":"pa_attivita-fitness-fr","12":"pa_attivita-marcher","13":"pa_attivita-outdoor-fr","14":"pa_attivita-running-fr","15":"pa_attivita-trail-fr","16":"pa_marca-craft-fr","17":"pa_sesso-homme","18":"pa_size-large-fr","20":"first","21":"instock","22":"sale","23":"taxable","24":"shipping-taxable","25":"purchasable","26":"product-type-variable","27":"wvs-archive-product-wrapper"},"acf":[],"yoast_head":"<!-- This site is optimized with the Yoast SEO plugin v26.8 - https:\/\/yoast.com\/product\/yoast-seo-wordpress\/ -->\n<title>Craft Cool Seamless SL homme - Sous-v\u00eatements hommes- MioMioRun.com<\/title>\n<meta name=\"description\" content=\"Restez au frais pendant les journ\u00e9es chaudes avec ce d\u00e9bardeur Cool Seamless SL pour homme, compos\u00e9 d&#039;une couche de base ultra-l\u00e9g\u00e8re.\" \/>\n<meta name=\"robots\" content=\"index, follow, max-snippet:-1, max-image-preview:large, max-video-preview:-1\" \/>\n<link rel=\"canonical\" href=\"https:\/\/www.miomiorun.com\/fr\/produit\/craft-cool-seamless-sl-homme\/\" \/>\n<meta property=\"og:locale\" content=\"fr_FR\" \/>\n<meta property=\"og:type\" content=\"article\" \/>\n<meta property=\"og:title\" content=\"Craft Cool Seamless SL homme - Sous-v\u00eatements hommes- MioMioRun.com\" \/>\n<meta property=\"og:description\" content=\"Restez au frais pendant les journ\u00e9es chaudes avec ce d\u00e9bardeur Cool Seamless SL pour homme, compos\u00e9 d&#039;une couche de base ultra-l\u00e9g\u00e8re.\" \/>\n<meta property=\"og:url\" content=\"https:\/\/www.miomiorun.com\/fr\/produit\/craft-cool-seamless-sl-homme\/\" \/>\n<meta property=\"og:site_name\" content=\"MioMioRun\" \/>\n<meta property=\"article:publisher\" content=\"https:\/\/www.facebook.com\/miomiorun\/\" \/>\n<meta property=\"article:modified_time\" content=\"2026-01-07T18:21:48+00:00\" \/>\n<meta property=\"og:image\" content=\"https:\/\/www.miomiorun.com\/app\/uploads\/2021\/08\/craft-Cool-Seamless-SL-1903787-b999.jpg\" \/>\n\t<meta property=\"og:image:width\" content=\"600\" \/>\n\t<meta property=\"og:image:height\" content=\"600\" \/>\n\t<meta property=\"og:image:type\" content=\"image\/jpeg\" \/>\n<meta name=\"twitter:card\" content=\"summary_large_image\" \/>\n<meta name=\"twitter:label1\" content=\"Est. reading time\" \/>\n\t<meta name=\"twitter:data1\" content=\"1 minute\" \/>\n<script type=\"application\/ld+json\" class=\"yoast-schema-graph\">{\"@context\":\"https:\/\/schema.org\",\"@graph\":[{\"@type\":\"WebPage\",\"@id\":\"https:\/\/www.miomiorun.com\/fr\/produit\/craft-cool-seamless-sl-homme\/\",\"url\":\"https:\/\/www.miomiorun.com\/fr\/produit\/craft-cool-seamless-sl-homme\/\",\"name\":\"Craft Cool Seamless SL homme - Sous-v\u00eatements hommes- MioMioRun.com\",\"isPartOf\":{\"@id\":\"https:\/\/www.miomiorun.com\/fr\/#website\"},\"primaryImageOfPage\":{\"@id\":\"https:\/\/www.miomiorun.com\/fr\/produit\/craft-cool-seamless-sl-homme\/#primaryimage\"},\"image\":{\"@id\":\"https:\/\/www.miomiorun.com\/fr\/produit\/craft-cool-seamless-sl-homme\/#primaryimage\"},\"thumbnailUrl\":\"https:\/\/www.miomiorun.com\/app\/uploads\/2021\/08\/craft-Cool-Seamless-SL-1903787-b999.jpg\",\"datePublished\":\"2021-08-28T13:57:27+00:00\",\"dateModified\":\"2026-01-07T18:21:48+00:00\",\"description\":\"Restez au frais pendant les journ\u00e9es chaudes avec ce d\u00e9bardeur Cool Seamless SL pour homme, compos\u00e9 d'une couche de base ultra-l\u00e9g\u00e8re.\",\"breadcrumb\":{\"@id\":\"https:\/\/www.miomiorun.com\/fr\/produit\/craft-cool-seamless-sl-homme\/#breadcrumb\"},\"inLanguage\":\"fr-FR\",\"potentialAction\":[{\"@type\":\"ReadAction\",\"target\":[\"https:\/\/www.miomiorun.com\/fr\/produit\/craft-cool-seamless-sl-homme\/\"]}]},{\"@type\":\"ImageObject\",\"inLanguage\":\"fr-FR\",\"@id\":\"https:\/\/www.miomiorun.com\/fr\/produit\/craft-cool-seamless-sl-homme\/#primaryimage\",\"url\":\"https:\/\/www.miomiorun.com\/app\/uploads\/2021\/08\/craft-Cool-Seamless-SL-1903787-b999.jpg\",\"contentUrl\":\"https:\/\/www.miomiorun.com\/app\/uploads\/2021\/08\/craft-Cool-Seamless-SL-1903787-b999.jpg\",\"width\":600,\"height\":600,\"caption\":\"craft cool seamless sl\"},{\"@type\":\"BreadcrumbList\",\"@id\":\"https:\/\/www.miomiorun.com\/fr\/produit\/craft-cool-seamless-sl-homme\/#breadcrumb\",\"itemListElement\":[{\"@type\":\"ListItem\",\"position\":1,\"name\":\"Home\",\"item\":\"https:\/\/www.miomiorun.com\/fr\/home-page\/\"},{\"@type\":\"ListItem\",\"position\":2,\"name\":\"Shop\",\"item\":\"https:\/\/www.miomiorun.com\/shop\/\"},{\"@type\":\"ListItem\",\"position\":3,\"name\":\"Cool Seamless SL homme\"}]},{\"@type\":\"WebSite\",\"@id\":\"https:\/\/www.miomiorun.com\/fr\/#website\",\"url\":\"https:\/\/www.miomiorun.com\/fr\/\",\"name\":\"MioMioRun\",\"description\":\"Boutique 100% running et trail\",\"publisher\":{\"@id\":\"https:\/\/www.miomiorun.com\/fr\/#organization\"},\"potentialAction\":[{\"@type\":\"SearchAction\",\"target\":{\"@type\":\"EntryPoint\",\"urlTemplate\":\"https:\/\/www.miomiorun.com\/fr\/?s={search_term_string}\"},\"query-input\":{\"@type\":\"PropertyValueSpecification\",\"valueRequired\":true,\"valueName\":\"search_term_string\"}}],\"inLanguage\":\"fr-FR\"},{\"@type\":\"Organization\",\"@id\":\"https:\/\/www.miomiorun.com\/fr\/#organization\",\"name\":\"MioMio Run\",\"url\":\"https:\/\/www.miomiorun.com\/fr\/\",\"logo\":{\"@type\":\"ImageObject\",\"inLanguage\":\"fr-FR\",\"@id\":\"https:\/\/www.miomiorun.com\/fr\/#\/schema\/logo\/image\/\",\"url\":\"https:\/\/www.miomiorun.com\/app\/uploads\/2019\/12\/logomio.png\",\"contentUrl\":\"https:\/\/www.miomiorun.com\/app\/uploads\/2019\/12\/logomio.png\",\"width\":115,\"height\":82,\"caption\":\"MioMio Run\"},\"image\":{\"@id\":\"https:\/\/www.miomiorun.com\/fr\/#\/schema\/logo\/image\/\"},\"sameAs\":[\"https:\/\/www.facebook.com\/miomiorun\/\",\"https:\/\/www.instagram.com\/miomiorun\/\"]}]}<\/script>\n<!-- \/ Yoast SEO plugin. -->","yoast_head_json":{"title":"Craft Cool Seamless SL homme - Sous-v\u00eatements hommes- MioMioRun.com","description":"Restez au frais pendant les journ\u00e9es chaudes avec ce d\u00e9bardeur Cool Seamless SL pour homme, compos\u00e9 d'une couche de base ultra-l\u00e9g\u00e8re.","robots":{"index":"index","follow":"follow","max-snippet":"max-snippet:-1","max-image-preview":"max-image-preview:large","max-video-preview":"max-video-preview:-1"},"canonical":"https:\/\/www.miomiorun.com\/fr\/produit\/craft-cool-seamless-sl-homme\/","og_locale":"fr_FR","og_type":"article","og_title":"Craft Cool Seamless SL homme - Sous-v\u00eatements hommes- MioMioRun.com","og_description":"Restez au frais pendant les journ\u00e9es chaudes avec ce d\u00e9bardeur Cool Seamless SL pour homme, compos\u00e9 d'une couche de base ultra-l\u00e9g\u00e8re.","og_url":"https:\/\/www.miomiorun.com\/fr\/produit\/craft-cool-seamless-sl-homme\/","og_site_name":"MioMioRun","article_publisher":"https:\/\/www.facebook.com\/miomiorun\/","article_modified_time":"2026-01-07T18:21:48+00:00","og_image":[{"width":600,"height":600,"url":"https:\/\/www.miomiorun.com\/app\/uploads\/2021\/08\/craft-Cool-Seamless-SL-1903787-b999.jpg","type":"image\/jpeg"}],"twitter_card":"summary_large_image","twitter_misc":{"Est. reading time":"1 minute"},"schema":{"@context":"https:\/\/schema.org","@graph":[{"@type":"WebPage","@id":"https:\/\/www.miomiorun.com\/fr\/produit\/craft-cool-seamless-sl-homme\/","url":"https:\/\/www.miomiorun.com\/fr\/produit\/craft-cool-seamless-sl-homme\/","name":"Craft Cool Seamless SL homme - Sous-v\u00eatements hommes- MioMioRun.com","isPartOf":{"@id":"https:\/\/www.miomiorun.com\/fr\/#website"},"primaryImageOfPage":{"@id":"https:\/\/www.miomiorun.com\/fr\/produit\/craft-cool-seamless-sl-homme\/#primaryimage"},"image":{"@id":"https:\/\/www.miomiorun.com\/fr\/produit\/craft-cool-seamless-sl-homme\/#primaryimage"},"thumbnailUrl":"https:\/\/www.miomiorun.com\/app\/uploads\/2021\/08\/craft-Cool-Seamless-SL-1903787-b999.jpg","datePublished":"2021-08-28T13:57:27+00:00","dateModified":"2026-01-07T18:21:48+00:00","description":"Restez au frais pendant les journ\u00e9es chaudes avec ce d\u00e9bardeur Cool Seamless SL pour homme, compos\u00e9 d'une couche de base ultra-l\u00e9g\u00e8re.","breadcrumb":{"@id":"https:\/\/www.miomiorun.com\/fr\/produit\/craft-cool-seamless-sl-homme\/#breadcrumb"},"inLanguage":"fr-FR","potentialAction":[{"@type":"ReadAction","target":["https:\/\/www.miomiorun.com\/fr\/produit\/craft-cool-seamless-sl-homme\/"]}]},{"@type":"ImageObject","inLanguage":"fr-FR","@id":"https:\/\/www.miomiorun.com\/fr\/produit\/craft-cool-seamless-sl-homme\/#primaryimage","url":"https:\/\/www.miomiorun.com\/app\/uploads\/2021\/08\/craft-Cool-Seamless-SL-1903787-b999.jpg","contentUrl":"https:\/\/www.miomiorun.com\/app\/uploads\/2021\/08\/craft-Cool-Seamless-SL-1903787-b999.jpg","width":600,"height":600,"caption":"craft cool seamless sl"},{"@type":"BreadcrumbList","@id":"https:\/\/www.miomiorun.com\/fr\/produit\/craft-cool-seamless-sl-homme\/#breadcrumb","itemListElement":[{"@type":"ListItem","position":1,"name":"Home","item":"https:\/\/www.miomiorun.com\/fr\/home-page\/"},{"@type":"ListItem","position":2,"name":"Shop","item":"https:\/\/www.miomiorun.com\/shop\/"},{"@type":"ListItem","position":3,"name":"Cool Seamless SL homme"}]},{"@type":"WebSite","@id":"https:\/\/www.miomiorun.com\/fr\/#website","url":"https:\/\/www.miomiorun.com\/fr\/","name":"MioMioRun","description":"Boutique 100% running et trail","publisher":{"@id":"https:\/\/www.miomiorun.com\/fr\/#organization"},"potentialAction":[{"@type":"SearchAction","target":{"@type":"EntryPoint","urlTemplate":"https:\/\/www.miomiorun.com\/fr\/?s={search_term_string}"},"query-input":{"@type":"PropertyValueSpecification","valueRequired":true,"valueName":"search_term_string"}}],"inLanguage":"fr-FR"},{"@type":"Organization","@id":"https:\/\/www.miomiorun.com\/fr\/#organization","name":"MioMio Run","url":"https:\/\/www.miomiorun.com\/fr\/","logo":{"@type":"ImageObject","inLanguage":"fr-FR","@id":"https:\/\/www.miomiorun.com\/fr\/#\/schema\/logo\/image\/","url":"https:\/\/www.miomiorun.com\/app\/uploads\/2019\/12\/logomio.png","contentUrl":"https:\/\/www.miomiorun.com\/app\/uploads\/2019\/12\/logomio.png","width":115,"height":82,"caption":"MioMio Run"},"image":{"@id":"https:\/\/www.miomiorun.com\/fr\/#\/schema\/logo\/image\/"},"sameAs":["https:\/\/www.facebook.com\/miomiorun\/","https:\/\/www.instagram.com\/miomiorun\/"]}]}},"_links":{"self":[{"href":"https:\/\/www.miomiorun.com\/fr\/wp-json\/wp\/v2\/product\/278344","targetHints":{"allow":["GET"]}}],"collection":[{"href":"https:\/\/www.miomiorun.com\/fr\/wp-json\/wp\/v2\/product"}],"about":[{"href":"https:\/\/www.miomiorun.com\/fr\/wp-json\/wp\/v2\/types\/product"}],"wp:featuredmedia":[{"embeddable":true,"href":"https:\/\/www.miomiorun.com\/fr\/wp-json\/wp\/v2\/media\/233197"}],"wp:attachment":[{"href":"https:\/\/www.miomiorun.com\/fr\/wp-json\/wp\/v2\/media?parent=278344"}],"wp:term":[{"taxonomy":"product_brand","embeddable":true,"href":"https:\/\/www.miomiorun.com\/fr\/wp-json\/wp\/v2\/product_brand?post=278344"},{"taxonomy":"product_cat","embeddable":true,"href":"https:\/\/www.miomiorun.com\/fr\/wp-json\/wp\/v2\/product_cat?post=278344"},{"taxonomy":"product_tag","embeddable":true,"href":"https:\/\/www.miomiorun.com\/fr\/wp-json\/wp\/v2\/product_tag?post=278344"}],"curies":[{"name":"wp","href":"https:\/\/api.w.org\/{rel}","templated":true}]}}