{"id":278239,"date":"2021-06-04T19:11:35","date_gmt":"2021-06-04T17:11:35","guid":{"rendered":"https:\/\/miomiorun.com\/prodotto\/stance-infiknit-medium-tab\/"},"modified":"2025-12-12T16:39:45","modified_gmt":"2025-12-12T15:39:45","slug":"stance-infiknit-medium-tab","status":"publish","type":"product","link":"https:\/\/www.miomiorun.com\/fr\/produit\/stance-infiknit-medium-tab\/","title":{"rendered":"Infiknit Medium Tab"},"content":{"rendered":"<p><span style=\"font-weight: 400\">Vous vous \u00eates fix\u00e9 des objectifs ambitieux pour \u00eatre plus actif ? Les mod\u00e8les Stance Performance regorgent de fonctionnalit\u00e9s telles que Feel 360\u2122 et Infiknit\u2122 pour optimiser chaque course ou entra\u00eenement. Du confort tout au long de la journ\u00e9e \u00e0 la durabilit\u00e9 garantie \u00e0 vie, atteignez vos objectifs en partant de z\u00e9ro. <\/span><\/p>\n<p>Amorti suppl\u00e9mentaire sur toute la chaussette pour un ajustement plus s\u00fbr et plus confortable avec une meilleure protection contre les chocs.<\/p>\n<h2>Caract\u00e9ristiques<\/h2>\n<ul>\n<li>Notre technologie Infiknit\u2122 ne se d\u00e9chire jamais. Con\u00e7ue pour durer. <\/li>\n<li>Le soutien de la vo\u00fbte plantaire stabilise votre swing avec style. <\/li>\n<li>Logo r\u00e9fl\u00e9chissant pour une meilleure visibilit\u00e9. <\/li>\n<li>Fermeture sans coutures au niveau des orteils pour une finition anti-frottements que vos pieds vont adorer. <\/li>\n<li>Le Performance Mesh vous garde au frais gr\u00e2ce \u00e0 une circulation de l&#8217;air et une respirabilit\u00e9 maximales. <\/li>\n<\/ul>\n<h2>Amorti moyen<\/h2>\n<p>Amorti mod\u00e9r\u00e9 sur toute la chaussure pour un ajustement s\u00fbr et une meilleure protection contre les chocs.<\/p>\n<h2>Languette<\/h2>\n<p>Une l\u00e9g\u00e8re \u00e9l\u00e9vation au-dessus du col de la chaussure, s&#8217;arr\u00eatant juste sous la cheville avec une languette.<\/p>\n<h2>Entretien du produit<\/h2>\n<ul>\n<li style=\"font-weight: 400\"><span style=\"font-weight: 400\">Lavage en machine \u00e0 40 \u00b0C<\/span><\/li>\n<li style=\"font-weight: 400\"><span style=\"font-weight: 400\">\u00c9viter le blanchiment ou le repassage<\/span><\/li>\n<li style=\"font-weight: 400\"><span style=\"font-weight: 400\">Les chaussettes dureront plus longtemps si vous ne les mettez pas au s\u00e8che-linge<\/span><\/li>\n<\/ul>\n","protected":false},"excerpt":{"rendered":"<p>S\u00e9lectionnez la taille et la couleur pour d\u00e9couvrir les caract\u00e9ristiques des diff\u00e9rents mod\u00e8les disponibles.<\/p>\n","protected":false},"featured_media":232347,"template":"","meta":{"_acf_changed":false,"inline_featured_image":false},"product_brand":[],"product_cat":[22597,24256,22596,24482,24484,22595],"product_tag":[23538,23547,23548],"class_list":{"0":"post-278239","1":"product","2":"type-product","3":"status-publish","4":"has-post-thumbnail","6":"product_cat-chaussettes","7":"product_cat-chaussettes-fr","8":"product_cat-vetements-pour-femmes","9":"product_cat-vetements-pour-hommes-fr","10":"product_cat-homme","11":"product_cat-femme","12":"product_tag-stance-fr","13":"product_tag-stance-femme","14":"product_tag-stance-homme","15":"pa_colore-expanse-tab-fr","16":"pa_colore-fields-mesh-white-fr","17":"pa_colore-indipendence-tab-fr","18":"pa_colore-montalvo-tab-fr","19":"pa_colore-paradis-tab-fr","20":"pa_colore-tropix-tab-black-fr","21":"pa_colore-versa-tab-fr","22":"pa_colore-versa-tab-royal-fr","23":"pa_colore-versa-tab-white-fr","24":"pa_marca-stance-fr","25":"pa_sesso-femme","26":"pa_sesso-homme","27":"pa_size-35-37-fr","28":"pa_size-38-42-fr","29":"pa_size-43-46-fr","31":"first","32":"instock","33":"sale","34":"taxable","35":"shipping-taxable","36":"purchasable","37":"product-type-variable","38":"wvs-archive-product-wrapper"},"acf":[],"yoast_head":"<!-- This site is optimized with the Yoast SEO plugin v26.8 - https:\/\/yoast.com\/product\/yoast-seo-wordpress\/ -->\n<title>Stance Infiknit Medium Tab - Chaussettes de course - MioMioRun.com<\/title>\n<meta name=\"description\" content=\"Du confort tout au long de la journ\u00e9e \u00e0 la garantie \u00e0 vie, atteignez vos objectifs en partant de z\u00e9ro.\" \/>\n<meta name=\"robots\" content=\"index, follow, max-snippet:-1, max-image-preview:large, max-video-preview:-1\" \/>\n<link rel=\"canonical\" href=\"https:\/\/www.miomiorun.com\/fr\/produit\/stance-infiknit-medium-tab\/\" \/>\n<meta property=\"og:locale\" content=\"fr_FR\" \/>\n<meta property=\"og:type\" content=\"article\" \/>\n<meta property=\"og:title\" content=\"Stance Infiknit Medium Tab - Chaussettes de course - MioMioRun.com\" \/>\n<meta property=\"og:description\" content=\"Du confort tout au long de la journ\u00e9e \u00e0 la garantie \u00e0 vie, atteignez vos objectifs en partant de z\u00e9ro.\" \/>\n<meta property=\"og:url\" content=\"https:\/\/www.miomiorun.com\/fr\/produit\/stance-infiknit-medium-tab\/\" \/>\n<meta property=\"og:site_name\" content=\"MioMioRun\" \/>\n<meta property=\"article:publisher\" content=\"https:\/\/www.facebook.com\/miomiorun\/\" \/>\n<meta property=\"article:modified_time\" content=\"2025-12-12T15:39:45+00:00\" \/>\n<meta property=\"og:image\" content=\"https:\/\/www.miomiorun.com\/app\/uploads\/2021\/06\/stance-Trop-it-low.jpg\" \/>\n\t<meta property=\"og:image:width\" content=\"600\" \/>\n\t<meta property=\"og:image:height\" content=\"600\" \/>\n\t<meta property=\"og:image:type\" content=\"image\/jpeg\" \/>\n<meta name=\"twitter:card\" content=\"summary_large_image\" \/>\n<meta name=\"twitter:label1\" content=\"Est. reading time\" \/>\n\t<meta name=\"twitter:data1\" content=\"1 minute\" \/>\n<script type=\"application\/ld+json\" class=\"yoast-schema-graph\">{\"@context\":\"https:\/\/schema.org\",\"@graph\":[{\"@type\":\"WebPage\",\"@id\":\"https:\/\/www.miomiorun.com\/fr\/produit\/stance-infiknit-medium-tab\/\",\"url\":\"https:\/\/www.miomiorun.com\/fr\/produit\/stance-infiknit-medium-tab\/\",\"name\":\"Stance Infiknit Medium Tab - Chaussettes de course - MioMioRun.com\",\"isPartOf\":{\"@id\":\"https:\/\/www.miomiorun.com\/fr\/#website\"},\"primaryImageOfPage\":{\"@id\":\"https:\/\/www.miomiorun.com\/fr\/produit\/stance-infiknit-medium-tab\/#primaryimage\"},\"image\":{\"@id\":\"https:\/\/www.miomiorun.com\/fr\/produit\/stance-infiknit-medium-tab\/#primaryimage\"},\"thumbnailUrl\":\"https:\/\/www.miomiorun.com\/app\/uploads\/2021\/06\/stance-Trop-it-low.jpg\",\"datePublished\":\"2021-06-04T17:11:35+00:00\",\"dateModified\":\"2025-12-12T15:39:45+00:00\",\"description\":\"Du confort tout au long de la journ\u00e9e \u00e0 la garantie \u00e0 vie, atteignez vos objectifs en partant de z\u00e9ro.\",\"breadcrumb\":{\"@id\":\"https:\/\/www.miomiorun.com\/fr\/produit\/stance-infiknit-medium-tab\/#breadcrumb\"},\"inLanguage\":\"fr-FR\",\"potentialAction\":[{\"@type\":\"ReadAction\",\"target\":[\"https:\/\/www.miomiorun.com\/fr\/produit\/stance-infiknit-medium-tab\/\"]}]},{\"@type\":\"ImageObject\",\"inLanguage\":\"fr-FR\",\"@id\":\"https:\/\/www.miomiorun.com\/fr\/produit\/stance-infiknit-medium-tab\/#primaryimage\",\"url\":\"https:\/\/www.miomiorun.com\/app\/uploads\/2021\/06\/stance-Trop-it-low.jpg\",\"contentUrl\":\"https:\/\/www.miomiorun.com\/app\/uploads\/2021\/06\/stance-Trop-it-low.jpg\",\"width\":600,\"height\":600,\"caption\":\"stance trop il low\"},{\"@type\":\"BreadcrumbList\",\"@id\":\"https:\/\/www.miomiorun.com\/fr\/produit\/stance-infiknit-medium-tab\/#breadcrumb\",\"itemListElement\":[{\"@type\":\"ListItem\",\"position\":1,\"name\":\"Home\",\"item\":\"https:\/\/www.miomiorun.com\/fr\/home-page\/\"},{\"@type\":\"ListItem\",\"position\":2,\"name\":\"Shop\",\"item\":\"https:\/\/www.miomiorun.com\/shop\/\"},{\"@type\":\"ListItem\",\"position\":3,\"name\":\"Infiknit Medium Tab\"}]},{\"@type\":\"WebSite\",\"@id\":\"https:\/\/www.miomiorun.com\/fr\/#website\",\"url\":\"https:\/\/www.miomiorun.com\/fr\/\",\"name\":\"MioMioRun\",\"description\":\"Boutique 100% running et trail\",\"publisher\":{\"@id\":\"https:\/\/www.miomiorun.com\/fr\/#organization\"},\"potentialAction\":[{\"@type\":\"SearchAction\",\"target\":{\"@type\":\"EntryPoint\",\"urlTemplate\":\"https:\/\/www.miomiorun.com\/fr\/?s={search_term_string}\"},\"query-input\":{\"@type\":\"PropertyValueSpecification\",\"valueRequired\":true,\"valueName\":\"search_term_string\"}}],\"inLanguage\":\"fr-FR\"},{\"@type\":\"Organization\",\"@id\":\"https:\/\/www.miomiorun.com\/fr\/#organization\",\"name\":\"MioMio Run\",\"url\":\"https:\/\/www.miomiorun.com\/fr\/\",\"logo\":{\"@type\":\"ImageObject\",\"inLanguage\":\"fr-FR\",\"@id\":\"https:\/\/www.miomiorun.com\/fr\/#\/schema\/logo\/image\/\",\"url\":\"https:\/\/www.miomiorun.com\/app\/uploads\/2019\/12\/logomio.png\",\"contentUrl\":\"https:\/\/www.miomiorun.com\/app\/uploads\/2019\/12\/logomio.png\",\"width\":115,\"height\":82,\"caption\":\"MioMio Run\"},\"image\":{\"@id\":\"https:\/\/www.miomiorun.com\/fr\/#\/schema\/logo\/image\/\"},\"sameAs\":[\"https:\/\/www.facebook.com\/miomiorun\/\",\"https:\/\/www.instagram.com\/miomiorun\/\"]}]}<\/script>\n<!-- \/ Yoast SEO plugin. -->","yoast_head_json":{"title":"Stance Infiknit Medium Tab - Chaussettes de course - MioMioRun.com","description":"Du confort tout au long de la journ\u00e9e \u00e0 la garantie \u00e0 vie, atteignez vos objectifs en partant de z\u00e9ro.","robots":{"index":"index","follow":"follow","max-snippet":"max-snippet:-1","max-image-preview":"max-image-preview:large","max-video-preview":"max-video-preview:-1"},"canonical":"https:\/\/www.miomiorun.com\/fr\/produit\/stance-infiknit-medium-tab\/","og_locale":"fr_FR","og_type":"article","og_title":"Stance Infiknit Medium Tab - Chaussettes de course - MioMioRun.com","og_description":"Du confort tout au long de la journ\u00e9e \u00e0 la garantie \u00e0 vie, atteignez vos objectifs en partant de z\u00e9ro.","og_url":"https:\/\/www.miomiorun.com\/fr\/produit\/stance-infiknit-medium-tab\/","og_site_name":"MioMioRun","article_publisher":"https:\/\/www.facebook.com\/miomiorun\/","article_modified_time":"2025-12-12T15:39:45+00:00","og_image":[{"width":600,"height":600,"url":"https:\/\/www.miomiorun.com\/app\/uploads\/2021\/06\/stance-Trop-it-low.jpg","type":"image\/jpeg"}],"twitter_card":"summary_large_image","twitter_misc":{"Est. reading time":"1 minute"},"schema":{"@context":"https:\/\/schema.org","@graph":[{"@type":"WebPage","@id":"https:\/\/www.miomiorun.com\/fr\/produit\/stance-infiknit-medium-tab\/","url":"https:\/\/www.miomiorun.com\/fr\/produit\/stance-infiknit-medium-tab\/","name":"Stance Infiknit Medium Tab - Chaussettes de course - MioMioRun.com","isPartOf":{"@id":"https:\/\/www.miomiorun.com\/fr\/#website"},"primaryImageOfPage":{"@id":"https:\/\/www.miomiorun.com\/fr\/produit\/stance-infiknit-medium-tab\/#primaryimage"},"image":{"@id":"https:\/\/www.miomiorun.com\/fr\/produit\/stance-infiknit-medium-tab\/#primaryimage"},"thumbnailUrl":"https:\/\/www.miomiorun.com\/app\/uploads\/2021\/06\/stance-Trop-it-low.jpg","datePublished":"2021-06-04T17:11:35+00:00","dateModified":"2025-12-12T15:39:45+00:00","description":"Du confort tout au long de la journ\u00e9e \u00e0 la garantie \u00e0 vie, atteignez vos objectifs en partant de z\u00e9ro.","breadcrumb":{"@id":"https:\/\/www.miomiorun.com\/fr\/produit\/stance-infiknit-medium-tab\/#breadcrumb"},"inLanguage":"fr-FR","potentialAction":[{"@type":"ReadAction","target":["https:\/\/www.miomiorun.com\/fr\/produit\/stance-infiknit-medium-tab\/"]}]},{"@type":"ImageObject","inLanguage":"fr-FR","@id":"https:\/\/www.miomiorun.com\/fr\/produit\/stance-infiknit-medium-tab\/#primaryimage","url":"https:\/\/www.miomiorun.com\/app\/uploads\/2021\/06\/stance-Trop-it-low.jpg","contentUrl":"https:\/\/www.miomiorun.com\/app\/uploads\/2021\/06\/stance-Trop-it-low.jpg","width":600,"height":600,"caption":"stance trop il low"},{"@type":"BreadcrumbList","@id":"https:\/\/www.miomiorun.com\/fr\/produit\/stance-infiknit-medium-tab\/#breadcrumb","itemListElement":[{"@type":"ListItem","position":1,"name":"Home","item":"https:\/\/www.miomiorun.com\/fr\/home-page\/"},{"@type":"ListItem","position":2,"name":"Shop","item":"https:\/\/www.miomiorun.com\/shop\/"},{"@type":"ListItem","position":3,"name":"Infiknit Medium Tab"}]},{"@type":"WebSite","@id":"https:\/\/www.miomiorun.com\/fr\/#website","url":"https:\/\/www.miomiorun.com\/fr\/","name":"MioMioRun","description":"Boutique 100% running et trail","publisher":{"@id":"https:\/\/www.miomiorun.com\/fr\/#organization"},"potentialAction":[{"@type":"SearchAction","target":{"@type":"EntryPoint","urlTemplate":"https:\/\/www.miomiorun.com\/fr\/?s={search_term_string}"},"query-input":{"@type":"PropertyValueSpecification","valueRequired":true,"valueName":"search_term_string"}}],"inLanguage":"fr-FR"},{"@type":"Organization","@id":"https:\/\/www.miomiorun.com\/fr\/#organization","name":"MioMio Run","url":"https:\/\/www.miomiorun.com\/fr\/","logo":{"@type":"ImageObject","inLanguage":"fr-FR","@id":"https:\/\/www.miomiorun.com\/fr\/#\/schema\/logo\/image\/","url":"https:\/\/www.miomiorun.com\/app\/uploads\/2019\/12\/logomio.png","contentUrl":"https:\/\/www.miomiorun.com\/app\/uploads\/2019\/12\/logomio.png","width":115,"height":82,"caption":"MioMio Run"},"image":{"@id":"https:\/\/www.miomiorun.com\/fr\/#\/schema\/logo\/image\/"},"sameAs":["https:\/\/www.facebook.com\/miomiorun\/","https:\/\/www.instagram.com\/miomiorun\/"]}]}},"_links":{"self":[{"href":"https:\/\/www.miomiorun.com\/fr\/wp-json\/wp\/v2\/product\/278239","targetHints":{"allow":["GET"]}}],"collection":[{"href":"https:\/\/www.miomiorun.com\/fr\/wp-json\/wp\/v2\/product"}],"about":[{"href":"https:\/\/www.miomiorun.com\/fr\/wp-json\/wp\/v2\/types\/product"}],"wp:featuredmedia":[{"embeddable":true,"href":"https:\/\/www.miomiorun.com\/fr\/wp-json\/wp\/v2\/media\/232347"}],"wp:attachment":[{"href":"https:\/\/www.miomiorun.com\/fr\/wp-json\/wp\/v2\/media?parent=278239"}],"wp:term":[{"taxonomy":"product_brand","embeddable":true,"href":"https:\/\/www.miomiorun.com\/fr\/wp-json\/wp\/v2\/product_brand?post=278239"},{"taxonomy":"product_cat","embeddable":true,"href":"https:\/\/www.miomiorun.com\/fr\/wp-json\/wp\/v2\/product_cat?post=278239"},{"taxonomy":"product_tag","embeddable":true,"href":"https:\/\/www.miomiorun.com\/fr\/wp-json\/wp\/v2\/product_tag?post=278239"}],"curies":[{"name":"wp","href":"https:\/\/api.w.org\/{rel}","templated":true}]}}