{"id":278182,"date":"2021-06-08T16:18:06","date_gmt":"2021-06-08T14:18:06","guid":{"rendered":"https:\/\/miomiorun.com\/prodotto\/cep-sleeves-ultralight-pro-donna\/"},"modified":"2025-11-18T18:18:59","modified_gmt":"2025-11-18T17:18:59","slug":"cep-sleeves-ultralight-pro-donna","status":"publish","type":"product","link":"https:\/\/www.miomiorun.com\/fr\/produit\/cep-sleeves-ultralight-pro-donna\/","title":{"rendered":"Sleeves Ultralight Pro donna"},"content":{"rendered":"<p>I gambali perfetti per il<strong> trail running<\/strong>: gli <strong>Ultralight Pro Compression Sleeves<\/strong> da donna vantano un <strong>Carbon Print di alta qualit\u00e0<\/strong> che protegge le tue tibie dal contatto con arbusti.\u00a0 Questi calzini sono formati da un materiale estremamente sottile e leggero che in combinazione alle fibre di carbonio ne aumentano la durata.<\/p>\n<h3>Pro Sleeves da donna con Carbon Print per il trail running.<\/h3>\n<p>Corse su sentieri stretti e terreni con fitta vegetazione logorano il materiale, ma lo strato di carbonio protegge le tue tibie e i gambali dal contatto con arbusti. Il materiale sottile, leggero e traspirante offre un supporto meraviglioso durante le tue corse in estate.<\/p>\n<h3>Gambali estivi per leggerezza, benessere e forza<\/h3>\n<p>Gli Sleeves non scivolano grazie al<strong>\u00a0mix ultra leggero di materiali<\/strong> e sono piacevoli sulla pelle. I Sleeves da donna <strong>riducono le vibrazioni muscolari<\/strong>, attivano la muscolatura dei tuoi polpacci e migliorano la tua performance.<\/p>\n<h3>Migliore apporto di nutrienti per pi\u00f9 forza con effetto Feel-Good.<\/h3>\n<p>Grazie all\u2019impiego di ancora\u00a0<strong>pi\u00f9 medi compression<\/strong>\u00a0le tue gambe approfittano di un\u00a0<strong>apporto ottimizzato di nutrienti<\/strong>\u00a0durante l&#8217;estate. L\u2019ossigeno raggiunge le cellule pi\u00f9 in fretta, le tue gambe godono di pi\u00f9 freschezza e pi\u00f9 energia. La pressione delicata sulla muscolatura comporta una stabilizzazione profonda. Gli <strong>Ultralight Pro Sleeves<\/strong> da donna sono ideali per le praticanti ambiziose del trail running.<\/p>\n<h3>Caratteristiche:<\/h3>\n<ul class=\"selling-points\">\n<li>Gli Ultralight Pro Compression Calf Sleeves da donna riducono le vibrazioni muscolari che tolgono energia. La tua corsa approfitta di gambe piene di forza!<\/li>\n<li>La medi compression stimola la muscolatura dei tuoi polpacci in profondit\u00e0 con pressione mirata, procurando la stabilit\u00e0 necessaria.<\/li>\n<li>L\u2019apporto ottimizzato di nutrienti regala gambe piacevolmente leggere con effetto Feel-Good!<\/li>\n<\/ul>\n<p><strong>Materiali: 77<\/strong> % poliammide, 23 % elastan<\/p>\n","protected":false},"excerpt":{"rendered":"<p>I gambali perfetti per il trail running: gli Ultralight Pro Compression Sleeves da donna vantano un Carbon Print di alta qualit\u00e0 che protegge le tue tibie dal contatto con arbusti.\u00a0 Questi calzini sono formati da un materiale estremamente sottile e leggero che in combinazione alle fibre di carbonio ne aumentano la durata. Pro Sleeves da &hellip; <a href=\"https:\/\/www.miomiorun.com\/fr\/produit\/cep-sleeves-ultralight-pro-donna\/\">Continued<\/a><\/p>\n","protected":false},"featured_media":232397,"template":"","meta":{"_acf_changed":false,"inline_featured_image":false},"product_brand":[],"product_cat":[22597,22596,22595],"product_tag":[23469,23651],"class_list":{"0":"post-278182","1":"product","2":"type-product","3":"status-publish","4":"has-post-thumbnail","6":"product_cat-chaussettes","7":"product_cat-vetements-pour-femmes","8":"product_cat-femme","9":"product_tag-cep-fr","10":"product_tag-cep-femme","12":"first","13":"instock","14":"sale","15":"taxable","16":"shipping-taxable","17":"purchasable","18":"product-type-variable","19":"wvs-archive-product-wrapper"},"acf":[],"yoast_head":"<!-- This site is optimized with the Yoast SEO plugin v26.8 - https:\/\/yoast.com\/product\/yoast-seo-wordpress\/ -->\n<title>Cep Sleeves Ultralight Pro donna - Calze da Run - MioMioRun<\/title>\n<meta name=\"description\" content=\"I gambali perfetti per il trail running: gli Ultralight Pro Compression Sleeves da donna vantano un Carbon Print di alta qualit\u00e0 che protegge\" \/>\n<meta name=\"robots\" content=\"index, follow, max-snippet:-1, max-image-preview:large, max-video-preview:-1\" \/>\n<link rel=\"canonical\" href=\"https:\/\/www.miomiorun.com\/fr\/produit\/cep-sleeves-ultralight-pro-donna\/\" \/>\n<meta property=\"og:locale\" content=\"fr_FR\" \/>\n<meta property=\"og:type\" content=\"article\" \/>\n<meta property=\"og:title\" content=\"Cep Sleeves Ultralight Pro donna - Calze da Run - MioMioRun\" \/>\n<meta property=\"og:description\" content=\"I gambali perfetti per il trail running: gli Ultralight Pro Compression Sleeves da donna vantano un Carbon Print di alta qualit\u00e0 che protegge\" \/>\n<meta property=\"og:url\" content=\"https:\/\/www.miomiorun.com\/fr\/produit\/cep-sleeves-ultralight-pro-donna\/\" \/>\n<meta property=\"og:site_name\" content=\"MioMioRun\" \/>\n<meta property=\"article:publisher\" content=\"https:\/\/www.facebook.com\/miomiorun\/\" \/>\n<meta property=\"article:modified_time\" content=\"2025-11-18T17:18:59+00:00\" \/>\n<meta property=\"og:image\" content=\"https:\/\/www.miomiorun.com\/app\/uploads\/2021\/06\/cep-Sleeves-ultralight-Pro-WS40IQ.jpg\" \/>\n\t<meta property=\"og:image:width\" content=\"600\" \/>\n\t<meta property=\"og:image:height\" content=\"600\" \/>\n\t<meta property=\"og:image:type\" content=\"image\/jpeg\" \/>\n<meta name=\"twitter:card\" content=\"summary_large_image\" \/>\n<meta name=\"twitter:label1\" content=\"Est. reading time\" \/>\n\t<meta name=\"twitter:data1\" content=\"1 minute\" \/>\n<script type=\"application\/ld+json\" class=\"yoast-schema-graph\">{\"@context\":\"https:\/\/schema.org\",\"@graph\":[{\"@type\":\"WebPage\",\"@id\":\"https:\/\/www.miomiorun.com\/fr\/produit\/cep-sleeves-ultralight-pro-donna\/\",\"url\":\"https:\/\/www.miomiorun.com\/fr\/produit\/cep-sleeves-ultralight-pro-donna\/\",\"name\":\"Cep Sleeves Ultralight Pro donna - Calze da Run - MioMioRun\",\"isPartOf\":{\"@id\":\"https:\/\/www.miomiorun.com\/fr\/#website\"},\"primaryImageOfPage\":{\"@id\":\"https:\/\/www.miomiorun.com\/fr\/produit\/cep-sleeves-ultralight-pro-donna\/#primaryimage\"},\"image\":{\"@id\":\"https:\/\/www.miomiorun.com\/fr\/produit\/cep-sleeves-ultralight-pro-donna\/#primaryimage\"},\"thumbnailUrl\":\"https:\/\/www.miomiorun.com\/app\/uploads\/2021\/06\/cep-Sleeves-ultralight-Pro-WS40IQ.jpg\",\"datePublished\":\"2021-06-08T14:18:06+00:00\",\"dateModified\":\"2025-11-18T17:18:59+00:00\",\"description\":\"I gambali perfetti per il trail running: gli Ultralight Pro Compression Sleeves da donna vantano un Carbon Print di alta qualit\u00e0 che protegge\",\"breadcrumb\":{\"@id\":\"https:\/\/www.miomiorun.com\/fr\/produit\/cep-sleeves-ultralight-pro-donna\/#breadcrumb\"},\"inLanguage\":\"fr-FR\",\"potentialAction\":[{\"@type\":\"ReadAction\",\"target\":[\"https:\/\/www.miomiorun.com\/fr\/produit\/cep-sleeves-ultralight-pro-donna\/\"]}]},{\"@type\":\"ImageObject\",\"inLanguage\":\"fr-FR\",\"@id\":\"https:\/\/www.miomiorun.com\/fr\/produit\/cep-sleeves-ultralight-pro-donna\/#primaryimage\",\"url\":\"https:\/\/www.miomiorun.com\/app\/uploads\/2021\/06\/cep-Sleeves-ultralight-Pro-WS40IQ.jpg\",\"contentUrl\":\"https:\/\/www.miomiorun.com\/app\/uploads\/2021\/06\/cep-Sleeves-ultralight-Pro-WS40IQ.jpg\",\"width\":600,\"height\":600,\"caption\":\"cep sleeves ultralight pro donna\"},{\"@type\":\"BreadcrumbList\",\"@id\":\"https:\/\/www.miomiorun.com\/fr\/produit\/cep-sleeves-ultralight-pro-donna\/#breadcrumb\",\"itemListElement\":[{\"@type\":\"ListItem\",\"position\":1,\"name\":\"Home\",\"item\":\"https:\/\/www.miomiorun.com\/fr\/home-page\/\"},{\"@type\":\"ListItem\",\"position\":2,\"name\":\"Shop\",\"item\":\"https:\/\/www.miomiorun.com\/shop\/\"},{\"@type\":\"ListItem\",\"position\":3,\"name\":\"Sleeves Ultralight Pro donna\"}]},{\"@type\":\"WebSite\",\"@id\":\"https:\/\/www.miomiorun.com\/fr\/#website\",\"url\":\"https:\/\/www.miomiorun.com\/fr\/\",\"name\":\"MioMioRun\",\"description\":\"Boutique 100% running et trail\",\"publisher\":{\"@id\":\"https:\/\/www.miomiorun.com\/fr\/#organization\"},\"potentialAction\":[{\"@type\":\"SearchAction\",\"target\":{\"@type\":\"EntryPoint\",\"urlTemplate\":\"https:\/\/www.miomiorun.com\/fr\/?s={search_term_string}\"},\"query-input\":{\"@type\":\"PropertyValueSpecification\",\"valueRequired\":true,\"valueName\":\"search_term_string\"}}],\"inLanguage\":\"fr-FR\"},{\"@type\":\"Organization\",\"@id\":\"https:\/\/www.miomiorun.com\/fr\/#organization\",\"name\":\"MioMio Run\",\"url\":\"https:\/\/www.miomiorun.com\/fr\/\",\"logo\":{\"@type\":\"ImageObject\",\"inLanguage\":\"fr-FR\",\"@id\":\"https:\/\/www.miomiorun.com\/fr\/#\/schema\/logo\/image\/\",\"url\":\"https:\/\/www.miomiorun.com\/app\/uploads\/2019\/12\/logomio.png\",\"contentUrl\":\"https:\/\/www.miomiorun.com\/app\/uploads\/2019\/12\/logomio.png\",\"width\":115,\"height\":82,\"caption\":\"MioMio Run\"},\"image\":{\"@id\":\"https:\/\/www.miomiorun.com\/fr\/#\/schema\/logo\/image\/\"},\"sameAs\":[\"https:\/\/www.facebook.com\/miomiorun\/\",\"https:\/\/www.instagram.com\/miomiorun\/\"]}]}<\/script>\n<!-- \/ Yoast SEO plugin. -->","yoast_head_json":{"title":"Cep Sleeves Ultralight Pro donna - Calze da Run - MioMioRun","description":"I gambali perfetti per il trail running: gli Ultralight Pro Compression Sleeves da donna vantano un Carbon Print di alta qualit\u00e0 che protegge","robots":{"index":"index","follow":"follow","max-snippet":"max-snippet:-1","max-image-preview":"max-image-preview:large","max-video-preview":"max-video-preview:-1"},"canonical":"https:\/\/www.miomiorun.com\/fr\/produit\/cep-sleeves-ultralight-pro-donna\/","og_locale":"fr_FR","og_type":"article","og_title":"Cep Sleeves Ultralight Pro donna - Calze da Run - MioMioRun","og_description":"I gambali perfetti per il trail running: gli Ultralight Pro Compression Sleeves da donna vantano un Carbon Print di alta qualit\u00e0 che protegge","og_url":"https:\/\/www.miomiorun.com\/fr\/produit\/cep-sleeves-ultralight-pro-donna\/","og_site_name":"MioMioRun","article_publisher":"https:\/\/www.facebook.com\/miomiorun\/","article_modified_time":"2025-11-18T17:18:59+00:00","og_image":[{"width":600,"height":600,"url":"https:\/\/www.miomiorun.com\/app\/uploads\/2021\/06\/cep-Sleeves-ultralight-Pro-WS40IQ.jpg","type":"image\/jpeg"}],"twitter_card":"summary_large_image","twitter_misc":{"Est. reading time":"1 minute"},"schema":{"@context":"https:\/\/schema.org","@graph":[{"@type":"WebPage","@id":"https:\/\/www.miomiorun.com\/fr\/produit\/cep-sleeves-ultralight-pro-donna\/","url":"https:\/\/www.miomiorun.com\/fr\/produit\/cep-sleeves-ultralight-pro-donna\/","name":"Cep Sleeves Ultralight Pro donna - Calze da Run - MioMioRun","isPartOf":{"@id":"https:\/\/www.miomiorun.com\/fr\/#website"},"primaryImageOfPage":{"@id":"https:\/\/www.miomiorun.com\/fr\/produit\/cep-sleeves-ultralight-pro-donna\/#primaryimage"},"image":{"@id":"https:\/\/www.miomiorun.com\/fr\/produit\/cep-sleeves-ultralight-pro-donna\/#primaryimage"},"thumbnailUrl":"https:\/\/www.miomiorun.com\/app\/uploads\/2021\/06\/cep-Sleeves-ultralight-Pro-WS40IQ.jpg","datePublished":"2021-06-08T14:18:06+00:00","dateModified":"2025-11-18T17:18:59+00:00","description":"I gambali perfetti per il trail running: gli Ultralight Pro Compression Sleeves da donna vantano un Carbon Print di alta qualit\u00e0 che protegge","breadcrumb":{"@id":"https:\/\/www.miomiorun.com\/fr\/produit\/cep-sleeves-ultralight-pro-donna\/#breadcrumb"},"inLanguage":"fr-FR","potentialAction":[{"@type":"ReadAction","target":["https:\/\/www.miomiorun.com\/fr\/produit\/cep-sleeves-ultralight-pro-donna\/"]}]},{"@type":"ImageObject","inLanguage":"fr-FR","@id":"https:\/\/www.miomiorun.com\/fr\/produit\/cep-sleeves-ultralight-pro-donna\/#primaryimage","url":"https:\/\/www.miomiorun.com\/app\/uploads\/2021\/06\/cep-Sleeves-ultralight-Pro-WS40IQ.jpg","contentUrl":"https:\/\/www.miomiorun.com\/app\/uploads\/2021\/06\/cep-Sleeves-ultralight-Pro-WS40IQ.jpg","width":600,"height":600,"caption":"cep sleeves ultralight pro donna"},{"@type":"BreadcrumbList","@id":"https:\/\/www.miomiorun.com\/fr\/produit\/cep-sleeves-ultralight-pro-donna\/#breadcrumb","itemListElement":[{"@type":"ListItem","position":1,"name":"Home","item":"https:\/\/www.miomiorun.com\/fr\/home-page\/"},{"@type":"ListItem","position":2,"name":"Shop","item":"https:\/\/www.miomiorun.com\/shop\/"},{"@type":"ListItem","position":3,"name":"Sleeves Ultralight Pro donna"}]},{"@type":"WebSite","@id":"https:\/\/www.miomiorun.com\/fr\/#website","url":"https:\/\/www.miomiorun.com\/fr\/","name":"MioMioRun","description":"Boutique 100% running et trail","publisher":{"@id":"https:\/\/www.miomiorun.com\/fr\/#organization"},"potentialAction":[{"@type":"SearchAction","target":{"@type":"EntryPoint","urlTemplate":"https:\/\/www.miomiorun.com\/fr\/?s={search_term_string}"},"query-input":{"@type":"PropertyValueSpecification","valueRequired":true,"valueName":"search_term_string"}}],"inLanguage":"fr-FR"},{"@type":"Organization","@id":"https:\/\/www.miomiorun.com\/fr\/#organization","name":"MioMio Run","url":"https:\/\/www.miomiorun.com\/fr\/","logo":{"@type":"ImageObject","inLanguage":"fr-FR","@id":"https:\/\/www.miomiorun.com\/fr\/#\/schema\/logo\/image\/","url":"https:\/\/www.miomiorun.com\/app\/uploads\/2019\/12\/logomio.png","contentUrl":"https:\/\/www.miomiorun.com\/app\/uploads\/2019\/12\/logomio.png","width":115,"height":82,"caption":"MioMio Run"},"image":{"@id":"https:\/\/www.miomiorun.com\/fr\/#\/schema\/logo\/image\/"},"sameAs":["https:\/\/www.facebook.com\/miomiorun\/","https:\/\/www.instagram.com\/miomiorun\/"]}]}},"_links":{"self":[{"href":"https:\/\/www.miomiorun.com\/fr\/wp-json\/wp\/v2\/product\/278182","targetHints":{"allow":["GET"]}}],"collection":[{"href":"https:\/\/www.miomiorun.com\/fr\/wp-json\/wp\/v2\/product"}],"about":[{"href":"https:\/\/www.miomiorun.com\/fr\/wp-json\/wp\/v2\/types\/product"}],"wp:featuredmedia":[{"embeddable":true,"href":"https:\/\/www.miomiorun.com\/fr\/wp-json\/wp\/v2\/media\/232397"}],"wp:attachment":[{"href":"https:\/\/www.miomiorun.com\/fr\/wp-json\/wp\/v2\/media?parent=278182"}],"wp:term":[{"taxonomy":"product_brand","embeddable":true,"href":"https:\/\/www.miomiorun.com\/fr\/wp-json\/wp\/v2\/product_brand?post=278182"},{"taxonomy":"product_cat","embeddable":true,"href":"https:\/\/www.miomiorun.com\/fr\/wp-json\/wp\/v2\/product_cat?post=278182"},{"taxonomy":"product_tag","embeddable":true,"href":"https:\/\/www.miomiorun.com\/fr\/wp-json\/wp\/v2\/product_tag?post=278182"}],"curies":[{"name":"wp","href":"https:\/\/api.w.org\/{rel}","templated":true}]}}