{"id":278181,"date":"2021-06-08T19:13:21","date_gmt":"2021-06-08T17:13:21","guid":{"rendered":"https:\/\/miomiorun.com\/prodotto\/cep-low-cut-ultralight-pro-uomo\/"},"modified":"2026-01-14T11:11:53","modified_gmt":"2026-01-14T10:11:53","slug":"cep-low-cut-ultralight-pro-homme","status":"publish","type":"product","link":"https:\/\/www.miomiorun.com\/fr\/produit\/cep-low-cut-ultralight-pro-homme\/","title":{"rendered":"Low Cut Ultralight Pro homme"},"content":{"rendered":"<h3>M\u00e9lange de mat\u00e9riaux ultra-l\u00e9gers pour un confort optimal lors d&#8217;efforts intenses<\/h3>\n<p>Le mat\u00e9riau ultrafin et respirant procure une sensation de bien-\u00eatre lors des courses par temps chaud. L&#8217;utilisation de <strong>carbone<\/strong> augmente leur dur\u00e9e de vie et contribue \u00e0 leur l\u00e9g\u00e8ret\u00e9. Les <strong>chaussettes Ultralight Pro Low Cut Socks<\/strong> pour hommes <strong>s&#8217;ajustent comme une seconde peau.<\/strong><\/p>\n<h3>Rev\u00eatement Smart-Grip pour un contr\u00f4le maximal<\/h3>\n<p>Le rev\u00eatement fin et souple de la semelle\u00a0<strong>am\u00e9liore l&#8217;adh\u00e9rence<\/strong>\u00a0\u00e0 l&#8217;int\u00e9rieur de la chaussure de sport, qui ne fait plus qu&#8217;un avec vos pieds.\u00a0<strong>Rien ne glisse et vous b\u00e9n\u00e9ficiez d&#8217;un contr\u00f4le maximal\u00a0<\/strong>pour augmenter votre vitesse sur les sentiers difficiles.<\/p>\n<h3>Confort exceptionnel lors des longs trajets<\/h3>\n<p>Les chaussettes d&#8217;\u00e9t\u00e9 sont encore plus \u00e9l\u00e9gantes gr\u00e2ce \u00e0 leur\u00a0<strong>bout asym\u00e9trique.<\/strong>\u00a0Elles ne font pas de plis et vos pieds b\u00e9n\u00e9ficient d&#8217;un confort accru, m\u00eame apr\u00e8s de longs efforts.<\/p>\n<h3>Encore plus de compression moyenne pour plus d&#8217;\u00e9nergie<\/h3>\n<p>Gr\u00e2ce \u00e0 l&#8217;utilisation d&#8217;une compression encore plus moyenne, les chaussettes Ultralight Pro Low Cut pour hommes am\u00e9liorent <strong>l&#8217;apport en nutriments aux muscles et l&#8217;\u00e9limination de l&#8217;acide lactique.<\/strong>\u00a0Vous pouvez profiter plus longtemps d&#8217;une performance optimale et r\u00e9cup\u00e9rer plus rapidement. Le Smart Carbon augmente la r\u00e9sistance et garde vos pieds agr\u00e9ablement frais. Les chaussettes d&#8217;\u00e9t\u00e9 sont <strong>votre support id\u00e9al pour les entra\u00eenements intenses.<\/strong><\/p>\n<h3>Caract\u00e9ristiques<\/h3>\n<ul class=\"selling-points\">\n<li>Les chaussettes ultra l\u00e9g\u00e8res pour l&#8217;\u00e9t\u00e9 stimulent les articulations en profondeur et vous b\u00e9n\u00e9ficiez d&#8217;une plus grande stabilit\u00e9 et d&#8217;une meilleure protection contre les blessures.<\/li>\n<li>Tenue parfaite qui ne glisse pas gr\u00e2ce \u00e0 sa coupe anatomique et \u00e0 son adh\u00e9rence \u00e9lev\u00e9e.<\/li>\n<li>Le m\u00e9lange renomm\u00e9 de mat\u00e9riaux r\u00e9duit l&#8217;apparition d&#8217;ampoules lors d&#8217;entra\u00eenements intenses.<\/li>\n<\/ul>\n<p><span style=\"font-weight: 700 !important\">Mat\u00e9riaux : 88 % polyamide, 12 % \u00e9lasthanne<\/span><\/p>\n","protected":false},"excerpt":{"rendered":"<p>M\u00e9lange de mat\u00e9riaux ultra-l\u00e9gers pour un confort optimal lors d&#8217;efforts intenses Le mat\u00e9riau ultrafin et respirant procure une sensation de bien-\u00eatre lors des courses par temps chaud. L&#8217;utilisation de carbone augmente leur dur\u00e9e de vie et contribue \u00e0 leur l\u00e9g\u00e8ret\u00e9. Les chaussettes Ultralight Pro Low Cut Socks pour hommes s&#8217;ajustent comme une seconde peau. Rev\u00eatement &hellip; <a href=\"https:\/\/www.miomiorun.com\/fr\/produit\/cep-low-cut-ultralight-pro-homme\/\">Continued<\/a><\/p>\n","protected":false},"featured_media":232403,"template":"","meta":{"_acf_changed":false,"inline_featured_image":false},"product_brand":[],"product_cat":[24256,24482,24484],"product_tag":[23469,23649],"class_list":{"0":"post-278181","1":"product","2":"type-product","3":"status-publish","4":"has-post-thumbnail","6":"product_cat-chaussettes-fr","7":"product_cat-vetements-pour-hommes-fr","8":"product_cat-homme","9":"product_tag-cep-fr","10":"product_tag-cep-homme","11":"pa_attivita-fitness-fr","12":"pa_attivita-marcher","13":"pa_attivita-running-fr","14":"pa_marca-cep-fr","15":"pa_sesso-homme","16":"pa_size-39-42-fr","18":"first","19":"instock","20":"sale","21":"taxable","22":"shipping-taxable","23":"purchasable","24":"product-type-variable","25":"wvs-archive-product-wrapper"},"acf":[],"yoast_head":"<!-- This site is optimized with the Yoast SEO plugin v26.8 - https:\/\/yoast.com\/product\/yoast-seo-wordpress\/ -->\n<title>Cep Low Cut Ultralight Pro homme - Chaussettes Run- MioMioRun<\/title>\n<meta name=\"description\" content=\"Le mat\u00e9riau ultrafin et respirant procure une sensation de bien-\u00eatre lors des courses par temps chaud. L&#039;utilisation du carbone\" \/>\n<meta name=\"robots\" content=\"index, follow, max-snippet:-1, max-image-preview:large, max-video-preview:-1\" \/>\n<link rel=\"canonical\" href=\"https:\/\/www.miomiorun.com\/fr\/produit\/cep-low-cut-ultralight-pro-homme\/\" \/>\n<meta property=\"og:locale\" content=\"fr_FR\" \/>\n<meta property=\"og:type\" content=\"article\" \/>\n<meta property=\"og:title\" content=\"Cep Low Cut Ultralight Pro homme - Chaussettes Run- MioMioRun\" \/>\n<meta property=\"og:description\" content=\"Le mat\u00e9riau ultrafin et respirant procure une sensation de bien-\u00eatre lors des courses par temps chaud. L&#039;utilisation du carbone\" \/>\n<meta property=\"og:url\" content=\"https:\/\/www.miomiorun.com\/fr\/produit\/cep-low-cut-ultralight-pro-homme\/\" \/>\n<meta property=\"og:site_name\" content=\"MioMioRun\" \/>\n<meta property=\"article:publisher\" content=\"https:\/\/www.facebook.com\/miomiorun\/\" \/>\n<meta property=\"article:modified_time\" content=\"2026-01-14T10:11:53+00:00\" \/>\n<meta property=\"og:image\" content=\"https:\/\/www.miomiorun.com\/app\/uploads\/2021\/06\/cep-Low-cut-ultralight-Pro-WP5AIQ.jpg\" \/>\n\t<meta property=\"og:image:width\" content=\"600\" \/>\n\t<meta property=\"og:image:height\" content=\"600\" \/>\n\t<meta property=\"og:image:type\" content=\"image\/jpeg\" \/>\n<meta name=\"twitter:card\" content=\"summary_large_image\" \/>\n<meta name=\"twitter:label1\" content=\"Est. reading time\" \/>\n\t<meta name=\"twitter:data1\" content=\"2 minutes\" \/>\n<script type=\"application\/ld+json\" class=\"yoast-schema-graph\">{\"@context\":\"https:\/\/schema.org\",\"@graph\":[{\"@type\":\"WebPage\",\"@id\":\"https:\/\/www.miomiorun.com\/fr\/produit\/cep-low-cut-ultralight-pro-homme\/\",\"url\":\"https:\/\/www.miomiorun.com\/fr\/produit\/cep-low-cut-ultralight-pro-homme\/\",\"name\":\"Cep Low Cut Ultralight Pro homme - Chaussettes Run- MioMioRun\",\"isPartOf\":{\"@id\":\"https:\/\/www.miomiorun.com\/fr\/#website\"},\"primaryImageOfPage\":{\"@id\":\"https:\/\/www.miomiorun.com\/fr\/produit\/cep-low-cut-ultralight-pro-homme\/#primaryimage\"},\"image\":{\"@id\":\"https:\/\/www.miomiorun.com\/fr\/produit\/cep-low-cut-ultralight-pro-homme\/#primaryimage\"},\"thumbnailUrl\":\"https:\/\/www.miomiorun.com\/app\/uploads\/2021\/06\/cep-Low-cut-ultralight-Pro-WP5AIQ.jpg\",\"datePublished\":\"2021-06-08T17:13:21+00:00\",\"dateModified\":\"2026-01-14T10:11:53+00:00\",\"description\":\"Le mat\u00e9riau ultrafin et respirant procure une sensation de bien-\u00eatre lors des courses par temps chaud. L'utilisation du carbone\",\"breadcrumb\":{\"@id\":\"https:\/\/www.miomiorun.com\/fr\/produit\/cep-low-cut-ultralight-pro-homme\/#breadcrumb\"},\"inLanguage\":\"fr-FR\",\"potentialAction\":[{\"@type\":\"ReadAction\",\"target\":[\"https:\/\/www.miomiorun.com\/fr\/produit\/cep-low-cut-ultralight-pro-homme\/\"]}]},{\"@type\":\"ImageObject\",\"inLanguage\":\"fr-FR\",\"@id\":\"https:\/\/www.miomiorun.com\/fr\/produit\/cep-low-cut-ultralight-pro-homme\/#primaryimage\",\"url\":\"https:\/\/www.miomiorun.com\/app\/uploads\/2021\/06\/cep-Low-cut-ultralight-Pro-WP5AIQ.jpg\",\"contentUrl\":\"https:\/\/www.miomiorun.com\/app\/uploads\/2021\/06\/cep-Low-cut-ultralight-Pro-WP5AIQ.jpg\",\"width\":600,\"height\":600,\"caption\":\"cep low cut ultralight pro\"},{\"@type\":\"BreadcrumbList\",\"@id\":\"https:\/\/www.miomiorun.com\/fr\/produit\/cep-low-cut-ultralight-pro-homme\/#breadcrumb\",\"itemListElement\":[{\"@type\":\"ListItem\",\"position\":1,\"name\":\"Home\",\"item\":\"https:\/\/www.miomiorun.com\/fr\/home-page\/\"},{\"@type\":\"ListItem\",\"position\":2,\"name\":\"Shop\",\"item\":\"https:\/\/www.miomiorun.com\/shop\/\"},{\"@type\":\"ListItem\",\"position\":3,\"name\":\"Low Cut Ultralight Pro homme\"}]},{\"@type\":\"WebSite\",\"@id\":\"https:\/\/www.miomiorun.com\/fr\/#website\",\"url\":\"https:\/\/www.miomiorun.com\/fr\/\",\"name\":\"MioMioRun\",\"description\":\"Boutique 100% running et trail\",\"publisher\":{\"@id\":\"https:\/\/www.miomiorun.com\/fr\/#organization\"},\"potentialAction\":[{\"@type\":\"SearchAction\",\"target\":{\"@type\":\"EntryPoint\",\"urlTemplate\":\"https:\/\/www.miomiorun.com\/fr\/?s={search_term_string}\"},\"query-input\":{\"@type\":\"PropertyValueSpecification\",\"valueRequired\":true,\"valueName\":\"search_term_string\"}}],\"inLanguage\":\"fr-FR\"},{\"@type\":\"Organization\",\"@id\":\"https:\/\/www.miomiorun.com\/fr\/#organization\",\"name\":\"MioMio Run\",\"url\":\"https:\/\/www.miomiorun.com\/fr\/\",\"logo\":{\"@type\":\"ImageObject\",\"inLanguage\":\"fr-FR\",\"@id\":\"https:\/\/www.miomiorun.com\/fr\/#\/schema\/logo\/image\/\",\"url\":\"https:\/\/www.miomiorun.com\/app\/uploads\/2019\/12\/logomio.png\",\"contentUrl\":\"https:\/\/www.miomiorun.com\/app\/uploads\/2019\/12\/logomio.png\",\"width\":115,\"height\":82,\"caption\":\"MioMio Run\"},\"image\":{\"@id\":\"https:\/\/www.miomiorun.com\/fr\/#\/schema\/logo\/image\/\"},\"sameAs\":[\"https:\/\/www.facebook.com\/miomiorun\/\",\"https:\/\/www.instagram.com\/miomiorun\/\"]}]}<\/script>\n<!-- \/ Yoast SEO plugin. -->","yoast_head_json":{"title":"Cep Low Cut Ultralight Pro homme - Chaussettes Run- MioMioRun","description":"Le mat\u00e9riau ultrafin et respirant procure une sensation de bien-\u00eatre lors des courses par temps chaud. L'utilisation du carbone","robots":{"index":"index","follow":"follow","max-snippet":"max-snippet:-1","max-image-preview":"max-image-preview:large","max-video-preview":"max-video-preview:-1"},"canonical":"https:\/\/www.miomiorun.com\/fr\/produit\/cep-low-cut-ultralight-pro-homme\/","og_locale":"fr_FR","og_type":"article","og_title":"Cep Low Cut Ultralight Pro homme - Chaussettes Run- MioMioRun","og_description":"Le mat\u00e9riau ultrafin et respirant procure une sensation de bien-\u00eatre lors des courses par temps chaud. L'utilisation du carbone","og_url":"https:\/\/www.miomiorun.com\/fr\/produit\/cep-low-cut-ultralight-pro-homme\/","og_site_name":"MioMioRun","article_publisher":"https:\/\/www.facebook.com\/miomiorun\/","article_modified_time":"2026-01-14T10:11:53+00:00","og_image":[{"width":600,"height":600,"url":"https:\/\/www.miomiorun.com\/app\/uploads\/2021\/06\/cep-Low-cut-ultralight-Pro-WP5AIQ.jpg","type":"image\/jpeg"}],"twitter_card":"summary_large_image","twitter_misc":{"Est. reading time":"2 minutes"},"schema":{"@context":"https:\/\/schema.org","@graph":[{"@type":"WebPage","@id":"https:\/\/www.miomiorun.com\/fr\/produit\/cep-low-cut-ultralight-pro-homme\/","url":"https:\/\/www.miomiorun.com\/fr\/produit\/cep-low-cut-ultralight-pro-homme\/","name":"Cep Low Cut Ultralight Pro homme - Chaussettes Run- MioMioRun","isPartOf":{"@id":"https:\/\/www.miomiorun.com\/fr\/#website"},"primaryImageOfPage":{"@id":"https:\/\/www.miomiorun.com\/fr\/produit\/cep-low-cut-ultralight-pro-homme\/#primaryimage"},"image":{"@id":"https:\/\/www.miomiorun.com\/fr\/produit\/cep-low-cut-ultralight-pro-homme\/#primaryimage"},"thumbnailUrl":"https:\/\/www.miomiorun.com\/app\/uploads\/2021\/06\/cep-Low-cut-ultralight-Pro-WP5AIQ.jpg","datePublished":"2021-06-08T17:13:21+00:00","dateModified":"2026-01-14T10:11:53+00:00","description":"Le mat\u00e9riau ultrafin et respirant procure une sensation de bien-\u00eatre lors des courses par temps chaud. L'utilisation du carbone","breadcrumb":{"@id":"https:\/\/www.miomiorun.com\/fr\/produit\/cep-low-cut-ultralight-pro-homme\/#breadcrumb"},"inLanguage":"fr-FR","potentialAction":[{"@type":"ReadAction","target":["https:\/\/www.miomiorun.com\/fr\/produit\/cep-low-cut-ultralight-pro-homme\/"]}]},{"@type":"ImageObject","inLanguage":"fr-FR","@id":"https:\/\/www.miomiorun.com\/fr\/produit\/cep-low-cut-ultralight-pro-homme\/#primaryimage","url":"https:\/\/www.miomiorun.com\/app\/uploads\/2021\/06\/cep-Low-cut-ultralight-Pro-WP5AIQ.jpg","contentUrl":"https:\/\/www.miomiorun.com\/app\/uploads\/2021\/06\/cep-Low-cut-ultralight-Pro-WP5AIQ.jpg","width":600,"height":600,"caption":"cep low cut ultralight pro"},{"@type":"BreadcrumbList","@id":"https:\/\/www.miomiorun.com\/fr\/produit\/cep-low-cut-ultralight-pro-homme\/#breadcrumb","itemListElement":[{"@type":"ListItem","position":1,"name":"Home","item":"https:\/\/www.miomiorun.com\/fr\/home-page\/"},{"@type":"ListItem","position":2,"name":"Shop","item":"https:\/\/www.miomiorun.com\/shop\/"},{"@type":"ListItem","position":3,"name":"Low Cut Ultralight Pro homme"}]},{"@type":"WebSite","@id":"https:\/\/www.miomiorun.com\/fr\/#website","url":"https:\/\/www.miomiorun.com\/fr\/","name":"MioMioRun","description":"Boutique 100% running et trail","publisher":{"@id":"https:\/\/www.miomiorun.com\/fr\/#organization"},"potentialAction":[{"@type":"SearchAction","target":{"@type":"EntryPoint","urlTemplate":"https:\/\/www.miomiorun.com\/fr\/?s={search_term_string}"},"query-input":{"@type":"PropertyValueSpecification","valueRequired":true,"valueName":"search_term_string"}}],"inLanguage":"fr-FR"},{"@type":"Organization","@id":"https:\/\/www.miomiorun.com\/fr\/#organization","name":"MioMio Run","url":"https:\/\/www.miomiorun.com\/fr\/","logo":{"@type":"ImageObject","inLanguage":"fr-FR","@id":"https:\/\/www.miomiorun.com\/fr\/#\/schema\/logo\/image\/","url":"https:\/\/www.miomiorun.com\/app\/uploads\/2019\/12\/logomio.png","contentUrl":"https:\/\/www.miomiorun.com\/app\/uploads\/2019\/12\/logomio.png","width":115,"height":82,"caption":"MioMio Run"},"image":{"@id":"https:\/\/www.miomiorun.com\/fr\/#\/schema\/logo\/image\/"},"sameAs":["https:\/\/www.facebook.com\/miomiorun\/","https:\/\/www.instagram.com\/miomiorun\/"]}]}},"_links":{"self":[{"href":"https:\/\/www.miomiorun.com\/fr\/wp-json\/wp\/v2\/product\/278181","targetHints":{"allow":["GET"]}}],"collection":[{"href":"https:\/\/www.miomiorun.com\/fr\/wp-json\/wp\/v2\/product"}],"about":[{"href":"https:\/\/www.miomiorun.com\/fr\/wp-json\/wp\/v2\/types\/product"}],"wp:featuredmedia":[{"embeddable":true,"href":"https:\/\/www.miomiorun.com\/fr\/wp-json\/wp\/v2\/media\/232403"}],"wp:attachment":[{"href":"https:\/\/www.miomiorun.com\/fr\/wp-json\/wp\/v2\/media?parent=278181"}],"wp:term":[{"taxonomy":"product_brand","embeddable":true,"href":"https:\/\/www.miomiorun.com\/fr\/wp-json\/wp\/v2\/product_brand?post=278181"},{"taxonomy":"product_cat","embeddable":true,"href":"https:\/\/www.miomiorun.com\/fr\/wp-json\/wp\/v2\/product_cat?post=278181"},{"taxonomy":"product_tag","embeddable":true,"href":"https:\/\/www.miomiorun.com\/fr\/wp-json\/wp\/v2\/product_tag?post=278181"}],"curies":[{"name":"wp","href":"https:\/\/api.w.org\/{rel}","templated":true}]}}