{"id":278155,"date":"2021-06-09T10:42:37","date_gmt":"2021-06-09T08:42:37","guid":{"rendered":"https:\/\/miomiorun.com\/prodotto\/raidlight-responsiv-vest-18-litri-uomo\/"},"modified":"2026-01-14T11:16:54","modified_gmt":"2026-01-14T10:16:54","slug":"raidlight-responsiv-vest-18-litres-homme","status":"publish","type":"product","link":"https:\/\/www.miomiorun.com\/fr\/produit\/raidlight-responsiv-vest-18-litres-homme\/","title":{"rendered":"Responsiv Vest 18 litres homme"},"content":{"rendered":"<p><strong>La version 18 litres du gilet de course Responsiv Vest<\/strong> offre une plus grande capacit\u00e9 pour vous permettre d&#8217;affronter les courses de longue dur\u00e9e et les ultra-marathons avec un volume suffisant et suffisamment d&#8217;espace pour ranger votre \u00e9quipement.<\/p>\n<p>La forme ergonomique \u00ab <strong>gilet<\/strong> \u00bb et le syst\u00e8me de r\u00e9glage avec <strong>boucles microm\u00e9triques<\/strong> r\u00e9pondent \u00e9galement \u00e0 toutes les exigences en mati\u00e8re de confort.<\/p>\n<p>Ce gilet minimaliste et optimis\u00e9 offre un grand espace de rangement gr\u00e2ce \u00e0 sa poche principale de 15 litres et \u00e0 ses petites poches pour accessoires judicieusement plac\u00e9es sur les bretelles et sur les c\u00f4t\u00e9s. Fabriqu\u00e9 \u00e0 partir d&#8217;un tissu \u00e9lastique qui s&#8217;adapte parfaitement au contenu, limitant les secousses et optimisant le confort, <strong>le Responsiv 18 litres<\/strong> est bien plus qu&#8217;un simple sac \u00e0 dos avec syst\u00e8me d&#8217;hydratation.<\/p>\n<p>La livraison comprend <strong>2 gourdes Raidlight EazyFlask 600 ml<\/strong>.<\/p>\n<table style=\"height: 363px\" width=\"1051\">\n<tbody>\n<tr>\n<td>Caract\u00e9ristiques principales<\/td>\n<td>Coutures plates d\u00e9coup\u00e9es au laser, tissu extensible pour un \u00e9quilibre optimal entre stabilit\u00e9 et durabilit\u00e9, \u00e9l\u00e9ments r\u00e9fl\u00e9chissants imprim\u00e9s \u00e0 l&#8217;avant et \u00e0 l&#8217;arri\u00e8re, la livraison comprend 2 gourdes EazyFlask 600 ml.<\/td>\n<\/tr>\n<tr>\n<td>sac<\/td>\n<td>Sac \u00e0 dos avec 11 poches, poche avant zipp\u00e9e, poche int\u00e9rieure compatible avec le syst\u00e8me Spot, poches superpos\u00e9es pour une meilleure organisation interne (dont une avec fermeture \u00e9clair)<\/td>\n<\/tr>\n<tr>\n<td>Syst\u00e8me d&#8217;hydratation<\/td>\n<td>2 poches avant compatibles avec nos EazyFlasks \u00ab Press to drink \u00bb, poche principale de 15 litres pouvant contenir une poche \u00e0 eau.<\/td>\n<\/tr>\n<tr>\n<td>Syst\u00e8me de fermeture<\/td>\n<td>Harnais en polyester (hydrophobe) pour une adh\u00e9rence parfaite au corps, r\u00e9glage \u00e0 l&#8217;aide de 2 boucles microm\u00e9triques Freelock\u00ae , 2 sangles thoraciques<\/td>\n<\/tr>\n<tr>\n<td>Porte-b\u00e2tons<\/td>\n<td>Porte-b\u00e2tons<\/td>\n<\/tr>\n<tr>\n<td>S\u00e9curit\u00e9<\/td>\n<td>sifflet de s\u00e9curit\u00e9, \u00e9l\u00e9ments r\u00e9fl\u00e9chissants de s\u00e9curit\u00e9<\/td>\n<\/tr>\n<tr>\n<td>Mat\u00e9riau ext\u00e9rieur<\/td>\n<td>68 % polyester, 27 % polyamide, 5 % \u00e9lasthanne.<\/td>\n<\/tr>\n<\/tbody>\n<\/table>\n","protected":false},"excerpt":{"rendered":"<p><span style=\"font-weight: 400\">Vous recherchez performance et simplicit\u00e9 ? La gamme Responsiv est faite pour vous ! Si vous pr\u00e9f\u00e9rez voyager l\u00e9ger, le Responsiv 6 litres est le plus petit sac \u00e0 dos en termes de dimensions et de capacit\u00e9. Il est id\u00e9al pour emporter avec vous l&#8217;essentiel lors de courses sur de courtes et moyennes distances.<\/span><\/p>\n","protected":false},"featured_media":232409,"template":"","meta":{"_acf_changed":false,"inline_featured_image":false},"product_brand":[],"product_cat":[22589,22587,22538],"product_tag":[23503],"class_list":{"0":"post-278155","1":"product","2":"type-product","3":"status-publish","4":"has-post-thumbnail","6":"product_cat-sacs-a-dos","7":"product_cat-sacs-a-dos-et-ceintures","8":"product_cat-accessoires","9":"product_tag-raidlight-fr","10":"pa_attivita-outdoor-fr","11":"pa_attivita-trail-fr","12":"pa_marca-raidlight-fr","13":"pa_sesso-homme","14":"pa_size-small-fr","16":"first","17":"instock","18":"sale","19":"taxable","20":"shipping-taxable","21":"purchasable","22":"product-type-variable","23":"wvs-archive-product-wrapper"},"acf":[],"yoast_head":"<!-- This site is optimized with the Yoast SEO plugin v26.8 - https:\/\/yoast.com\/product\/yoast-seo-wordpress\/ -->\n<title>Raidlight Responsiv Vest 18 litres homme - sac \u00e0 dos de trail running - MioMioRun<\/title>\n<meta name=\"description\" content=\"La version 18 litres du gilet de course Responsiv Vest offre une plus grande capacit\u00e9 pour vous permettre d&#039;affronter les longues courses.\" \/>\n<meta name=\"robots\" content=\"index, follow, max-snippet:-1, max-image-preview:large, max-video-preview:-1\" \/>\n<link rel=\"canonical\" href=\"https:\/\/www.miomiorun.com\/fr\/produit\/raidlight-responsiv-vest-18-litres-homme\/\" \/>\n<meta property=\"og:locale\" content=\"fr_FR\" \/>\n<meta property=\"og:type\" content=\"article\" \/>\n<meta property=\"og:title\" content=\"Raidlight Responsiv Vest 18 litres homme - sac \u00e0 dos de trail running - MioMioRun\" \/>\n<meta property=\"og:description\" content=\"La version 18 litres du gilet de course Responsiv Vest offre une plus grande capacit\u00e9 pour vous permettre d&#039;affronter les longues courses.\" \/>\n<meta property=\"og:url\" content=\"https:\/\/www.miomiorun.com\/fr\/produit\/raidlight-responsiv-vest-18-litres-homme\/\" \/>\n<meta property=\"og:site_name\" content=\"MioMioRun\" \/>\n<meta property=\"article:publisher\" content=\"https:\/\/www.facebook.com\/miomiorun\/\" \/>\n<meta property=\"article:modified_time\" content=\"2026-01-14T10:16:54+00:00\" \/>\n<meta property=\"og:image\" content=\"https:\/\/www.miomiorun.com\/app\/uploads\/2021\/06\/raidlight-Responsiv-Vest-18L-GRHMB53-70000.jpg\" \/>\n\t<meta property=\"og:image:width\" content=\"600\" \/>\n\t<meta property=\"og:image:height\" content=\"600\" \/>\n\t<meta property=\"og:image:type\" content=\"image\/jpeg\" \/>\n<meta name=\"twitter:card\" content=\"summary_large_image\" \/>\n<meta name=\"twitter:label1\" content=\"Est. reading time\" \/>\n\t<meta name=\"twitter:data1\" content=\"1 minute\" \/>\n<script type=\"application\/ld+json\" class=\"yoast-schema-graph\">{\"@context\":\"https:\/\/schema.org\",\"@graph\":[{\"@type\":\"WebPage\",\"@id\":\"https:\/\/www.miomiorun.com\/fr\/produit\/raidlight-responsiv-vest-18-litres-homme\/\",\"url\":\"https:\/\/www.miomiorun.com\/fr\/produit\/raidlight-responsiv-vest-18-litres-homme\/\",\"name\":\"Raidlight Responsiv Vest 18 litres homme - sac \u00e0 dos de trail running - MioMioRun\",\"isPartOf\":{\"@id\":\"https:\/\/www.miomiorun.com\/fr\/#website\"},\"primaryImageOfPage\":{\"@id\":\"https:\/\/www.miomiorun.com\/fr\/produit\/raidlight-responsiv-vest-18-litres-homme\/#primaryimage\"},\"image\":{\"@id\":\"https:\/\/www.miomiorun.com\/fr\/produit\/raidlight-responsiv-vest-18-litres-homme\/#primaryimage\"},\"thumbnailUrl\":\"https:\/\/www.miomiorun.com\/app\/uploads\/2021\/06\/raidlight-Responsiv-Vest-18L-GRHMB53-70000.jpg\",\"datePublished\":\"2021-06-09T08:42:37+00:00\",\"dateModified\":\"2026-01-14T10:16:54+00:00\",\"description\":\"La version 18 litres du gilet de course Responsiv Vest offre une plus grande capacit\u00e9 pour vous permettre d'affronter les longues courses.\",\"breadcrumb\":{\"@id\":\"https:\/\/www.miomiorun.com\/fr\/produit\/raidlight-responsiv-vest-18-litres-homme\/#breadcrumb\"},\"inLanguage\":\"fr-FR\",\"potentialAction\":[{\"@type\":\"ReadAction\",\"target\":[\"https:\/\/www.miomiorun.com\/fr\/produit\/raidlight-responsiv-vest-18-litres-homme\/\"]}]},{\"@type\":\"ImageObject\",\"inLanguage\":\"fr-FR\",\"@id\":\"https:\/\/www.miomiorun.com\/fr\/produit\/raidlight-responsiv-vest-18-litres-homme\/#primaryimage\",\"url\":\"https:\/\/www.miomiorun.com\/app\/uploads\/2021\/06\/raidlight-Responsiv-Vest-18L-GRHMB53-70000.jpg\",\"contentUrl\":\"https:\/\/www.miomiorun.com\/app\/uploads\/2021\/06\/raidlight-Responsiv-Vest-18L-GRHMB53-70000.jpg\",\"width\":600,\"height\":600,\"caption\":\"Raidlight zaino gilet running responsiv vest 18 litri\"},{\"@type\":\"BreadcrumbList\",\"@id\":\"https:\/\/www.miomiorun.com\/fr\/produit\/raidlight-responsiv-vest-18-litres-homme\/#breadcrumb\",\"itemListElement\":[{\"@type\":\"ListItem\",\"position\":1,\"name\":\"Home\",\"item\":\"https:\/\/www.miomiorun.com\/fr\/home-page\/\"},{\"@type\":\"ListItem\",\"position\":2,\"name\":\"Shop\",\"item\":\"https:\/\/www.miomiorun.com\/shop\/\"},{\"@type\":\"ListItem\",\"position\":3,\"name\":\"Responsiv Vest 18 litres homme\"}]},{\"@type\":\"WebSite\",\"@id\":\"https:\/\/www.miomiorun.com\/fr\/#website\",\"url\":\"https:\/\/www.miomiorun.com\/fr\/\",\"name\":\"MioMioRun\",\"description\":\"Boutique 100% running et trail\",\"publisher\":{\"@id\":\"https:\/\/www.miomiorun.com\/fr\/#organization\"},\"potentialAction\":[{\"@type\":\"SearchAction\",\"target\":{\"@type\":\"EntryPoint\",\"urlTemplate\":\"https:\/\/www.miomiorun.com\/fr\/?s={search_term_string}\"},\"query-input\":{\"@type\":\"PropertyValueSpecification\",\"valueRequired\":true,\"valueName\":\"search_term_string\"}}],\"inLanguage\":\"fr-FR\"},{\"@type\":\"Organization\",\"@id\":\"https:\/\/www.miomiorun.com\/fr\/#organization\",\"name\":\"MioMio Run\",\"url\":\"https:\/\/www.miomiorun.com\/fr\/\",\"logo\":{\"@type\":\"ImageObject\",\"inLanguage\":\"fr-FR\",\"@id\":\"https:\/\/www.miomiorun.com\/fr\/#\/schema\/logo\/image\/\",\"url\":\"https:\/\/www.miomiorun.com\/app\/uploads\/2019\/12\/logomio.png\",\"contentUrl\":\"https:\/\/www.miomiorun.com\/app\/uploads\/2019\/12\/logomio.png\",\"width\":115,\"height\":82,\"caption\":\"MioMio Run\"},\"image\":{\"@id\":\"https:\/\/www.miomiorun.com\/fr\/#\/schema\/logo\/image\/\"},\"sameAs\":[\"https:\/\/www.facebook.com\/miomiorun\/\",\"https:\/\/www.instagram.com\/miomiorun\/\"]}]}<\/script>\n<!-- \/ Yoast SEO plugin. -->","yoast_head_json":{"title":"Raidlight Responsiv Vest 18 litres homme - sac \u00e0 dos de trail running - MioMioRun","description":"La version 18 litres du gilet de course Responsiv Vest offre une plus grande capacit\u00e9 pour vous permettre d'affronter les longues courses.","robots":{"index":"index","follow":"follow","max-snippet":"max-snippet:-1","max-image-preview":"max-image-preview:large","max-video-preview":"max-video-preview:-1"},"canonical":"https:\/\/www.miomiorun.com\/fr\/produit\/raidlight-responsiv-vest-18-litres-homme\/","og_locale":"fr_FR","og_type":"article","og_title":"Raidlight Responsiv Vest 18 litres homme - sac \u00e0 dos de trail running - MioMioRun","og_description":"La version 18 litres du gilet de course Responsiv Vest offre une plus grande capacit\u00e9 pour vous permettre d'affronter les longues courses.","og_url":"https:\/\/www.miomiorun.com\/fr\/produit\/raidlight-responsiv-vest-18-litres-homme\/","og_site_name":"MioMioRun","article_publisher":"https:\/\/www.facebook.com\/miomiorun\/","article_modified_time":"2026-01-14T10:16:54+00:00","og_image":[{"width":600,"height":600,"url":"https:\/\/www.miomiorun.com\/app\/uploads\/2021\/06\/raidlight-Responsiv-Vest-18L-GRHMB53-70000.jpg","type":"image\/jpeg"}],"twitter_card":"summary_large_image","twitter_misc":{"Est. reading time":"1 minute"},"schema":{"@context":"https:\/\/schema.org","@graph":[{"@type":"WebPage","@id":"https:\/\/www.miomiorun.com\/fr\/produit\/raidlight-responsiv-vest-18-litres-homme\/","url":"https:\/\/www.miomiorun.com\/fr\/produit\/raidlight-responsiv-vest-18-litres-homme\/","name":"Raidlight Responsiv Vest 18 litres homme - sac \u00e0 dos de trail running - MioMioRun","isPartOf":{"@id":"https:\/\/www.miomiorun.com\/fr\/#website"},"primaryImageOfPage":{"@id":"https:\/\/www.miomiorun.com\/fr\/produit\/raidlight-responsiv-vest-18-litres-homme\/#primaryimage"},"image":{"@id":"https:\/\/www.miomiorun.com\/fr\/produit\/raidlight-responsiv-vest-18-litres-homme\/#primaryimage"},"thumbnailUrl":"https:\/\/www.miomiorun.com\/app\/uploads\/2021\/06\/raidlight-Responsiv-Vest-18L-GRHMB53-70000.jpg","datePublished":"2021-06-09T08:42:37+00:00","dateModified":"2026-01-14T10:16:54+00:00","description":"La version 18 litres du gilet de course Responsiv Vest offre une plus grande capacit\u00e9 pour vous permettre d'affronter les longues courses.","breadcrumb":{"@id":"https:\/\/www.miomiorun.com\/fr\/produit\/raidlight-responsiv-vest-18-litres-homme\/#breadcrumb"},"inLanguage":"fr-FR","potentialAction":[{"@type":"ReadAction","target":["https:\/\/www.miomiorun.com\/fr\/produit\/raidlight-responsiv-vest-18-litres-homme\/"]}]},{"@type":"ImageObject","inLanguage":"fr-FR","@id":"https:\/\/www.miomiorun.com\/fr\/produit\/raidlight-responsiv-vest-18-litres-homme\/#primaryimage","url":"https:\/\/www.miomiorun.com\/app\/uploads\/2021\/06\/raidlight-Responsiv-Vest-18L-GRHMB53-70000.jpg","contentUrl":"https:\/\/www.miomiorun.com\/app\/uploads\/2021\/06\/raidlight-Responsiv-Vest-18L-GRHMB53-70000.jpg","width":600,"height":600,"caption":"Raidlight zaino gilet running responsiv vest 18 litri"},{"@type":"BreadcrumbList","@id":"https:\/\/www.miomiorun.com\/fr\/produit\/raidlight-responsiv-vest-18-litres-homme\/#breadcrumb","itemListElement":[{"@type":"ListItem","position":1,"name":"Home","item":"https:\/\/www.miomiorun.com\/fr\/home-page\/"},{"@type":"ListItem","position":2,"name":"Shop","item":"https:\/\/www.miomiorun.com\/shop\/"},{"@type":"ListItem","position":3,"name":"Responsiv Vest 18 litres homme"}]},{"@type":"WebSite","@id":"https:\/\/www.miomiorun.com\/fr\/#website","url":"https:\/\/www.miomiorun.com\/fr\/","name":"MioMioRun","description":"Boutique 100% running et trail","publisher":{"@id":"https:\/\/www.miomiorun.com\/fr\/#organization"},"potentialAction":[{"@type":"SearchAction","target":{"@type":"EntryPoint","urlTemplate":"https:\/\/www.miomiorun.com\/fr\/?s={search_term_string}"},"query-input":{"@type":"PropertyValueSpecification","valueRequired":true,"valueName":"search_term_string"}}],"inLanguage":"fr-FR"},{"@type":"Organization","@id":"https:\/\/www.miomiorun.com\/fr\/#organization","name":"MioMio Run","url":"https:\/\/www.miomiorun.com\/fr\/","logo":{"@type":"ImageObject","inLanguage":"fr-FR","@id":"https:\/\/www.miomiorun.com\/fr\/#\/schema\/logo\/image\/","url":"https:\/\/www.miomiorun.com\/app\/uploads\/2019\/12\/logomio.png","contentUrl":"https:\/\/www.miomiorun.com\/app\/uploads\/2019\/12\/logomio.png","width":115,"height":82,"caption":"MioMio Run"},"image":{"@id":"https:\/\/www.miomiorun.com\/fr\/#\/schema\/logo\/image\/"},"sameAs":["https:\/\/www.facebook.com\/miomiorun\/","https:\/\/www.instagram.com\/miomiorun\/"]}]}},"_links":{"self":[{"href":"https:\/\/www.miomiorun.com\/fr\/wp-json\/wp\/v2\/product\/278155","targetHints":{"allow":["GET"]}}],"collection":[{"href":"https:\/\/www.miomiorun.com\/fr\/wp-json\/wp\/v2\/product"}],"about":[{"href":"https:\/\/www.miomiorun.com\/fr\/wp-json\/wp\/v2\/types\/product"}],"wp:featuredmedia":[{"embeddable":true,"href":"https:\/\/www.miomiorun.com\/fr\/wp-json\/wp\/v2\/media\/232409"}],"wp:attachment":[{"href":"https:\/\/www.miomiorun.com\/fr\/wp-json\/wp\/v2\/media?parent=278155"}],"wp:term":[{"taxonomy":"product_brand","embeddable":true,"href":"https:\/\/www.miomiorun.com\/fr\/wp-json\/wp\/v2\/product_brand?post=278155"},{"taxonomy":"product_cat","embeddable":true,"href":"https:\/\/www.miomiorun.com\/fr\/wp-json\/wp\/v2\/product_cat?post=278155"},{"taxonomy":"product_tag","embeddable":true,"href":"https:\/\/www.miomiorun.com\/fr\/wp-json\/wp\/v2\/product_tag?post=278155"}],"curies":[{"name":"wp","href":"https:\/\/api.w.org\/{rel}","templated":true}]}}