{"id":278151,"date":"2021-06-10T11:11:36","date_gmt":"2021-06-10T09:11:36","guid":{"rendered":"https:\/\/miomiorun.com\/prodotto\/raidlight-responsiv-skort-donna\/"},"modified":"2026-01-14T11:12:57","modified_gmt":"2026-01-14T10:12:57","slug":"raidlight-responsiv-skort-femme","status":"publish","type":"product","link":"https:\/\/www.miomiorun.com\/fr\/produit\/raidlight-responsiv-skort-femme\/","title":{"rendered":"Responsiv Skort femme"},"content":{"rendered":"<div class=\"vc-row container\"><div class=\"vc-column\"><div class=\"vc-column-text\"><strong>Responsiv Skort<\/strong> pour femmes est une jupe avec un bermuda int\u00e9gr\u00e9, pratiquement un 2 en 1, pour courir avec encore plus de style et une touche de f\u00e9minit\u00e9 suppl\u00e9mentaire.<\/p>\n<p>Le mat\u00e9riau est ultra-l\u00e9ger et respirant, pour vous permettre de courir avec aisance et confort.<\/p>\n<p>La jupe est dot\u00e9e d&#8217;une taille \u00e9lastique et d&#8217;un cordon de serrage, ainsi que de deux poches lat\u00e9rales, dont une avec fermeture \u00e9clair, tr\u00e8s pratiques pour courir ou marcher.<\/p>\n<h3>Caract\u00e9ristiques :<\/h3>\n<p>&#8211; Jupe l\u00e9g\u00e8re avec bermuda int\u00e9gr\u00e9.<\/p>\n<p>&#8211; Taille \u00e9lastique + cordon de serrage<\/p>\n<p>&#8211; Tissu l\u00e9ger et respirant<\/p>\n<p>&#8211; \u00a02 poches lat\u00e9rales (dont 1 avec fermeture \u00e0 glissi\u00e8re)<\/p>\n<p>Poids : 160 g<\/p>\n<p>Composition : Jupe : 88 % polyester, 12 % \u00e9lasthanne. Bermuda : 76 % polyamide, 24 % \u00e9lasthanne<\/div><\/div><\/div>\n","protected":false},"excerpt":{"rendered":"","protected":false},"featured_media":232445,"template":"","meta":{"_acf_changed":false,"inline_featured_image":false},"product_brand":[],"product_cat":[24438,24444,24246],"product_tag":[23503,23504],"class_list":{"0":"post-278151","1":"product","2":"type-product","3":"status-publish","4":"has-post-thumbnail","6":"product_cat-pantalon-court-fr-2","7":"product_cat-vetements-pour-femmes-fr","8":"product_cat-offres-pour-les-femmes","9":"product_tag-raidlight-fr","10":"product_tag-raidlight-femme","11":"pa_attivita-trail-fr","12":"pa_marca-raidlight-fr","13":"pa_sesso-femme","14":"pa_size-extra-small-fr","16":"first","17":"instock","18":"sale","19":"taxable","20":"shipping-taxable","21":"purchasable","22":"product-type-variable","23":"wvs-archive-product-wrapper"},"acf":[],"yoast_head":"<!-- This site is optimized with the Yoast SEO plugin v26.8 - https:\/\/yoast.com\/product\/yoast-seo-wordpress\/ -->\n<title>Raidlight Responsiv Skort femme - vais courir - MioMioRun.com<\/title>\n<meta name=\"description\" content=\"Les jupes-shorts Responsiv pour femmes sont des jupes avec un bermuda int\u00e9gr\u00e9, pratiquement un 2 en 1, pour courir avec encore plus de style.\" \/>\n<meta name=\"robots\" content=\"index, follow, max-snippet:-1, max-image-preview:large, max-video-preview:-1\" \/>\n<link rel=\"canonical\" href=\"https:\/\/www.miomiorun.com\/fr\/produit\/raidlight-responsiv-skort-femme\/\" \/>\n<meta property=\"og:locale\" content=\"fr_FR\" \/>\n<meta property=\"og:type\" content=\"article\" \/>\n<meta property=\"og:title\" content=\"Raidlight Responsiv Skort femme - vais courir - MioMioRun.com\" \/>\n<meta property=\"og:description\" content=\"Les jupes-shorts Responsiv pour femmes sont des jupes avec un bermuda int\u00e9gr\u00e9, pratiquement un 2 en 1, pour courir avec encore plus de style.\" \/>\n<meta property=\"og:url\" content=\"https:\/\/www.miomiorun.com\/fr\/produit\/raidlight-responsiv-skort-femme\/\" \/>\n<meta property=\"og:site_name\" content=\"MioMioRun\" \/>\n<meta property=\"article:publisher\" content=\"https:\/\/www.facebook.com\/miomiorun\/\" \/>\n<meta property=\"article:modified_time\" content=\"2026-01-14T10:12:57+00:00\" \/>\n<meta property=\"og:image\" content=\"https:\/\/www.miomiorun.com\/app\/uploads\/2021\/06\/raidlight-Responsiv-skort-W-GLIWS53.jpg\" \/>\n\t<meta property=\"og:image:width\" content=\"600\" \/>\n\t<meta property=\"og:image:height\" content=\"600\" \/>\n\t<meta property=\"og:image:type\" content=\"image\/jpeg\" \/>\n<meta name=\"twitter:card\" content=\"summary_large_image\" \/>\n<meta name=\"twitter:label1\" content=\"Est. reading time\" \/>\n\t<meta name=\"twitter:data1\" content=\"1 minute\" \/>\n<script type=\"application\/ld+json\" class=\"yoast-schema-graph\">{\"@context\":\"https:\/\/schema.org\",\"@graph\":[{\"@type\":\"WebPage\",\"@id\":\"https:\/\/www.miomiorun.com\/fr\/produit\/raidlight-responsiv-skort-femme\/\",\"url\":\"https:\/\/www.miomiorun.com\/fr\/produit\/raidlight-responsiv-skort-femme\/\",\"name\":\"Raidlight Responsiv Skort femme - vais courir - MioMioRun.com\",\"isPartOf\":{\"@id\":\"https:\/\/www.miomiorun.com\/fr\/#website\"},\"primaryImageOfPage\":{\"@id\":\"https:\/\/www.miomiorun.com\/fr\/produit\/raidlight-responsiv-skort-femme\/#primaryimage\"},\"image\":{\"@id\":\"https:\/\/www.miomiorun.com\/fr\/produit\/raidlight-responsiv-skort-femme\/#primaryimage\"},\"thumbnailUrl\":\"https:\/\/www.miomiorun.com\/app\/uploads\/2021\/06\/raidlight-Responsiv-skort-W-GLIWS53.jpg\",\"datePublished\":\"2021-06-10T09:11:36+00:00\",\"dateModified\":\"2026-01-14T10:12:57+00:00\",\"description\":\"Les jupes-shorts Responsiv pour femmes sont des jupes avec un bermuda int\u00e9gr\u00e9, pratiquement un 2 en 1, pour courir avec encore plus de style.\",\"breadcrumb\":{\"@id\":\"https:\/\/www.miomiorun.com\/fr\/produit\/raidlight-responsiv-skort-femme\/#breadcrumb\"},\"inLanguage\":\"fr-FR\",\"potentialAction\":[{\"@type\":\"ReadAction\",\"target\":[\"https:\/\/www.miomiorun.com\/fr\/produit\/raidlight-responsiv-skort-femme\/\"]}]},{\"@type\":\"ImageObject\",\"inLanguage\":\"fr-FR\",\"@id\":\"https:\/\/www.miomiorun.com\/fr\/produit\/raidlight-responsiv-skort-femme\/#primaryimage\",\"url\":\"https:\/\/www.miomiorun.com\/app\/uploads\/2021\/06\/raidlight-Responsiv-skort-W-GLIWS53.jpg\",\"contentUrl\":\"https:\/\/www.miomiorun.com\/app\/uploads\/2021\/06\/raidlight-Responsiv-skort-W-GLIWS53.jpg\",\"width\":600,\"height\":600,\"caption\":\"raidlight responsiv skort\"},{\"@type\":\"BreadcrumbList\",\"@id\":\"https:\/\/www.miomiorun.com\/fr\/produit\/raidlight-responsiv-skort-femme\/#breadcrumb\",\"itemListElement\":[{\"@type\":\"ListItem\",\"position\":1,\"name\":\"Home\",\"item\":\"https:\/\/www.miomiorun.com\/fr\/home-page\/\"},{\"@type\":\"ListItem\",\"position\":2,\"name\":\"Shop\",\"item\":\"https:\/\/www.miomiorun.com\/shop\/\"},{\"@type\":\"ListItem\",\"position\":3,\"name\":\"Responsiv Skort femme\"}]},{\"@type\":\"WebSite\",\"@id\":\"https:\/\/www.miomiorun.com\/fr\/#website\",\"url\":\"https:\/\/www.miomiorun.com\/fr\/\",\"name\":\"MioMioRun\",\"description\":\"Boutique 100% running et trail\",\"publisher\":{\"@id\":\"https:\/\/www.miomiorun.com\/fr\/#organization\"},\"potentialAction\":[{\"@type\":\"SearchAction\",\"target\":{\"@type\":\"EntryPoint\",\"urlTemplate\":\"https:\/\/www.miomiorun.com\/fr\/?s={search_term_string}\"},\"query-input\":{\"@type\":\"PropertyValueSpecification\",\"valueRequired\":true,\"valueName\":\"search_term_string\"}}],\"inLanguage\":\"fr-FR\"},{\"@type\":\"Organization\",\"@id\":\"https:\/\/www.miomiorun.com\/fr\/#organization\",\"name\":\"MioMio Run\",\"url\":\"https:\/\/www.miomiorun.com\/fr\/\",\"logo\":{\"@type\":\"ImageObject\",\"inLanguage\":\"fr-FR\",\"@id\":\"https:\/\/www.miomiorun.com\/fr\/#\/schema\/logo\/image\/\",\"url\":\"https:\/\/www.miomiorun.com\/app\/uploads\/2019\/12\/logomio.png\",\"contentUrl\":\"https:\/\/www.miomiorun.com\/app\/uploads\/2019\/12\/logomio.png\",\"width\":115,\"height\":82,\"caption\":\"MioMio Run\"},\"image\":{\"@id\":\"https:\/\/www.miomiorun.com\/fr\/#\/schema\/logo\/image\/\"},\"sameAs\":[\"https:\/\/www.facebook.com\/miomiorun\/\",\"https:\/\/www.instagram.com\/miomiorun\/\"]}]}<\/script>\n<!-- \/ Yoast SEO plugin. -->","yoast_head_json":{"title":"Raidlight Responsiv Skort femme - vais courir - MioMioRun.com","description":"Les jupes-shorts Responsiv pour femmes sont des jupes avec un bermuda int\u00e9gr\u00e9, pratiquement un 2 en 1, pour courir avec encore plus de style.","robots":{"index":"index","follow":"follow","max-snippet":"max-snippet:-1","max-image-preview":"max-image-preview:large","max-video-preview":"max-video-preview:-1"},"canonical":"https:\/\/www.miomiorun.com\/fr\/produit\/raidlight-responsiv-skort-femme\/","og_locale":"fr_FR","og_type":"article","og_title":"Raidlight Responsiv Skort femme - vais courir - MioMioRun.com","og_description":"Les jupes-shorts Responsiv pour femmes sont des jupes avec un bermuda int\u00e9gr\u00e9, pratiquement un 2 en 1, pour courir avec encore plus de style.","og_url":"https:\/\/www.miomiorun.com\/fr\/produit\/raidlight-responsiv-skort-femme\/","og_site_name":"MioMioRun","article_publisher":"https:\/\/www.facebook.com\/miomiorun\/","article_modified_time":"2026-01-14T10:12:57+00:00","og_image":[{"width":600,"height":600,"url":"https:\/\/www.miomiorun.com\/app\/uploads\/2021\/06\/raidlight-Responsiv-skort-W-GLIWS53.jpg","type":"image\/jpeg"}],"twitter_card":"summary_large_image","twitter_misc":{"Est. reading time":"1 minute"},"schema":{"@context":"https:\/\/schema.org","@graph":[{"@type":"WebPage","@id":"https:\/\/www.miomiorun.com\/fr\/produit\/raidlight-responsiv-skort-femme\/","url":"https:\/\/www.miomiorun.com\/fr\/produit\/raidlight-responsiv-skort-femme\/","name":"Raidlight Responsiv Skort femme - vais courir - MioMioRun.com","isPartOf":{"@id":"https:\/\/www.miomiorun.com\/fr\/#website"},"primaryImageOfPage":{"@id":"https:\/\/www.miomiorun.com\/fr\/produit\/raidlight-responsiv-skort-femme\/#primaryimage"},"image":{"@id":"https:\/\/www.miomiorun.com\/fr\/produit\/raidlight-responsiv-skort-femme\/#primaryimage"},"thumbnailUrl":"https:\/\/www.miomiorun.com\/app\/uploads\/2021\/06\/raidlight-Responsiv-skort-W-GLIWS53.jpg","datePublished":"2021-06-10T09:11:36+00:00","dateModified":"2026-01-14T10:12:57+00:00","description":"Les jupes-shorts Responsiv pour femmes sont des jupes avec un bermuda int\u00e9gr\u00e9, pratiquement un 2 en 1, pour courir avec encore plus de style.","breadcrumb":{"@id":"https:\/\/www.miomiorun.com\/fr\/produit\/raidlight-responsiv-skort-femme\/#breadcrumb"},"inLanguage":"fr-FR","potentialAction":[{"@type":"ReadAction","target":["https:\/\/www.miomiorun.com\/fr\/produit\/raidlight-responsiv-skort-femme\/"]}]},{"@type":"ImageObject","inLanguage":"fr-FR","@id":"https:\/\/www.miomiorun.com\/fr\/produit\/raidlight-responsiv-skort-femme\/#primaryimage","url":"https:\/\/www.miomiorun.com\/app\/uploads\/2021\/06\/raidlight-Responsiv-skort-W-GLIWS53.jpg","contentUrl":"https:\/\/www.miomiorun.com\/app\/uploads\/2021\/06\/raidlight-Responsiv-skort-W-GLIWS53.jpg","width":600,"height":600,"caption":"raidlight responsiv skort"},{"@type":"BreadcrumbList","@id":"https:\/\/www.miomiorun.com\/fr\/produit\/raidlight-responsiv-skort-femme\/#breadcrumb","itemListElement":[{"@type":"ListItem","position":1,"name":"Home","item":"https:\/\/www.miomiorun.com\/fr\/home-page\/"},{"@type":"ListItem","position":2,"name":"Shop","item":"https:\/\/www.miomiorun.com\/shop\/"},{"@type":"ListItem","position":3,"name":"Responsiv Skort femme"}]},{"@type":"WebSite","@id":"https:\/\/www.miomiorun.com\/fr\/#website","url":"https:\/\/www.miomiorun.com\/fr\/","name":"MioMioRun","description":"Boutique 100% running et trail","publisher":{"@id":"https:\/\/www.miomiorun.com\/fr\/#organization"},"potentialAction":[{"@type":"SearchAction","target":{"@type":"EntryPoint","urlTemplate":"https:\/\/www.miomiorun.com\/fr\/?s={search_term_string}"},"query-input":{"@type":"PropertyValueSpecification","valueRequired":true,"valueName":"search_term_string"}}],"inLanguage":"fr-FR"},{"@type":"Organization","@id":"https:\/\/www.miomiorun.com\/fr\/#organization","name":"MioMio Run","url":"https:\/\/www.miomiorun.com\/fr\/","logo":{"@type":"ImageObject","inLanguage":"fr-FR","@id":"https:\/\/www.miomiorun.com\/fr\/#\/schema\/logo\/image\/","url":"https:\/\/www.miomiorun.com\/app\/uploads\/2019\/12\/logomio.png","contentUrl":"https:\/\/www.miomiorun.com\/app\/uploads\/2019\/12\/logomio.png","width":115,"height":82,"caption":"MioMio Run"},"image":{"@id":"https:\/\/www.miomiorun.com\/fr\/#\/schema\/logo\/image\/"},"sameAs":["https:\/\/www.facebook.com\/miomiorun\/","https:\/\/www.instagram.com\/miomiorun\/"]}]}},"_links":{"self":[{"href":"https:\/\/www.miomiorun.com\/fr\/wp-json\/wp\/v2\/product\/278151","targetHints":{"allow":["GET"]}}],"collection":[{"href":"https:\/\/www.miomiorun.com\/fr\/wp-json\/wp\/v2\/product"}],"about":[{"href":"https:\/\/www.miomiorun.com\/fr\/wp-json\/wp\/v2\/types\/product"}],"wp:featuredmedia":[{"embeddable":true,"href":"https:\/\/www.miomiorun.com\/fr\/wp-json\/wp\/v2\/media\/232445"}],"wp:attachment":[{"href":"https:\/\/www.miomiorun.com\/fr\/wp-json\/wp\/v2\/media?parent=278151"}],"wp:term":[{"taxonomy":"product_brand","embeddable":true,"href":"https:\/\/www.miomiorun.com\/fr\/wp-json\/wp\/v2\/product_brand?post=278151"},{"taxonomy":"product_cat","embeddable":true,"href":"https:\/\/www.miomiorun.com\/fr\/wp-json\/wp\/v2\/product_cat?post=278151"},{"taxonomy":"product_tag","embeddable":true,"href":"https:\/\/www.miomiorun.com\/fr\/wp-json\/wp\/v2\/product_tag?post=278151"}],"curies":[{"name":"wp","href":"https:\/\/api.w.org\/{rel}","templated":true}]}}