{"id":278149,"date":"2021-06-11T10:27:05","date_gmt":"2021-06-11T08:27:05","guid":{"rendered":"https:\/\/miomiorun.com\/prodotto\/cep-short-socks-ultralight-donna\/"},"modified":"2025-11-18T18:13:26","modified_gmt":"2025-11-18T17:13:26","slug":"cep-short-socks-ultralight-donna","status":"publish","type":"product","link":"https:\/\/www.miomiorun.com\/fr\/produit\/cep-short-socks-ultralight-donna\/","title":{"rendered":"Short Socks Ultralight donna"},"content":{"rendered":"<p>Perch\u00e9 rinunciare ai vantaggi delle calze compressive durante giornate calde? Gli Ultralight Short Socks da uomo ti offrono una tecnologia innovativa e convincono con il loro comfort perfetto. Alla caccia di nuovi record personali approfitti della medi compression che attiva e stabilizza, godendoti una sensazione estiva, grazie al materiale estremamente leggero e traspirante del modello corto.<\/p>\n<h3>Pi\u00f9 performance e meno rischi di infortuni grazie alla medi compression<\/h3>\n<p>Per la corsa, la bicicletta o altre attivit\u00e0 sportive: gli Ultralight Short Socks da uomo ti supportano per sfruttare il tuo potenziale al massimo. Con la medi compression innovativa sviluppi il potenziale del piede in maniera ottimale, <strong>aumentando performance e resistenza.<\/strong>\u00a0L\u2019effetto compressivo riduce il rischio di infortuni,\u00a0<strong>stabilizzando la zona del piede e della caviglia.<\/strong><\/p>\n<h3>La calzata precisa e aderente riduce l\u2019attrito e la comparsa di vesciche<\/h3>\n<p>Calzini sportivi troppo larghi comportano sfregamenti e la comparsa di vesciche \u2013 ma non gli Ultralight Short Socks! La loro efficacia \u00e8 dovuta al\u00a0<strong>mix specifico e ultra leggero di materiali, unito alla vestibilit\u00e0 aderente<\/strong>. Le calze rimangono ben aderenti in qualunque situazione: addio a riposi involontari causati da vesciche.<\/p>\n<h3>Goditi un\u2019ammortizzazione confortevole grazie alle imbottiture ottimizzate<\/h3>\n<p>Il comfort non manca con questi\u00a0<strong>calzini compressivi corti da uomo,<\/strong>\u00a0che dispongono di zone imbottite integrate. L\u2019imbottitura ammortizza seguendo l\u2019anatomia del piede e migliora l\u2019aderenza fra piede e scarpa.<\/p>\n<h3>Caratteristiche del prodotto:<\/h3>\n<ul class=\"selling-points\">\n<li>La compressione degli Ultralight Short Socks stimola le articolazioni in profondit\u00e0, donando cos\u00ec stabilit\u00e0. Il rischio di infortuni viene ridotto.<\/li>\n<li>Il mix di materiali congegnato in combinazione alla vestibilit\u00e0 aderente procura una calzata compatta e sicura, riducendo l\u2019attrito e la comparsa di vesciche.<\/li>\n<li>I calzini dispongono di zone imbottite che seguono l\u2019anatomia del piede, per garantire un\u2019ammortizzazione confortevole.<\/li>\n<\/ul>\n<p><strong>Materiali: <\/strong>85 % poliammide, 15 % elastan<\/p>\n","protected":false},"excerpt":{"rendered":"<p>Perch\u00e9 rinunciare ai vantaggi delle calze compressive durante giornate calde? Gli Ultralight Short Socks da uomo ti offrono una tecnologia innovativa e convincono con il loro comfort perfetto. Alla caccia di nuovi record personali approfitti della medi compression che attiva e stabilizza, godendoti una sensazione estiva, grazie al materiale estremamente leggero e traspirante del modello &hellip; <a href=\"https:\/\/www.miomiorun.com\/fr\/produit\/cep-short-socks-ultralight-donna\/\">Continued<\/a><\/p>\n","protected":false},"featured_media":232407,"template":"","meta":{"_acf_changed":false,"inline_featured_image":false},"product_brand":[],"product_cat":[22597,22596,22595],"product_tag":[23469,23651],"class_list":{"0":"post-278149","1":"product","2":"type-product","3":"status-publish","4":"has-post-thumbnail","6":"product_cat-chaussettes","7":"product_cat-vetements-pour-femmes","8":"product_cat-femme","9":"product_tag-cep-fr","10":"product_tag-cep-femme","11":"pa_attivita-marcher","12":"pa_attivita-running-fr","13":"pa_colore-short-socks-ultralight-w-black-grey-fr","14":"pa_colore-short-socks-ultralight-w-pink-grey-fr","15":"pa_marca-cep-fr","16":"pa_sesso-femme","17":"pa_size-34-37-fr","18":"pa_size-40-43-fr","20":"first","21":"instock","22":"sale","23":"taxable","24":"shipping-taxable","25":"purchasable","26":"product-type-variable","27":"wvs-archive-product-wrapper"},"acf":[],"yoast_head":"<!-- This site is optimized with the Yoast SEO plugin v26.8 - https:\/\/yoast.com\/product\/yoast-seo-wordpress\/ -->\n<title>Cep Short Socks Ultralight donna - Calze Running donna - MioMioRun<\/title>\n<meta name=\"description\" content=\"Per la corsa, la bicicletta o altre attivit\u00e0 sportive: gli Ultralight Short Socks da donna ti supportano con la medi compression innovativa.\" \/>\n<meta name=\"robots\" content=\"index, follow, max-snippet:-1, max-image-preview:large, max-video-preview:-1\" \/>\n<link rel=\"canonical\" href=\"https:\/\/www.miomiorun.com\/fr\/produit\/cep-short-socks-ultralight-donna\/\" \/>\n<meta property=\"og:locale\" content=\"fr_FR\" \/>\n<meta property=\"og:type\" content=\"article\" \/>\n<meta property=\"og:title\" content=\"Cep Short Socks Ultralight donna - Calze Running donna - MioMioRun\" \/>\n<meta property=\"og:description\" content=\"Per la corsa, la bicicletta o altre attivit\u00e0 sportive: gli Ultralight Short Socks da donna ti supportano con la medi compression innovativa.\" \/>\n<meta property=\"og:url\" content=\"https:\/\/www.miomiorun.com\/fr\/produit\/cep-short-socks-ultralight-donna\/\" \/>\n<meta property=\"og:site_name\" content=\"MioMioRun\" \/>\n<meta property=\"article:publisher\" content=\"https:\/\/www.facebook.com\/miomiorun\/\" \/>\n<meta property=\"article:modified_time\" content=\"2025-11-18T17:13:26+00:00\" \/>\n<meta property=\"og:image\" content=\"https:\/\/www.miomiorun.com\/app\/uploads\/2021\/06\/cep-Short-socks-ultralight-WP4BLY.jpg\" \/>\n\t<meta property=\"og:image:width\" content=\"600\" \/>\n\t<meta property=\"og:image:height\" content=\"600\" \/>\n\t<meta property=\"og:image:type\" content=\"image\/jpeg\" \/>\n<meta name=\"twitter:card\" content=\"summary_large_image\" \/>\n<meta name=\"twitter:label1\" content=\"Est. reading time\" \/>\n\t<meta name=\"twitter:data1\" content=\"1 minute\" \/>\n<script type=\"application\/ld+json\" class=\"yoast-schema-graph\">{\"@context\":\"https:\/\/schema.org\",\"@graph\":[{\"@type\":\"WebPage\",\"@id\":\"https:\/\/www.miomiorun.com\/fr\/produit\/cep-short-socks-ultralight-donna\/\",\"url\":\"https:\/\/www.miomiorun.com\/fr\/produit\/cep-short-socks-ultralight-donna\/\",\"name\":\"Cep Short Socks Ultralight donna - Calze Running donna - MioMioRun\",\"isPartOf\":{\"@id\":\"https:\/\/www.miomiorun.com\/fr\/#website\"},\"primaryImageOfPage\":{\"@id\":\"https:\/\/www.miomiorun.com\/fr\/produit\/cep-short-socks-ultralight-donna\/#primaryimage\"},\"image\":{\"@id\":\"https:\/\/www.miomiorun.com\/fr\/produit\/cep-short-socks-ultralight-donna\/#primaryimage\"},\"thumbnailUrl\":\"https:\/\/www.miomiorun.com\/app\/uploads\/2021\/06\/cep-Short-socks-ultralight-WP4BLY.jpg\",\"datePublished\":\"2021-06-11T08:27:05+00:00\",\"dateModified\":\"2025-11-18T17:13:26+00:00\",\"description\":\"Per la corsa, la bicicletta o altre attivit\u00e0 sportive: gli Ultralight Short Socks da donna ti supportano con la medi compression innovativa.\",\"breadcrumb\":{\"@id\":\"https:\/\/www.miomiorun.com\/fr\/produit\/cep-short-socks-ultralight-donna\/#breadcrumb\"},\"inLanguage\":\"fr-FR\",\"potentialAction\":[{\"@type\":\"ReadAction\",\"target\":[\"https:\/\/www.miomiorun.com\/fr\/produit\/cep-short-socks-ultralight-donna\/\"]}]},{\"@type\":\"ImageObject\",\"inLanguage\":\"fr-FR\",\"@id\":\"https:\/\/www.miomiorun.com\/fr\/produit\/cep-short-socks-ultralight-donna\/#primaryimage\",\"url\":\"https:\/\/www.miomiorun.com\/app\/uploads\/2021\/06\/cep-Short-socks-ultralight-WP4BLY.jpg\",\"contentUrl\":\"https:\/\/www.miomiorun.com\/app\/uploads\/2021\/06\/cep-Short-socks-ultralight-WP4BLY.jpg\",\"width\":600,\"height\":600,\"caption\":\"cep short socks ultralight\"},{\"@type\":\"BreadcrumbList\",\"@id\":\"https:\/\/www.miomiorun.com\/fr\/produit\/cep-short-socks-ultralight-donna\/#breadcrumb\",\"itemListElement\":[{\"@type\":\"ListItem\",\"position\":1,\"name\":\"Home\",\"item\":\"https:\/\/www.miomiorun.com\/fr\/home-page\/\"},{\"@type\":\"ListItem\",\"position\":2,\"name\":\"Shop\",\"item\":\"https:\/\/www.miomiorun.com\/shop\/\"},{\"@type\":\"ListItem\",\"position\":3,\"name\":\"Short Socks Ultralight donna\"}]},{\"@type\":\"WebSite\",\"@id\":\"https:\/\/www.miomiorun.com\/fr\/#website\",\"url\":\"https:\/\/www.miomiorun.com\/fr\/\",\"name\":\"MioMioRun\",\"description\":\"Boutique 100% running et trail\",\"publisher\":{\"@id\":\"https:\/\/www.miomiorun.com\/fr\/#organization\"},\"potentialAction\":[{\"@type\":\"SearchAction\",\"target\":{\"@type\":\"EntryPoint\",\"urlTemplate\":\"https:\/\/www.miomiorun.com\/fr\/?s={search_term_string}\"},\"query-input\":{\"@type\":\"PropertyValueSpecification\",\"valueRequired\":true,\"valueName\":\"search_term_string\"}}],\"inLanguage\":\"fr-FR\"},{\"@type\":\"Organization\",\"@id\":\"https:\/\/www.miomiorun.com\/fr\/#organization\",\"name\":\"MioMio Run\",\"url\":\"https:\/\/www.miomiorun.com\/fr\/\",\"logo\":{\"@type\":\"ImageObject\",\"inLanguage\":\"fr-FR\",\"@id\":\"https:\/\/www.miomiorun.com\/fr\/#\/schema\/logo\/image\/\",\"url\":\"https:\/\/www.miomiorun.com\/app\/uploads\/2019\/12\/logomio.png\",\"contentUrl\":\"https:\/\/www.miomiorun.com\/app\/uploads\/2019\/12\/logomio.png\",\"width\":115,\"height\":82,\"caption\":\"MioMio Run\"},\"image\":{\"@id\":\"https:\/\/www.miomiorun.com\/fr\/#\/schema\/logo\/image\/\"},\"sameAs\":[\"https:\/\/www.facebook.com\/miomiorun\/\",\"https:\/\/www.instagram.com\/miomiorun\/\"]}]}<\/script>\n<!-- \/ Yoast SEO plugin. -->","yoast_head_json":{"title":"Cep Short Socks Ultralight donna - Calze Running donna - MioMioRun","description":"Per la corsa, la bicicletta o altre attivit\u00e0 sportive: gli Ultralight Short Socks da donna ti supportano con la medi compression innovativa.","robots":{"index":"index","follow":"follow","max-snippet":"max-snippet:-1","max-image-preview":"max-image-preview:large","max-video-preview":"max-video-preview:-1"},"canonical":"https:\/\/www.miomiorun.com\/fr\/produit\/cep-short-socks-ultralight-donna\/","og_locale":"fr_FR","og_type":"article","og_title":"Cep Short Socks Ultralight donna - Calze Running donna - MioMioRun","og_description":"Per la corsa, la bicicletta o altre attivit\u00e0 sportive: gli Ultralight Short Socks da donna ti supportano con la medi compression innovativa.","og_url":"https:\/\/www.miomiorun.com\/fr\/produit\/cep-short-socks-ultralight-donna\/","og_site_name":"MioMioRun","article_publisher":"https:\/\/www.facebook.com\/miomiorun\/","article_modified_time":"2025-11-18T17:13:26+00:00","og_image":[{"width":600,"height":600,"url":"https:\/\/www.miomiorun.com\/app\/uploads\/2021\/06\/cep-Short-socks-ultralight-WP4BLY.jpg","type":"image\/jpeg"}],"twitter_card":"summary_large_image","twitter_misc":{"Est. reading time":"1 minute"},"schema":{"@context":"https:\/\/schema.org","@graph":[{"@type":"WebPage","@id":"https:\/\/www.miomiorun.com\/fr\/produit\/cep-short-socks-ultralight-donna\/","url":"https:\/\/www.miomiorun.com\/fr\/produit\/cep-short-socks-ultralight-donna\/","name":"Cep Short Socks Ultralight donna - Calze Running donna - MioMioRun","isPartOf":{"@id":"https:\/\/www.miomiorun.com\/fr\/#website"},"primaryImageOfPage":{"@id":"https:\/\/www.miomiorun.com\/fr\/produit\/cep-short-socks-ultralight-donna\/#primaryimage"},"image":{"@id":"https:\/\/www.miomiorun.com\/fr\/produit\/cep-short-socks-ultralight-donna\/#primaryimage"},"thumbnailUrl":"https:\/\/www.miomiorun.com\/app\/uploads\/2021\/06\/cep-Short-socks-ultralight-WP4BLY.jpg","datePublished":"2021-06-11T08:27:05+00:00","dateModified":"2025-11-18T17:13:26+00:00","description":"Per la corsa, la bicicletta o altre attivit\u00e0 sportive: gli Ultralight Short Socks da donna ti supportano con la medi compression innovativa.","breadcrumb":{"@id":"https:\/\/www.miomiorun.com\/fr\/produit\/cep-short-socks-ultralight-donna\/#breadcrumb"},"inLanguage":"fr-FR","potentialAction":[{"@type":"ReadAction","target":["https:\/\/www.miomiorun.com\/fr\/produit\/cep-short-socks-ultralight-donna\/"]}]},{"@type":"ImageObject","inLanguage":"fr-FR","@id":"https:\/\/www.miomiorun.com\/fr\/produit\/cep-short-socks-ultralight-donna\/#primaryimage","url":"https:\/\/www.miomiorun.com\/app\/uploads\/2021\/06\/cep-Short-socks-ultralight-WP4BLY.jpg","contentUrl":"https:\/\/www.miomiorun.com\/app\/uploads\/2021\/06\/cep-Short-socks-ultralight-WP4BLY.jpg","width":600,"height":600,"caption":"cep short socks ultralight"},{"@type":"BreadcrumbList","@id":"https:\/\/www.miomiorun.com\/fr\/produit\/cep-short-socks-ultralight-donna\/#breadcrumb","itemListElement":[{"@type":"ListItem","position":1,"name":"Home","item":"https:\/\/www.miomiorun.com\/fr\/home-page\/"},{"@type":"ListItem","position":2,"name":"Shop","item":"https:\/\/www.miomiorun.com\/shop\/"},{"@type":"ListItem","position":3,"name":"Short Socks Ultralight donna"}]},{"@type":"WebSite","@id":"https:\/\/www.miomiorun.com\/fr\/#website","url":"https:\/\/www.miomiorun.com\/fr\/","name":"MioMioRun","description":"Boutique 100% running et trail","publisher":{"@id":"https:\/\/www.miomiorun.com\/fr\/#organization"},"potentialAction":[{"@type":"SearchAction","target":{"@type":"EntryPoint","urlTemplate":"https:\/\/www.miomiorun.com\/fr\/?s={search_term_string}"},"query-input":{"@type":"PropertyValueSpecification","valueRequired":true,"valueName":"search_term_string"}}],"inLanguage":"fr-FR"},{"@type":"Organization","@id":"https:\/\/www.miomiorun.com\/fr\/#organization","name":"MioMio Run","url":"https:\/\/www.miomiorun.com\/fr\/","logo":{"@type":"ImageObject","inLanguage":"fr-FR","@id":"https:\/\/www.miomiorun.com\/fr\/#\/schema\/logo\/image\/","url":"https:\/\/www.miomiorun.com\/app\/uploads\/2019\/12\/logomio.png","contentUrl":"https:\/\/www.miomiorun.com\/app\/uploads\/2019\/12\/logomio.png","width":115,"height":82,"caption":"MioMio Run"},"image":{"@id":"https:\/\/www.miomiorun.com\/fr\/#\/schema\/logo\/image\/"},"sameAs":["https:\/\/www.facebook.com\/miomiorun\/","https:\/\/www.instagram.com\/miomiorun\/"]}]}},"_links":{"self":[{"href":"https:\/\/www.miomiorun.com\/fr\/wp-json\/wp\/v2\/product\/278149","targetHints":{"allow":["GET"]}}],"collection":[{"href":"https:\/\/www.miomiorun.com\/fr\/wp-json\/wp\/v2\/product"}],"about":[{"href":"https:\/\/www.miomiorun.com\/fr\/wp-json\/wp\/v2\/types\/product"}],"wp:featuredmedia":[{"embeddable":true,"href":"https:\/\/www.miomiorun.com\/fr\/wp-json\/wp\/v2\/media\/232407"}],"wp:attachment":[{"href":"https:\/\/www.miomiorun.com\/fr\/wp-json\/wp\/v2\/media?parent=278149"}],"wp:term":[{"taxonomy":"product_brand","embeddable":true,"href":"https:\/\/www.miomiorun.com\/fr\/wp-json\/wp\/v2\/product_brand?post=278149"},{"taxonomy":"product_cat","embeddable":true,"href":"https:\/\/www.miomiorun.com\/fr\/wp-json\/wp\/v2\/product_cat?post=278149"},{"taxonomy":"product_tag","embeddable":true,"href":"https:\/\/www.miomiorun.com\/fr\/wp-json\/wp\/v2\/product_tag?post=278149"}],"curies":[{"name":"wp","href":"https:\/\/api.w.org\/{rel}","templated":true}]}}