{"id":278119,"date":"2021-06-19T18:16:11","date_gmt":"2021-06-19T16:16:11","guid":{"rendered":"https:\/\/miomiorun.com\/prodotto\/raidlight-top-extreme-mp-jacket-donna\/"},"modified":"2026-01-14T11:17:29","modified_gmt":"2026-01-14T10:17:29","slug":"raidlight-top-extreme-mp-jacket-femme","status":"publish","type":"product","link":"https:\/\/www.miomiorun.com\/fr\/produit\/raidlight-top-extreme-mp-jacket-femme\/","title":{"rendered":"Top Extreme MP+ Jacket femme"},"content":{"rendered":"<div class=\"vc-row container\"><div class=\"vc-column\"><div class=\"vc-column-text\">La veste de trail <strong>Top Extreme MP<\/strong> pour femme est imperm\u00e9able et hautement respirante, m\u00eame pendant l&#8217;effort. Une veste de qualit\u00e9 qui r\u00e9pond aux normes de s\u00e9curit\u00e9 obligatoires.<\/p>\n<p>Dot\u00e9 de poches en maille \u00e9lastique sous les bras, il offre une libert\u00e9 de mouvement impressionnante au niveau des omoplates.<\/p>\n<p>Un v\u00eatement \u00e0 tous \u00e9gards confortable et efficace, l\u00e9ger et polyvalent.<\/p>\n<p>Enti\u00e8rement imperm\u00e9able, le <strong>Top Extrem MP+<\/strong> pour femme est \u00e9quip\u00e9 d&#8217;une fermeture \u00e9clair imperm\u00e9able, d&#8217;extr\u00e9mit\u00e9s de manches avec passants pour les pouces et d&#8217;une capuche avec trois points de serrage.<\/p>\n<p>Il est \u00e9galement possible de resserrer la veste \u00e0 la taille \u00e0 l&#8217;aide du cordon int\u00e9gr\u00e9, si n\u00e9cessaire. Pour plus de commodit\u00e9, cette veste imperm\u00e9able est ultra compressible et peut \u00eatre rang\u00e9e dans sa poche !<\/p>\n<h3>Sp\u00e9cifications techniques :<\/h3>\n<ul class=\"\">\n<li>Membrane Responsiv MP + \u00ae. Hautement respirante et imperm\u00e9able (15K \/ 15K)<\/li>\n<li>Ajustement 3D pour une libert\u00e9 de mouvement optimale<\/li>\n<li>Fermeture \u00e9clair r\u00e9sistante \u00e0 l&#8217;eau avec rabat coupe-vent interne<\/li>\n<li>2 poches zipp\u00e9es, se replie dans la poche.<\/li>\n<li>Capuche r\u00e9glable en 3 points<\/li>\n<li>Impression en silicone renforc\u00e9e sur les \u00e9paules<\/li>\n<li>D\u00e9tails de l&#8217;impression r\u00e9fl\u00e9chissante<\/li>\n<li>Passants pour le pouce<\/li>\n<li>Cordon de serrage \u00e0 la base de la veste<\/li>\n<li>Dimensions pli\u00e9 : 16 x 13 x 5 cm.<\/li>\n<li>100 % polyamide<\/li>\n<li>Poids : 190 g<\/li>\n<\/ul>\n<p><\/div><\/div><\/div>\n","protected":false},"excerpt":{"rendered":"","protected":false},"featured_media":232551,"template":"","meta":{"_acf_changed":false,"inline_featured_image":false},"product_brand":[],"product_cat":[24441,24444,24246],"product_tag":[23503,23504],"class_list":{"0":"post-278119","1":"product","2":"type-product","3":"status-publish","4":"has-post-thumbnail","6":"product_cat-vestes-fr","7":"product_cat-vetements-pour-femmes-fr","8":"product_cat-offres-pour-les-femmes","9":"product_tag-raidlight-fr","10":"product_tag-raidlight-femme","11":"pa_attivita-marcher","12":"pa_attivita-outdoor-fr","13":"pa_marca-raidlight-fr","14":"pa_sesso-femme","15":"pa_size-medium-fr","17":"first","18":"instock","19":"sale","20":"taxable","21":"shipping-taxable","22":"purchasable","23":"product-type-variable","24":"wvs-archive-product-wrapper"},"acf":[],"yoast_head":"<!-- This site is optimized with the Yoast SEO plugin v26.8 - https:\/\/yoast.com\/product\/yoast-seo-wordpress\/ -->\n<title>Raidlight Top Extreme MP+ Jacket femme - Veste de course - MioMioRun<\/title>\n<meta name=\"description\" content=\"La veste de trail Top Extreme MP pour femme est imperm\u00e9able et hautement respirante, m\u00eame pendant l&#039;effort. Une veste de qualit\u00e9.\" \/>\n<meta name=\"robots\" content=\"index, follow, max-snippet:-1, max-image-preview:large, max-video-preview:-1\" \/>\n<link rel=\"canonical\" href=\"https:\/\/www.miomiorun.com\/fr\/produit\/raidlight-top-extreme-mp-jacket-femme\/\" \/>\n<meta property=\"og:locale\" content=\"fr_FR\" \/>\n<meta property=\"og:type\" content=\"article\" \/>\n<meta property=\"og:title\" content=\"Raidlight Top Extreme MP+ Jacket femme - Veste de course - MioMioRun\" \/>\n<meta property=\"og:description\" content=\"La veste de trail Top Extreme MP pour femme est imperm\u00e9able et hautement respirante, m\u00eame pendant l&#039;effort. Une veste de qualit\u00e9.\" \/>\n<meta property=\"og:url\" content=\"https:\/\/www.miomiorun.com\/fr\/produit\/raidlight-top-extreme-mp-jacket-femme\/\" \/>\n<meta property=\"og:site_name\" content=\"MioMioRun\" \/>\n<meta property=\"article:publisher\" content=\"https:\/\/www.facebook.com\/miomiorun\/\" \/>\n<meta property=\"article:modified_time\" content=\"2026-01-14T10:17:29+00:00\" \/>\n<meta property=\"og:image\" content=\"https:\/\/www.miomiorun.com\/app\/uploads\/2021\/06\/raidlight-Top-extreme-MP-jacket-W-GLHWJ21.jpg\" \/>\n\t<meta property=\"og:image:width\" content=\"600\" \/>\n\t<meta property=\"og:image:height\" content=\"600\" \/>\n\t<meta property=\"og:image:type\" content=\"image\/jpeg\" \/>\n<meta name=\"twitter:card\" content=\"summary_large_image\" \/>\n<meta name=\"twitter:label1\" content=\"Est. reading time\" \/>\n\t<meta name=\"twitter:data1\" content=\"1 minute\" \/>\n<script type=\"application\/ld+json\" class=\"yoast-schema-graph\">{\"@context\":\"https:\/\/schema.org\",\"@graph\":[{\"@type\":\"WebPage\",\"@id\":\"https:\/\/www.miomiorun.com\/fr\/produit\/raidlight-top-extreme-mp-jacket-femme\/\",\"url\":\"https:\/\/www.miomiorun.com\/fr\/produit\/raidlight-top-extreme-mp-jacket-femme\/\",\"name\":\"Raidlight Top Extreme MP+ Jacket femme - Veste de course - MioMioRun\",\"isPartOf\":{\"@id\":\"https:\/\/www.miomiorun.com\/fr\/#website\"},\"primaryImageOfPage\":{\"@id\":\"https:\/\/www.miomiorun.com\/fr\/produit\/raidlight-top-extreme-mp-jacket-femme\/#primaryimage\"},\"image\":{\"@id\":\"https:\/\/www.miomiorun.com\/fr\/produit\/raidlight-top-extreme-mp-jacket-femme\/#primaryimage\"},\"thumbnailUrl\":\"https:\/\/www.miomiorun.com\/app\/uploads\/2021\/06\/raidlight-Top-extreme-MP-jacket-W-GLHWJ21.jpg\",\"datePublished\":\"2021-06-19T16:16:11+00:00\",\"dateModified\":\"2026-01-14T10:17:29+00:00\",\"description\":\"La veste de trail Top Extreme MP pour femme est imperm\u00e9able et hautement respirante, m\u00eame pendant l'effort. Une veste de qualit\u00e9.\",\"breadcrumb\":{\"@id\":\"https:\/\/www.miomiorun.com\/fr\/produit\/raidlight-top-extreme-mp-jacket-femme\/#breadcrumb\"},\"inLanguage\":\"fr-FR\",\"potentialAction\":[{\"@type\":\"ReadAction\",\"target\":[\"https:\/\/www.miomiorun.com\/fr\/produit\/raidlight-top-extreme-mp-jacket-femme\/\"]}]},{\"@type\":\"ImageObject\",\"inLanguage\":\"fr-FR\",\"@id\":\"https:\/\/www.miomiorun.com\/fr\/produit\/raidlight-top-extreme-mp-jacket-femme\/#primaryimage\",\"url\":\"https:\/\/www.miomiorun.com\/app\/uploads\/2021\/06\/raidlight-Top-extreme-MP-jacket-W-GLHWJ21.jpg\",\"contentUrl\":\"https:\/\/www.miomiorun.com\/app\/uploads\/2021\/06\/raidlight-Top-extreme-MP-jacket-W-GLHWJ21.jpg\",\"width\":600,\"height\":600,\"caption\":\"raidlight top extreme jacket\"},{\"@type\":\"BreadcrumbList\",\"@id\":\"https:\/\/www.miomiorun.com\/fr\/produit\/raidlight-top-extreme-mp-jacket-femme\/#breadcrumb\",\"itemListElement\":[{\"@type\":\"ListItem\",\"position\":1,\"name\":\"Home\",\"item\":\"https:\/\/www.miomiorun.com\/fr\/home-page\/\"},{\"@type\":\"ListItem\",\"position\":2,\"name\":\"Shop\",\"item\":\"https:\/\/www.miomiorun.com\/shop\/\"},{\"@type\":\"ListItem\",\"position\":3,\"name\":\"Top Extreme MP+ Jacket femme\"}]},{\"@type\":\"WebSite\",\"@id\":\"https:\/\/www.miomiorun.com\/fr\/#website\",\"url\":\"https:\/\/www.miomiorun.com\/fr\/\",\"name\":\"MioMioRun\",\"description\":\"Boutique 100% running et trail\",\"publisher\":{\"@id\":\"https:\/\/www.miomiorun.com\/fr\/#organization\"},\"potentialAction\":[{\"@type\":\"SearchAction\",\"target\":{\"@type\":\"EntryPoint\",\"urlTemplate\":\"https:\/\/www.miomiorun.com\/fr\/?s={search_term_string}\"},\"query-input\":{\"@type\":\"PropertyValueSpecification\",\"valueRequired\":true,\"valueName\":\"search_term_string\"}}],\"inLanguage\":\"fr-FR\"},{\"@type\":\"Organization\",\"@id\":\"https:\/\/www.miomiorun.com\/fr\/#organization\",\"name\":\"MioMio Run\",\"url\":\"https:\/\/www.miomiorun.com\/fr\/\",\"logo\":{\"@type\":\"ImageObject\",\"inLanguage\":\"fr-FR\",\"@id\":\"https:\/\/www.miomiorun.com\/fr\/#\/schema\/logo\/image\/\",\"url\":\"https:\/\/www.miomiorun.com\/app\/uploads\/2019\/12\/logomio.png\",\"contentUrl\":\"https:\/\/www.miomiorun.com\/app\/uploads\/2019\/12\/logomio.png\",\"width\":115,\"height\":82,\"caption\":\"MioMio Run\"},\"image\":{\"@id\":\"https:\/\/www.miomiorun.com\/fr\/#\/schema\/logo\/image\/\"},\"sameAs\":[\"https:\/\/www.facebook.com\/miomiorun\/\",\"https:\/\/www.instagram.com\/miomiorun\/\"]}]}<\/script>\n<!-- \/ Yoast SEO plugin. -->","yoast_head_json":{"title":"Raidlight Top Extreme MP+ Jacket femme - Veste de course - MioMioRun","description":"La veste de trail Top Extreme MP pour femme est imperm\u00e9able et hautement respirante, m\u00eame pendant l'effort. Une veste de qualit\u00e9.","robots":{"index":"index","follow":"follow","max-snippet":"max-snippet:-1","max-image-preview":"max-image-preview:large","max-video-preview":"max-video-preview:-1"},"canonical":"https:\/\/www.miomiorun.com\/fr\/produit\/raidlight-top-extreme-mp-jacket-femme\/","og_locale":"fr_FR","og_type":"article","og_title":"Raidlight Top Extreme MP+ Jacket femme - Veste de course - MioMioRun","og_description":"La veste de trail Top Extreme MP pour femme est imperm\u00e9able et hautement respirante, m\u00eame pendant l'effort. Une veste de qualit\u00e9.","og_url":"https:\/\/www.miomiorun.com\/fr\/produit\/raidlight-top-extreme-mp-jacket-femme\/","og_site_name":"MioMioRun","article_publisher":"https:\/\/www.facebook.com\/miomiorun\/","article_modified_time":"2026-01-14T10:17:29+00:00","og_image":[{"width":600,"height":600,"url":"https:\/\/www.miomiorun.com\/app\/uploads\/2021\/06\/raidlight-Top-extreme-MP-jacket-W-GLHWJ21.jpg","type":"image\/jpeg"}],"twitter_card":"summary_large_image","twitter_misc":{"Est. reading time":"1 minute"},"schema":{"@context":"https:\/\/schema.org","@graph":[{"@type":"WebPage","@id":"https:\/\/www.miomiorun.com\/fr\/produit\/raidlight-top-extreme-mp-jacket-femme\/","url":"https:\/\/www.miomiorun.com\/fr\/produit\/raidlight-top-extreme-mp-jacket-femme\/","name":"Raidlight Top Extreme MP+ Jacket femme - Veste de course - MioMioRun","isPartOf":{"@id":"https:\/\/www.miomiorun.com\/fr\/#website"},"primaryImageOfPage":{"@id":"https:\/\/www.miomiorun.com\/fr\/produit\/raidlight-top-extreme-mp-jacket-femme\/#primaryimage"},"image":{"@id":"https:\/\/www.miomiorun.com\/fr\/produit\/raidlight-top-extreme-mp-jacket-femme\/#primaryimage"},"thumbnailUrl":"https:\/\/www.miomiorun.com\/app\/uploads\/2021\/06\/raidlight-Top-extreme-MP-jacket-W-GLHWJ21.jpg","datePublished":"2021-06-19T16:16:11+00:00","dateModified":"2026-01-14T10:17:29+00:00","description":"La veste de trail Top Extreme MP pour femme est imperm\u00e9able et hautement respirante, m\u00eame pendant l'effort. Une veste de qualit\u00e9.","breadcrumb":{"@id":"https:\/\/www.miomiorun.com\/fr\/produit\/raidlight-top-extreme-mp-jacket-femme\/#breadcrumb"},"inLanguage":"fr-FR","potentialAction":[{"@type":"ReadAction","target":["https:\/\/www.miomiorun.com\/fr\/produit\/raidlight-top-extreme-mp-jacket-femme\/"]}]},{"@type":"ImageObject","inLanguage":"fr-FR","@id":"https:\/\/www.miomiorun.com\/fr\/produit\/raidlight-top-extreme-mp-jacket-femme\/#primaryimage","url":"https:\/\/www.miomiorun.com\/app\/uploads\/2021\/06\/raidlight-Top-extreme-MP-jacket-W-GLHWJ21.jpg","contentUrl":"https:\/\/www.miomiorun.com\/app\/uploads\/2021\/06\/raidlight-Top-extreme-MP-jacket-W-GLHWJ21.jpg","width":600,"height":600,"caption":"raidlight top extreme jacket"},{"@type":"BreadcrumbList","@id":"https:\/\/www.miomiorun.com\/fr\/produit\/raidlight-top-extreme-mp-jacket-femme\/#breadcrumb","itemListElement":[{"@type":"ListItem","position":1,"name":"Home","item":"https:\/\/www.miomiorun.com\/fr\/home-page\/"},{"@type":"ListItem","position":2,"name":"Shop","item":"https:\/\/www.miomiorun.com\/shop\/"},{"@type":"ListItem","position":3,"name":"Top Extreme MP+ Jacket femme"}]},{"@type":"WebSite","@id":"https:\/\/www.miomiorun.com\/fr\/#website","url":"https:\/\/www.miomiorun.com\/fr\/","name":"MioMioRun","description":"Boutique 100% running et trail","publisher":{"@id":"https:\/\/www.miomiorun.com\/fr\/#organization"},"potentialAction":[{"@type":"SearchAction","target":{"@type":"EntryPoint","urlTemplate":"https:\/\/www.miomiorun.com\/fr\/?s={search_term_string}"},"query-input":{"@type":"PropertyValueSpecification","valueRequired":true,"valueName":"search_term_string"}}],"inLanguage":"fr-FR"},{"@type":"Organization","@id":"https:\/\/www.miomiorun.com\/fr\/#organization","name":"MioMio Run","url":"https:\/\/www.miomiorun.com\/fr\/","logo":{"@type":"ImageObject","inLanguage":"fr-FR","@id":"https:\/\/www.miomiorun.com\/fr\/#\/schema\/logo\/image\/","url":"https:\/\/www.miomiorun.com\/app\/uploads\/2019\/12\/logomio.png","contentUrl":"https:\/\/www.miomiorun.com\/app\/uploads\/2019\/12\/logomio.png","width":115,"height":82,"caption":"MioMio Run"},"image":{"@id":"https:\/\/www.miomiorun.com\/fr\/#\/schema\/logo\/image\/"},"sameAs":["https:\/\/www.facebook.com\/miomiorun\/","https:\/\/www.instagram.com\/miomiorun\/"]}]}},"_links":{"self":[{"href":"https:\/\/www.miomiorun.com\/fr\/wp-json\/wp\/v2\/product\/278119","targetHints":{"allow":["GET"]}}],"collection":[{"href":"https:\/\/www.miomiorun.com\/fr\/wp-json\/wp\/v2\/product"}],"about":[{"href":"https:\/\/www.miomiorun.com\/fr\/wp-json\/wp\/v2\/types\/product"}],"wp:featuredmedia":[{"embeddable":true,"href":"https:\/\/www.miomiorun.com\/fr\/wp-json\/wp\/v2\/media\/232551"}],"wp:attachment":[{"href":"https:\/\/www.miomiorun.com\/fr\/wp-json\/wp\/v2\/media?parent=278119"}],"wp:term":[{"taxonomy":"product_brand","embeddable":true,"href":"https:\/\/www.miomiorun.com\/fr\/wp-json\/wp\/v2\/product_brand?post=278119"},{"taxonomy":"product_cat","embeddable":true,"href":"https:\/\/www.miomiorun.com\/fr\/wp-json\/wp\/v2\/product_cat?post=278119"},{"taxonomy":"product_tag","embeddable":true,"href":"https:\/\/www.miomiorun.com\/fr\/wp-json\/wp\/v2\/product_tag?post=278119"}],"curies":[{"name":"wp","href":"https:\/\/api.w.org\/{rel}","templated":true}]}}