{"id":278108,"date":"2021-06-22T17:48:46","date_gmt":"2021-06-22T15:48:46","guid":{"rendered":"https:\/\/miomiorun.com\/prodotto\/nathan-swift-plus\/"},"modified":"2026-05-08T21:00:14","modified_gmt":"2026-05-08T19:00:14","slug":"nathan-swift-plus","status":"publish","type":"product","link":"https:\/\/www.miomiorun.com\/fr\/produit\/nathan-swift-plus\/","title":{"rendered":"Swift Plus"},"content":{"rendered":"<p id=\"tw-target-text\" class=\"tw-data-text tw-text-large XcVN5d tw-ta\" dir=\"ltr\" data-placeholder=\"Traduzione\"><span class=\"Y2IQFc\" lang=\"it\">Une fois r\u00e9gl\u00e9e, la ceinture Swift Plus reste parfaitement en place.<\/span><\/p>\n<p class=\"tw-data-text tw-text-large XcVN5d tw-ta\" dir=\"ltr\" data-placeholder=\"Traduzione\"><span class=\"Y2IQFc\" lang=\"it\">Une pochette \u00e9quip\u00e9e d&#8217;une gourde de 300 ml, ainsi que d&#8217;une poche zipp\u00e9e pour ranger l&#8217;essentiel pour la course, comme votre t\u00e9l\u00e9phone portable.<\/span><\/p>\n<h3 dir=\"ltr\" data-placeholder=\"Traduzione\">Caract\u00e9ristiques :<\/h3>\n<p id=\"tw-target-text\" class=\"tw-data-text tw-text-large XcVN5d tw-ta\" dir=\"ltr\" data-placeholder=\"Traduzione\"><span class=\"Y2IQFc\" lang=\"it\">&#8211; <\/span><span class=\"Y2IQFc\" lang=\"it\">Gourde de 300 ml avec bouchon <strong>Push-Pull<\/strong> pour boire plus rapidement.<\/span><\/p>\n<p dir=\"ltr\" data-placeholder=\"Traduzione\">&#8211;<span class=\"Y2IQFc\" lang=\"it\"> Le bo\u00eetier inclin\u00e9 permet d&#8217;acc\u00e9der facilement \u00e0 la bouteille d&#8217;une seule main.<\/span><\/p>\n<p dir=\"ltr\" data-placeholder=\"Traduzione\"><span class=\"Y2IQFc\" lang=\"it\">&#8211; <\/span><span class=\"Y2IQFc\" lang=\"it\">Les bandes lat\u00e9rales allong\u00e9es \u00e9pousent confortablement le corps pour un ajustement personnalis\u00e9 et une course sans rebonds<\/span><span class=\"Y2IQFc\" lang=\"it\">.<\/span><\/p>\n<p dir=\"ltr\" data-placeholder=\"Traduzione\">&#8211;<span class=\"Y2IQFc\" lang=\"it\">Grande poche zipp\u00e9e pour ranger l&#8217;essentiel.<\/span><\/p>\n","protected":false},"excerpt":{"rendered":"<p><span style=\"font-weight: 400\">Le sac \u00e0 dos de course pour homme le plus l\u00e9ger de la s\u00e9rie prim\u00e9e Vapor offre un \u00e9quilibre id\u00e9al entre poids, capacit\u00e9 de rangement et durabilit\u00e9, m\u00eame pour les coureurs les plus soucieux de leur poids.<\/span><\/p>\n","protected":false},"featured_media":232577,"template":"","meta":{"_acf_changed":false,"inline_featured_image":false},"product_brand":[],"product_cat":[22588,22587,22538],"product_tag":[23511],"class_list":{"0":"post-278108","1":"product","2":"type-product","3":"status-publish","4":"has-post-thumbnail","6":"product_cat-ceintures","7":"product_cat-sacs-a-dos-et-ceintures","8":"product_cat-accessoires","9":"product_tag-nathan-fr","10":"pa_attivita-marcher","11":"pa_attivita-running-fr","12":"pa_attivita-trail-fr","13":"pa_colore-swift-plus-black-fr-2","14":"pa_colore-swift-plus-blue-fr","15":"pa_colore-swift-plus-tomato-fr","16":"pa_marca-nathan-fr","17":"pa_sesso-femme","18":"pa_sesso-homme","20":"first","21":"instock","22":"sale","23":"taxable","24":"shipping-taxable","25":"purchasable","26":"product-type-variable","27":"wvs-archive-product-wrapper"},"acf":[],"yoast_head":"<!-- This site is optimized with the Yoast SEO plugin v26.8 - https:\/\/yoast.com\/product\/yoast-seo-wordpress\/ -->\n<title>Nathan Swift Plus - sac banane de course \u00e0 pied MioMioRun .com<\/title>\n<meta name=\"description\" content=\"Une fois ajust\u00e9e, la ceinture Swift Plus reste parfaitement en place. Un sac banane \u00e9quip\u00e9 d&#039;une gourde de 300 ml.\" \/>\n<meta name=\"robots\" content=\"index, follow, max-snippet:-1, max-image-preview:large, max-video-preview:-1\" \/>\n<link rel=\"canonical\" href=\"https:\/\/www.miomiorun.com\/fr\/produit\/nathan-swift-plus\/\" \/>\n<meta property=\"og:locale\" content=\"fr_FR\" \/>\n<meta property=\"og:type\" content=\"article\" \/>\n<meta property=\"og:title\" content=\"Nathan Swift Plus - sac banane de course \u00e0 pied MioMioRun .com\" \/>\n<meta property=\"og:description\" content=\"Une fois ajust\u00e9e, la ceinture Swift Plus reste parfaitement en place. Un sac banane \u00e9quip\u00e9 d&#039;une gourde de 300 ml.\" \/>\n<meta property=\"og:url\" content=\"https:\/\/www.miomiorun.com\/fr\/produit\/nathan-swift-plus\/\" \/>\n<meta property=\"og:site_name\" content=\"MioMioRun\" \/>\n<meta property=\"article:publisher\" content=\"https:\/\/www.facebook.com\/miomiorun\/\" \/>\n<meta property=\"article:modified_time\" content=\"2026-05-08T19:00:14+00:00\" \/>\n<meta property=\"og:image\" content=\"https:\/\/www.miomiorun.com\/app\/uploads\/2021\/06\/nathan-swift-plus-4523-tomato.jpg\" \/>\n\t<meta property=\"og:image:width\" content=\"600\" \/>\n\t<meta property=\"og:image:height\" content=\"600\" \/>\n\t<meta property=\"og:image:type\" content=\"image\/jpeg\" \/>\n<meta name=\"twitter:card\" content=\"summary_large_image\" \/>\n<script type=\"application\/ld+json\" class=\"yoast-schema-graph\">{\"@context\":\"https:\/\/schema.org\",\"@graph\":[{\"@type\":\"WebPage\",\"@id\":\"https:\/\/www.miomiorun.com\/fr\/produit\/nathan-swift-plus\/\",\"url\":\"https:\/\/www.miomiorun.com\/fr\/produit\/nathan-swift-plus\/\",\"name\":\"Nathan Swift Plus - sac banane de course \u00e0 pied MioMioRun .com\",\"isPartOf\":{\"@id\":\"https:\/\/www.miomiorun.com\/fr\/#website\"},\"primaryImageOfPage\":{\"@id\":\"https:\/\/www.miomiorun.com\/fr\/produit\/nathan-swift-plus\/#primaryimage\"},\"image\":{\"@id\":\"https:\/\/www.miomiorun.com\/fr\/produit\/nathan-swift-plus\/#primaryimage\"},\"thumbnailUrl\":\"https:\/\/www.miomiorun.com\/app\/uploads\/2021\/06\/nathan-swift-plus-4523-tomato.jpg\",\"datePublished\":\"2021-06-22T15:48:46+00:00\",\"dateModified\":\"2026-05-08T19:00:14+00:00\",\"description\":\"Une fois ajust\u00e9e, la ceinture Swift Plus reste parfaitement en place. Un sac banane \u00e9quip\u00e9 d'une gourde de 300 ml.\",\"breadcrumb\":{\"@id\":\"https:\/\/www.miomiorun.com\/fr\/produit\/nathan-swift-plus\/#breadcrumb\"},\"inLanguage\":\"fr-FR\",\"potentialAction\":[{\"@type\":\"ReadAction\",\"target\":[\"https:\/\/www.miomiorun.com\/fr\/produit\/nathan-swift-plus\/\"]}]},{\"@type\":\"ImageObject\",\"inLanguage\":\"fr-FR\",\"@id\":\"https:\/\/www.miomiorun.com\/fr\/produit\/nathan-swift-plus\/#primaryimage\",\"url\":\"https:\/\/www.miomiorun.com\/app\/uploads\/2021\/06\/nathan-swift-plus-4523-tomato.jpg\",\"contentUrl\":\"https:\/\/www.miomiorun.com\/app\/uploads\/2021\/06\/nathan-swift-plus-4523-tomato.jpg\",\"width\":600,\"height\":600,\"caption\":\"nathan swift plus\"},{\"@type\":\"BreadcrumbList\",\"@id\":\"https:\/\/www.miomiorun.com\/fr\/produit\/nathan-swift-plus\/#breadcrumb\",\"itemListElement\":[{\"@type\":\"ListItem\",\"position\":1,\"name\":\"Home\",\"item\":\"https:\/\/www.miomiorun.com\/fr\/home-page\/\"},{\"@type\":\"ListItem\",\"position\":2,\"name\":\"Shop\",\"item\":\"https:\/\/www.miomiorun.com\/shop\/\"},{\"@type\":\"ListItem\",\"position\":3,\"name\":\"Swift Plus\"}]},{\"@type\":\"WebSite\",\"@id\":\"https:\/\/www.miomiorun.com\/fr\/#website\",\"url\":\"https:\/\/www.miomiorun.com\/fr\/\",\"name\":\"MioMioRun\",\"description\":\"Boutique 100% running et trail\",\"publisher\":{\"@id\":\"https:\/\/www.miomiorun.com\/fr\/#organization\"},\"potentialAction\":[{\"@type\":\"SearchAction\",\"target\":{\"@type\":\"EntryPoint\",\"urlTemplate\":\"https:\/\/www.miomiorun.com\/fr\/?s={search_term_string}\"},\"query-input\":{\"@type\":\"PropertyValueSpecification\",\"valueRequired\":true,\"valueName\":\"search_term_string\"}}],\"inLanguage\":\"fr-FR\"},{\"@type\":\"Organization\",\"@id\":\"https:\/\/www.miomiorun.com\/fr\/#organization\",\"name\":\"MioMio Run\",\"url\":\"https:\/\/www.miomiorun.com\/fr\/\",\"logo\":{\"@type\":\"ImageObject\",\"inLanguage\":\"fr-FR\",\"@id\":\"https:\/\/www.miomiorun.com\/fr\/#\/schema\/logo\/image\/\",\"url\":\"https:\/\/www.miomiorun.com\/app\/uploads\/2019\/12\/logomio.png\",\"contentUrl\":\"https:\/\/www.miomiorun.com\/app\/uploads\/2019\/12\/logomio.png\",\"width\":115,\"height\":82,\"caption\":\"MioMio Run\"},\"image\":{\"@id\":\"https:\/\/www.miomiorun.com\/fr\/#\/schema\/logo\/image\/\"},\"sameAs\":[\"https:\/\/www.facebook.com\/miomiorun\/\",\"https:\/\/www.instagram.com\/miomiorun\/\"]}]}<\/script>\n<!-- \/ Yoast SEO plugin. -->","yoast_head_json":{"title":"Nathan Swift Plus - sac banane de course \u00e0 pied MioMioRun .com","description":"Une fois ajust\u00e9e, la ceinture Swift Plus reste parfaitement en place. Un sac banane \u00e9quip\u00e9 d'une gourde de 300 ml.","robots":{"index":"index","follow":"follow","max-snippet":"max-snippet:-1","max-image-preview":"max-image-preview:large","max-video-preview":"max-video-preview:-1"},"canonical":"https:\/\/www.miomiorun.com\/fr\/produit\/nathan-swift-plus\/","og_locale":"fr_FR","og_type":"article","og_title":"Nathan Swift Plus - sac banane de course \u00e0 pied MioMioRun .com","og_description":"Une fois ajust\u00e9e, la ceinture Swift Plus reste parfaitement en place. Un sac banane \u00e9quip\u00e9 d'une gourde de 300 ml.","og_url":"https:\/\/www.miomiorun.com\/fr\/produit\/nathan-swift-plus\/","og_site_name":"MioMioRun","article_publisher":"https:\/\/www.facebook.com\/miomiorun\/","article_modified_time":"2026-05-08T19:00:14+00:00","og_image":[{"width":600,"height":600,"url":"https:\/\/www.miomiorun.com\/app\/uploads\/2021\/06\/nathan-swift-plus-4523-tomato.jpg","type":"image\/jpeg"}],"twitter_card":"summary_large_image","schema":{"@context":"https:\/\/schema.org","@graph":[{"@type":"WebPage","@id":"https:\/\/www.miomiorun.com\/fr\/produit\/nathan-swift-plus\/","url":"https:\/\/www.miomiorun.com\/fr\/produit\/nathan-swift-plus\/","name":"Nathan Swift Plus - sac banane de course \u00e0 pied MioMioRun .com","isPartOf":{"@id":"https:\/\/www.miomiorun.com\/fr\/#website"},"primaryImageOfPage":{"@id":"https:\/\/www.miomiorun.com\/fr\/produit\/nathan-swift-plus\/#primaryimage"},"image":{"@id":"https:\/\/www.miomiorun.com\/fr\/produit\/nathan-swift-plus\/#primaryimage"},"thumbnailUrl":"https:\/\/www.miomiorun.com\/app\/uploads\/2021\/06\/nathan-swift-plus-4523-tomato.jpg","datePublished":"2021-06-22T15:48:46+00:00","dateModified":"2026-05-08T19:00:14+00:00","description":"Une fois ajust\u00e9e, la ceinture Swift Plus reste parfaitement en place. Un sac banane \u00e9quip\u00e9 d'une gourde de 300 ml.","breadcrumb":{"@id":"https:\/\/www.miomiorun.com\/fr\/produit\/nathan-swift-plus\/#breadcrumb"},"inLanguage":"fr-FR","potentialAction":[{"@type":"ReadAction","target":["https:\/\/www.miomiorun.com\/fr\/produit\/nathan-swift-plus\/"]}]},{"@type":"ImageObject","inLanguage":"fr-FR","@id":"https:\/\/www.miomiorun.com\/fr\/produit\/nathan-swift-plus\/#primaryimage","url":"https:\/\/www.miomiorun.com\/app\/uploads\/2021\/06\/nathan-swift-plus-4523-tomato.jpg","contentUrl":"https:\/\/www.miomiorun.com\/app\/uploads\/2021\/06\/nathan-swift-plus-4523-tomato.jpg","width":600,"height":600,"caption":"nathan swift plus"},{"@type":"BreadcrumbList","@id":"https:\/\/www.miomiorun.com\/fr\/produit\/nathan-swift-plus\/#breadcrumb","itemListElement":[{"@type":"ListItem","position":1,"name":"Home","item":"https:\/\/www.miomiorun.com\/fr\/home-page\/"},{"@type":"ListItem","position":2,"name":"Shop","item":"https:\/\/www.miomiorun.com\/shop\/"},{"@type":"ListItem","position":3,"name":"Swift Plus"}]},{"@type":"WebSite","@id":"https:\/\/www.miomiorun.com\/fr\/#website","url":"https:\/\/www.miomiorun.com\/fr\/","name":"MioMioRun","description":"Boutique 100% running et trail","publisher":{"@id":"https:\/\/www.miomiorun.com\/fr\/#organization"},"potentialAction":[{"@type":"SearchAction","target":{"@type":"EntryPoint","urlTemplate":"https:\/\/www.miomiorun.com\/fr\/?s={search_term_string}"},"query-input":{"@type":"PropertyValueSpecification","valueRequired":true,"valueName":"search_term_string"}}],"inLanguage":"fr-FR"},{"@type":"Organization","@id":"https:\/\/www.miomiorun.com\/fr\/#organization","name":"MioMio Run","url":"https:\/\/www.miomiorun.com\/fr\/","logo":{"@type":"ImageObject","inLanguage":"fr-FR","@id":"https:\/\/www.miomiorun.com\/fr\/#\/schema\/logo\/image\/","url":"https:\/\/www.miomiorun.com\/app\/uploads\/2019\/12\/logomio.png","contentUrl":"https:\/\/www.miomiorun.com\/app\/uploads\/2019\/12\/logomio.png","width":115,"height":82,"caption":"MioMio Run"},"image":{"@id":"https:\/\/www.miomiorun.com\/fr\/#\/schema\/logo\/image\/"},"sameAs":["https:\/\/www.facebook.com\/miomiorun\/","https:\/\/www.instagram.com\/miomiorun\/"]}]}},"_links":{"self":[{"href":"https:\/\/www.miomiorun.com\/fr\/wp-json\/wp\/v2\/product\/278108","targetHints":{"allow":["GET"]}}],"collection":[{"href":"https:\/\/www.miomiorun.com\/fr\/wp-json\/wp\/v2\/product"}],"about":[{"href":"https:\/\/www.miomiorun.com\/fr\/wp-json\/wp\/v2\/types\/product"}],"wp:featuredmedia":[{"embeddable":true,"href":"https:\/\/www.miomiorun.com\/fr\/wp-json\/wp\/v2\/media\/232577"}],"wp:attachment":[{"href":"https:\/\/www.miomiorun.com\/fr\/wp-json\/wp\/v2\/media?parent=278108"}],"wp:term":[{"taxonomy":"product_brand","embeddable":true,"href":"https:\/\/www.miomiorun.com\/fr\/wp-json\/wp\/v2\/product_brand?post=278108"},{"taxonomy":"product_cat","embeddable":true,"href":"https:\/\/www.miomiorun.com\/fr\/wp-json\/wp\/v2\/product_cat?post=278108"},{"taxonomy":"product_tag","embeddable":true,"href":"https:\/\/www.miomiorun.com\/fr\/wp-json\/wp\/v2\/product_tag?post=278108"}],"curies":[{"name":"wp","href":"https:\/\/api.w.org\/{rel}","templated":true}]}}