{"id":278099,"date":"2021-06-23T10:54:16","date_gmt":"2021-06-23T08:54:16","guid":{"rendered":"https:\/\/miomiorun.com\/prodotto\/nathan-strobe-light\/"},"modified":"2026-01-14T11:35:34","modified_gmt":"2026-01-14T10:35:34","slug":"nathan-strobe-light","status":"publish","type":"product","link":"https:\/\/www.miomiorun.com\/fr\/produit\/nathan-strobe-light\/","title":{"rendered":"Strobe Light"},"content":{"rendered":"<p id=\"tw-target-text\" class=\"tw-data-text tw-text-large XcVN5d tw-ta\" dir=\"ltr\" data-placeholder=\"Traduzione\"><span class=\"Y2IQFc\" lang=\"it\">S\u00e9curit\u00e9 et \u00e9l\u00e9gance dans un stroboscope fin, l\u00e9ger et \u00e9tanche. <\/span><\/p>\n<p class=\"tw-data-text tw-text-large XcVN5d tw-ta\" dir=\"ltr\" data-placeholder=\"Traduzione\"><span class=\"Y2IQFc\" lang=\"it\"><strong>Strobe Light<\/strong> offre plus de 100 heures d&#8217;\u00e9clairage et une quantit\u00e9 de lumi\u00e8re parfaite pour vous permettre de vous d\u00e9placer en toute s\u00e9curit\u00e9 \u00e0 toute heure de la journ\u00e9e.<\/span><\/p>\n<p id=\"tw-target-text\" class=\"tw-data-text tw-text-large XcVN5d tw-ta\" dir=\"ltr\" data-placeholder=\"Traduzione\"><span class=\"Y2IQFc\" lang=\"it\">Se fixe facilement aux ceintures, aux v\u00eatements, \u00e0 l&#8217;\u00e9quipement et plus encore.\u00a0 R\u00e9sistant aux intemp\u00e9ries, pour que vous puissiez courir plus longtemps, quelles que soient les conditions m\u00e9t\u00e9orologiques.<\/span><\/p>\n<h3>Sp\u00e9cifications :<\/h3>\n<ul>\n<li>LED : 3 LED &#8211; 8 lumens max.<\/li>\n<li>Pile : 2 piles lithium 2032 de 3 V &#8211; Pile bouton rempla\u00e7able.<\/li>\n<li><span class=\"Y2IQFc\" lang=\"it\">Autonomie : allum\u00e9 en continu = 57+ heures, stroboscopique = 110+ heures.<\/span><\/li>\n<li><span class=\"Y2IQFc\" lang=\"it\">Mode clignotant haute visibilit\u00e9 et lumi\u00e8re fixe pour \u00eatre vu \u00e0 une distance de s\u00e9curit\u00e9.<\/span><\/li>\n<li><span class=\"Y2IQFc\" lang=\"it\">\u00c9tanch\u00e9it\u00e9 : IPX3 ,<\/span><span class=\"Y2IQFc\" lang=\"it\"> r\u00e9sistant aux agents atmosph\u00e9riques.<\/span><\/li>\n<\/ul>\n","protected":false},"excerpt":{"rendered":"<p>S\u00e9curit\u00e9 et \u00e9l\u00e9gance dans un stroboscope fin, l\u00e9ger et \u00e9tanche. Strobe Light offre plus de 100 heures d&#8217;\u00e9clairage et une quantit\u00e9 de lumi\u00e8re parfaite pour vous permettre de vous d\u00e9placer en toute s\u00e9curit\u00e9 \u00e0 toute heure de la journ\u00e9e. Se fixe facilement aux ceintures, aux v\u00eatements, \u00e0 l&#8217;\u00e9quipement et plus encore.\u00a0 R\u00e9sistant aux intemp\u00e9ries, pour &hellip; <a href=\"https:\/\/www.miomiorun.com\/fr\/produit\/nathan-strobe-light\/\">Continued<\/a><\/p>\n","protected":false},"featured_media":255827,"template":"","meta":{"_acf_changed":false,"inline_featured_image":false},"product_brand":[],"product_cat":[22585,22538],"product_tag":[23511],"class_list":{"0":"post-278099","1":"product","2":"type-product","3":"status-publish","4":"has-post-thumbnail","6":"product_cat-torches-fr","7":"product_cat-accessoires","8":"product_tag-nathan-fr","9":"pa_attivita-marcher","10":"pa_attivita-running-fr","11":"pa_marca-nathan-fr","12":"pa_sesso-femme","13":"pa_sesso-homme","15":"first","16":"instock","17":"taxable","18":"shipping-taxable","19":"purchasable","20":"product-type-simple"},"acf":[],"yoast_head":"<!-- This site is optimized with the Yoast SEO plugin v26.8 - https:\/\/yoast.com\/product\/yoast-seo-wordpress\/ -->\n<title>Nathan Strobe Light - luci en train de courir - MioMioRun<\/title>\n<meta name=\"description\" content=\"S\u00e9curit\u00e9 et \u00e9l\u00e9gance dans un stroboscope fin, l\u00e9ger et \u00e9tanche. Strobe Light offre plus de 100 heures d&#039;\u00e9clairage et une quantit\u00e9\" \/>\n<meta name=\"robots\" content=\"index, follow, max-snippet:-1, max-image-preview:large, max-video-preview:-1\" \/>\n<link rel=\"canonical\" href=\"https:\/\/www.miomiorun.com\/fr\/produit\/nathan-strobe-light\/\" \/>\n<meta property=\"og:locale\" content=\"fr_FR\" \/>\n<meta property=\"og:type\" content=\"article\" \/>\n<meta property=\"og:title\" content=\"Nathan Strobe Light - luci en train de courir - MioMioRun\" \/>\n<meta property=\"og:description\" content=\"S\u00e9curit\u00e9 et \u00e9l\u00e9gance dans un stroboscope fin, l\u00e9ger et \u00e9tanche. Strobe Light offre plus de 100 heures d&#039;\u00e9clairage et une quantit\u00e9\" \/>\n<meta property=\"og:url\" content=\"https:\/\/www.miomiorun.com\/fr\/produit\/nathan-strobe-light\/\" \/>\n<meta property=\"og:site_name\" content=\"MioMioRun\" \/>\n<meta property=\"article:publisher\" content=\"https:\/\/www.facebook.com\/miomiorun\/\" \/>\n<meta property=\"article:modified_time\" content=\"2026-01-14T10:35:34+00:00\" \/>\n<meta property=\"og:image\" content=\"https:\/\/www.miomiorun.com\/app\/uploads\/2021\/06\/nathan-Strobelight-5113.webp\" \/>\n\t<meta property=\"og:image:width\" content=\"600\" \/>\n\t<meta property=\"og:image:height\" content=\"600\" \/>\n\t<meta property=\"og:image:type\" content=\"image\/webp\" \/>\n<meta name=\"twitter:card\" content=\"summary_large_image\" \/>\n<meta name=\"twitter:label1\" content=\"Est. reading time\" \/>\n\t<meta name=\"twitter:data1\" content=\"1 minute\" \/>\n<script type=\"application\/ld+json\" class=\"yoast-schema-graph\">{\"@context\":\"https:\/\/schema.org\",\"@graph\":[{\"@type\":\"WebPage\",\"@id\":\"https:\/\/www.miomiorun.com\/fr\/produit\/nathan-strobe-light\/\",\"url\":\"https:\/\/www.miomiorun.com\/fr\/produit\/nathan-strobe-light\/\",\"name\":\"Nathan Strobe Light - luci en train de courir - MioMioRun\",\"isPartOf\":{\"@id\":\"https:\/\/www.miomiorun.com\/fr\/#website\"},\"primaryImageOfPage\":{\"@id\":\"https:\/\/www.miomiorun.com\/fr\/produit\/nathan-strobe-light\/#primaryimage\"},\"image\":{\"@id\":\"https:\/\/www.miomiorun.com\/fr\/produit\/nathan-strobe-light\/#primaryimage\"},\"thumbnailUrl\":\"https:\/\/www.miomiorun.com\/app\/uploads\/2021\/06\/nathan-Strobelight-5113.webp\",\"datePublished\":\"2021-06-23T08:54:16+00:00\",\"dateModified\":\"2026-01-14T10:35:34+00:00\",\"description\":\"S\u00e9curit\u00e9 et \u00e9l\u00e9gance dans un stroboscope fin, l\u00e9ger et \u00e9tanche. Strobe Light offre plus de 100 heures d'\u00e9clairage et une quantit\u00e9\",\"breadcrumb\":{\"@id\":\"https:\/\/www.miomiorun.com\/fr\/produit\/nathan-strobe-light\/#breadcrumb\"},\"inLanguage\":\"fr-FR\",\"potentialAction\":[{\"@type\":\"ReadAction\",\"target\":[\"https:\/\/www.miomiorun.com\/fr\/produit\/nathan-strobe-light\/\"]}]},{\"@type\":\"ImageObject\",\"inLanguage\":\"fr-FR\",\"@id\":\"https:\/\/www.miomiorun.com\/fr\/produit\/nathan-strobe-light\/#primaryimage\",\"url\":\"https:\/\/www.miomiorun.com\/app\/uploads\/2021\/06\/nathan-Strobelight-5113.webp\",\"contentUrl\":\"https:\/\/www.miomiorun.com\/app\/uploads\/2021\/06\/nathan-Strobelight-5113.webp\",\"width\":600,\"height\":600,\"caption\":\"nathan Strobelight 5113\"},{\"@type\":\"BreadcrumbList\",\"@id\":\"https:\/\/www.miomiorun.com\/fr\/produit\/nathan-strobe-light\/#breadcrumb\",\"itemListElement\":[{\"@type\":\"ListItem\",\"position\":1,\"name\":\"Home\",\"item\":\"https:\/\/www.miomiorun.com\/fr\/home-page\/\"},{\"@type\":\"ListItem\",\"position\":2,\"name\":\"Shop\",\"item\":\"https:\/\/www.miomiorun.com\/shop\/\"},{\"@type\":\"ListItem\",\"position\":3,\"name\":\"Strobe Light\"}]},{\"@type\":\"WebSite\",\"@id\":\"https:\/\/www.miomiorun.com\/fr\/#website\",\"url\":\"https:\/\/www.miomiorun.com\/fr\/\",\"name\":\"MioMioRun\",\"description\":\"Boutique 100% running et trail\",\"publisher\":{\"@id\":\"https:\/\/www.miomiorun.com\/fr\/#organization\"},\"potentialAction\":[{\"@type\":\"SearchAction\",\"target\":{\"@type\":\"EntryPoint\",\"urlTemplate\":\"https:\/\/www.miomiorun.com\/fr\/?s={search_term_string}\"},\"query-input\":{\"@type\":\"PropertyValueSpecification\",\"valueRequired\":true,\"valueName\":\"search_term_string\"}}],\"inLanguage\":\"fr-FR\"},{\"@type\":\"Organization\",\"@id\":\"https:\/\/www.miomiorun.com\/fr\/#organization\",\"name\":\"MioMio Run\",\"url\":\"https:\/\/www.miomiorun.com\/fr\/\",\"logo\":{\"@type\":\"ImageObject\",\"inLanguage\":\"fr-FR\",\"@id\":\"https:\/\/www.miomiorun.com\/fr\/#\/schema\/logo\/image\/\",\"url\":\"https:\/\/www.miomiorun.com\/app\/uploads\/2019\/12\/logomio.png\",\"contentUrl\":\"https:\/\/www.miomiorun.com\/app\/uploads\/2019\/12\/logomio.png\",\"width\":115,\"height\":82,\"caption\":\"MioMio Run\"},\"image\":{\"@id\":\"https:\/\/www.miomiorun.com\/fr\/#\/schema\/logo\/image\/\"},\"sameAs\":[\"https:\/\/www.facebook.com\/miomiorun\/\",\"https:\/\/www.instagram.com\/miomiorun\/\"]}]}<\/script>\n<!-- \/ Yoast SEO plugin. -->","yoast_head_json":{"title":"Nathan Strobe Light - luci en train de courir - MioMioRun","description":"S\u00e9curit\u00e9 et \u00e9l\u00e9gance dans un stroboscope fin, l\u00e9ger et \u00e9tanche. Strobe Light offre plus de 100 heures d'\u00e9clairage et une quantit\u00e9","robots":{"index":"index","follow":"follow","max-snippet":"max-snippet:-1","max-image-preview":"max-image-preview:large","max-video-preview":"max-video-preview:-1"},"canonical":"https:\/\/www.miomiorun.com\/fr\/produit\/nathan-strobe-light\/","og_locale":"fr_FR","og_type":"article","og_title":"Nathan Strobe Light - luci en train de courir - MioMioRun","og_description":"S\u00e9curit\u00e9 et \u00e9l\u00e9gance dans un stroboscope fin, l\u00e9ger et \u00e9tanche. Strobe Light offre plus de 100 heures d'\u00e9clairage et une quantit\u00e9","og_url":"https:\/\/www.miomiorun.com\/fr\/produit\/nathan-strobe-light\/","og_site_name":"MioMioRun","article_publisher":"https:\/\/www.facebook.com\/miomiorun\/","article_modified_time":"2026-01-14T10:35:34+00:00","og_image":[{"width":600,"height":600,"url":"https:\/\/www.miomiorun.com\/app\/uploads\/2021\/06\/nathan-Strobelight-5113.webp","type":"image\/webp"}],"twitter_card":"summary_large_image","twitter_misc":{"Est. reading time":"1 minute"},"schema":{"@context":"https:\/\/schema.org","@graph":[{"@type":"WebPage","@id":"https:\/\/www.miomiorun.com\/fr\/produit\/nathan-strobe-light\/","url":"https:\/\/www.miomiorun.com\/fr\/produit\/nathan-strobe-light\/","name":"Nathan Strobe Light - luci en train de courir - MioMioRun","isPartOf":{"@id":"https:\/\/www.miomiorun.com\/fr\/#website"},"primaryImageOfPage":{"@id":"https:\/\/www.miomiorun.com\/fr\/produit\/nathan-strobe-light\/#primaryimage"},"image":{"@id":"https:\/\/www.miomiorun.com\/fr\/produit\/nathan-strobe-light\/#primaryimage"},"thumbnailUrl":"https:\/\/www.miomiorun.com\/app\/uploads\/2021\/06\/nathan-Strobelight-5113.webp","datePublished":"2021-06-23T08:54:16+00:00","dateModified":"2026-01-14T10:35:34+00:00","description":"S\u00e9curit\u00e9 et \u00e9l\u00e9gance dans un stroboscope fin, l\u00e9ger et \u00e9tanche. Strobe Light offre plus de 100 heures d'\u00e9clairage et une quantit\u00e9","breadcrumb":{"@id":"https:\/\/www.miomiorun.com\/fr\/produit\/nathan-strobe-light\/#breadcrumb"},"inLanguage":"fr-FR","potentialAction":[{"@type":"ReadAction","target":["https:\/\/www.miomiorun.com\/fr\/produit\/nathan-strobe-light\/"]}]},{"@type":"ImageObject","inLanguage":"fr-FR","@id":"https:\/\/www.miomiorun.com\/fr\/produit\/nathan-strobe-light\/#primaryimage","url":"https:\/\/www.miomiorun.com\/app\/uploads\/2021\/06\/nathan-Strobelight-5113.webp","contentUrl":"https:\/\/www.miomiorun.com\/app\/uploads\/2021\/06\/nathan-Strobelight-5113.webp","width":600,"height":600,"caption":"nathan Strobelight 5113"},{"@type":"BreadcrumbList","@id":"https:\/\/www.miomiorun.com\/fr\/produit\/nathan-strobe-light\/#breadcrumb","itemListElement":[{"@type":"ListItem","position":1,"name":"Home","item":"https:\/\/www.miomiorun.com\/fr\/home-page\/"},{"@type":"ListItem","position":2,"name":"Shop","item":"https:\/\/www.miomiorun.com\/shop\/"},{"@type":"ListItem","position":3,"name":"Strobe Light"}]},{"@type":"WebSite","@id":"https:\/\/www.miomiorun.com\/fr\/#website","url":"https:\/\/www.miomiorun.com\/fr\/","name":"MioMioRun","description":"Boutique 100% running et trail","publisher":{"@id":"https:\/\/www.miomiorun.com\/fr\/#organization"},"potentialAction":[{"@type":"SearchAction","target":{"@type":"EntryPoint","urlTemplate":"https:\/\/www.miomiorun.com\/fr\/?s={search_term_string}"},"query-input":{"@type":"PropertyValueSpecification","valueRequired":true,"valueName":"search_term_string"}}],"inLanguage":"fr-FR"},{"@type":"Organization","@id":"https:\/\/www.miomiorun.com\/fr\/#organization","name":"MioMio Run","url":"https:\/\/www.miomiorun.com\/fr\/","logo":{"@type":"ImageObject","inLanguage":"fr-FR","@id":"https:\/\/www.miomiorun.com\/fr\/#\/schema\/logo\/image\/","url":"https:\/\/www.miomiorun.com\/app\/uploads\/2019\/12\/logomio.png","contentUrl":"https:\/\/www.miomiorun.com\/app\/uploads\/2019\/12\/logomio.png","width":115,"height":82,"caption":"MioMio Run"},"image":{"@id":"https:\/\/www.miomiorun.com\/fr\/#\/schema\/logo\/image\/"},"sameAs":["https:\/\/www.facebook.com\/miomiorun\/","https:\/\/www.instagram.com\/miomiorun\/"]}]}},"_links":{"self":[{"href":"https:\/\/www.miomiorun.com\/fr\/wp-json\/wp\/v2\/product\/278099","targetHints":{"allow":["GET"]}}],"collection":[{"href":"https:\/\/www.miomiorun.com\/fr\/wp-json\/wp\/v2\/product"}],"about":[{"href":"https:\/\/www.miomiorun.com\/fr\/wp-json\/wp\/v2\/types\/product"}],"wp:featuredmedia":[{"embeddable":true,"href":"https:\/\/www.miomiorun.com\/fr\/wp-json\/wp\/v2\/media\/255827"}],"wp:attachment":[{"href":"https:\/\/www.miomiorun.com\/fr\/wp-json\/wp\/v2\/media?parent=278099"}],"wp:term":[{"taxonomy":"product_brand","embeddable":true,"href":"https:\/\/www.miomiorun.com\/fr\/wp-json\/wp\/v2\/product_brand?post=278099"},{"taxonomy":"product_cat","embeddable":true,"href":"https:\/\/www.miomiorun.com\/fr\/wp-json\/wp\/v2\/product_cat?post=278099"},{"taxonomy":"product_tag","embeddable":true,"href":"https:\/\/www.miomiorun.com\/fr\/wp-json\/wp\/v2\/product_tag?post=278099"}],"curies":[{"name":"wp","href":"https:\/\/api.w.org\/{rel}","templated":true}]}}