{"id":278054,"date":"2021-06-24T10:32:19","date_gmt":"2021-06-24T08:32:19","guid":{"rendered":"https:\/\/miomiorun.com\/prodotto\/karhu-ikoni-ortix-2021-donna\/"},"modified":"2026-05-01T10:17:13","modified_gmt":"2026-05-01T08:17:13","slug":"karhu-ikoni-ortix-2021-femme","status":"publish","type":"product","link":"https:\/\/www.miomiorun.com\/fr\/produit\/karhu-ikoni-ortix-2021-femme\/","title":{"rendered":"Ikoni Ortix femme"},"content":{"rendered":"<table style=\"border-collapse: collapse;width: 100%\">\n<tbody>\n<tr>\n<td style=\"width: 33.3333%;vertical-align: top;text-align: center\">\n<h4>Caract\u00e9ristiques techniques<\/h4>\n<p>Cat\u00e9gorie : amorti moyen<br \/>\nD\u00e9calage : 8 mm<br \/>\nPoids : 252 g<br \/>\nId\u00e9al pour : les coureurs \u00e0 la recherche d&#8217;une chaussure offrant un bon amorti et une transition fluide, pour les courses de moyenne distance.<br \/>\nPoids de l&#8217;athl\u00e8te : 65-75 kg<br \/>\nAllure de course : moyenne \u00e0 rapide (4,30-5,30 min\/km)<br \/>\n<a href=\"https:\/\/miomiorun.com\/guida-alle-specifiche-tecniche\/\">Guide des sp\u00e9cifications techniques<\/a><\/td>\n<td style=\"width: 66.6666%;vertical-align: top;text-align: center\">L&#8217;\u00e9dition Karhu <strong>IKONI Ortix 2021<\/strong> pour femmes est une chaussure de course polyvalente et tr\u00e8s amortissante, id\u00e9ale pour les coureuses l\u00e9g\u00e8rement pronatrices et neutres. Dans cette nouvelle \u00e9dition, la chaussure a \u00e9t\u00e9 enti\u00e8rement repens\u00e9e : elle est plus l\u00e9g\u00e8re, plus amortissante et offre une sensation plus souple que le mod\u00e8le pr\u00e9c\u00e9dent.<\/p>\n<p>L&#8217;<strong>ADN<\/strong> bas\u00e9 sur les donn\u00e9es IKONI vous offre une course \u00e9quilibr\u00e9e et l\u00e9g\u00e8re comme une plume, avec une transition fluide et guid\u00e9e.<\/p>\n<p>Chez Karhu, nous savons que chaque coureur a des pieds uniques, et c&#8217;est pr\u00e9cis\u00e9ment cette donn\u00e9e qui a conduit \u00e0 la cr\u00e9ation de la nouvelle IKONI. L&#8217;IKONI est con\u00e7ue \u00e0 partir d&#8217;une base de donn\u00e9es en constante \u00e9volution qui compte plus de 2 millions de scans 3D des pieds de coureurs. La Karhu IKONI est litt\u00e9ralement cr\u00e9\u00e9e par les coureurs, pour les coureurs.<\/p>\n<p>Elle utilise la <strong>technologie<\/strong> <strong>Fulcrum :<\/strong><\/p>\n<p><img loading=\"lazy\" decoding=\"async\" class=\"\" src=\"https:\/\/cdn.shopify.com\/s\/files\/1\/0519\/4570\/1549\/files\/fulcrum_800x.png?v=1612961012\" width=\"122\" height=\"54\"><\/p>\n<p>La technologie KARHU Fulcrum est con\u00e7ue pour faire progresser toutes les forces, en r\u00e9duisant les forces de freinage et en utilisant l&#8217;\u00e9nergie naturelle de votre corps pour cr\u00e9er une foul\u00e9e plus fluide. C&#8217;est ce que nous appelons l&#8217;<strong>effet de roulement<\/strong>. La technologie Fulcrum offre : un amorti \u00e9quilibr\u00e9, un meilleur soutien, plus d&#8217;\u00e9nergie.&nbsp;L&#8217;Ikoni dispose d&#8217;un pivot \u00e0 mi-longueur pour un avant-pied flexible.<\/p>\n<h3>Caract\u00e9ristiques :<\/h3>\n<ul>\n<li>Syst\u00e8me de <strong>la\u00e7age anatomique<\/strong> pour un meilleur confort. <\/li>\n<li><strong>Pivot<\/strong> \u00e0 mi-longueur + unit\u00e9 de propulsion pour un roulement rapide.<\/li>\n<li>Semelle interm\u00e9diaire <strong>AeroFoam<\/strong> hautement amortissante.<\/li>\n<li>Construction en mesh id\u00e9ale pour la respirabilit\u00e9 et le maintien.<\/li>\n<li>Empeigne sans coutures.<\/li>\n<\/ul>\n<p>Poids : 272 g<\/p>\n<p>Drop :&nbsp;8 mm<\/td>\n<\/tr>\n<\/tbody>\n<\/table>\n<p>&nbsp;<\/p>\n","protected":false},"excerpt":{"rendered":"<p>Caract\u00e9ristiques techniques Cat\u00e9gorie : amorti moyen D\u00e9calage : 8 mm Poids : 252 g Id\u00e9al pour : les coureurs \u00e0 la recherche d&#8217;une chaussure offrant un bon amorti et une transition fluide, pour les courses de moyenne distance. Poids de l&#8217;athl\u00e8te : 65-75 kg Allure de course : moyenne \u00e0 rapide (4,30-5,30 min\/km) Guide des &hellip; <a href=\"https:\/\/www.miomiorun.com\/fr\/produit\/karhu-ikoni-ortix-2021-femme\/\">Continued<\/a><\/p>\n","protected":false},"featured_media":232535,"template":"","meta":{"_acf_changed":false,"inline_featured_image":false},"product_brand":[],"product_cat":[24435,24434],"product_tag":[23474,23495],"class_list":{"0":"post-278054","1":"product","2":"type-product","3":"status-publish","4":"has-post-thumbnail","6":"product_cat-chaussures-pour-femmes-fr","7":"product_cat-neutre-fr-2","8":"product_tag-karhu-fr","9":"product_tag-karhu-femme","10":"pa_attivita-fitness-fr","11":"pa_attivita-marcher","12":"pa_attivita-running-fr","13":"pa_colore-ikoni-ortix-w-bright-white-neon-magenta-fr","14":"pa_colore-ikoni-ortix-w-estate-blue-blue-radiance-fr","15":"pa_marca-karhu-fr","16":"pa_sesso-homme","17":"pa_size-38-fr","18":"pa_size-39-5-fr","20":"first","21":"instock","22":"sale","23":"taxable","24":"shipping-taxable","25":"purchasable","26":"product-type-variable","27":"wvs-archive-product-wrapper"},"acf":[],"yoast_head":"<!-- This site is optimized with the Yoast SEO plugin v26.8 - https:\/\/yoast.com\/product\/yoast-seo-wordpress\/ -->\n<title>Karhu Ikoni Ortix femme -chaussure de course - MioMioRun<\/title>\n<meta name=\"description\" content=\"La Karhu IKONI Ortix 2021 pour femme est une chaussure de course polyvalente et tr\u00e8s amortissante, id\u00e9ale pour les hyperpronateurs l\u00e9gers.\" \/>\n<meta name=\"robots\" content=\"index, follow, max-snippet:-1, max-image-preview:large, max-video-preview:-1\" \/>\n<link rel=\"canonical\" href=\"https:\/\/www.miomiorun.com\/fr\/produit\/karhu-ikoni-ortix-2021-femme\/\" \/>\n<meta property=\"og:locale\" content=\"fr_FR\" \/>\n<meta property=\"og:type\" content=\"article\" \/>\n<meta property=\"og:title\" content=\"Karhu Ikoni Ortix femme -chaussure de course - MioMioRun\" \/>\n<meta property=\"og:description\" content=\"La Karhu IKONI Ortix 2021 pour femme est une chaussure de course polyvalente et tr\u00e8s amortissante, id\u00e9ale pour les hyperpronateurs l\u00e9gers.\" \/>\n<meta property=\"og:url\" content=\"https:\/\/www.miomiorun.com\/fr\/produit\/karhu-ikoni-ortix-2021-femme\/\" \/>\n<meta property=\"og:site_name\" content=\"MioMioRun\" \/>\n<meta property=\"article:publisher\" content=\"https:\/\/www.facebook.com\/miomiorun\/\" \/>\n<meta property=\"article:modified_time\" content=\"2026-05-01T08:17:13+00:00\" \/>\n<meta property=\"og:image\" content=\"https:\/\/www.miomiorun.com\/app\/uploads\/2021\/06\/karhu-Ikoni-ortix-W-sun-run-F200321.jpg\" \/>\n\t<meta property=\"og:image:width\" content=\"600\" \/>\n\t<meta property=\"og:image:height\" content=\"600\" \/>\n\t<meta property=\"og:image:type\" content=\"image\/jpeg\" \/>\n<meta name=\"twitter:card\" content=\"summary_large_image\" \/>\n<meta name=\"twitter:label1\" content=\"Est. reading time\" \/>\n\t<meta name=\"twitter:data1\" content=\"2 minutes\" \/>\n<script type=\"application\/ld+json\" class=\"yoast-schema-graph\">{\"@context\":\"https:\/\/schema.org\",\"@graph\":[{\"@type\":\"WebPage\",\"@id\":\"https:\/\/www.miomiorun.com\/fr\/produit\/karhu-ikoni-ortix-2021-femme\/\",\"url\":\"https:\/\/www.miomiorun.com\/fr\/produit\/karhu-ikoni-ortix-2021-femme\/\",\"name\":\"Karhu Ikoni Ortix femme -chaussure de course - MioMioRun\",\"isPartOf\":{\"@id\":\"https:\/\/www.miomiorun.com\/fr\/#website\"},\"primaryImageOfPage\":{\"@id\":\"https:\/\/www.miomiorun.com\/fr\/produit\/karhu-ikoni-ortix-2021-femme\/#primaryimage\"},\"image\":{\"@id\":\"https:\/\/www.miomiorun.com\/fr\/produit\/karhu-ikoni-ortix-2021-femme\/#primaryimage\"},\"thumbnailUrl\":\"https:\/\/www.miomiorun.com\/app\/uploads\/2021\/06\/karhu-Ikoni-ortix-W-sun-run-F200321.jpg\",\"datePublished\":\"2021-06-24T08:32:19+00:00\",\"dateModified\":\"2026-05-01T08:17:13+00:00\",\"description\":\"La Karhu IKONI Ortix 2021 pour femme est une chaussure de course polyvalente et tr\u00e8s amortissante, id\u00e9ale pour les hyperpronateurs l\u00e9gers.\",\"breadcrumb\":{\"@id\":\"https:\/\/www.miomiorun.com\/fr\/produit\/karhu-ikoni-ortix-2021-femme\/#breadcrumb\"},\"inLanguage\":\"fr-FR\",\"potentialAction\":[{\"@type\":\"ReadAction\",\"target\":[\"https:\/\/www.miomiorun.com\/fr\/produit\/karhu-ikoni-ortix-2021-femme\/\"]}]},{\"@type\":\"ImageObject\",\"inLanguage\":\"fr-FR\",\"@id\":\"https:\/\/www.miomiorun.com\/fr\/produit\/karhu-ikoni-ortix-2021-femme\/#primaryimage\",\"url\":\"https:\/\/www.miomiorun.com\/app\/uploads\/2021\/06\/karhu-Ikoni-ortix-W-sun-run-F200321.jpg\",\"contentUrl\":\"https:\/\/www.miomiorun.com\/app\/uploads\/2021\/06\/karhu-Ikoni-ortix-W-sun-run-F200321.jpg\",\"width\":600,\"height\":600,\"caption\":\"karhu ikoni ortix donna sun run\"},{\"@type\":\"BreadcrumbList\",\"@id\":\"https:\/\/www.miomiorun.com\/fr\/produit\/karhu-ikoni-ortix-2021-femme\/#breadcrumb\",\"itemListElement\":[{\"@type\":\"ListItem\",\"position\":1,\"name\":\"Home\",\"item\":\"https:\/\/www.miomiorun.com\/fr\/home-page\/\"},{\"@type\":\"ListItem\",\"position\":2,\"name\":\"Shop\",\"item\":\"https:\/\/www.miomiorun.com\/shop\/\"},{\"@type\":\"ListItem\",\"position\":3,\"name\":\"Ikoni Ortix femme\"}]},{\"@type\":\"WebSite\",\"@id\":\"https:\/\/www.miomiorun.com\/fr\/#website\",\"url\":\"https:\/\/www.miomiorun.com\/fr\/\",\"name\":\"MioMioRun\",\"description\":\"Boutique 100% running et trail\",\"publisher\":{\"@id\":\"https:\/\/www.miomiorun.com\/fr\/#organization\"},\"potentialAction\":[{\"@type\":\"SearchAction\",\"target\":{\"@type\":\"EntryPoint\",\"urlTemplate\":\"https:\/\/www.miomiorun.com\/fr\/?s={search_term_string}\"},\"query-input\":{\"@type\":\"PropertyValueSpecification\",\"valueRequired\":true,\"valueName\":\"search_term_string\"}}],\"inLanguage\":\"fr-FR\"},{\"@type\":\"Organization\",\"@id\":\"https:\/\/www.miomiorun.com\/fr\/#organization\",\"name\":\"MioMio Run\",\"url\":\"https:\/\/www.miomiorun.com\/fr\/\",\"logo\":{\"@type\":\"ImageObject\",\"inLanguage\":\"fr-FR\",\"@id\":\"https:\/\/www.miomiorun.com\/fr\/#\/schema\/logo\/image\/\",\"url\":\"https:\/\/www.miomiorun.com\/app\/uploads\/2019\/12\/logomio.png\",\"contentUrl\":\"https:\/\/www.miomiorun.com\/app\/uploads\/2019\/12\/logomio.png\",\"width\":115,\"height\":82,\"caption\":\"MioMio Run\"},\"image\":{\"@id\":\"https:\/\/www.miomiorun.com\/fr\/#\/schema\/logo\/image\/\"},\"sameAs\":[\"https:\/\/www.facebook.com\/miomiorun\/\",\"https:\/\/www.instagram.com\/miomiorun\/\"]}]}<\/script>\n<!-- \/ Yoast SEO plugin. -->","yoast_head_json":{"title":"Karhu Ikoni Ortix femme -chaussure de course - MioMioRun","description":"La Karhu IKONI Ortix 2021 pour femme est une chaussure de course polyvalente et tr\u00e8s amortissante, id\u00e9ale pour les hyperpronateurs l\u00e9gers.","robots":{"index":"index","follow":"follow","max-snippet":"max-snippet:-1","max-image-preview":"max-image-preview:large","max-video-preview":"max-video-preview:-1"},"canonical":"https:\/\/www.miomiorun.com\/fr\/produit\/karhu-ikoni-ortix-2021-femme\/","og_locale":"fr_FR","og_type":"article","og_title":"Karhu Ikoni Ortix femme -chaussure de course - MioMioRun","og_description":"La Karhu IKONI Ortix 2021 pour femme est une chaussure de course polyvalente et tr\u00e8s amortissante, id\u00e9ale pour les hyperpronateurs l\u00e9gers.","og_url":"https:\/\/www.miomiorun.com\/fr\/produit\/karhu-ikoni-ortix-2021-femme\/","og_site_name":"MioMioRun","article_publisher":"https:\/\/www.facebook.com\/miomiorun\/","article_modified_time":"2026-05-01T08:17:13+00:00","og_image":[{"width":600,"height":600,"url":"https:\/\/www.miomiorun.com\/app\/uploads\/2021\/06\/karhu-Ikoni-ortix-W-sun-run-F200321.jpg","type":"image\/jpeg"}],"twitter_card":"summary_large_image","twitter_misc":{"Est. reading time":"2 minutes"},"schema":{"@context":"https:\/\/schema.org","@graph":[{"@type":"WebPage","@id":"https:\/\/www.miomiorun.com\/fr\/produit\/karhu-ikoni-ortix-2021-femme\/","url":"https:\/\/www.miomiorun.com\/fr\/produit\/karhu-ikoni-ortix-2021-femme\/","name":"Karhu Ikoni Ortix femme -chaussure de course - MioMioRun","isPartOf":{"@id":"https:\/\/www.miomiorun.com\/fr\/#website"},"primaryImageOfPage":{"@id":"https:\/\/www.miomiorun.com\/fr\/produit\/karhu-ikoni-ortix-2021-femme\/#primaryimage"},"image":{"@id":"https:\/\/www.miomiorun.com\/fr\/produit\/karhu-ikoni-ortix-2021-femme\/#primaryimage"},"thumbnailUrl":"https:\/\/www.miomiorun.com\/app\/uploads\/2021\/06\/karhu-Ikoni-ortix-W-sun-run-F200321.jpg","datePublished":"2021-06-24T08:32:19+00:00","dateModified":"2026-05-01T08:17:13+00:00","description":"La Karhu IKONI Ortix 2021 pour femme est une chaussure de course polyvalente et tr\u00e8s amortissante, id\u00e9ale pour les hyperpronateurs l\u00e9gers.","breadcrumb":{"@id":"https:\/\/www.miomiorun.com\/fr\/produit\/karhu-ikoni-ortix-2021-femme\/#breadcrumb"},"inLanguage":"fr-FR","potentialAction":[{"@type":"ReadAction","target":["https:\/\/www.miomiorun.com\/fr\/produit\/karhu-ikoni-ortix-2021-femme\/"]}]},{"@type":"ImageObject","inLanguage":"fr-FR","@id":"https:\/\/www.miomiorun.com\/fr\/produit\/karhu-ikoni-ortix-2021-femme\/#primaryimage","url":"https:\/\/www.miomiorun.com\/app\/uploads\/2021\/06\/karhu-Ikoni-ortix-W-sun-run-F200321.jpg","contentUrl":"https:\/\/www.miomiorun.com\/app\/uploads\/2021\/06\/karhu-Ikoni-ortix-W-sun-run-F200321.jpg","width":600,"height":600,"caption":"karhu ikoni ortix donna sun run"},{"@type":"BreadcrumbList","@id":"https:\/\/www.miomiorun.com\/fr\/produit\/karhu-ikoni-ortix-2021-femme\/#breadcrumb","itemListElement":[{"@type":"ListItem","position":1,"name":"Home","item":"https:\/\/www.miomiorun.com\/fr\/home-page\/"},{"@type":"ListItem","position":2,"name":"Shop","item":"https:\/\/www.miomiorun.com\/shop\/"},{"@type":"ListItem","position":3,"name":"Ikoni Ortix femme"}]},{"@type":"WebSite","@id":"https:\/\/www.miomiorun.com\/fr\/#website","url":"https:\/\/www.miomiorun.com\/fr\/","name":"MioMioRun","description":"Boutique 100% running et trail","publisher":{"@id":"https:\/\/www.miomiorun.com\/fr\/#organization"},"potentialAction":[{"@type":"SearchAction","target":{"@type":"EntryPoint","urlTemplate":"https:\/\/www.miomiorun.com\/fr\/?s={search_term_string}"},"query-input":{"@type":"PropertyValueSpecification","valueRequired":true,"valueName":"search_term_string"}}],"inLanguage":"fr-FR"},{"@type":"Organization","@id":"https:\/\/www.miomiorun.com\/fr\/#organization","name":"MioMio Run","url":"https:\/\/www.miomiorun.com\/fr\/","logo":{"@type":"ImageObject","inLanguage":"fr-FR","@id":"https:\/\/www.miomiorun.com\/fr\/#\/schema\/logo\/image\/","url":"https:\/\/www.miomiorun.com\/app\/uploads\/2019\/12\/logomio.png","contentUrl":"https:\/\/www.miomiorun.com\/app\/uploads\/2019\/12\/logomio.png","width":115,"height":82,"caption":"MioMio Run"},"image":{"@id":"https:\/\/www.miomiorun.com\/fr\/#\/schema\/logo\/image\/"},"sameAs":["https:\/\/www.facebook.com\/miomiorun\/","https:\/\/www.instagram.com\/miomiorun\/"]}]}},"_links":{"self":[{"href":"https:\/\/www.miomiorun.com\/fr\/wp-json\/wp\/v2\/product\/278054","targetHints":{"allow":["GET"]}}],"collection":[{"href":"https:\/\/www.miomiorun.com\/fr\/wp-json\/wp\/v2\/product"}],"about":[{"href":"https:\/\/www.miomiorun.com\/fr\/wp-json\/wp\/v2\/types\/product"}],"wp:featuredmedia":[{"embeddable":true,"href":"https:\/\/www.miomiorun.com\/fr\/wp-json\/wp\/v2\/media\/232535"}],"wp:attachment":[{"href":"https:\/\/www.miomiorun.com\/fr\/wp-json\/wp\/v2\/media?parent=278054"}],"wp:term":[{"taxonomy":"product_brand","embeddable":true,"href":"https:\/\/www.miomiorun.com\/fr\/wp-json\/wp\/v2\/product_brand?post=278054"},{"taxonomy":"product_cat","embeddable":true,"href":"https:\/\/www.miomiorun.com\/fr\/wp-json\/wp\/v2\/product_cat?post=278054"},{"taxonomy":"product_tag","embeddable":true,"href":"https:\/\/www.miomiorun.com\/fr\/wp-json\/wp\/v2\/product_tag?post=278054"}],"curies":[{"name":"wp","href":"https:\/\/api.w.org\/{rel}","templated":true}]}}